{"id":29586,"date":"2026-03-09T14:02:57","date_gmt":"2026-03-09T14:02:57","guid":{"rendered":"https:\/\/site.utm.ro\/?page_id=29586"},"modified":"2026-03-09T14:03:25","modified_gmt":"2026-03-09T14:03:25","slug":"tutori-si-practica","status":"publish","type":"page","link":"https:\/\/site.utm.ro\/en\/facultatea-de-psihologie\/tutori-si-practica\/","title":{"rendered":"Tutors and practice"},"content":{"rendered":"<div data-elementor-type=\"wp-page\" data-elementor-id=\"29586\" class=\"elementor elementor-29586\" data-elementor-post-type=\"page\">\n\t\t\t\t\t\t<section class=\"elementor-section elementor-top-section elementor-element elementor-element-9cbfce8 elementor-section-full_width elementor-section-height-default elementor-section-height-default\" data-id=\"9cbfce8\" data-element_type=\"section\" data-e-type=\"section\">\n\t\t\t\t\t\t<div class=\"elementor-container elementor-column-gap-default\">\n\t\t\t\t\t<div class=\"elementor-column elementor-col-100 elementor-top-column elementor-element elementor-element-6c276d5\" data-id=\"6c276d5\" data-element_type=\"column\" data-e-type=\"column\">\n\t\t\t<div class=\"elementor-widget-wrap elementor-element-populated\">\n\t\t\t\t\t\t<div class=\"elementor-element elementor-element-ca38a6f elementor--h-position-center elementor--v-position-middle elementor-pagination-position-inside elementor-widget elementor-widget-slides\" data-id=\"ca38a6f\" data-element_type=\"widget\" data-e-type=\"widget\" data-settings=\"{&quot;navigation&quot;:&quot;dots&quot;,&quot;autoplay&quot;:&quot;yes&quot;,&quot;pause_on_hover&quot;:&quot;yes&quot;,&quot;pause_on_interaction&quot;:&quot;yes&quot;,&quot;autoplay_speed&quot;:5000,&quot;infinite&quot;:&quot;yes&quot;,&quot;transition&quot;:&quot;slide&quot;,&quot;transition_speed&quot;:500}\" data-widget_type=\"slides.default\">\n\t\t\t\t<div class=\"elementor-widget-container\">\n\t\t\t\t\t\t\t\t<div class=\"elementor-swiper\">\n\t\t\t\t<div class=\"elementor-slides-wrapper elementor-main-swiper swiper-container\" dir=\"ltr\" data-animation=\"fadeInUp\">\n\t\t\t\t\t<div class=\"swiper-wrapper elementor-slides\">\n\t\t\t\t\t\t\t\t\t\t\t\t<div class=\"elementor-repeater-item-301adab swiper-slide\"><div class=\"swiper-slide-bg\" role=\"img\"><\/div><div class=\"swiper-slide-inner\" ><div class=\"swiper-slide-contents\"><\/div><\/div><\/div><div class=\"elementor-repeater-item-acfa06a swiper-slide\"><div class=\"swiper-slide-bg\" role=\"img\"><\/div><div class=\"swiper-slide-inner\" ><div class=\"swiper-slide-contents\"><\/div><\/div><\/div>\t\t\t\t\t<\/div>\n\t\t\t\t\t\t\t\t\t\t\t\t\t\t\t\t\t\t<div class=\"swiper-pagination\"><\/div>\n\t\t\t\t\t\t\t\t\t\t\t\t\t\t\t\t\t\t\t\t\t<\/div>\n\t\t\t<\/div>\n\t\t\t\t\t\t\t<\/div>\n\t\t\t\t<\/div>\n\t\t\t\t\t<\/div>\n\t\t<\/div>\n\t\t\t\t\t<\/div>\n\t\t<\/section>\n\t\t\t\t<section class=\"elementor-section elementor-top-section elementor-element elementor-element-5ee4744 elementor-section-boxed elementor-section-height-default elementor-section-height-default\" data-id=\"5ee4744\" data-element_type=\"section\" data-e-type=\"section\">\n\t\t\t\t\t\t<div class=\"elementor-container elementor-column-gap-no\">\n\t\t\t\t\t<div class=\"elementor-column elementor-col-50 elementor-top-column elementor-element elementor-element-f8c6a64 animated-fast elementor-invisible\" data-id=\"f8c6a64\" data-element_type=\"column\" data-e-type=\"column\" data-settings=\"{&quot;background_background&quot;:&quot;classic&quot;,&quot;animation&quot;:&quot;fadeIn&quot;,&quot;animation_tablet&quot;:&quot;none&quot;,&quot;animation_mobile&quot;:&quot;none&quot;,&quot;animation_delay&quot;:100}\">\n\t\t\t<div class=\"elementor-widget-wrap elementor-element-populated\">\n\t\t\t\t\t\t<div class=\"elementor-element elementor-element-cec8449 elementor-widget elementor-widget-heading\" data-id=\"cec8449\" data-element_type=\"widget\" data-e-type=\"widget\" data-widget_type=\"heading.default\">\n\t\t\t\t<div class=\"elementor-widget-container\">\n\t\t\t\t\t<h1 class=\"elementor-heading-title elementor-size-default\">Tutors and practice<\/h1>\t\t\t\t<\/div>\n\t\t\t\t<\/div>\n\t\t\t\t\t<\/div>\n\t\t<\/div>\n\t\t\t\t<div class=\"elementor-column elementor-col-50 elementor-top-column elementor-element elementor-element-169ec67 elementor-hidden-desktop elementor-hidden-tablet elementor-hidden-phone\" data-id=\"169ec67\" data-element_type=\"column\" data-e-type=\"column\">\n\t\t\t<div class=\"elementor-widget-wrap\">\n\t\t\t\t\t\t\t<\/div>\n\t\t<\/div>\n\t\t\t\t\t<\/div>\n\t\t<\/section>\n\t\t\t\t<section class=\"elementor-section elementor-top-section elementor-element elementor-element-362219f elementor-section-boxed elementor-section-height-default elementor-section-height-default\" data-id=\"362219f\" data-element_type=\"section\" data-e-type=\"section\">\n\t\t\t\t\t\t<div class=\"elementor-container elementor-column-gap-default\">\n\t\t\t\t\t<div class=\"elementor-column elementor-col-100 elementor-top-column elementor-element elementor-element-a93d174\" data-id=\"a93d174\" data-element_type=\"column\" data-e-type=\"column\">\n\t\t\t<div class=\"elementor-widget-wrap elementor-element-populated\">\n\t\t\t\t\t\t<div class=\"elementor-element elementor-element-23420eb elementor-widget elementor-widget-text-editor\" data-id=\"23420eb\" data-element_type=\"widget\" data-e-type=\"widget\" data-widget_type=\"text-editor.default\">\n\t\t\t\t<div class=\"elementor-widget-container\">\n\t\t\t\t\t\t\t\t\t<p>\u00cen planul de \u00eenv\u0103\u021b\u0103m\u00e2nt al Facult\u0103\u0163ii de Psihologie, sunt prev\u0103zute stagii de practic\u0103 de specialitate de c\u0103tre 60 de ore \u00een fiecare an de studiu.<\/p>\n<p>Pentru stagiile de practic\u0103, Facultatea de Psihologie a \u00eencheiat conven\u0163ii de colaborare, acorduri \u015fi contracte cu unit\u0103\u0163ile baz\u0103 de practic\u0103. \u00cen aceste documente sunt prev\u0103zute disponibilitatea unit\u0103\u0163ilor de practic\u0103 de a primi studen\u0163ii de la specializarea Psihologie pentru a realiza practica, perioada efectu\u0103rii practicii, locul, modalitatea de organizare \u015fi \u00eendrumare precum \u015fi responsabilii din partea Facult\u0103\u0163ii de Psihologie \u015fi din partea unit\u0103\u0163ilor \u2013 baz\u0103 de practic\u0103<\/p>\n<p>\u00cen prezent avem conven\u0163ii de colaborare cu peste 30 de cabinete de psihologie cu dou\u0103 firme: SIEMENS Rom\u00e2nia \u015fi ZARA S.A., cu Spitalul Clinic de Psihiatrie Profesor Doctor Alexandru Obregia.<\/p>\n<p>Evaluarea final\u0103 a activit\u0103\u0163ii desf\u0103\u015furate \u00een cadrul Practicii se face \u00een cadrul unui colocviu, conform planului de \u00eenv\u0103\u0163\u0103m\u00e2nt, lu\u00e2ndu-se \u00een considerare evaluarea f\u0103cut\u0103 de c\u0103tre cadrul didactic coordonator al practicii.<\/p>\n<p>\u00cen anul universitar 2014-2015 Universitatea Titu Maiorescu a derulat trei proiecte POSDRU care au avut ca obiectiv tocmai eficientizarea \u015fi cre\u015fterea calit\u0103\u0163ii stagiilor de practic\u0103 pentru studen\u0163i. Facultatea de Psihologie a fost implicat\u0103 \u00een toate cele trei proiecte POSDRU.<\/p>\n<p>Astfel, \u00een proiectul POSDRU 142075 \u201eConsiliere profesional\u0103 pentru studen\u0163ii psihologi, \u015fanse \u00een plus pentru o carier\u0103 de succes\u201d au fost implica\u0163i 86 de studen\u0163i. Acest proiect s-a derulat \u00een colaborare cu Colegiul Psihologilor din Rom\u00e2nia.<\/p>\n<p>Proiectul POSDRU 136144 \u201ePractic\u0103 de excelen\u0163\u0103 pentru succesul carierei\u201d a implicat un num\u0103r de 71 de studen\u0163i ai Facult\u0103\u0163ii de Psihologie. Acest proiect s-a derulat \u00een colaborare cu firma SIEMENS Rom\u00e2nia.<\/p>\n<p>Proiectul POSDRU 138217 \u201eAcces pe pia\u0163a muncii pentru studen\u0163i \u2013 tranzi\u0163ie la via\u0163a activ\u0103 \u2013 SIMACTIV\u201d a implicat 99 de studen\u0163i din Facultatea de Psihologie. Acest proiect s-a derulat \u00een colaborare cu trei firme din zona Bucure\u015fti \u2013 Ilfov.<\/p>\t\t\t\t\t\t\t\t<\/div>\n\t\t\t\t<\/div>\n\t\t\t\t\t<\/div>\n\t\t<\/div>\n\t\t\t\t\t<\/div>\n\t\t<\/section>\n\t\t\t\t<section class=\"elementor-section elementor-top-section elementor-element elementor-element-0b13f98 elementor-section-boxed elementor-section-height-default elementor-section-height-default\" data-id=\"0b13f98\" data-element_type=\"section\" data-e-type=\"section\">\n\t\t\t\t\t\t<div class=\"elementor-container elementor-column-gap-default\">\n\t\t\t\t\t<div class=\"elementor-column elementor-col-100 elementor-top-column elementor-element elementor-element-215a6bd\" data-id=\"215a6bd\" data-element_type=\"column\" data-e-type=\"column\">\n\t\t\t<div class=\"elementor-widget-wrap elementor-element-populated\">\n\t\t\t\t\t\t<div class=\"elementor-element elementor-element-ad32030 elementor-widget elementor-widget-spacer\" data-id=\"ad32030\" data-element_type=\"widget\" data-e-type=\"widget\" data-widget_type=\"spacer.default\">\n\t\t\t\t<div class=\"elementor-widget-container\">\n\t\t\t\t\t\t\t<div class=\"elementor-spacer\">\n\t\t\t<div class=\"elementor-spacer-inner\"><\/div>\n\t\t<\/div>\n\t\t\t\t\t\t<\/div>\n\t\t\t\t<\/div>\n\t\t\t\t\t<\/div>\n\t\t<\/div>\n\t\t\t\t\t<\/div>\n\t\t<\/section>\n\t\t\t\t<\/div>","protected":false},"excerpt":{"rendered":"<p>Tutori \u0219i practic\u0103 \u00cen planul de \u00eenv\u0103\u021b\u0103m\u00e2nt al Facult\u0103\u0163ii de Psihologie, sunt prev\u0103zute stagii de practic\u0103 de specialitate de c\u0103tre 60 de ore \u00een fiecare an de studiu. Pentru stagiile de practic\u0103, Facultatea de Psihologie a \u00eencheiat conven\u0163ii de colaborare, acorduri \u015fi contracte cu unit\u0103\u0163ile baz\u0103 de practic\u0103. \u00cen aceste documente sunt prev\u0103zute disponibilitatea unit\u0103\u0163ilor&#8230;<\/p>","protected":false},"author":1,"featured_media":0,"parent":24988,"menu_order":0,"comment_status":"closed","ping_status":"closed","template":"","meta":{"footnotes":""},"class_list":["post-29586","page","type-page","status-publish","hentry"],"_links":{"self":[{"href":"https:\/\/site.utm.ro\/en\/wp-json\/wp\/v2\/pages\/29586","targetHints":{"allow":["GET"]}}],"collection":[{"href":"https:\/\/site.utm.ro\/en\/wp-json\/wp\/v2\/pages"}],"about":[{"href":"https:\/\/site.utm.ro\/en\/wp-json\/wp\/v2\/types\/page"}],"author":[{"embeddable":true,"href":"https:\/\/site.utm.ro\/en\/wp-json\/wp\/v2\/users\/1"}],"replies":[{"embeddable":true,"href":"https:\/\/site.utm.ro\/en\/wp-json\/wp\/v2\/comments?post=29586"}],"version-history":[{"count":0,"href":"https:\/\/site.utm.ro\/en\/wp-json\/wp\/v2\/pages\/29586\/revisions"}],"up":[{"embeddable":true,"href":"https:\/\/site.utm.ro\/en\/wp-json\/wp\/v2\/pages\/24988"}],"wp:attachment":[{"href":"https:\/\/site.utm.ro\/en\/wp-json\/wp\/v2\/media?parent=29586"}],"curies":[{"name":"wp","href":"https:\/\/api.w.org\/{rel}","templated":true}]}}