{"id":29519,"date":"2026-03-09T10:20:14","date_gmt":"2026-03-09T10:20:14","guid":{"rendered":"https:\/\/site.utm.ro\/?page_id=29519"},"modified":"2026-03-09T10:21:07","modified_gmt":"2026-03-09T10:21:07","slug":"calendar","status":"publish","type":"page","link":"https:\/\/site.utm.ro\/en\/facultatea-de-psihologie\/calendar\/","title":{"rendered":"Calendar"},"content":{"rendered":"<div data-elementor-type=\"wp-page\" data-elementor-id=\"29519\" class=\"elementor elementor-29519\" data-elementor-post-type=\"page\">\n\t\t\t\t\t\t<section class=\"elementor-section elementor-top-section elementor-element elementor-element-9cbfce8 elementor-section-full_width elementor-section-height-default elementor-section-height-default\" data-id=\"9cbfce8\" data-element_type=\"section\" data-e-type=\"section\">\n\t\t\t\t\t\t<div class=\"elementor-container elementor-column-gap-default\">\n\t\t\t\t\t<div class=\"elementor-column elementor-col-100 elementor-top-column elementor-element elementor-element-6c276d5\" data-id=\"6c276d5\" data-element_type=\"column\" data-e-type=\"column\">\n\t\t\t<div class=\"elementor-widget-wrap elementor-element-populated\">\n\t\t\t\t\t\t<div class=\"elementor-element elementor-element-ca38a6f elementor--h-position-center elementor--v-position-middle elementor-pagination-position-inside elementor-widget elementor-widget-slides\" data-id=\"ca38a6f\" data-element_type=\"widget\" data-e-type=\"widget\" data-settings=\"{&quot;navigation&quot;:&quot;dots&quot;,&quot;autoplay&quot;:&quot;yes&quot;,&quot;pause_on_hover&quot;:&quot;yes&quot;,&quot;pause_on_interaction&quot;:&quot;yes&quot;,&quot;autoplay_speed&quot;:5000,&quot;infinite&quot;:&quot;yes&quot;,&quot;transition&quot;:&quot;slide&quot;,&quot;transition_speed&quot;:500}\" data-widget_type=\"slides.default\">\n\t\t\t\t<div class=\"elementor-widget-container\">\n\t\t\t\t\t\t\t\t<div class=\"elementor-swiper\">\n\t\t\t\t<div class=\"elementor-slides-wrapper elementor-main-swiper swiper-container\" dir=\"ltr\" data-animation=\"fadeInUp\">\n\t\t\t\t\t<div class=\"swiper-wrapper elementor-slides\">\n\t\t\t\t\t\t\t\t\t\t\t\t<div class=\"elementor-repeater-item-301adab swiper-slide\"><div class=\"swiper-slide-bg\" role=\"img\"><\/div><div class=\"swiper-slide-inner\" ><div class=\"swiper-slide-contents\"><\/div><\/div><\/div><div class=\"elementor-repeater-item-acfa06a swiper-slide\"><div class=\"swiper-slide-bg\" role=\"img\"><\/div><div class=\"swiper-slide-inner\" ><div class=\"swiper-slide-contents\"><\/div><\/div><\/div>\t\t\t\t\t<\/div>\n\t\t\t\t\t\t\t\t\t\t\t\t\t\t\t\t\t\t<div class=\"swiper-pagination\"><\/div>\n\t\t\t\t\t\t\t\t\t\t\t\t\t\t\t\t\t\t\t\t\t<\/div>\n\t\t\t<\/div>\n\t\t\t\t\t\t\t<\/div>\n\t\t\t\t<\/div>\n\t\t\t\t\t<\/div>\n\t\t<\/div>\n\t\t\t\t\t<\/div>\n\t\t<\/section>\n\t\t\t\t<section class=\"elementor-section elementor-top-section elementor-element elementor-element-5ee4744 elementor-section-boxed elementor-section-height-default elementor-section-height-default\" data-id=\"5ee4744\" data-element_type=\"section\" data-e-type=\"section\">\n\t\t\t\t\t\t<div class=\"elementor-container elementor-column-gap-no\">\n\t\t\t\t\t<div class=\"elementor-column elementor-col-50 elementor-top-column elementor-element elementor-element-f8c6a64 animated-fast elementor-invisible\" data-id=\"f8c6a64\" data-element_type=\"column\" data-e-type=\"column\" data-settings=\"{&quot;background_background&quot;:&quot;classic&quot;,&quot;animation&quot;:&quot;fadeIn&quot;,&quot;animation_tablet&quot;:&quot;none&quot;,&quot;animation_mobile&quot;:&quot;none&quot;,&quot;animation_delay&quot;:100}\">\n\t\t\t<div class=\"elementor-widget-wrap elementor-element-populated\">\n\t\t\t\t\t\t<div class=\"elementor-element elementor-element-cec8449 elementor-widget elementor-widget-heading\" data-id=\"cec8449\" data-element_type=\"widget\" data-e-type=\"widget\" data-widget_type=\"heading.default\">\n\t\t\t\t<div class=\"elementor-widget-container\">\n\t\t\t\t\t<h1 class=\"elementor-heading-title elementor-size-default\">Calendar<\/h1>\t\t\t\t<\/div>\n\t\t\t\t<\/div>\n\t\t\t\t\t<\/div>\n\t\t<\/div>\n\t\t\t\t<div class=\"elementor-column elementor-col-50 elementor-top-column elementor-element elementor-element-169ec67 elementor-hidden-desktop elementor-hidden-tablet elementor-hidden-phone\" data-id=\"169ec67\" data-element_type=\"column\" data-e-type=\"column\">\n\t\t\t<div class=\"elementor-widget-wrap\">\n\t\t\t\t\t\t\t<\/div>\n\t\t<\/div>\n\t\t\t\t\t<\/div>\n\t\t<\/section>\n\t\t\t\t<section class=\"elementor-section elementor-top-section elementor-element elementor-element-362219f elementor-section-boxed elementor-section-height-default elementor-section-height-default\" data-id=\"362219f\" data-element_type=\"section\" data-e-type=\"section\">\n\t\t\t\t\t\t<div class=\"elementor-container elementor-column-gap-default\">\n\t\t\t\t\t<div class=\"elementor-column elementor-col-100 elementor-top-column elementor-element elementor-element-a93d174\" data-id=\"a93d174\" data-element_type=\"column\" data-e-type=\"column\">\n\t\t\t<div class=\"elementor-widget-wrap elementor-element-populated\">\n\t\t\t\t\t\t<div class=\"elementor-element elementor-element-23420eb elementor-widget elementor-widget-text-editor\" data-id=\"23420eb\" data-element_type=\"widget\" data-e-type=\"widget\" data-widget_type=\"text-editor.default\">\n\t\t\t\t<div class=\"elementor-widget-container\">\n\t\t\t\t\t\t\t\t\t<h2><strong>Calendarul Sesiunii de Admitere Licen\u021b\u0103<\/strong><\/h2>\n<p>\u00a0<\/p>\n<p>Admiterea la programele de studii de licen\u021b\u0103\u00a0<strong>Psihologie IF<\/strong>\u00a0and\u00a0<strong>Psihologie ID<\/strong>\u00a0se organizeaz\u0103 \u00een sesiunea\u00a0<strong>iulie 2026<\/strong>,\u00a0<strong>perioada de \u00eenscriere 01 iulie-15 iulie (ora 12,00) 2026 (inscrierea este online pe site UTM)<\/strong><\/p>\n<ul>\n<li><strong>Data concursului de admitere la programul de studii de licen\u021b\u0103 Psihologie IF: 22 iulie 2026 (admiterea se su\u021bine fizic, la sediul facult\u0103\u021bii)<\/strong><\/li>\n<li><strong>Data concursului de admitere la programul de studii de licen\u021b\u0103 Psihologie ID: 25 iulie 2026 (admiterea se sus\u021bine fizic, la sediul facult\u0103\u021bii)<\/strong><\/li>\n<li>Afi\u0219area rezultatelor provizorii:<\/li>\n<li>La IF: 24 iulie 2026<\/li>\n<li>La ID: 27 iulie 2026<\/li>\n<\/ul>\n<p>\u00a0<\/p>\n<ul>\n<li>Afi\u0219area rezultatelor definitive:<\/li>\n<li>La IF: 28 iulie 2026<\/li>\n<li>La ID: 30 iulie 2026<\/li>\n<\/ul>\n<p>\u00a0<\/p>\n<ul>\n<li>Termenul de confirmare al locului, pentru cei declara\u021bi admi\u0219i, se face prin plata primei rate din taxa de \u0219colarizare p\u00e2n\u0103 \u00een data de 7 august 2026.<\/li>\n<li>Depunerea documentelor \u00een format fizic, pentru cei declara\u021bi admi\u0219i la concursul de admitere IF si ID, care au platit prima rata din taxa de \u0219colarizare p\u00e2n\u0103 \u00een data de 7 august 2026, se face \u00een perioada: 1-15 septembrie 2026 de luni p\u00e2n\u0103 joi, \u00eentre orele 9<sup>00<\/sup>\u00a0\u0219i 12<sup>00<\/sup>, la secretariatul facult\u0103\u021bii din Calea V\u0103c\u0103re\u0219ti 187, Corp V, etajul II, camera V 206, sector 4, Bucure\u0219ti, .<\/li>\n<\/ul>\t\t\t\t\t\t\t\t<\/div>\n\t\t\t\t<\/div>\n\t\t\t\t\t<\/div>\n\t\t<\/div>\n\t\t\t\t\t<\/div>\n\t\t<\/section>\n\t\t\t\t<section class=\"elementor-section elementor-top-section elementor-element elementor-element-0b13f98 elementor-section-boxed elementor-section-height-default elementor-section-height-default\" data-id=\"0b13f98\" data-element_type=\"section\" data-e-type=\"section\">\n\t\t\t\t\t\t<div class=\"elementor-container elementor-column-gap-default\">\n\t\t\t\t\t<div class=\"elementor-column elementor-col-100 elementor-top-column elementor-element elementor-element-215a6bd\" data-id=\"215a6bd\" data-element_type=\"column\" data-e-type=\"column\">\n\t\t\t<div class=\"elementor-widget-wrap elementor-element-populated\">\n\t\t\t\t\t\t<div class=\"elementor-element elementor-element-ad32030 elementor-widget elementor-widget-spacer\" data-id=\"ad32030\" data-element_type=\"widget\" data-e-type=\"widget\" data-widget_type=\"spacer.default\">\n\t\t\t\t<div class=\"elementor-widget-container\">\n\t\t\t\t\t\t\t<div class=\"elementor-spacer\">\n\t\t\t<div class=\"elementor-spacer-inner\"><\/div>\n\t\t<\/div>\n\t\t\t\t\t\t<\/div>\n\t\t\t\t<\/div>\n\t\t\t\t\t<\/div>\n\t\t<\/div>\n\t\t\t\t\t<\/div>\n\t\t<\/section>\n\t\t\t\t<\/div>","protected":false},"excerpt":{"rendered":"<p>Calendar Calendarul Sesiunii de Admitere Licen\u021b\u0103 \u00a0 Admiterea la programele de studii de licen\u021b\u0103\u00a0Psihologie IF\u00a0\u0219i\u00a0Psihologie ID\u00a0se organizeaz\u0103 \u00een sesiunea\u00a0iulie 2026,\u00a0perioada de \u00eenscriere 01 iulie-15 iulie (ora 12,00) 2026 (inscrierea este online pe site UTM) Data concursului de admitere la programul de studii de licen\u021b\u0103 Psihologie IF: 22 iulie 2026 (admiterea se su\u021bine fizic, la sediul&#8230;<\/p>","protected":false},"author":1,"featured_media":0,"parent":24988,"menu_order":0,"comment_status":"closed","ping_status":"closed","template":"","meta":{"footnotes":""},"class_list":["post-29519","page","type-page","status-publish","hentry"],"_links":{"self":[{"href":"https:\/\/site.utm.ro\/en\/wp-json\/wp\/v2\/pages\/29519","targetHints":{"allow":["GET"]}}],"collection":[{"href":"https:\/\/site.utm.ro\/en\/wp-json\/wp\/v2\/pages"}],"about":[{"href":"https:\/\/site.utm.ro\/en\/wp-json\/wp\/v2\/types\/page"}],"author":[{"embeddable":true,"href":"https:\/\/site.utm.ro\/en\/wp-json\/wp\/v2\/users\/1"}],"replies":[{"embeddable":true,"href":"https:\/\/site.utm.ro\/en\/wp-json\/wp\/v2\/comments?post=29519"}],"version-history":[{"count":0,"href":"https:\/\/site.utm.ro\/en\/wp-json\/wp\/v2\/pages\/29519\/revisions"}],"up":[{"embeddable":true,"href":"https:\/\/site.utm.ro\/en\/wp-json\/wp\/v2\/pages\/24988"}],"wp:attachment":[{"href":"https:\/\/site.utm.ro\/en\/wp-json\/wp\/v2\/media?parent=29519"}],"curies":[{"name":"wp","href":"https:\/\/api.w.org\/{rel}","templated":true}]}}