{"id":29511,"date":"2026-03-09T10:14:39","date_gmt":"2026-03-09T10:14:39","guid":{"rendered":"https:\/\/site.utm.ro\/?page_id=29511"},"modified":"2026-03-09T10:24:23","modified_gmt":"2026-03-09T10:24:23","slug":"conditii-admitere","status":"publish","type":"page","link":"https:\/\/site.utm.ro\/en\/facultatea-de-psihologie\/conditii-admitere\/","title":{"rendered":"Admission conditions"},"content":{"rendered":"<div data-elementor-type=\"wp-page\" data-elementor-id=\"29511\" class=\"elementor elementor-29511\" data-elementor-post-type=\"page\">\n\t\t\t\t\t\t<section class=\"elementor-section elementor-top-section elementor-element elementor-element-9cbfce8 elementor-section-full_width elementor-section-height-default elementor-section-height-default\" data-id=\"9cbfce8\" data-element_type=\"section\" data-e-type=\"section\">\n\t\t\t\t\t\t<div class=\"elementor-container elementor-column-gap-default\">\n\t\t\t\t\t<div class=\"elementor-column elementor-col-100 elementor-top-column elementor-element elementor-element-6c276d5\" data-id=\"6c276d5\" data-element_type=\"column\" data-e-type=\"column\">\n\t\t\t<div class=\"elementor-widget-wrap elementor-element-populated\">\n\t\t\t\t\t\t<div class=\"elementor-element elementor-element-ca38a6f elementor--h-position-center elementor--v-position-middle elementor-pagination-position-inside elementor-widget elementor-widget-slides\" data-id=\"ca38a6f\" data-element_type=\"widget\" data-e-type=\"widget\" data-settings=\"{&quot;navigation&quot;:&quot;dots&quot;,&quot;autoplay&quot;:&quot;yes&quot;,&quot;pause_on_hover&quot;:&quot;yes&quot;,&quot;pause_on_interaction&quot;:&quot;yes&quot;,&quot;autoplay_speed&quot;:5000,&quot;infinite&quot;:&quot;yes&quot;,&quot;transition&quot;:&quot;slide&quot;,&quot;transition_speed&quot;:500}\" data-widget_type=\"slides.default\">\n\t\t\t\t<div class=\"elementor-widget-container\">\n\t\t\t\t\t\t\t\t<div class=\"elementor-swiper\">\n\t\t\t\t<div class=\"elementor-slides-wrapper elementor-main-swiper swiper-container\" dir=\"ltr\" data-animation=\"fadeInUp\">\n\t\t\t\t\t<div class=\"swiper-wrapper elementor-slides\">\n\t\t\t\t\t\t\t\t\t\t\t\t<div class=\"elementor-repeater-item-301adab swiper-slide\"><div class=\"swiper-slide-bg\" role=\"img\"><\/div><div class=\"swiper-slide-inner\" ><div class=\"swiper-slide-contents\"><\/div><\/div><\/div><div class=\"elementor-repeater-item-acfa06a swiper-slide\"><div class=\"swiper-slide-bg\" role=\"img\"><\/div><div class=\"swiper-slide-inner\" ><div class=\"swiper-slide-contents\"><\/div><\/div><\/div>\t\t\t\t\t<\/div>\n\t\t\t\t\t\t\t\t\t\t\t\t\t\t\t\t\t\t<div class=\"swiper-pagination\"><\/div>\n\t\t\t\t\t\t\t\t\t\t\t\t\t\t\t\t\t\t\t\t\t<\/div>\n\t\t\t<\/div>\n\t\t\t\t\t\t\t<\/div>\n\t\t\t\t<\/div>\n\t\t\t\t\t<\/div>\n\t\t<\/div>\n\t\t\t\t\t<\/div>\n\t\t<\/section>\n\t\t\t\t<section class=\"elementor-section elementor-top-section elementor-element elementor-element-5ee4744 elementor-section-boxed elementor-section-height-default elementor-section-height-default\" data-id=\"5ee4744\" data-element_type=\"section\" data-e-type=\"section\">\n\t\t\t\t\t\t<div class=\"elementor-container elementor-column-gap-no\">\n\t\t\t\t\t<div class=\"elementor-column elementor-col-50 elementor-top-column elementor-element elementor-element-f8c6a64 animated-fast elementor-invisible\" data-id=\"f8c6a64\" data-element_type=\"column\" data-e-type=\"column\" data-settings=\"{&quot;background_background&quot;:&quot;classic&quot;,&quot;animation&quot;:&quot;fadeIn&quot;,&quot;animation_tablet&quot;:&quot;none&quot;,&quot;animation_mobile&quot;:&quot;none&quot;,&quot;animation_delay&quot;:100}\">\n\t\t\t<div class=\"elementor-widget-wrap elementor-element-populated\">\n\t\t\t\t\t\t<div class=\"elementor-element elementor-element-cec8449 elementor-widget elementor-widget-heading\" data-id=\"cec8449\" data-element_type=\"widget\" data-e-type=\"widget\" data-widget_type=\"heading.default\">\n\t\t\t\t<div class=\"elementor-widget-container\">\n\t\t\t\t\t<h1 class=\"elementor-heading-title elementor-size-default\">Admission conditions<\/h1>\t\t\t\t<\/div>\n\t\t\t\t<\/div>\n\t\t\t\t\t<\/div>\n\t\t<\/div>\n\t\t\t\t<div class=\"elementor-column elementor-col-50 elementor-top-column elementor-element elementor-element-169ec67 elementor-hidden-desktop elementor-hidden-tablet elementor-hidden-phone\" data-id=\"169ec67\" data-element_type=\"column\" data-e-type=\"column\">\n\t\t\t<div class=\"elementor-widget-wrap\">\n\t\t\t\t\t\t\t<\/div>\n\t\t<\/div>\n\t\t\t\t\t<\/div>\n\t\t<\/section>\n\t\t\t\t<section class=\"elementor-section elementor-top-section elementor-element elementor-element-362219f elementor-section-boxed elementor-section-height-default elementor-section-height-default\" data-id=\"362219f\" data-element_type=\"section\" data-e-type=\"section\">\n\t\t\t\t\t\t<div class=\"elementor-container elementor-column-gap-default\">\n\t\t\t\t\t<div class=\"elementor-column elementor-col-100 elementor-top-column elementor-element elementor-element-a93d174\" data-id=\"a93d174\" data-element_type=\"column\" data-e-type=\"column\">\n\t\t\t<div class=\"elementor-widget-wrap elementor-element-populated\">\n\t\t\t\t\t\t<div class=\"elementor-element elementor-element-23420eb elementor-widget elementor-widget-text-editor\" data-id=\"23420eb\" data-element_type=\"widget\" data-e-type=\"widget\" data-widget_type=\"text-editor.default\">\n\t\t\t\t<div class=\"elementor-widget-container\">\n\t\t\t\t\t\t\t\t\t<h3><strong>Calendarul \u0219i Tematica Concursului de Admitere<\/strong><\/h3>\n<h3><strong>la Studiile de Licen\u021b\u0103 (IF* \u0218i ID*)<\/strong><\/h3>\n<h3><strong>pentru Sesiunea Iulie 2026<\/strong><\/h3>\n<h3>&nbsp;<\/h3>\n<p><strong><em>*IF = \u00eenv\u0103\u021b\u0103m\u00e2nt cu frecven\u021b\u0103<\/em><\/strong><\/p>\n<p><strong><em>*ID = \u00eenv\u0103\u021b\u0103m\u00e2nt la distan\u021b\u0103<\/em><\/strong><\/p>\n<p><strong>Candida\u021bii care au promovat examenul de bacalaureat \u00een Rom\u00e2nia, \u00een sesiunea iulie 2026, \u0219i NU pot intra \u00een posesia diplomei\/ adeverin\u021bei de bacalaureat, \u00eencarca \u00een portalul de admitere (\u00een locul diplomei\/ adeverin\u021bei de bacalaureat) un document prin care \u00ee\u0219i exprim\u0103 acordul ca UTM s\u0103 preia datele personale \u0219i rezultatele ob\u021binute la bacalaureat din Sistemul informatic integrat al \u00eenva\u021b\u0103m\u00e2ntului din Rom\u00e2nia (SIIIR).<\/strong><\/p>\n<p><\/p>\n<p><strong>Care este procedura de \u00eenscriere la admitere ?<\/strong><\/p>\n<ul>\n<li><strong>\u00censcrierea la concursul de admitere&nbsp;<\/strong>it is done&nbsp;<strong><u>on-line&nbsp;<\/u><\/strong>\u00een perioada&nbsp;<strong>1 \u2013 15 iulie (ora 12<sup>00<\/sup>) 2026<\/strong>, prin \u00eenc\u0103rcarea documentelor (scanate) de c\u0103tre candida\u021bi pe portalul ADMITERE 2026 al UTM, care poate fi accesat direct din link-ul<a href=\"https:\/\/www.utm.ro\/admitere-facultatea-de-psihologie-2026\/%C2%A0https:\/www.utm.ro\/admitere-2026\/\" target=\"_blank\" rel=\"noopener\"><strong>&nbsp;https:\/\/www.utm.ro\/admitere-2026\/<\/strong><\/a>&nbsp;sau de pe site-ul&nbsp;<strong><a href=\"https:\/\/www.utm.ro\/\" target=\"_blank\" rel=\"noopener\">www.utm.ro<\/a><\/strong>, din meniul ADMITERE 2026, acces\u00e2nd butonul&nbsp;<strong>\u00censcriere on-line<\/strong>. Candida\u021bii \u00ee\u0219i asum\u0103 r\u0103spunderea cu privire la exactitatea, veridicitatea \u0219i corectitudinea datelor, precum \u0219i cu privire la coresponden\u021ba dintre documentele scanate \u0219i cele originale.<\/li>\n<\/ul>\n<p><strong>\u00cen ce perioad\u0103 vei sus\u021bine concursul de admitere?&nbsp;<\/strong><\/p>\n<p><strong>Sus\u021binerea concursului de admitere:<\/strong><\/p>\n<ul>\n<li><strong>Sus\u021binerea concursului de admitere:<\/strong><\/li>\n<li>Pentru forma de \u00eenv\u0103\u021b\u0103m\u00e2nt IF \u2013 22 iulie 2026&nbsp;<strong>(admiterea se sustine fizic, la sediul facultatii)<\/strong><\/li>\n<li>Pentru forma de \u00eenv\u0103\u021b\u0103m\u00e2nt ID \u2013 25 iulie 2026&nbsp;<strong>(admiterea se sustine fizic, la sediul facultatii)<\/strong><\/li>\n<\/ul>\n<p><strong>\u00cen ce const\u0103 concursul de admitere?<\/strong><\/p>\n<ul>\n<li>Pentru programele de studii universitare de licen\u021b\u0103<strong>Psihologie IF<\/strong>&nbsp;and&nbsp;<strong>Psychology<\/strong>&nbsp;<strong>ID<\/strong>&nbsp;disciplina de concurs este&nbsp;<strong>Psychology<\/strong>. Proba de concurs const\u0103 \u00een completarea unui&nbsp;<strong>test-gril\u0103<\/strong>&nbsp;cu&nbsp;<strong>25 de \u00eentreb\u0103ri<\/strong>, cu durata de 45 minute. Fiecare \u00eentrebare are&nbsp;<strong>3 variante de r\u0103spuns<\/strong>, dintre care&nbsp;<strong>un singur r\u0103spuns este corect<\/strong>. Nota ob\u021binut\u0103 la testul-gril\u0103 trebuie s\u0103 fie de minim 5 (cinci).<\/li>\n<\/ul>\n<p>Vezi model test grila&nbsp;<a href=\"\/wp-content\/uploads\/2026\/03\/TEST-GRILA-MODEL.pdf\"><strong>here<\/strong><\/a><\/p>\n<p><strong>&nbsp;<\/strong><\/p><ol>\n<\/ol>\n<p><a href=\"\/wp-content\/uploads\/2026\/03\/METODOLOGIE-ADMITERE-FACULTATE-MASTER-2026-2.pdf\"><strong>Metodologie admitere licen\u021b\u0103 2026<\/strong><\/a><\/p>\t\t\t\t\t\t\t\t<\/div>\n\t\t\t\t<\/div>\n\t\t\t\t\t<\/div>\n\t\t<\/div>\n\t\t\t\t\t<\/div>\n\t\t<\/section>\n\t\t\t\t<section class=\"elementor-section elementor-top-section elementor-element elementor-element-0b13f98 elementor-section-boxed elementor-section-height-default elementor-section-height-default\" data-id=\"0b13f98\" data-element_type=\"section\" data-e-type=\"section\">\n\t\t\t\t\t\t<div class=\"elementor-container elementor-column-gap-default\">\n\t\t\t\t\t<div class=\"elementor-column elementor-col-100 elementor-top-column elementor-element elementor-element-215a6bd\" data-id=\"215a6bd\" data-element_type=\"column\" data-e-type=\"column\">\n\t\t\t<div class=\"elementor-widget-wrap elementor-element-populated\">\n\t\t\t\t\t\t<div class=\"elementor-element elementor-element-ad32030 elementor-widget elementor-widget-spacer\" data-id=\"ad32030\" data-element_type=\"widget\" data-e-type=\"widget\" data-widget_type=\"spacer.default\">\n\t\t\t\t<div class=\"elementor-widget-container\">\n\t\t\t\t\t\t\t<div class=\"elementor-spacer\">\n\t\t\t<div class=\"elementor-spacer-inner\"><\/div>\n\t\t<\/div>\n\t\t\t\t\t\t<\/div>\n\t\t\t\t<\/div>\n\t\t\t\t\t<\/div>\n\t\t<\/div>\n\t\t\t\t\t<\/div>\n\t\t<\/section>\n\t\t\t\t<\/div>","protected":false},"excerpt":{"rendered":"<p>Condi\u021bii admitere Calendarul \u0219i Tematica Concursului de Admitere la Studiile de Licen\u021b\u0103 (IF* \u0218i ID*) pentru Sesiunea Iulie 2026 &nbsp; *IF = \u00eenv\u0103\u021b\u0103m\u00e2nt cu frecven\u021b\u0103 *ID = \u00eenv\u0103\u021b\u0103m\u00e2nt la distan\u021b\u0103 Candida\u021bii care au promovat examenul de bacalaureat \u00een Rom\u00e2nia, \u00een sesiunea iulie 2026, \u0219i NU pot intra \u00een posesia diplomei\/ adeverin\u021bei de bacalaureat, \u00eencarca \u00een&#8230;<\/p>","protected":false},"author":1,"featured_media":0,"parent":24988,"menu_order":0,"comment_status":"closed","ping_status":"closed","template":"","meta":{"footnotes":""},"class_list":["post-29511","page","type-page","status-publish","hentry"],"_links":{"self":[{"href":"https:\/\/site.utm.ro\/en\/wp-json\/wp\/v2\/pages\/29511","targetHints":{"allow":["GET"]}}],"collection":[{"href":"https:\/\/site.utm.ro\/en\/wp-json\/wp\/v2\/pages"}],"about":[{"href":"https:\/\/site.utm.ro\/en\/wp-json\/wp\/v2\/types\/page"}],"author":[{"embeddable":true,"href":"https:\/\/site.utm.ro\/en\/wp-json\/wp\/v2\/users\/1"}],"replies":[{"embeddable":true,"href":"https:\/\/site.utm.ro\/en\/wp-json\/wp\/v2\/comments?post=29511"}],"version-history":[{"count":0,"href":"https:\/\/site.utm.ro\/en\/wp-json\/wp\/v2\/pages\/29511\/revisions"}],"up":[{"embeddable":true,"href":"https:\/\/site.utm.ro\/en\/wp-json\/wp\/v2\/pages\/24988"}],"wp:attachment":[{"href":"https:\/\/site.utm.ro\/en\/wp-json\/wp\/v2\/media?parent=29511"}],"curies":[{"name":"wp","href":"https:\/\/api.w.org\/{rel}","templated":true}]}}