{"id":29443,"date":"2026-03-09T09:17:58","date_gmt":"2026-03-09T09:17:58","guid":{"rendered":"https:\/\/site.utm.ro\/?page_id=29443"},"modified":"2026-03-09T09:20:32","modified_gmt":"2026-03-09T09:20:32","slug":"avizier-master","status":"publish","type":"page","link":"https:\/\/site.utm.ro\/en\/facultatea-de-psihologie\/avizier-master\/","title":{"rendered":"Board Master"},"content":{"rendered":"<div data-elementor-type=\"wp-page\" data-elementor-id=\"29443\" class=\"elementor elementor-29443\" data-elementor-post-type=\"page\">\n\t\t\t\t\t\t<section class=\"elementor-section elementor-top-section elementor-element elementor-element-9cbfce8 elementor-section-full_width elementor-section-height-default elementor-section-height-default\" data-id=\"9cbfce8\" data-element_type=\"section\" data-e-type=\"section\">\n\t\t\t\t\t\t<div class=\"elementor-container elementor-column-gap-default\">\n\t\t\t\t\t<div class=\"elementor-column elementor-col-100 elementor-top-column elementor-element elementor-element-6c276d5\" data-id=\"6c276d5\" data-element_type=\"column\" data-e-type=\"column\">\n\t\t\t<div class=\"elementor-widget-wrap elementor-element-populated\">\n\t\t\t\t\t\t<div class=\"elementor-element elementor-element-ca38a6f elementor--h-position-center elementor--v-position-middle elementor-pagination-position-inside elementor-widget elementor-widget-slides\" data-id=\"ca38a6f\" data-element_type=\"widget\" data-e-type=\"widget\" data-settings=\"{&quot;navigation&quot;:&quot;dots&quot;,&quot;autoplay&quot;:&quot;yes&quot;,&quot;pause_on_hover&quot;:&quot;yes&quot;,&quot;pause_on_interaction&quot;:&quot;yes&quot;,&quot;autoplay_speed&quot;:5000,&quot;infinite&quot;:&quot;yes&quot;,&quot;transition&quot;:&quot;slide&quot;,&quot;transition_speed&quot;:500}\" data-widget_type=\"slides.default\">\n\t\t\t\t<div class=\"elementor-widget-container\">\n\t\t\t\t\t\t\t\t<div class=\"elementor-swiper\">\n\t\t\t\t<div class=\"elementor-slides-wrapper elementor-main-swiper swiper-container\" dir=\"ltr\" data-animation=\"fadeInUp\">\n\t\t\t\t\t<div class=\"swiper-wrapper elementor-slides\">\n\t\t\t\t\t\t\t\t\t\t\t\t<div class=\"elementor-repeater-item-301adab swiper-slide\"><div class=\"swiper-slide-bg\" role=\"img\"><\/div><div class=\"swiper-slide-inner\" ><div class=\"swiper-slide-contents\"><\/div><\/div><\/div><div class=\"elementor-repeater-item-acfa06a swiper-slide\"><div class=\"swiper-slide-bg\" role=\"img\"><\/div><div class=\"swiper-slide-inner\" ><div class=\"swiper-slide-contents\"><\/div><\/div><\/div>\t\t\t\t\t<\/div>\n\t\t\t\t\t\t\t\t\t\t\t\t\t\t\t\t\t\t<div class=\"swiper-pagination\"><\/div>\n\t\t\t\t\t\t\t\t\t\t\t\t\t\t\t\t\t\t\t\t\t<\/div>\n\t\t\t<\/div>\n\t\t\t\t\t\t\t<\/div>\n\t\t\t\t<\/div>\n\t\t\t\t\t<\/div>\n\t\t<\/div>\n\t\t\t\t\t<\/div>\n\t\t<\/section>\n\t\t\t\t<section class=\"elementor-section elementor-top-section elementor-element elementor-element-5ee4744 elementor-section-boxed elementor-section-height-default elementor-section-height-default\" data-id=\"5ee4744\" data-element_type=\"section\" data-e-type=\"section\">\n\t\t\t\t\t\t<div class=\"elementor-container elementor-column-gap-no\">\n\t\t\t\t\t<div class=\"elementor-column elementor-col-50 elementor-top-column elementor-element elementor-element-f8c6a64 animated-fast elementor-invisible\" data-id=\"f8c6a64\" data-element_type=\"column\" data-e-type=\"column\" data-settings=\"{&quot;background_background&quot;:&quot;classic&quot;,&quot;animation&quot;:&quot;fadeIn&quot;,&quot;animation_tablet&quot;:&quot;none&quot;,&quot;animation_mobile&quot;:&quot;none&quot;,&quot;animation_delay&quot;:100}\">\n\t\t\t<div class=\"elementor-widget-wrap elementor-element-populated\">\n\t\t\t\t\t\t<div class=\"elementor-element elementor-element-cec8449 elementor-widget elementor-widget-heading\" data-id=\"cec8449\" data-element_type=\"widget\" data-e-type=\"widget\" data-widget_type=\"heading.default\">\n\t\t\t\t<div class=\"elementor-widget-container\">\n\t\t\t\t\t<h1 class=\"elementor-heading-title elementor-size-default\">Board Master<\/h1>\t\t\t\t<\/div>\n\t\t\t\t<\/div>\n\t\t\t\t\t<\/div>\n\t\t<\/div>\n\t\t\t\t<div class=\"elementor-column elementor-col-50 elementor-top-column elementor-element elementor-element-169ec67 elementor-hidden-desktop elementor-hidden-tablet elementor-hidden-phone\" data-id=\"169ec67\" data-element_type=\"column\" data-e-type=\"column\">\n\t\t\t<div class=\"elementor-widget-wrap\">\n\t\t\t\t\t\t\t<\/div>\n\t\t<\/div>\n\t\t\t\t\t<\/div>\n\t\t<\/section>\n\t\t\t\t<section class=\"elementor-section elementor-top-section elementor-element elementor-element-362219f elementor-section-boxed elementor-section-height-default elementor-section-height-default\" data-id=\"362219f\" data-element_type=\"section\" data-e-type=\"section\">\n\t\t\t\t\t\t<div class=\"elementor-container elementor-column-gap-default\">\n\t\t\t\t\t<div class=\"elementor-column elementor-col-100 elementor-top-column elementor-element elementor-element-a93d174\" data-id=\"a93d174\" data-element_type=\"column\" data-e-type=\"column\">\n\t\t\t<div class=\"elementor-widget-wrap elementor-element-populated\">\n\t\t\t\t\t\t<div class=\"elementor-element elementor-element-23420eb elementor-widget elementor-widget-text-editor\" data-id=\"23420eb\" data-element_type=\"widget\" data-e-type=\"widget\" data-widget_type=\"text-editor.default\">\n\t\t\t\t<div class=\"elementor-widget-container\">\n\t\t\t\t\t\t\t\t\t<h3><strong>SEMESTER II TIMETABLE<br \/>ACADEMIC YEAR 2025-2026<\/strong><\/h3><table width=\"100%\"><tbody><tr><td width=\"604\"><a href=\"\/wp-content\/uploads\/2026\/03\/ORAR-MASTER-PCC_SEM-II_2025-2026.pdf\"><strong>Psihoterapii cognitiv \u2013 comportamentale<\/strong><\/a><\/td><\/tr><tr><td width=\"604\"><a href=\"\/wp-content\/uploads\/2026\/03\/ORAR-MASTER-PS_SEM-II-2025-2026.pdf\"><strong>Psihologia sportului<\/strong><\/a><\/td><\/tr><tr><td width=\"604\"><a href=\"\/wp-content\/uploads\/2026\/03\/ORAR-MASTER-TH_SEM-II_2025-2026.pdf\"><strong>Tehnici de comunicare<\/strong><\/a><\/td><\/tr><tr><td width=\"604\"><a href=\"\/wp-content\/uploads\/2026\/03\/ORAR-MASTER-CLINICA_SEM-II_2025-2026.pdf\"><strong>Psihologie clinic\u0103<\/strong><\/a><\/td><\/tr><tr><td width=\"604\"><a href=\"\/wp-content\/uploads\/2026\/03\/ORAR-MASTER-PSC_SEM-II_2025-2026.pdf\"><strong>Psihologia \u0219colar\u0103 \u0219i consiliere<\/strong><\/a><\/td><\/tr><tr><td width=\"604\"><a href=\"\/wp-content\/uploads\/2026\/03\/ORAR-MASTER-PRU_SEM-II_2025-2026.pdf\"><strong>Psihologia resurselor umane<\/strong><\/a><\/td><\/tr><tr><td width=\"604\"><a href=\"\/wp-content\/uploads\/2026\/03\/ORAR-MASTER-PSIHANALIZA_SEM-II_2025-2026.pdf\"><strong>Psihanaliz\u0103<\/strong><\/a><\/td><\/tr><tr><td width=\"604\"><a href=\"\/wp-content\/uploads\/2026\/03\/ORAR-MASTER-JUDICIARA_SEM-II_2025-2026.pdf\"><strong>Psihologie judiciar\u0103<\/strong><\/a><\/td><\/tr><\/tbody><\/table><p>\u00a0<\/p><p><strong>SEMESTRUL IV<\/strong><\/p><table width=\"100%\"><tbody><tr><td width=\"604\"><a href=\"\/wp-content\/uploads\/2026\/03\/ORAR-MASTER-PCC_SEM-IV_2025-2026.pdf\"><strong>Psihoterapii cognitiv \u2013 comportamentale<\/strong><\/a><\/td><\/tr><tr><td width=\"604\"><a href=\"\/wp-content\/uploads\/2026\/03\/ORAR-MASTER-PS_SEM-IV_2025-2026.pdf\"><strong>Psihologia sportului<\/strong><\/a><\/td><\/tr><tr><td width=\"604\"><a href=\"\/wp-content\/uploads\/2026\/03\/ORAR-MASTER-TH_SEM-IV_2025-2026.pdf\"><strong>Tehnici de comunicare<\/strong><\/a><\/td><\/tr><tr><td width=\"604\"><a href=\"\/wp-content\/uploads\/2026\/03\/ORAR-MASTER-CLINICA_SEM-IV_-2025-2026.pdf\"><strong>Psihologie clinic\u0103<\/strong><\/a><\/td><\/tr><tr><td width=\"604\"><a href=\"\/wp-content\/uploads\/2026\/03\/ORAR-MASTER-PSC_SEM-IV_2025-2026.pdf\"><strong>Psihologia \u0219colar\u0103 \u0219i consiliere<\/strong><\/a><\/td><\/tr><tr><td width=\"604\"><a href=\"\/wp-content\/uploads\/2026\/03\/ORAR-MASTER-PRU_SEM-IV_2025-2026.pdf\"><strong>Psihologia resurselor umane<\/strong><\/a><\/td><\/tr><tr><td width=\"604\"><a href=\"\/wp-content\/uploads\/2026\/03\/ORAR-MASTER-PSIHANALIZA_SEM-IV_2025-2026.pdf\"><strong>Psihanaliz\u0103<\/strong><\/a><\/td><\/tr><tr><td width=\"604\"><a href=\"\/wp-content\/uploads\/2026\/03\/ORAR-MASTER-JUDICIARA_SEM-IV_2025-2026.pdf\"><strong>Psihologie judiciar\u0103<\/strong><\/a><\/td><\/tr><\/tbody><\/table><p>\u00a0<\/p><p>\u00a0<\/p><h3>PROGRAM CONSULTA\u021aII CADRE DIDACTICE<\/h3><p><strong><a href=\"\/wp-content\/uploads\/2026\/03\/Programul-de-consultatii-al-cadrelor-didactice.pdf\">CLICK AICI!<\/a><\/strong><\/p><p>\u00a0<\/p><p>\u00a0<\/p><p>\u00a0<\/p><h3>Tutori programe master Psihologie<\/h3><p><strong><a href=\"\/wp-content\/uploads\/2026\/03\/Tutori-programe-master-Psihologie.pdf\">Click Aici!<\/a><\/strong><\/p><p>\u00a0<\/p><p>\u00a0<\/p><hr \/><h3><strong>INFORMA\u0162II UTILE<br \/><\/strong><\/h3><p>\u00a0<\/p><p><strong>Plata taxelor se poate realiza astfel:<\/strong><\/p><p>1. Prin\u00a0<a href=\"https:\/\/www.utm.ro\/portal-taxe\/\" target=\"_blank\" rel=\"noopener\"><strong><u>portal taxe<\/u><\/strong><\/a><\/p><p>2. Prin\u00a0<strong>POS<\/strong>\u00a0la casieria Universit\u0103\u021bii \u2013 cl\u0103direa Rectorat din Strada D\u00e2mbovnicului, num\u0103rul 22, sector 4, Bucure\u0219ti<br \/><i>Pl\u0103\u021bile realizate prin POS se vor actualiza pe portalul de taxe \u00een urm\u0103toarea zi lucr\u0103toare.<\/i><\/p><p>3. \u00cen\u00a0<strong>numerar<\/strong>\u00a0la casieria Universit\u0103\u021bii \u2013 cl\u0103direa Rectorat din Strada D\u00e2mbovnicului, num\u0103rul 22, sector 4, Bucure\u0219ti<br \/><i>Pl\u0103\u021bile realizate \u00een numerar la casieria Universit\u0103\u021bii se vor actualiza pe portalul de taxe \u00een urm\u0103toarea zi lucr\u0103toare.<\/i><\/p><p>4. \u00cen\u00a0<strong>numerar<\/strong>\u00a0la casieria oric\u0103rei sucursale a B\u0103ncii Transilvania, pe \u00eentreg teritoriul Rom\u00e2niei,\u00a0<strong><a href=\"\/wp-content\/uploads\/2026\/03\/formular-BT.pdf\" target=\"_blank\" rel=\"noopener\">folosind formularul pretip\u0103rit (click aici)\u00a0<\/a><\/strong>\u00a0and\u00a0<a href=\"https:\/\/www.utm.ro\/portal-taxe\/coduri-de-plata\/\" target=\"_blank\" rel=\"noopener\"><strong>codurile de plat\u0103\u00a0(click aici)<\/strong><\/a><br \/><em>Pl\u0103\u021bile realizate \u00een numerar la casieria B\u0103ncii Transilvania se vor actualiza pe portalul de taxe \u00een 2 zile lucr\u0103toare.<\/em><\/p><p><strong>5. Transfer bancar<\/strong>\u00a0pentru taxe care se achit\u0103\u00a0\u00een RON, folosind\u00a0<a href=\"https:\/\/www.utm.ro\/portal-taxe\/coduri-de-plata\/\" target=\"_blank\" rel=\"noopener noreferrer\"><strong>codurile de plata (click aici)<\/strong><\/a>\u00a0\u00a0\u00een conturile:<br aria-hidden=\"true\" \/>a. RO90-BTRL-0430-1202-N018-16XX deschis la Banca Transilvania<br aria-hidden=\"true\" \/>b. RO49-RNCB-0546-0292-2835-0001 deschis la BCR<br aria-hidden=\"true\" \/><em>Pl<\/em><em>\u0103\u021b<\/em><em>ile realizate prin transfer bancar se vor actualiza pe portalul de taxe\u00a0<\/em><em>\u00ee<\/em><em>n 2 zile lucr<\/em><em>\u0103<\/em><em>toare de la data realiz<\/em><em>\u0103<\/em><em>rii transferului bancar.<\/em><\/p><p><strong>6.Transfer bancar\u00a0\u00een EUR<\/strong>,\u00a0doar pentru\u00a0<b>cet<\/b><b>\u0103\u021b<\/b><b>eni ai statelor ter<\/b><b>\u021b<\/b><b>e<\/b>\u00a0care achit\u0103\u00a0taxele\u00a0\u00een EUR, folosind\u00a0<strong><a href=\"https:\/\/www.utm.ro\/portal-taxe\/coduri-de-plata\/\" target=\"_blank\" rel=\"noopener noreferrer\">codurile de plata (click aici)<\/a><\/strong>\u00a0\u00een conturile:<br aria-hidden=\"true\" \/>a. RO65-BTRL-0430-4202-N018-16XX deschis la Banca Transilvania, SWIFT: BTRLRO22<br aria-hidden=\"true\" \/>b. RO03-RNCB-0074-0292-2835-0276 deschis la BCR, SWIFT: RNCB RO BU<br aria-hidden=\"true\" \/><em>Pl\u0103\u021bile realizate prin transfer bancar se vor actualiza pe portalul de taxe\u00a0\u00een 2 zile lucr\u0103toare de la data realiz\u0103rii transferului bancar.<\/em><\/p><p>\u00a0<\/p><p>\u00a0<\/p>\t\t\t\t\t\t\t\t<\/div>\n\t\t\t\t<\/div>\n\t\t\t\t\t<\/div>\n\t\t<\/div>\n\t\t\t\t\t<\/div>\n\t\t<\/section>\n\t\t\t\t<section class=\"elementor-section elementor-top-section elementor-element elementor-element-0b13f98 elementor-section-boxed elementor-section-height-default elementor-section-height-default\" data-id=\"0b13f98\" data-element_type=\"section\" data-e-type=\"section\">\n\t\t\t\t\t\t<div class=\"elementor-container elementor-column-gap-default\">\n\t\t\t\t\t<div class=\"elementor-column elementor-col-100 elementor-top-column elementor-element elementor-element-215a6bd\" data-id=\"215a6bd\" data-element_type=\"column\" data-e-type=\"column\">\n\t\t\t<div class=\"elementor-widget-wrap elementor-element-populated\">\n\t\t\t\t\t\t<div class=\"elementor-element elementor-element-ad32030 elementor-widget elementor-widget-spacer\" data-id=\"ad32030\" data-element_type=\"widget\" data-e-type=\"widget\" data-widget_type=\"spacer.default\">\n\t\t\t\t<div class=\"elementor-widget-container\">\n\t\t\t\t\t\t\t<div class=\"elementor-spacer\">\n\t\t\t<div class=\"elementor-spacer-inner\"><\/div>\n\t\t<\/div>\n\t\t\t\t\t\t<\/div>\n\t\t\t\t<\/div>\n\t\t\t\t\t<\/div>\n\t\t<\/div>\n\t\t\t\t\t<\/div>\n\t\t<\/section>\n\t\t\t\t<\/div>","protected":false},"excerpt":{"rendered":"<p>Avizier Master ORAR SEMESTRUL IIAN UNIVERSITAR 2025-2026 Psihoterapii cognitiv \u2013 comportamentale Psihologia sportului Tehnici de comunicare Psihologie clinic\u0103 Psihologia \u0219colar\u0103 \u0219i consiliere Psihologia resurselor umane Psihanaliz\u0103 Psihologie judiciar\u0103 \u00a0 SEMESTRUL IV Psihoterapii cognitiv \u2013 comportamentale Psihologia sportului Tehnici de comunicare Psihologie clinic\u0103 Psihologia \u0219colar\u0103 \u0219i consiliere Psihologia resurselor umane Psihanaliz\u0103 Psihologie judiciar\u0103 \u00a0 \u00a0 PROGRAM&#8230;<\/p>","protected":false},"author":1,"featured_media":0,"parent":24988,"menu_order":0,"comment_status":"closed","ping_status":"closed","template":"","meta":{"footnotes":""},"class_list":["post-29443","page","type-page","status-publish","hentry"],"_links":{"self":[{"href":"https:\/\/site.utm.ro\/en\/wp-json\/wp\/v2\/pages\/29443","targetHints":{"allow":["GET"]}}],"collection":[{"href":"https:\/\/site.utm.ro\/en\/wp-json\/wp\/v2\/pages"}],"about":[{"href":"https:\/\/site.utm.ro\/en\/wp-json\/wp\/v2\/types\/page"}],"author":[{"embeddable":true,"href":"https:\/\/site.utm.ro\/en\/wp-json\/wp\/v2\/users\/1"}],"replies":[{"embeddable":true,"href":"https:\/\/site.utm.ro\/en\/wp-json\/wp\/v2\/comments?post=29443"}],"version-history":[{"count":0,"href":"https:\/\/site.utm.ro\/en\/wp-json\/wp\/v2\/pages\/29443\/revisions"}],"up":[{"embeddable":true,"href":"https:\/\/site.utm.ro\/en\/wp-json\/wp\/v2\/pages\/24988"}],"wp:attachment":[{"href":"https:\/\/site.utm.ro\/en\/wp-json\/wp\/v2\/media?parent=29443"}],"curies":[{"name":"wp","href":"https:\/\/api.w.org\/{rel}","templated":true}]}}