{"id":29033,"date":"2026-03-04T14:14:21","date_gmt":"2026-03-04T14:14:21","guid":{"rendered":"https:\/\/site.utm.ro\/?page_id=29033"},"modified":"2026-03-04T14:15:45","modified_gmt":"2026-03-04T14:15:45","slug":"intrerupere-rezidentiat","status":"publish","type":"page","link":"https:\/\/site.utm.ro\/en\/rezidentiat\/etape-rezidentiat\/intrerupere-rezidentiat\/","title":{"rendered":"\u00centrerupere reziden\u021biat"},"content":{"rendered":"<div data-elementor-type=\"wp-page\" data-elementor-id=\"29033\" class=\"elementor elementor-29033\" data-elementor-post-type=\"page\">\n\t\t\t\t\t\t<section class=\"elementor-section elementor-top-section elementor-element elementor-element-b37bfb6 elementor-section-height-min-height elementor-section-full_width elementor-section-height-default elementor-section-items-middle\" data-id=\"b37bfb6\" data-element_type=\"section\" data-e-type=\"section\" data-settings=\"{&quot;background_background&quot;:&quot;classic&quot;}\">\n\t\t\t\t\t\t\t<div class=\"elementor-background-overlay\"><\/div>\n\t\t\t\t\t\t\t<div class=\"elementor-container elementor-column-gap-default\">\n\t\t\t\t\t<div class=\"elementor-column elementor-col-100 elementor-top-column elementor-element elementor-element-ff3fcd2\" data-id=\"ff3fcd2\" data-element_type=\"column\" data-e-type=\"column\" data-settings=\"{&quot;background_background&quot;:&quot;classic&quot;}\">\n\t\t\t<div class=\"elementor-widget-wrap\">\n\t\t\t\t\t\t\t<\/div>\n\t\t<\/div>\n\t\t\t\t\t<\/div>\n\t\t<\/section>\n\t\t\t\t<section class=\"elementor-section elementor-top-section elementor-element elementor-element-e644bcc elementor-section-boxed elementor-section-height-default elementor-section-height-default\" data-id=\"e644bcc\" data-element_type=\"section\" data-e-type=\"section\">\n\t\t\t\t\t\t<div class=\"elementor-container elementor-column-gap-no\">\n\t\t\t\t\t<div class=\"elementor-column elementor-col-50 elementor-top-column elementor-element elementor-element-364b315 animated-fast elementor-invisible\" data-id=\"364b315\" data-element_type=\"column\" data-e-type=\"column\" data-settings=\"{&quot;background_background&quot;:&quot;classic&quot;,&quot;animation&quot;:&quot;fadeIn&quot;,&quot;animation_tablet&quot;:&quot;none&quot;,&quot;animation_mobile&quot;:&quot;none&quot;,&quot;animation_delay&quot;:100}\">\n\t\t\t<div class=\"elementor-widget-wrap elementor-element-populated\">\n\t\t\t\t\t\t<div class=\"elementor-element elementor-element-6ae1957 elementor-widget elementor-widget-heading\" data-id=\"6ae1957\" data-element_type=\"widget\" data-e-type=\"widget\" data-widget_type=\"heading.default\">\n\t\t\t\t<div class=\"elementor-widget-container\">\n\t\t\t\t\t<h1 class=\"elementor-heading-title elementor-size-default\">Residency stages<\/h1>\t\t\t\t<\/div>\n\t\t\t\t<\/div>\n\t\t\t\t\t<\/div>\n\t\t<\/div>\n\t\t\t\t<div class=\"elementor-column elementor-col-50 elementor-top-column elementor-element elementor-element-e8319ff elementor-hidden-desktop elementor-hidden-tablet elementor-hidden-phone\" data-id=\"e8319ff\" data-element_type=\"column\" data-e-type=\"column\">\n\t\t\t<div class=\"elementor-widget-wrap\">\n\t\t\t\t\t\t\t<\/div>\n\t\t<\/div>\n\t\t\t\t\t<\/div>\n\t\t<\/section>\n\t\t\t\t<section class=\"elementor-section elementor-top-section elementor-element elementor-element-2111918 elementor-section-boxed elementor-section-height-default elementor-section-height-default\" data-id=\"2111918\" data-element_type=\"section\" data-e-type=\"section\">\n\t\t\t\t\t\t<div class=\"elementor-container elementor-column-gap-default\">\n\t\t\t\t\t<div class=\"elementor-column elementor-col-100 elementor-top-column elementor-element elementor-element-943ac48\" data-id=\"943ac48\" data-element_type=\"column\" data-e-type=\"column\" data-settings=\"{&quot;background_background&quot;:&quot;classic&quot;}\">\n\t\t\t<div class=\"elementor-widget-wrap elementor-element-populated\">\n\t\t\t\t\t\t<div class=\"elementor-element elementor-element-4932e17  custom-inpage-menu elementor-nav-menu__align-start elementor-nav-menu--dropdown-none vamtam-has-mobile-disable-scroll elementor-widget elementor-widget-nav-menu\" data-id=\"4932e17\" data-element_type=\"widget\" data-e-type=\"widget\" data-settings=\"{&quot;layout&quot;:&quot;horizontal&quot;,&quot;submenu_icon&quot;:{&quot;value&quot;:&quot;&lt;i class=\\&quot;fas fa-caret-down\\&quot; aria-hidden=\\&quot;true\\&quot;&gt;&lt;\\\/i&gt;&quot;,&quot;library&quot;:&quot;fa-solid&quot;},&quot;toggle_icon_active&quot;:{&quot;value&quot;:&quot;&quot;,&quot;library&quot;:&quot;&quot;}}\" data-widget_type=\"nav-menu.default\">\n\t\t\t\t<div class=\"elementor-widget-container\">\n\t\t\t\t\t\t\t\t<nav aria-label=\"Menu\" class=\"elementor-nav-menu--main elementor-nav-menu__container elementor-nav-menu--layout-horizontal e--pointer-underline e--animation-fade\">\n\t\t\t\t<ul id=\"menu-1-4932e17\" class=\"elementor-nav-menu\"><li class=\"menu-item menu-item-type-post_type menu-item-object-page menu-item-29013\"><a href=\"https:\/\/site.utm.ro\/en\/rezidentiat\/etape-rezidentiat\/\" class=\"elementor-item\">About<\/a><\/li>\n<li class=\"menu-item menu-item-type-post_type menu-item-object-page menu-item-29020\"><a href=\"https:\/\/site.utm.ro\/en\/rezidentiat\/etape-rezidentiat\/detasare\/\" class=\"elementor-item\">Deta\u0219are<\/a><\/li>\n<li class=\"menu-item menu-item-type-post_type menu-item-object-page menu-item-29036\"><a href=\"https:\/\/site.utm.ro\/en\/rezidentiat\/etape-rezidentiat\/transfer\/\" class=\"elementor-item\">Transfer<\/a><\/li>\n<li class=\"menu-item menu-item-type-post_type menu-item-object-page menu-item-29046\"><a href=\"https:\/\/site.utm.ro\/en\/rezidentiat\/etape-rezidentiat\/a-doua-specialitate-cu-taxe\/\" class=\"elementor-item\">A doua specialitate cu taxe<\/a><\/li>\n<li class=\"menu-item menu-item-type-post_type menu-item-object-page menu-item-29058\"><a href=\"https:\/\/site.utm.ro\/en\/rezidentiat\/etape-rezidentiat\/rotatii-de-stagiu\/\" class=\"elementor-item\">Rota\u021bii de stagiu<\/a><\/li>\n<li class=\"menu-item menu-item-type-post_type menu-item-object-page menu-item-29074\"><a href=\"https:\/\/site.utm.ro\/en\/rezidentiat\/etape-rezidentiat\/echivalari-stagii-din-strainatate\/\" class=\"elementor-item\">Echival\u0103ri stagii din str\u0103in\u0103tate<\/a><\/li>\n<li class=\"menu-item menu-item-type-post_type menu-item-object-page menu-item-29076\"><a href=\"https:\/\/site.utm.ro\/en\/rezidentiat\/etape-rezidentiat\/schimbare-specialitate\/\" class=\"elementor-item\">Schimbare specialitate<\/a><\/li>\n<li class=\"menu-item menu-item-type-post_type menu-item-object-page menu-item-29082\"><a href=\"https:\/\/site.utm.ro\/en\/rezidentiat\/etape-rezidentiat\/intrerupere-rezidentiat\/\" class=\"elementor-item\">\u00centrerupere reziden\u021biat<\/a><\/li>\n<li class=\"menu-item menu-item-type-post_type menu-item-object-page menu-item-29089\"><a href=\"https:\/\/site.utm.ro\/en\/rezidentiat\/etape-rezidentiat\/prelungire-rezidentiat\/\" class=\"elementor-item\">Prelungire reziden\u021biat<\/a><\/li>\n<\/ul>\t\t\t<\/nav>\n\t\t\t\t\t\t<nav class=\"elementor-nav-menu--dropdown elementor-nav-menu__container\" aria-hidden=\"true\">\n\t\t\t\t<ul id=\"menu-2-4932e17\" class=\"elementor-nav-menu\"><li class=\"menu-item menu-item-type-post_type menu-item-object-page menu-item-29013\"><a href=\"https:\/\/site.utm.ro\/en\/rezidentiat\/etape-rezidentiat\/\" class=\"elementor-item\" tabindex=\"-1\">About<\/a><\/li>\n<li class=\"menu-item menu-item-type-post_type menu-item-object-page menu-item-29020\"><a href=\"https:\/\/site.utm.ro\/en\/rezidentiat\/etape-rezidentiat\/detasare\/\" class=\"elementor-item\" tabindex=\"-1\">Deta\u0219are<\/a><\/li>\n<li class=\"menu-item menu-item-type-post_type menu-item-object-page menu-item-29036\"><a href=\"https:\/\/site.utm.ro\/en\/rezidentiat\/etape-rezidentiat\/transfer\/\" class=\"elementor-item\" tabindex=\"-1\">Transfer<\/a><\/li>\n<li class=\"menu-item menu-item-type-post_type menu-item-object-page menu-item-29046\"><a href=\"https:\/\/site.utm.ro\/en\/rezidentiat\/etape-rezidentiat\/a-doua-specialitate-cu-taxe\/\" class=\"elementor-item\" tabindex=\"-1\">A doua specialitate cu taxe<\/a><\/li>\n<li class=\"menu-item menu-item-type-post_type menu-item-object-page menu-item-29058\"><a href=\"https:\/\/site.utm.ro\/en\/rezidentiat\/etape-rezidentiat\/rotatii-de-stagiu\/\" class=\"elementor-item\" tabindex=\"-1\">Rota\u021bii de stagiu<\/a><\/li>\n<li class=\"menu-item menu-item-type-post_type menu-item-object-page menu-item-29074\"><a href=\"https:\/\/site.utm.ro\/en\/rezidentiat\/etape-rezidentiat\/echivalari-stagii-din-strainatate\/\" class=\"elementor-item\" tabindex=\"-1\">Echival\u0103ri stagii din str\u0103in\u0103tate<\/a><\/li>\n<li class=\"menu-item menu-item-type-post_type menu-item-object-page menu-item-29076\"><a href=\"https:\/\/site.utm.ro\/en\/rezidentiat\/etape-rezidentiat\/schimbare-specialitate\/\" class=\"elementor-item\" tabindex=\"-1\">Schimbare specialitate<\/a><\/li>\n<li class=\"menu-item menu-item-type-post_type menu-item-object-page menu-item-29082\"><a href=\"https:\/\/site.utm.ro\/en\/rezidentiat\/etape-rezidentiat\/intrerupere-rezidentiat\/\" class=\"elementor-item\" tabindex=\"-1\">\u00centrerupere reziden\u021biat<\/a><\/li>\n<li class=\"menu-item menu-item-type-post_type menu-item-object-page menu-item-29089\"><a href=\"https:\/\/site.utm.ro\/en\/rezidentiat\/etape-rezidentiat\/prelungire-rezidentiat\/\" class=\"elementor-item\" tabindex=\"-1\">Prelungire reziden\u021biat<\/a><\/li>\n<\/ul>\t\t\t<\/nav>\n\t\t\t\t\t\t<\/div>\n\t\t\t\t<\/div>\n\t\t\t\t\t<\/div>\n\t\t<\/div>\n\t\t\t\t\t<\/div>\n\t\t<\/section>\n\t\t\t\t<section class=\"elementor-section elementor-top-section elementor-element elementor-element-27b04bf elementor-section-boxed elementor-section-height-default elementor-section-height-default\" data-id=\"27b04bf\" data-element_type=\"section\" data-e-type=\"section\">\n\t\t\t\t\t\t<div class=\"elementor-container elementor-column-gap-default\">\n\t\t\t\t\t<div class=\"elementor-column elementor-col-100 elementor-top-column elementor-element elementor-element-78487f9\" data-id=\"78487f9\" data-element_type=\"column\" data-e-type=\"column\">\n\t\t\t<div class=\"elementor-widget-wrap elementor-element-populated\">\n\t\t\t\t\t\t<div class=\"elementor-element elementor-element-841880c elementor-widget elementor-widget-text-editor\" data-id=\"841880c\" data-element_type=\"widget\" data-e-type=\"widget\" data-widget_type=\"text-editor.default\">\n\t\t\t\t<div class=\"elementor-widget-container\">\n\t\t\t\t\t\t\t\t\t<p>Reziden\u021biatul poate fi \u00eentrerupt din urm\u0103toarele motive:<\/p>\n<ul>\n<li>Participarea la formele de preg\u0103tire \u00een specialitate<\/li>\n<li>\u00censo\u021birea so\u021bului\/so\u021biei \u00een misiune oficial\u0103 sau la studii \u00een str\u0103in\u0103tate<\/li>\n<li>Concediu medical<\/li>\n<li>Concediu de maternitate<\/li>\n<li>Concediu pentru cre\u0219terea copilului<\/li>\n<li>Alte situa\u021bii \u00een care este suspendat raportul de munc\u0103, prev\u0103zute \u00een acte normative \u00een vigoare<\/li>\n<\/ul>\n<p>\u00cen vederea efectu\u0103rii unei forme de preg\u0103tire, reziden\u021bii vor depune la Departamentul Reziden\u021biat, cu minimum 5 zile \u00eenainte de data solicitat\u0103 pentru \u00eentreruperea reziden\u021biatului, o cerere avizat\u0103 de coordonatorul de specialitate, \u00eenso\u021bit\u0103 de dovada (tradus\u0103 \u0219i in limba rom\u00e2n\u0103 \u2013 daca este vorba de un stagiu efectuat \u00een str\u0103in\u0103tate) c\u0103 au fost accepta\u021bi la stagiul respectiv, cu precizarea perioadei de preg\u0103tire si acordul spitalului pl\u0103titor \u0219i copie act identitate\/copie prima pagin\u0103 carnet rezident<\/p>\n<p>\u00centreruperea nu poate fi mai mare de un an, cu posibilitate de prelungire, pe baza unei noi solicit\u0103ri.<\/p>\n<p>Secretariatul va trimite cererea \u00eenso\u021bit\u0103 de documentele necesare la Ministerul S\u0103n\u0103t\u0103\u021bii \u00een termen de maximum 5 zile lucr\u0103toare de la data denerii cererii, \u00een vederea emiterii aprob\u0103rii pentru \u00eentreruperea preg\u0103tirii.<\/p>\n<p>\u00centreruperile de reziden\u021biat, cu excep\u021bia stagiilor de preg\u0103tire efectuate \u00een str\u0103in\u0103tate \u0219i recunoscute, duc la prelungirea reziden\u021biatului cu perioada respectiv\u0103.<\/p>\n<p>Pentru ob\u021binerea aprob\u0103rii prelungirii reziden\u021biatului ave\u021bi obliga\u021bia de a trimite, \u00eenainte cu o lun\u0103 de reluarea preg\u0103tirii \u00een reziden\u0163iat, la Ministerului S\u0103n\u0103t\u0103\u0163ii \u2013\u00a0Direc\u021bia de politici de Resurse Umane \u00een S\u0103n\u0103tate\u00a0\u2013\u00a0 str. Cristian Popi\u0219teanu, nr. 1-3, sector 1, Bucure\u0219ti,\u00a0 urmatoarele documente:<\/p>\n<ul>\n<li><strong><a href=\"http:\/\/www.dspcluj.ro\/HTML\/medici_rezidenti\/intreruperi\/MODEL%20CERERE.doc\" target=\"_blank\" rel=\"noopener\">cerere<\/a><\/strong><\/li>\n<\/ul>\n<ul>\n<li>Avizul coordonatorului de rezidentiat<\/li>\n<li>Copie concediu medical<\/li>\n<\/ul>\n<ul>\n<li>Copia certificatului de na\u015ftere al copilului<\/li>\n<\/ul>\n<ul>\n<li>Copie document schimbare de nume (daca este cazul)<\/li>\n<\/ul>\n<ul>\n<li>Adeverin\u0163\u0103 de la unitatea de \u00eencadrare care s\u0103 cuprind\u0103 perioada concediului\u00a0 medical, pre\/postnatal, respectiv perioada concediului de cre\u015ftere \u015fi \u00eengrijire copil \u00een v\u00e2rsta de pana la 2 ani.<\/li>\n<\/ul>\n<p>&nbsp;<\/p>\n<p><a href=\"\/wp-content\/uploads\/2026\/03\/Intrerupere-Rezidentiat-2.docx\"><strong>Cerere \u00eentrerupere reziden\u021biat\u00a0<\/strong><\/a><\/p>\n<p>&nbsp;<\/p>\t\t\t\t\t\t\t\t<\/div>\n\t\t\t\t<\/div>\n\t\t\t\t\t<\/div>\n\t\t<\/div>\n\t\t\t\t\t<\/div>\n\t\t<\/section>\n\t\t\t\t<section class=\"elementor-section elementor-top-section elementor-element elementor-element-fd895b7 elementor-section-boxed elementor-section-height-default elementor-section-height-default\" data-id=\"fd895b7\" data-element_type=\"section\" data-e-type=\"section\">\n\t\t\t\t\t\t<div class=\"elementor-container elementor-column-gap-default\">\n\t\t\t\t\t<div class=\"elementor-column elementor-col-100 elementor-top-column elementor-element elementor-element-05b3fa5\" data-id=\"05b3fa5\" data-element_type=\"column\" data-e-type=\"column\">\n\t\t\t<div class=\"elementor-widget-wrap elementor-element-populated\">\n\t\t\t\t\t\t<div class=\"elementor-element elementor-element-d854764 elementor-widget elementor-widget-spacer\" data-id=\"d854764\" data-element_type=\"widget\" data-e-type=\"widget\" data-widget_type=\"spacer.default\">\n\t\t\t\t<div class=\"elementor-widget-container\">\n\t\t\t\t\t\t\t<div class=\"elementor-spacer\">\n\t\t\t<div class=\"elementor-spacer-inner\"><\/div>\n\t\t<\/div>\n\t\t\t\t\t\t<\/div>\n\t\t\t\t<\/div>\n\t\t\t\t\t<\/div>\n\t\t<\/div>\n\t\t\t\t\t<\/div>\n\t\t<\/section>\n\t\t\t\t<\/div>","protected":false},"excerpt":{"rendered":"<p>Etape reziden\u021biat Reziden\u021biatul poate fi \u00eentrerupt din urm\u0103toarele motive: Participarea la formele de preg\u0103tire \u00een specialitate \u00censo\u021birea so\u021bului\/so\u021biei \u00een misiune oficial\u0103 sau la studii \u00een str\u0103in\u0103tate Concediu medical Concediu de maternitate Concediu pentru cre\u0219terea copilului Alte situa\u021bii \u00een care este suspendat raportul de munc\u0103, prev\u0103zute \u00een acte normative \u00een vigoare \u00cen vederea efectu\u0103rii unei forme&#8230;<\/p>","protected":false},"author":1,"featured_media":0,"parent":29011,"menu_order":0,"comment_status":"closed","ping_status":"closed","template":"","meta":{"footnotes":""},"class_list":["post-29033","page","type-page","status-publish","hentry"],"_links":{"self":[{"href":"https:\/\/site.utm.ro\/en\/wp-json\/wp\/v2\/pages\/29033","targetHints":{"allow":["GET"]}}],"collection":[{"href":"https:\/\/site.utm.ro\/en\/wp-json\/wp\/v2\/pages"}],"about":[{"href":"https:\/\/site.utm.ro\/en\/wp-json\/wp\/v2\/types\/page"}],"author":[{"embeddable":true,"href":"https:\/\/site.utm.ro\/en\/wp-json\/wp\/v2\/users\/1"}],"replies":[{"embeddable":true,"href":"https:\/\/site.utm.ro\/en\/wp-json\/wp\/v2\/comments?post=29033"}],"version-history":[{"count":0,"href":"https:\/\/site.utm.ro\/en\/wp-json\/wp\/v2\/pages\/29033\/revisions"}],"up":[{"embeddable":true,"href":"https:\/\/site.utm.ro\/en\/wp-json\/wp\/v2\/pages\/29011"}],"wp:attachment":[{"href":"https:\/\/site.utm.ro\/en\/wp-json\/wp\/v2\/media?parent=29033"}],"curies":[{"name":"wp","href":"https:\/\/api.w.org\/{rel}","templated":true}]}}