{"id":29032,"date":"2026-03-04T14:12:27","date_gmt":"2026-03-04T14:12:27","guid":{"rendered":"https:\/\/site.utm.ro\/?page_id=29032"},"modified":"2026-03-04T14:13:47","modified_gmt":"2026-03-04T14:13:47","slug":"schimbare-specialitate","status":"publish","type":"page","link":"https:\/\/site.utm.ro\/en\/rezidentiat\/etape-rezidentiat\/schimbare-specialitate\/","title":{"rendered":"Schimbare specialitate"},"content":{"rendered":"<div data-elementor-type=\"wp-page\" data-elementor-id=\"29032\" class=\"elementor elementor-29032\" data-elementor-post-type=\"page\">\n\t\t\t\t\t\t<section class=\"elementor-section elementor-top-section elementor-element elementor-element-b37bfb6 elementor-section-height-min-height elementor-section-full_width elementor-section-height-default elementor-section-items-middle\" data-id=\"b37bfb6\" data-element_type=\"section\" data-e-type=\"section\" data-settings=\"{&quot;background_background&quot;:&quot;classic&quot;}\">\n\t\t\t\t\t\t\t<div class=\"elementor-background-overlay\"><\/div>\n\t\t\t\t\t\t\t<div class=\"elementor-container elementor-column-gap-default\">\n\t\t\t\t\t<div class=\"elementor-column elementor-col-100 elementor-top-column elementor-element elementor-element-ff3fcd2\" data-id=\"ff3fcd2\" data-element_type=\"column\" data-e-type=\"column\" data-settings=\"{&quot;background_background&quot;:&quot;classic&quot;}\">\n\t\t\t<div class=\"elementor-widget-wrap\">\n\t\t\t\t\t\t\t<\/div>\n\t\t<\/div>\n\t\t\t\t\t<\/div>\n\t\t<\/section>\n\t\t\t\t<section class=\"elementor-section elementor-top-section elementor-element elementor-element-e644bcc elementor-section-boxed elementor-section-height-default elementor-section-height-default\" data-id=\"e644bcc\" data-element_type=\"section\" data-e-type=\"section\">\n\t\t\t\t\t\t<div class=\"elementor-container elementor-column-gap-no\">\n\t\t\t\t\t<div class=\"elementor-column elementor-col-50 elementor-top-column elementor-element elementor-element-364b315 animated-fast elementor-invisible\" data-id=\"364b315\" data-element_type=\"column\" data-e-type=\"column\" data-settings=\"{&quot;background_background&quot;:&quot;classic&quot;,&quot;animation&quot;:&quot;fadeIn&quot;,&quot;animation_tablet&quot;:&quot;none&quot;,&quot;animation_mobile&quot;:&quot;none&quot;,&quot;animation_delay&quot;:100}\">\n\t\t\t<div class=\"elementor-widget-wrap elementor-element-populated\">\n\t\t\t\t\t\t<div class=\"elementor-element elementor-element-6ae1957 elementor-widget elementor-widget-heading\" data-id=\"6ae1957\" data-element_type=\"widget\" data-e-type=\"widget\" data-widget_type=\"heading.default\">\n\t\t\t\t<div class=\"elementor-widget-container\">\n\t\t\t\t\t<h1 class=\"elementor-heading-title elementor-size-default\">Residency stages<\/h1>\t\t\t\t<\/div>\n\t\t\t\t<\/div>\n\t\t\t\t\t<\/div>\n\t\t<\/div>\n\t\t\t\t<div class=\"elementor-column elementor-col-50 elementor-top-column elementor-element elementor-element-e8319ff elementor-hidden-desktop elementor-hidden-tablet elementor-hidden-phone\" data-id=\"e8319ff\" data-element_type=\"column\" data-e-type=\"column\">\n\t\t\t<div class=\"elementor-widget-wrap\">\n\t\t\t\t\t\t\t<\/div>\n\t\t<\/div>\n\t\t\t\t\t<\/div>\n\t\t<\/section>\n\t\t\t\t<section class=\"elementor-section elementor-top-section elementor-element elementor-element-2111918 elementor-section-boxed elementor-section-height-default elementor-section-height-default\" data-id=\"2111918\" data-element_type=\"section\" data-e-type=\"section\">\n\t\t\t\t\t\t<div class=\"elementor-container elementor-column-gap-default\">\n\t\t\t\t\t<div class=\"elementor-column elementor-col-100 elementor-top-column elementor-element elementor-element-943ac48\" data-id=\"943ac48\" data-element_type=\"column\" data-e-type=\"column\" data-settings=\"{&quot;background_background&quot;:&quot;classic&quot;}\">\n\t\t\t<div class=\"elementor-widget-wrap elementor-element-populated\">\n\t\t\t\t\t\t<div class=\"elementor-element elementor-element-4932e17  custom-inpage-menu elementor-nav-menu__align-start elementor-nav-menu--dropdown-none vamtam-has-mobile-disable-scroll elementor-widget elementor-widget-nav-menu\" data-id=\"4932e17\" data-element_type=\"widget\" data-e-type=\"widget\" data-settings=\"{&quot;layout&quot;:&quot;horizontal&quot;,&quot;submenu_icon&quot;:{&quot;value&quot;:&quot;&lt;i class=\\&quot;fas fa-caret-down\\&quot; aria-hidden=\\&quot;true\\&quot;&gt;&lt;\\\/i&gt;&quot;,&quot;library&quot;:&quot;fa-solid&quot;},&quot;toggle_icon_active&quot;:{&quot;value&quot;:&quot;&quot;,&quot;library&quot;:&quot;&quot;}}\" data-widget_type=\"nav-menu.default\">\n\t\t\t\t<div class=\"elementor-widget-container\">\n\t\t\t\t\t\t\t\t<nav aria-label=\"Menu\" class=\"elementor-nav-menu--main elementor-nav-menu__container elementor-nav-menu--layout-horizontal e--pointer-underline e--animation-fade\">\n\t\t\t\t<ul id=\"menu-1-4932e17\" class=\"elementor-nav-menu\"><li class=\"menu-item menu-item-type-post_type menu-item-object-page menu-item-29013\"><a href=\"https:\/\/site.utm.ro\/en\/rezidentiat\/etape-rezidentiat\/\" class=\"elementor-item\">About<\/a><\/li>\n<li class=\"menu-item menu-item-type-post_type menu-item-object-page menu-item-29020\"><a href=\"https:\/\/site.utm.ro\/en\/rezidentiat\/etape-rezidentiat\/detasare\/\" class=\"elementor-item\">Deta\u0219are<\/a><\/li>\n<li class=\"menu-item menu-item-type-post_type menu-item-object-page menu-item-29036\"><a href=\"https:\/\/site.utm.ro\/en\/rezidentiat\/etape-rezidentiat\/transfer\/\" class=\"elementor-item\">Transfer<\/a><\/li>\n<li class=\"menu-item menu-item-type-post_type menu-item-object-page menu-item-29046\"><a href=\"https:\/\/site.utm.ro\/en\/rezidentiat\/etape-rezidentiat\/a-doua-specialitate-cu-taxe\/\" class=\"elementor-item\">A doua specialitate cu taxe<\/a><\/li>\n<li class=\"menu-item menu-item-type-post_type menu-item-object-page menu-item-29058\"><a href=\"https:\/\/site.utm.ro\/en\/rezidentiat\/etape-rezidentiat\/rotatii-de-stagiu\/\" class=\"elementor-item\">Rota\u021bii de stagiu<\/a><\/li>\n<li class=\"menu-item menu-item-type-post_type menu-item-object-page menu-item-29074\"><a href=\"https:\/\/site.utm.ro\/en\/rezidentiat\/etape-rezidentiat\/echivalari-stagii-din-strainatate\/\" class=\"elementor-item\">Echival\u0103ri stagii din str\u0103in\u0103tate<\/a><\/li>\n<li class=\"menu-item menu-item-type-post_type menu-item-object-page menu-item-29076\"><a href=\"https:\/\/site.utm.ro\/en\/rezidentiat\/etape-rezidentiat\/schimbare-specialitate\/\" class=\"elementor-item\">Schimbare specialitate<\/a><\/li>\n<li class=\"menu-item menu-item-type-post_type menu-item-object-page menu-item-29082\"><a href=\"https:\/\/site.utm.ro\/en\/rezidentiat\/etape-rezidentiat\/intrerupere-rezidentiat\/\" class=\"elementor-item\">\u00centrerupere reziden\u021biat<\/a><\/li>\n<li class=\"menu-item menu-item-type-post_type menu-item-object-page menu-item-29089\"><a href=\"https:\/\/site.utm.ro\/en\/rezidentiat\/etape-rezidentiat\/prelungire-rezidentiat\/\" class=\"elementor-item\">Prelungire reziden\u021biat<\/a><\/li>\n<\/ul>\t\t\t<\/nav>\n\t\t\t\t\t\t<nav class=\"elementor-nav-menu--dropdown elementor-nav-menu__container\" aria-hidden=\"true\">\n\t\t\t\t<ul id=\"menu-2-4932e17\" class=\"elementor-nav-menu\"><li class=\"menu-item menu-item-type-post_type menu-item-object-page menu-item-29013\"><a href=\"https:\/\/site.utm.ro\/en\/rezidentiat\/etape-rezidentiat\/\" class=\"elementor-item\" tabindex=\"-1\">About<\/a><\/li>\n<li class=\"menu-item menu-item-type-post_type menu-item-object-page menu-item-29020\"><a href=\"https:\/\/site.utm.ro\/en\/rezidentiat\/etape-rezidentiat\/detasare\/\" class=\"elementor-item\" tabindex=\"-1\">Deta\u0219are<\/a><\/li>\n<li class=\"menu-item menu-item-type-post_type menu-item-object-page menu-item-29036\"><a href=\"https:\/\/site.utm.ro\/en\/rezidentiat\/etape-rezidentiat\/transfer\/\" class=\"elementor-item\" tabindex=\"-1\">Transfer<\/a><\/li>\n<li class=\"menu-item menu-item-type-post_type menu-item-object-page menu-item-29046\"><a href=\"https:\/\/site.utm.ro\/en\/rezidentiat\/etape-rezidentiat\/a-doua-specialitate-cu-taxe\/\" class=\"elementor-item\" tabindex=\"-1\">A doua specialitate cu taxe<\/a><\/li>\n<li class=\"menu-item menu-item-type-post_type menu-item-object-page menu-item-29058\"><a href=\"https:\/\/site.utm.ro\/en\/rezidentiat\/etape-rezidentiat\/rotatii-de-stagiu\/\" class=\"elementor-item\" tabindex=\"-1\">Rota\u021bii de stagiu<\/a><\/li>\n<li class=\"menu-item menu-item-type-post_type menu-item-object-page menu-item-29074\"><a href=\"https:\/\/site.utm.ro\/en\/rezidentiat\/etape-rezidentiat\/echivalari-stagii-din-strainatate\/\" class=\"elementor-item\" tabindex=\"-1\">Echival\u0103ri stagii din str\u0103in\u0103tate<\/a><\/li>\n<li class=\"menu-item menu-item-type-post_type menu-item-object-page menu-item-29076\"><a href=\"https:\/\/site.utm.ro\/en\/rezidentiat\/etape-rezidentiat\/schimbare-specialitate\/\" class=\"elementor-item\" tabindex=\"-1\">Schimbare specialitate<\/a><\/li>\n<li class=\"menu-item menu-item-type-post_type menu-item-object-page menu-item-29082\"><a href=\"https:\/\/site.utm.ro\/en\/rezidentiat\/etape-rezidentiat\/intrerupere-rezidentiat\/\" class=\"elementor-item\" tabindex=\"-1\">\u00centrerupere reziden\u021biat<\/a><\/li>\n<li class=\"menu-item menu-item-type-post_type menu-item-object-page menu-item-29089\"><a href=\"https:\/\/site.utm.ro\/en\/rezidentiat\/etape-rezidentiat\/prelungire-rezidentiat\/\" class=\"elementor-item\" tabindex=\"-1\">Prelungire reziden\u021biat<\/a><\/li>\n<\/ul>\t\t\t<\/nav>\n\t\t\t\t\t\t<\/div>\n\t\t\t\t<\/div>\n\t\t\t\t\t<\/div>\n\t\t<\/div>\n\t\t\t\t\t<\/div>\n\t\t<\/section>\n\t\t\t\t<section class=\"elementor-section elementor-top-section elementor-element elementor-element-27b04bf elementor-section-boxed elementor-section-height-default elementor-section-height-default\" data-id=\"27b04bf\" data-element_type=\"section\" data-e-type=\"section\">\n\t\t\t\t\t\t<div class=\"elementor-container elementor-column-gap-default\">\n\t\t\t\t\t<div class=\"elementor-column elementor-col-100 elementor-top-column elementor-element elementor-element-78487f9\" data-id=\"78487f9\" data-element_type=\"column\" data-e-type=\"column\">\n\t\t\t<div class=\"elementor-widget-wrap elementor-element-populated\">\n\t\t\t\t\t\t<div class=\"elementor-element elementor-element-841880c elementor-widget elementor-widget-text-editor\" data-id=\"841880c\" data-element_type=\"widget\" data-e-type=\"widget\" data-widget_type=\"text-editor.default\">\n\t\t\t\t<div class=\"elementor-widget-container\">\n\t\t\t\t\t\t\t\t\t<p><strong>INFORMA\u021aII \u2013 SCHIMBARE A SPECIALIT\u0102\u021aII<\/strong><\/p>\n<p>Medicii reziden\u021bi&nbsp;<strong>pe loc,&nbsp;<\/strong>pot solicita schimbarea specialit\u0103\u021bii alese \u00een urma examenului de reziden\u021biat, dac\u0103 au efectuat&nbsp; p\u00e2n\u0103 la data solicit\u0103rii, mai pu\u021bin de jum\u0103tate din durata total\u0103 de preg\u0103tire \u00een specialitatea respectiv\u0103, cu condi\u021bia ca punctajul ob\u021binut la concursul de reziden\u021biat promovat, s\u0103 fie cel pu\u021bin egal cu cel mai mic punctaj de la specialitatea solicitat\u0103 \u00een centrul universitar \u00een care a fost repartizat ini\u021bial \u0219i numai cu avizul institu\u021biei de \u00eenv\u0103\u021b\u0103m\u00e2nt superior acreditate care asigur\u0103 preg\u0103tirea \u00een reziden\u021biat \u0219i al unui coordonator de specialitate din centrul universitar de preg\u0103tire.<\/p>\n<p>Avizul coordonatorului de program va con\u021bine OBLIGATORIU \u0219i recomandarea privind stagiile ce pot fi echivalate ca urmare a schimb\u0103rii specialit\u0103\u021bii.<\/p>\n<p>Schimbarea specialit\u0103\u021bii se aprob\u0103 prin ordin al minitrului s\u0103n\u0103t\u0103\u021bii,&nbsp;<strong>o singur\u0103 data<\/strong>, \u00een baza aceluia\u0219i concurs de reziden\u021biat promovat.<\/p>\n<p>PRIN EXCEP\u021aIE, medicii reziden\u021bi pe loc, indiferent de anul de preg\u0103tire, care din motive obiective nu finalizeaz\u0103 stagiul de reziden\u021biat \u00een specialitatea ob\u021binut\u0103 prin concurs, pot solicita schimbarea specialit\u0103\u021bii alese, \u00een specialitatea&nbsp;<strong>medicin\u0103 de familie<\/strong>.<\/p>\n<p>Reziden\u021bii care schimb\u0103 specialitatea, au obliga\u021bia de a comunica Ministerului S\u0103n\u0103t\u0103\u021bii, dovada \u00eencheierii noului contract individual de munc\u0103 sau a actului adi\u021bional la contractul individual de munc\u0103, dup\u0103 caz, \u00een termen de 45 de zile de la data emiterii ordinului ministrului s\u0103n\u0103t\u0103\u021bii.<\/p>\n<p>Documents needed<\/p>\n<ul>\n<li>Cerere<\/li>\n<li>Copie act identitate \u00een termen de valabilitate<\/li>\n<li>Copia carnetului de rezident<\/li>\n<li>Adeverin\u021b\u0103 eliberat\u0103 de unitatea angajatoare din care s\u0103 rezulte data \u00eencadr\u0103rii ca rezident \u0219i vechimea acumulat\u0103 \u00een aceast\u0103 specialitate<\/li>\n<li>Avizul coordonatorului \u0219i recomandarea \u00een ceea ce prive\u0219te stagiile ce pot fi echivalate ca urmare a schimb\u0103rii de specialitate<\/li>\n<\/ul>\n<p>Cererea cu acordul coordonatorului \u00eenso\u021bit\u0103 de recomandarea privind echivalarea stagiilor, copia documentelor necesare, se depun la Biroul reziden\u021bi pentru aprobarea Directorului de departament \u0219i a institu\u021biei de \u00eenv\u0103\u021b\u0103m\u00e2nt superior acreditate. Dup\u0103 ob\u021binerea aprob\u0103rilor, cererea este trimisa de c\u0103tre secretariat la Ministerul s\u0103n\u0103t\u0103\u021bii pentru aprobarea final\u0103.<\/p>\n<p>Detalii in ordinul nr. 1.066\/3.769\/2025 pentru modificarea \u0219i completarea&nbsp;<a href=\"https:\/\/legislatie.just.ro\/Public\/DetaliiDocumentAfis\/288073\" target=\"_blank\" rel=\"noopener\">Ordinului ministrului s\u0103n\u0103t\u0103\u021bii publice \u0219i al ministrului educa\u021biei, cercet\u0103rii \u0219i tineretului nr. 1.141\/1.386\/2007&nbsp;<\/a>https:\/\/legislatie.just.ro\/public\/DetaliiDocument\/297076<\/p><p><br><\/p>\n<p><a href=\"\/wp-content\/uploads\/2026\/03\/CERERE-Schimbare-specialitate-2.docx\"><strong>Cerere schmbare specialitate<\/strong><\/a><\/p>\n<p>&nbsp;<\/p>\t\t\t\t\t\t\t\t<\/div>\n\t\t\t\t<\/div>\n\t\t\t\t\t<\/div>\n\t\t<\/div>\n\t\t\t\t\t<\/div>\n\t\t<\/section>\n\t\t\t\t<section class=\"elementor-section elementor-top-section elementor-element elementor-element-fd895b7 elementor-section-boxed elementor-section-height-default elementor-section-height-default\" data-id=\"fd895b7\" data-element_type=\"section\" data-e-type=\"section\">\n\t\t\t\t\t\t<div class=\"elementor-container elementor-column-gap-default\">\n\t\t\t\t\t<div class=\"elementor-column elementor-col-100 elementor-top-column elementor-element elementor-element-05b3fa5\" data-id=\"05b3fa5\" data-element_type=\"column\" data-e-type=\"column\">\n\t\t\t<div class=\"elementor-widget-wrap elementor-element-populated\">\n\t\t\t\t\t\t<div class=\"elementor-element elementor-element-d854764 elementor-widget elementor-widget-spacer\" data-id=\"d854764\" data-element_type=\"widget\" data-e-type=\"widget\" data-widget_type=\"spacer.default\">\n\t\t\t\t<div class=\"elementor-widget-container\">\n\t\t\t\t\t\t\t<div class=\"elementor-spacer\">\n\t\t\t<div class=\"elementor-spacer-inner\"><\/div>\n\t\t<\/div>\n\t\t\t\t\t\t<\/div>\n\t\t\t\t<\/div>\n\t\t\t\t\t<\/div>\n\t\t<\/div>\n\t\t\t\t\t<\/div>\n\t\t<\/section>\n\t\t\t\t<\/div>","protected":false},"excerpt":{"rendered":"<p>Etape reziden\u021biat INFORMA\u021aII \u2013 SCHIMBARE A SPECIALIT\u0102\u021aII Medicii reziden\u021bi&nbsp;pe loc,&nbsp;pot solicita schimbarea specialit\u0103\u021bii alese \u00een urma examenului de reziden\u021biat, dac\u0103 au efectuat&nbsp; p\u00e2n\u0103 la data solicit\u0103rii, mai pu\u021bin de jum\u0103tate din durata total\u0103 de preg\u0103tire \u00een specialitatea respectiv\u0103, cu condi\u021bia ca punctajul ob\u021binut la concursul de reziden\u021biat promovat, s\u0103 fie cel pu\u021bin egal cu cel&#8230;<\/p>","protected":false},"author":1,"featured_media":0,"parent":29011,"menu_order":0,"comment_status":"closed","ping_status":"closed","template":"","meta":{"footnotes":""},"class_list":["post-29032","page","type-page","status-publish","hentry"],"_links":{"self":[{"href":"https:\/\/site.utm.ro\/en\/wp-json\/wp\/v2\/pages\/29032","targetHints":{"allow":["GET"]}}],"collection":[{"href":"https:\/\/site.utm.ro\/en\/wp-json\/wp\/v2\/pages"}],"about":[{"href":"https:\/\/site.utm.ro\/en\/wp-json\/wp\/v2\/types\/page"}],"author":[{"embeddable":true,"href":"https:\/\/site.utm.ro\/en\/wp-json\/wp\/v2\/users\/1"}],"replies":[{"embeddable":true,"href":"https:\/\/site.utm.ro\/en\/wp-json\/wp\/v2\/comments?post=29032"}],"version-history":[{"count":0,"href":"https:\/\/site.utm.ro\/en\/wp-json\/wp\/v2\/pages\/29032\/revisions"}],"up":[{"embeddable":true,"href":"https:\/\/site.utm.ro\/en\/wp-json\/wp\/v2\/pages\/29011"}],"wp:attachment":[{"href":"https:\/\/site.utm.ro\/en\/wp-json\/wp\/v2\/media?parent=29032"}],"curies":[{"name":"wp","href":"https:\/\/api.w.org\/{rel}","templated":true}]}}