{"id":29029,"date":"2026-03-04T14:00:51","date_gmt":"2026-03-04T14:00:51","guid":{"rendered":"https:\/\/site.utm.ro\/?page_id=29029"},"modified":"2026-03-04T14:02:54","modified_gmt":"2026-03-04T14:02:54","slug":"a-doua-specialitate-cu-taxe","status":"publish","type":"page","link":"https:\/\/site.utm.ro\/en\/rezidentiat\/etape-rezidentiat\/a-doua-specialitate-cu-taxe\/","title":{"rendered":"A doua specialitate cu taxe"},"content":{"rendered":"<div data-elementor-type=\"wp-page\" data-elementor-id=\"29029\" class=\"elementor elementor-29029\" data-elementor-post-type=\"page\">\n\t\t\t\t\t\t<section class=\"elementor-section elementor-top-section elementor-element elementor-element-b37bfb6 elementor-section-height-min-height elementor-section-full_width elementor-section-height-default elementor-section-items-middle\" data-id=\"b37bfb6\" data-element_type=\"section\" data-e-type=\"section\" data-settings=\"{&quot;background_background&quot;:&quot;classic&quot;}\">\n\t\t\t\t\t\t\t<div class=\"elementor-background-overlay\"><\/div>\n\t\t\t\t\t\t\t<div class=\"elementor-container elementor-column-gap-default\">\n\t\t\t\t\t<div class=\"elementor-column elementor-col-100 elementor-top-column elementor-element elementor-element-ff3fcd2\" data-id=\"ff3fcd2\" data-element_type=\"column\" data-e-type=\"column\" data-settings=\"{&quot;background_background&quot;:&quot;classic&quot;}\">\n\t\t\t<div class=\"elementor-widget-wrap\">\n\t\t\t\t\t\t\t<\/div>\n\t\t<\/div>\n\t\t\t\t\t<\/div>\n\t\t<\/section>\n\t\t\t\t<section class=\"elementor-section elementor-top-section elementor-element elementor-element-e644bcc elementor-section-boxed elementor-section-height-default elementor-section-height-default\" data-id=\"e644bcc\" data-element_type=\"section\" data-e-type=\"section\">\n\t\t\t\t\t\t<div class=\"elementor-container elementor-column-gap-no\">\n\t\t\t\t\t<div class=\"elementor-column elementor-col-50 elementor-top-column elementor-element elementor-element-364b315 animated-fast elementor-invisible\" data-id=\"364b315\" data-element_type=\"column\" data-e-type=\"column\" data-settings=\"{&quot;background_background&quot;:&quot;classic&quot;,&quot;animation&quot;:&quot;fadeIn&quot;,&quot;animation_tablet&quot;:&quot;none&quot;,&quot;animation_mobile&quot;:&quot;none&quot;,&quot;animation_delay&quot;:100}\">\n\t\t\t<div class=\"elementor-widget-wrap elementor-element-populated\">\n\t\t\t\t\t\t<div class=\"elementor-element elementor-element-6ae1957 elementor-widget elementor-widget-heading\" data-id=\"6ae1957\" data-element_type=\"widget\" data-e-type=\"widget\" data-widget_type=\"heading.default\">\n\t\t\t\t<div class=\"elementor-widget-container\">\n\t\t\t\t\t<h1 class=\"elementor-heading-title elementor-size-default\">Residency stages<\/h1>\t\t\t\t<\/div>\n\t\t\t\t<\/div>\n\t\t\t\t\t<\/div>\n\t\t<\/div>\n\t\t\t\t<div class=\"elementor-column elementor-col-50 elementor-top-column elementor-element elementor-element-e8319ff elementor-hidden-desktop elementor-hidden-tablet elementor-hidden-phone\" data-id=\"e8319ff\" data-element_type=\"column\" data-e-type=\"column\">\n\t\t\t<div class=\"elementor-widget-wrap\">\n\t\t\t\t\t\t\t<\/div>\n\t\t<\/div>\n\t\t\t\t\t<\/div>\n\t\t<\/section>\n\t\t\t\t<section class=\"elementor-section elementor-top-section elementor-element elementor-element-2111918 elementor-section-boxed elementor-section-height-default elementor-section-height-default\" data-id=\"2111918\" data-element_type=\"section\" data-e-type=\"section\">\n\t\t\t\t\t\t<div class=\"elementor-container elementor-column-gap-default\">\n\t\t\t\t\t<div class=\"elementor-column elementor-col-100 elementor-top-column elementor-element elementor-element-943ac48\" data-id=\"943ac48\" data-element_type=\"column\" data-e-type=\"column\" data-settings=\"{&quot;background_background&quot;:&quot;classic&quot;}\">\n\t\t\t<div class=\"elementor-widget-wrap elementor-element-populated\">\n\t\t\t\t\t\t<div class=\"elementor-element elementor-element-4932e17  custom-inpage-menu elementor-nav-menu__align-start elementor-nav-menu--dropdown-none vamtam-has-mobile-disable-scroll elementor-widget elementor-widget-nav-menu\" data-id=\"4932e17\" data-element_type=\"widget\" data-e-type=\"widget\" data-settings=\"{&quot;layout&quot;:&quot;horizontal&quot;,&quot;submenu_icon&quot;:{&quot;value&quot;:&quot;&lt;i class=\\&quot;fas fa-caret-down\\&quot; aria-hidden=\\&quot;true\\&quot;&gt;&lt;\\\/i&gt;&quot;,&quot;library&quot;:&quot;fa-solid&quot;},&quot;toggle_icon_active&quot;:{&quot;value&quot;:&quot;&quot;,&quot;library&quot;:&quot;&quot;}}\" data-widget_type=\"nav-menu.default\">\n\t\t\t\t<div class=\"elementor-widget-container\">\n\t\t\t\t\t\t\t\t<nav aria-label=\"Menu\" class=\"elementor-nav-menu--main elementor-nav-menu__container elementor-nav-menu--layout-horizontal e--pointer-underline e--animation-fade\">\n\t\t\t\t<ul id=\"menu-1-4932e17\" class=\"elementor-nav-menu\"><li class=\"menu-item menu-item-type-post_type menu-item-object-page menu-item-29013\"><a href=\"https:\/\/site.utm.ro\/en\/rezidentiat\/etape-rezidentiat\/\" class=\"elementor-item\">About<\/a><\/li>\n<li class=\"menu-item menu-item-type-post_type menu-item-object-page menu-item-29020\"><a href=\"https:\/\/site.utm.ro\/en\/rezidentiat\/etape-rezidentiat\/detasare\/\" class=\"elementor-item\">Deta\u0219are<\/a><\/li>\n<li class=\"menu-item menu-item-type-post_type menu-item-object-page menu-item-29036\"><a href=\"https:\/\/site.utm.ro\/en\/rezidentiat\/etape-rezidentiat\/transfer\/\" class=\"elementor-item\">Transfer<\/a><\/li>\n<li class=\"menu-item menu-item-type-post_type menu-item-object-page menu-item-29046\"><a href=\"https:\/\/site.utm.ro\/en\/rezidentiat\/etape-rezidentiat\/a-doua-specialitate-cu-taxe\/\" class=\"elementor-item\">A doua specialitate cu taxe<\/a><\/li>\n<li class=\"menu-item menu-item-type-post_type menu-item-object-page menu-item-29058\"><a href=\"https:\/\/site.utm.ro\/en\/rezidentiat\/etape-rezidentiat\/rotatii-de-stagiu\/\" class=\"elementor-item\">Rota\u021bii de stagiu<\/a><\/li>\n<li class=\"menu-item menu-item-type-post_type menu-item-object-page menu-item-29074\"><a href=\"https:\/\/site.utm.ro\/en\/rezidentiat\/etape-rezidentiat\/echivalari-stagii-din-strainatate\/\" class=\"elementor-item\">Echival\u0103ri stagii din str\u0103in\u0103tate<\/a><\/li>\n<li class=\"menu-item menu-item-type-post_type menu-item-object-page menu-item-29076\"><a href=\"https:\/\/site.utm.ro\/en\/rezidentiat\/etape-rezidentiat\/schimbare-specialitate\/\" class=\"elementor-item\">Schimbare specialitate<\/a><\/li>\n<li class=\"menu-item menu-item-type-post_type menu-item-object-page menu-item-29082\"><a href=\"https:\/\/site.utm.ro\/en\/rezidentiat\/etape-rezidentiat\/intrerupere-rezidentiat\/\" class=\"elementor-item\">\u00centrerupere reziden\u021biat<\/a><\/li>\n<li class=\"menu-item menu-item-type-post_type menu-item-object-page menu-item-29089\"><a href=\"https:\/\/site.utm.ro\/en\/rezidentiat\/etape-rezidentiat\/prelungire-rezidentiat\/\" class=\"elementor-item\">Prelungire reziden\u021biat<\/a><\/li>\n<\/ul>\t\t\t<\/nav>\n\t\t\t\t\t\t<nav class=\"elementor-nav-menu--dropdown elementor-nav-menu__container\" aria-hidden=\"true\">\n\t\t\t\t<ul id=\"menu-2-4932e17\" class=\"elementor-nav-menu\"><li class=\"menu-item menu-item-type-post_type menu-item-object-page menu-item-29013\"><a href=\"https:\/\/site.utm.ro\/en\/rezidentiat\/etape-rezidentiat\/\" class=\"elementor-item\" tabindex=\"-1\">About<\/a><\/li>\n<li class=\"menu-item menu-item-type-post_type menu-item-object-page menu-item-29020\"><a href=\"https:\/\/site.utm.ro\/en\/rezidentiat\/etape-rezidentiat\/detasare\/\" class=\"elementor-item\" tabindex=\"-1\">Deta\u0219are<\/a><\/li>\n<li class=\"menu-item menu-item-type-post_type menu-item-object-page menu-item-29036\"><a href=\"https:\/\/site.utm.ro\/en\/rezidentiat\/etape-rezidentiat\/transfer\/\" class=\"elementor-item\" tabindex=\"-1\">Transfer<\/a><\/li>\n<li class=\"menu-item menu-item-type-post_type menu-item-object-page menu-item-29046\"><a href=\"https:\/\/site.utm.ro\/en\/rezidentiat\/etape-rezidentiat\/a-doua-specialitate-cu-taxe\/\" class=\"elementor-item\" tabindex=\"-1\">A doua specialitate cu taxe<\/a><\/li>\n<li class=\"menu-item menu-item-type-post_type menu-item-object-page menu-item-29058\"><a href=\"https:\/\/site.utm.ro\/en\/rezidentiat\/etape-rezidentiat\/rotatii-de-stagiu\/\" class=\"elementor-item\" tabindex=\"-1\">Rota\u021bii de stagiu<\/a><\/li>\n<li class=\"menu-item menu-item-type-post_type menu-item-object-page menu-item-29074\"><a href=\"https:\/\/site.utm.ro\/en\/rezidentiat\/etape-rezidentiat\/echivalari-stagii-din-strainatate\/\" class=\"elementor-item\" tabindex=\"-1\">Echival\u0103ri stagii din str\u0103in\u0103tate<\/a><\/li>\n<li class=\"menu-item menu-item-type-post_type menu-item-object-page menu-item-29076\"><a href=\"https:\/\/site.utm.ro\/en\/rezidentiat\/etape-rezidentiat\/schimbare-specialitate\/\" class=\"elementor-item\" tabindex=\"-1\">Schimbare specialitate<\/a><\/li>\n<li class=\"menu-item menu-item-type-post_type menu-item-object-page menu-item-29082\"><a href=\"https:\/\/site.utm.ro\/en\/rezidentiat\/etape-rezidentiat\/intrerupere-rezidentiat\/\" class=\"elementor-item\" tabindex=\"-1\">\u00centrerupere reziden\u021biat<\/a><\/li>\n<li class=\"menu-item menu-item-type-post_type menu-item-object-page menu-item-29089\"><a href=\"https:\/\/site.utm.ro\/en\/rezidentiat\/etape-rezidentiat\/prelungire-rezidentiat\/\" class=\"elementor-item\" tabindex=\"-1\">Prelungire reziden\u021biat<\/a><\/li>\n<\/ul>\t\t\t<\/nav>\n\t\t\t\t\t\t<\/div>\n\t\t\t\t<\/div>\n\t\t\t\t\t<\/div>\n\t\t<\/div>\n\t\t\t\t\t<\/div>\n\t\t<\/section>\n\t\t\t\t<section class=\"elementor-section elementor-top-section elementor-element elementor-element-27b04bf elementor-section-boxed elementor-section-height-default elementor-section-height-default\" data-id=\"27b04bf\" data-element_type=\"section\" data-e-type=\"section\">\n\t\t\t\t\t\t<div class=\"elementor-container elementor-column-gap-default\">\n\t\t\t\t\t<div class=\"elementor-column elementor-col-100 elementor-top-column elementor-element elementor-element-78487f9\" data-id=\"78487f9\" data-element_type=\"column\" data-e-type=\"column\">\n\t\t\t<div class=\"elementor-widget-wrap elementor-element-populated\">\n\t\t\t\t\t\t<div class=\"elementor-element elementor-element-841880c elementor-widget elementor-widget-text-editor\" data-id=\"841880c\" data-element_type=\"widget\" data-e-type=\"widget\" data-widget_type=\"text-editor.default\">\n\t\t\t\t<div class=\"elementor-widget-container\">\n\t\t\t\t\t\t\t\t\t<p>! In atentia medicilor specialisti care s-au inscris la a doua specialitate cu taxa<\/p>\n<p>Plata taxei se face \u00een lei, anual, \u00een dou\u0103 tran\u015fe semestriale egale, \u00een termen de maximum 60 de zile calendaristice de la data \u00eenceperii preg\u0103tirii. Neplata taxei \u00een condi\u021biile stabilite \u00een angajamentul de plat\u0103, atrage excluderea definitiv\u0103 din programul de preg\u0103tire, \u00een conformitate cu prevederile art. 1, alin. (3) din Ordinul nr. 973\/4592\/2010 al ministrului s\u0103n\u0103t\u0103\u021bii \u0219i ministrului educa\u021biei, cercet\u0103rii, tineretului \u0219i sportului, publicat \u00een Monitorul Oficial al Rom\u00e2niei nr. 552\/05.08.2010.<\/p>\n<p><strong>MINISTERUL S\u0102N\u0102T\u0102\u0162II<\/strong><\/p>\n<p><span lang=\"RO\">Ministerul S\u0103n\u0103t\u0103\u0163ii&nbsp; organizeaz\u0103 \u00eenscrierea la programul de preg\u0103tire \u00een cea de-a doua specialitate \u00een regim cu tax\u0103&nbsp;<b>\u00een perioada 01 noiembrie 2025 \u2013 10 noiembrie 2025&nbsp;<\/b>to<b>&nbsp;<\/b>posesorii certificatului de medic, medic stomatolog, respectiv farmacist specialist, conform Ordin M.S. nr. 62\/10.01.2024 publicat \u00een Monitorul Oficial nr. 28 din 12 ianuarie 2024.<\/span><\/p>\n<p><span lang=\"RO\">Mai multe informatii despre dosarul de inscriere accesati&nbsp;<a id=\"LPlnk509298\" title=\"https:\/\/www.ms.ro\/ro\/informatii-de-interes-public\/examene\/examene-si-concursuri-nationale\/publicatia-privind-inscrierea-la-programul-de-pregatire-in-cea-de-a-doua-specialitate-in-regim-cu-taxa-pentru-sesiunea-noiembrie-2025\/\" href=\"https:\/\/www.ms.ro\/ro\/informatii-de-interes-public\/examene\/examene-si-concursuri-nationale\/publicatia-privind-inscrierea-la-programul-de-pregatire-in-cea-de-a-doua-specialitate-in-regim-cu-taxa-pentru-sesiunea-noiembrie-2025\/\" target=\"_blank\" rel=\"noopener noreferrer\">https:\/\/www.ms.ro\/ro\/informatii-de-interes-public\/examene\/examene-si-concursuri-nationale\/publicatia-privind-inscrierea-la-programul-de-pregatire-in-cea-de-a-doua-specialitate-in-regim-cu-taxa-pentru-sesiunea-noiembrie-2025\/<\/a><\/span><\/p>\n<p><u><span lang=\"RO\">Candida\u021bii pot ob\u021bine avizul institu\u0163iilor de \u00eenv\u0103\u0163\u0103m\u00e2nt medical superior privind \u00eenscrierea la programul de preg\u0103tire, pe specialit\u0103\u021bile \u0219i locurile propuse pentru aceast\u0103 sesiune, \u00een perioada 25.10.2025-05.11.2025 inclusiv.<\/span><\/u><\/p>\n<p><span lang=\"RO\">Pentru informatii, cereri tip si aprobari va adresati departamentului Rezidentiat al Universitatii Titu Maiorescu<\/span><\/p>\n<p>&nbsp;<\/p>\n<p><strong><u>PUBLICA\u021aIA<\/u><\/strong><\/p>\n<p><strong><em>privind \u00eenscrierea la programul de preg\u0103tire \u00een cea de a doua specialitate \u00een regim cu tax\u0103 sesiunea martie 2025<\/em><\/strong><\/p>\n<p>Ministerul S\u0103n\u0103t\u0103\u0163ii&nbsp; organizeaz\u0103 \u00eenscrierea la programul de preg\u0103tire \u00een cea a doua specialitate \u00een regim cu tax\u0103&nbsp;<strong>\u00een perioada 23 martie 2025 \u2013 31 martie 2025&nbsp;<\/strong>pentru posesorii certificatului de medic, medic stomatolog, respectiv farmacist specialist, conform Ordin M.S. nr. 62\/10.01.2024 publicat \u00een Monitorul Oficial nr. 28 din 12 ianuarie 2024.<\/p>\n<p>Candida\u021bii pot ob\u021bine avizul institu\u0163iilor de \u00eenv\u0103\u0163\u0103m\u00e2nt medical superior privind \u00eenscrierea la programul de preg\u0103tire, pe specialit\u0103\u021bile \u0219i locurile propuse pentru aceast\u0103 sesiune, \u00een perioada 15.03.2025-24.03.2025 inclusiv.<\/p>\n<p>Dosarele de \u00eenscriere pentru efectuarea programului de preg\u0103tire \u00een cea de a doua specialitate \u00een regim cu tax\u0103, sesiunea martie 2025, vor fi transmise prin serviciile po\u0219tale la Direc\u021bia Reglementare \u0219i Formare Profesional\u0103 Medical\u0103 din Strada Cristian Popi\u0219teanu nr. 1-3, sector 1, cod 010024, Bucure\u015fti, \u00een perioada 23.03.2025-31.03.2025, inclusiv, data po\u015ftei cel t\u00e2rziu 31.03.2025.<\/p>\n<p>Dosarul candidatului cuprinde:<\/p>\n<ol>\n<li>cererea de \u00eenscriere, \u00een care se va preciza: numele \u015fi prenumele, locul actual de munc\u0103 \u015fi tipul de contract de angajare, specialitatea actual\u0103, specialitatea pentru care se dore\u015fte \u00eenscrierea, datele de contact (nr. telefon, e-mail), precum \u0219i acordul pentru prelucrarea datelor cu caracter personal, conform Anexei nr. 1 a Ordinului M.S. nr. 62\/10.01.2024.<\/li>\n<li>acordul angajatorului de participare la programul de preg\u0103tire \u00een cea de a doua specialitate \u00een regim cu tax\u0103, cu precizarea specialit\u0103\u0163ii \u015fi a centrului universitar de preg\u0103tire. Unit\u0103\u0163ile sanitare publice vor preciza, \u00een adres\u0103, modul de \u00eencadrare \u015fi retribuire pe aceast\u0103 perioad\u0103, precum \u015fi stabilirea programului de lucru, cu respectarea prevederilor Codului Muncii. Cei ne\u00eencadra\u0163i vor declara pe proprie r\u0103spundere acest statut;<\/li>\n<li>avizul de \u00eenscriere la programul de preg\u0103tire eliberat de rectoratul sau dup\u0103 caz, decanatul institu\u0163iilor de \u00eenv\u0103\u0163\u0103m\u00e2nt medical superior;<\/li>\n<li>copia conform cu originalul a diplomei de medic, medic dentist sau farmacist (licen\u021b\u0103);<\/li>\n<\/ol>\n<p>5.copia conform cu originalul a certificatului de medic specialist\/primar \u00een prima specialitate;<\/p>\n<ol start=\"6\">\n<li>copia conform cu originalul a certificatului de liber\u0103 practic\u0103 sau a certificatului de membru al organiza\u0163iei profesionale de profil, cu viza valabil\u0103 pentru anul \u00een curs, \u00een condi\u0163iile prev\u0103zute de Legea nr. 95\/2006, republicat\u0103, cu modific\u0103rile \u015fi complet\u0103rile ulterioare;<\/li>\n<li>certificat medical de s\u0103n\u0103tate conform prevederilor legale \u00een vigoare, din care s\u0103 rezulte c\u0103 este apt din punct de vedere fizic \u015fi neuropsihic (viz\u0103 medic specialist\/primar psihiatrie) pentru specialitatea solicitat\u0103-original;<\/li>\n<li>copia conform cu originalul a actului de identitate B.I.\/C.I., \u00een termen de valabilitate;<\/li>\n<li>copia conform cu originalul a documentelor privind schimbarea numelui, dac\u0103 este cazul;<\/li>\n<li>angajamentul de plat\u0103 privind taxa de participare la programul de preg\u0103tire \u00een cea de a doua specialitate \u00een regim cu tax\u0103, conform prevederilor Ordinului comun al ministrului s\u0103n\u0103t\u0103\u021bii \u0219i ministrului educa\u021biei, cercet\u0103rii, tineretului \u0219i sportului nr. 973\/4592\/2010 privind aprobarea cuantumului taxei anuale pentru efectuarea stagiului de preg\u0103tire \u00een vederea ob\u021binerii celei de-a doua specialit\u0103\u021bi de c\u0103tre posesorii certificatului de specialist, cu complet\u0103rile ulterioare, conform modelului prev\u0103zut \u00een Anexa nr. 2 a Ordinului M.S. nr. 62\/10.01.2024.<\/li>\n<li>declara\u021bia pe propria r\u0103spundere a candidatului c\u0103 documentele depuse la dosarul de \u00eenscriere \u00een copie, sunt conforme cu originalele de\u021binute.<\/li>\n<\/ol>\n<p>Cuantumul sumelor achitate pentru preg\u0103tirea \u00een cea de a doua specialitate cu tax\u0103, asumate prin angajamentul de plat\u0103, va fi verificat de c\u0103tre institu\u021biile abilitate aflate \u00een subordinea Ministerului S\u0103n\u0103t\u0103\u021bii, obligatoriu, la schimbarea stagiilor&nbsp; de preg\u0103tire sau dac\u0103 acestea au durata mai mare de 6 luni, semestrial.<\/p>\n<p>\u00cen urma verific\u0103rilor, candida\u021bii care nu vor respecta termenii angajamentelor de plat\u0103 vor fi elimina\u021bi din programul de preg\u0103tire, \u00een conformitate cu prevederile&nbsp; art. 1 alin. (3) din Ordinul ministrului s\u0103n\u0103t\u0103\u021bii \u0219i al ministrului educa\u021biei, cercet\u0103rii, tineretului \u0219i sportului nr. 973\/4592\/2010, cu complet\u0103rile ulterioare.<\/p>\n<p>Dup\u0103 finalizarea tuturor verific\u0103rilor \u0219i efectuarea procedurilor necesare, la data de 31.05.2025 se vor afi\u0219a pe site-ul Ministerului S\u0103n\u0103t\u0103\u0163ii,&nbsp;<a href=\"http:\/\/www.ms.ro\/\" target=\"_blank\" rel=\"noopener\">www.ms.ro<\/a>, listele&nbsp; aprobate ale medicilor \u00eenscri\u015fi la programul de preg\u0103tire \u00een cea de a doua specialitate \u00een regim cu tax\u0103 din sesiunea martie 2025, pe specialit\u0103\u021bi \u0219i centre universitare de preg\u0103tire, la rubrica Informa\u021bii de interes public\/Examene \u0219i concursuri.<\/p>\n<p>Programul de preg\u0103tire \u00een cea de a doua specialitate \u00een regim cu tax\u0103, va \u00eencepe la data de 01.06.2025, cu efectuarea a 6 luni din stagiul de baz\u0103.<\/p>\n<p>Dosarele incomplete se vor completa p\u00e2n\u0103 la data de 06.06.2025. Candida\u021bii care nu vor completa dosarele p\u00e2n\u0103 la aceast\u0103 dat\u0103 vor fi respin\u0219i.<\/p>\n<p>Durata de preg\u0103tire \u00een cea de a doua specialitate, \u00een regim cu tax\u0103 este cea prev\u0103zut\u0103 de Ordinul ministerului s\u0103n\u0103t\u0103\u021bii nr. 1.509\/2008 privind aprobarea Nomenclatorului de specialit\u0103\u0163i medicale, medico-dentare \u015fi farmaceutice pentru re\u0163eaua de asisten\u0163\u0103 medical\u0103, cu modific\u0103rile \u015fi complet\u0103rile ulterioare.<\/p>\n<p>&nbsp;<\/p><p><a href=\"\/wp-content\/uploads\/2026\/03\/Inscriere-la-a-doua-specialitate-cu-taxa-1.docx\" style=\"font-family: inherit; font-size: inherit; font-style: inherit; font-variant-ligatures: inherit; font-variant-caps: inherit; font-weight: inherit;\"><strong>Cerere \u00eenscriere a doua specialitate cu tax\u0103<\/strong><\/a><\/p>\n<p><a href=\"\/wp-content\/uploads\/2026\/03\/Echivalare-stagii-efectuate-in-prima-specializare-012021-1.doc\"><strong>Echivalare stagii&nbsp;<\/strong><\/a><\/p>\n<p><a href=\"\/wp-content\/uploads\/2026\/03\/CERERE-ROTATIE-STAGIU-aII-a-specialitate.docx\"><strong>Cerere rota\u021bie stagiu a doua specialitate cu tax\u0103&nbsp;<\/strong><\/a><\/p>\n<p><a href=\"\/wp-content\/uploads\/2026\/03\/DETASARE-PLECARE-a-doua-specialitate.docx\"><strong>Cerere deta\u0219are plecare&nbsp;<\/strong><\/a><\/p>\n<p><a href=\"\/wp-content\/uploads\/2026\/03\/DETASARE-PRIMIRE-a-doua-specialitate.docx\"><strong>Cerere deta\u0219are primire&nbsp;<\/strong><\/a><\/p>\n<p><strong><a href=\"\/wp-content\/uploads\/2026\/03\/Cereri-diverse-3.docx\">Miscellaneous requests&nbsp;<\/a><\/strong><\/p>\n<p>&nbsp;<\/p>\t\t\t\t\t\t\t\t<\/div>\n\t\t\t\t<\/div>\n\t\t\t\t\t<\/div>\n\t\t<\/div>\n\t\t\t\t\t<\/div>\n\t\t<\/section>\n\t\t\t\t<section class=\"elementor-section elementor-top-section elementor-element elementor-element-fd895b7 elementor-section-boxed elementor-section-height-default elementor-section-height-default\" data-id=\"fd895b7\" data-element_type=\"section\" data-e-type=\"section\">\n\t\t\t\t\t\t<div class=\"elementor-container elementor-column-gap-default\">\n\t\t\t\t\t<div class=\"elementor-column elementor-col-100 elementor-top-column elementor-element elementor-element-05b3fa5\" data-id=\"05b3fa5\" data-element_type=\"column\" data-e-type=\"column\">\n\t\t\t<div class=\"elementor-widget-wrap elementor-element-populated\">\n\t\t\t\t\t\t<div class=\"elementor-element elementor-element-d854764 elementor-widget elementor-widget-spacer\" data-id=\"d854764\" data-element_type=\"widget\" data-e-type=\"widget\" data-widget_type=\"spacer.default\">\n\t\t\t\t<div class=\"elementor-widget-container\">\n\t\t\t\t\t\t\t<div class=\"elementor-spacer\">\n\t\t\t<div class=\"elementor-spacer-inner\"><\/div>\n\t\t<\/div>\n\t\t\t\t\t\t<\/div>\n\t\t\t\t<\/div>\n\t\t\t\t\t<\/div>\n\t\t<\/div>\n\t\t\t\t\t<\/div>\n\t\t<\/section>\n\t\t\t\t<\/div>","protected":false},"excerpt":{"rendered":"<p>Etape reziden\u021biat ! In atentia medicilor specialisti care s-au inscris la a doua specialitate cu taxa Plata taxei se face \u00een lei, anual, \u00een dou\u0103 tran\u015fe semestriale egale, \u00een termen de maximum 60 de zile calendaristice de la data \u00eenceperii preg\u0103tirii. Neplata taxei \u00een condi\u021biile stabilite \u00een angajamentul de plat\u0103, atrage excluderea definitiv\u0103 din programul&#8230;<\/p>","protected":false},"author":1,"featured_media":0,"parent":29011,"menu_order":0,"comment_status":"closed","ping_status":"closed","template":"","meta":{"footnotes":""},"class_list":["post-29029","page","type-page","status-publish","hentry"],"_links":{"self":[{"href":"https:\/\/site.utm.ro\/en\/wp-json\/wp\/v2\/pages\/29029","targetHints":{"allow":["GET"]}}],"collection":[{"href":"https:\/\/site.utm.ro\/en\/wp-json\/wp\/v2\/pages"}],"about":[{"href":"https:\/\/site.utm.ro\/en\/wp-json\/wp\/v2\/types\/page"}],"author":[{"embeddable":true,"href":"https:\/\/site.utm.ro\/en\/wp-json\/wp\/v2\/users\/1"}],"replies":[{"embeddable":true,"href":"https:\/\/site.utm.ro\/en\/wp-json\/wp\/v2\/comments?post=29029"}],"version-history":[{"count":0,"href":"https:\/\/site.utm.ro\/en\/wp-json\/wp\/v2\/pages\/29029\/revisions"}],"up":[{"embeddable":true,"href":"https:\/\/site.utm.ro\/en\/wp-json\/wp\/v2\/pages\/29011"}],"wp:attachment":[{"href":"https:\/\/site.utm.ro\/en\/wp-json\/wp\/v2\/media?parent=29029"}],"curies":[{"name":"wp","href":"https:\/\/api.w.org\/{rel}","templated":true}]}}