{"id":29028,"date":"2026-03-04T13:58:38","date_gmt":"2026-03-04T13:58:38","guid":{"rendered":"https:\/\/site.utm.ro\/?page_id=29028"},"modified":"2026-03-04T14:00:17","modified_gmt":"2026-03-04T14:00:17","slug":"transfer","status":"publish","type":"page","link":"https:\/\/site.utm.ro\/en\/rezidentiat\/etape-rezidentiat\/transfer\/","title":{"rendered":"Transfer"},"content":{"rendered":"<div data-elementor-type=\"wp-page\" data-elementor-id=\"29028\" class=\"elementor elementor-29028\" data-elementor-post-type=\"page\">\n\t\t\t\t\t\t<section class=\"elementor-section elementor-top-section elementor-element elementor-element-b37bfb6 elementor-section-height-min-height elementor-section-full_width elementor-section-height-default elementor-section-items-middle\" data-id=\"b37bfb6\" data-element_type=\"section\" data-e-type=\"section\" data-settings=\"{&quot;background_background&quot;:&quot;classic&quot;}\">\n\t\t\t\t\t\t\t<div class=\"elementor-background-overlay\"><\/div>\n\t\t\t\t\t\t\t<div class=\"elementor-container elementor-column-gap-default\">\n\t\t\t\t\t<div class=\"elementor-column elementor-col-100 elementor-top-column elementor-element elementor-element-ff3fcd2\" data-id=\"ff3fcd2\" data-element_type=\"column\" data-e-type=\"column\" data-settings=\"{&quot;background_background&quot;:&quot;classic&quot;}\">\n\t\t\t<div class=\"elementor-widget-wrap\">\n\t\t\t\t\t\t\t<\/div>\n\t\t<\/div>\n\t\t\t\t\t<\/div>\n\t\t<\/section>\n\t\t\t\t<section class=\"elementor-section elementor-top-section elementor-element elementor-element-e644bcc elementor-section-boxed elementor-section-height-default elementor-section-height-default\" data-id=\"e644bcc\" data-element_type=\"section\" data-e-type=\"section\">\n\t\t\t\t\t\t<div class=\"elementor-container elementor-column-gap-no\">\n\t\t\t\t\t<div class=\"elementor-column elementor-col-50 elementor-top-column elementor-element elementor-element-364b315 animated-fast elementor-invisible\" data-id=\"364b315\" data-element_type=\"column\" data-e-type=\"column\" data-settings=\"{&quot;background_background&quot;:&quot;classic&quot;,&quot;animation&quot;:&quot;fadeIn&quot;,&quot;animation_tablet&quot;:&quot;none&quot;,&quot;animation_mobile&quot;:&quot;none&quot;,&quot;animation_delay&quot;:100}\">\n\t\t\t<div class=\"elementor-widget-wrap elementor-element-populated\">\n\t\t\t\t\t\t<div class=\"elementor-element elementor-element-6ae1957 elementor-widget elementor-widget-heading\" data-id=\"6ae1957\" data-element_type=\"widget\" data-e-type=\"widget\" data-widget_type=\"heading.default\">\n\t\t\t\t<div class=\"elementor-widget-container\">\n\t\t\t\t\t<h1 class=\"elementor-heading-title elementor-size-default\">Residency stages<\/h1>\t\t\t\t<\/div>\n\t\t\t\t<\/div>\n\t\t\t\t\t<\/div>\n\t\t<\/div>\n\t\t\t\t<div class=\"elementor-column elementor-col-50 elementor-top-column elementor-element elementor-element-e8319ff elementor-hidden-desktop elementor-hidden-tablet elementor-hidden-phone\" data-id=\"e8319ff\" data-element_type=\"column\" data-e-type=\"column\">\n\t\t\t<div class=\"elementor-widget-wrap\">\n\t\t\t\t\t\t\t<\/div>\n\t\t<\/div>\n\t\t\t\t\t<\/div>\n\t\t<\/section>\n\t\t\t\t<section class=\"elementor-section elementor-top-section elementor-element elementor-element-2111918 elementor-section-boxed elementor-section-height-default elementor-section-height-default\" data-id=\"2111918\" data-element_type=\"section\" data-e-type=\"section\">\n\t\t\t\t\t\t<div class=\"elementor-container elementor-column-gap-default\">\n\t\t\t\t\t<div class=\"elementor-column elementor-col-100 elementor-top-column elementor-element elementor-element-943ac48\" data-id=\"943ac48\" data-element_type=\"column\" data-e-type=\"column\" data-settings=\"{&quot;background_background&quot;:&quot;classic&quot;}\">\n\t\t\t<div class=\"elementor-widget-wrap elementor-element-populated\">\n\t\t\t\t\t\t<div class=\"elementor-element elementor-element-4932e17  custom-inpage-menu elementor-nav-menu__align-start elementor-nav-menu--dropdown-none vamtam-has-mobile-disable-scroll elementor-widget elementor-widget-nav-menu\" data-id=\"4932e17\" data-element_type=\"widget\" data-e-type=\"widget\" data-settings=\"{&quot;layout&quot;:&quot;horizontal&quot;,&quot;submenu_icon&quot;:{&quot;value&quot;:&quot;&lt;i class=\\&quot;fas fa-caret-down\\&quot; aria-hidden=\\&quot;true\\&quot;&gt;&lt;\\\/i&gt;&quot;,&quot;library&quot;:&quot;fa-solid&quot;},&quot;toggle_icon_active&quot;:{&quot;value&quot;:&quot;&quot;,&quot;library&quot;:&quot;&quot;}}\" data-widget_type=\"nav-menu.default\">\n\t\t\t\t<div class=\"elementor-widget-container\">\n\t\t\t\t\t\t\t\t<nav aria-label=\"Menu\" class=\"elementor-nav-menu--main elementor-nav-menu__container elementor-nav-menu--layout-horizontal e--pointer-underline e--animation-fade\">\n\t\t\t\t<ul id=\"menu-1-4932e17\" class=\"elementor-nav-menu\"><li class=\"menu-item menu-item-type-post_type menu-item-object-page menu-item-29013\"><a href=\"https:\/\/site.utm.ro\/en\/rezidentiat\/etape-rezidentiat\/\" class=\"elementor-item\">About<\/a><\/li>\n<li class=\"menu-item menu-item-type-post_type menu-item-object-page menu-item-29020\"><a href=\"https:\/\/site.utm.ro\/en\/rezidentiat\/etape-rezidentiat\/detasare\/\" class=\"elementor-item\">Deta\u0219are<\/a><\/li>\n<li class=\"menu-item menu-item-type-post_type menu-item-object-page menu-item-29036\"><a href=\"https:\/\/site.utm.ro\/en\/rezidentiat\/etape-rezidentiat\/transfer\/\" class=\"elementor-item\">Transfer<\/a><\/li>\n<li class=\"menu-item menu-item-type-post_type menu-item-object-page menu-item-29046\"><a href=\"https:\/\/site.utm.ro\/en\/rezidentiat\/etape-rezidentiat\/a-doua-specialitate-cu-taxe\/\" class=\"elementor-item\">A doua specialitate cu taxe<\/a><\/li>\n<li class=\"menu-item menu-item-type-post_type menu-item-object-page menu-item-29058\"><a href=\"https:\/\/site.utm.ro\/en\/rezidentiat\/etape-rezidentiat\/rotatii-de-stagiu\/\" class=\"elementor-item\">Rota\u021bii de stagiu<\/a><\/li>\n<li class=\"menu-item menu-item-type-post_type menu-item-object-page menu-item-29074\"><a href=\"https:\/\/site.utm.ro\/en\/rezidentiat\/etape-rezidentiat\/echivalari-stagii-din-strainatate\/\" class=\"elementor-item\">Echival\u0103ri stagii din str\u0103in\u0103tate<\/a><\/li>\n<li class=\"menu-item menu-item-type-post_type menu-item-object-page menu-item-29076\"><a href=\"https:\/\/site.utm.ro\/en\/rezidentiat\/etape-rezidentiat\/schimbare-specialitate\/\" class=\"elementor-item\">Schimbare specialitate<\/a><\/li>\n<li class=\"menu-item menu-item-type-post_type menu-item-object-page menu-item-29082\"><a href=\"https:\/\/site.utm.ro\/en\/rezidentiat\/etape-rezidentiat\/intrerupere-rezidentiat\/\" class=\"elementor-item\">\u00centrerupere reziden\u021biat<\/a><\/li>\n<li class=\"menu-item menu-item-type-post_type menu-item-object-page menu-item-29089\"><a href=\"https:\/\/site.utm.ro\/en\/rezidentiat\/etape-rezidentiat\/prelungire-rezidentiat\/\" class=\"elementor-item\">Prelungire reziden\u021biat<\/a><\/li>\n<\/ul>\t\t\t<\/nav>\n\t\t\t\t\t\t<nav class=\"elementor-nav-menu--dropdown elementor-nav-menu__container\" aria-hidden=\"true\">\n\t\t\t\t<ul id=\"menu-2-4932e17\" class=\"elementor-nav-menu\"><li class=\"menu-item menu-item-type-post_type menu-item-object-page menu-item-29013\"><a href=\"https:\/\/site.utm.ro\/en\/rezidentiat\/etape-rezidentiat\/\" class=\"elementor-item\" tabindex=\"-1\">About<\/a><\/li>\n<li class=\"menu-item menu-item-type-post_type menu-item-object-page menu-item-29020\"><a href=\"https:\/\/site.utm.ro\/en\/rezidentiat\/etape-rezidentiat\/detasare\/\" class=\"elementor-item\" tabindex=\"-1\">Deta\u0219are<\/a><\/li>\n<li class=\"menu-item menu-item-type-post_type menu-item-object-page menu-item-29036\"><a href=\"https:\/\/site.utm.ro\/en\/rezidentiat\/etape-rezidentiat\/transfer\/\" class=\"elementor-item\" tabindex=\"-1\">Transfer<\/a><\/li>\n<li class=\"menu-item menu-item-type-post_type menu-item-object-page menu-item-29046\"><a href=\"https:\/\/site.utm.ro\/en\/rezidentiat\/etape-rezidentiat\/a-doua-specialitate-cu-taxe\/\" class=\"elementor-item\" tabindex=\"-1\">A doua specialitate cu taxe<\/a><\/li>\n<li class=\"menu-item menu-item-type-post_type menu-item-object-page menu-item-29058\"><a href=\"https:\/\/site.utm.ro\/en\/rezidentiat\/etape-rezidentiat\/rotatii-de-stagiu\/\" class=\"elementor-item\" tabindex=\"-1\">Rota\u021bii de stagiu<\/a><\/li>\n<li class=\"menu-item menu-item-type-post_type menu-item-object-page menu-item-29074\"><a href=\"https:\/\/site.utm.ro\/en\/rezidentiat\/etape-rezidentiat\/echivalari-stagii-din-strainatate\/\" class=\"elementor-item\" tabindex=\"-1\">Echival\u0103ri stagii din str\u0103in\u0103tate<\/a><\/li>\n<li class=\"menu-item menu-item-type-post_type menu-item-object-page menu-item-29076\"><a href=\"https:\/\/site.utm.ro\/en\/rezidentiat\/etape-rezidentiat\/schimbare-specialitate\/\" class=\"elementor-item\" tabindex=\"-1\">Schimbare specialitate<\/a><\/li>\n<li class=\"menu-item menu-item-type-post_type menu-item-object-page menu-item-29082\"><a href=\"https:\/\/site.utm.ro\/en\/rezidentiat\/etape-rezidentiat\/intrerupere-rezidentiat\/\" class=\"elementor-item\" tabindex=\"-1\">\u00centrerupere reziden\u021biat<\/a><\/li>\n<li class=\"menu-item menu-item-type-post_type menu-item-object-page menu-item-29089\"><a href=\"https:\/\/site.utm.ro\/en\/rezidentiat\/etape-rezidentiat\/prelungire-rezidentiat\/\" class=\"elementor-item\" tabindex=\"-1\">Prelungire reziden\u021biat<\/a><\/li>\n<\/ul>\t\t\t<\/nav>\n\t\t\t\t\t\t<\/div>\n\t\t\t\t<\/div>\n\t\t\t\t\t<\/div>\n\t\t<\/div>\n\t\t\t\t\t<\/div>\n\t\t<\/section>\n\t\t\t\t<section class=\"elementor-section elementor-top-section elementor-element elementor-element-27b04bf elementor-section-boxed elementor-section-height-default elementor-section-height-default\" data-id=\"27b04bf\" data-element_type=\"section\" data-e-type=\"section\">\n\t\t\t\t\t\t<div class=\"elementor-container elementor-column-gap-default\">\n\t\t\t\t\t<div class=\"elementor-column elementor-col-100 elementor-top-column elementor-element elementor-element-78487f9\" data-id=\"78487f9\" data-element_type=\"column\" data-e-type=\"column\">\n\t\t\t<div class=\"elementor-widget-wrap elementor-element-populated\">\n\t\t\t\t\t\t<div class=\"elementor-element elementor-element-841880c elementor-widget elementor-widget-text-editor\" data-id=\"841880c\" data-element_type=\"widget\" data-e-type=\"widget\" data-widget_type=\"text-editor.default\">\n\t\t\t\t<div class=\"elementor-widget-container\">\n\t\t\t\t\t\t\t\t\t<p><strong>TRANSFERUL&nbsp; \u2013&nbsp;<\/strong><strong>schimbarea centrului universitar de preg\u0103tire prin reziden\u021biat<\/strong><\/p>\n<p>Transferul se aprob\u0103 de Ministerul S\u0103n\u0103t\u0103\u021bii \u00een cele dou\u0103 sesiuni&nbsp; anuale, organizate \u00een martie \u2013 aprilie \u0219i septembrie-octombrie, in limita locurilor disponibile afi\u0219ate pe site-ul&nbsp;Universit\u0103\u021bii Titu Maiorescu.<\/p>\n<p>\u00cen vederea aprob\u0103rii transferului:<\/p>\n<p>For&nbsp;<strong>TRANSFER PRIMIRE&nbsp;<\/strong>\u00een Centrul de preg\u0103tire Titu Maiorescu<strong>,&nbsp;<\/strong>rezidentul depune la Biroul Reziden\u021bi:<\/p>\n<ul>\n<li>Cererea de transfer cu acordul de primire al coordonatorului de specialitate<\/li>\n<li>Cererea de transfer cu acordul de plecare al institu\u021biei<\/li>\n<li>Documente justificative privind motivele solicit\u0103rii<\/li>\n<li>Acordul de transfer al unit\u0103\u021bii angajatoare pentru reziden\u021bii pe post. Reziden\u021bii pe loc, vor prezenta avizul unei unit\u0103\u021bi angajatoare din centrul universitar solicitat.<\/li>\n<\/ul>\n<p>For&nbsp;<strong>TRANSFER PLECARE&nbsp;<\/strong>din Centrul de preg\u0103tire Titu Maiorescu<strong>,&nbsp;<\/strong>rezidentul depune la Biroul Reziden\u021bi:<\/p>\n<ul>\n<li>Cererea tip de transfer cu acordul de plecare al institu\u021biei<\/li>\n<li>Cererea de transfer cu acordul de primire al coordonatorului de specialitate \u0219i al institu\u021biei \u00een care solicit\u0103 transferul<\/li>\n<li>Acordul unit\u0103\u021bii angajatoare pentru transfer<\/li>\n<\/ul>\n<p><strong>Se acord\u0103 avizul cu prioritate pentru urm\u0103toarele categorii:<\/strong><\/p>\n<ul>\n<li>Unic sus\u021bin\u0103tor al unui copil minor;<\/li>\n<li>So\u021b\/so\u021bie cu loc de munc\u0103 \u00een centrul universitar solicitat;<\/li>\n<li>Cadru didactic \u00een centrul universitar solicitat;<\/li>\n<li>Persoane \u00een \u00eentre\u021binere \u00een centrul universitar solicitat;<\/li>\n<li>Locuin\u021b\u0103 proprietate personal\u0103 \u00een centrul universitar solicitat sau la mai pu\u021bin de 100 km.<\/li>\n<\/ul>\n<p><strong>IMPORTANT: Transferul se acord\u0103 numai pentru reziden\u021bii prin concurs, \u00eencep\u00e2nd cu anul 2 de preg\u0103tire, prioritate av\u00e2nd reziden\u021bii din anii mai mari!<\/strong><\/p>\n<p>Cererile pentru ob\u021binerea aprob\u0103rilor Directorului de Departament \u0219i al Rectorului Universit\u0103\u021bii Titu Maiorescu, se transmit la Biroul reziden\u021bi.<\/p>\n<p><a href=\"https:\/\/www.utm.ro\/wp-content\/uploads\/2026\/02\/TRANSFER-PRIMIRE-IN-UTM.docx\" target=\"_blank\" rel=\"noopener\"><strong>&nbsp;Cerere transfer primire \u00een UTM<\/strong><\/a><\/p>\n<p class=\"x_MsoNormal\"><b data-olk-copy-source=\"MessageBody\">TRANSFER PLECARE&nbsp;<\/b><\/p>\n<ul type=\"disc\">\n<li class=\"x_MsoNormal\">Cererea de transfer cu acordul&nbsp;<b>de primire<\/b>&nbsp;al coordonatorului de specialitate \u0219i al institu\u021biei<\/li>\n<\/ul>\n<p><a href=\"https:\/\/www.utm.ro\/wp-content\/uploads\/2026\/02\/TRANSFER-PLECARE-din-UTM.docx\" target=\"_blank\" rel=\"noopener\"><strong>Cerere transfer plecare&nbsp;<\/strong><\/a><\/p>\n<p><\/p>\t\t\t\t\t\t\t\t<\/div>\n\t\t\t\t<\/div>\n\t\t\t\t\t<\/div>\n\t\t<\/div>\n\t\t\t\t\t<\/div>\n\t\t<\/section>\n\t\t\t\t<section class=\"elementor-section elementor-top-section elementor-element elementor-element-fd895b7 elementor-section-boxed elementor-section-height-default elementor-section-height-default\" data-id=\"fd895b7\" data-element_type=\"section\" data-e-type=\"section\">\n\t\t\t\t\t\t<div class=\"elementor-container elementor-column-gap-default\">\n\t\t\t\t\t<div class=\"elementor-column elementor-col-100 elementor-top-column elementor-element elementor-element-05b3fa5\" data-id=\"05b3fa5\" data-element_type=\"column\" data-e-type=\"column\">\n\t\t\t<div class=\"elementor-widget-wrap elementor-element-populated\">\n\t\t\t\t\t\t<div class=\"elementor-element elementor-element-d854764 elementor-widget elementor-widget-spacer\" data-id=\"d854764\" data-element_type=\"widget\" data-e-type=\"widget\" data-widget_type=\"spacer.default\">\n\t\t\t\t<div class=\"elementor-widget-container\">\n\t\t\t\t\t\t\t<div class=\"elementor-spacer\">\n\t\t\t<div class=\"elementor-spacer-inner\"><\/div>\n\t\t<\/div>\n\t\t\t\t\t\t<\/div>\n\t\t\t\t<\/div>\n\t\t\t\t\t<\/div>\n\t\t<\/div>\n\t\t\t\t\t<\/div>\n\t\t<\/section>\n\t\t\t\t<\/div>","protected":false},"excerpt":{"rendered":"<p>Etape reziden\u021biat TRANSFERUL&nbsp; \u2013&nbsp;schimbarea centrului universitar de preg\u0103tire prin reziden\u021biat Transferul se aprob\u0103 de Ministerul S\u0103n\u0103t\u0103\u021bii \u00een cele dou\u0103 sesiuni&nbsp; anuale, organizate \u00een martie \u2013 aprilie \u0219i septembrie-octombrie, in limita locurilor disponibile afi\u0219ate pe site-ul&nbsp;Universit\u0103\u021bii Titu Maiorescu. \u00cen vederea aprob\u0103rii transferului: Pentru&nbsp;TRANSFER PRIMIRE&nbsp;\u00een Centrul de preg\u0103tire Titu Maiorescu,&nbsp;rezidentul depune la Biroul Reziden\u021bi: Cererea de transfer&#8230;<\/p>","protected":false},"author":1,"featured_media":0,"parent":29011,"menu_order":0,"comment_status":"closed","ping_status":"closed","template":"","meta":{"footnotes":""},"class_list":["post-29028","page","type-page","status-publish","hentry"],"_links":{"self":[{"href":"https:\/\/site.utm.ro\/en\/wp-json\/wp\/v2\/pages\/29028","targetHints":{"allow":["GET"]}}],"collection":[{"href":"https:\/\/site.utm.ro\/en\/wp-json\/wp\/v2\/pages"}],"about":[{"href":"https:\/\/site.utm.ro\/en\/wp-json\/wp\/v2\/types\/page"}],"author":[{"embeddable":true,"href":"https:\/\/site.utm.ro\/en\/wp-json\/wp\/v2\/users\/1"}],"replies":[{"embeddable":true,"href":"https:\/\/site.utm.ro\/en\/wp-json\/wp\/v2\/comments?post=29028"}],"version-history":[{"count":0,"href":"https:\/\/site.utm.ro\/en\/wp-json\/wp\/v2\/pages\/29028\/revisions"}],"up":[{"embeddable":true,"href":"https:\/\/site.utm.ro\/en\/wp-json\/wp\/v2\/pages\/29011"}],"wp:attachment":[{"href":"https:\/\/site.utm.ro\/en\/wp-json\/wp\/v2\/media?parent=29028"}],"curies":[{"name":"wp","href":"https:\/\/api.w.org\/{rel}","templated":true}]}}