{"id":29018,"date":"2026-03-04T13:55:06","date_gmt":"2026-03-04T13:55:06","guid":{"rendered":"https:\/\/site.utm.ro\/?page_id=29018"},"modified":"2026-03-04T13:57:25","modified_gmt":"2026-03-04T13:57:25","slug":"detasare","status":"publish","type":"page","link":"https:\/\/site.utm.ro\/en\/rezidentiat\/etape-rezidentiat\/detasare\/","title":{"rendered":"Deta\u0219are"},"content":{"rendered":"<div data-elementor-type=\"wp-page\" data-elementor-id=\"29018\" class=\"elementor elementor-29018\" data-elementor-post-type=\"page\">\n\t\t\t\t\t\t<section class=\"elementor-section elementor-top-section elementor-element elementor-element-b37bfb6 elementor-section-height-min-height elementor-section-full_width elementor-section-height-default elementor-section-items-middle\" data-id=\"b37bfb6\" data-element_type=\"section\" data-e-type=\"section\" data-settings=\"{&quot;background_background&quot;:&quot;classic&quot;}\">\n\t\t\t\t\t\t\t<div class=\"elementor-background-overlay\"><\/div>\n\t\t\t\t\t\t\t<div class=\"elementor-container elementor-column-gap-default\">\n\t\t\t\t\t<div class=\"elementor-column elementor-col-100 elementor-top-column elementor-element elementor-element-ff3fcd2\" data-id=\"ff3fcd2\" data-element_type=\"column\" data-e-type=\"column\" data-settings=\"{&quot;background_background&quot;:&quot;classic&quot;}\">\n\t\t\t<div class=\"elementor-widget-wrap\">\n\t\t\t\t\t\t\t<\/div>\n\t\t<\/div>\n\t\t\t\t\t<\/div>\n\t\t<\/section>\n\t\t\t\t<section class=\"elementor-section elementor-top-section elementor-element elementor-element-e644bcc elementor-section-boxed elementor-section-height-default elementor-section-height-default\" data-id=\"e644bcc\" data-element_type=\"section\" data-e-type=\"section\">\n\t\t\t\t\t\t<div class=\"elementor-container elementor-column-gap-no\">\n\t\t\t\t\t<div class=\"elementor-column elementor-col-50 elementor-top-column elementor-element elementor-element-364b315 animated-fast elementor-invisible\" data-id=\"364b315\" data-element_type=\"column\" data-e-type=\"column\" data-settings=\"{&quot;background_background&quot;:&quot;classic&quot;,&quot;animation&quot;:&quot;fadeIn&quot;,&quot;animation_tablet&quot;:&quot;none&quot;,&quot;animation_mobile&quot;:&quot;none&quot;,&quot;animation_delay&quot;:100}\">\n\t\t\t<div class=\"elementor-widget-wrap elementor-element-populated\">\n\t\t\t\t\t\t<div class=\"elementor-element elementor-element-6ae1957 elementor-widget elementor-widget-heading\" data-id=\"6ae1957\" data-element_type=\"widget\" data-e-type=\"widget\" data-widget_type=\"heading.default\">\n\t\t\t\t<div class=\"elementor-widget-container\">\n\t\t\t\t\t<h1 class=\"elementor-heading-title elementor-size-default\">Residency stages<\/h1>\t\t\t\t<\/div>\n\t\t\t\t<\/div>\n\t\t\t\t\t<\/div>\n\t\t<\/div>\n\t\t\t\t<div class=\"elementor-column elementor-col-50 elementor-top-column elementor-element elementor-element-e8319ff elementor-hidden-desktop elementor-hidden-tablet elementor-hidden-phone\" data-id=\"e8319ff\" data-element_type=\"column\" data-e-type=\"column\">\n\t\t\t<div class=\"elementor-widget-wrap\">\n\t\t\t\t\t\t\t<\/div>\n\t\t<\/div>\n\t\t\t\t\t<\/div>\n\t\t<\/section>\n\t\t\t\t<section class=\"elementor-section elementor-top-section elementor-element elementor-element-2111918 elementor-section-boxed elementor-section-height-default elementor-section-height-default\" data-id=\"2111918\" data-element_type=\"section\" data-e-type=\"section\">\n\t\t\t\t\t\t<div class=\"elementor-container elementor-column-gap-default\">\n\t\t\t\t\t<div class=\"elementor-column elementor-col-100 elementor-top-column elementor-element elementor-element-943ac48\" data-id=\"943ac48\" data-element_type=\"column\" data-e-type=\"column\" data-settings=\"{&quot;background_background&quot;:&quot;classic&quot;}\">\n\t\t\t<div class=\"elementor-widget-wrap elementor-element-populated\">\n\t\t\t\t\t\t<div class=\"elementor-element elementor-element-4932e17  custom-inpage-menu elementor-nav-menu__align-start elementor-nav-menu--dropdown-none vamtam-has-mobile-disable-scroll elementor-widget elementor-widget-nav-menu\" data-id=\"4932e17\" data-element_type=\"widget\" data-e-type=\"widget\" data-settings=\"{&quot;layout&quot;:&quot;horizontal&quot;,&quot;submenu_icon&quot;:{&quot;value&quot;:&quot;&lt;i class=\\&quot;fas fa-caret-down\\&quot; aria-hidden=\\&quot;true\\&quot;&gt;&lt;\\\/i&gt;&quot;,&quot;library&quot;:&quot;fa-solid&quot;},&quot;toggle_icon_active&quot;:{&quot;value&quot;:&quot;&quot;,&quot;library&quot;:&quot;&quot;}}\" data-widget_type=\"nav-menu.default\">\n\t\t\t\t<div class=\"elementor-widget-container\">\n\t\t\t\t\t\t\t\t<nav aria-label=\"Menu\" class=\"elementor-nav-menu--main elementor-nav-menu__container elementor-nav-menu--layout-horizontal e--pointer-underline e--animation-fade\">\n\t\t\t\t<ul id=\"menu-1-4932e17\" class=\"elementor-nav-menu\"><li class=\"menu-item menu-item-type-post_type menu-item-object-page menu-item-29013\"><a href=\"https:\/\/site.utm.ro\/en\/rezidentiat\/etape-rezidentiat\/\" class=\"elementor-item\">About<\/a><\/li>\n<li class=\"menu-item menu-item-type-post_type menu-item-object-page menu-item-29020\"><a href=\"https:\/\/site.utm.ro\/en\/rezidentiat\/etape-rezidentiat\/detasare\/\" class=\"elementor-item\">Deta\u0219are<\/a><\/li>\n<li class=\"menu-item menu-item-type-post_type menu-item-object-page menu-item-29036\"><a href=\"https:\/\/site.utm.ro\/en\/rezidentiat\/etape-rezidentiat\/transfer\/\" class=\"elementor-item\">Transfer<\/a><\/li>\n<li class=\"menu-item menu-item-type-post_type menu-item-object-page menu-item-29046\"><a href=\"https:\/\/site.utm.ro\/en\/rezidentiat\/etape-rezidentiat\/a-doua-specialitate-cu-taxe\/\" class=\"elementor-item\">A doua specialitate cu taxe<\/a><\/li>\n<li class=\"menu-item menu-item-type-post_type menu-item-object-page menu-item-29058\"><a href=\"https:\/\/site.utm.ro\/en\/rezidentiat\/etape-rezidentiat\/rotatii-de-stagiu\/\" class=\"elementor-item\">Rota\u021bii de stagiu<\/a><\/li>\n<li class=\"menu-item menu-item-type-post_type menu-item-object-page menu-item-29074\"><a href=\"https:\/\/site.utm.ro\/en\/rezidentiat\/etape-rezidentiat\/echivalari-stagii-din-strainatate\/\" class=\"elementor-item\">Echival\u0103ri stagii din str\u0103in\u0103tate<\/a><\/li>\n<li class=\"menu-item menu-item-type-post_type menu-item-object-page menu-item-29076\"><a href=\"https:\/\/site.utm.ro\/en\/rezidentiat\/etape-rezidentiat\/schimbare-specialitate\/\" class=\"elementor-item\">Schimbare specialitate<\/a><\/li>\n<li class=\"menu-item menu-item-type-post_type menu-item-object-page menu-item-29082\"><a href=\"https:\/\/site.utm.ro\/en\/rezidentiat\/etape-rezidentiat\/intrerupere-rezidentiat\/\" class=\"elementor-item\">\u00centrerupere reziden\u021biat<\/a><\/li>\n<li class=\"menu-item menu-item-type-post_type menu-item-object-page menu-item-29089\"><a href=\"https:\/\/site.utm.ro\/en\/rezidentiat\/etape-rezidentiat\/prelungire-rezidentiat\/\" class=\"elementor-item\">Prelungire reziden\u021biat<\/a><\/li>\n<\/ul>\t\t\t<\/nav>\n\t\t\t\t\t\t<nav class=\"elementor-nav-menu--dropdown elementor-nav-menu__container\" aria-hidden=\"true\">\n\t\t\t\t<ul id=\"menu-2-4932e17\" class=\"elementor-nav-menu\"><li class=\"menu-item menu-item-type-post_type menu-item-object-page menu-item-29013\"><a href=\"https:\/\/site.utm.ro\/en\/rezidentiat\/etape-rezidentiat\/\" class=\"elementor-item\" tabindex=\"-1\">About<\/a><\/li>\n<li class=\"menu-item menu-item-type-post_type menu-item-object-page menu-item-29020\"><a href=\"https:\/\/site.utm.ro\/en\/rezidentiat\/etape-rezidentiat\/detasare\/\" class=\"elementor-item\" tabindex=\"-1\">Deta\u0219are<\/a><\/li>\n<li class=\"menu-item menu-item-type-post_type menu-item-object-page menu-item-29036\"><a href=\"https:\/\/site.utm.ro\/en\/rezidentiat\/etape-rezidentiat\/transfer\/\" class=\"elementor-item\" tabindex=\"-1\">Transfer<\/a><\/li>\n<li class=\"menu-item menu-item-type-post_type menu-item-object-page menu-item-29046\"><a href=\"https:\/\/site.utm.ro\/en\/rezidentiat\/etape-rezidentiat\/a-doua-specialitate-cu-taxe\/\" class=\"elementor-item\" tabindex=\"-1\">A doua specialitate cu taxe<\/a><\/li>\n<li class=\"menu-item menu-item-type-post_type menu-item-object-page menu-item-29058\"><a href=\"https:\/\/site.utm.ro\/en\/rezidentiat\/etape-rezidentiat\/rotatii-de-stagiu\/\" class=\"elementor-item\" tabindex=\"-1\">Rota\u021bii de stagiu<\/a><\/li>\n<li class=\"menu-item menu-item-type-post_type menu-item-object-page menu-item-29074\"><a href=\"https:\/\/site.utm.ro\/en\/rezidentiat\/etape-rezidentiat\/echivalari-stagii-din-strainatate\/\" class=\"elementor-item\" tabindex=\"-1\">Echival\u0103ri stagii din str\u0103in\u0103tate<\/a><\/li>\n<li class=\"menu-item menu-item-type-post_type menu-item-object-page menu-item-29076\"><a href=\"https:\/\/site.utm.ro\/en\/rezidentiat\/etape-rezidentiat\/schimbare-specialitate\/\" class=\"elementor-item\" tabindex=\"-1\">Schimbare specialitate<\/a><\/li>\n<li class=\"menu-item menu-item-type-post_type menu-item-object-page menu-item-29082\"><a href=\"https:\/\/site.utm.ro\/en\/rezidentiat\/etape-rezidentiat\/intrerupere-rezidentiat\/\" class=\"elementor-item\" tabindex=\"-1\">\u00centrerupere reziden\u021biat<\/a><\/li>\n<li class=\"menu-item menu-item-type-post_type menu-item-object-page menu-item-29089\"><a href=\"https:\/\/site.utm.ro\/en\/rezidentiat\/etape-rezidentiat\/prelungire-rezidentiat\/\" class=\"elementor-item\" tabindex=\"-1\">Prelungire reziden\u021biat<\/a><\/li>\n<\/ul>\t\t\t<\/nav>\n\t\t\t\t\t\t<\/div>\n\t\t\t\t<\/div>\n\t\t\t\t\t<\/div>\n\t\t<\/div>\n\t\t\t\t\t<\/div>\n\t\t<\/section>\n\t\t\t\t<section class=\"elementor-section elementor-top-section elementor-element elementor-element-27b04bf elementor-section-boxed elementor-section-height-default elementor-section-height-default\" data-id=\"27b04bf\" data-element_type=\"section\" data-e-type=\"section\">\n\t\t\t\t\t\t<div class=\"elementor-container elementor-column-gap-default\">\n\t\t\t\t\t<div class=\"elementor-column elementor-col-100 elementor-top-column elementor-element elementor-element-78487f9\" data-id=\"78487f9\" data-element_type=\"column\" data-e-type=\"column\">\n\t\t\t<div class=\"elementor-widget-wrap elementor-element-populated\">\n\t\t\t\t\t\t<div class=\"elementor-element elementor-element-841880c elementor-widget elementor-widget-text-editor\" data-id=\"841880c\" data-element_type=\"widget\" data-e-type=\"widget\" data-widget_type=\"text-editor.default\">\n\t\t\t\t<div class=\"elementor-widget-container\">\n\t\t\t\t\t\t\t\t\t<p><strong>INFORMA\u021aII DETA\u0218ARE<\/strong><\/p>\n<p>Prin deta\u0219are se \u00een\u021belege efectuarea unor module de preg\u0103tire \u00een reziden\u021biat, \u00een alt centru universitar dec\u00e2t cel \u00een care este repartizat<\/p>\n<p>Deta\u0219area se poate aproba \u00een urm\u0103toarele situa\u021bii:<\/p>\n<ul>\n<li>Centrul \u00een care sunte\u021bi repartiza\u021bi nu poate asigura desf\u0103\u0219urarea modulului<\/li>\n<li>Alte motive personale temeinic justificate \u2013 \u00eenso\u021bite de dovezi<\/li>\n<\/ul>\n<p><strong>Pentru DETA\u0218ARE PLECARE din centrul universitar Titu Maiorescu \u00een alt centru de preg\u0103tire<\/strong><\/p>\n<p>Rezidentul transmite departamentului de preg\u0103tire \u00een reziden\u021biat urm\u0103toarele documente:<\/p>\n<ul>\n<li><strong>Cererea de DETA\u0218ARE<\/strong>\u00a0<strong>PLECARE<\/strong>\u00a0din centrul universitar Titu Maiorescu, \u00een care se specific\u0103:\u00a0<strong>centrul<\/strong>\u00a0unde va efectua modulele,\u00a0\u00a0<strong>modulele<\/strong>\u00a0pentru care dore\u0219te deta\u0219area, perioada desf\u0103\u0219ur\u0103rii pentru fiecare modul \u0219i\u00a0<strong>coordonatorul<\/strong>\u00a0cu care va efectua modulul, motivul. Cererea trebuie sa fie aprobat\u0103 de coordonatorul de specialitate.<\/li>\n<li>Pentru aprobarea Directorului de department, este necesar ca cererea de deta\u0219are plecare s\u0103 fie \u00eenso\u021bit\u0103 de cererea de deta\u0219are primire semnat\u0103 de coordonatorul de modul, acordul de primire al centrului universitar de preg\u0103tire, acordul spitalului pl\u0103titor \u0219i copie act identitate \/ copie prima pagin\u0103 carnet rezident.<\/li>\n<\/ul>\n<p><strong>Nota<\/strong>\u00a0\u2013 se completeaz\u0103 o singur\u0103 cerere de deta\u0219are plecare \u00een care se vor completa toate modulele pentru care se dore\u0219te deta\u0219area (pentru maxim 1 an de zile, dup\u0103 care se poate reface procedura de deta\u0219are pentru alte module). Cererile de plecare aprobate pot fi ridicate de la secretariat in maxim 5 zile de la depunere<\/p>\n<p>&nbsp;<\/p>\n<p><strong>Pentru DETA\u0218ARE PRIMIRE la centrul universitar de preg\u0103tire Titu Maiorescu din alt centrul universitar de preg\u0103tire<\/strong><\/p>\n<p>Rezidentul transmite departamentului de preg\u0103tire \u00een reziden\u021biat urm\u0103toarele documente:<\/p>\n<ul>\n<li><strong>Cererea de DETA\u0218ARE<\/strong>\u00a0<strong>PRIMIRE<\/strong>\u00a0\u00een centrul universitar Titu Maiorescu, aprobat\u0103 de coordonatorul de modul.<\/li>\n<li>Pentru aprobarea Directorului de department, este necesar ca cererea de deta\u0219are primire s\u0103 fie \u00eenso\u021bit\u0103 de cererea de deta\u0219are plecare semnat\u0103 de coordonatorul de specialitate, acordul centrului de preg\u0103tire pentru plecare, acordul spitalului pl\u0103titor \u0219i copie act identitate \/ copie prima pagin\u0103 carnet rezident.<\/li>\n<\/ul>\n<p><strong>Nota<\/strong>\u00a0\u2013 Cererea de deta\u0219are primire se completeaz\u0103 pentru fiecare modul\u00a0 \u2013 fiind necesar\u0103 aprobarea fiec\u0103rui coordonator de modul.<\/p>\n<p><strong>Documentele pot fi transmise pe e<\/strong>-mail\u00a0<a href=\"mailto:rezidentiat@univ.utm.ro\">rezidentiat@univ.utm.ro<\/a>\u00a0sau pot fi aduse fizic la Biroul Reziden\u021bi.<\/p>\n<p>Cererile de primire aprobate vor fi si inregistrate in sistem iar deta\u0219area emis\u0103 poate fi ridicat\u0103 de la Biroul reziden\u021bi \u00een termen de 5 zile de la data depunerii si vor fi duse personal de reziden\u021bi la spitalul unde efectueaz\u0103 modulul \u0219i la spitalul pl\u0103titor.<\/p>\n<p>Pe perioada deta\u0219\u0103rii, toate obliga\u021biile privind preg\u0103tirea, revin coordonatorului \/ directorului de department\/responsabilului de formare din unitatea unde rezidentul se deta\u0219eaz\u0103, inclusiv examenele de final de modul.<\/p>\n<p><a href=\"\/wp-content\/uploads\/2026\/03\/Cerere-DETASARE-PRIMIRE.docx\"><strong>Cerere deta\u0219are primire<\/strong><\/a><\/p>\n<p><a href=\"\/wp-content\/uploads\/2026\/03\/Cerere-DETASARE-PLECARE.docx\"><strong>Cerere deta\u0219are plecare\u00a0<\/strong><\/a><\/p>\n<p><strong><a href=\"\/wp-content\/uploads\/2026\/03\/AVIZ-SPITAL-DETASARE.docx\">Aviz deta\u0219are Spital\u00a0<\/a><\/strong><\/p>\t\t\t\t\t\t\t\t<\/div>\n\t\t\t\t<\/div>\n\t\t\t\t\t<\/div>\n\t\t<\/div>\n\t\t\t\t\t<\/div>\n\t\t<\/section>\n\t\t\t\t<section class=\"elementor-section elementor-top-section elementor-element elementor-element-fd895b7 elementor-section-boxed elementor-section-height-default elementor-section-height-default\" data-id=\"fd895b7\" data-element_type=\"section\" data-e-type=\"section\">\n\t\t\t\t\t\t<div class=\"elementor-container elementor-column-gap-default\">\n\t\t\t\t\t<div class=\"elementor-column elementor-col-100 elementor-top-column elementor-element elementor-element-05b3fa5\" data-id=\"05b3fa5\" data-element_type=\"column\" data-e-type=\"column\">\n\t\t\t<div class=\"elementor-widget-wrap elementor-element-populated\">\n\t\t\t\t\t\t<div class=\"elementor-element elementor-element-d854764 elementor-widget elementor-widget-spacer\" data-id=\"d854764\" data-element_type=\"widget\" data-e-type=\"widget\" data-widget_type=\"spacer.default\">\n\t\t\t\t<div class=\"elementor-widget-container\">\n\t\t\t\t\t\t\t<div class=\"elementor-spacer\">\n\t\t\t<div class=\"elementor-spacer-inner\"><\/div>\n\t\t<\/div>\n\t\t\t\t\t\t<\/div>\n\t\t\t\t<\/div>\n\t\t\t\t\t<\/div>\n\t\t<\/div>\n\t\t\t\t\t<\/div>\n\t\t<\/section>\n\t\t\t\t<\/div>","protected":false},"excerpt":{"rendered":"<p>Etape reziden\u021biat INFORMA\u021aII DETA\u0218ARE Prin deta\u0219are se \u00een\u021belege efectuarea unor module de preg\u0103tire \u00een reziden\u021biat, \u00een alt centru universitar dec\u00e2t cel \u00een care este repartizat Deta\u0219area se poate aproba \u00een urm\u0103toarele situa\u021bii: Centrul \u00een care sunte\u021bi repartiza\u021bi nu poate asigura desf\u0103\u0219urarea modulului Alte motive personale temeinic justificate \u2013 \u00eenso\u021bite de dovezi Pentru DETA\u0218ARE PLECARE din&#8230;<\/p>","protected":false},"author":1,"featured_media":0,"parent":29011,"menu_order":0,"comment_status":"closed","ping_status":"closed","template":"","meta":{"footnotes":""},"class_list":["post-29018","page","type-page","status-publish","hentry"],"_links":{"self":[{"href":"https:\/\/site.utm.ro\/en\/wp-json\/wp\/v2\/pages\/29018","targetHints":{"allow":["GET"]}}],"collection":[{"href":"https:\/\/site.utm.ro\/en\/wp-json\/wp\/v2\/pages"}],"about":[{"href":"https:\/\/site.utm.ro\/en\/wp-json\/wp\/v2\/types\/page"}],"author":[{"embeddable":true,"href":"https:\/\/site.utm.ro\/en\/wp-json\/wp\/v2\/users\/1"}],"replies":[{"embeddable":true,"href":"https:\/\/site.utm.ro\/en\/wp-json\/wp\/v2\/comments?post=29018"}],"version-history":[{"count":0,"href":"https:\/\/site.utm.ro\/en\/wp-json\/wp\/v2\/pages\/29018\/revisions"}],"up":[{"embeddable":true,"href":"https:\/\/site.utm.ro\/en\/wp-json\/wp\/v2\/pages\/29011"}],"wp:attachment":[{"href":"https:\/\/site.utm.ro\/en\/wp-json\/wp\/v2\/media?parent=29018"}],"curies":[{"name":"wp","href":"https:\/\/api.w.org\/{rel}","templated":true}]}}