{"id":28989,"date":"2026-03-04T13:36:50","date_gmt":"2026-03-04T13:36:50","guid":{"rendered":"https:\/\/site.utm.ro\/?page_id=28989"},"modified":"2026-03-24T10:12:53","modified_gmt":"2026-03-24T10:12:53","slug":"admitere-non-ue","status":"publish","type":"page","link":"https:\/\/site.utm.ro\/en\/rezidentiat\/admitere-non-ue\/","title":{"rendered":"Non-EU admission"},"content":{"rendered":"<div data-elementor-type=\"wp-page\" data-elementor-id=\"28989\" class=\"elementor elementor-28989\" data-elementor-post-type=\"page\">\n\t\t\t\t\t\t<section class=\"elementor-section elementor-top-section elementor-element elementor-element-5439298 elementor-section-height-min-height elementor-section-full_width elementor-section-height-default elementor-section-items-middle\" data-id=\"5439298\" data-element_type=\"section\" data-e-type=\"section\" data-settings=\"{&quot;background_background&quot;:&quot;classic&quot;}\">\n\t\t\t\t\t\t\t<div class=\"elementor-background-overlay\"><\/div>\n\t\t\t\t\t\t\t<div class=\"elementor-container elementor-column-gap-default\">\n\t\t\t\t\t<div class=\"elementor-column elementor-col-100 elementor-top-column elementor-element elementor-element-b93082d\" data-id=\"b93082d\" data-element_type=\"column\" data-e-type=\"column\" data-settings=\"{&quot;background_background&quot;:&quot;classic&quot;}\">\n\t\t\t<div class=\"elementor-widget-wrap\">\n\t\t\t\t\t\t\t<\/div>\n\t\t<\/div>\n\t\t\t\t\t<\/div>\n\t\t<\/section>\n\t\t\t\t<section class=\"elementor-section elementor-top-section elementor-element elementor-element-b27f6c4 elementor-section-boxed elementor-section-height-default elementor-section-height-default\" data-id=\"b27f6c4\" data-element_type=\"section\" data-e-type=\"section\">\n\t\t\t\t\t\t<div class=\"elementor-container elementor-column-gap-no\">\n\t\t\t\t\t<div class=\"elementor-column elementor-col-50 elementor-top-column elementor-element elementor-element-d761169 animated-fast elementor-invisible\" data-id=\"d761169\" data-element_type=\"column\" data-e-type=\"column\" data-settings=\"{&quot;background_background&quot;:&quot;classic&quot;,&quot;animation&quot;:&quot;fadeIn&quot;,&quot;animation_tablet&quot;:&quot;none&quot;,&quot;animation_mobile&quot;:&quot;none&quot;,&quot;animation_delay&quot;:100}\">\n\t\t\t<div class=\"elementor-widget-wrap elementor-element-populated\">\n\t\t\t\t\t\t<div class=\"elementor-element elementor-element-105722e elementor-widget elementor-widget-heading\" data-id=\"105722e\" data-element_type=\"widget\" data-e-type=\"widget\" data-widget_type=\"heading.default\">\n\t\t\t\t<div class=\"elementor-widget-container\">\n\t\t\t\t\t<h1 class=\"elementor-heading-title elementor-size-default\">Admission <br>non-UE<\/h1>\t\t\t\t<\/div>\n\t\t\t\t<\/div>\n\t\t\t\t\t<\/div>\n\t\t<\/div>\n\t\t\t\t<div class=\"elementor-column elementor-col-50 elementor-top-column elementor-element elementor-element-9776821 elementor-hidden-desktop elementor-hidden-tablet elementor-hidden-phone\" data-id=\"9776821\" data-element_type=\"column\" data-e-type=\"column\">\n\t\t\t<div class=\"elementor-widget-wrap\">\n\t\t\t\t\t\t\t<\/div>\n\t\t<\/div>\n\t\t\t\t\t<\/div>\n\t\t<\/section>\n\t\t\t\t<section class=\"elementor-section elementor-top-section elementor-element elementor-element-cfd2ecb elementor-section-boxed elementor-section-height-default elementor-section-height-default\" data-id=\"cfd2ecb\" data-element_type=\"section\" data-e-type=\"section\">\n\t\t\t\t\t\t<div class=\"elementor-container elementor-column-gap-default\">\n\t\t\t\t\t<div class=\"elementor-column elementor-col-100 elementor-top-column elementor-element elementor-element-16fe49b\" data-id=\"16fe49b\" data-element_type=\"column\" data-e-type=\"column\" data-settings=\"{&quot;background_background&quot;:&quot;classic&quot;}\">\n\t\t\t<div class=\"elementor-widget-wrap elementor-element-populated\">\n\t\t\t\t\t\t<div class=\"elementor-element elementor-element-73c6035  custom-inpage-menu elementor-nav-menu__align-start elementor-nav-menu--dropdown-none vamtam-has-mobile-disable-scroll elementor-widget elementor-widget-nav-menu\" data-id=\"73c6035\" data-element_type=\"widget\" data-e-type=\"widget\" data-settings=\"{&quot;layout&quot;:&quot;horizontal&quot;,&quot;submenu_icon&quot;:{&quot;value&quot;:&quot;&lt;i class=\\&quot;fas fa-caret-down\\&quot; aria-hidden=\\&quot;true\\&quot;&gt;&lt;\\\/i&gt;&quot;,&quot;library&quot;:&quot;fa-solid&quot;},&quot;toggle_icon_active&quot;:{&quot;value&quot;:&quot;&quot;,&quot;library&quot;:&quot;&quot;}}\" data-widget_type=\"nav-menu.default\">\n\t\t\t\t<div class=\"elementor-widget-container\">\n\t\t\t\t\t\t\t\t<nav aria-label=\"Menu\" class=\"elementor-nav-menu--main elementor-nav-menu__container elementor-nav-menu--layout-horizontal e--pointer-underline e--animation-fade\">\n\t\t\t\t<ul id=\"menu-1-73c6035\" class=\"elementor-nav-menu\"><li class=\"menu-item menu-item-type-post_type menu-item-object-page menu-item-28948\"><a href=\"https:\/\/site.utm.ro\/en\/rezidentiat\/informatii-utile\/\" class=\"elementor-item\">Presentation<\/a><\/li>\n<li class=\"menu-item menu-item-type-post_type menu-item-object-page menu-item-28959\"><a href=\"https:\/\/site.utm.ro\/en\/rezidentiat\/informatii-utile\/contact-2\/\" class=\"elementor-item\">Contact<\/a><\/li>\n<li class=\"menu-item menu-item-type-post_type menu-item-object-page menu-item-28980\"><a href=\"https:\/\/site.utm.ro\/en\/rezidentiat\/informatii-utile\/anunturi\/\" class=\"elementor-item\">Announcements<\/a><\/li>\n<li class=\"menu-item menu-item-type-post_type menu-item-object-page menu-item-28979\"><a href=\"https:\/\/site.utm.ro\/en\/rezidentiat\/informatii-utile\/cereri-si-formulare\/\" class=\"elementor-item\">Applications and forms<\/a><\/li>\n<li class=\"menu-item menu-item-type-post_type menu-item-object-page menu-item-38830\"><a href=\"https:\/\/site.utm.ro\/en\/rezidentiat\/admitere-non-ue\/\" class=\"elementor-item\">Non-EU admission<\/a><\/li>\n<li class=\"open-new-tab menu-item menu-item-type-custom menu-item-object-custom menu-item-38831\"><a target=\"_blank\" rel=\"noopener noreferrer\" href=\"\/wp-content\/uploads\/2026\/03\/20260304-coordonatori-B-TM.pdf\" class=\"elementor-item\">Accredited coordinators<\/a><\/li>\n<li class=\"menu-item menu-item-type-post_type menu-item-object-page menu-item-28983\"><a href=\"https:\/\/site.utm.ro\/en\/rezidentiat\/informatii-utile\/regulamente-si-metodologii\/\" class=\"elementor-item\">Regulations and methodologies<\/a><\/li>\n<li class=\"open-new-tab menu-item menu-item-type-post_type menu-item-object-page menu-item-38832\"><a target=\"_blank\" rel=\"noopener noreferrer\" href=\"https:\/\/site.utm.ro\/en\/rezidentiat\/etape-rezidentiat\/\" class=\"elementor-item\">Residency stages<\/a><\/li>\n<\/ul>\t\t\t<\/nav>\n\t\t\t\t\t\t<nav class=\"elementor-nav-menu--dropdown elementor-nav-menu__container\" aria-hidden=\"true\">\n\t\t\t\t<ul id=\"menu-2-73c6035\" class=\"elementor-nav-menu\"><li class=\"menu-item menu-item-type-post_type menu-item-object-page menu-item-28948\"><a href=\"https:\/\/site.utm.ro\/en\/rezidentiat\/informatii-utile\/\" class=\"elementor-item\" tabindex=\"-1\">Presentation<\/a><\/li>\n<li class=\"menu-item menu-item-type-post_type menu-item-object-page menu-item-28959\"><a href=\"https:\/\/site.utm.ro\/en\/rezidentiat\/informatii-utile\/contact-2\/\" class=\"elementor-item\" tabindex=\"-1\">Contact<\/a><\/li>\n<li class=\"menu-item menu-item-type-post_type menu-item-object-page menu-item-28980\"><a href=\"https:\/\/site.utm.ro\/en\/rezidentiat\/informatii-utile\/anunturi\/\" class=\"elementor-item\" tabindex=\"-1\">Announcements<\/a><\/li>\n<li class=\"menu-item menu-item-type-post_type menu-item-object-page menu-item-28979\"><a href=\"https:\/\/site.utm.ro\/en\/rezidentiat\/informatii-utile\/cereri-si-formulare\/\" class=\"elementor-item\" tabindex=\"-1\">Applications and forms<\/a><\/li>\n<li class=\"menu-item menu-item-type-post_type menu-item-object-page menu-item-38830\"><a href=\"https:\/\/site.utm.ro\/en\/rezidentiat\/admitere-non-ue\/\" class=\"elementor-item\" tabindex=\"-1\">Non-EU admission<\/a><\/li>\n<li class=\"open-new-tab menu-item menu-item-type-custom menu-item-object-custom menu-item-38831\"><a target=\"_blank\" rel=\"noopener noreferrer\" href=\"\/wp-content\/uploads\/2026\/03\/20260304-coordonatori-B-TM.pdf\" class=\"elementor-item\" tabindex=\"-1\">Accredited coordinators<\/a><\/li>\n<li class=\"menu-item menu-item-type-post_type menu-item-object-page menu-item-28983\"><a href=\"https:\/\/site.utm.ro\/en\/rezidentiat\/informatii-utile\/regulamente-si-metodologii\/\" class=\"elementor-item\" tabindex=\"-1\">Regulations and methodologies<\/a><\/li>\n<li class=\"open-new-tab menu-item menu-item-type-post_type menu-item-object-page menu-item-38832\"><a target=\"_blank\" rel=\"noopener noreferrer\" href=\"https:\/\/site.utm.ro\/en\/rezidentiat\/etape-rezidentiat\/\" class=\"elementor-item\" tabindex=\"-1\">Residency stages<\/a><\/li>\n<\/ul>\t\t\t<\/nav>\n\t\t\t\t\t\t<\/div>\n\t\t\t\t<\/div>\n\t\t\t\t\t<\/div>\n\t\t<\/div>\n\t\t\t\t\t<\/div>\n\t\t<\/section>\n\t\t\t\t<section class=\"elementor-section elementor-top-section elementor-element elementor-element-27b04bf elementor-section-boxed elementor-section-height-default elementor-section-height-default\" data-id=\"27b04bf\" data-element_type=\"section\" data-e-type=\"section\">\n\t\t\t\t\t\t<div class=\"elementor-container elementor-column-gap-default\">\n\t\t\t\t\t<div class=\"elementor-column elementor-col-100 elementor-top-column elementor-element elementor-element-78487f9\" data-id=\"78487f9\" data-element_type=\"column\" data-e-type=\"column\">\n\t\t\t<div class=\"elementor-widget-wrap elementor-element-populated\">\n\t\t\t\t\t\t<div class=\"elementor-element elementor-element-841880c elementor-widget elementor-widget-text-editor\" data-id=\"841880c\" data-element_type=\"widget\" data-e-type=\"widget\" data-widget_type=\"text-editor.default\">\n\t\t\t\t<div class=\"elementor-widget-container\">\n\t\t\t\t\t\t\t\t\t<div>\n<div>\n<p><a href=\"\/wp-content\/uploads\/2026\/03\/DOCUMENTE-REZIDENTIAT-NON-UE.docx\"><strong>Documente reziden\u021biat non-UE<\/strong><\/a><\/p>\n<p><a href=\"\/wp-content\/uploads\/2026\/03\/Calendar-ADMITERE-nonUE-an-calendaristic-2026.docx\"><strong>Calendar ADMITERE nonUE 2025-2026<\/strong><\/a><\/p>\n<p>&nbsp;<\/p>\n<p><span>For the residents who have chosen as a training program specialties that belong to Dental Medicine, the first meeting with the coordinating professors will take place:<\/span><\/p>\n<p>DENTAL PROTECTION 12.01.2026 - 10.00 am<\/p>\n<p>ORTHODONTICS AND DENTO-FACIAL ORTHOPEDICS 13.01.2026, 9.00 am<\/p>\n<p>PERIODONTOLOGY 13.01.2026 - 11.00 am<\/p>\n<p>PEDODONTICS AND GENERAL STOMATOLOGY 13.01.2026 - 12.00 noon<\/p>\n<p>ENDODONTICS 14.01.2026 - 14.00<\/p>\n<p>DENTO-ALVEOLARY SURGERY 14.01.2026 - 9.00 am<\/p>\n<p>NOTE - 15 minutes before the time set for the meeting, I will be waiting for you at the secretariat and I will take you to the meeting rooms.<\/p>\n<p><a href=\"\/wp-content\/uploads\/2026\/03\/Cerere-DETASARE-PRIMIRE-1-2-1.docx\"><strong>Cerere deta\u0219are primire\u00a0<\/strong><\/a><\/p>\n<p><strong><a href=\"\/wp-content\/uploads\/2026\/03\/Cerere-DETASARE-PLECARE-1-1.docx\">Cerere deta\u0219are plecare<\/a><\/strong><\/p>\n<p><strong><a href=\"\/wp-content\/uploads\/2026\/03\/Intrerupere-Rezidentiat-1.docx\">Cerere \u00centrerupere reziden\u021biat\u00a0<\/a><\/strong><\/p>\n<p><strong><a href=\"\/wp-content\/uploads\/2026\/03\/CERERE-Prelungire-Rezidentiat-1.docx\">Cerere Prelungire reziden\u021biat\u00a0<\/a><\/strong><\/p>\n<p><strong><a href=\"\/wp-content\/uploads\/2026\/03\/CERERE-Schimbare-specialitate-1.docx\">Cerere schimbare specialitate<\/a><\/strong><\/p>\n<p><strong><a href=\"\/wp-content\/uploads\/2026\/03\/ROTATIE-STAGIU-1.docx\">Cerere rota\u021bie stagiu\u00a0<\/a><\/strong><\/p>\n<\/div>\n<\/div>\n<div>\n<div>\u00a0<\/div>\n<\/div>\n<div>\n<div>\n<p><strong>INFORMA\u021aII DETA\u0218ARE<\/strong><\/p>\n<p>Prin deta\u0219are se \u00een\u021belege efectuarea unor module de preg\u0103tire \u00een reziden\u021biat, \u00een alt centru universitar dec\u00e2t cel \u00een care este repartizat<\/p>\n<p>Deta\u0219area se poate aproba \u00een urm\u0103toarele situa\u021bii:<\/p>\n<ul>\n<li>Centrul \u00een care sunte\u021bi repartiza\u021bi nu poate asigura desf\u0103\u0219urarea modulului<\/li>\n<li>Alte motive personale temeinic justificate \u2013 \u00eenso\u021bite de dovezi<\/li>\n<\/ul>\n<p><strong>Pentru DETA\u0218ARE PLECARE din centrul universitar Titu Maiorescu \u00een alt centru de preg\u0103tire<\/strong><\/p>\n<p>Rezidentul transmite departamentului de preg\u0103tire \u00een reziden\u021biat urm\u0103toarele documente:<\/p>\n<ul>\n<li><strong>Cererea de DETA\u0218ARE<\/strong><strong>\u00a0PLECARE<\/strong>\u00a0din centrul universitar Titu Maiorescu, \u00een care se specific\u0103:\u00a0<strong>centrul<\/strong>\u00a0unde va efectua modulele,\u00a0\u00a0<strong>modulele<\/strong>\u00a0pentru care dore\u0219te deta\u0219area, perioada desf\u0103\u0219ur\u0103rii pentru fiecare modul \u0219i\u00a0<strong>coordonatorul<\/strong>\u00a0cu care va efectua modulul, motivul. Cererea trebuie sa fie aprobat\u0103 de coordonatorul de specialitate.<\/li>\n<li>Pentru aprobarea Directorului de department, este necesar ca cererea de deta\u0219are plecare s\u0103 fie \u00eenso\u021bit\u0103 de cererea de deta\u0219are primire semnat\u0103 de coordonatorul de modul, acordul de primire al centrului universitar de preg\u0103tire.<\/li>\n<\/ul>\n<p><strong>Nota<\/strong>\u00a0\u2013 se completeaz\u0103 o singur\u0103 cerere de deta\u0219are plecare \u00een care se vor completa toate modulele pentru care se dore\u0219te deta\u0219area (pentru maxim 1 an de zile, dup\u0103 care se poate reface procedura de deta\u0219are pentru alte module). Cererile de plecare aprobate pot fi ridicate de la secretariat in maxim 5 zile de la depunere<\/p>\n<p>&nbsp;<\/p>\n<p><strong>Pentru DETA\u0218ARE PRIMIRE la centrul universitar de preg\u0103tire Titu Maiorescu din alt centrul universitar de preg\u0103tire<\/strong><\/p>\n<p>Rezidentul transmite departamentului de preg\u0103tire \u00een reziden\u021biat urm\u0103toarele documente:<\/p>\n<ul>\n<li><strong>Cererea de DETA\u0218ARE<\/strong><strong>\u00a0PRIMIRE<\/strong>\u00a0\u00een centrul universitar Titu Maiorescu, aprobat\u0103 de coordonatorul de modul.<\/li>\n<li>Pentru aprobarea Directorului de department, este necesar ca cererea de deta\u0219are primire s\u0103 fie \u00eenso\u021bit\u0103 de cererea de deta\u0219are plecare semnat\u0103 de coordonatorul de specialitate, acordul centrului de preg\u0103tire pentru plecare \u0219i copie act identitate \/ copie pa\u0219aport<\/li>\n<li>Copie scrisoare acceptare la studii, adeverin\u021b\u0103 eliberat\u0103 de Universitatea de care apar\u021bine \u00een care se atest\u0103 \u00eenmatricularea pe locurile cu tax\u0103 destinate cet\u0103\u021benilor ce apar\u021bin unui stat nonUE, cet\u0103\u021benia, seria\/num\u0103r scrisoare acceptare la studii, specialitatea \u0219i anul de preg\u0103tire,<\/li>\n<\/ul>\n<p><strong>Nota<\/strong>\u00a0\u2013 Cererea de deta\u0219are primire se completeaz\u0103 pentru fiecare modul\u00a0 \u2013 fiind necesar\u0103 aprobarea fiec\u0103rui coordonator de modul.<\/p>\n<p><strong>Documentele pot fi transmise pe e<\/strong>-mail\u00a0<a href=\"mailto:rezidentiat@univ.utm.ro\">rezidentiat@univ.utm.ro<\/a>\u00a0sau pot fi aduse fizic la Biroul Reziden\u021bi.<\/p>\n<p>Pe perioada deta\u0219\u0103rii, toate obliga\u021biile privind preg\u0103tirea, revin coordonatorului \/ directorului de department\/responsabilului de formare din unitatea unde rezidentul se deta\u0219eaz\u0103, inclusiv examenele de final de modul.<\/p>\n<p><strong>INFORMATII \u2013 \u00ceNTRERUPERE REZIDEN\u021aIAT<\/strong><\/p>\n<p>Reziden\u021biatul poate fi \u00eentrerupt din urm\u0103toarele motive<\/p>\n<ul>\n<li>Participarea la formele de preg\u0103tire \u00een specialitate<\/li>\n<li>\u00censo\u021birea so\u021bului\/so\u021biei \u00een misiune oficial\u0103 sau la studii \u00een str\u0103in\u0103tate<\/li>\n<li>Concediu medical<\/li>\n<li>Concediu de maternitate<\/li>\n<li>Concediu pentru cre\u0219terea copilului<\/li>\n<li>Alte situa\u021bii prev\u0103zute \u00een acte normative \u00een vigoare<\/li>\n<\/ul>\n<p>\u00cen vederea efectu\u0103rii unei forme de preg\u0103tire, reziden\u021bii vor depune la Departamentul Reziden\u021biat, cu minimum 5 zile \u00eenainte de data solicitat\u0103 pentru \u00eentreruperea reziden\u021biatului, o cerere avizat\u0103 de coordonatorul de specialitate, \u00eenso\u021bit\u0103 de dovada (tradus\u0103 \u0219i in limba rom\u00e2n\u0103 \u2013 daca este vorba de un stagiu efectuat \u00een str\u0103in\u0103tate) c\u0103 au fost accepta\u021bi la stagiul respectiv, cu precizarea perioadei de preg\u0103tire.<\/p>\n<p>Dosarul pentru \u00eentreruperea reziden\u021biatului este trimis la Ministerul Educa\u021biei pentru aprobare \u0219i emiterea unei noi scrisori de acceptare cu noile informa\u021bii, \u00een func\u021bie de fiecare caz \u00een parte.<\/p>\n<p>\u00centreruperea nu poate fi mai mare de un an, cu posibilitate de prelungire, pe baza unei noi solicit\u0103ri.<\/p>\n<p>\u00centreruperile de reziden\u021biat, cu excep\u021bia stagiilor de preg\u0103tire efectuate \u00een str\u0103in\u0103tate \u0219i recunoscute, duc la prelungirea reziden\u021biatului cu perioada respectiv\u0103.<\/p>\n<p><strong>INFORMA\u021aII \u2013 SCHIMBAREA SPECIALIT\u0102\u021aII<\/strong><\/p>\n<p>Medicii reziden\u021bi pot solicita schimbarea specialit\u0103\u021bii alese, dac\u0103 au efectuat\u00a0 p\u00e2n\u0103 la data solicit\u0103rii, mai pu\u021bin de jum\u0103tate din durata total\u0103 de preg\u0103tire \u00een specialitatea respectiv\u0103 \u0219i numai cu avizul institu\u021biei de \u00eenv\u0103\u021b\u0103m\u00e2nt superior acreditate care asigur\u0103 preg\u0103tirea \u00een reziden\u021biat al coordonatorului de specialitate \u0219i al Directorului de departament din centrul universitar de preg\u0103tire.<\/p>\n<p>Avizul coordonatorului de program va con\u021bine OBLIGATORIU \u0219i recomandarea privind stagiile ce pot fi echivalate ca urmare a schimb\u0103rii specialit\u0103\u021bii.<\/p>\n<p>Schimbarea specialit\u0103\u021bii se aprob\u0103\u00a0<strong>o singur\u0103 data<\/strong>.<\/p>\n<p>Documente necesare:<\/p>\n<ul>\n<li>Cerere<\/li>\n<li>Copie pa\u0219aport \u00een termen de valabilitate<\/li>\n<li>Copii acte de studii<\/li>\n<li>Copii adeverin\u021be cu notele ob\u021binute la stagiile finalizate<\/li>\n<li>Copie scrisoare acceptare la studii<\/li>\n<li>Copie contract de studii<\/li>\n<li>Avizul si recomandarea profesorului coordonator privind stagiile ce pot fi echivalate la schimbarea specialitatii.<\/li>\n<\/ul>\n<p>Cererea cu acordul coordonatorului \u00eenso\u021bit\u0103 de recomandarea privind echivalarea stagiilor, copia documentelor necesare, se depun la Biroul reziden\u021bi pentru aprobarea Directorului de departament \u0219i a institu\u021biei de \u00eenv\u0103\u021b\u0103m\u00e2nt superior acreditate, cu 30 de zile \u00eenainte. Dup\u0103 ob\u021binerea aprob\u0103rilor, dosarul este trimis la Ministerul Educa\u021biei pentru aprobarea schimb\u0103rii de specialitate \u0219i emiterea unei noi scrisori de acceptare.<\/p>\n<p><strong>INFORMA\u021aII \u2013 PRELUNGIRE REZIDEN\u021aIAT<\/strong><\/p>\n<p>Dup\u0103 efectuarea concediului medical, concediului de maternitate, concediului de cre\u0219terea \u0219i \u00eengrijirea copilului, concediului f\u0103r\u0103 plat\u0103 sau \u00een alte situa\u021bii \u00een care este \u00eentrerupt\u0103 preg\u0103tirea prin reziden\u021biat, prev\u0103zut \u00een actele normative \u00een vigoare, rezidentul \u00eenainteaz\u0103 o solicitare departamentului de preg\u0103tire prin reziden\u021biat, \u00een vederea prelungirii preg\u0103tirii \u00een reziden\u021biat cu perioada \u00eentrerupt\u0103.<\/p>\n<p>Documente necesare relu\u0103rii reziden\u021biatului<\/p>\n<ul>\n<li>Cerere aprobat\u0103 de coordonatorul de specialitate, Director de departament \u0219i de Rectorul Universit\u0103\u021bii Titu Maiorescu<\/li>\n<li>Copie pa\u0219aport \u00een termen de valabilitate<\/li>\n<li>Dovada achitare tax\u0103 de studii.<\/li>\n<\/ul>\n<p>Cererea \u00eenso\u021bit\u0103 de documentele necesare se depun la secretariat Birou reziden\u021bi pentru aprobare cu 30 de zile \u00eenainte. Ulterior dosarul este trimis la Ministerul Educa\u021biei pentru aprobare \u0219i emiterea unei noi scrisori de acceptare cu noile informa\u021bii, \u00een func\u021bie de fiecare caz \u00een parte.<\/p>\n<\/div>\n<\/div>\t\t\t\t\t\t\t\t<\/div>\n\t\t\t\t<\/div>\n\t\t\t\t\t<\/div>\n\t\t<\/div>\n\t\t\t\t\t<\/div>\n\t\t<\/section>\n\t\t\t\t<section class=\"elementor-section elementor-top-section elementor-element elementor-element-fd895b7 elementor-section-boxed elementor-section-height-default elementor-section-height-default\" data-id=\"fd895b7\" data-element_type=\"section\" data-e-type=\"section\">\n\t\t\t\t\t\t<div class=\"elementor-container elementor-column-gap-default\">\n\t\t\t\t\t<div class=\"elementor-column elementor-col-100 elementor-top-column elementor-element elementor-element-05b3fa5\" data-id=\"05b3fa5\" data-element_type=\"column\" data-e-type=\"column\">\n\t\t\t<div class=\"elementor-widget-wrap elementor-element-populated\">\n\t\t\t\t\t\t<div class=\"elementor-element elementor-element-d854764 elementor-widget elementor-widget-spacer\" data-id=\"d854764\" data-element_type=\"widget\" data-e-type=\"widget\" data-widget_type=\"spacer.default\">\n\t\t\t\t<div class=\"elementor-widget-container\">\n\t\t\t\t\t\t\t<div class=\"elementor-spacer\">\n\t\t\t<div class=\"elementor-spacer-inner\"><\/div>\n\t\t<\/div>\n\t\t\t\t\t\t<\/div>\n\t\t\t\t<\/div>\n\t\t\t\t\t<\/div>\n\t\t<\/div>\n\t\t\t\t\t<\/div>\n\t\t<\/section>\n\t\t\t\t<\/div>","protected":false},"excerpt":{"rendered":"<p>Admitere non-UE Documente reziden\u021biat non-UE Calendar ADMITERE nonUE 2025-2026 &nbsp; Pentru medicii rezidenti care au ales ca program de pregatire \u00a0specialitati care apartin de Medicina dentara, prima intalnire cu profesorii coordonatori va avea loc: PROTETICA DENTARA 12.01.2026 \u2013 ora 10.00 ORTODONTIE SI ORTOPEDIE DENTO-FACIALA 13.01.2026, ora 9.00 PARODONTOLOGIE 13.01.2026 \u2013 ora 11.00 PEDODONTIE SI STOMATOLOGIE&#8230;<\/p>","protected":false},"author":1,"featured_media":0,"parent":28944,"menu_order":0,"comment_status":"closed","ping_status":"closed","template":"","meta":{"footnotes":""},"class_list":["post-28989","page","type-page","status-publish","hentry"],"_links":{"self":[{"href":"https:\/\/site.utm.ro\/en\/wp-json\/wp\/v2\/pages\/28989","targetHints":{"allow":["GET"]}}],"collection":[{"href":"https:\/\/site.utm.ro\/en\/wp-json\/wp\/v2\/pages"}],"about":[{"href":"https:\/\/site.utm.ro\/en\/wp-json\/wp\/v2\/types\/page"}],"author":[{"embeddable":true,"href":"https:\/\/site.utm.ro\/en\/wp-json\/wp\/v2\/users\/1"}],"replies":[{"embeddable":true,"href":"https:\/\/site.utm.ro\/en\/wp-json\/wp\/v2\/comments?post=28989"}],"version-history":[{"count":0,"href":"https:\/\/site.utm.ro\/en\/wp-json\/wp\/v2\/pages\/28989\/revisions"}],"up":[{"embeddable":true,"href":"https:\/\/site.utm.ro\/en\/wp-json\/wp\/v2\/pages\/28944"}],"wp:attachment":[{"href":"https:\/\/site.utm.ro\/en\/wp-json\/wp\/v2\/media?parent=28989"}],"curies":[{"name":"wp","href":"https:\/\/api.w.org\/{rel}","templated":true}]}}