{"id":28981,"date":"2026-03-04T13:30:42","date_gmt":"2026-03-04T13:30:42","guid":{"rendered":"https:\/\/site.utm.ro\/?page_id=28981"},"modified":"2026-03-04T13:34:12","modified_gmt":"2026-03-04T13:34:12","slug":"regulamente-si-metodologii","status":"publish","type":"page","link":"https:\/\/site.utm.ro\/en\/rezidentiat\/informatii-utile\/regulamente-si-metodologii\/","title":{"rendered":"Regulations and methodologies"},"content":{"rendered":"<div data-elementor-type=\"wp-page\" data-elementor-id=\"28981\" class=\"elementor elementor-28981\" data-elementor-post-type=\"page\">\n\t\t\t\t\t\t<section class=\"elementor-section elementor-top-section elementor-element elementor-element-b37bfb6 elementor-section-height-min-height elementor-section-full_width elementor-section-height-default elementor-section-items-middle\" data-id=\"b37bfb6\" data-element_type=\"section\" data-e-type=\"section\" data-settings=\"{&quot;background_background&quot;:&quot;classic&quot;}\">\n\t\t\t\t\t\t\t<div class=\"elementor-background-overlay\"><\/div>\n\t\t\t\t\t\t\t<div class=\"elementor-container elementor-column-gap-default\">\n\t\t\t\t\t<div class=\"elementor-column elementor-col-100 elementor-top-column elementor-element elementor-element-ff3fcd2\" data-id=\"ff3fcd2\" data-element_type=\"column\" data-e-type=\"column\" data-settings=\"{&quot;background_background&quot;:&quot;classic&quot;}\">\n\t\t\t<div class=\"elementor-widget-wrap\">\n\t\t\t\t\t\t\t<\/div>\n\t\t<\/div>\n\t\t\t\t\t<\/div>\n\t\t<\/section>\n\t\t\t\t<section class=\"elementor-section elementor-top-section elementor-element elementor-element-e644bcc elementor-section-boxed elementor-section-height-default elementor-section-height-default\" data-id=\"e644bcc\" data-element_type=\"section\" data-e-type=\"section\">\n\t\t\t\t\t\t<div class=\"elementor-container elementor-column-gap-no\">\n\t\t\t\t\t<div class=\"elementor-column elementor-col-50 elementor-top-column elementor-element elementor-element-364b315 animated-fast elementor-invisible\" data-id=\"364b315\" data-element_type=\"column\" data-e-type=\"column\" data-settings=\"{&quot;background_background&quot;:&quot;classic&quot;,&quot;animation&quot;:&quot;fadeIn&quot;,&quot;animation_tablet&quot;:&quot;none&quot;,&quot;animation_mobile&quot;:&quot;none&quot;,&quot;animation_delay&quot;:100}\">\n\t\t\t<div class=\"elementor-widget-wrap elementor-element-populated\">\n\t\t\t\t\t\t<div class=\"elementor-element elementor-element-6ae1957 elementor-widget elementor-widget-heading\" data-id=\"6ae1957\" data-element_type=\"widget\" data-e-type=\"widget\" data-widget_type=\"heading.default\">\n\t\t\t\t<div class=\"elementor-widget-container\">\n\t\t\t\t\t<h1 class=\"elementor-heading-title elementor-size-default\">Residency Useful Information<\/h1>\t\t\t\t<\/div>\n\t\t\t\t<\/div>\n\t\t\t\t\t<\/div>\n\t\t<\/div>\n\t\t\t\t<div class=\"elementor-column elementor-col-50 elementor-top-column elementor-element elementor-element-e8319ff elementor-hidden-desktop elementor-hidden-tablet elementor-hidden-phone\" data-id=\"e8319ff\" data-element_type=\"column\" data-e-type=\"column\">\n\t\t\t<div class=\"elementor-widget-wrap\">\n\t\t\t\t\t\t\t<\/div>\n\t\t<\/div>\n\t\t\t\t\t<\/div>\n\t\t<\/section>\n\t\t\t\t<section class=\"elementor-section elementor-top-section elementor-element elementor-element-2111918 elementor-section-boxed elementor-section-height-default elementor-section-height-default\" data-id=\"2111918\" data-element_type=\"section\" data-e-type=\"section\">\n\t\t\t\t\t\t<div class=\"elementor-container elementor-column-gap-default\">\n\t\t\t\t\t<div class=\"elementor-column elementor-col-100 elementor-top-column elementor-element elementor-element-943ac48\" data-id=\"943ac48\" data-element_type=\"column\" data-e-type=\"column\" data-settings=\"{&quot;background_background&quot;:&quot;classic&quot;}\">\n\t\t\t<div class=\"elementor-widget-wrap elementor-element-populated\">\n\t\t\t\t\t\t<div class=\"elementor-element elementor-element-4932e17  custom-inpage-menu elementor-nav-menu__align-start elementor-nav-menu--dropdown-none vamtam-has-mobile-disable-scroll elementor-widget elementor-widget-nav-menu\" data-id=\"4932e17\" data-element_type=\"widget\" data-e-type=\"widget\" data-settings=\"{&quot;layout&quot;:&quot;horizontal&quot;,&quot;submenu_icon&quot;:{&quot;value&quot;:&quot;&lt;i class=\\&quot;fas fa-caret-down\\&quot; aria-hidden=\\&quot;true\\&quot;&gt;&lt;\\\/i&gt;&quot;,&quot;library&quot;:&quot;fa-solid&quot;},&quot;toggle_icon_active&quot;:{&quot;value&quot;:&quot;&quot;,&quot;library&quot;:&quot;&quot;}}\" data-widget_type=\"nav-menu.default\">\n\t\t\t\t<div class=\"elementor-widget-container\">\n\t\t\t\t\t\t\t\t<nav aria-label=\"Menu\" class=\"elementor-nav-menu--main elementor-nav-menu__container elementor-nav-menu--layout-horizontal e--pointer-underline e--animation-fade\">\n\t\t\t\t<ul id=\"menu-1-4932e17\" class=\"elementor-nav-menu\"><li class=\"menu-item menu-item-type-post_type menu-item-object-page menu-item-28948\"><a href=\"https:\/\/site.utm.ro\/en\/rezidentiat\/informatii-utile\/\" class=\"elementor-item\">Presentation<\/a><\/li>\n<li class=\"menu-item menu-item-type-post_type menu-item-object-page menu-item-28959\"><a href=\"https:\/\/site.utm.ro\/en\/rezidentiat\/informatii-utile\/contact-2\/\" class=\"elementor-item\">Contact<\/a><\/li>\n<li class=\"menu-item menu-item-type-post_type menu-item-object-page menu-item-28980\"><a href=\"https:\/\/site.utm.ro\/en\/rezidentiat\/informatii-utile\/anunturi\/\" class=\"elementor-item\">Announcements<\/a><\/li>\n<li class=\"menu-item menu-item-type-post_type menu-item-object-page menu-item-28979\"><a href=\"https:\/\/site.utm.ro\/en\/rezidentiat\/informatii-utile\/cereri-si-formulare\/\" class=\"elementor-item\">Applications and forms<\/a><\/li>\n<li class=\"menu-item menu-item-type-post_type menu-item-object-page menu-item-38830\"><a href=\"https:\/\/site.utm.ro\/en\/rezidentiat\/admitere-non-ue\/\" class=\"elementor-item\">Non-EU admission<\/a><\/li>\n<li class=\"open-new-tab menu-item menu-item-type-custom menu-item-object-custom menu-item-38831\"><a target=\"_blank\" rel=\"noopener noreferrer\" href=\"\/wp-content\/uploads\/2026\/03\/20260304-coordonatori-B-TM.pdf\" class=\"elementor-item\">Accredited coordinators<\/a><\/li>\n<li class=\"menu-item menu-item-type-post_type menu-item-object-page menu-item-28983\"><a href=\"https:\/\/site.utm.ro\/en\/rezidentiat\/informatii-utile\/regulamente-si-metodologii\/\" class=\"elementor-item\">Regulations and methodologies<\/a><\/li>\n<li class=\"open-new-tab menu-item menu-item-type-post_type menu-item-object-page menu-item-38832\"><a target=\"_blank\" rel=\"noopener noreferrer\" href=\"https:\/\/site.utm.ro\/en\/rezidentiat\/etape-rezidentiat\/\" class=\"elementor-item\">Residency stages<\/a><\/li>\n<\/ul>\t\t\t<\/nav>\n\t\t\t\t\t\t<nav class=\"elementor-nav-menu--dropdown elementor-nav-menu__container\" aria-hidden=\"true\">\n\t\t\t\t<ul id=\"menu-2-4932e17\" class=\"elementor-nav-menu\"><li class=\"menu-item menu-item-type-post_type menu-item-object-page menu-item-28948\"><a href=\"https:\/\/site.utm.ro\/en\/rezidentiat\/informatii-utile\/\" class=\"elementor-item\" tabindex=\"-1\">Presentation<\/a><\/li>\n<li class=\"menu-item menu-item-type-post_type menu-item-object-page menu-item-28959\"><a href=\"https:\/\/site.utm.ro\/en\/rezidentiat\/informatii-utile\/contact-2\/\" class=\"elementor-item\" tabindex=\"-1\">Contact<\/a><\/li>\n<li class=\"menu-item menu-item-type-post_type menu-item-object-page menu-item-28980\"><a href=\"https:\/\/site.utm.ro\/en\/rezidentiat\/informatii-utile\/anunturi\/\" class=\"elementor-item\" tabindex=\"-1\">Announcements<\/a><\/li>\n<li class=\"menu-item menu-item-type-post_type menu-item-object-page menu-item-28979\"><a href=\"https:\/\/site.utm.ro\/en\/rezidentiat\/informatii-utile\/cereri-si-formulare\/\" class=\"elementor-item\" tabindex=\"-1\">Applications and forms<\/a><\/li>\n<li class=\"menu-item menu-item-type-post_type menu-item-object-page menu-item-38830\"><a href=\"https:\/\/site.utm.ro\/en\/rezidentiat\/admitere-non-ue\/\" class=\"elementor-item\" tabindex=\"-1\">Non-EU admission<\/a><\/li>\n<li class=\"open-new-tab menu-item menu-item-type-custom menu-item-object-custom menu-item-38831\"><a target=\"_blank\" rel=\"noopener noreferrer\" href=\"\/wp-content\/uploads\/2026\/03\/20260304-coordonatori-B-TM.pdf\" class=\"elementor-item\" tabindex=\"-1\">Accredited coordinators<\/a><\/li>\n<li class=\"menu-item menu-item-type-post_type menu-item-object-page menu-item-28983\"><a href=\"https:\/\/site.utm.ro\/en\/rezidentiat\/informatii-utile\/regulamente-si-metodologii\/\" class=\"elementor-item\" tabindex=\"-1\">Regulations and methodologies<\/a><\/li>\n<li class=\"open-new-tab menu-item menu-item-type-post_type menu-item-object-page menu-item-38832\"><a target=\"_blank\" rel=\"noopener noreferrer\" href=\"https:\/\/site.utm.ro\/en\/rezidentiat\/etape-rezidentiat\/\" class=\"elementor-item\" tabindex=\"-1\">Residency stages<\/a><\/li>\n<\/ul>\t\t\t<\/nav>\n\t\t\t\t\t\t<\/div>\n\t\t\t\t<\/div>\n\t\t\t\t\t<\/div>\n\t\t<\/div>\n\t\t\t\t\t<\/div>\n\t\t<\/section>\n\t\t\t\t<section class=\"elementor-section elementor-top-section elementor-element elementor-element-27b04bf elementor-section-boxed elementor-section-height-default elementor-section-height-default\" data-id=\"27b04bf\" data-element_type=\"section\" data-e-type=\"section\">\n\t\t\t\t\t\t<div class=\"elementor-container elementor-column-gap-default\">\n\t\t\t\t\t<div class=\"elementor-column elementor-col-100 elementor-top-column elementor-element elementor-element-78487f9\" data-id=\"78487f9\" data-element_type=\"column\" data-e-type=\"column\">\n\t\t\t<div class=\"elementor-widget-wrap elementor-element-populated\">\n\t\t\t\t\t\t<div class=\"elementor-element elementor-element-841880c elementor-widget elementor-widget-text-editor\" data-id=\"841880c\" data-element_type=\"widget\" data-e-type=\"widget\" data-widget_type=\"text-editor.default\">\n\t\t\t\t<div class=\"elementor-widget-container\">\n\t\t\t\t\t\t\t\t\t<h3><strong>Legisla\u021bie<\/strong><\/h3>\n<p>&nbsp;<\/p>\n<p>a) Ordonan\u021ba Guvernului nr. 18\/2009 privind organizarea \u0219i finan\u021barea reziden\u021biatului, aprobat\u0103 prin Legea nr. 103\/2012, cu modific\u0103rile \u0219i complet\u0103rile ulterioare, inclusiv prin Ordonan\u021ba nr. 44\/2024 \u0219i Ordonan\u021ba nr. 7\/2025;<\/p>\n<p>b) Ordinul comun MS\/MEC nr. 1141\/1386\/2007 privind modul de efectuare a preg\u0103tirii prin reziden\u021biat \u00een specialit\u0103\u021bile prev\u0103zute de Nomenclatorul specialit\u0103\u021bilor medicale, medico-dentare \u0219i farmaceutice pentru re\u021beaua de asisten\u021b\u0103 medical\u0103, cu modific\u0103rile \u0219i complet\u0103rile ulterioare;<\/p>\n<p>c) Ordinul comun MS\/MEC nr. 1066\/3769\/2025 pentru modificarea \u0219i completarea Ordinului nr. 1141\/1386\/2007, publicat \u00een Monitorul Oficial nr. 396 din 5 mai 2025, care introduce noul Regulament de efectuare a preg\u0103tirii prin reziden\u021biat, Criteriile \u0219i procedurile de avizare\/reavizare \u00een vederea derul\u0103rii programelor de preg\u0103tire prin reziden\u021biat \u0219i Normele de gestionare a Registrului matricol na\u021bional al reziden\u021bilor;<\/p>\n<p>Link\u00a0<a title=\"https:\/\/cdn.edupedu.ro\/wp-content\/uploads\/2025\/05\/OME-OMS-1066-3769-Rezidentiat-2007-Modificat.pdf\" href=\"https:\/\/cdn.edupedu.ro\/wp-content\/uploads\/2025\/05\/OME-OMS-1066-3769-Rezidentiat-2007-Modificat.pdf\" target=\"_blank\" rel=\"noopener noreferrer\">OME-OMS-1066-3769-Rezidentiat-2007-Modificat.pdf<\/a><\/p>\n<p>d) Legea nr. 199\/2023 a \u00eenv\u0103\u021b\u0103m\u00e2ntului superior, cu modific\u0103rile \u0219i complet\u0103rile ulterioare;<\/p>\n<p>e) Legea nr. 95\/2006 privind reforma \u00een domeniul s\u0103n\u0103t\u0103\u021bii, republicat\u0103, cu modific\u0103rile \u0219i complet\u0103rile ulterioare;<\/p>\n<p>f) Directiva 2005\/36\/CE privind recunoa\u0219terea calific\u0103rilor profesionale;<\/p>\n<p>g) <strong><a title=\"\/wp-content\/uploads\/2026\/03\/UTM_Regulamentul-cadru-pentru-Programul-de-pregatire-prin-rezidentiat_110220.pdf\" href=\"\/wp-content\/uploads\/2026\/03\/UTM_Regulamentul-cadru-pentru-Programul-de-pregatire-prin-rezidentiat_110220.pdf\" target=\"_blank\" rel=\"noopener noreferrer\">UTM Regulamentul cadru<\/a><\/strong><\/p>\n<p>h) Carta Universit\u0103\u021bii Titu Maiorescu.<\/p>\t\t\t\t\t\t\t\t<\/div>\n\t\t\t\t<\/div>\n\t\t\t\t\t<\/div>\n\t\t<\/div>\n\t\t\t\t\t<\/div>\n\t\t<\/section>\n\t\t\t\t<section class=\"elementor-section elementor-top-section elementor-element elementor-element-fd895b7 elementor-section-boxed elementor-section-height-default elementor-section-height-default\" data-id=\"fd895b7\" data-element_type=\"section\" data-e-type=\"section\">\n\t\t\t\t\t\t<div class=\"elementor-container elementor-column-gap-default\">\n\t\t\t\t\t<div class=\"elementor-column elementor-col-100 elementor-top-column elementor-element elementor-element-05b3fa5\" data-id=\"05b3fa5\" data-element_type=\"column\" data-e-type=\"column\">\n\t\t\t<div class=\"elementor-widget-wrap elementor-element-populated\">\n\t\t\t\t\t\t<div class=\"elementor-element elementor-element-d854764 elementor-widget elementor-widget-spacer\" data-id=\"d854764\" data-element_type=\"widget\" data-e-type=\"widget\" data-widget_type=\"spacer.default\">\n\t\t\t\t<div class=\"elementor-widget-container\">\n\t\t\t\t\t\t\t<div class=\"elementor-spacer\">\n\t\t\t<div class=\"elementor-spacer-inner\"><\/div>\n\t\t<\/div>\n\t\t\t\t\t\t<\/div>\n\t\t\t\t<\/div>\n\t\t\t\t\t<\/div>\n\t\t<\/div>\n\t\t\t\t\t<\/div>\n\t\t<\/section>\n\t\t\t\t<\/div>","protected":false},"excerpt":{"rendered":"<p>Reziden\u021biat Informa\u021bii utile Legisla\u021bie &nbsp; a) Ordonan\u021ba Guvernului nr. 18\/2009 privind organizarea \u0219i finan\u021barea reziden\u021biatului, aprobat\u0103 prin Legea nr. 103\/2012, cu modific\u0103rile \u0219i complet\u0103rile ulterioare, inclusiv prin Ordonan\u021ba nr. 44\/2024 \u0219i Ordonan\u021ba nr. 7\/2025; b) Ordinul comun MS\/MEC nr. 1141\/1386\/2007 privind modul de efectuare a preg\u0103tirii prin reziden\u021biat \u00een specialit\u0103\u021bile prev\u0103zute de Nomenclatorul specialit\u0103\u021bilor medicale,&#8230;<\/p>","protected":false},"author":1,"featured_media":0,"parent":28943,"menu_order":0,"comment_status":"closed","ping_status":"closed","template":"","meta":{"footnotes":""},"class_list":["post-28981","page","type-page","status-publish","hentry"],"_links":{"self":[{"href":"https:\/\/site.utm.ro\/en\/wp-json\/wp\/v2\/pages\/28981","targetHints":{"allow":["GET"]}}],"collection":[{"href":"https:\/\/site.utm.ro\/en\/wp-json\/wp\/v2\/pages"}],"about":[{"href":"https:\/\/site.utm.ro\/en\/wp-json\/wp\/v2\/types\/page"}],"author":[{"embeddable":true,"href":"https:\/\/site.utm.ro\/en\/wp-json\/wp\/v2\/users\/1"}],"replies":[{"embeddable":true,"href":"https:\/\/site.utm.ro\/en\/wp-json\/wp\/v2\/comments?post=28981"}],"version-history":[{"count":0,"href":"https:\/\/site.utm.ro\/en\/wp-json\/wp\/v2\/pages\/28981\/revisions"}],"up":[{"embeddable":true,"href":"https:\/\/site.utm.ro\/en\/wp-json\/wp\/v2\/pages\/28943"}],"wp:attachment":[{"href":"https:\/\/site.utm.ro\/en\/wp-json\/wp\/v2\/media?parent=28981"}],"curies":[{"name":"wp","href":"https:\/\/api.w.org\/{rel}","templated":true}]}}