{"id":28970,"date":"2026-03-04T13:28:55","date_gmt":"2026-03-04T13:28:55","guid":{"rendered":"https:\/\/site.utm.ro\/?page_id=28970"},"modified":"2026-03-04T13:29:26","modified_gmt":"2026-03-04T13:29:26","slug":"cereri-si-formulare","status":"publish","type":"page","link":"https:\/\/site.utm.ro\/en\/rezidentiat\/informatii-utile\/cereri-si-formulare\/","title":{"rendered":"Applications and forms"},"content":{"rendered":"<div data-elementor-type=\"wp-page\" data-elementor-id=\"28970\" class=\"elementor elementor-28970\" data-elementor-post-type=\"page\">\n\t\t\t\t\t\t<section class=\"elementor-section elementor-top-section elementor-element elementor-element-b37bfb6 elementor-section-height-min-height elementor-section-full_width elementor-section-height-default elementor-section-items-middle\" data-id=\"b37bfb6\" data-element_type=\"section\" data-e-type=\"section\" data-settings=\"{&quot;background_background&quot;:&quot;classic&quot;}\">\n\t\t\t\t\t\t\t<div class=\"elementor-background-overlay\"><\/div>\n\t\t\t\t\t\t\t<div class=\"elementor-container elementor-column-gap-default\">\n\t\t\t\t\t<div class=\"elementor-column elementor-col-100 elementor-top-column elementor-element elementor-element-ff3fcd2\" data-id=\"ff3fcd2\" data-element_type=\"column\" data-e-type=\"column\" data-settings=\"{&quot;background_background&quot;:&quot;classic&quot;}\">\n\t\t\t<div class=\"elementor-widget-wrap\">\n\t\t\t\t\t\t\t<\/div>\n\t\t<\/div>\n\t\t\t\t\t<\/div>\n\t\t<\/section>\n\t\t\t\t<section class=\"elementor-section elementor-top-section elementor-element elementor-element-e644bcc elementor-section-boxed elementor-section-height-default elementor-section-height-default\" data-id=\"e644bcc\" data-element_type=\"section\" data-e-type=\"section\">\n\t\t\t\t\t\t<div class=\"elementor-container elementor-column-gap-no\">\n\t\t\t\t\t<div class=\"elementor-column elementor-col-50 elementor-top-column elementor-element elementor-element-364b315 animated-fast elementor-invisible\" data-id=\"364b315\" data-element_type=\"column\" data-e-type=\"column\" data-settings=\"{&quot;background_background&quot;:&quot;classic&quot;,&quot;animation&quot;:&quot;fadeIn&quot;,&quot;animation_tablet&quot;:&quot;none&quot;,&quot;animation_mobile&quot;:&quot;none&quot;,&quot;animation_delay&quot;:100}\">\n\t\t\t<div class=\"elementor-widget-wrap elementor-element-populated\">\n\t\t\t\t\t\t<div class=\"elementor-element elementor-element-6ae1957 elementor-widget elementor-widget-heading\" data-id=\"6ae1957\" data-element_type=\"widget\" data-e-type=\"widget\" data-widget_type=\"heading.default\">\n\t\t\t\t<div class=\"elementor-widget-container\">\n\t\t\t\t\t<h1 class=\"elementor-heading-title elementor-size-default\">Residency Useful Information<\/h1>\t\t\t\t<\/div>\n\t\t\t\t<\/div>\n\t\t\t\t\t<\/div>\n\t\t<\/div>\n\t\t\t\t<div class=\"elementor-column elementor-col-50 elementor-top-column elementor-element elementor-element-e8319ff elementor-hidden-desktop elementor-hidden-tablet elementor-hidden-phone\" data-id=\"e8319ff\" data-element_type=\"column\" data-e-type=\"column\">\n\t\t\t<div class=\"elementor-widget-wrap\">\n\t\t\t\t\t\t\t<\/div>\n\t\t<\/div>\n\t\t\t\t\t<\/div>\n\t\t<\/section>\n\t\t\t\t<section class=\"elementor-section elementor-top-section elementor-element elementor-element-2111918 elementor-section-boxed elementor-section-height-default elementor-section-height-default\" data-id=\"2111918\" data-element_type=\"section\" data-e-type=\"section\">\n\t\t\t\t\t\t<div class=\"elementor-container elementor-column-gap-default\">\n\t\t\t\t\t<div class=\"elementor-column elementor-col-100 elementor-top-column elementor-element elementor-element-943ac48\" data-id=\"943ac48\" data-element_type=\"column\" data-e-type=\"column\" data-settings=\"{&quot;background_background&quot;:&quot;classic&quot;}\">\n\t\t\t<div class=\"elementor-widget-wrap elementor-element-populated\">\n\t\t\t\t\t\t<div class=\"elementor-element elementor-element-4932e17  custom-inpage-menu elementor-nav-menu__align-start elementor-nav-menu--dropdown-none vamtam-has-mobile-disable-scroll elementor-widget elementor-widget-nav-menu\" data-id=\"4932e17\" data-element_type=\"widget\" data-e-type=\"widget\" data-settings=\"{&quot;layout&quot;:&quot;horizontal&quot;,&quot;submenu_icon&quot;:{&quot;value&quot;:&quot;&lt;i class=\\&quot;fas fa-caret-down\\&quot; aria-hidden=\\&quot;true\\&quot;&gt;&lt;\\\/i&gt;&quot;,&quot;library&quot;:&quot;fa-solid&quot;},&quot;toggle_icon_active&quot;:{&quot;value&quot;:&quot;&quot;,&quot;library&quot;:&quot;&quot;}}\" data-widget_type=\"nav-menu.default\">\n\t\t\t\t<div class=\"elementor-widget-container\">\n\t\t\t\t\t\t\t\t<nav aria-label=\"Menu\" class=\"elementor-nav-menu--main elementor-nav-menu__container elementor-nav-menu--layout-horizontal e--pointer-underline e--animation-fade\">\n\t\t\t\t<ul id=\"menu-1-4932e17\" class=\"elementor-nav-menu\"><li class=\"menu-item menu-item-type-post_type menu-item-object-page menu-item-28948\"><a href=\"https:\/\/site.utm.ro\/en\/rezidentiat\/informatii-utile\/\" class=\"elementor-item\">Presentation<\/a><\/li>\n<li class=\"menu-item menu-item-type-post_type menu-item-object-page menu-item-28959\"><a href=\"https:\/\/site.utm.ro\/en\/rezidentiat\/informatii-utile\/contact-2\/\" class=\"elementor-item\">Contact<\/a><\/li>\n<li class=\"menu-item menu-item-type-post_type menu-item-object-page menu-item-28980\"><a href=\"https:\/\/site.utm.ro\/en\/rezidentiat\/informatii-utile\/anunturi\/\" class=\"elementor-item\">Announcements<\/a><\/li>\n<li class=\"menu-item menu-item-type-post_type menu-item-object-page menu-item-28979\"><a href=\"https:\/\/site.utm.ro\/en\/rezidentiat\/informatii-utile\/cereri-si-formulare\/\" class=\"elementor-item\">Applications and forms<\/a><\/li>\n<li class=\"menu-item menu-item-type-post_type menu-item-object-page menu-item-38830\"><a href=\"https:\/\/site.utm.ro\/en\/rezidentiat\/admitere-non-ue\/\" class=\"elementor-item\">Non-EU admission<\/a><\/li>\n<li class=\"open-new-tab menu-item menu-item-type-custom menu-item-object-custom menu-item-38831\"><a target=\"_blank\" rel=\"noopener noreferrer\" href=\"\/wp-content\/uploads\/2026\/03\/20260304-coordonatori-B-TM.pdf\" class=\"elementor-item\">Accredited coordinators<\/a><\/li>\n<li class=\"menu-item menu-item-type-post_type menu-item-object-page menu-item-28983\"><a href=\"https:\/\/site.utm.ro\/en\/rezidentiat\/informatii-utile\/regulamente-si-metodologii\/\" class=\"elementor-item\">Regulations and methodologies<\/a><\/li>\n<li class=\"open-new-tab menu-item menu-item-type-post_type menu-item-object-page menu-item-38832\"><a target=\"_blank\" rel=\"noopener noreferrer\" href=\"https:\/\/site.utm.ro\/en\/rezidentiat\/etape-rezidentiat\/\" class=\"elementor-item\">Residency stages<\/a><\/li>\n<\/ul>\t\t\t<\/nav>\n\t\t\t\t\t\t<nav class=\"elementor-nav-menu--dropdown elementor-nav-menu__container\" aria-hidden=\"true\">\n\t\t\t\t<ul id=\"menu-2-4932e17\" class=\"elementor-nav-menu\"><li class=\"menu-item menu-item-type-post_type menu-item-object-page menu-item-28948\"><a href=\"https:\/\/site.utm.ro\/en\/rezidentiat\/informatii-utile\/\" class=\"elementor-item\" tabindex=\"-1\">Presentation<\/a><\/li>\n<li class=\"menu-item menu-item-type-post_type menu-item-object-page menu-item-28959\"><a href=\"https:\/\/site.utm.ro\/en\/rezidentiat\/informatii-utile\/contact-2\/\" class=\"elementor-item\" tabindex=\"-1\">Contact<\/a><\/li>\n<li class=\"menu-item menu-item-type-post_type menu-item-object-page menu-item-28980\"><a href=\"https:\/\/site.utm.ro\/en\/rezidentiat\/informatii-utile\/anunturi\/\" class=\"elementor-item\" tabindex=\"-1\">Announcements<\/a><\/li>\n<li class=\"menu-item menu-item-type-post_type menu-item-object-page menu-item-28979\"><a href=\"https:\/\/site.utm.ro\/en\/rezidentiat\/informatii-utile\/cereri-si-formulare\/\" class=\"elementor-item\" tabindex=\"-1\">Applications and forms<\/a><\/li>\n<li class=\"menu-item menu-item-type-post_type menu-item-object-page menu-item-38830\"><a href=\"https:\/\/site.utm.ro\/en\/rezidentiat\/admitere-non-ue\/\" class=\"elementor-item\" tabindex=\"-1\">Non-EU admission<\/a><\/li>\n<li class=\"open-new-tab menu-item menu-item-type-custom menu-item-object-custom menu-item-38831\"><a target=\"_blank\" rel=\"noopener noreferrer\" href=\"\/wp-content\/uploads\/2026\/03\/20260304-coordonatori-B-TM.pdf\" class=\"elementor-item\" tabindex=\"-1\">Accredited coordinators<\/a><\/li>\n<li class=\"menu-item menu-item-type-post_type menu-item-object-page menu-item-28983\"><a href=\"https:\/\/site.utm.ro\/en\/rezidentiat\/informatii-utile\/regulamente-si-metodologii\/\" class=\"elementor-item\" tabindex=\"-1\">Regulations and methodologies<\/a><\/li>\n<li class=\"open-new-tab menu-item menu-item-type-post_type menu-item-object-page menu-item-38832\"><a target=\"_blank\" rel=\"noopener noreferrer\" href=\"https:\/\/site.utm.ro\/en\/rezidentiat\/etape-rezidentiat\/\" class=\"elementor-item\" tabindex=\"-1\">Residency stages<\/a><\/li>\n<\/ul>\t\t\t<\/nav>\n\t\t\t\t\t\t<\/div>\n\t\t\t\t<\/div>\n\t\t\t\t\t<\/div>\n\t\t<\/div>\n\t\t\t\t\t<\/div>\n\t\t<\/section>\n\t\t\t\t<section class=\"elementor-section elementor-top-section elementor-element elementor-element-27b04bf elementor-section-boxed elementor-section-height-default elementor-section-height-default\" data-id=\"27b04bf\" data-element_type=\"section\" data-e-type=\"section\">\n\t\t\t\t\t\t<div class=\"elementor-container elementor-column-gap-default\">\n\t\t\t\t\t<div class=\"elementor-column elementor-col-100 elementor-top-column elementor-element elementor-element-78487f9\" data-id=\"78487f9\" data-element_type=\"column\" data-e-type=\"column\">\n\t\t\t<div class=\"elementor-widget-wrap elementor-element-populated\">\n\t\t\t\t\t\t<div class=\"elementor-element elementor-element-841880c elementor-widget elementor-widget-text-editor\" data-id=\"841880c\" data-element_type=\"widget\" data-e-type=\"widget\" data-widget_type=\"text-editor.default\">\n\t\t\t\t<div class=\"elementor-widget-container\">\n\t\t\t\t\t\t\t\t\t<div><div><h3><strong>Applications and forms\u00a0<\/strong><\/h3><\/div><br \/><div><p><a href=\"\/wp-content\/uploads\/2026\/03\/Cereri-diverse.docx\"><strong>Miscellaneous requests\u00a0<\/strong><\/a><\/p><p><a href=\"\/wp-content\/uploads\/2026\/03\/SCHIMBARE-COORDONATOR.docx\"><strong>Change of coordinator\u00a0<\/strong><\/a><\/p><p><a href=\"\/wp-content\/uploads\/2026\/03\/Cerere-SCHIMBARE-unitate-sanitara-1.docx\"><strong>Request change of health facility\u00a0<\/strong><\/a><\/p><p><strong>\u00a0<\/strong><\/p><p><strong>CHANGE OF HEALTH FACILITY INFORMATION<\/strong><\/p><p>Residents\u00a0<strong>on the spot<\/strong>, may change within the same university center, the employing health unit, based on the agreement of the heads of the two health units involved, with the approval of the Ministry of Health and notification of the department of residency training.<\/p><p>Application approved by both employing health facilities can be sent by e-mail\u00a0<a href=\"mailto:rezidentit@univ.utm.ro\">rezidentiat@univ.utm.ro<\/a>\u00a0or physically brought to the Residents Office for the Department Director's approval. Once it has all approvals, the application accompanied by the necessary documents will be sent to the Department of Health for approval.<\/p><p>Documents needed<\/p><ul><li>Application approved<\/li><li>Proof of contract with the new employing establishment.<\/li><\/ul><\/div><\/div>\t\t\t\t\t\t\t\t<\/div>\n\t\t\t\t<\/div>\n\t\t\t\t\t<\/div>\n\t\t<\/div>\n\t\t\t\t\t<\/div>\n\t\t<\/section>\n\t\t\t\t<section class=\"elementor-section elementor-top-section elementor-element elementor-element-fd895b7 elementor-section-boxed elementor-section-height-default elementor-section-height-default\" data-id=\"fd895b7\" data-element_type=\"section\" data-e-type=\"section\">\n\t\t\t\t\t\t<div class=\"elementor-container elementor-column-gap-default\">\n\t\t\t\t\t<div class=\"elementor-column elementor-col-100 elementor-top-column elementor-element elementor-element-05b3fa5\" data-id=\"05b3fa5\" data-element_type=\"column\" data-e-type=\"column\">\n\t\t\t<div class=\"elementor-widget-wrap elementor-element-populated\">\n\t\t\t\t\t\t<div class=\"elementor-element elementor-element-d854764 elementor-widget elementor-widget-spacer\" data-id=\"d854764\" data-element_type=\"widget\" data-e-type=\"widget\" data-widget_type=\"spacer.default\">\n\t\t\t\t<div class=\"elementor-widget-container\">\n\t\t\t\t\t\t\t<div class=\"elementor-spacer\">\n\t\t\t<div class=\"elementor-spacer-inner\"><\/div>\n\t\t<\/div>\n\t\t\t\t\t\t<\/div>\n\t\t\t\t<\/div>\n\t\t\t\t\t<\/div>\n\t\t<\/div>\n\t\t\t\t\t<\/div>\n\t\t<\/section>\n\t\t\t\t<\/div>","protected":false},"excerpt":{"rendered":"<p>Reziden\u021biat Informa\u021bii utile Cereri \u0219i formulare\u00a0 Cereri diverse\u00a0 Schimbare coordonator\u00a0 Cerere schimbare unitate sanitar\u0103\u00a0 \u00a0 INFORMA\u021aII SCHIMBARE UNITATE SANITAR\u0102 Reziden\u021bii\u00a0pe loc, pot schimba \u00een cadrul aceluia\u0219i centru universitar, unitatea sanitar\u0103 angajatoare, pe baza acordului conducerilor celor dou\u0103 unit\u0103\u021bi sanitare implicate, cu aprobarea Ministerului S\u0103n\u0103t\u0103\u021bii \u0219i notificarea departamentului de preg\u0103tire prin reziden\u021biat. Cererea aprobat\u0103 de ambele&#8230;<\/p>","protected":false},"author":1,"featured_media":0,"parent":28943,"menu_order":0,"comment_status":"closed","ping_status":"closed","template":"","meta":{"footnotes":""},"class_list":["post-28970","page","type-page","status-publish","hentry"],"_links":{"self":[{"href":"https:\/\/site.utm.ro\/en\/wp-json\/wp\/v2\/pages\/28970","targetHints":{"allow":["GET"]}}],"collection":[{"href":"https:\/\/site.utm.ro\/en\/wp-json\/wp\/v2\/pages"}],"about":[{"href":"https:\/\/site.utm.ro\/en\/wp-json\/wp\/v2\/types\/page"}],"author":[{"embeddable":true,"href":"https:\/\/site.utm.ro\/en\/wp-json\/wp\/v2\/users\/1"}],"replies":[{"embeddable":true,"href":"https:\/\/site.utm.ro\/en\/wp-json\/wp\/v2\/comments?post=28970"}],"version-history":[{"count":0,"href":"https:\/\/site.utm.ro\/en\/wp-json\/wp\/v2\/pages\/28970\/revisions"}],"up":[{"embeddable":true,"href":"https:\/\/site.utm.ro\/en\/wp-json\/wp\/v2\/pages\/28943"}],"wp:attachment":[{"href":"https:\/\/site.utm.ro\/en\/wp-json\/wp\/v2\/media?parent=28970"}],"curies":[{"name":"wp","href":"https:\/\/api.w.org\/{rel}","templated":true}]}}