{"id":28845,"date":"2026-03-04T12:00:49","date_gmt":"2026-03-04T12:00:49","guid":{"rendered":"https:\/\/site.utm.ro\/?page_id=28845"},"modified":"2026-03-04T12:03:09","modified_gmt":"2026-03-04T12:03:09","slug":"contact","status":"publish","type":"page","link":"https:\/\/site.utm.ro\/en\/doctorat\/informatii-utile\/contact\/","title":{"rendered":"Contact"},"content":{"rendered":"<div data-elementor-type=\"wp-page\" data-elementor-id=\"28845\" class=\"elementor elementor-28845\" data-elementor-post-type=\"page\">\n\t\t\t\t\t\t<section class=\"elementor-section elementor-top-section elementor-element elementor-element-b37bfb6 elementor-section-height-min-height elementor-section-full_width elementor-section-height-default elementor-section-items-middle\" data-id=\"b37bfb6\" data-element_type=\"section\" data-e-type=\"section\" data-settings=\"{&quot;background_background&quot;:&quot;classic&quot;}\">\n\t\t\t\t\t\t\t<div class=\"elementor-background-overlay\"><\/div>\n\t\t\t\t\t\t\t<div class=\"elementor-container elementor-column-gap-default\">\n\t\t\t\t\t<div class=\"elementor-column elementor-col-100 elementor-top-column elementor-element elementor-element-ff3fcd2\" data-id=\"ff3fcd2\" data-element_type=\"column\" data-e-type=\"column\" data-settings=\"{&quot;background_background&quot;:&quot;classic&quot;}\">\n\t\t\t<div class=\"elementor-widget-wrap\">\n\t\t\t\t\t\t\t<\/div>\n\t\t<\/div>\n\t\t\t\t\t<\/div>\n\t\t<\/section>\n\t\t\t\t<section class=\"elementor-section elementor-top-section elementor-element elementor-element-e644bcc elementor-section-boxed elementor-section-height-default elementor-section-height-default\" data-id=\"e644bcc\" data-element_type=\"section\" data-e-type=\"section\">\n\t\t\t\t\t\t<div class=\"elementor-container elementor-column-gap-no\">\n\t\t\t\t\t<div class=\"elementor-column elementor-col-50 elementor-top-column elementor-element elementor-element-364b315 animated-fast elementor-invisible\" data-id=\"364b315\" data-element_type=\"column\" data-e-type=\"column\" data-settings=\"{&quot;background_background&quot;:&quot;classic&quot;,&quot;animation&quot;:&quot;fadeIn&quot;,&quot;animation_tablet&quot;:&quot;none&quot;,&quot;animation_mobile&quot;:&quot;none&quot;,&quot;animation_delay&quot;:100}\">\n\t\t\t<div class=\"elementor-widget-wrap elementor-element-populated\">\n\t\t\t\t\t\t<div class=\"elementor-element elementor-element-6ae1957 elementor-widget elementor-widget-heading\" data-id=\"6ae1957\" data-element_type=\"widget\" data-e-type=\"widget\" data-widget_type=\"heading.default\">\n\t\t\t\t<div class=\"elementor-widget-container\">\n\t\t\t\t\t<h1 class=\"elementor-heading-title elementor-size-default\">Doctorat Informa\u021bii utile<\/h1>\t\t\t\t<\/div>\n\t\t\t\t<\/div>\n\t\t\t\t\t<\/div>\n\t\t<\/div>\n\t\t\t\t<div class=\"elementor-column elementor-col-50 elementor-top-column elementor-element elementor-element-e8319ff elementor-hidden-desktop elementor-hidden-tablet elementor-hidden-phone\" data-id=\"e8319ff\" data-element_type=\"column\" data-e-type=\"column\">\n\t\t\t<div class=\"elementor-widget-wrap\">\n\t\t\t\t\t\t\t<\/div>\n\t\t<\/div>\n\t\t\t\t\t<\/div>\n\t\t<\/section>\n\t\t\t\t<section class=\"elementor-section elementor-top-section elementor-element elementor-element-2111918 elementor-section-boxed elementor-section-height-default elementor-section-height-default\" data-id=\"2111918\" data-element_type=\"section\" data-e-type=\"section\">\n\t\t\t\t\t\t<div class=\"elementor-container elementor-column-gap-default\">\n\t\t\t\t\t<div class=\"elementor-column elementor-col-100 elementor-top-column elementor-element elementor-element-943ac48\" data-id=\"943ac48\" data-element_type=\"column\" data-e-type=\"column\" data-settings=\"{&quot;background_background&quot;:&quot;classic&quot;}\">\n\t\t\t<div class=\"elementor-widget-wrap elementor-element-populated\">\n\t\t\t\t\t\t<div class=\"elementor-element elementor-element-4932e17  custom-inpage-menu elementor-nav-menu__align-start elementor-nav-menu--dropdown-none vamtam-has-mobile-disable-scroll elementor-widget elementor-widget-nav-menu\" data-id=\"4932e17\" data-element_type=\"widget\" data-e-type=\"widget\" data-settings=\"{&quot;layout&quot;:&quot;horizontal&quot;,&quot;submenu_icon&quot;:{&quot;value&quot;:&quot;&lt;i class=\\&quot;fas fa-caret-down\\&quot; aria-hidden=\\&quot;true\\&quot;&gt;&lt;\\\/i&gt;&quot;,&quot;library&quot;:&quot;fa-solid&quot;},&quot;toggle_icon_active&quot;:{&quot;value&quot;:&quot;&quot;,&quot;library&quot;:&quot;&quot;}}\" data-widget_type=\"nav-menu.default\">\n\t\t\t\t<div class=\"elementor-widget-container\">\n\t\t\t\t\t\t\t\t<nav aria-label=\"Menu\" class=\"elementor-nav-menu--main elementor-nav-menu__container elementor-nav-menu--layout-horizontal e--pointer-underline e--animation-fade\">\n\t\t\t\t<ul id=\"menu-1-4932e17\" class=\"elementor-nav-menu\"><li class=\"menu-item menu-item-type-post_type menu-item-object-page menu-item-28827\"><a href=\"https:\/\/site.utm.ro\/en\/doctorat\/informatii-utile\/\" class=\"elementor-item\">Presentation<\/a><\/li>\n<li class=\"menu-item menu-item-type-post_type menu-item-object-page menu-item-28850\"><a href=\"https:\/\/site.utm.ro\/en\/doctorat\/informatii-utile\/contact\/\" class=\"elementor-item\">Contact<\/a><\/li>\n<li class=\"menu-item menu-item-type-post_type menu-item-object-page menu-item-28864\"><a href=\"https:\/\/site.utm.ro\/en\/doctorat\/informatii-utile\/regulamente-si-metodologii\/\" class=\"elementor-item\">Regulations and methodologies<\/a><\/li>\n<li class=\"menu-item menu-item-type-post_type menu-item-object-page menu-item-28867\"><a href=\"https:\/\/site.utm.ro\/en\/doctorat\/informatii-utile\/rapoarte-de-evaluare\/\" class=\"elementor-item\">Evaluation reports<\/a><\/li>\n<li class=\"menu-item menu-item-type-post_type menu-item-object-page menu-item-28882\"><a href=\"https:\/\/site.utm.ro\/en\/doctorat\/informatii-utile\/consiliul-pentru-studiile-universitare-de-doctorat\/\" class=\"elementor-item\">CSUD<\/a><\/li>\n<\/ul>\t\t\t<\/nav>\n\t\t\t\t\t\t<nav class=\"elementor-nav-menu--dropdown elementor-nav-menu__container\" aria-hidden=\"true\">\n\t\t\t\t<ul id=\"menu-2-4932e17\" class=\"elementor-nav-menu\"><li class=\"menu-item menu-item-type-post_type menu-item-object-page menu-item-28827\"><a href=\"https:\/\/site.utm.ro\/en\/doctorat\/informatii-utile\/\" class=\"elementor-item\" tabindex=\"-1\">Presentation<\/a><\/li>\n<li class=\"menu-item menu-item-type-post_type menu-item-object-page menu-item-28850\"><a href=\"https:\/\/site.utm.ro\/en\/doctorat\/informatii-utile\/contact\/\" class=\"elementor-item\" tabindex=\"-1\">Contact<\/a><\/li>\n<li class=\"menu-item menu-item-type-post_type menu-item-object-page menu-item-28864\"><a href=\"https:\/\/site.utm.ro\/en\/doctorat\/informatii-utile\/regulamente-si-metodologii\/\" class=\"elementor-item\" tabindex=\"-1\">Regulations and methodologies<\/a><\/li>\n<li class=\"menu-item menu-item-type-post_type menu-item-object-page menu-item-28867\"><a href=\"https:\/\/site.utm.ro\/en\/doctorat\/informatii-utile\/rapoarte-de-evaluare\/\" class=\"elementor-item\" tabindex=\"-1\">Evaluation reports<\/a><\/li>\n<li class=\"menu-item menu-item-type-post_type menu-item-object-page menu-item-28882\"><a href=\"https:\/\/site.utm.ro\/en\/doctorat\/informatii-utile\/consiliul-pentru-studiile-universitare-de-doctorat\/\" class=\"elementor-item\" tabindex=\"-1\">CSUD<\/a><\/li>\n<\/ul>\t\t\t<\/nav>\n\t\t\t\t\t\t<\/div>\n\t\t\t\t<\/div>\n\t\t\t\t\t<\/div>\n\t\t<\/div>\n\t\t\t\t\t<\/div>\n\t\t<\/section>\n\t\t\t\t<section class=\"elementor-section elementor-top-section elementor-element elementor-element-27b04bf elementor-section-boxed elementor-section-height-default elementor-section-height-default\" data-id=\"27b04bf\" data-element_type=\"section\" data-e-type=\"section\">\n\t\t\t\t\t\t<div class=\"elementor-container elementor-column-gap-default\">\n\t\t\t\t\t<div class=\"elementor-column elementor-col-100 elementor-top-column elementor-element elementor-element-78487f9\" data-id=\"78487f9\" data-element_type=\"column\" data-e-type=\"column\">\n\t\t\t<div class=\"elementor-widget-wrap elementor-element-populated\">\n\t\t\t\t\t\t<div class=\"elementor-element elementor-element-841880c elementor-widget elementor-widget-text-editor\" data-id=\"841880c\" data-element_type=\"widget\" data-e-type=\"widget\" data-widget_type=\"text-editor.default\">\n\t\t\t\t<div class=\"elementor-widget-container\">\n\t\t\t\t\t\t\t\t\t<h3>Informa\u021bii de Secretariat<\/h3><p><strong>SECRETARY CHIEF:<\/strong>\u00a0Delia Gavril\u0103<\/p><p><strong>SECRETARY:\u00a0<\/strong>Silvia Pugacevscaia<\/p><p><strong>E-mail:<\/strong>\u00a0<a href=\"mailto:iosud@univ.utm.ro\" target=\"_blank\" rel=\"noopener\">iosud@univ.utm.ro<\/a><\/p><p><strong>Phone\/fax:<\/strong>\u00a0021 3161646<\/p><p><strong>Address:<\/strong>\u00a0Calea V\u0103c\u0103re\u015fti nr. 189, Corp M, Parter, sector 4, Bucure\u015fti<\/p><p><strong>Program:<\/strong>\u00a08:00 \u2013 16:00 (luni \u2013 vineri)<\/p><hr \/><h3><strong>Useful information<br \/><\/strong><\/h3><p>Pentru achitarea taxelor la Universitatea Titu Maiorescu se pot folosi urm\u0103toarele modalit\u0103\u0163i de plat\u0103:<\/p><div><ol><li><strong>\u00cen numerar, direct la orice casierie a B\u0103ncii Transilvania<\/strong>, folosind un\u00a0<strong>formular pretip\u0103rit<\/strong>\u00a0\u00een care se completeaz\u0103 numele, prenumele, codul numeric personal \u015fi codul de plat\u0103, care poate fi accesat\u00a0<a href=\"\/wp-content\/uploads\/2026\/03\/Lista_Coduri_taxa-de-studii_-2024-2025_toti-anii_toate-facultatile.pdf\" target=\"_blank\" rel=\"noopener noreferrer\"><strong>here<\/strong><\/a>;<\/li><li><strong>Prin transfer bancar (ordin de plat\u0103)<\/strong>\u00a0\u00een contul\u00a0<strong>RO90BTRL04301202N01816XX<\/strong>\u00a0deschis la Banca Transilvania;<\/li><li><strong>\u00cen numerar, la casieria Universit\u0103\u021bii Titu Maiorescu<\/strong>\u00a0din Strada D\u00e2mbovnicului nr 22, sector 4, Bucure\u0219ti;<\/li><li><strong>Plat\u0103 cu CARD BANCAR \u2013 POS, la casieria Universit\u0103\u021bii Titu Maiorescu<\/strong>\u00a0din Strada D\u00e2mbovnicului nr 22, sector 4, Bucure\u0219ti.<\/li><\/ol><ul><li><strong><a href=\"\/wp-content\/uploads\/2026\/03\/UTM_A3.Formular-Banca-Transilvania-incasare-taxe_270120.doc\" target=\"_blank\" rel=\"noopener noreferrer\">Formular pentru \u00eencasarea taxelor\u00a0<\/a><\/strong><\/li><li><strong><a href=\"\/wp-content\/uploads\/2026\/03\/Nomenclator-2025-2026-modificat.pdf\" target=\"_blank\" rel=\"noopener\">Nomenclator taxe<\/a><\/strong><\/li><\/ul><\/div>\t\t\t\t\t\t\t\t<\/div>\n\t\t\t\t<\/div>\n\t\t\t\t\t<\/div>\n\t\t<\/div>\n\t\t\t\t\t<\/div>\n\t\t<\/section>\n\t\t\t\t<section class=\"elementor-section elementor-top-section elementor-element elementor-element-fd895b7 elementor-section-boxed elementor-section-height-default elementor-section-height-default\" data-id=\"fd895b7\" data-element_type=\"section\" data-e-type=\"section\">\n\t\t\t\t\t\t<div class=\"elementor-container elementor-column-gap-default\">\n\t\t\t\t\t<div class=\"elementor-column elementor-col-100 elementor-top-column elementor-element elementor-element-05b3fa5\" data-id=\"05b3fa5\" data-element_type=\"column\" data-e-type=\"column\">\n\t\t\t<div class=\"elementor-widget-wrap elementor-element-populated\">\n\t\t\t\t\t\t<div class=\"elementor-element elementor-element-d854764 elementor-widget elementor-widget-spacer\" data-id=\"d854764\" data-element_type=\"widget\" data-e-type=\"widget\" data-widget_type=\"spacer.default\">\n\t\t\t\t<div class=\"elementor-widget-container\">\n\t\t\t\t\t\t\t<div class=\"elementor-spacer\">\n\t\t\t<div class=\"elementor-spacer-inner\"><\/div>\n\t\t<\/div>\n\t\t\t\t\t\t<\/div>\n\t\t\t\t<\/div>\n\t\t\t\t\t<\/div>\n\t\t<\/div>\n\t\t\t\t\t<\/div>\n\t\t<\/section>\n\t\t\t\t<\/div>","protected":false},"excerpt":{"rendered":"<p>Doctorat Informa\u021bii utile Informa\u021bii de Secretariat SECRETAR \u0218EF:\u00a0Delia Gavril\u0103 SECRETAR:\u00a0Silvia Pugacevscaia E-mail:\u00a0iosud@univ.utm.ro Telefon\/fax:\u00a0021 3161646 Adresa:\u00a0Calea V\u0103c\u0103re\u015fti nr. 189, Corp M, Parter, sector 4, Bucure\u015fti Program:\u00a08:00 \u2013 16:00 (luni \u2013 vineri) Informa\u021bii utile Pentru achitarea taxelor la Universitatea Titu Maiorescu se pot folosi urm\u0103toarele modalit\u0103\u0163i de plat\u0103: \u00cen numerar, direct la orice casierie a B\u0103ncii Transilvania,&#8230;<\/p>","protected":false},"author":1,"featured_media":0,"parent":28825,"menu_order":0,"comment_status":"closed","ping_status":"closed","template":"","meta":{"footnotes":""},"class_list":["post-28845","page","type-page","status-publish","hentry"],"_links":{"self":[{"href":"https:\/\/site.utm.ro\/en\/wp-json\/wp\/v2\/pages\/28845","targetHints":{"allow":["GET"]}}],"collection":[{"href":"https:\/\/site.utm.ro\/en\/wp-json\/wp\/v2\/pages"}],"about":[{"href":"https:\/\/site.utm.ro\/en\/wp-json\/wp\/v2\/types\/page"}],"author":[{"embeddable":true,"href":"https:\/\/site.utm.ro\/en\/wp-json\/wp\/v2\/users\/1"}],"replies":[{"embeddable":true,"href":"https:\/\/site.utm.ro\/en\/wp-json\/wp\/v2\/comments?post=28845"}],"version-history":[{"count":0,"href":"https:\/\/site.utm.ro\/en\/wp-json\/wp\/v2\/pages\/28845\/revisions"}],"up":[{"embeddable":true,"href":"https:\/\/site.utm.ro\/en\/wp-json\/wp\/v2\/pages\/28825"}],"wp:attachment":[{"href":"https:\/\/site.utm.ro\/en\/wp-json\/wp\/v2\/media?parent=28845"}],"curies":[{"name":"wp","href":"https:\/\/api.w.org\/{rel}","templated":true}]}}