{"id":28745,"date":"2026-03-04T09:05:11","date_gmt":"2026-03-04T09:05:11","guid":{"rendered":"https:\/\/site.utm.ro\/?page_id=28745"},"modified":"2026-03-04T09:08:06","modified_gmt":"2026-03-04T09:08:06","slug":"medicina-dentara-in-engleza","status":"publish","type":"page","link":"https:\/\/site.utm.ro\/en\/international\/medicina-dentara-in-engleza\/","title":{"rendered":"Dental medicine in English"},"content":{"rendered":"<div data-elementor-type=\"wp-page\" data-elementor-id=\"28745\" class=\"elementor elementor-28745\" data-elementor-post-type=\"page\">\n\t\t\t\t\t\t<section class=\"elementor-section elementor-top-section elementor-element elementor-element-b37bfb6 elementor-section-height-min-height elementor-section-full_width elementor-section-height-default elementor-section-items-middle\" data-id=\"b37bfb6\" data-element_type=\"section\" data-e-type=\"section\" data-settings=\"{&quot;background_background&quot;:&quot;classic&quot;}\">\n\t\t\t\t\t\t\t<div class=\"elementor-background-overlay\"><\/div>\n\t\t\t\t\t\t\t<div class=\"elementor-container elementor-column-gap-default\">\n\t\t\t\t\t<div class=\"elementor-column elementor-col-100 elementor-top-column elementor-element elementor-element-ff3fcd2\" data-id=\"ff3fcd2\" data-element_type=\"column\" data-e-type=\"column\" data-settings=\"{&quot;background_background&quot;:&quot;classic&quot;}\">\n\t\t\t<div class=\"elementor-widget-wrap\">\n\t\t\t\t\t\t\t<\/div>\n\t\t<\/div>\n\t\t\t\t\t<\/div>\n\t\t<\/section>\n\t\t\t\t<section class=\"elementor-section elementor-top-section elementor-element elementor-element-e644bcc elementor-section-boxed elementor-section-height-default elementor-section-height-default\" data-id=\"e644bcc\" data-element_type=\"section\" data-e-type=\"section\">\n\t\t\t\t\t\t<div class=\"elementor-container elementor-column-gap-no\">\n\t\t\t\t\t<div class=\"elementor-column elementor-col-50 elementor-top-column elementor-element elementor-element-364b315 animated-fast elementor-invisible\" data-id=\"364b315\" data-element_type=\"column\" data-e-type=\"column\" data-settings=\"{&quot;background_background&quot;:&quot;classic&quot;,&quot;animation&quot;:&quot;fadeIn&quot;,&quot;animation_tablet&quot;:&quot;none&quot;,&quot;animation_mobile&quot;:&quot;none&quot;,&quot;animation_delay&quot;:100}\">\n\t\t\t<div class=\"elementor-widget-wrap elementor-element-populated\">\n\t\t\t\t\t\t<div class=\"elementor-element elementor-element-6ae1957 elementor-widget elementor-widget-heading\" data-id=\"6ae1957\" data-element_type=\"widget\" data-e-type=\"widget\" data-widget_type=\"heading.default\">\n\t\t\t\t<div class=\"elementor-widget-container\">\n\t\t\t\t\t<h1 class=\"elementor-heading-title elementor-size-default\">Dental medicine in English<\/h1>\t\t\t\t<\/div>\n\t\t\t\t<\/div>\n\t\t\t\t\t<\/div>\n\t\t<\/div>\n\t\t\t\t<div class=\"elementor-column elementor-col-50 elementor-top-column elementor-element elementor-element-e8319ff elementor-hidden-desktop elementor-hidden-tablet elementor-hidden-phone\" data-id=\"e8319ff\" data-element_type=\"column\" data-e-type=\"column\">\n\t\t\t<div class=\"elementor-widget-wrap\">\n\t\t\t\t\t\t\t<\/div>\n\t\t<\/div>\n\t\t\t\t\t<\/div>\n\t\t<\/section>\n\t\t\t\t<section class=\"elementor-section elementor-top-section elementor-element elementor-element-f0ac44a elementor-section-boxed elementor-section-height-default elementor-section-height-default\" data-id=\"f0ac44a\" data-element_type=\"section\" data-e-type=\"section\">\n\t\t\t\t\t\t<div class=\"elementor-container elementor-column-gap-default\">\n\t\t\t\t\t<div class=\"elementor-column elementor-col-100 elementor-top-column elementor-element elementor-element-8a2eb70\" data-id=\"8a2eb70\" data-element_type=\"column\" data-e-type=\"column\">\n\t\t\t<div class=\"elementor-widget-wrap elementor-element-populated\">\n\t\t\t\t\t\t<div class=\"elementor-element elementor-element-6e2f55a elementor-widget elementor-widget-image\" data-id=\"6e2f55a\" data-element_type=\"widget\" data-e-type=\"widget\" data-widget_type=\"image.default\">\n\t\t\t\t<div class=\"elementor-widget-container\">\n\t\t\t\t\t\t\t\t\t<div class=\"elementor-image\">\n\t\t\t\t\t\t\t\t\t\t\t\t\t\t\t\t\t\t\t\t\t<img fetchpriority=\"high\" decoding=\"async\" width=\"640\" height=\"244\" src=\"https:\/\/site.utm.ro\/wp-content\/uploads\/2026\/03\/dental-2.webp\" class=\"attachment-large size-large wp-image-28747\" alt=\"\" srcset=\"https:\/\/site.utm.ro\/wp-content\/uploads\/2026\/03\/dental-2.webp 640w, https:\/\/site.utm.ro\/wp-content\/uploads\/2026\/03\/dental-2-300x114.webp 300w, https:\/\/site.utm.ro\/wp-content\/uploads\/2026\/03\/dental-2-420x160.webp 420w, https:\/\/site.utm.ro\/wp-content\/uploads\/2026\/03\/dental-2-630x240.webp 630w\" sizes=\"(max-width: 640px) 100vw, 640px\" \/>\t\t\t\t\t\t\t\t\t\t\t\t\t\t\t\t\t\t\t\t\t\t\t\t<\/div>\n\t\t\t\t\t\t\t\t<\/div>\n\t\t\t\t<\/div>\n\t\t\t\t\t<\/div>\n\t\t<\/div>\n\t\t\t\t\t<\/div>\n\t\t<\/section>\n\t\t\t\t<section class=\"elementor-section elementor-top-section elementor-element elementor-element-ea10ffe elementor-section-boxed elementor-section-height-default elementor-section-height-default\" data-id=\"ea10ffe\" data-element_type=\"section\" data-e-type=\"section\" data-settings=\"{&quot;animation&quot;:&quot;none&quot;,&quot;animation_tablet&quot;:&quot;none&quot;,&quot;animation_mobile&quot;:&quot;none&quot;,&quot;animation_delay&quot;:300}\">\n\t\t\t\t\t\t<div class=\"elementor-container elementor-column-gap-no\">\n\t\t\t\t\t<div class=\"elementor-column elementor-col-100 elementor-top-column elementor-element elementor-element-784f85c\" data-id=\"784f85c\" data-element_type=\"column\" data-e-type=\"column\">\n\t\t\t<div class=\"elementor-widget-wrap elementor-element-populated\">\n\t\t\t\t\t\t<div class=\"elementor-element elementor-element-fd815ad vamtam-theme-table-styles elementor-widget elementor-widget-toggle\" data-id=\"fd815ad\" data-element_type=\"widget\" data-e-type=\"widget\" data-widget_type=\"toggle.default\">\n\t\t\t\t<div class=\"elementor-widget-container\">\n\t\t\t\t\t\t\t<div class=\"elementor-toggle\">\n\t\t\t\t\t\t\t<div class=\"elementor-toggle-item\">\n\t\t\t\t\t<h3 id=\"elementor-tab-title-2651\" class=\"elementor-tab-title\" data-tab=\"1\" role=\"button\" aria-controls=\"elementor-tab-content-2651\" aria-expanded=\"false\">\n\t\t\t\t\t\t\t\t\t\t\t\t<span class=\"elementor-toggle-icon elementor-toggle-icon-right\" aria-hidden=\"true\">\n\t\t\t\t\t\t\t\t\t\t\t\t\t\t\t<span class=\"elementor-toggle-icon-closed\"><i class=\"vamtamtheme- vamtam-theme-arrow-down\"><\/i><\/span>\n\t\t\t\t\t\t\t\t<span class=\"elementor-toggle-icon-opened\"><i class=\"elementor-toggle-icon-opened vamtamtheme- vamtam-theme-arrow-up\"><\/i><\/span>\n\t\t\t\t\t\t\t\t\t\t\t\t\t<\/span>\n\t\t\t\t\t\t\t\t\t\t\t\t<a class=\"elementor-toggle-title\" tabindex=\"0\">Descriere program<\/a>\n\t\t\t\t\t<\/h3>\n\n\t\t\t\t\t<div id=\"elementor-tab-content-2651\" class=\"elementor-tab-content elementor-clearfix\" data-tab=\"1\" role=\"region\" aria-labelledby=\"elementor-tab-title-2651\"><p><strong>Mission<\/strong><\/p>\n<p>The mission of the Faculty of Dental Medicine is to train high-level, competent professionals who can rapidly adapt to the labour market.<\/p>\n<p>The prestige of the Faculty of Dental Medicine of \u201cTitu Maiorescu University\u201d is conferred by the high-quality education that integrates knowledge and practical skills, the facilities of the highest standards offered to students, and the efficiency and the performance of the academic staff who edicate new generation of skilled dentists.<\/p>\n<p>Our students have the opportunity to work under supervision with real patients and exercise their practical skills within Titu Maiorescu Private Clinical Center of Dental Medicine. Small working groups facilitate a personalized interaction with professors, aimed to improve skills and increase comprehension of the required material.<\/p>\n<p>\u00a0<\/p>\n<p><strong>Career opportunities<\/strong><\/p>\n<p>After passing the bachelor exam, the graduates in Dental Medicine are officially dentists and can freely practice and exercise their profession.<\/p>\n<p>Most dentists begin practicing as general dentists in several practice settings such as private medical practices, individual or associated, dental clinics\u00a0 or medical clinics.<\/p>\n<p>The graduates of Dental Medicine can also pursue a career based on their medical degree in various fields of activity, including dental product development, medical sales representative, medical equipment companies, specialized international activities, health insurances, research, and much more.<\/p>\n<p>For specialization in a certain field, graduates of Dental Medicine can apply for further studies.\u00a0<\/p>\n<p>\u00a0<\/p>\n<p><strong>Further studies<\/strong><\/p>\n<ul>\n<li>Specialization through national residency program<\/li>\n<li>Postgraduate specialization studies<\/li>\n<li>Master study program<\/li>\n<li>PhD study program<\/li>\n<\/ul><\/div>\n\t\t\t\t<\/div>\n\t\t\t\t\t\t\t<div class=\"elementor-toggle-item\">\n\t\t\t\t\t<h3 id=\"elementor-tab-title-2652\" class=\"elementor-tab-title\" data-tab=\"2\" role=\"button\" aria-controls=\"elementor-tab-content-2652\" aria-expanded=\"false\">\n\t\t\t\t\t\t\t\t\t\t\t\t<span class=\"elementor-toggle-icon elementor-toggle-icon-right\" aria-hidden=\"true\">\n\t\t\t\t\t\t\t\t\t\t\t\t\t\t\t<span class=\"elementor-toggle-icon-closed\"><i class=\"vamtamtheme- vamtam-theme-arrow-down\"><\/i><\/span>\n\t\t\t\t\t\t\t\t<span class=\"elementor-toggle-icon-opened\"><i class=\"elementor-toggle-icon-opened vamtamtheme- vamtam-theme-arrow-up\"><\/i><\/span>\n\t\t\t\t\t\t\t\t\t\t\t\t\t<\/span>\n\t\t\t\t\t\t\t\t\t\t\t\t<a class=\"elementor-toggle-title\" tabindex=\"0\">Informa\u021bii curs<\/a>\n\t\t\t\t\t<\/h3>\n\n\t\t\t\t\t<div id=\"elementor-tab-content-2652\" class=\"elementor-tab-content elementor-clearfix\" data-tab=\"2\" role=\"region\" aria-labelledby=\"elementor-tab-title-2652\"><p><strong>Course outline<\/strong><\/p>\n<p>The study programs curriculum of the Faculty of Dental Medicine follows the European Union recommendations in the specialization fields and is regulated accordingly.<\/p>\n<p>The academic year is structured in two semesters of 14 weeks each, with an average of approximately 30 hours per week. The classes are held during weekdays, 08:00 \u2013 20:00. Each semester has 30 transferable study credits in the European system (ECTS).<\/p>\n<p>The curriculum consists of both compulsory and elective courses, divided in three categories: fundamental disciplines, specialized disciplines and complementary disciplines, designed to establish a strong foundation in dental science, as well as vocational skills, which are very valuable dentist\u2019s practice. Displayed according to the corresponding years of study, the study subjects are structured as such:<\/p>\n<p><strong><em>General subjects (1<sup>st<\/sup>\u00a0to 2<sup>nd<\/sup>\u00a0year)<\/em><\/strong><\/p>\n<p>In the first two years of study, the curriculum is based on the building blocks of general notions and knowledge in the health domain. Students will learn theoretical disciplines from the fields of basic sciences (anatomy, histology, physiology, biochemistry and biophysics) and humanities sciences (behavioral sciences, languages), as well as specialized disciplines in dentistry (the morphology of teeth and dental arches, dental materials and instruments).<\/p>\n<p><strong><em>Specialized subjects (3<sup>rd<\/sup>\u00a0to 6<sup>th<\/sup>\u00a0year)<\/em><\/strong><\/p>\n<p>The study program curriculum integrates general medicine disciplines with specialized study subjects and practical training.<\/p>\n<p>Besides the applied dental and scientific knowledge (oro-dental diagnosis, cavity and teeth preparation, prosthetics, endodontics, pedodontics, orthodontics, etc.), the students will learn general notions regarding the various branches of general medicine (from internal medicine and general surgery to infectious diseases).<\/p>\n<p>The practical training of our students takes place under the coordination and guidance of the teaching staff of the Faculty of Dental Medicine in the \u201cTitu Maiorescu\u201d Private Clinical Center for Dental Nursing, a provider of medical services that operates within the Faculty of Dental Medicine.<\/p>\n<p>The clinical activity is carried out in the specialized clinics with which the university has contracts. Among them, we list Gral Medical Hospital, Medlife Hospital, Sanador Hospital, Colentina Clinical Hospital, Psychiatric Clinical Hospital Prof. Dr. \u201cAl. Obregia\u201d, CF Clinical Hospital No. 2 Bucharest,\u00a0 Central Military Emergency University Hospital \u201cDr. Carol Davila\u201d, Ilfov County Clinical Hospital, Delta Health Care- Ponderas Academic Hospital, \u201cDr. Victor Gomoiu\u201d Clinical Hospital for Children, National Institute for Medical-Military Development Research \u201eCantacuzino\u201d, with numerous clinical departments, endowed at European level with equipment and the conditions of academic education.<\/p>\n<p><strong><a href=\"\/wp-content\/uploads\/2026\/03\/Curriculum-DM-in-English-2021-2022.pdf\">Syllabus<\/a>\u00a0<\/strong>of study program Dental Medicine in English.<\/p>\n<p>&nbsp;<\/p>\n<p><strong>Teaching methods<\/strong><\/p>\n<p>Titu Maiorescu University believes in establishing strong student-professors relations through interactive environments that allow students to connect with their peers and their professors. Thus, studies in Dental Medicine take place in small groups of 12 people maximum, and for each year of study, a professor is appointed as tutor to provide advice and teaching aid to the students enrolled in the respective year of study.<\/p>\n<p>In the Faculty of Dental Medicine, the professors use various teaching methods, depending on the study subject. Most likely, the students in Dental Medicine will be exposed to every one of the following methods:<\/p>\n<ul>\n<li>traditional learning (seminars, lectures, dissection), based on following a certain curriculum<\/li>\n<li>integrated learning, based on combining theory and clinical practices<\/li>\n<li>problem-based learning, based on mixing student-group work with self-directed learning<\/li>\n<li>inquiry-based learning, based on students\u2019 own learning<\/li>\n<\/ul>\n<p>We aim to teach our students all the necessary skills to practice the medical profession with confidence: medical competences, analytical and problem-solving skills, ability to work with and manage multi-skilled team, interpersonal and communication skills, extensive practical experience as a dentist, critical thinking, enhanced dexterity, honed eye-hand coordination skills, administrative and management skills.<\/p>\n<p>&nbsp;<\/p>\n<p><strong>Coursework and assessment<\/strong><\/p>\n<p>Courses are assessed using a wide range of methods including online tests, reflective essays, simulation exercises, assessed projects, clinical competency tests, verbal presentations, written assignments, viva voce and written exams.<\/p>\n<p>At the end of the 3<sup>rd<\/sup>\u00a0year of study, it is a mandatory requirement for the students to have no outstanding credits (exams) from the previous year in order to pass in the 4<sup>th<\/sup>\u00a0year of study (to have passed all the classes and the exams from the previous years \u2013 1<sup>st<\/sup>, 2<sup>nd<\/sup>\u00a0and 3<sup>rd<\/sup>). It is a crucial step, that cannot be relieved.<\/p>\n<p>The 6-years study program in Dental Medicine is completed by a bachelor\u2019s exam (graduation exam).<\/p>\n<p>&nbsp;<\/p>\n<p><strong>Faculty\u2019s amenities\u00a0<\/strong><\/p>\n<p>The faculty has state-of-the-art educational spaces: amphitheaters, classrooms, seminar and reading rooms equipped with smart whiteboards, library, publishing house, bookstore, specialized laboratories with advanced equipment, medical equipment, computer network, video conferencing equipment and more.<\/p>\n<p>In the 2021-2022 academic year a new building has been put into service in the IOR campus.\u00a0 This new space, built to the latest and highest architectural standards has 5 amphitheaters, 20 laboratories as well as seminar rooms.<\/p><\/div>\n\t\t\t\t<\/div>\n\t\t\t\t\t\t\t\t<\/div>\n\t\t\t\t\t\t<\/div>\n\t\t\t\t<\/div>\n\t\t\t\t\t<\/div>\n\t\t<\/div>\n\t\t\t\t\t<\/div>\n\t\t<\/section>\n\t\t\t\t<section class=\"elementor-section elementor-top-section elementor-element elementor-element-bbe3c4c elementor-section-boxed elementor-section-height-default elementor-section-height-default\" data-id=\"bbe3c4c\" data-element_type=\"section\" data-e-type=\"section\" data-settings=\"{&quot;background_background&quot;:&quot;classic&quot;}\">\n\t\t\t\t\t\t<div class=\"elementor-container elementor-column-gap-default\">\n\t\t\t\t\t<div class=\"elementor-column elementor-col-33 elementor-top-column elementor-element elementor-element-2f0c09d\" data-id=\"2f0c09d\" data-element_type=\"column\" data-e-type=\"column\">\n\t\t\t<div class=\"elementor-widget-wrap elementor-element-populated\">\n\t\t\t\t\t\t<div class=\"elementor-element elementor-element-6b073d7 elementor-widget__width-initial elementor-widget elementor-widget-heading\" data-id=\"6b073d7\" data-element_type=\"widget\" data-e-type=\"widget\" data-widget_type=\"heading.default\">\n\t\t\t\t<div class=\"elementor-widget-container\">\n\t\t\t\t\t<h3 class=\"elementor-heading-title elementor-size-default\">Want to see more?<br>Visit Faculty of Dental Medicine\n<\/h3>\t\t\t\t<\/div>\n\t\t\t\t<\/div>\n\t\t\t\t\t<\/div>\n\t\t<\/div>\n\t\t\t\t<div class=\"elementor-column elementor-col-33 elementor-top-column elementor-element elementor-element-40bc3e3\" data-id=\"40bc3e3\" data-element_type=\"column\" data-e-type=\"column\">\n\t\t\t<div class=\"elementor-widget-wrap\">\n\t\t\t\t\t\t\t<\/div>\n\t\t<\/div>\n\t\t\t\t<div class=\"elementor-column elementor-col-33 elementor-top-column elementor-element elementor-element-714b2bb\" data-id=\"714b2bb\" data-element_type=\"column\" data-e-type=\"column\" data-settings=\"{&quot;background_background&quot;:&quot;classic&quot;}\">\n\t\t\t<div class=\"elementor-widget-wrap elementor-element-populated\">\n\t\t\t\t\t\t<div class=\"elementor-element elementor-element-f730a8d elementor-align-justify elementor-mobile-align-left elementor-widget elementor-widget-button\" data-id=\"f730a8d\" data-element_type=\"widget\" data-e-type=\"widget\" data-widget_type=\"button.default\">\n\t\t\t\t<div class=\"elementor-widget-container\">\n\t\t\t\t\t\t\t\t\t<div class=\"elementor-button-wrapper\">\n\t\t\t\t\t<a class=\"elementor-button elementor-button-link elementor-size-sm\" href=\"https:\/\/site.utm.ro\/en\/faculty-of-dental-medicine\/\">\n\t\t\t\t\t\t<span class=\"elementor-button-content-wrapper\">\n\t\t\t\t\t\t<span class=\"elementor-button-icon\">\n\t\t\t\t<i aria-hidden=\"true\" class=\"vamtamtheme- vamtam-theme-arrow-right\"><\/i>\t\t\t<\/span>\n\t\t\t\t\t\t\t\t\t<span class=\"elementor-button-text\">Visit faculty<\/span>\n\t\t\t\t\t<\/span>\n\t\t\t\t\t<\/a>\n\t\t\t\t<\/div>\n\t\t\t\t\t\t\t\t<\/div>\n\t\t\t\t<\/div>\n\t\t\t\t\t<\/div>\n\t\t<\/div>\n\t\t\t\t\t<\/div>\n\t\t<\/section>\n\t\t\t\t<section class=\"elementor-section elementor-top-section elementor-element elementor-element-fd895b7 elementor-section-boxed elementor-section-height-default elementor-section-height-default\" data-id=\"fd895b7\" data-element_type=\"section\" data-e-type=\"section\">\n\t\t\t\t\t\t<div class=\"elementor-container elementor-column-gap-default\">\n\t\t\t\t\t<div class=\"elementor-column elementor-col-100 elementor-top-column elementor-element elementor-element-05b3fa5\" data-id=\"05b3fa5\" data-element_type=\"column\" data-e-type=\"column\">\n\t\t\t<div class=\"elementor-widget-wrap elementor-element-populated\">\n\t\t\t\t\t\t<div class=\"elementor-element elementor-element-d854764 elementor-widget elementor-widget-spacer\" data-id=\"d854764\" data-element_type=\"widget\" data-e-type=\"widget\" data-widget_type=\"spacer.default\">\n\t\t\t\t<div class=\"elementor-widget-container\">\n\t\t\t\t\t\t\t<div class=\"elementor-spacer\">\n\t\t\t<div class=\"elementor-spacer-inner\"><\/div>\n\t\t<\/div>\n\t\t\t\t\t\t<\/div>\n\t\t\t\t<\/div>\n\t\t\t\t\t<\/div>\n\t\t<\/div>\n\t\t\t\t\t<\/div>\n\t\t<\/section>\n\t\t\t\t<\/div>","protected":false},"excerpt":{"rendered":"<p>Medicin\u0103 dentar\u0103 \u00een englez\u0103 Descriere program Mission The mission of the Faculty of Dental Medicine is to train high-level, competent professionals who can rapidly adapt to the labour market. The prestige of the Faculty of Dental Medicine of \u201cTitu Maiorescu University\u201d is conferred by the high-quality education that integrates knowledge and practical skills, the facilities&#8230;<\/p>","protected":false},"author":1,"featured_media":0,"parent":24378,"menu_order":0,"comment_status":"closed","ping_status":"closed","template":"","meta":{"footnotes":""},"class_list":["post-28745","page","type-page","status-publish","hentry"],"_links":{"self":[{"href":"https:\/\/site.utm.ro\/en\/wp-json\/wp\/v2\/pages\/28745","targetHints":{"allow":["GET"]}}],"collection":[{"href":"https:\/\/site.utm.ro\/en\/wp-json\/wp\/v2\/pages"}],"about":[{"href":"https:\/\/site.utm.ro\/en\/wp-json\/wp\/v2\/types\/page"}],"author":[{"embeddable":true,"href":"https:\/\/site.utm.ro\/en\/wp-json\/wp\/v2\/users\/1"}],"replies":[{"embeddable":true,"href":"https:\/\/site.utm.ro\/en\/wp-json\/wp\/v2\/comments?post=28745"}],"version-history":[{"count":0,"href":"https:\/\/site.utm.ro\/en\/wp-json\/wp\/v2\/pages\/28745\/revisions"}],"up":[{"embeddable":true,"href":"https:\/\/site.utm.ro\/en\/wp-json\/wp\/v2\/pages\/24378"}],"wp:attachment":[{"href":"https:\/\/site.utm.ro\/en\/wp-json\/wp\/v2\/media?parent=28745"}],"curies":[{"name":"wp","href":"https:\/\/api.w.org\/{rel}","templated":true}]}}