{"id":28730,"date":"2026-03-04T08:56:08","date_gmt":"2026-03-04T08:56:08","guid":{"rendered":"https:\/\/site.utm.ro\/?page_id=28730"},"modified":"2026-03-09T13:22:33","modified_gmt":"2026-03-09T13:22:33","slug":"medicina-in-engleza","status":"publish","type":"page","link":"https:\/\/site.utm.ro\/en\/international\/medicina-in-engleza\/","title":{"rendered":"Medicine in English"},"content":{"rendered":"<div data-elementor-type=\"wp-page\" data-elementor-id=\"28730\" class=\"elementor elementor-28730\" data-elementor-post-type=\"page\">\n\t\t\t\t\t\t<section class=\"elementor-section elementor-top-section elementor-element elementor-element-b37bfb6 elementor-section-height-min-height elementor-section-full_width elementor-section-height-default elementor-section-items-middle\" data-id=\"b37bfb6\" data-element_type=\"section\" data-e-type=\"section\" data-settings=\"{&quot;background_background&quot;:&quot;classic&quot;}\">\n\t\t\t\t\t\t\t<div class=\"elementor-background-overlay\"><\/div>\n\t\t\t\t\t\t\t<div class=\"elementor-container elementor-column-gap-default\">\n\t\t\t\t\t<div class=\"elementor-column elementor-col-100 elementor-top-column elementor-element elementor-element-ff3fcd2\" data-id=\"ff3fcd2\" data-element_type=\"column\" data-e-type=\"column\" data-settings=\"{&quot;background_background&quot;:&quot;classic&quot;}\">\n\t\t\t<div class=\"elementor-widget-wrap\">\n\t\t\t\t\t\t\t<\/div>\n\t\t<\/div>\n\t\t\t\t\t<\/div>\n\t\t<\/section>\n\t\t\t\t<section class=\"elementor-section elementor-top-section elementor-element elementor-element-e644bcc elementor-section-boxed elementor-section-height-default elementor-section-height-default\" data-id=\"e644bcc\" data-element_type=\"section\" data-e-type=\"section\">\n\t\t\t\t\t\t<div class=\"elementor-container elementor-column-gap-no\">\n\t\t\t\t\t<div class=\"elementor-column elementor-col-50 elementor-top-column elementor-element elementor-element-364b315 animated-fast elementor-invisible\" data-id=\"364b315\" data-element_type=\"column\" data-e-type=\"column\" data-settings=\"{&quot;background_background&quot;:&quot;classic&quot;,&quot;animation&quot;:&quot;fadeIn&quot;,&quot;animation_tablet&quot;:&quot;none&quot;,&quot;animation_mobile&quot;:&quot;none&quot;,&quot;animation_delay&quot;:100}\">\n\t\t\t<div class=\"elementor-widget-wrap elementor-element-populated\">\n\t\t\t\t\t\t<div class=\"elementor-element elementor-element-6ae1957 elementor-widget elementor-widget-heading\" data-id=\"6ae1957\" data-element_type=\"widget\" data-e-type=\"widget\" data-widget_type=\"heading.default\">\n\t\t\t\t<div class=\"elementor-widget-container\">\n\t\t\t\t\t<h1 class=\"elementor-heading-title elementor-size-default\">Medicine in English<\/h1>\t\t\t\t<\/div>\n\t\t\t\t<\/div>\n\t\t\t\t\t<\/div>\n\t\t<\/div>\n\t\t\t\t<div class=\"elementor-column elementor-col-50 elementor-top-column elementor-element elementor-element-e8319ff elementor-hidden-desktop elementor-hidden-tablet elementor-hidden-phone\" data-id=\"e8319ff\" data-element_type=\"column\" data-e-type=\"column\">\n\t\t\t<div class=\"elementor-widget-wrap\">\n\t\t\t\t\t\t\t<\/div>\n\t\t<\/div>\n\t\t\t\t\t<\/div>\n\t\t<\/section>\n\t\t\t\t<section class=\"elementor-section elementor-top-section elementor-element elementor-element-f0ac44a elementor-section-boxed elementor-section-height-default elementor-section-height-default\" data-id=\"f0ac44a\" data-element_type=\"section\" data-e-type=\"section\">\n\t\t\t\t\t\t<div class=\"elementor-container elementor-column-gap-default\">\n\t\t\t\t\t<div class=\"elementor-column elementor-col-100 elementor-top-column elementor-element elementor-element-8a2eb70\" data-id=\"8a2eb70\" data-element_type=\"column\" data-e-type=\"column\">\n\t\t\t<div class=\"elementor-widget-wrap elementor-element-populated\">\n\t\t\t\t\t\t<div class=\"elementor-element elementor-element-6e2f55a elementor-widget elementor-widget-image\" data-id=\"6e2f55a\" data-element_type=\"widget\" data-e-type=\"widget\" data-widget_type=\"image.default\">\n\t\t\t\t<div class=\"elementor-widget-container\">\n\t\t\t\t\t\t\t\t\t<div class=\"elementor-image\">\n\t\t\t\t\t\t\t\t\t\t\t\t\t\t\t\t\t\t\t\t\t<img fetchpriority=\"high\" decoding=\"async\" width=\"634\" height=\"257\" src=\"https:\/\/site.utm.ro\/wp-content\/uploads\/2026\/03\/medicine.png\" class=\"attachment-large size-large wp-image-28735\" alt=\"\" srcset=\"https:\/\/site.utm.ro\/wp-content\/uploads\/2026\/03\/medicine.png 634w, https:\/\/site.utm.ro\/wp-content\/uploads\/2026\/03\/medicine-300x122.png 300w, https:\/\/site.utm.ro\/wp-content\/uploads\/2026\/03\/medicine-420x170.png 420w, https:\/\/site.utm.ro\/wp-content\/uploads\/2026\/03\/medicine-630x255.png 630w\" sizes=\"(max-width: 634px) 100vw, 634px\" \/>\t\t\t\t\t\t\t\t\t\t\t\t\t\t\t\t\t\t\t\t\t\t\t\t<\/div>\n\t\t\t\t\t\t\t\t<\/div>\n\t\t\t\t<\/div>\n\t\t\t\t\t<\/div>\n\t\t<\/div>\n\t\t\t\t\t<\/div>\n\t\t<\/section>\n\t\t\t\t<section class=\"elementor-section elementor-top-section elementor-element elementor-element-ea10ffe elementor-section-boxed elementor-section-height-default elementor-section-height-default\" data-id=\"ea10ffe\" data-element_type=\"section\" data-e-type=\"section\" data-settings=\"{&quot;animation&quot;:&quot;none&quot;,&quot;animation_tablet&quot;:&quot;none&quot;,&quot;animation_mobile&quot;:&quot;none&quot;,&quot;animation_delay&quot;:300}\">\n\t\t\t\t\t\t<div class=\"elementor-container elementor-column-gap-no\">\n\t\t\t\t\t<div class=\"elementor-column elementor-col-100 elementor-top-column elementor-element elementor-element-784f85c\" data-id=\"784f85c\" data-element_type=\"column\" data-e-type=\"column\">\n\t\t\t<div class=\"elementor-widget-wrap elementor-element-populated\">\n\t\t\t\t\t\t<div class=\"elementor-element elementor-element-fd815ad vamtam-theme-table-styles elementor-widget elementor-widget-toggle\" data-id=\"fd815ad\" data-element_type=\"widget\" data-e-type=\"widget\" data-widget_type=\"toggle.default\">\n\t\t\t\t<div class=\"elementor-widget-container\">\n\t\t\t\t\t\t\t<div class=\"elementor-toggle\">\n\t\t\t\t\t\t\t<div class=\"elementor-toggle-item\">\n\t\t\t\t\t<h3 id=\"elementor-tab-title-2651\" class=\"elementor-tab-title\" data-tab=\"1\" role=\"button\" aria-controls=\"elementor-tab-content-2651\" aria-expanded=\"false\">\n\t\t\t\t\t\t\t\t\t\t\t\t<span class=\"elementor-toggle-icon elementor-toggle-icon-right\" aria-hidden=\"true\">\n\t\t\t\t\t\t\t\t\t\t\t\t\t\t\t<span class=\"elementor-toggle-icon-closed\"><i class=\"vamtamtheme- vamtam-theme-arrow-down\"><\/i><\/span>\n\t\t\t\t\t\t\t\t<span class=\"elementor-toggle-icon-opened\"><i class=\"elementor-toggle-icon-opened vamtamtheme- vamtam-theme-arrow-up\"><\/i><\/span>\n\t\t\t\t\t\t\t\t\t\t\t\t\t<\/span>\n\t\t\t\t\t\t\t\t\t\t\t\t<a class=\"elementor-toggle-title\" tabindex=\"0\">Descriere program<\/a>\n\t\t\t\t\t<\/h3>\n\n\t\t\t\t\t<div id=\"elementor-tab-content-2651\" class=\"elementor-tab-content elementor-clearfix\" data-tab=\"1\" role=\"region\" aria-labelledby=\"elementor-tab-title-2651\"><p><strong>Mission<\/strong><\/p>\n<p>The Faculty of Medicine of \u201cTitu Maiorescu University\u201d is an established higher education institution, with outstanding results in the specific field of activity, according to a long tradition.<\/p>\n<p>The main mission of the Faculty of Medicine is to educate the next generation of highly skilled healthcare professionals, competent and specialized in the medical field and in other interdisciplinary fields for practicing in public and private health units at local, national and international level.<\/p>\n<p>The Faculty of Medicine values the modern teaching methods and puts a lot of emphasis on a professor-student partnership, so that the transfer of know-how becomes efficient and our graduates develop the highest professional competencies in order to face all the challenges of a future medical career. By constantly adapting the curriculum to current standards of medical education and by providing a student-centered teaching system, the Faculty of Medicine ensures a thorough training for future professionals in the medical field.<\/p>\n<p>\u00a0<\/p>\n<p>\u00a0<\/p>\n<p><strong>Career opportunities<\/strong><\/p>\n<p>Graduates can be employed in public or private medical institutions, or can pursue a career based on their medical degree in various fields of activity (pharmaceutical companies, medical equipment companies, specialized international activities, health insurances, research, etc.).<\/p>\n<p>For independent medical practice there are necessary further studies for the graduates.<\/p>\n<p>\u00a0<\/p>\n<p>\u00a0<\/p>\n<p><strong>Further studies<\/strong><\/p>\n<ul>\n<li>Specialization through national residency program<\/li>\n<li>Postgraduate specialization studies<\/li>\n<li>Master study program<\/li>\n<li>PhD study program<\/li>\n<\/ul><\/div>\n\t\t\t\t<\/div>\n\t\t\t\t\t\t\t<div class=\"elementor-toggle-item\">\n\t\t\t\t\t<h3 id=\"elementor-tab-title-2652\" class=\"elementor-tab-title\" data-tab=\"2\" role=\"button\" aria-controls=\"elementor-tab-content-2652\" aria-expanded=\"false\">\n\t\t\t\t\t\t\t\t\t\t\t\t<span class=\"elementor-toggle-icon elementor-toggle-icon-right\" aria-hidden=\"true\">\n\t\t\t\t\t\t\t\t\t\t\t\t\t\t\t<span class=\"elementor-toggle-icon-closed\"><i class=\"vamtamtheme- vamtam-theme-arrow-down\"><\/i><\/span>\n\t\t\t\t\t\t\t\t<span class=\"elementor-toggle-icon-opened\"><i class=\"elementor-toggle-icon-opened vamtamtheme- vamtam-theme-arrow-up\"><\/i><\/span>\n\t\t\t\t\t\t\t\t\t\t\t\t\t<\/span>\n\t\t\t\t\t\t\t\t\t\t\t\t<a class=\"elementor-toggle-title\" tabindex=\"0\">Informa\u021bii curs<\/a>\n\t\t\t\t\t<\/h3>\n\n\t\t\t\t\t<div id=\"elementor-tab-content-2652\" class=\"elementor-tab-content elementor-clearfix\" data-tab=\"2\" role=\"region\" aria-labelledby=\"elementor-tab-title-2652\"><p><strong>Course outline<\/strong><\/p>\n<p>The didactic activity at all the study programs of the Faculty of Medicine is in accordance with the recommendations of the European Union in the field of specializations sectorally regulated, regarding the profession of doctor.<\/p>\n<p>The academic year is structured in two semesters of 14 weeks each, with an average of approximately 30 hours per week. The classes are held during weekdays, 08:00 \u2013 20:00. Each semester has 30 transferable study credits in the European system (ECTS).<\/p>\n<p>The study programme consists of compulsory and elective courses, divided into two blocks:<\/p>\n<p><strong><em>Pre-clinical subjects (1<sup>st<\/sup>\u00a0to 3<sup>rd<\/sup>\u00a0year)<\/em><\/strong><\/p>\n<p>Preclinical curriculum is based on the building blocks of theoretical disciplines from the fields of basic sciences (anatomy, histology, physiology, medical chemistry and biochemistry) and humanities sciences (philosophy, psychology, languages), as well as disciplines regarding pathological conditions and processes.<\/p>\n<p>Preclinical disciplines are held within the IOR campus:<\/p>\n<ul>\n<li>anatomy laboratory \u2013 a modern laboratory, of our own conception<\/li>\n<li>physiology and pathophysiology laboratory \u2013 equipped with modern equipment and materials necessary for the study<\/li>\n<li>laboratories of histology, cell biology and genetics \u2013 fully equipped with quality equipment specific to the current standards necessary<\/li>\n<li>biochemistry laboratory \u2013 completely renovated and with modern equipment.<\/li>\n<\/ul>\n<p><strong><em>Clinical subjects (4<sup>th<\/sup>\u00a0to 6<sup>th<\/sup>\u00a0year)<\/em><\/strong><\/p>\n<p>The clinical activity is carried out in the specialized clinics with which the university has contracts. Among them, we list Monza Hospital, CF Clinical Hospital No. 1 Witting, CF Clinical Hospital No. 2 Bucharest, Central Military Emergency University Hospital \u201cDr. Carol Davila\u201d, Ilfov County Clinical Hospital, \u201cRegina Maria\u201d Private Network, Psychiatric Clinical Hospital Prof. Dr. \u201cAl. Obregia\u201d, Efigia Clinic, Clinical Hospital \u201cDr. Victor Babe\u015f \u201d, \u201cNicolae Malaxa\u201d Clinical Hospital, with numerous clinical departments, endowed at European level with equipment and the conditions of academic education.<\/p>\n<p><a href=\"\/wp-content\/uploads\/2026\/03\/Plan-invatamant-MLE-2021-2022-2.pdf\"><strong>Syllabus<\/strong><\/a>\u00a0of study program Medicine in English.<\/p>\n<p>&nbsp;<\/p>\n<p><strong>Teaching methods<\/strong><\/p>\n<p>Titu Maiorescu University believes in establishing strong student-professors relations through an interactive environment that allows students to connect with their peers and their professors. Thus, studies in Medicine take place in small groups of max. 15 people, and for each year of study, a professor is appointed as tutor to provide advice and teaching support to the students enrolled in the respective year of study.<\/p>\n<p>In the Faculty of Medicine the professors use various teaching methods, depending on the study subject. Most likely, the students in Medicine will be exposed to every one of the following methods:<\/p>\n<ul>\n<li>traditional learning (seminars, lectures, dissection), based on following a certain curriculum for pre-clinical and clinical classes<\/li>\n<li>integrated learning, based on combining theory and clinical practices<\/li>\n<li>problem-based learning, based on mixing student-group work with self-directed learning<\/li>\n<li>inquiry-based learning, based on students\u2019 own learning<\/li>\n<\/ul>\n<p>We aim to teach our students all the necessary skills to practice the medical profession with confidence: academic competence, communication and leadership skills, life-long learning skills and usage of information technology, team-work aptitudes and empathy.<\/p>\n<p>&nbsp;<\/p>\n<p><strong>Coursework and assessment<\/strong><\/p>\n<p>Courses are assessed using a wide range of methods across the many years of study, including: anatomy practice, online tests, reflective essays, simulation exercises, verbal presentations, written assignments, viva voce and written exams.<\/p>\n<p>There are two important steps during the 6 years of study: one at the end of the 2<sup>nd<\/sup>\u00a0year of study and one at the end of the 4<sup>th<\/sup>\u00a0year of study. The steps consist in the mandatory request for the students to have no outstanding credits (exams) from the previous years in order to pass in the 3<sup>rd<\/sup>\u00a0year of study, respectively the 5<sup>th<\/sup>\u00a0year of study (to have passed all the classes and the exams from the previous years \u2013 1<sup>st<\/sup>\u00a0and 2<sup>nd<\/sup>, respectively 3<sup>rd<\/sup>\u00a0and 4<sup>th<\/sup>).<\/p>\n<p>The 6-years study program in Medicine is completed by a bachelor\u2019s exam (graduation exam).<\/p>\n<p>&nbsp;<\/p>\n<p><strong>Faculty\u2019s amenities\u00a0<\/strong><\/p>\n<p>The faculty has state-of-the-art educational spaces: amphitheaters, classrooms, seminar and reading rooms equipped with smart whiteboards, library, publishing house, bookstore, specialized laboratories with state-of-the-art equipment, medical equipment, computer network, video conferencing equipment, etc.<\/p>\n<p>In the 2021-2022 academic year a new building has been put into service in the IOR campus.\u00a0 This new space, built to the latest and highest architectural standards has 5 amphitheaters, 20 laboratories for basic preclinical disciplines as well as seminar rooms, a restaurant canteen for both students and teachers.<\/p>\n<p>In the IOR campus is being arranged and compartmentalized a new clinical hospital of Titu Maiorescu University. In this modern space, equipped to international standards, many disciplines, both medical and surgical, will carry out their clinical activity.<\/p><\/div>\n\t\t\t\t<\/div>\n\t\t\t\t\t\t\t\t<\/div>\n\t\t\t\t\t\t<\/div>\n\t\t\t\t<\/div>\n\t\t\t\t\t<\/div>\n\t\t<\/div>\n\t\t\t\t\t<\/div>\n\t\t<\/section>\n\t\t\t\t<section class=\"elementor-section elementor-top-section elementor-element elementor-element-bbe3c4c elementor-section-boxed elementor-section-height-default elementor-section-height-default\" data-id=\"bbe3c4c\" data-element_type=\"section\" data-e-type=\"section\" data-settings=\"{&quot;background_background&quot;:&quot;classic&quot;}\">\n\t\t\t\t\t\t<div class=\"elementor-container elementor-column-gap-default\">\n\t\t\t\t\t<div class=\"elementor-column elementor-col-33 elementor-top-column elementor-element elementor-element-2f0c09d\" data-id=\"2f0c09d\" data-element_type=\"column\" data-e-type=\"column\">\n\t\t\t<div class=\"elementor-widget-wrap elementor-element-populated\">\n\t\t\t\t\t\t<div class=\"elementor-element elementor-element-6b073d7 elementor-widget__width-initial elementor-widget elementor-widget-heading\" data-id=\"6b073d7\" data-element_type=\"widget\" data-e-type=\"widget\" data-widget_type=\"heading.default\">\n\t\t\t\t<div class=\"elementor-widget-container\">\n\t\t\t\t\t<h3 class=\"elementor-heading-title elementor-size-default\">Want to see more?<br>Visit Faculty of Medicine\n<\/h3>\t\t\t\t<\/div>\n\t\t\t\t<\/div>\n\t\t\t\t\t<\/div>\n\t\t<\/div>\n\t\t\t\t<div class=\"elementor-column elementor-col-33 elementor-top-column elementor-element elementor-element-40bc3e3\" data-id=\"40bc3e3\" data-element_type=\"column\" data-e-type=\"column\">\n\t\t\t<div class=\"elementor-widget-wrap\">\n\t\t\t\t\t\t\t<\/div>\n\t\t<\/div>\n\t\t\t\t<div class=\"elementor-column elementor-col-33 elementor-top-column elementor-element elementor-element-714b2bb\" data-id=\"714b2bb\" data-element_type=\"column\" data-e-type=\"column\" data-settings=\"{&quot;background_background&quot;:&quot;classic&quot;}\">\n\t\t\t<div class=\"elementor-widget-wrap elementor-element-populated\">\n\t\t\t\t\t\t<div class=\"elementor-element elementor-element-f730a8d elementor-align-justify elementor-mobile-align-left elementor-widget elementor-widget-button\" data-id=\"f730a8d\" data-element_type=\"widget\" data-e-type=\"widget\" data-widget_type=\"button.default\">\n\t\t\t\t<div class=\"elementor-widget-container\">\n\t\t\t\t\t\t\t\t\t<div class=\"elementor-button-wrapper\">\n\t\t\t\t\t<a class=\"elementor-button elementor-button-link elementor-size-sm\" href=\"https:\/\/site.utm.ro\/en\/faculty-of-medicine\/\">\n\t\t\t\t\t\t<span class=\"elementor-button-content-wrapper\">\n\t\t\t\t\t\t<span class=\"elementor-button-icon\">\n\t\t\t\t<i aria-hidden=\"true\" class=\"vamtamtheme- vamtam-theme-arrow-right\"><\/i>\t\t\t<\/span>\n\t\t\t\t\t\t\t\t\t<span class=\"elementor-button-text\">Visit faculty<\/span>\n\t\t\t\t\t<\/span>\n\t\t\t\t\t<\/a>\n\t\t\t\t<\/div>\n\t\t\t\t\t\t\t\t<\/div>\n\t\t\t\t<\/div>\n\t\t\t\t\t<\/div>\n\t\t<\/div>\n\t\t\t\t\t<\/div>\n\t\t<\/section>\n\t\t\t\t<section class=\"elementor-section elementor-top-section elementor-element elementor-element-fd895b7 elementor-section-boxed elementor-section-height-default elementor-section-height-default\" data-id=\"fd895b7\" data-element_type=\"section\" data-e-type=\"section\">\n\t\t\t\t\t\t<div class=\"elementor-container elementor-column-gap-default\">\n\t\t\t\t\t<div class=\"elementor-column elementor-col-100 elementor-top-column elementor-element elementor-element-05b3fa5\" data-id=\"05b3fa5\" data-element_type=\"column\" data-e-type=\"column\">\n\t\t\t<div class=\"elementor-widget-wrap elementor-element-populated\">\n\t\t\t\t\t\t<div class=\"elementor-element elementor-element-d854764 elementor-widget elementor-widget-spacer\" data-id=\"d854764\" data-element_type=\"widget\" data-e-type=\"widget\" data-widget_type=\"spacer.default\">\n\t\t\t\t<div class=\"elementor-widget-container\">\n\t\t\t\t\t\t\t<div class=\"elementor-spacer\">\n\t\t\t<div class=\"elementor-spacer-inner\"><\/div>\n\t\t<\/div>\n\t\t\t\t\t\t<\/div>\n\t\t\t\t<\/div>\n\t\t\t\t\t<\/div>\n\t\t<\/div>\n\t\t\t\t\t<\/div>\n\t\t<\/section>\n\t\t\t\t<\/div>","protected":false},"excerpt":{"rendered":"<p>Medicin\u0103 \u00een englez\u0103 Descriere program Mission The Faculty of Medicine of \u201cTitu Maiorescu University\u201d is an established higher education institution, with outstanding results in the specific field of activity, according to a long tradition. The main mission of the Faculty of Medicine is to educate the next generation of highly skilled healthcare professionals, competent and&#8230;<\/p>","protected":false},"author":1,"featured_media":0,"parent":24378,"menu_order":0,"comment_status":"closed","ping_status":"closed","template":"","meta":{"footnotes":""},"class_list":["post-28730","page","type-page","status-publish","hentry"],"_links":{"self":[{"href":"https:\/\/site.utm.ro\/en\/wp-json\/wp\/v2\/pages\/28730","targetHints":{"allow":["GET"]}}],"collection":[{"href":"https:\/\/site.utm.ro\/en\/wp-json\/wp\/v2\/pages"}],"about":[{"href":"https:\/\/site.utm.ro\/en\/wp-json\/wp\/v2\/types\/page"}],"author":[{"embeddable":true,"href":"https:\/\/site.utm.ro\/en\/wp-json\/wp\/v2\/users\/1"}],"replies":[{"embeddable":true,"href":"https:\/\/site.utm.ro\/en\/wp-json\/wp\/v2\/comments?post=28730"}],"version-history":[{"count":0,"href":"https:\/\/site.utm.ro\/en\/wp-json\/wp\/v2\/pages\/28730\/revisions"}],"up":[{"embeddable":true,"href":"https:\/\/site.utm.ro\/en\/wp-json\/wp\/v2\/pages\/24378"}],"wp:attachment":[{"href":"https:\/\/site.utm.ro\/en\/wp-json\/wp\/v2\/media?parent=28730"}],"curies":[{"name":"wp","href":"https:\/\/api.w.org\/{rel}","templated":true}]}}