{"id":28674,"date":"2026-03-03T16:26:56","date_gmt":"2026-03-03T16:26:56","guid":{"rendered":"https:\/\/site.utm.ro\/?page_id=28674"},"modified":"2026-03-20T14:18:12","modified_gmt":"2026-03-20T14:18:12","slug":"cuvant-pentru-studenti","status":"publish","type":"page","link":"https:\/\/site.utm.ro\/en\/cercetare\/centrul-de-reusita-universitara\/cuvant-pentru-studenti\/","title":{"rendered":"Cuv\u00e2nt pentru studen\u021bi"},"content":{"rendered":"<div data-elementor-type=\"wp-page\" data-elementor-id=\"28674\" class=\"elementor elementor-28674\" data-elementor-post-type=\"page\">\n\t\t\t\t\t\t<section class=\"elementor-section elementor-top-section elementor-element elementor-element-b37bfb6 elementor-section-height-min-height elementor-section-full_width elementor-section-height-default elementor-section-items-middle\" data-id=\"b37bfb6\" data-element_type=\"section\" data-e-type=\"section\" data-settings=\"{&quot;background_background&quot;:&quot;classic&quot;}\">\n\t\t\t\t\t\t\t<div class=\"elementor-background-overlay\"><\/div>\n\t\t\t\t\t\t\t<div class=\"elementor-container elementor-column-gap-default\">\n\t\t\t\t\t<div class=\"elementor-column elementor-col-100 elementor-top-column elementor-element elementor-element-ff3fcd2\" data-id=\"ff3fcd2\" data-element_type=\"column\" data-e-type=\"column\" data-settings=\"{&quot;background_background&quot;:&quot;classic&quot;}\">\n\t\t\t<div class=\"elementor-widget-wrap\">\n\t\t\t\t\t\t\t<\/div>\n\t\t<\/div>\n\t\t\t\t\t<\/div>\n\t\t<\/section>\n\t\t\t\t<section class=\"elementor-section elementor-top-section elementor-element elementor-element-e644bcc elementor-section-boxed elementor-section-height-default elementor-section-height-default\" data-id=\"e644bcc\" data-element_type=\"section\" data-e-type=\"section\">\n\t\t\t\t\t\t<div class=\"elementor-container elementor-column-gap-no\">\n\t\t\t\t\t<div class=\"elementor-column elementor-col-50 elementor-top-column elementor-element elementor-element-364b315 animated-fast elementor-invisible\" data-id=\"364b315\" data-element_type=\"column\" data-e-type=\"column\" data-settings=\"{&quot;background_background&quot;:&quot;classic&quot;,&quot;animation&quot;:&quot;fadeIn&quot;,&quot;animation_tablet&quot;:&quot;none&quot;,&quot;animation_mobile&quot;:&quot;none&quot;,&quot;animation_delay&quot;:100}\">\n\t\t\t<div class=\"elementor-widget-wrap elementor-element-populated\">\n\t\t\t\t\t\t<div class=\"elementor-element elementor-element-6ae1957 elementor-widget elementor-widget-heading\" data-id=\"6ae1957\" data-element_type=\"widget\" data-e-type=\"widget\" data-widget_type=\"heading.default\">\n\t\t\t\t<div class=\"elementor-widget-container\">\n\t\t\t\t\t<h1 class=\"elementor-heading-title elementor-size-default\">Centrul de reusit\u0103 universitar\u0103<\/h1>\t\t\t\t<\/div>\n\t\t\t\t<\/div>\n\t\t\t\t\t<\/div>\n\t\t<\/div>\n\t\t\t\t<div class=\"elementor-column elementor-col-50 elementor-top-column elementor-element elementor-element-e8319ff elementor-hidden-desktop elementor-hidden-tablet elementor-hidden-phone\" data-id=\"e8319ff\" data-element_type=\"column\" data-e-type=\"column\">\n\t\t\t<div class=\"elementor-widget-wrap\">\n\t\t\t\t\t\t\t<\/div>\n\t\t<\/div>\n\t\t\t\t\t<\/div>\n\t\t<\/section>\n\t\t\t\t<section class=\"elementor-section elementor-top-section elementor-element elementor-element-2111918 elementor-section-boxed elementor-section-height-default elementor-section-height-default\" data-id=\"2111918\" data-element_type=\"section\" data-e-type=\"section\">\n\t\t\t\t\t\t<div class=\"elementor-container elementor-column-gap-default\">\n\t\t\t\t\t<div class=\"elementor-column elementor-col-100 elementor-top-column elementor-element elementor-element-943ac48\" data-id=\"943ac48\" data-element_type=\"column\" data-e-type=\"column\" data-settings=\"{&quot;background_background&quot;:&quot;classic&quot;}\">\n\t\t\t<div class=\"elementor-widget-wrap elementor-element-populated\">\n\t\t\t\t\t\t<div class=\"elementor-element elementor-element-4932e17  custom-inpage-menu elementor-nav-menu__align-start elementor-nav-menu--dropdown-none vamtam-has-mobile-disable-scroll elementor-widget elementor-widget-nav-menu\" data-id=\"4932e17\" data-element_type=\"widget\" data-e-type=\"widget\" data-settings=\"{&quot;layout&quot;:&quot;horizontal&quot;,&quot;submenu_icon&quot;:{&quot;value&quot;:&quot;&lt;i class=\\&quot;fas fa-caret-down\\&quot; aria-hidden=\\&quot;true\\&quot;&gt;&lt;\\\/i&gt;&quot;,&quot;library&quot;:&quot;fa-solid&quot;},&quot;toggle_icon_active&quot;:{&quot;value&quot;:&quot;&quot;,&quot;library&quot;:&quot;&quot;}}\" data-widget_type=\"nav-menu.default\">\n\t\t\t\t<div class=\"elementor-widget-container\">\n\t\t\t\t\t\t\t\t<nav aria-label=\"Menu\" class=\"elementor-nav-menu--main elementor-nav-menu__container elementor-nav-menu--layout-horizontal e--pointer-underline e--animation-fade\">\n\t\t\t\t<ul id=\"menu-1-4932e17\" class=\"elementor-nav-menu\"><li class=\"menu-item menu-item-type-post_type menu-item-object-page menu-item-38724\"><a href=\"https:\/\/site.utm.ro\/en\/cercetare\/centrul-de-reusita-universitara\/\" class=\"elementor-item\">About<\/a><\/li>\n<li class=\"menu-item menu-item-type-post_type menu-item-object-page menu-item-38725\"><a href=\"https:\/\/site.utm.ro\/en\/cercetare\/centrul-de-reusita-universitara\/conferinte-interviuri-francofone\/\" class=\"elementor-item\">Conferinte \u0219i Interviuri francofone<\/a><\/li>\n<li class=\"menu-item menu-item-type-post_type menu-item-object-page menu-item-38726\"><a href=\"https:\/\/site.utm.ro\/en\/cercetare\/centrul-de-reusita-universitara\/cuvant-pentru-studenti\/\" class=\"elementor-item\">Cuv\u00e2nt pentru studen\u021bi<\/a><\/li>\n<li class=\"menu-item menu-item-type-post_type menu-item-object-page menu-item-38728\"><a href=\"https:\/\/site.utm.ro\/en\/cercetare\/centrul-de-reusita-universitara\/noutati\/\" class=\"elementor-item\">News<\/a><\/li>\n<\/ul>\t\t\t<\/nav>\n\t\t\t\t\t\t<nav class=\"elementor-nav-menu--dropdown elementor-nav-menu__container\" aria-hidden=\"true\">\n\t\t\t\t<ul id=\"menu-2-4932e17\" class=\"elementor-nav-menu\"><li class=\"menu-item menu-item-type-post_type menu-item-object-page menu-item-38724\"><a href=\"https:\/\/site.utm.ro\/en\/cercetare\/centrul-de-reusita-universitara\/\" class=\"elementor-item\" tabindex=\"-1\">About<\/a><\/li>\n<li class=\"menu-item menu-item-type-post_type menu-item-object-page menu-item-38725\"><a href=\"https:\/\/site.utm.ro\/en\/cercetare\/centrul-de-reusita-universitara\/conferinte-interviuri-francofone\/\" class=\"elementor-item\" tabindex=\"-1\">Conferinte \u0219i Interviuri francofone<\/a><\/li>\n<li class=\"menu-item menu-item-type-post_type menu-item-object-page menu-item-38726\"><a href=\"https:\/\/site.utm.ro\/en\/cercetare\/centrul-de-reusita-universitara\/cuvant-pentru-studenti\/\" class=\"elementor-item\" tabindex=\"-1\">Cuv\u00e2nt pentru studen\u021bi<\/a><\/li>\n<li class=\"menu-item menu-item-type-post_type menu-item-object-page menu-item-38728\"><a href=\"https:\/\/site.utm.ro\/en\/cercetare\/centrul-de-reusita-universitara\/noutati\/\" class=\"elementor-item\" tabindex=\"-1\">News<\/a><\/li>\n<\/ul>\t\t\t<\/nav>\n\t\t\t\t\t\t<\/div>\n\t\t\t\t<\/div>\n\t\t\t\t\t<\/div>\n\t\t<\/div>\n\t\t\t\t\t<\/div>\n\t\t<\/section>\n\t\t\t\t<section class=\"elementor-section elementor-top-section elementor-element elementor-element-27b04bf elementor-section-boxed elementor-section-height-default elementor-section-height-default\" data-id=\"27b04bf\" data-element_type=\"section\" data-e-type=\"section\">\n\t\t\t\t\t\t<div class=\"elementor-container elementor-column-gap-default\">\n\t\t\t\t\t<div class=\"elementor-column elementor-col-100 elementor-top-column elementor-element elementor-element-78487f9\" data-id=\"78487f9\" data-element_type=\"column\" data-e-type=\"column\">\n\t\t\t<div class=\"elementor-widget-wrap elementor-element-populated\">\n\t\t\t\t\t\t<div class=\"elementor-element elementor-element-4507ba7 elementor-widget elementor-widget-heading\" data-id=\"4507ba7\" data-element_type=\"widget\" data-e-type=\"widget\" data-widget_type=\"heading.default\">\n\t\t\t\t<div class=\"elementor-widget-container\">\n\t\t\t\t\t<h2 class=\"elementor-heading-title elementor-size-default\">Cuv\u00e2nt pentru studen\u021bi<\/h2>\t\t\t\t<\/div>\n\t\t\t\t<\/div>\n\t\t\t\t<div class=\"elementor-element elementor-element-841880c elementor-widget elementor-widget-text-editor\" data-id=\"841880c\" data-element_type=\"widget\" data-e-type=\"widget\" data-widget_type=\"text-editor.default\">\n\t\t\t\t<div class=\"elementor-widget-container\">\n\t\t\t\t\t\t\t\t\t<p><br><\/p><p>L\u2019universit\u00e9 Titu Maiorescu s\u2019est lanc\u00e9e depuis plus d\u2019une d\u00e9cennie dans une dynamique d\u2019internationalisation, en \u00e9tant tr\u00e8s active dans l\u2019initiation et la gestion des projets europ\u00e9ens, notamment Erasums et Erasmus Plus. Les mobilit\u00e9s des \u00e9tudiants et celles des professeurs, les partenariats dans la recherche avec des universit\u00e9s europ\u00e9ennes, mais aussi avec des universit\u00e9s d\u2019autres r\u00e9gions du monde, les formations en co-diplomation etc. ont contribu\u00e9 efficacement au renforcement de la coop\u00e9ration universitaire, \u00e0 la diversification des comp\u00e9tences, \u00e0 la valorisation de l\u2019excellence, \u00e0 la promotion des valeurs europ\u00e9ens.L\u2019organisation par le pass\u00e9 de formations en langues \u00e9trang\u00e8res (comme par exemple, le master francophone en Droit avec l\u2019Universit\u00e9 d\u2019Orl\u00e9ans) a facilit\u00e9 la collaboration entre des enseignants des universit\u00e9s partenaires, ainsi qu\u2019une meilleure connaissance r\u00e9ciproque de l\u2019environnement juridique, et plus globalement de l\u2019environnement \u00e9conomique et social des pays d\u2019origine.Aujourd\u2019hui l\u2019Universit\u00e9 Titu Maiorescu accueille un nombre important d\u2019\u00e9tudiants \u00e9trangers, notamment dans ses facult\u00e9s de M\u00e9decine et de M\u00e9decine dentaire, tant dans les sections en langue roumaine, que dans celle en langue anglaise. Parmi ces \u00e9tudiants, certaines son issus des pays francophones&nbsp;: Alg\u00e9rie, Belgique, Canada, C\u00f4te d\u2019Ivoire, France, Liban, Luxembourg, Maroc, Moldavie, etc.<\/p>\n<p>Ils sont les bienvenus au Centre francophone de l\u2019Universit\u00e9 Titu Maiorescu, qui se veut un lieu d\u2019\u00e9change, de partage, de cr\u00e9ativit\u00e9, facilitateur d\u2019une meilleure connaissance r\u00e9ciproque des \u00e9tudiants de diverses origines, ainsi que de leurs pays d\u2019origine.<\/p>\n<p>Cette rubrique du site donne la parole \u00e0 ses \u00e9tudiants.<\/p>\t\t\t\t\t\t\t\t<\/div>\n\t\t\t\t<\/div>\n\t\t\t\t\t<\/div>\n\t\t<\/div>\n\t\t\t\t\t<\/div>\n\t\t<\/section>\n\t\t\t\t<section class=\"elementor-section elementor-top-section elementor-element elementor-element-fd895b7 elementor-section-boxed elementor-section-height-default elementor-section-height-default\" data-id=\"fd895b7\" data-element_type=\"section\" data-e-type=\"section\">\n\t\t\t\t\t\t<div class=\"elementor-container elementor-column-gap-default\">\n\t\t\t\t\t<div class=\"elementor-column elementor-col-100 elementor-top-column elementor-element elementor-element-05b3fa5\" data-id=\"05b3fa5\" data-element_type=\"column\" data-e-type=\"column\">\n\t\t\t<div class=\"elementor-widget-wrap elementor-element-populated\">\n\t\t\t\t\t\t<div class=\"elementor-element elementor-element-d854764 elementor-widget elementor-widget-spacer\" data-id=\"d854764\" data-element_type=\"widget\" data-e-type=\"widget\" data-widget_type=\"spacer.default\">\n\t\t\t\t<div class=\"elementor-widget-container\">\n\t\t\t\t\t\t\t<div class=\"elementor-spacer\">\n\t\t\t<div class=\"elementor-spacer-inner\"><\/div>\n\t\t<\/div>\n\t\t\t\t\t\t<\/div>\n\t\t\t\t<\/div>\n\t\t\t\t\t<\/div>\n\t\t<\/div>\n\t\t\t\t\t<\/div>\n\t\t<\/section>\n\t\t\t\t<\/div>","protected":false},"excerpt":{"rendered":"<p>Centrul de reusit\u0103 universitar\u0103 Cuv\u00e2nt pentru studen\u021bi L\u2019universit\u00e9 Titu Maiorescu s\u2019est lanc\u00e9e depuis plus d\u2019une d\u00e9cennie dans une dynamique d\u2019internationalisation, en \u00e9tant tr\u00e8s active dans l\u2019initiation et la gestion des projets europ\u00e9ens, notamment Erasums et Erasmus Plus. Les mobilit\u00e9s des \u00e9tudiants et celles des professeurs, les partenariats dans la recherche avec des universit\u00e9s europ\u00e9ennes, mais&#8230;<\/p>","protected":false},"author":1,"featured_media":0,"parent":28629,"menu_order":0,"comment_status":"closed","ping_status":"closed","template":"","meta":{"footnotes":""},"class_list":["post-28674","page","type-page","status-publish","hentry"],"_links":{"self":[{"href":"https:\/\/site.utm.ro\/en\/wp-json\/wp\/v2\/pages\/28674","targetHints":{"allow":["GET"]}}],"collection":[{"href":"https:\/\/site.utm.ro\/en\/wp-json\/wp\/v2\/pages"}],"about":[{"href":"https:\/\/site.utm.ro\/en\/wp-json\/wp\/v2\/types\/page"}],"author":[{"embeddable":true,"href":"https:\/\/site.utm.ro\/en\/wp-json\/wp\/v2\/users\/1"}],"replies":[{"embeddable":true,"href":"https:\/\/site.utm.ro\/en\/wp-json\/wp\/v2\/comments?post=28674"}],"version-history":[{"count":0,"href":"https:\/\/site.utm.ro\/en\/wp-json\/wp\/v2\/pages\/28674\/revisions"}],"up":[{"embeddable":true,"href":"https:\/\/site.utm.ro\/en\/wp-json\/wp\/v2\/pages\/28629"}],"wp:attachment":[{"href":"https:\/\/site.utm.ro\/en\/wp-json\/wp\/v2\/media?parent=28674"}],"curies":[{"name":"wp","href":"https:\/\/api.w.org\/{rel}","templated":true}]}}