{"id":28629,"date":"2026-03-03T16:07:20","date_gmt":"2026-03-03T16:07:20","guid":{"rendered":"https:\/\/site.utm.ro\/?page_id=28629"},"modified":"2026-03-20T14:17:55","modified_gmt":"2026-03-20T14:17:55","slug":"centrul-de-reusita-universitara","status":"publish","type":"page","link":"https:\/\/site.utm.ro\/en\/cercetare\/centrul-de-reusita-universitara\/","title":{"rendered":"University Success Center"},"content":{"rendered":"<div data-elementor-type=\"wp-page\" data-elementor-id=\"28629\" class=\"elementor elementor-28629\" data-elementor-post-type=\"page\">\n\t\t\t\t\t\t<section class=\"elementor-section elementor-top-section elementor-element elementor-element-b37bfb6 elementor-section-height-min-height elementor-section-full_width elementor-section-height-default elementor-section-items-middle\" data-id=\"b37bfb6\" data-element_type=\"section\" data-e-type=\"section\" data-settings=\"{&quot;background_background&quot;:&quot;classic&quot;}\">\n\t\t\t\t\t\t\t<div class=\"elementor-background-overlay\"><\/div>\n\t\t\t\t\t\t\t<div class=\"elementor-container elementor-column-gap-default\">\n\t\t\t\t\t<div class=\"elementor-column elementor-col-100 elementor-top-column elementor-element elementor-element-ff3fcd2\" data-id=\"ff3fcd2\" data-element_type=\"column\" data-e-type=\"column\" data-settings=\"{&quot;background_background&quot;:&quot;classic&quot;}\">\n\t\t\t<div class=\"elementor-widget-wrap\">\n\t\t\t\t\t\t\t<\/div>\n\t\t<\/div>\n\t\t\t\t\t<\/div>\n\t\t<\/section>\n\t\t\t\t<section class=\"elementor-section elementor-top-section elementor-element elementor-element-e644bcc elementor-section-boxed elementor-section-height-default elementor-section-height-default\" data-id=\"e644bcc\" data-element_type=\"section\" data-e-type=\"section\">\n\t\t\t\t\t\t<div class=\"elementor-container elementor-column-gap-no\">\n\t\t\t\t\t<div class=\"elementor-column elementor-col-50 elementor-top-column elementor-element elementor-element-364b315 animated-fast elementor-invisible\" data-id=\"364b315\" data-element_type=\"column\" data-e-type=\"column\" data-settings=\"{&quot;background_background&quot;:&quot;classic&quot;,&quot;animation&quot;:&quot;fadeIn&quot;,&quot;animation_tablet&quot;:&quot;none&quot;,&quot;animation_mobile&quot;:&quot;none&quot;,&quot;animation_delay&quot;:100}\">\n\t\t\t<div class=\"elementor-widget-wrap elementor-element-populated\">\n\t\t\t\t\t\t<div class=\"elementor-element elementor-element-6ae1957 elementor-widget elementor-widget-heading\" data-id=\"6ae1957\" data-element_type=\"widget\" data-e-type=\"widget\" data-widget_type=\"heading.default\">\n\t\t\t\t<div class=\"elementor-widget-container\">\n\t\t\t\t\t<h1 class=\"elementor-heading-title elementor-size-default\">Centrul de reusit\u0103 universitar\u0103<\/h1>\t\t\t\t<\/div>\n\t\t\t\t<\/div>\n\t\t\t\t\t<\/div>\n\t\t<\/div>\n\t\t\t\t<div class=\"elementor-column elementor-col-50 elementor-top-column elementor-element elementor-element-e8319ff elementor-hidden-desktop elementor-hidden-tablet elementor-hidden-phone\" data-id=\"e8319ff\" data-element_type=\"column\" data-e-type=\"column\">\n\t\t\t<div class=\"elementor-widget-wrap\">\n\t\t\t\t\t\t\t<\/div>\n\t\t<\/div>\n\t\t\t\t\t<\/div>\n\t\t<\/section>\n\t\t\t\t<section class=\"elementor-section elementor-top-section elementor-element elementor-element-2111918 elementor-section-boxed elementor-section-height-default elementor-section-height-default\" data-id=\"2111918\" data-element_type=\"section\" data-e-type=\"section\">\n\t\t\t\t\t\t<div class=\"elementor-container elementor-column-gap-default\">\n\t\t\t\t\t<div class=\"elementor-column elementor-col-100 elementor-top-column elementor-element elementor-element-943ac48\" data-id=\"943ac48\" data-element_type=\"column\" data-e-type=\"column\" data-settings=\"{&quot;background_background&quot;:&quot;classic&quot;}\">\n\t\t\t<div class=\"elementor-widget-wrap elementor-element-populated\">\n\t\t\t\t\t\t<div class=\"elementor-element elementor-element-4932e17  custom-inpage-menu elementor-nav-menu__align-start elementor-nav-menu--dropdown-none vamtam-has-mobile-disable-scroll elementor-widget elementor-widget-nav-menu\" data-id=\"4932e17\" data-element_type=\"widget\" data-e-type=\"widget\" data-settings=\"{&quot;layout&quot;:&quot;horizontal&quot;,&quot;submenu_icon&quot;:{&quot;value&quot;:&quot;&lt;i class=\\&quot;fas fa-caret-down\\&quot; aria-hidden=\\&quot;true\\&quot;&gt;&lt;\\\/i&gt;&quot;,&quot;library&quot;:&quot;fa-solid&quot;},&quot;toggle_icon_active&quot;:{&quot;value&quot;:&quot;&quot;,&quot;library&quot;:&quot;&quot;}}\" data-widget_type=\"nav-menu.default\">\n\t\t\t\t<div class=\"elementor-widget-container\">\n\t\t\t\t\t\t\t\t<nav aria-label=\"Menu\" class=\"elementor-nav-menu--main elementor-nav-menu__container elementor-nav-menu--layout-horizontal e--pointer-underline e--animation-fade\">\n\t\t\t\t<ul id=\"menu-1-4932e17\" class=\"elementor-nav-menu\"><li class=\"menu-item menu-item-type-post_type menu-item-object-page menu-item-38724\"><a href=\"https:\/\/site.utm.ro\/en\/cercetare\/centrul-de-reusita-universitara\/\" class=\"elementor-item\">About<\/a><\/li>\n<li class=\"menu-item menu-item-type-post_type menu-item-object-page menu-item-38725\"><a href=\"https:\/\/site.utm.ro\/en\/cercetare\/centrul-de-reusita-universitara\/conferinte-interviuri-francofone\/\" class=\"elementor-item\">Conferinte \u0219i Interviuri francofone<\/a><\/li>\n<li class=\"menu-item menu-item-type-post_type menu-item-object-page menu-item-38726\"><a href=\"https:\/\/site.utm.ro\/en\/cercetare\/centrul-de-reusita-universitara\/cuvant-pentru-studenti\/\" class=\"elementor-item\">Cuv\u00e2nt pentru studen\u021bi<\/a><\/li>\n<li class=\"menu-item menu-item-type-post_type menu-item-object-page menu-item-38728\"><a href=\"https:\/\/site.utm.ro\/en\/cercetare\/centrul-de-reusita-universitara\/noutati\/\" class=\"elementor-item\">News<\/a><\/li>\n<\/ul>\t\t\t<\/nav>\n\t\t\t\t\t\t<nav class=\"elementor-nav-menu--dropdown elementor-nav-menu__container\" aria-hidden=\"true\">\n\t\t\t\t<ul id=\"menu-2-4932e17\" class=\"elementor-nav-menu\"><li class=\"menu-item menu-item-type-post_type menu-item-object-page menu-item-38724\"><a href=\"https:\/\/site.utm.ro\/en\/cercetare\/centrul-de-reusita-universitara\/\" class=\"elementor-item\" tabindex=\"-1\">About<\/a><\/li>\n<li class=\"menu-item menu-item-type-post_type menu-item-object-page menu-item-38725\"><a href=\"https:\/\/site.utm.ro\/en\/cercetare\/centrul-de-reusita-universitara\/conferinte-interviuri-francofone\/\" class=\"elementor-item\" tabindex=\"-1\">Conferinte \u0219i Interviuri francofone<\/a><\/li>\n<li class=\"menu-item menu-item-type-post_type menu-item-object-page menu-item-38726\"><a href=\"https:\/\/site.utm.ro\/en\/cercetare\/centrul-de-reusita-universitara\/cuvant-pentru-studenti\/\" class=\"elementor-item\" tabindex=\"-1\">Cuv\u00e2nt pentru studen\u021bi<\/a><\/li>\n<li class=\"menu-item menu-item-type-post_type menu-item-object-page menu-item-38728\"><a href=\"https:\/\/site.utm.ro\/en\/cercetare\/centrul-de-reusita-universitara\/noutati\/\" class=\"elementor-item\" tabindex=\"-1\">News<\/a><\/li>\n<\/ul>\t\t\t<\/nav>\n\t\t\t\t\t\t<\/div>\n\t\t\t\t<\/div>\n\t\t\t\t\t<\/div>\n\t\t<\/div>\n\t\t\t\t\t<\/div>\n\t\t<\/section>\n\t\t\t\t<section class=\"elementor-section elementor-top-section elementor-element elementor-element-27b04bf elementor-section-boxed elementor-section-height-default elementor-section-height-default\" data-id=\"27b04bf\" data-element_type=\"section\" data-e-type=\"section\">\n\t\t\t\t\t\t<div class=\"elementor-container elementor-column-gap-default\">\n\t\t\t\t\t<div class=\"elementor-column elementor-col-100 elementor-top-column elementor-element elementor-element-78487f9\" data-id=\"78487f9\" data-element_type=\"column\" data-e-type=\"column\">\n\t\t\t<div class=\"elementor-widget-wrap elementor-element-populated\">\n\t\t\t\t\t\t<div class=\"elementor-element elementor-element-841880c elementor-widget elementor-widget-text-editor\" data-id=\"841880c\" data-element_type=\"widget\" data-e-type=\"widget\" data-widget_type=\"text-editor.default\">\n\t\t\t\t<div class=\"elementor-widget-container\">\n\t\t\t\t\t\t\t\t\t<p><\/p><center><img fetchpriority=\"high\" decoding=\"async\" src=\"\/wp-content\/uploads\/2026\/03\/cru-1.jpg\" alt=\"\" width=\"454\" height=\"132\"><\/center><center><\/center><p><\/p>\n<div>\n<p>Centrul de Reu\u0219it\u0103 Universitar\u0103 (CRU) al Universit\u0103\u021bii Titu&nbsp; Maiorescu face parte din re\u021beaua CRU (<a href=\"https:\/\/www.auf.org\/\" target=\"_blank\" rel=\"noopener\">https:\/\/www.auf.org\/)<\/a>&nbsp;creat\u0103 de Agen\u0163ia Universitar\u0103 a Francofoniei (AUF) \u00een Europa Central\u0103 \u015fi Oriental\u0103 \u00een colaborare cu&nbsp; parteneri universitari din regiune. AUF este una dintre cele mai mari asocia\u021bii de institu\u021bii de \u00eenv\u0103\u021b\u0103m\u00e2nt superior \u0219i de cercetare din lume. Fondat\u0103 \u00een urm\u0103 cu aproape 60 de ani, ea reune\u0219te&nbsp;<strong>1007 universit\u0103\u021bi, \u0219coli superioare, re\u021bele academice \u0219i centre de cercetare \u0219tiin\u021bific\u0103 care utilizeaz\u0103 limba francez\u0103, din 119 \u021b\u0103ri.<\/strong>&nbsp;AUF este, de asemenea, operatorul pentru \u00eenv\u0103\u021b\u0103m\u00e2ntul superior \u0219i cercetarea al Summit-ului Francofoniei.<\/p>\n<p>Re\u021beaua CRU, format\u0103 din 57 de centre din 19 \u021b\u00e2ri din Europa Central\u0103 \u015fi Oriental\u0103 (Albania, Armenia, Azerbaidjan, Bulgaria, Croa\u021bia, Georgia, Ungaria, Kazahstan, Kosovo, Lituania, Macedonia de Nord, Moldova, Polonia, Rom\u00e2nia, Rusia, Serbia, Slovacia, Turcia, Ucraina) contribuie \u00een mod activ la consolidarea mi\u0219c\u0103rii francofone \u0219i la promovarea diversit\u0103\u021bii lingvistice, a valorilor patrimoniului \u0219tiin\u021bific \u015fi cultural de limba francez\u0103. Conform statisticilor AUF , peste 100 de profesori-cercet\u0103tori francofoni sunt implica\u021bi permanent \u00een activit\u0103\u021bile centrelor (peste 9.000 de activit\u0103\u021bi \u0219i aproape 150.000 de participan\u021bi, de la \u00eenceputul proiectului \u00een 2012). Misiunile \u0219i ac\u021biunile lor sunt foarte diverse \u0219i adaptate specificului \u021b\u0103rilor \u0219i universit\u0103\u021bilor care le g\u0103zduiesc: formare, informare, concursuri, seri teatrale, seminarii, mese rotunde, conferin\u021be etc. Profilul lor este definit treptat \u00een func\u021bie de specificul \u0219i nevoile locale: centru de integrare profesional\u0103, centru de formare \u00een domeniul didactic, laborator pentru inovare educa\u021bional\u0103 \u0219i dezvoltare \u0219tiin\u021bific\u0103 \u0219i cultural\u0103, centru multilingv, centru pentru formarea studen\u021bilor \u00een antreprenoriat, poli tematici interdisciplinari etc.<\/p>\n<p>CRU al Universit\u0103\u021bii Titu Maiorescu ofer\u0103 profesorilor \u015fi studen\u021bilor, vorbitori de limb\u0103 francez\u0103, accesul la resurse pedagogice de o mare diversitate, la instrumente de dezvoltare a unor cursuri \u015fi de anima\u021bie pedagogic\u0103 inovative, motivante \u0219i actualizate. Este un spa\u021biu pentru educa\u021bie \u015fi formare continu\u0103, un loc privilegiat pentru schimburi de idei cu profesori \u0219i studen\u021bi din \u00eentregul spa\u0163iu francofon.<\/p>\n<p>De la \u00eenfiin\u021barea sa \u00een ianuarie 2020, centrul francofon al Universit\u0103\u021bii a realizat un num\u0103r important de ac\u021biuni, printre care: un ciclu de conferin\u021be privind&nbsp;<em>\u201eProvoc\u0103rile \u0219i atuurile pluralit\u0103\u021bii lingvistice \u00een produc\u021bia de cuno\u0219tin\u021be \u0219i \u00een comunicarea \u0219tiin\u021bific\u0103\u201d,<\/em>&nbsp;contacte \u015fi schimburi cu universit\u0103\u021bile francofone, ac\u021biuni specifice \u00een contextul pandemiei etc. De asemenea, a contribuit la realizarea unei publica\u021bii bilingve (francez\u0103-rom\u00e2n\u0103) dedicat\u0103 anivers\u0103rii a 50&nbsp;<sup>&nbsp;<\/sup>&nbsp;de ani de crearea francofoniei institu\u021bionale (<a href=\"https:\/\/laudatio.ro\/\" target=\"_blank\" rel=\"noopener\">https:\/\/laudatio.ro<\/a>). Recent, la ini\u021biativa CRU, a fost lansat proiectul \u201e<em>Antreprenoriatul social \u00een serviciul societ\u0103\u021bii\u201d,&nbsp;<\/em>finan\u021bat de AUF \u015fi realizat de UTM \u00een parteneriat cu Noua Universitate Bulgara din Sofia si cu Universitatea Valahia din Targoviste.<\/p>\n<\/div>\n<hr>\n<p><big><em>Partners<\/em><\/big><\/p>\n<p><\/p>\n<p><img decoding=\"async\" src=\"\/wp-content\/uploads\/2026\/03\/auf.jpg\" alt=\"ON\" width=\"234\" height=\"300\"><\/p>\n<p>Direc\u021bia Regional\u0103<\/p>\n<p>Agen\u021bia Universitar\u0103 Francofonia \u00een<\/p>\n<p>Europa Central\u0103 \u0219i de Oriental\u0103<\/p>\n<p><\/p>\n<p><img decoding=\"async\" src=\"\/wp-content\/uploads\/2026\/03\/cru.jpg\" alt=\"ON\" width=\"180\" height=\"200\"><\/p>\n<p><\/p>\n<p>Reteau CRU din<\/p>\n<p>Europa Central\u0103 \u0219i de Oriental\u0103&nbsp;<\/p>\n<p><\/p>\n<p><big><em>Responsabil CRU :<\/em><\/big><\/p>\n<p><em><strong>Gabriela BURDUCEA<\/strong>, Ma\u00eetre de conf\u00e9rences, Universit\u00e9 Titu Maiorescu<\/em><br><em><strong>Roxana CHIRIEAC<\/strong>, Assistante universitaire, Universit\u00e9 Titu Maiorescu<\/em><\/p><p><i><br><\/i><big><em>Contact&nbsp;:&nbsp;<\/em><a href=\"mailto:cru@univ.utm.ro\" target=\"_blank\" rel=\"noopener noreferrer\">cru@univ.utm.ro<\/a><\/big><\/p>\t\t\t\t\t\t\t\t<\/div>\n\t\t\t\t<\/div>\n\t\t\t\t\t<\/div>\n\t\t<\/div>\n\t\t\t\t\t<\/div>\n\t\t<\/section>\n\t\t\t\t<section class=\"elementor-section elementor-top-section elementor-element elementor-element-fd895b7 elementor-section-boxed elementor-section-height-default elementor-section-height-default\" data-id=\"fd895b7\" data-element_type=\"section\" data-e-type=\"section\">\n\t\t\t\t\t\t<div class=\"elementor-container elementor-column-gap-default\">\n\t\t\t\t\t<div class=\"elementor-column elementor-col-100 elementor-top-column elementor-element elementor-element-05b3fa5\" data-id=\"05b3fa5\" data-element_type=\"column\" data-e-type=\"column\">\n\t\t\t<div class=\"elementor-widget-wrap elementor-element-populated\">\n\t\t\t\t\t\t<div class=\"elementor-element elementor-element-d854764 elementor-widget elementor-widget-spacer\" data-id=\"d854764\" data-element_type=\"widget\" data-e-type=\"widget\" data-widget_type=\"spacer.default\">\n\t\t\t\t<div class=\"elementor-widget-container\">\n\t\t\t\t\t\t\t<div class=\"elementor-spacer\">\n\t\t\t<div class=\"elementor-spacer-inner\"><\/div>\n\t\t<\/div>\n\t\t\t\t\t\t<\/div>\n\t\t\t\t<\/div>\n\t\t\t\t\t<\/div>\n\t\t<\/div>\n\t\t\t\t\t<\/div>\n\t\t<\/section>\n\t\t\t\t<\/div>","protected":false},"excerpt":{"rendered":"<p>Centrul de reusit\u0103 universitar\u0103 Centrul de Reu\u0219it\u0103 Universitar\u0103 (CRU) al Universit\u0103\u021bii Titu&nbsp; Maiorescu face parte din re\u021beaua CRU (https:\/\/www.auf.org\/)&nbsp;creat\u0103 de Agen\u0163ia Universitar\u0103 a Francofoniei (AUF) \u00een Europa Central\u0103 \u015fi Oriental\u0103 \u00een colaborare cu&nbsp; parteneri universitari din regiune. AUF este una dintre cele mai mari asocia\u021bii de institu\u021bii de \u00eenv\u0103\u021b\u0103m\u00e2nt superior \u0219i de cercetare din lume&#8230;.<\/p>","protected":false},"author":1,"featured_media":0,"parent":24374,"menu_order":0,"comment_status":"closed","ping_status":"closed","template":"","meta":{"footnotes":""},"class_list":["post-28629","page","type-page","status-publish","hentry"],"_links":{"self":[{"href":"https:\/\/site.utm.ro\/en\/wp-json\/wp\/v2\/pages\/28629","targetHints":{"allow":["GET"]}}],"collection":[{"href":"https:\/\/site.utm.ro\/en\/wp-json\/wp\/v2\/pages"}],"about":[{"href":"https:\/\/site.utm.ro\/en\/wp-json\/wp\/v2\/types\/page"}],"author":[{"embeddable":true,"href":"https:\/\/site.utm.ro\/en\/wp-json\/wp\/v2\/users\/1"}],"replies":[{"embeddable":true,"href":"https:\/\/site.utm.ro\/en\/wp-json\/wp\/v2\/comments?post=28629"}],"version-history":[{"count":0,"href":"https:\/\/site.utm.ro\/en\/wp-json\/wp\/v2\/pages\/28629\/revisions"}],"up":[{"embeddable":true,"href":"https:\/\/site.utm.ro\/en\/wp-json\/wp\/v2\/pages\/24374"}],"wp:attachment":[{"href":"https:\/\/site.utm.ro\/en\/wp-json\/wp\/v2\/media?parent=28629"}],"curies":[{"name":"wp","href":"https:\/\/api.w.org\/{rel}","templated":true}]}}