{"id":28623,"date":"2026-03-03T16:04:28","date_gmt":"2026-03-03T16:04:28","guid":{"rendered":"https:\/\/site.utm.ro\/?page_id=28623"},"modified":"2026-03-03T17:38:34","modified_gmt":"2026-03-03T17:38:34","slug":"contact-cedrom","status":"publish","type":"page","link":"https:\/\/site.utm.ro\/en\/cercetare\/cedrom\/contact-cedrom\/","title":{"rendered":"Contact CEDROM"},"content":{"rendered":"<div data-elementor-type=\"wp-page\" data-elementor-id=\"28623\" class=\"elementor elementor-28623\" data-elementor-post-type=\"page\">\n\t\t\t\t\t\t<section class=\"elementor-section elementor-top-section elementor-element elementor-element-b37bfb6 elementor-section-height-min-height elementor-section-full_width elementor-section-height-default elementor-section-items-middle\" data-id=\"b37bfb6\" data-element_type=\"section\" data-e-type=\"section\" data-settings=\"{&quot;background_background&quot;:&quot;classic&quot;}\">\n\t\t\t\t\t\t\t<div class=\"elementor-background-overlay\"><\/div>\n\t\t\t\t\t\t\t<div class=\"elementor-container elementor-column-gap-default\">\n\t\t\t\t\t<div class=\"elementor-column elementor-col-100 elementor-top-column elementor-element elementor-element-ff3fcd2\" data-id=\"ff3fcd2\" data-element_type=\"column\" data-e-type=\"column\" data-settings=\"{&quot;background_background&quot;:&quot;classic&quot;}\">\n\t\t\t<div class=\"elementor-widget-wrap\">\n\t\t\t\t\t\t\t<\/div>\n\t\t<\/div>\n\t\t\t\t\t<\/div>\n\t\t<\/section>\n\t\t\t\t<section class=\"elementor-section elementor-top-section elementor-element elementor-element-e644bcc elementor-section-boxed elementor-section-height-default elementor-section-height-default\" data-id=\"e644bcc\" data-element_type=\"section\" data-e-type=\"section\">\n\t\t\t\t\t\t<div class=\"elementor-container elementor-column-gap-no\">\n\t\t\t\t\t<div class=\"elementor-column elementor-col-50 elementor-top-column elementor-element elementor-element-364b315 animated-fast elementor-invisible\" data-id=\"364b315\" data-element_type=\"column\" data-e-type=\"column\" data-settings=\"{&quot;background_background&quot;:&quot;classic&quot;,&quot;animation&quot;:&quot;fadeIn&quot;,&quot;animation_tablet&quot;:&quot;none&quot;,&quot;animation_mobile&quot;:&quot;none&quot;,&quot;animation_delay&quot;:100}\">\n\t\t\t<div class=\"elementor-widget-wrap elementor-element-populated\">\n\t\t\t\t\t\t<div class=\"elementor-element elementor-element-6ae1957 elementor-widget elementor-widget-heading\" data-id=\"6ae1957\" data-element_type=\"widget\" data-e-type=\"widget\" data-widget_type=\"heading.default\">\n\t\t\t\t<div class=\"elementor-widget-container\">\n\t\t\t\t\t<h1 class=\"elementor-heading-title elementor-size-default\">CEDROM<\/h1>\t\t\t\t<\/div>\n\t\t\t\t<\/div>\n\t\t\t\t\t<\/div>\n\t\t<\/div>\n\t\t\t\t<div class=\"elementor-column elementor-col-50 elementor-top-column elementor-element elementor-element-e8319ff elementor-hidden-desktop elementor-hidden-tablet elementor-hidden-phone\" data-id=\"e8319ff\" data-element_type=\"column\" data-e-type=\"column\">\n\t\t\t<div class=\"elementor-widget-wrap\">\n\t\t\t\t\t\t\t<\/div>\n\t\t<\/div>\n\t\t\t\t\t<\/div>\n\t\t<\/section>\n\t\t\t\t<section class=\"elementor-section elementor-top-section elementor-element elementor-element-2111918 elementor-section-boxed elementor-section-height-default elementor-section-height-default\" data-id=\"2111918\" data-element_type=\"section\" data-e-type=\"section\">\n\t\t\t\t\t\t<div class=\"elementor-container elementor-column-gap-default\">\n\t\t\t\t\t<div class=\"elementor-column elementor-col-100 elementor-top-column elementor-element elementor-element-943ac48\" data-id=\"943ac48\" data-element_type=\"column\" data-e-type=\"column\" data-settings=\"{&quot;background_background&quot;:&quot;classic&quot;}\">\n\t\t\t<div class=\"elementor-widget-wrap elementor-element-populated\">\n\t\t\t\t\t\t<div class=\"elementor-element elementor-element-4932e17  custom-inpage-menu elementor-nav-menu__align-start elementor-nav-menu--dropdown-none vamtam-has-mobile-disable-scroll elementor-widget elementor-widget-nav-menu\" data-id=\"4932e17\" data-element_type=\"widget\" data-e-type=\"widget\" data-settings=\"{&quot;layout&quot;:&quot;horizontal&quot;,&quot;submenu_icon&quot;:{&quot;value&quot;:&quot;&lt;i class=\\&quot;fas fa-caret-down\\&quot; aria-hidden=\\&quot;true\\&quot;&gt;&lt;\\\/i&gt;&quot;,&quot;library&quot;:&quot;fa-solid&quot;},&quot;toggle_icon_active&quot;:{&quot;value&quot;:&quot;&quot;,&quot;library&quot;:&quot;&quot;}}\" data-widget_type=\"nav-menu.default\">\n\t\t\t\t<div class=\"elementor-widget-container\">\n\t\t\t\t\t\t\t\t<nav aria-label=\"Menu\" class=\"elementor-nav-menu--main elementor-nav-menu__container elementor-nav-menu--layout-horizontal e--pointer-underline e--animation-fade\">\n\t\t\t\t<ul id=\"menu-1-4932e17\" class=\"elementor-nav-menu\"><li class=\"menu-item menu-item-type-post_type menu-item-object-page menu-item-28552\"><a href=\"https:\/\/site.utm.ro\/en\/cercetare\/cedrom\/\" class=\"elementor-item\">Despre CEDROM<\/a><\/li>\n<li class=\"menu-item menu-item-type-post_type menu-item-object-page menu-item-28578\"><a href=\"https:\/\/site.utm.ro\/en\/cercetare\/cedrom\/conferinte-2\/\" class=\"elementor-item\">Conferences<\/a><\/li>\n<li class=\"menu-item menu-item-type-post_type menu-item-object-page menu-item-28587\"><a href=\"https:\/\/site.utm.ro\/en\/cercetare\/cedrom\/editoriale\/\" class=\"elementor-item\">Editoriale<\/a><\/li>\n<li class=\"menu-item menu-item-type-post_type menu-item-object-page menu-item-28604\"><a href=\"https:\/\/site.utm.ro\/en\/cercetare\/cedrom\/noutati\/\" class=\"elementor-item\">News<\/a><\/li>\n<li class=\"menu-item menu-item-type-post_type menu-item-object-page menu-item-28619\"><a href=\"https:\/\/site.utm.ro\/en\/cercetare\/cedrom\/ajutor-abuz\/\" class=\"elementor-item\">Ajutor! Abuz!<\/a><\/li>\n<li class=\"menu-item menu-item-type-post_type menu-item-object-page menu-item-28628\"><a href=\"https:\/\/site.utm.ro\/en\/cercetare\/cedrom\/contact-cedrom\/\" class=\"elementor-item\">Contact CEDROM<\/a><\/li>\n<\/ul>\t\t\t<\/nav>\n\t\t\t\t\t\t<nav class=\"elementor-nav-menu--dropdown elementor-nav-menu__container\" aria-hidden=\"true\">\n\t\t\t\t<ul id=\"menu-2-4932e17\" class=\"elementor-nav-menu\"><li class=\"menu-item menu-item-type-post_type menu-item-object-page menu-item-28552\"><a href=\"https:\/\/site.utm.ro\/en\/cercetare\/cedrom\/\" class=\"elementor-item\" tabindex=\"-1\">Despre CEDROM<\/a><\/li>\n<li class=\"menu-item menu-item-type-post_type menu-item-object-page menu-item-28578\"><a href=\"https:\/\/site.utm.ro\/en\/cercetare\/cedrom\/conferinte-2\/\" class=\"elementor-item\" tabindex=\"-1\">Conferences<\/a><\/li>\n<li class=\"menu-item menu-item-type-post_type menu-item-object-page menu-item-28587\"><a href=\"https:\/\/site.utm.ro\/en\/cercetare\/cedrom\/editoriale\/\" class=\"elementor-item\" tabindex=\"-1\">Editoriale<\/a><\/li>\n<li class=\"menu-item menu-item-type-post_type menu-item-object-page menu-item-28604\"><a href=\"https:\/\/site.utm.ro\/en\/cercetare\/cedrom\/noutati\/\" class=\"elementor-item\" tabindex=\"-1\">News<\/a><\/li>\n<li class=\"menu-item menu-item-type-post_type menu-item-object-page menu-item-28619\"><a href=\"https:\/\/site.utm.ro\/en\/cercetare\/cedrom\/ajutor-abuz\/\" class=\"elementor-item\" tabindex=\"-1\">Ajutor! Abuz!<\/a><\/li>\n<li class=\"menu-item menu-item-type-post_type menu-item-object-page menu-item-28628\"><a href=\"https:\/\/site.utm.ro\/en\/cercetare\/cedrom\/contact-cedrom\/\" class=\"elementor-item\" tabindex=\"-1\">Contact CEDROM<\/a><\/li>\n<\/ul>\t\t\t<\/nav>\n\t\t\t\t\t\t<\/div>\n\t\t\t\t<\/div>\n\t\t\t\t\t<\/div>\n\t\t<\/div>\n\t\t\t\t\t<\/div>\n\t\t<\/section>\n\t\t\t\t<section class=\"elementor-section elementor-top-section elementor-element elementor-element-27b04bf elementor-section-boxed elementor-section-height-default elementor-section-height-default\" data-id=\"27b04bf\" data-element_type=\"section\" data-e-type=\"section\">\n\t\t\t\t\t\t<div class=\"elementor-container elementor-column-gap-default\">\n\t\t\t\t\t<div class=\"elementor-column elementor-col-100 elementor-top-column elementor-element elementor-element-78487f9\" data-id=\"78487f9\" data-element_type=\"column\" data-e-type=\"column\">\n\t\t\t<div class=\"elementor-widget-wrap elementor-element-populated\">\n\t\t\t\t\t\t<div class=\"elementor-element elementor-element-841880c elementor-widget elementor-widget-text-editor\" data-id=\"841880c\" data-element_type=\"widget\" data-e-type=\"widget\" data-widget_type=\"text-editor.default\">\n\t\t\t\t<div class=\"elementor-widget-container\">\n\t\t\t\t\t\t\t\t\t<div><strong>Prof.univ.dr. Nicolae Voiculescu, Pre\u0219edinte,<\/strong><br \/>email:\u00a0<a href=\"mailto:nicolae.voiculescu@prof.utm.ro\" target=\"_blank\" rel=\"noopener noreferrer\">nicolae.voiculescu@prof.utm.ro<\/a><\/div>\n<div><strong>Lect.univ.dr. Maria-Beatrice Berna, Director executiv<\/strong><br \/>email:\u00a0<a href=\"mailto:beatrice.berna@prof.utm.ro\" target=\"_blank\" rel=\"noopener noreferrer\">beatrice.berna@prof.utm.ro<\/a><\/div>\n<div>\n<p>\u00a0<\/p>\n<div id=\"nf-form-26-cont\" class=\"nf-form-cont\" role=\"form\" aria-live=\"polite\" aria-labelledby=\"nf-form-title-26\" aria-describedby=\"nf-form-errors-26\"><span id=\"nf-form-title-26\" class=\"nf-form-title\">Asteptam solicit\u0103rile \u0219i interven\u021biile dvs. V\u0103 vom r\u0103spunde \u00een cel mai scurt timp posibil!<\/span><\/div>\n<\/div>\t\t\t\t\t\t\t\t<\/div>\n\t\t\t\t<\/div>\n\t\t\t\t\t<\/div>\n\t\t<\/div>\n\t\t\t\t\t<\/div>\n\t\t<\/section>\n\t\t\t\t<section class=\"elementor-section elementor-top-section elementor-element elementor-element-fd895b7 elementor-section-boxed elementor-section-height-default elementor-section-height-default\" data-id=\"fd895b7\" data-element_type=\"section\" data-e-type=\"section\">\n\t\t\t\t\t\t<div class=\"elementor-container elementor-column-gap-default\">\n\t\t\t\t\t<div class=\"elementor-column elementor-col-100 elementor-top-column elementor-element elementor-element-05b3fa5\" data-id=\"05b3fa5\" data-element_type=\"column\" data-e-type=\"column\">\n\t\t\t<div class=\"elementor-widget-wrap elementor-element-populated\">\n\t\t\t\t\t\t<div class=\"elementor-element elementor-element-d854764 elementor-widget elementor-widget-spacer\" data-id=\"d854764\" data-element_type=\"widget\" data-e-type=\"widget\" data-widget_type=\"spacer.default\">\n\t\t\t\t<div class=\"elementor-widget-container\">\n\t\t\t\t\t\t\t<div class=\"elementor-spacer\">\n\t\t\t<div class=\"elementor-spacer-inner\"><\/div>\n\t\t<\/div>\n\t\t\t\t\t\t<\/div>\n\t\t\t\t<\/div>\n\t\t\t\t\t<\/div>\n\t\t<\/div>\n\t\t\t\t\t<\/div>\n\t\t<\/section>\n\t\t\t\t<\/div>","protected":false},"excerpt":{"rendered":"<p>CEDROM Prof.univ.dr. Nicolae Voiculescu, Pre\u0219edinte,email:\u00a0nicolae.voiculescu@prof.utm.ro Lect.univ.dr. Maria-Beatrice Berna, Director executivemail:\u00a0beatrice.berna@prof.utm.ro \u00a0 Asteptam solicit\u0103rile \u0219i interven\u021biile dvs. V\u0103 vom r\u0103spunde \u00een cel mai scurt timp posibil!<\/p>","protected":false},"author":1,"featured_media":0,"parent":28550,"menu_order":0,"comment_status":"closed","ping_status":"closed","template":"","meta":{"footnotes":""},"class_list":["post-28623","page","type-page","status-publish","hentry"],"_links":{"self":[{"href":"https:\/\/site.utm.ro\/en\/wp-json\/wp\/v2\/pages\/28623","targetHints":{"allow":["GET"]}}],"collection":[{"href":"https:\/\/site.utm.ro\/en\/wp-json\/wp\/v2\/pages"}],"about":[{"href":"https:\/\/site.utm.ro\/en\/wp-json\/wp\/v2\/types\/page"}],"author":[{"embeddable":true,"href":"https:\/\/site.utm.ro\/en\/wp-json\/wp\/v2\/users\/1"}],"replies":[{"embeddable":true,"href":"https:\/\/site.utm.ro\/en\/wp-json\/wp\/v2\/comments?post=28623"}],"version-history":[{"count":0,"href":"https:\/\/site.utm.ro\/en\/wp-json\/wp\/v2\/pages\/28623\/revisions"}],"up":[{"embeddable":true,"href":"https:\/\/site.utm.ro\/en\/wp-json\/wp\/v2\/pages\/28550"}],"wp:attachment":[{"href":"https:\/\/site.utm.ro\/en\/wp-json\/wp\/v2\/media?parent=28623"}],"curies":[{"name":"wp","href":"https:\/\/api.w.org\/{rel}","templated":true}]}}