{"id":28576,"date":"2026-03-03T15:13:09","date_gmt":"2026-03-03T15:13:09","guid":{"rendered":"https:\/\/site.utm.ro\/?page_id=28576"},"modified":"2026-03-03T17:37:34","modified_gmt":"2026-03-03T17:37:34","slug":"conferinte-2","status":"publish","type":"page","link":"https:\/\/site.utm.ro\/en\/cercetare\/cedrom\/conferinte-2\/","title":{"rendered":"Conferences"},"content":{"rendered":"<div data-elementor-type=\"wp-page\" data-elementor-id=\"28576\" class=\"elementor elementor-28576\" data-elementor-post-type=\"page\">\n\t\t\t\t\t\t<section class=\"elementor-section elementor-top-section elementor-element elementor-element-b37bfb6 elementor-section-height-min-height elementor-section-full_width elementor-section-height-default elementor-section-items-middle\" data-id=\"b37bfb6\" data-element_type=\"section\" data-e-type=\"section\" data-settings=\"{&quot;background_background&quot;:&quot;classic&quot;}\">\n\t\t\t\t\t\t\t<div class=\"elementor-background-overlay\"><\/div>\n\t\t\t\t\t\t\t<div class=\"elementor-container elementor-column-gap-default\">\n\t\t\t\t\t<div class=\"elementor-column elementor-col-100 elementor-top-column elementor-element elementor-element-ff3fcd2\" data-id=\"ff3fcd2\" data-element_type=\"column\" data-e-type=\"column\" data-settings=\"{&quot;background_background&quot;:&quot;classic&quot;}\">\n\t\t\t<div class=\"elementor-widget-wrap\">\n\t\t\t\t\t\t\t<\/div>\n\t\t<\/div>\n\t\t\t\t\t<\/div>\n\t\t<\/section>\n\t\t\t\t<section class=\"elementor-section elementor-top-section elementor-element elementor-element-e644bcc elementor-section-boxed elementor-section-height-default elementor-section-height-default\" data-id=\"e644bcc\" data-element_type=\"section\" data-e-type=\"section\">\n\t\t\t\t\t\t<div class=\"elementor-container elementor-column-gap-no\">\n\t\t\t\t\t<div class=\"elementor-column elementor-col-50 elementor-top-column elementor-element elementor-element-364b315 animated-fast elementor-invisible\" data-id=\"364b315\" data-element_type=\"column\" data-e-type=\"column\" data-settings=\"{&quot;background_background&quot;:&quot;classic&quot;,&quot;animation&quot;:&quot;fadeIn&quot;,&quot;animation_tablet&quot;:&quot;none&quot;,&quot;animation_mobile&quot;:&quot;none&quot;,&quot;animation_delay&quot;:100}\">\n\t\t\t<div class=\"elementor-widget-wrap elementor-element-populated\">\n\t\t\t\t\t\t<div class=\"elementor-element elementor-element-6ae1957 elementor-widget elementor-widget-heading\" data-id=\"6ae1957\" data-element_type=\"widget\" data-e-type=\"widget\" data-widget_type=\"heading.default\">\n\t\t\t\t<div class=\"elementor-widget-container\">\n\t\t\t\t\t<h1 class=\"elementor-heading-title elementor-size-default\">CEDROM<\/h1>\t\t\t\t<\/div>\n\t\t\t\t<\/div>\n\t\t\t\t\t<\/div>\n\t\t<\/div>\n\t\t\t\t<div class=\"elementor-column elementor-col-50 elementor-top-column elementor-element elementor-element-e8319ff elementor-hidden-desktop elementor-hidden-tablet elementor-hidden-phone\" data-id=\"e8319ff\" data-element_type=\"column\" data-e-type=\"column\">\n\t\t\t<div class=\"elementor-widget-wrap\">\n\t\t\t\t\t\t\t<\/div>\n\t\t<\/div>\n\t\t\t\t\t<\/div>\n\t\t<\/section>\n\t\t\t\t<section class=\"elementor-section elementor-top-section elementor-element elementor-element-2111918 elementor-section-boxed elementor-section-height-default elementor-section-height-default\" data-id=\"2111918\" data-element_type=\"section\" data-e-type=\"section\">\n\t\t\t\t\t\t<div class=\"elementor-container elementor-column-gap-default\">\n\t\t\t\t\t<div class=\"elementor-column elementor-col-100 elementor-top-column elementor-element elementor-element-943ac48\" data-id=\"943ac48\" data-element_type=\"column\" data-e-type=\"column\" data-settings=\"{&quot;background_background&quot;:&quot;classic&quot;}\">\n\t\t\t<div class=\"elementor-widget-wrap elementor-element-populated\">\n\t\t\t\t\t\t<div class=\"elementor-element elementor-element-4932e17  custom-inpage-menu elementor-nav-menu__align-start elementor-nav-menu--dropdown-none vamtam-has-mobile-disable-scroll elementor-widget elementor-widget-nav-menu\" data-id=\"4932e17\" data-element_type=\"widget\" data-e-type=\"widget\" data-settings=\"{&quot;layout&quot;:&quot;horizontal&quot;,&quot;submenu_icon&quot;:{&quot;value&quot;:&quot;&lt;i class=\\&quot;fas fa-caret-down\\&quot; aria-hidden=\\&quot;true\\&quot;&gt;&lt;\\\/i&gt;&quot;,&quot;library&quot;:&quot;fa-solid&quot;},&quot;toggle_icon_active&quot;:{&quot;value&quot;:&quot;&quot;,&quot;library&quot;:&quot;&quot;}}\" data-widget_type=\"nav-menu.default\">\n\t\t\t\t<div class=\"elementor-widget-container\">\n\t\t\t\t\t\t\t\t<nav aria-label=\"Menu\" class=\"elementor-nav-menu--main elementor-nav-menu__container elementor-nav-menu--layout-horizontal e--pointer-underline e--animation-fade\">\n\t\t\t\t<ul id=\"menu-1-4932e17\" class=\"elementor-nav-menu\"><li class=\"menu-item menu-item-type-post_type menu-item-object-page menu-item-28552\"><a href=\"https:\/\/site.utm.ro\/en\/cercetare\/cedrom\/\" class=\"elementor-item\">Despre CEDROM<\/a><\/li>\n<li class=\"menu-item menu-item-type-post_type menu-item-object-page menu-item-28578\"><a href=\"https:\/\/site.utm.ro\/en\/cercetare\/cedrom\/conferinte-2\/\" class=\"elementor-item\">Conferences<\/a><\/li>\n<li class=\"menu-item menu-item-type-post_type menu-item-object-page menu-item-28587\"><a href=\"https:\/\/site.utm.ro\/en\/cercetare\/cedrom\/editoriale\/\" class=\"elementor-item\">Editoriale<\/a><\/li>\n<li class=\"menu-item menu-item-type-post_type menu-item-object-page menu-item-28604\"><a href=\"https:\/\/site.utm.ro\/en\/cercetare\/cedrom\/noutati\/\" class=\"elementor-item\">News<\/a><\/li>\n<li class=\"menu-item menu-item-type-post_type menu-item-object-page menu-item-28619\"><a href=\"https:\/\/site.utm.ro\/en\/cercetare\/cedrom\/ajutor-abuz\/\" class=\"elementor-item\">Ajutor! Abuz!<\/a><\/li>\n<li class=\"menu-item menu-item-type-post_type menu-item-object-page menu-item-28628\"><a href=\"https:\/\/site.utm.ro\/en\/cercetare\/cedrom\/contact-cedrom\/\" class=\"elementor-item\">Contact CEDROM<\/a><\/li>\n<\/ul>\t\t\t<\/nav>\n\t\t\t\t\t\t<nav class=\"elementor-nav-menu--dropdown elementor-nav-menu__container\" aria-hidden=\"true\">\n\t\t\t\t<ul id=\"menu-2-4932e17\" class=\"elementor-nav-menu\"><li class=\"menu-item menu-item-type-post_type menu-item-object-page menu-item-28552\"><a href=\"https:\/\/site.utm.ro\/en\/cercetare\/cedrom\/\" class=\"elementor-item\" tabindex=\"-1\">Despre CEDROM<\/a><\/li>\n<li class=\"menu-item menu-item-type-post_type menu-item-object-page menu-item-28578\"><a href=\"https:\/\/site.utm.ro\/en\/cercetare\/cedrom\/conferinte-2\/\" class=\"elementor-item\" tabindex=\"-1\">Conferences<\/a><\/li>\n<li class=\"menu-item menu-item-type-post_type menu-item-object-page menu-item-28587\"><a href=\"https:\/\/site.utm.ro\/en\/cercetare\/cedrom\/editoriale\/\" class=\"elementor-item\" tabindex=\"-1\">Editoriale<\/a><\/li>\n<li class=\"menu-item menu-item-type-post_type menu-item-object-page menu-item-28604\"><a href=\"https:\/\/site.utm.ro\/en\/cercetare\/cedrom\/noutati\/\" class=\"elementor-item\" tabindex=\"-1\">News<\/a><\/li>\n<li class=\"menu-item menu-item-type-post_type menu-item-object-page menu-item-28619\"><a href=\"https:\/\/site.utm.ro\/en\/cercetare\/cedrom\/ajutor-abuz\/\" class=\"elementor-item\" tabindex=\"-1\">Ajutor! Abuz!<\/a><\/li>\n<li class=\"menu-item menu-item-type-post_type menu-item-object-page menu-item-28628\"><a href=\"https:\/\/site.utm.ro\/en\/cercetare\/cedrom\/contact-cedrom\/\" class=\"elementor-item\" tabindex=\"-1\">Contact CEDROM<\/a><\/li>\n<\/ul>\t\t\t<\/nav>\n\t\t\t\t\t\t<\/div>\n\t\t\t\t<\/div>\n\t\t\t\t\t<\/div>\n\t\t<\/div>\n\t\t\t\t\t<\/div>\n\t\t<\/section>\n\t\t\t\t<section class=\"elementor-section elementor-top-section elementor-element elementor-element-27b04bf elementor-section-boxed elementor-section-height-default elementor-section-height-default\" data-id=\"27b04bf\" data-element_type=\"section\" data-e-type=\"section\">\n\t\t\t\t\t\t<div class=\"elementor-container elementor-column-gap-default\">\n\t\t\t\t\t<div class=\"elementor-column elementor-col-100 elementor-top-column elementor-element elementor-element-78487f9\" data-id=\"78487f9\" data-element_type=\"column\" data-e-type=\"column\">\n\t\t\t<div class=\"elementor-widget-wrap elementor-element-populated\">\n\t\t\t\t\t\t<div class=\"elementor-element elementor-element-841880c elementor-widget elementor-widget-text-editor\" data-id=\"841880c\" data-element_type=\"widget\" data-e-type=\"widget\" data-widget_type=\"text-editor.default\">\n\t\t\t\t<div class=\"elementor-widget-container\">\n\t\t\t\t\t\t\t\t\t<div>\n<h2>Conferin\u021ba: Fa\u021ba ascuns\u0103 a violen\u021bei ziua interna\u0163ional\u0103 pentru eliminarea violen\u0163ei \u00eempotriva femeilor<\/h2>\n<p><strong>Conferin\u021ba: \u201e<\/strong><strong><em>Fa\u021ba ascuns\u0103 a violen\u021bei\u00a0<\/em><\/strong><strong>ziua interna<\/strong><strong>\u0163ional\u0103 pentru eliminarea violen\u0163ei \u00eempotriva femeilor\u201d<\/strong>\u00a0va avea loc luni, pe 28 noiembrie, 2022\u00a0<span lang=\"EN-GB\" xml:lang=\"EN-GB\" data-contrast=\"auto\"><span>\u00eencep\u00e2nd cu ora 12:00<br \/>the\u00a0<\/span><\/span><strong>Titu Maiorescu University\u00a0<\/strong>din Calea V\u0103c\u0103re\u0219ti nr.187<strong>,\u00a0<\/strong>Corp V, Etaj 3,\u00a0<strong><span lang=\"EN-GB\" xml:lang=\"EN-GB\" data-contrast=\"auto\"><span>in\u00a0<\/span><\/span><\/strong><strong>Sala Mediateca.\u00a0<\/strong><\/p>\n<p>&nbsp;<\/p>\n<p><strong><u>Moderator<\/u><\/strong><strong>:<\/strong><\/p>\n<p><strong>Prof.univ. dr.\u00a0<em>Nicolae Voiculescu<\/em>, Director CSUD, Universitatea Titu Maiorescu<\/strong><\/p>\n<p><strong><u>Speakeri<\/u><\/strong><strong>:<\/strong><\/p>\n<p><strong>Conf. univ. dr.\u00a0<em>Manuela T\u0103b\u0103ra\u0219<\/em>, Decan, Facultatea de Drept, Universitatea Titu Maiorescu<\/strong><\/p>\n<p><strong><em>Beatrice Berna<\/em><\/strong><strong>, \u0218ef Sector Formare Institutul Rom\u00e2n pentru Drepturile Omului<\/strong><\/p>\n<p><strong><em>Daniela Albu<\/em><\/strong><strong>, Redactor\/cercet\u0103tor, Institutul Rom\u00e2n pentru Drepturile Omului<\/strong><\/p>\n<p><strong><em>Carmen Neme\u0219<\/em><\/strong><strong>, Pre\u0219edinte Asocia\u021bia ANAIS<\/strong><\/p>\n<p><strong><em>Giulia Cri\u0219an<\/em><\/strong><strong>, Avocat, Asocia\u021bia ANAIS<\/strong><\/p>\n<p><strong><em>C\u0103lin Stanciu,<\/em><\/strong><strong>\u00a0Consilier superior, Direc\u021bia Prevenirea \u0219i Combaterea Violen\u021bei Domestice, Agen\u021bia Na\u021bional\u0103 pentru Egalitatea de \u0218anse \u00eentre Femei \u0219i B\u0103rba\u021bi<\/strong><\/p>\n<\/div>\n<p><img decoding=\"async\" src=\"\/wp-content\/uploads\/2026\/03\/AFIS-Conferinta-UTM-28.11._pages-to-jpg-0001.jpg\" \/><\/p> \t\t\t\t\t\t\t\t<\/div>\n\t\t\t\t<\/div>\n\t\t\t\t\t<\/div>\n\t\t<\/div>\n\t\t\t\t\t<\/div>\n\t\t<\/section>\n\t\t\t\t<section class=\"elementor-section elementor-top-section elementor-element elementor-element-fd895b7 elementor-section-boxed elementor-section-height-default elementor-section-height-default\" data-id=\"fd895b7\" data-element_type=\"section\" data-e-type=\"section\">\n\t\t\t\t\t\t<div class=\"elementor-container elementor-column-gap-default\">\n\t\t\t\t\t<div class=\"elementor-column elementor-col-100 elementor-top-column elementor-element elementor-element-05b3fa5\" data-id=\"05b3fa5\" data-element_type=\"column\" data-e-type=\"column\">\n\t\t\t<div class=\"elementor-widget-wrap elementor-element-populated\">\n\t\t\t\t\t\t<div class=\"elementor-element elementor-element-d854764 elementor-widget elementor-widget-spacer\" data-id=\"d854764\" data-element_type=\"widget\" data-e-type=\"widget\" data-widget_type=\"spacer.default\">\n\t\t\t\t<div class=\"elementor-widget-container\">\n\t\t\t\t\t\t\t<div class=\"elementor-spacer\">\n\t\t\t<div class=\"elementor-spacer-inner\"><\/div>\n\t\t<\/div>\n\t\t\t\t\t\t<\/div>\n\t\t\t\t<\/div>\n\t\t\t\t\t<\/div>\n\t\t<\/div>\n\t\t\t\t\t<\/div>\n\t\t<\/section>\n\t\t\t\t<\/div>","protected":false},"excerpt":{"rendered":"<p>CEDROM Conferin\u021ba: Fa\u021ba ascuns\u0103 a violen\u021bei ziua interna\u0163ional\u0103 pentru eliminarea violen\u0163ei \u00eempotriva femeilor Conferin\u021ba: \u201eFa\u021ba ascuns\u0103 a violen\u021bei\u00a0ziua interna\u0163ional\u0103 pentru eliminarea violen\u0163ei \u00eempotriva femeilor\u201d\u00a0va avea loc luni, pe 28 noiembrie, 2022\u00a0\u00eencep\u00e2nd cu ora 12:00la\u00a0Universitatea Titu Maiorescu\u00a0din Calea V\u0103c\u0103re\u0219ti nr.187,\u00a0Corp V, Etaj 3,\u00a0\u00een\u00a0Sala Mediateca.\u00a0 &nbsp; Moderator: Prof.univ. dr.\u00a0Nicolae Voiculescu, Director CSUD, Universitatea Titu Maiorescu Speakeri: Conf.univ.dr.\u00a0Manuela&#8230;<\/p>","protected":false},"author":1,"featured_media":0,"parent":28550,"menu_order":0,"comment_status":"closed","ping_status":"closed","template":"","meta":{"footnotes":""},"class_list":["post-28576","page","type-page","status-publish","hentry"],"_links":{"self":[{"href":"https:\/\/site.utm.ro\/en\/wp-json\/wp\/v2\/pages\/28576","targetHints":{"allow":["GET"]}}],"collection":[{"href":"https:\/\/site.utm.ro\/en\/wp-json\/wp\/v2\/pages"}],"about":[{"href":"https:\/\/site.utm.ro\/en\/wp-json\/wp\/v2\/types\/page"}],"author":[{"embeddable":true,"href":"https:\/\/site.utm.ro\/en\/wp-json\/wp\/v2\/users\/1"}],"replies":[{"embeddable":true,"href":"https:\/\/site.utm.ro\/en\/wp-json\/wp\/v2\/comments?post=28576"}],"version-history":[{"count":0,"href":"https:\/\/site.utm.ro\/en\/wp-json\/wp\/v2\/pages\/28576\/revisions"}],"up":[{"embeddable":true,"href":"https:\/\/site.utm.ro\/en\/wp-json\/wp\/v2\/pages\/28550"}],"wp:attachment":[{"href":"https:\/\/site.utm.ro\/en\/wp-json\/wp\/v2\/media?parent=28576"}],"curies":[{"name":"wp","href":"https:\/\/api.w.org\/{rel}","templated":true}]}}