{"id":28550,"date":"2026-03-03T15:01:39","date_gmt":"2026-03-03T15:01:39","guid":{"rendered":"https:\/\/site.utm.ro\/?page_id=28550"},"modified":"2026-03-03T17:37:05","modified_gmt":"2026-03-03T17:37:05","slug":"cedrom","status":"publish","type":"page","link":"https:\/\/site.utm.ro\/en\/cercetare\/cedrom\/","title":{"rendered":"CEDROM"},"content":{"rendered":"<div data-elementor-type=\"wp-page\" data-elementor-id=\"28550\" class=\"elementor elementor-28550\" data-elementor-post-type=\"page\">\n\t\t\t\t\t\t<section class=\"elementor-section elementor-top-section elementor-element elementor-element-b37bfb6 elementor-section-height-min-height elementor-section-full_width elementor-section-height-default elementor-section-items-middle\" data-id=\"b37bfb6\" data-element_type=\"section\" data-e-type=\"section\" data-settings=\"{&quot;background_background&quot;:&quot;classic&quot;}\">\n\t\t\t\t\t\t\t<div class=\"elementor-background-overlay\"><\/div>\n\t\t\t\t\t\t\t<div class=\"elementor-container elementor-column-gap-default\">\n\t\t\t\t\t<div class=\"elementor-column elementor-col-100 elementor-top-column elementor-element elementor-element-ff3fcd2\" data-id=\"ff3fcd2\" data-element_type=\"column\" data-e-type=\"column\" data-settings=\"{&quot;background_background&quot;:&quot;classic&quot;}\">\n\t\t\t<div class=\"elementor-widget-wrap\">\n\t\t\t\t\t\t\t<\/div>\n\t\t<\/div>\n\t\t\t\t\t<\/div>\n\t\t<\/section>\n\t\t\t\t<section class=\"elementor-section elementor-top-section elementor-element elementor-element-e644bcc elementor-section-boxed elementor-section-height-default elementor-section-height-default\" data-id=\"e644bcc\" data-element_type=\"section\" data-e-type=\"section\">\n\t\t\t\t\t\t<div class=\"elementor-container elementor-column-gap-no\">\n\t\t\t\t\t<div class=\"elementor-column elementor-col-50 elementor-top-column elementor-element elementor-element-364b315 animated-fast elementor-invisible\" data-id=\"364b315\" data-element_type=\"column\" data-e-type=\"column\" data-settings=\"{&quot;background_background&quot;:&quot;classic&quot;,&quot;animation&quot;:&quot;fadeIn&quot;,&quot;animation_tablet&quot;:&quot;none&quot;,&quot;animation_mobile&quot;:&quot;none&quot;,&quot;animation_delay&quot;:100}\">\n\t\t\t<div class=\"elementor-widget-wrap elementor-element-populated\">\n\t\t\t\t\t\t<div class=\"elementor-element elementor-element-6ae1957 elementor-widget elementor-widget-heading\" data-id=\"6ae1957\" data-element_type=\"widget\" data-e-type=\"widget\" data-widget_type=\"heading.default\">\n\t\t\t\t<div class=\"elementor-widget-container\">\n\t\t\t\t\t<h1 class=\"elementor-heading-title elementor-size-default\">CEDROM<\/h1>\t\t\t\t<\/div>\n\t\t\t\t<\/div>\n\t\t\t\t\t<\/div>\n\t\t<\/div>\n\t\t\t\t<div class=\"elementor-column elementor-col-50 elementor-top-column elementor-element elementor-element-e8319ff elementor-hidden-desktop elementor-hidden-tablet elementor-hidden-phone\" data-id=\"e8319ff\" data-element_type=\"column\" data-e-type=\"column\">\n\t\t\t<div class=\"elementor-widget-wrap\">\n\t\t\t\t\t\t\t<\/div>\n\t\t<\/div>\n\t\t\t\t\t<\/div>\n\t\t<\/section>\n\t\t\t\t<section class=\"elementor-section elementor-top-section elementor-element elementor-element-2111918 elementor-section-boxed elementor-section-height-default elementor-section-height-default\" data-id=\"2111918\" data-element_type=\"section\" data-e-type=\"section\">\n\t\t\t\t\t\t<div class=\"elementor-container elementor-column-gap-default\">\n\t\t\t\t\t<div class=\"elementor-column elementor-col-100 elementor-top-column elementor-element elementor-element-943ac48\" data-id=\"943ac48\" data-element_type=\"column\" data-e-type=\"column\" data-settings=\"{&quot;background_background&quot;:&quot;classic&quot;}\">\n\t\t\t<div class=\"elementor-widget-wrap elementor-element-populated\">\n\t\t\t\t\t\t<div class=\"elementor-element elementor-element-4932e17  custom-inpage-menu elementor-nav-menu__align-start elementor-nav-menu--dropdown-none vamtam-has-mobile-disable-scroll elementor-widget elementor-widget-nav-menu\" data-id=\"4932e17\" data-element_type=\"widget\" data-e-type=\"widget\" data-settings=\"{&quot;layout&quot;:&quot;horizontal&quot;,&quot;submenu_icon&quot;:{&quot;value&quot;:&quot;&lt;i class=\\&quot;fas fa-caret-down\\&quot; aria-hidden=\\&quot;true\\&quot;&gt;&lt;\\\/i&gt;&quot;,&quot;library&quot;:&quot;fa-solid&quot;},&quot;toggle_icon_active&quot;:{&quot;value&quot;:&quot;&quot;,&quot;library&quot;:&quot;&quot;}}\" data-widget_type=\"nav-menu.default\">\n\t\t\t\t<div class=\"elementor-widget-container\">\n\t\t\t\t\t\t\t\t<nav aria-label=\"Menu\" class=\"elementor-nav-menu--main elementor-nav-menu__container elementor-nav-menu--layout-horizontal e--pointer-underline e--animation-fade\">\n\t\t\t\t<ul id=\"menu-1-4932e17\" class=\"elementor-nav-menu\"><li class=\"menu-item menu-item-type-post_type menu-item-object-page menu-item-28552\"><a href=\"https:\/\/site.utm.ro\/en\/cercetare\/cedrom\/\" class=\"elementor-item\">Despre CEDROM<\/a><\/li>\n<li class=\"menu-item menu-item-type-post_type menu-item-object-page menu-item-28578\"><a href=\"https:\/\/site.utm.ro\/en\/cercetare\/cedrom\/conferinte-2\/\" class=\"elementor-item\">Conferences<\/a><\/li>\n<li class=\"menu-item menu-item-type-post_type menu-item-object-page menu-item-28587\"><a href=\"https:\/\/site.utm.ro\/en\/cercetare\/cedrom\/editoriale\/\" class=\"elementor-item\">Editoriale<\/a><\/li>\n<li class=\"menu-item menu-item-type-post_type menu-item-object-page menu-item-28604\"><a href=\"https:\/\/site.utm.ro\/en\/cercetare\/cedrom\/noutati\/\" class=\"elementor-item\">News<\/a><\/li>\n<li class=\"menu-item menu-item-type-post_type menu-item-object-page menu-item-28619\"><a href=\"https:\/\/site.utm.ro\/en\/cercetare\/cedrom\/ajutor-abuz\/\" class=\"elementor-item\">Ajutor! Abuz!<\/a><\/li>\n<li class=\"menu-item menu-item-type-post_type menu-item-object-page menu-item-28628\"><a href=\"https:\/\/site.utm.ro\/en\/cercetare\/cedrom\/contact-cedrom\/\" class=\"elementor-item\">Contact CEDROM<\/a><\/li>\n<\/ul>\t\t\t<\/nav>\n\t\t\t\t\t\t<nav class=\"elementor-nav-menu--dropdown elementor-nav-menu__container\" aria-hidden=\"true\">\n\t\t\t\t<ul id=\"menu-2-4932e17\" class=\"elementor-nav-menu\"><li class=\"menu-item menu-item-type-post_type menu-item-object-page menu-item-28552\"><a href=\"https:\/\/site.utm.ro\/en\/cercetare\/cedrom\/\" class=\"elementor-item\" tabindex=\"-1\">Despre CEDROM<\/a><\/li>\n<li class=\"menu-item menu-item-type-post_type menu-item-object-page menu-item-28578\"><a href=\"https:\/\/site.utm.ro\/en\/cercetare\/cedrom\/conferinte-2\/\" class=\"elementor-item\" tabindex=\"-1\">Conferences<\/a><\/li>\n<li class=\"menu-item menu-item-type-post_type menu-item-object-page menu-item-28587\"><a href=\"https:\/\/site.utm.ro\/en\/cercetare\/cedrom\/editoriale\/\" class=\"elementor-item\" tabindex=\"-1\">Editoriale<\/a><\/li>\n<li class=\"menu-item menu-item-type-post_type menu-item-object-page menu-item-28604\"><a href=\"https:\/\/site.utm.ro\/en\/cercetare\/cedrom\/noutati\/\" class=\"elementor-item\" tabindex=\"-1\">News<\/a><\/li>\n<li class=\"menu-item menu-item-type-post_type menu-item-object-page menu-item-28619\"><a href=\"https:\/\/site.utm.ro\/en\/cercetare\/cedrom\/ajutor-abuz\/\" class=\"elementor-item\" tabindex=\"-1\">Ajutor! Abuz!<\/a><\/li>\n<li class=\"menu-item menu-item-type-post_type menu-item-object-page menu-item-28628\"><a href=\"https:\/\/site.utm.ro\/en\/cercetare\/cedrom\/contact-cedrom\/\" class=\"elementor-item\" tabindex=\"-1\">Contact CEDROM<\/a><\/li>\n<\/ul>\t\t\t<\/nav>\n\t\t\t\t\t\t<\/div>\n\t\t\t\t<\/div>\n\t\t\t\t\t<\/div>\n\t\t<\/div>\n\t\t\t\t\t<\/div>\n\t\t<\/section>\n\t\t\t\t<section class=\"elementor-section elementor-top-section elementor-element elementor-element-27b04bf elementor-section-boxed elementor-section-height-default elementor-section-height-default\" data-id=\"27b04bf\" data-element_type=\"section\" data-e-type=\"section\">\n\t\t\t\t\t\t<div class=\"elementor-container elementor-column-gap-default\">\n\t\t\t\t\t<div class=\"elementor-column elementor-col-100 elementor-top-column elementor-element elementor-element-78487f9\" data-id=\"78487f9\" data-element_type=\"column\" data-e-type=\"column\">\n\t\t\t<div class=\"elementor-widget-wrap elementor-element-populated\">\n\t\t\t\t\t\t<div class=\"elementor-element elementor-element-841880c elementor-widget elementor-widget-text-editor\" data-id=\"841880c\" data-element_type=\"widget\" data-e-type=\"widget\" data-widget_type=\"text-editor.default\">\n\t\t\t\t<div class=\"elementor-widget-container\">\n\t\t\t\t\t\t\t\t\t<h3 style=\"text-align: center;\"><img fetchpriority=\"high\" decoding=\"async\" src=\"\/wp-content\/uploads\/2026\/03\/CEDROM_Logo_V1.png\" alt=\"\" width=\"676\" height=\"120\" \/><\/h3>\n<h3>CENTRUL PENTRU DREPTURILE OMULUI (CEDROM)<\/h3>\n<p>Centrul Pentru Drepturile Omului (CEDROM) este un proiect informal comun al Universit\u0103\u021bii Titu Maiorescu \u00een parteneriat cu institu\u021bii \u0219i organiza\u021bii de profil (IRDO, Juridice.ro, Editura Universul Juridic, CNCD, ANES, Salva\u021bi copiii) ce-\u0219i propune organizarea de conferin\u021be tematice tradi\u021bionale \u0219i online, precum \u0219i grupuri de reflexie cu scopul de a disemina c\u00e2t mai larg informa\u021biile privind standardele interna\u021bionale, precum \u0219i dispozi\u021biile normative interne \u00een problematica drepturilor omului. CEDROM abordeaz\u0103 aspecte de stringent\u0103 actualitate ce confrunt\u0103 societatea rom\u00e2neasc\u0103 \u0219i interna\u021bional\u0103, promov\u00e2nd, totodat\u0103, o leg\u0103tur\u0103 mai str\u00e2ns\u0103 \u00eentre mediul academic \u0219i institu\u021biile guvernamentale \u0219i neguvernamentale cu atribu\u021bii \u00een materie. Totodat\u0103, faciliteaz\u0103 accesul c\u00e2t mai larg la legisla\u021bia \u0219i jurispruden\u021ba interna\u021bional\u0103 \u00een materia drepturilor omului \u0219i expliciteaz\u0103 \u0219i clarific\u0103 abord\u0103rile acestora.<\/p>\n<p>\u00a0<\/p>\n<h4>\u00a0<\/h4>\n<p style=\"text-align: center;\"><strong>Pre\u0219edinte<\/strong><\/p>\n<p style=\"text-align: center;\"><strong>Prof. univ. dr. Nicolae VOICULESCU<\/strong><\/p>\n<p style=\"text-align: center;\"><strong>Director Executiv<\/strong><\/p>\n<p style=\"text-align: center;\"><strong>Lect. univ. dr. Maria-Beatrice Berna<\/strong><\/p>\t\t\t\t\t\t\t\t<\/div>\n\t\t\t\t<\/div>\n\t\t\t\t\t<\/div>\n\t\t<\/div>\n\t\t\t\t\t<\/div>\n\t\t<\/section>\n\t\t\t\t<section class=\"elementor-section elementor-top-section elementor-element elementor-element-e3ffc32 elementor-section-boxed elementor-section-height-default elementor-section-height-default\" data-id=\"e3ffc32\" data-element_type=\"section\" data-e-type=\"section\">\n\t\t\t\t\t\t<div class=\"elementor-container elementor-column-gap-default\">\n\t\t\t\t\t<div class=\"elementor-column elementor-col-100 elementor-top-column elementor-element elementor-element-4efff86\" data-id=\"4efff86\" data-element_type=\"column\" data-e-type=\"column\">\n\t\t\t<div class=\"elementor-widget-wrap elementor-element-populated\">\n\t\t\t\t\t\t<div class=\"elementor-element elementor-element-5ab79d4 elementor-widget elementor-widget-heading\" data-id=\"5ab79d4\" data-element_type=\"widget\" data-e-type=\"widget\" data-widget_type=\"heading.default\">\n\t\t\t\t<div class=\"elementor-widget-container\">\n\t\t\t\t\t<h3 class=\"elementor-heading-title elementor-size-default\">Parteneri<\/h3>\t\t\t\t<\/div>\n\t\t\t\t<\/div>\n\t\t\t\t<div class=\"elementor-element elementor-element-1d7cb6d elementor-widget elementor-widget-text-editor\" data-id=\"1d7cb6d\" data-element_type=\"widget\" data-e-type=\"widget\" data-widget_type=\"text-editor.default\">\n\t\t\t\t<div class=\"elementor-widget-container\">\n\t\t\t\t\t\t\t\t\t<div style=\"display: grid; grid-template-columns: repeat(3, 1fr); gap: 20px; padding: 20px;\">\n    <div style=\"text-align: center;\">\n        <a href=\"https:\/\/titulescu.eu\/\" target=\"_blank\" rel=\"noopener\">\n            <img decoding=\"async\" src=\"\/wp-content\/uploads\/2026\/03\/Logo-Text-Diacr-2.png\" alt=\"Logo-Text-Diacr-2\" style=\"max-width: 100%; height: auto;\" \/>\n        <\/a>\n    <\/div>\n    <div style=\"text-align: center;\">\n        <a href=\"https:\/\/cncd.ro\/\" target=\"_self\" rel=\"noopener\">\n            <img decoding=\"async\" src=\"\/wp-content\/uploads\/2026\/03\/logo-consiliul-national-pentru-combaterea-discriminarii.png\" alt=\"logo consiliul national pentru combaterea discriminarii\" style=\"max-width: 100%; height: auto;\" \/>\n        <\/a>\n    <\/div>\n    <div style=\"text-align: center;\">\n        <a href=\"http:\/\/www.irdo.ro\/\" target=\"_self\" rel=\"noopener\">\n            <img decoding=\"async\" src=\"\/wp-content\/uploads\/2026\/03\/IRDO-logo.png\" alt=\"IRDO logo\" style=\"max-width: 100%; height: auto;\" \/>\n        <\/a>\n    <\/div>\n    <div style=\"text-align: center;\">\n        <a href=\"http:\/\/www.editurauniversuljuridic.ro\/\" target=\"_self\" rel=\"noopener\">\n            <img decoding=\"async\" src=\"\/wp-content\/uploads\/2026\/03\/STATUIA-uj-cu-scris-nou.png\" alt=\"STATUIA uj cu scris nou\" style=\"max-width: 100%; height: auto;\" \/>\n        <\/a>\n    <\/div>\n    <div style=\"text-align: center;\">\n        <a href=\"https:\/\/www.juridice.ro\/\" target=\"_self\" rel=\"noopener\">\n            <img decoding=\"async\" src=\"\/wp-content\/uploads\/2026\/03\/JURIDICE.ro_-1024x3631-1.jpg\" alt=\"JURIDICE.ro\" style=\"max-width: 100%; height: auto;\" \/>\n        <\/a>\n    <\/div>\n    <div style=\"text-align: center;\">\n        <a href=\"https:\/\/www.universuljuridic.ro\/\" target=\"_self\" rel=\"noopener\">\n            <img decoding=\"async\" src=\"\/wp-content\/uploads\/2026\/03\/Logo-Portal-Universul-Juridic-lung-fara-fundal.png\" alt=\"Logo-Portal-Universul-Juridic-lung-fara-fundal\" style=\"max-width: 100%; height: auto;\" \/>\n        <\/a>\n    <\/div>\n    <div style=\"text-align: center;\">\n        <a href=\"https:\/\/www.salvaticopiii.ro\/\" target=\"_self\" rel=\"noopener\">\n            <img decoding=\"async\" src=\"\/wp-content\/uploads\/2026\/03\/Salvati-copii-logo.png\" alt=\"Salvati-copii-logo\" style=\"max-width: 100%; height: auto;\" \/>\n        <\/a>\n    <\/div>\n    <div style=\"text-align: center;\">\n        <a href=\"https:\/\/www.facebook.com\/ELSABucharest\" target=\"_self\" rel=\"noopener\">\n            <img decoding=\"async\" src=\"\/wp-content\/uploads\/2026\/03\/Sigla-albastra-RGB-1.png\" alt=\"Sigla albastra RGB\" style=\"max-width: 100%; height: auto;\" \/>\n        <\/a>\n    <\/div>\n    <div style=\"text-align: center;\">\n        <a href=\"https:\/\/infocons.ro\/\" target=\"_self\" rel=\"noopener\">\n            <img decoding=\"async\" src=\"\/wp-content\/uploads\/2026\/03\/thumbnail_1629882741274blob.png\" alt=\"thumbnail_1629882741274blob\" style=\"max-width: 100%; height: auto;\" \/>\n        <\/a>\n    <\/div>\n    <div style=\"text-align: center;\">\n        <a href=\"https:\/\/asociatia-anais.ro\/\" target=\"_self\" rel=\"noopener\">\n            <img decoding=\"async\" src=\"\/wp-content\/uploads\/2026\/03\/Anais-Logo-Site.png\" alt=\"Anais-Logo-Site\" style=\"max-width: 100%; height: auto;\" \/>\n        <\/a>\n    <\/div>\n    <div style=\"text-align: center;\">\n        <a href=\"https:\/\/romania.iom.int\/\" target=\"_self\" rel=\"noopener\">\n            <img decoding=\"async\" src=\"\/wp-content\/uploads\/2026\/03\/logo.JPEG.jpg\" alt=\"logo.JPEG\" style=\"max-width: 100%; height: auto;\" \/>\n        <\/a>\n    <\/div>\n    <div style=\"text-align: center;\">\n        <a href=\"https:\/\/unzpr.ro\/\" target=\"_self\" rel=\"noopener\">\n            <img decoding=\"async\" src=\"\/wp-content\/uploads\/2026\/03\/UNZPR.png\" alt=\"UNZPR\" style=\"max-width: 100%; height: auto;\" \/>\n        <\/a>\n    <\/div>\n<\/div>\n\t\t\t\t\t\t\t\t<\/div>\n\t\t\t\t<\/div>\n\t\t\t\t\t<\/div>\n\t\t<\/div>\n\t\t\t\t\t<\/div>\n\t\t<\/section>\n\t\t\t\t<section class=\"elementor-section elementor-top-section elementor-element elementor-element-fd895b7 elementor-section-boxed elementor-section-height-default elementor-section-height-default\" data-id=\"fd895b7\" data-element_type=\"section\" data-e-type=\"section\">\n\t\t\t\t\t\t<div class=\"elementor-container elementor-column-gap-default\">\n\t\t\t\t\t<div class=\"elementor-column elementor-col-100 elementor-top-column elementor-element elementor-element-05b3fa5\" data-id=\"05b3fa5\" data-element_type=\"column\" data-e-type=\"column\">\n\t\t\t<div class=\"elementor-widget-wrap elementor-element-populated\">\n\t\t\t\t\t\t<div class=\"elementor-element elementor-element-d854764 elementor-widget elementor-widget-spacer\" data-id=\"d854764\" data-element_type=\"widget\" data-e-type=\"widget\" data-widget_type=\"spacer.default\">\n\t\t\t\t<div class=\"elementor-widget-container\">\n\t\t\t\t\t\t\t<div class=\"elementor-spacer\">\n\t\t\t<div class=\"elementor-spacer-inner\"><\/div>\n\t\t<\/div>\n\t\t\t\t\t\t<\/div>\n\t\t\t\t<\/div>\n\t\t\t\t\t<\/div>\n\t\t<\/div>\n\t\t\t\t\t<\/div>\n\t\t<\/section>\n\t\t\t\t<\/div>","protected":false},"excerpt":{"rendered":"<p>CEDROM CENTRUL PENTRU DREPTURILE OMULUI (CEDROM) Centrul Pentru Drepturile Omului (CEDROM) este un proiect informal comun al Universit\u0103\u021bii Titu Maiorescu \u00een parteneriat cu institu\u021bii \u0219i organiza\u021bii de profil (IRDO, Juridice.ro, Editura Universul Juridic, CNCD, ANES, Salva\u021bi copiii) ce-\u0219i propune organizarea de conferin\u021be tematice tradi\u021bionale \u0219i online, precum \u0219i grupuri de reflexie cu scopul de a&#8230;<\/p>","protected":false},"author":1,"featured_media":0,"parent":24374,"menu_order":0,"comment_status":"closed","ping_status":"closed","template":"","meta":{"footnotes":""},"class_list":["post-28550","page","type-page","status-publish","hentry"],"_links":{"self":[{"href":"https:\/\/site.utm.ro\/en\/wp-json\/wp\/v2\/pages\/28550","targetHints":{"allow":["GET"]}}],"collection":[{"href":"https:\/\/site.utm.ro\/en\/wp-json\/wp\/v2\/pages"}],"about":[{"href":"https:\/\/site.utm.ro\/en\/wp-json\/wp\/v2\/types\/page"}],"author":[{"embeddable":true,"href":"https:\/\/site.utm.ro\/en\/wp-json\/wp\/v2\/users\/1"}],"replies":[{"embeddable":true,"href":"https:\/\/site.utm.ro\/en\/wp-json\/wp\/v2\/comments?post=28550"}],"version-history":[{"count":0,"href":"https:\/\/site.utm.ro\/en\/wp-json\/wp\/v2\/pages\/28550\/revisions"}],"up":[{"embeddable":true,"href":"https:\/\/site.utm.ro\/en\/wp-json\/wp\/v2\/pages\/24374"}],"wp:attachment":[{"href":"https:\/\/site.utm.ro\/en\/wp-json\/wp\/v2\/media?parent=28550"}],"curies":[{"name":"wp","href":"https:\/\/api.w.org\/{rel}","templated":true}]}}