{"id":28537,"date":"2026-03-03T14:50:15","date_gmt":"2026-03-03T14:50:15","guid":{"rendered":"https:\/\/site.utm.ro\/?page_id=28537"},"modified":"2026-03-03T14:54:43","modified_gmt":"2026-03-03T14:54:43","slug":"acte-de-studii","status":"publish","type":"page","link":"https:\/\/site.utm.ro\/en\/studenti\/acte-de-studii\/","title":{"rendered":"Study documents"},"content":{"rendered":"<div data-elementor-type=\"wp-page\" data-elementor-id=\"28537\" class=\"elementor elementor-28537\" data-elementor-post-type=\"page\">\n\t\t\t\t\t\t<section class=\"elementor-section elementor-top-section elementor-element elementor-element-9bfbf41 elementor-section-height-min-height elementor-section-full_width elementor-section-height-default elementor-section-items-middle\" data-id=\"9bfbf41\" data-element_type=\"section\" data-e-type=\"section\" data-settings=\"{&quot;background_background&quot;:&quot;classic&quot;}\">\n\t\t\t\t\t\t\t<div class=\"elementor-background-overlay\"><\/div>\n\t\t\t\t\t\t\t<div class=\"elementor-container elementor-column-gap-default\">\n\t\t\t\t\t<div class=\"elementor-column elementor-col-100 elementor-top-column elementor-element elementor-element-8de35de\" data-id=\"8de35de\" data-element_type=\"column\" data-e-type=\"column\" data-settings=\"{&quot;background_background&quot;:&quot;classic&quot;}\">\n\t\t\t<div class=\"elementor-widget-wrap\">\n\t\t\t\t\t\t\t<\/div>\n\t\t<\/div>\n\t\t\t\t\t<\/div>\n\t\t<\/section>\n\t\t\t\t<section class=\"elementor-section elementor-top-section elementor-element elementor-element-b0d679f elementor-section-boxed elementor-section-height-default elementor-section-height-default\" data-id=\"b0d679f\" data-element_type=\"section\" data-e-type=\"section\">\n\t\t\t\t\t\t<div class=\"elementor-container elementor-column-gap-no\">\n\t\t\t\t\t<div class=\"elementor-column elementor-col-50 elementor-top-column elementor-element elementor-element-7d37ee1 animated-fast elementor-invisible\" data-id=\"7d37ee1\" data-element_type=\"column\" data-e-type=\"column\" data-settings=\"{&quot;background_background&quot;:&quot;classic&quot;,&quot;animation&quot;:&quot;fadeIn&quot;,&quot;animation_tablet&quot;:&quot;none&quot;,&quot;animation_mobile&quot;:&quot;none&quot;,&quot;animation_delay&quot;:100}\">\n\t\t\t<div class=\"elementor-widget-wrap elementor-element-populated\">\n\t\t\t\t\t\t<div class=\"elementor-element elementor-element-d7e6623 elementor-widget elementor-widget-heading\" data-id=\"d7e6623\" data-element_type=\"widget\" data-e-type=\"widget\" data-widget_type=\"heading.default\">\n\t\t\t\t<div class=\"elementor-widget-container\">\n\t\t\t\t\t<h1 class=\"elementor-heading-title elementor-size-default\">Study documents<\/h1>\t\t\t\t<\/div>\n\t\t\t\t<\/div>\n\t\t\t\t\t<\/div>\n\t\t<\/div>\n\t\t\t\t<div class=\"elementor-column elementor-col-50 elementor-top-column elementor-element elementor-element-6f23bc9 elementor-hidden-desktop elementor-hidden-tablet elementor-hidden-phone\" data-id=\"6f23bc9\" data-element_type=\"column\" data-e-type=\"column\">\n\t\t\t<div class=\"elementor-widget-wrap\">\n\t\t\t\t\t\t\t<\/div>\n\t\t<\/div>\n\t\t\t\t\t<\/div>\n\t\t<\/section>\n\t\t\t\t<section class=\"elementor-section elementor-top-section elementor-element elementor-element-a3e15c4 elementor-section-boxed elementor-section-height-default elementor-section-height-default\" data-id=\"a3e15c4\" data-element_type=\"section\" data-e-type=\"section\">\n\t\t\t\t\t\t<div class=\"elementor-container elementor-column-gap-default\">\n\t\t\t\t\t<div class=\"elementor-column elementor-col-100 elementor-top-column elementor-element elementor-element-1dc49ae\" data-id=\"1dc49ae\" data-element_type=\"column\" data-e-type=\"column\">\n\t\t\t<div class=\"elementor-widget-wrap elementor-element-populated\">\n\t\t\t\t\t\t<div class=\"elementor-element elementor-element-6b7568a elementor-widget elementor-widget-text-editor\" data-id=\"6b7568a\" data-element_type=\"widget\" data-e-type=\"widget\" data-widget_type=\"text-editor.default\">\n\t\t\t\t<div class=\"elementor-widget-container\">\n\t\t\t\t\t\t\t\t\t<div>\n<div>\n<div><strong>Office Manager<\/strong>&nbsp;Mariana Toader<\/div>\n<div><strong>E-mail:<\/strong>&nbsp;<a href=\"mailto:actestudii@univ.utm.ro\">actestudii@univ.utm.ro<\/a><br><strong>Phone:<\/strong>&nbsp;021 3161646<\/div>\n<div>&nbsp;<\/div>\n<hr>\n<div>&nbsp;<\/div>\n<p><b><span lang=\"EN-US\">Program\u0103ri \u2013 eliberare acte de studii:<\/span><\/b><\/p>\n<p><a href=\"https:\/\/outlook.office365.com\/owa\/calendar\/UNIVERSITATEATITUMAIORESCUBiroulActeStudii@titumaiorescu.onmicrosoft.com\/bookings\/\" target=\"_blank\" rel=\"noopener\">Programeaz\u0103-te<\/a><\/p>\n<\/div>\n<\/div>\n<div>&nbsp;<\/div>\n<div>\n<div>\n<ul>\n<li><span lang=\"EN-US\">Program eliber\u0103ri diplome:&nbsp;luni&nbsp;<\/span>\u2013&nbsp;<span lang=\"EN-US\">Friday, 11:00 AM \u2013 3:00 PM and Wednesday 9:00 AM - 1:00 PM;<\/span><\/li>\n<li><span lang=\"EN-US\">Appointments for the release of study documents are made exclusively through the dedicated portal, 12 months after passing the bachelor's\/master's thesis exam; individually for each person and each diploma;<\/span><\/li>\n<li><span lang=\"EN-US\">Respectarea orei programate este obligatorie pentru a fi evitat\u0103 reprogramarea absolventului.<\/span><\/li>\n<li><span lang=\"EN-US\">Pentru eliberarea actelor de studii \u00een regim de urgen\u021b\u0103 se achit\u0103 taxa conform Regulamentului privind Nomenclatorul de taxe \u0219i se transmite solicitarea<br>pe e-mail&nbsp;<a href=\"mailto:actestudii@univ.utm.ro\" target=\"_blank\" rel=\"noopener noreferrer\" data-auth=\"NotApplicable\" data-safelink=\"true\" data-linkindex=\"2\">actestudii@univ.utm.ro<\/a><\/span><\/li>\n<li><span lang=\"EN-US\">Pentru \u00eentocmirea \u0219i eliberarea unei adeverin\u021be de conformitate, sunt necesare urm\u0103toarele: fotocopie a suplimentului la diplom\u0103 (sau a foii matricole), fotocopie a diplomei de licen\u021b\u0103 (sau master), o&nbsp;<a href=\"\/wp-content\/uploads\/2026\/03\/cerere-adev.-Anul-Universitar-2025-2026-confirmare.docx\">Certificate Request&nbsp;<\/a>or&nbsp;<a href=\"\/wp-content\/uploads\/2026\/03\/cerere-diverse-Anul-universitar-2025-2026.docx\">Various types of requests<\/a>&nbsp;\u0219i taxa aferent\u0103.<\/span><\/li>\n<li><span lang=\"EN-US\">For additional information, the Admissions Office can be contacted at the following email address&nbsp;<a href=\"mailto:actestudii@univ.utm.ro\" target=\"_blank\" rel=\"noopener noreferrer\" data-auth=\"NotApplicable\" data-safelink=\"true\" data-linkindex=\"5\">actestudii@univ.utm.ro<\/a>&nbsp;<\/span><\/li>\n<\/ul>\n<\/div>\n<\/div>\n<div>\n<div>\n<p><strong>Absolven\u021bii promo\u021biei 2024 &nbsp;(anun\u021bul este valabil &nbsp;pentru toate Facult\u0103\u021bile, formele de \u00eenv\u0103\u021b\u0103m\u00e2nt IF \u0219i ID)<\/strong><\/p>\n<p><strong>&nbsp;<\/strong><\/p>\n<ul>\n<li><strong>Sesiunea februarie 2024<\/strong>,&nbsp;<strong>iunie \u2013 iulie 2024<\/strong>, &nbsp;studii universitare de: &nbsp;licen\u021b\u0103 \/ masterat \/ licent\u0103 \u0219i masterat \/ an preg\u0103titor \/ departamentul de preg\u0103tire a personalului didactic, sunt ruga\u021bi sa se porgramaze \u00een Portal \/ Biroul Acte de Studii;<\/li>\n<li><strong>Absolven\u021bii Facult\u0103\u021bii de Drept \u2013 programele de masterat sunt ruga\u021bi sa aduc\u0103 copie fa\u021ba -verso a Diplomei de licen\u021b\u0103 (&nbsp;<\/strong>anun\u021bul este pentru absolven\u021bii care nu au depus<strong>)<\/strong><\/li>\n<\/ul>\n<p>&nbsp;<\/p>\n<p><strong>&nbsp;Anun\u021b&nbsp;<\/strong>postat&nbsp; \u00een data de 13.06.2025<\/p>\n<p>&nbsp;<\/p>\n<ul>\n<li><strong>Sesiunea septembrie 2024<\/strong>, studii universitare de: &nbsp;licen\u021b\u0103 \/ masterat \/ licent\u0103 \u0219i masterat \/ an preg\u0103titor \/ departamentul de pregatire a personalului didactic; sunt rugati sa se porgramaze in Portal \/ Biroul Acte de Studii &nbsp;\u00eencepand cu data de 20.08.2025.<\/li>\n<li><strong>Absolventii Facultatii de Drept \u2013 programele de masterat sunt rugati sa aduc\u0103 copie fa\u021ba -verso a Diplomei de licen\u021b\u0103 (&nbsp;<\/strong>anun\u021bul este pentru absolven\u021bii care nu au depus<strong>)<\/strong><\/li>\n<\/ul>\n<p>&nbsp;<\/p>\n<p><strong>&nbsp;Anun\u021b&nbsp;<\/strong>postat&nbsp; \u00een data de 13.06.2025<\/p>\n<p>&nbsp;<\/p>\n<p><strong><u>Actele de studii se elibereaz\u0103 personal sau catre o alt\u0103 persoan\u0103 \u00eemputerncit\u0103 cu Procura la Notariat \u00een original ( daca este efectuat\u0103 in Rom\u00e2nia) sau Procura la Ambasada \/ Consulat \u00een original ( daca este efectuata in str\u0103in\u0103tate)<\/u><\/strong><\/p>\n<\/div>\n<\/div>\t\t\t\t\t\t\t\t<\/div>\n\t\t\t\t<\/div>\n\t\t\t\t\t<\/div>\n\t\t<\/div>\n\t\t\t\t\t<\/div>\n\t\t<\/section>\n\t\t\t\t<section class=\"elementor-section elementor-top-section elementor-element elementor-element-57bdfdf elementor-section-boxed elementor-section-height-default elementor-section-height-default\" data-id=\"57bdfdf\" data-element_type=\"section\" data-e-type=\"section\">\n\t\t\t\t\t\t<div class=\"elementor-container elementor-column-gap-default\">\n\t\t\t\t\t<div class=\"elementor-column elementor-col-100 elementor-top-column elementor-element elementor-element-ddc33fa\" data-id=\"ddc33fa\" data-element_type=\"column\" data-e-type=\"column\">\n\t\t\t<div class=\"elementor-widget-wrap elementor-element-populated\">\n\t\t\t\t\t\t<div class=\"elementor-element elementor-element-2e0dc6a elementor-widget elementor-widget-spacer\" data-id=\"2e0dc6a\" data-element_type=\"widget\" data-e-type=\"widget\" data-widget_type=\"spacer.default\">\n\t\t\t\t<div class=\"elementor-widget-container\">\n\t\t\t\t\t\t\t<div class=\"elementor-spacer\">\n\t\t\t<div class=\"elementor-spacer-inner\"><\/div>\n\t\t<\/div>\n\t\t\t\t\t\t<\/div>\n\t\t\t\t<\/div>\n\t\t\t\t\t<\/div>\n\t\t<\/div>\n\t\t\t\t\t<\/div>\n\t\t<\/section>\n\t\t\t\t<\/div>","protected":false},"excerpt":{"rendered":"<p>Acte de studii \u015eef birou:&nbsp;Mariana Toader E-mail:&nbsp;actestudii@univ.utm.roTelefon:&nbsp;021 3161646 &nbsp; &nbsp; Program\u0103ri \u2013 eliberare acte de studii: Programeaz\u0103-te &nbsp; Program eliber\u0103ri diplome:&nbsp;luni&nbsp;\u2013&nbsp;joi, orele 11:00 \u2013 15:00 \u0219i miercuri 9:00 -13:00; Program\u0103rile pentru eliberarea actelor de studii se realizeaz\u0103 exclusiv prin portalul dedicat,dup\u0103 12 luni de la sus\u021binerea examenului de licen\u021b\u0103\/diserta\u021bie; individual pentru fiecare persoan\u0103 \u0219i fiecare&#8230;<\/p>","protected":false},"author":1,"featured_media":0,"parent":24376,"menu_order":0,"comment_status":"closed","ping_status":"closed","template":"","meta":{"footnotes":""},"class_list":["post-28537","page","type-page","status-publish","hentry"],"_links":{"self":[{"href":"https:\/\/site.utm.ro\/en\/wp-json\/wp\/v2\/pages\/28537","targetHints":{"allow":["GET"]}}],"collection":[{"href":"https:\/\/site.utm.ro\/en\/wp-json\/wp\/v2\/pages"}],"about":[{"href":"https:\/\/site.utm.ro\/en\/wp-json\/wp\/v2\/types\/page"}],"author":[{"embeddable":true,"href":"https:\/\/site.utm.ro\/en\/wp-json\/wp\/v2\/users\/1"}],"replies":[{"embeddable":true,"href":"https:\/\/site.utm.ro\/en\/wp-json\/wp\/v2\/comments?post=28537"}],"version-history":[{"count":0,"href":"https:\/\/site.utm.ro\/en\/wp-json\/wp\/v2\/pages\/28537\/revisions"}],"up":[{"embeddable":true,"href":"https:\/\/site.utm.ro\/en\/wp-json\/wp\/v2\/pages\/24376"}],"wp:attachment":[{"href":"https:\/\/site.utm.ro\/en\/wp-json\/wp\/v2\/media?parent=28537"}],"curies":[{"name":"wp","href":"https:\/\/api.w.org\/{rel}","templated":true}]}}