{"id":28522,"date":"2026-03-03T12:23:00","date_gmt":"2026-03-03T12:23:00","guid":{"rendered":"https:\/\/site.utm.ro\/?page_id=28522"},"modified":"2026-03-03T12:24:21","modified_gmt":"2026-03-03T12:24:21","slug":"research","status":"publish","type":"page","link":"https:\/\/site.utm.ro\/en\/studenti\/centrul-de-consiliere-si-orientare-in-cariera\/cercetare\/","title":{"rendered":"Research"},"content":{"rendered":"<div data-elementor-type=\"wp-page\" data-elementor-id=\"28522\" class=\"elementor elementor-28522\" data-elementor-post-type=\"page\">\n\t\t\t\t\t\t<section class=\"elementor-section elementor-top-section elementor-element elementor-element-b37bfb6 elementor-section-height-min-height elementor-section-full_width elementor-section-height-default elementor-section-items-middle\" data-id=\"b37bfb6\" data-element_type=\"section\" data-e-type=\"section\" data-settings=\"{&quot;background_background&quot;:&quot;classic&quot;}\">\n\t\t\t\t\t\t\t<div class=\"elementor-background-overlay\"><\/div>\n\t\t\t\t\t\t\t<div class=\"elementor-container elementor-column-gap-default\">\n\t\t\t\t\t<div class=\"elementor-column elementor-col-100 elementor-top-column elementor-element elementor-element-ff3fcd2\" data-id=\"ff3fcd2\" data-element_type=\"column\" data-e-type=\"column\" data-settings=\"{&quot;background_background&quot;:&quot;classic&quot;}\">\n\t\t\t<div class=\"elementor-widget-wrap\">\n\t\t\t\t\t\t\t<\/div>\n\t\t<\/div>\n\t\t\t\t\t<\/div>\n\t\t<\/section>\n\t\t\t\t<section class=\"elementor-section elementor-top-section elementor-element elementor-element-e644bcc elementor-section-boxed elementor-section-height-default elementor-section-height-default\" data-id=\"e644bcc\" data-element_type=\"section\" data-e-type=\"section\">\n\t\t\t\t\t\t<div class=\"elementor-container elementor-column-gap-no\">\n\t\t\t\t\t<div class=\"elementor-column elementor-col-50 elementor-top-column elementor-element elementor-element-364b315 animated-fast elementor-invisible\" data-id=\"364b315\" data-element_type=\"column\" data-e-type=\"column\" data-settings=\"{&quot;background_background&quot;:&quot;classic&quot;,&quot;animation&quot;:&quot;fadeIn&quot;,&quot;animation_tablet&quot;:&quot;none&quot;,&quot;animation_mobile&quot;:&quot;none&quot;,&quot;animation_delay&quot;:100}\">\n\t\t\t<div class=\"elementor-widget-wrap elementor-element-populated\">\n\t\t\t\t\t\t<div class=\"elementor-element elementor-element-6ae1957 elementor-widget elementor-widget-heading\" data-id=\"6ae1957\" data-element_type=\"widget\" data-e-type=\"widget\" data-widget_type=\"heading.default\">\n\t\t\t\t<div class=\"elementor-widget-container\">\n\t\t\t\t\t<h1 class=\"elementor-heading-title elementor-size-default\">Career Counseling and Guidance Center<\/h1>\t\t\t\t<\/div>\n\t\t\t\t<\/div>\n\t\t\t\t\t<\/div>\n\t\t<\/div>\n\t\t\t\t<div class=\"elementor-column elementor-col-50 elementor-top-column elementor-element elementor-element-e8319ff elementor-hidden-desktop elementor-hidden-tablet elementor-hidden-phone\" data-id=\"e8319ff\" data-element_type=\"column\" data-e-type=\"column\">\n\t\t\t<div class=\"elementor-widget-wrap\">\n\t\t\t\t\t\t\t<\/div>\n\t\t<\/div>\n\t\t\t\t\t<\/div>\n\t\t<\/section>\n\t\t\t\t<section class=\"elementor-section elementor-top-section elementor-element elementor-element-2111918 elementor-section-boxed elementor-section-height-default elementor-section-height-default\" data-id=\"2111918\" data-element_type=\"section\" data-e-type=\"section\">\n\t\t\t\t\t\t<div class=\"elementor-container elementor-column-gap-default\">\n\t\t\t\t\t<div class=\"elementor-column elementor-col-100 elementor-top-column elementor-element elementor-element-943ac48\" data-id=\"943ac48\" data-element_type=\"column\" data-e-type=\"column\" data-settings=\"{&quot;background_background&quot;:&quot;classic&quot;}\">\n\t\t\t<div class=\"elementor-widget-wrap elementor-element-populated\">\n\t\t\t\t\t\t<div class=\"elementor-element elementor-element-4932e17  custom-inpage-menu elementor-nav-menu__align-start elementor-nav-menu--dropdown-none vamtam-has-mobile-disable-scroll elementor-widget elementor-widget-nav-menu\" data-id=\"4932e17\" data-element_type=\"widget\" data-e-type=\"widget\" data-settings=\"{&quot;layout&quot;:&quot;horizontal&quot;,&quot;submenu_icon&quot;:{&quot;value&quot;:&quot;&lt;i class=\\&quot;fas fa-caret-down\\&quot; aria-hidden=\\&quot;true\\&quot;&gt;&lt;\\\/i&gt;&quot;,&quot;library&quot;:&quot;fa-solid&quot;},&quot;toggle_icon_active&quot;:{&quot;value&quot;:&quot;&quot;,&quot;library&quot;:&quot;&quot;}}\" data-widget_type=\"nav-menu.default\">\n\t\t\t\t<div class=\"elementor-widget-container\">\n\t\t\t\t\t\t\t\t<nav aria-label=\"Menu\" class=\"elementor-nav-menu--main elementor-nav-menu__container elementor-nav-menu--layout-horizontal e--pointer-underline e--animation-fade\">\n\t\t\t\t<ul id=\"menu-1-4932e17\" class=\"elementor-nav-menu\"><li class=\"menu-item menu-item-type-post_type menu-item-object-page menu-item-28404\"><a href=\"https:\/\/site.utm.ro\/en\/studenti\/centrul-de-consiliere-si-orientare-in-cariera\/\" class=\"elementor-item\">Career counseling<\/a><\/li>\n<li class=\"menu-item menu-item-type-post_type menu-item-object-page menu-item-28431\"><a href=\"https:\/\/site.utm.ro\/en\/studenti\/centrul-de-consiliere-si-orientare-in-cariera\/programari\/\" class=\"elementor-item\">Program\u0103ri<\/a><\/li>\n<li class=\"menu-item menu-item-type-post_type menu-item-object-page menu-item-28486\"><a href=\"https:\/\/site.utm.ro\/en\/studenti\/centrul-de-consiliere-si-orientare-in-cariera\/evenimente\/\" class=\"elementor-item\">Events<\/a><\/li>\n<li class=\"menu-item menu-item-type-post_type menu-item-object-page menu-item-28509\"><a href=\"https:\/\/site.utm.ro\/en\/studenti\/centrul-de-consiliere-si-orientare-in-cariera\/jobs-internships\/\" class=\"elementor-item\">Job-uri \u0219i internship<\/a><\/li>\n<li class=\"menu-item menu-item-type-post_type menu-item-object-page menu-item-28451\"><a href=\"https:\/\/site.utm.ro\/en\/studenti\/centrul-de-consiliere-si-orientare-in-cariera\/resurse\/\" class=\"elementor-item\">Resurse<\/a><\/li>\n<li class=\"menu-item menu-item-type-post_type menu-item-object-page menu-item-28528\"><a href=\"https:\/\/site.utm.ro\/en\/studenti\/centrul-de-consiliere-si-orientare-in-cariera\/cercetare\/\" class=\"elementor-item\">Research<\/a><\/li>\n<\/ul>\t\t\t<\/nav>\n\t\t\t\t\t\t<nav class=\"elementor-nav-menu--dropdown elementor-nav-menu__container\" aria-hidden=\"true\">\n\t\t\t\t<ul id=\"menu-2-4932e17\" class=\"elementor-nav-menu\"><li class=\"menu-item menu-item-type-post_type menu-item-object-page menu-item-28404\"><a href=\"https:\/\/site.utm.ro\/en\/studenti\/centrul-de-consiliere-si-orientare-in-cariera\/\" class=\"elementor-item\" tabindex=\"-1\">Career counseling<\/a><\/li>\n<li class=\"menu-item menu-item-type-post_type menu-item-object-page menu-item-28431\"><a href=\"https:\/\/site.utm.ro\/en\/studenti\/centrul-de-consiliere-si-orientare-in-cariera\/programari\/\" class=\"elementor-item\" tabindex=\"-1\">Program\u0103ri<\/a><\/li>\n<li class=\"menu-item menu-item-type-post_type menu-item-object-page menu-item-28486\"><a href=\"https:\/\/site.utm.ro\/en\/studenti\/centrul-de-consiliere-si-orientare-in-cariera\/evenimente\/\" class=\"elementor-item\" tabindex=\"-1\">Events<\/a><\/li>\n<li class=\"menu-item menu-item-type-post_type menu-item-object-page menu-item-28509\"><a href=\"https:\/\/site.utm.ro\/en\/studenti\/centrul-de-consiliere-si-orientare-in-cariera\/jobs-internships\/\" class=\"elementor-item\" tabindex=\"-1\">Job-uri \u0219i internship<\/a><\/li>\n<li class=\"menu-item menu-item-type-post_type menu-item-object-page menu-item-28451\"><a href=\"https:\/\/site.utm.ro\/en\/studenti\/centrul-de-consiliere-si-orientare-in-cariera\/resurse\/\" class=\"elementor-item\" tabindex=\"-1\">Resurse<\/a><\/li>\n<li class=\"menu-item menu-item-type-post_type menu-item-object-page menu-item-28528\"><a href=\"https:\/\/site.utm.ro\/en\/studenti\/centrul-de-consiliere-si-orientare-in-cariera\/cercetare\/\" class=\"elementor-item\" tabindex=\"-1\">Research<\/a><\/li>\n<\/ul>\t\t\t<\/nav>\n\t\t\t\t\t\t<\/div>\n\t\t\t\t<\/div>\n\t\t\t\t\t<\/div>\n\t\t<\/div>\n\t\t\t\t\t<\/div>\n\t\t<\/section>\n\t\t\t\t<section class=\"elementor-section elementor-top-section elementor-element elementor-element-2d70472 elementor-section-boxed elementor-section-height-default elementor-section-height-default\" data-id=\"2d70472\" data-element_type=\"section\" data-e-type=\"section\" data-settings=\"{&quot;animation&quot;:&quot;none&quot;,&quot;animation_tablet&quot;:&quot;none&quot;,&quot;animation_mobile&quot;:&quot;none&quot;,&quot;animation_delay&quot;:300}\">\n\t\t\t\t\t\t<div class=\"elementor-container elementor-column-gap-no\">\n\t\t\t\t\t<div class=\"elementor-column elementor-col-100 elementor-top-column elementor-element elementor-element-4a160a1\" data-id=\"4a160a1\" data-element_type=\"column\" data-e-type=\"column\">\n\t\t\t<div class=\"elementor-widget-wrap elementor-element-populated\">\n\t\t\t\t\t\t<div class=\"elementor-element elementor-element-352e287 elementor-widget elementor-widget-heading\" data-id=\"352e287\" data-element_type=\"widget\" data-e-type=\"widget\" data-widget_type=\"heading.default\">\n\t\t\t\t<div class=\"elementor-widget-container\">\n\t\t\t\t\t<h2 class=\"elementor-heading-title elementor-size-default\">Research<\/h2>\t\t\t\t<\/div>\n\t\t\t\t<\/div>\n\t\t\t\t<div class=\"elementor-element elementor-element-e971263 elementor-widget elementor-widget-text-editor\" data-id=\"e971263\" data-element_type=\"widget\" data-e-type=\"widget\" data-widget_type=\"text-editor.default\">\n\t\t\t\t<div class=\"elementor-widget-container\">\n\t\t\t\t\t\t\t\t\t<div class=\"wpb_text_column wpb_content_element\">\n<div class=\"wpb_wrapper\">\n<p><br><\/p><p>\u00cen ultimii 50 de ani, grani\u021ba care desp\u0103r\u021bea ferm psihologia voca\u021bional\u0103\/consilierea \u0219i orientarea \u00een carier\u0103 de alte subramuri ale psihologiei, precum psihologia industrial-organiza\u021bional\u0103, psihologia dezvolt\u0103rii, consilierea psihologic\u0103, psihologia pozitiv\u0103 sau psihologia educa\u021biei, s-a transformat \u00eentr-un cordon de leg\u0103tur\u0103 dinamic \u0219i ramificat, de fluidizare a cunoa\u0219terii. A\u0219a cum copacii dintr-o p\u0103dure comunic\u0103 unii cu ceilal\u021bi printr-o re\u021bea vast\u0103 \u0219i nev\u0103zut\u0103 ce asigur\u0103 un schimb simbiotic de ap\u0103 \u0219i nutrien\u021bi, \u0219i consilierea \u0219i orientarea \u00een carier\u0103 a ajuns s\u0103 primeasc\u0103 \u0219i s\u0103 ofere idei, perspective \u0219i practici \u0219i, astfel, s\u0103 se \u00eembog\u0103\u021beasc\u0103, \u00een conexiune cu alte arii ale psihologiei, sau, mai recent, chiar cu alte domenii. Iar acest fenomen se remarc\u0103 nu doar \u00een practic\u0103, ci \u0219i \u00een cercetare.<\/p>\n<p>CCOC al Universit\u0103\u021bii \u201eTitu Maiorescu\u201d \u00ee\u0219i propune s\u0103 realizeze studii demne de a fi integrate \u00een aceast\u0103 re\u021bea sofisticat\u0103 a cunoa\u0219terii. \u00cen acest sens, pornim de la analizarea atent\u0103, uneori chiar sistematic\u0103, a fluxului \u0219tiin\u021bific interna\u021bional pentru a identifica ni\u0219e de cercetare sau rezultate provocatoare, insuficient replicate, pe orice teme relevante pentru dezvoltarea carierei. \u00cen procesul de construire a unei cercet\u0103ri, ne ancor\u0103m ipotezele \u00een teorie \u0219i nu evit\u0103m metodele de cercetare mai pu\u021bin uzitate, dac\u0103 acestea sunt potrivite cu problema pe care o studiem. Astfel, de exemplu, manifest\u0103m un interes deosebit inclusiv pentru orice date lingvistice sau non-lingvistice, diferite de cele furnizate de chestionarele tradi\u021bionale, dac\u0103 putem s\u0103 argument\u0103m pe baza literaturii de specialitate c\u0103 acele date pot func\u021biona ca amprente ale comportamentului voca\u021bional. De asemenea, folosim o gam\u0103 larg\u0103 de modele matematice \u2013 de la cele reg\u0103site \u00een statistica tradi\u021bional\u0103, la cele specifice \u0219tiin\u021bei datelor \u2012 pentru a transforma datele pe care le colect\u0103m \u00een cunoa\u0219tere sau \u00een input pentru noi ipoteze.<\/p>\n<p>De\u0219i avem o apeten\u021b\u0103 pentru cercet\u0103rile originale, ne preocup\u0103 \u0219i problema traducerii, adapt\u0103rii \u0219i valid\u0103rii unor instrumente consacrate la nivel mondial dar care \u00eenc\u0103 nu sunt disponibile \u00een limba rom\u00e2n\u0103 sau ale c\u0103ror propriet\u0103\u021bi psihometrice nu au fost testate suficient pe e\u0219antioane din Rom\u00e2nia. \u00cen plus, realiz\u0103m cercet\u0103ri \u00een interes pur practic, pentru a identifica nevoile de consiliere \u00een carier\u0103 din universitate \u0219i pentru a ne acorda serviciile \u00een func\u021bie de acestea.<\/p>\n<p>Pe l\u00e2ng\u0103 activitatea propriu-zis\u0103 de cercetare, CCOC, prin intermediul Laboratorului PsyAI, urm\u0103re\u0219te s\u0103 insufle pasiunea pentru cercetare studen\u021bilor care vin c\u0103tre noi \u00een interes de cercetare \u0219i s\u0103 \u00eei antreneze \u00een elaborarea \u0219i implementarea proiectelor de cercetare. Condi\u021bia este ca ace\u0219tia s\u0103 fie curio\u0219i, dornici s\u0103 afle mai multe despre cercetarea de ultim\u0103 or\u0103 din domeniul psihologiei \u0219i s\u0103 fie dispu\u0219i s\u0103 investeasc\u0103 din timpul lor liber pe aceast\u0103 direc\u021bie.<\/p>\n<p>\u00cen concluzie, esen\u021ba activit\u0103\u021bii de cercetare a CCOC const\u0103 \u00een lucrul cu idei \u2012 fructific\u0103m idei, proiect\u0103m idei, test\u0103m empiric idei, deconstruim idei \u0219i transmitem idei \u00eentr-un circuit firesc al cunoa\u0219terii. Pentru c\u0103 a\u0219a cum spunea Ursula K. Le Guin \u00een \u201eThe Dispossessed\u201d, unul din romanele sale: \u201eSt\u0103 \u00een natura unei idei s\u0103 fie comunicat\u0103: scris\u0103, vorbit\u0103, \u00eemplinit\u0103. O idee este precum iarba. T\u00e2nje\u0219te dup\u0103 soare, \u00eei plac mul\u021bimile, prosper\u0103 prin hibridizare, cre\u0219te mai bine dac\u0103 este c\u0103lcat\u0103 \u00een picioare.\u201d<\/p>\n<\/div>\n<\/div>\t\t\t\t\t\t\t\t<\/div>\n\t\t\t\t<\/div>\n\t\t\t\t\t<\/div>\n\t\t<\/div>\n\t\t\t\t\t<\/div>\n\t\t<\/section>\n\t\t\t\t<section class=\"elementor-section elementor-top-section elementor-element elementor-element-fd895b7 elementor-section-boxed elementor-section-height-default elementor-section-height-default\" data-id=\"fd895b7\" data-element_type=\"section\" data-e-type=\"section\">\n\t\t\t\t\t\t<div class=\"elementor-container elementor-column-gap-default\">\n\t\t\t\t\t<div class=\"elementor-column elementor-col-100 elementor-top-column elementor-element elementor-element-05b3fa5\" data-id=\"05b3fa5\" data-element_type=\"column\" data-e-type=\"column\">\n\t\t\t<div class=\"elementor-widget-wrap elementor-element-populated\">\n\t\t\t\t\t\t<div class=\"elementor-element elementor-element-d854764 elementor-widget elementor-widget-spacer\" data-id=\"d854764\" data-element_type=\"widget\" data-e-type=\"widget\" data-widget_type=\"spacer.default\">\n\t\t\t\t<div class=\"elementor-widget-container\">\n\t\t\t\t\t\t\t<div class=\"elementor-spacer\">\n\t\t\t<div class=\"elementor-spacer-inner\"><\/div>\n\t\t<\/div>\n\t\t\t\t\t\t<\/div>\n\t\t\t\t<\/div>\n\t\t\t\t\t<\/div>\n\t\t<\/div>\n\t\t\t\t\t<\/div>\n\t\t<\/section>\n\t\t\t\t<\/div>","protected":false},"excerpt":{"rendered":"<p>Centrul de Consiliere \u0219i Orientare \u00een Carier\u0103 Cercetare \u00cen ultimii 50 de ani, grani\u021ba care desp\u0103r\u021bea ferm psihologia voca\u021bional\u0103\/consilierea \u0219i orientarea \u00een carier\u0103 de alte subramuri ale psihologiei, precum psihologia industrial-organiza\u021bional\u0103, psihologia dezvolt\u0103rii, consilierea psihologic\u0103, psihologia pozitiv\u0103 sau psihologia educa\u021biei, s-a transformat \u00eentr-un cordon de leg\u0103tur\u0103 dinamic \u0219i ramificat, de fluidizare a cunoa\u0219terii. A\u0219a cum&#8230;<\/p>","protected":false},"author":1,"featured_media":0,"parent":28399,"menu_order":0,"comment_status":"closed","ping_status":"closed","template":"","meta":{"footnotes":""},"class_list":["post-28522","page","type-page","status-publish","hentry"],"_links":{"self":[{"href":"https:\/\/site.utm.ro\/en\/wp-json\/wp\/v2\/pages\/28522","targetHints":{"allow":["GET"]}}],"collection":[{"href":"https:\/\/site.utm.ro\/en\/wp-json\/wp\/v2\/pages"}],"about":[{"href":"https:\/\/site.utm.ro\/en\/wp-json\/wp\/v2\/types\/page"}],"author":[{"embeddable":true,"href":"https:\/\/site.utm.ro\/en\/wp-json\/wp\/v2\/users\/1"}],"replies":[{"embeddable":true,"href":"https:\/\/site.utm.ro\/en\/wp-json\/wp\/v2\/comments?post=28522"}],"version-history":[{"count":0,"href":"https:\/\/site.utm.ro\/en\/wp-json\/wp\/v2\/pages\/28522\/revisions"}],"up":[{"embeddable":true,"href":"https:\/\/site.utm.ro\/en\/wp-json\/wp\/v2\/pages\/28399"}],"wp:attachment":[{"href":"https:\/\/site.utm.ro\/en\/wp-json\/wp\/v2\/media?parent=28522"}],"curies":[{"name":"wp","href":"https:\/\/api.w.org\/{rel}","templated":true}]}}