{"id":28507,"date":"2026-03-03T12:19:26","date_gmt":"2026-03-03T12:19:26","guid":{"rendered":"https:\/\/site.utm.ro\/?page_id=28507"},"modified":"2026-03-03T12:22:08","modified_gmt":"2026-03-03T12:22:08","slug":"jobs-internships","status":"publish","type":"page","link":"https:\/\/site.utm.ro\/en\/studenti\/centrul-de-consiliere-si-orientare-in-cariera\/jobs-internships\/","title":{"rendered":"Jobs &amp; internships"},"content":{"rendered":"<div data-elementor-type=\"wp-page\" data-elementor-id=\"28507\" class=\"elementor elementor-28507\" data-elementor-post-type=\"page\">\n\t\t\t\t\t\t<section class=\"elementor-section elementor-top-section elementor-element elementor-element-b37bfb6 elementor-section-height-min-height elementor-section-full_width elementor-section-height-default elementor-section-items-middle\" data-id=\"b37bfb6\" data-element_type=\"section\" data-e-type=\"section\" data-settings=\"{&quot;background_background&quot;:&quot;classic&quot;}\">\n\t\t\t\t\t\t\t<div class=\"elementor-background-overlay\"><\/div>\n\t\t\t\t\t\t\t<div class=\"elementor-container elementor-column-gap-default\">\n\t\t\t\t\t<div class=\"elementor-column elementor-col-100 elementor-top-column elementor-element elementor-element-ff3fcd2\" data-id=\"ff3fcd2\" data-element_type=\"column\" data-e-type=\"column\" data-settings=\"{&quot;background_background&quot;:&quot;classic&quot;}\">\n\t\t\t<div class=\"elementor-widget-wrap\">\n\t\t\t\t\t\t\t<\/div>\n\t\t<\/div>\n\t\t\t\t\t<\/div>\n\t\t<\/section>\n\t\t\t\t<section class=\"elementor-section elementor-top-section elementor-element elementor-element-e644bcc elementor-section-boxed elementor-section-height-default elementor-section-height-default\" data-id=\"e644bcc\" data-element_type=\"section\" data-e-type=\"section\">\n\t\t\t\t\t\t<div class=\"elementor-container elementor-column-gap-no\">\n\t\t\t\t\t<div class=\"elementor-column elementor-col-50 elementor-top-column elementor-element elementor-element-364b315 animated-fast elementor-invisible\" data-id=\"364b315\" data-element_type=\"column\" data-e-type=\"column\" data-settings=\"{&quot;background_background&quot;:&quot;classic&quot;,&quot;animation&quot;:&quot;fadeIn&quot;,&quot;animation_tablet&quot;:&quot;none&quot;,&quot;animation_mobile&quot;:&quot;none&quot;,&quot;animation_delay&quot;:100}\">\n\t\t\t<div class=\"elementor-widget-wrap elementor-element-populated\">\n\t\t\t\t\t\t<div class=\"elementor-element elementor-element-6ae1957 elementor-widget elementor-widget-heading\" data-id=\"6ae1957\" data-element_type=\"widget\" data-e-type=\"widget\" data-widget_type=\"heading.default\">\n\t\t\t\t<div class=\"elementor-widget-container\">\n\t\t\t\t\t<h1 class=\"elementor-heading-title elementor-size-default\">Career Counseling and Guidance Center<\/h1>\t\t\t\t<\/div>\n\t\t\t\t<\/div>\n\t\t\t\t\t<\/div>\n\t\t<\/div>\n\t\t\t\t<div class=\"elementor-column elementor-col-50 elementor-top-column elementor-element elementor-element-e8319ff elementor-hidden-desktop elementor-hidden-tablet elementor-hidden-phone\" data-id=\"e8319ff\" data-element_type=\"column\" data-e-type=\"column\">\n\t\t\t<div class=\"elementor-widget-wrap\">\n\t\t\t\t\t\t\t<\/div>\n\t\t<\/div>\n\t\t\t\t\t<\/div>\n\t\t<\/section>\n\t\t\t\t<section class=\"elementor-section elementor-top-section elementor-element elementor-element-2111918 elementor-section-boxed elementor-section-height-default elementor-section-height-default\" data-id=\"2111918\" data-element_type=\"section\" data-e-type=\"section\">\n\t\t\t\t\t\t<div class=\"elementor-container elementor-column-gap-default\">\n\t\t\t\t\t<div class=\"elementor-column elementor-col-100 elementor-top-column elementor-element elementor-element-943ac48\" data-id=\"943ac48\" data-element_type=\"column\" data-e-type=\"column\" data-settings=\"{&quot;background_background&quot;:&quot;classic&quot;}\">\n\t\t\t<div class=\"elementor-widget-wrap elementor-element-populated\">\n\t\t\t\t\t\t<div class=\"elementor-element elementor-element-4932e17  custom-inpage-menu elementor-nav-menu__align-start elementor-nav-menu--dropdown-none vamtam-has-mobile-disable-scroll elementor-widget elementor-widget-nav-menu\" data-id=\"4932e17\" data-element_type=\"widget\" data-e-type=\"widget\" data-settings=\"{&quot;layout&quot;:&quot;horizontal&quot;,&quot;submenu_icon&quot;:{&quot;value&quot;:&quot;&lt;i class=\\&quot;fas fa-caret-down\\&quot; aria-hidden=\\&quot;true\\&quot;&gt;&lt;\\\/i&gt;&quot;,&quot;library&quot;:&quot;fa-solid&quot;},&quot;toggle_icon_active&quot;:{&quot;value&quot;:&quot;&quot;,&quot;library&quot;:&quot;&quot;}}\" data-widget_type=\"nav-menu.default\">\n\t\t\t\t<div class=\"elementor-widget-container\">\n\t\t\t\t\t\t\t\t<nav aria-label=\"Menu\" class=\"elementor-nav-menu--main elementor-nav-menu__container elementor-nav-menu--layout-horizontal e--pointer-underline e--animation-fade\">\n\t\t\t\t<ul id=\"menu-1-4932e17\" class=\"elementor-nav-menu\"><li class=\"menu-item menu-item-type-post_type menu-item-object-page menu-item-28404\"><a href=\"https:\/\/site.utm.ro\/en\/studenti\/centrul-de-consiliere-si-orientare-in-cariera\/\" class=\"elementor-item\">Career counseling<\/a><\/li>\n<li class=\"menu-item menu-item-type-post_type menu-item-object-page menu-item-28431\"><a href=\"https:\/\/site.utm.ro\/en\/studenti\/centrul-de-consiliere-si-orientare-in-cariera\/programari\/\" class=\"elementor-item\">Program\u0103ri<\/a><\/li>\n<li class=\"menu-item menu-item-type-post_type menu-item-object-page menu-item-28486\"><a href=\"https:\/\/site.utm.ro\/en\/studenti\/centrul-de-consiliere-si-orientare-in-cariera\/evenimente\/\" class=\"elementor-item\">Events<\/a><\/li>\n<li class=\"menu-item menu-item-type-post_type menu-item-object-page menu-item-28509\"><a href=\"https:\/\/site.utm.ro\/en\/studenti\/centrul-de-consiliere-si-orientare-in-cariera\/jobs-internships\/\" class=\"elementor-item\">Job-uri \u0219i internship<\/a><\/li>\n<li class=\"menu-item menu-item-type-post_type menu-item-object-page menu-item-28451\"><a href=\"https:\/\/site.utm.ro\/en\/studenti\/centrul-de-consiliere-si-orientare-in-cariera\/resurse\/\" class=\"elementor-item\">Resurse<\/a><\/li>\n<li class=\"menu-item menu-item-type-post_type menu-item-object-page menu-item-28528\"><a href=\"https:\/\/site.utm.ro\/en\/studenti\/centrul-de-consiliere-si-orientare-in-cariera\/cercetare\/\" class=\"elementor-item\">Research<\/a><\/li>\n<\/ul>\t\t\t<\/nav>\n\t\t\t\t\t\t<nav class=\"elementor-nav-menu--dropdown elementor-nav-menu__container\" aria-hidden=\"true\">\n\t\t\t\t<ul id=\"menu-2-4932e17\" class=\"elementor-nav-menu\"><li class=\"menu-item menu-item-type-post_type menu-item-object-page menu-item-28404\"><a href=\"https:\/\/site.utm.ro\/en\/studenti\/centrul-de-consiliere-si-orientare-in-cariera\/\" class=\"elementor-item\" tabindex=\"-1\">Career counseling<\/a><\/li>\n<li class=\"menu-item menu-item-type-post_type menu-item-object-page menu-item-28431\"><a href=\"https:\/\/site.utm.ro\/en\/studenti\/centrul-de-consiliere-si-orientare-in-cariera\/programari\/\" class=\"elementor-item\" tabindex=\"-1\">Program\u0103ri<\/a><\/li>\n<li class=\"menu-item menu-item-type-post_type menu-item-object-page menu-item-28486\"><a href=\"https:\/\/site.utm.ro\/en\/studenti\/centrul-de-consiliere-si-orientare-in-cariera\/evenimente\/\" class=\"elementor-item\" tabindex=\"-1\">Events<\/a><\/li>\n<li class=\"menu-item menu-item-type-post_type menu-item-object-page menu-item-28509\"><a href=\"https:\/\/site.utm.ro\/en\/studenti\/centrul-de-consiliere-si-orientare-in-cariera\/jobs-internships\/\" class=\"elementor-item\" tabindex=\"-1\">Job-uri \u0219i internship<\/a><\/li>\n<li class=\"menu-item menu-item-type-post_type menu-item-object-page menu-item-28451\"><a href=\"https:\/\/site.utm.ro\/en\/studenti\/centrul-de-consiliere-si-orientare-in-cariera\/resurse\/\" class=\"elementor-item\" tabindex=\"-1\">Resurse<\/a><\/li>\n<li class=\"menu-item menu-item-type-post_type menu-item-object-page menu-item-28528\"><a href=\"https:\/\/site.utm.ro\/en\/studenti\/centrul-de-consiliere-si-orientare-in-cariera\/cercetare\/\" class=\"elementor-item\" tabindex=\"-1\">Research<\/a><\/li>\n<\/ul>\t\t\t<\/nav>\n\t\t\t\t\t\t<\/div>\n\t\t\t\t<\/div>\n\t\t\t\t\t<\/div>\n\t\t<\/div>\n\t\t\t\t\t<\/div>\n\t\t<\/section>\n\t\t\t\t<section class=\"elementor-section elementor-top-section elementor-element elementor-element-adf2f0b elementor-section-boxed elementor-section-height-default elementor-section-height-default\" data-id=\"adf2f0b\" data-element_type=\"section\" data-e-type=\"section\" data-settings=\"{&quot;animation&quot;:&quot;none&quot;,&quot;animation_tablet&quot;:&quot;none&quot;,&quot;animation_mobile&quot;:&quot;none&quot;,&quot;animation_delay&quot;:300}\">\n\t\t\t\t\t\t<div class=\"elementor-container elementor-column-gap-no\">\n\t\t\t\t\t<div class=\"elementor-column elementor-col-100 elementor-top-column elementor-element elementor-element-f8c34a1\" data-id=\"f8c34a1\" data-element_type=\"column\" data-e-type=\"column\">\n\t\t\t<div class=\"elementor-widget-wrap elementor-element-populated\">\n\t\t\t\t\t\t<div class=\"elementor-element elementor-element-93b7130 vamtam-theme-table-styles elementor-widget elementor-widget-toggle\" data-id=\"93b7130\" data-element_type=\"widget\" data-e-type=\"widget\" data-widget_type=\"toggle.default\">\n\t\t\t\t<div class=\"elementor-widget-container\">\n\t\t\t\t\t\t\t<div class=\"elementor-toggle\">\n\t\t\t\t\t\t\t<div class=\"elementor-toggle-item\">\n\t\t\t\t\t<h3 id=\"elementor-tab-title-1541\" class=\"elementor-tab-title\" data-tab=\"1\" role=\"button\" aria-controls=\"elementor-tab-content-1541\" aria-expanded=\"false\">\n\t\t\t\t\t\t\t\t\t\t\t\t<span class=\"elementor-toggle-icon elementor-toggle-icon-right\" aria-hidden=\"true\">\n\t\t\t\t\t\t\t\t\t\t\t\t\t\t\t<span class=\"elementor-toggle-icon-closed\"><i class=\"vamtamtheme- vamtam-theme-arrow-down\"><\/i><\/span>\n\t\t\t\t\t\t\t\t<span class=\"elementor-toggle-icon-opened\"><i class=\"elementor-toggle-icon-opened vamtamtheme- vamtam-theme-arrow-up\"><\/i><\/span>\n\t\t\t\t\t\t\t\t\t\t\t\t\t<\/span>\n\t\t\t\t\t\t\t\t\t\t\t\t<a class=\"elementor-toggle-title\" tabindex=\"0\">Oferte de job \u0219i internship<\/a>\n\t\t\t\t\t<\/h3>\n\n\t\t\t\t\t<div id=\"elementor-tab-content-1541\" class=\"elementor-tab-content elementor-clearfix\" data-tab=\"1\" role=\"region\" aria-labelledby=\"elementor-tab-title-1541\"><ul>\n<li><strong><a href=\"\/wp-content\/uploads\/2026\/03\/Practica-BookLand-Operator-date.pdf\">OPORTUNITATE PRACTIC\u0102 PL\u0102TIT\u0102 pentru POZI\u021aIA DE OPERATOR DATE LA BOOKLAND<\/a><\/strong><\/li>\n<li><a href=\"\/wp-content\/uploads\/2026\/03\/Oportunitati-profesionale-in-Irlanda-pentru-absolventii-de-la-medicina.pdf\"><strong>OPORTUNIT\u0102\u021aI PROFESIONALE \u00ceN IRLANDA PENTRU ABSOLVEN\u021aII DE LA MEDICIN\u0102<\/strong><\/a><\/li>\n<li><strong><a href=\"\/wp-content\/uploads\/2026\/03\/Europe-Language-Jobs_Ofete-de-internship-Barcelona.pdf\">OPORTUNIT\u0102\u021aI DE INTERNSHIP \u00ceN MARKETING \u0218I V\u00c2NZ\u0102RI LA BARCELONA<\/a><\/strong><\/li>\n<li><strong><a href=\"\/wp-content\/uploads\/2026\/03\/pg.pdf\">OPORTUNIT\u0102\u021aI DE INTERNSHIP, TRAINEESHIP, ENTRY-LEVEL LA PROCTER&amp;GAMBLE!<\/a><\/strong><\/li>\n<li><strong><a href=\"\/wp-content\/uploads\/2026\/03\/2023-INTERNATIONAL-JOB-HUNT-1.pdf\">GRAD JOB HUNT 2023: OPORTUNIT\u0102\u021aI DE ANGAJARE \u00ceN STR\u0102IN\u0102TATE PENTRU STUDEN\u021aI \u0218I ABSOLVEN\u021aI<\/a><\/strong><\/li>\n<li><strong><a href=\"\/wp-content\/uploads\/2026\/03\/Oportunitate-de-voluntariat-in-cadrul-Departamentului-Relatii-Internationale.pdf\">OPORTUNITATE DE VOLUNTARIAT \u00ceN CADRUL DEPARTAMENTULUI RELA\u021aII INTERNA\u021aIONALE UTM\u00a0<\/a><\/strong><\/li>\n<li><strong><a href=\"\/wp-content\/uploads\/2026\/03\/Economist_Carmistin.pdf\">GRUPUL CARMISTIN angajeaza ECONOMIST pentru DEPARTAMENTUL AUDIT<\/a><\/strong><\/li>\n<li><strong><a href=\"\/wp-content\/uploads\/2026\/03\/oferta_internship-2022_carmistin.pdf\" target=\"_blank\" rel=\"noopener\">OFERTA DE INTERNSHIP PENTRU ANUL 2022 IN COMPANIA CARMISTIN<\/a><\/strong><\/li>\n<li><strong><a href=\"\/wp-content\/uploads\/2026\/03\/GRAD-JOB-HUNT-OPORTUNITATI-DE-ANGAJARE-IN-STRAINATATE-PENTRU-STUDENTI-SI-ABSOLVENTI.pdf\">GRAD JOB HUNT: OPORTUNIT\u0102\u021aI DE ANGAJARE \u00ceN STR\u0102IN\u0102TATE PENTRU STUDEN\u021aI \u0218I ABSOLVEN\u021aI<\/a><\/strong><\/li>\n<\/ul><\/div>\n\t\t\t\t<\/div>\n\t\t\t\t\t\t\t<div class=\"elementor-toggle-item\">\n\t\t\t\t\t<h3 id=\"elementor-tab-title-1542\" class=\"elementor-tab-title\" data-tab=\"2\" role=\"button\" aria-controls=\"elementor-tab-content-1542\" aria-expanded=\"false\">\n\t\t\t\t\t\t\t\t\t\t\t\t<span class=\"elementor-toggle-icon elementor-toggle-icon-right\" aria-hidden=\"true\">\n\t\t\t\t\t\t\t\t\t\t\t\t\t\t\t<span class=\"elementor-toggle-icon-closed\"><i class=\"vamtamtheme- vamtam-theme-arrow-down\"><\/i><\/span>\n\t\t\t\t\t\t\t\t<span class=\"elementor-toggle-icon-opened\"><i class=\"elementor-toggle-icon-opened vamtamtheme- vamtam-theme-arrow-up\"><\/i><\/span>\n\t\t\t\t\t\t\t\t\t\t\t\t\t<\/span>\n\t\t\t\t\t\t\t\t\t\t\t\t<a class=\"elementor-toggle-title\" tabindex=\"0\">Devino voluntuar CCOC<\/a>\n\t\t\t\t\t<\/h3>\n\n\t\t\t\t\t<div id=\"elementor-tab-content-1542\" class=\"elementor-tab-content elementor-clearfix\" data-tab=\"2\" role=\"region\" aria-labelledby=\"elementor-tab-title-1542\"><p>Dac\u0103 e\u0219ti student UTM \u0219i vrei s\u0103 te implici voluntar \u00een activit\u0103\u021bile Centrului de Consiliere \u0219i Orientare \u00een Carier\u0103 (CCOC), trimite-ne un CV la adresa\u00a0<a href=\"mailto:consiliere@univ.utm.ro\">consiliere@univ.utm.ro<\/a>\u00a0, cu un mesaj \u00een care s\u0103 ne spui\u00a0<strong>de ce ai vrea s\u0103 devii voluntar, care crezi ca este super-puterea ta \u0219i ce disponibilitate de timp ai<\/strong>. Vom programa ulterior un interviu ca s\u0103 ne cunoa\u0219tem mai bine \u0219i s\u0103 stabilim ce rol \u021bi-ar pl\u0103cea s\u0103 \u00ee\u021bi asumi.<\/p>\n<p><strong>\u00cen ce activit\u0103\u021bi te-ai putea implica?<\/strong><\/p>\n<ul>\n<li><strong>Promovarea<\/strong>\u00a0Centrului de Carier\u0103 (interac\u021biunea direct\u0103 cu studen\u021bii \u0219i absolven\u021bii, postarea de anun\u021buri \u00een mediul online, trimiterea de mail-uri etc.).<\/li>\n<li>Crearea de\u00a0<strong>materiale grafice\/video \u0219i content writing<\/strong>\u00a0(scrierea de articole de dezvoltare personal\u0103 \u0219i profesional\u0103, crearea de materiale grafice de promovare, editare video etc.)<\/li>\n<li><strong>Organizarea evenimentelor\u00a0<\/strong>Centrului de Carier\u0103 (workshopuri, Zilele Carierei, webinarii etc)<\/li>\n<li>Orientare \u00een carier\u0103 (vei\u00a0<strong>colabora cu echipa<\/strong>de consilieri \u00een oferirea de feedback pentru CV, redactarea diferitelor rapoarte, simul\u0103ri de interviu, livrarea de workshop-uri etc.)<\/li>\n<li>Realizarea unor cercet\u0103ri la intersec\u021bia cu psihologia (activit\u0103\u021bile sunt diverse; variaz\u0103 \u00een func\u021bie de nevoile din proiect \u0219i de pasiunea ta pentru cercetare)<\/li>\n<\/ul>\n<p><strong>Cerin\u021be:<\/strong><\/p>\n<ul>\n<li>Student\/masterand\/doctorand la una dintre Facult\u0103\u021bile UTM;<\/li>\n<li>Excelent\u0103 cunoa\u0219tere a limbii rom\u00e2ne, cu bune abilit\u0103\u021bi de exprimare verbal\u0103 \u0219i scris\u0103;<\/li>\n<li>Creativ \u0219i cu sim\u021b estetic SAU minu\u021bios \u0219i atent la detalii;<\/li>\n<li>Responsabil;<\/li>\n<li>Entuziasmat \u0219i dornic de a \u00eenv\u0103\u021ba lucruri noi.<\/li>\n<li>Abilit\u0103\u021bile de lucru \u00een programe de editare video \u0219i grafic\u0103 sau de prelucrare statistic\u0103 \u0219i gestionare baze de date sunt un avantaj;<\/li>\n<\/ul>\n<p><strong>Ce vei ob\u021bine ca voluntar?<\/strong><\/p>\n<ul>\n<li>Experien\u021b\u0103 practic\u0103 pe care o vei trece \u00een CV sporindu-\u021bi \u0219ansele la angajare<\/li>\n<li>Vei avea acces la oportunit\u0103\u021bi de dezvoltare profesional\u0103 (workshopuri, webinarii, evenimente de carier\u0103, sesiuni de consiliere individual\u0103)<\/li>\n<li>Te vei familiariza cu stilul de lucru dintr-o organiza\u021bie (vei \u00eendeplini diverse task-uri, vei respecta termene limit\u0103, vei lucra \u00een echip\u0103, vei folosi diverse tool-uri etc.)<\/li>\n<li>Vei beneficia de mentorat \u0219i feedback constant de la echipa de consilieri CCOC<\/li>\n<li>Vei primi o adeverin\u021b\u0103 de voluntariat\/stagiu de practic\u0103<\/li>\n<li>Te vei familiariza cu etapele unui proces de recrutare (aplica\u021bie, selec\u021bie, interviu, acceptarea ofertei)<\/li>\n<\/ul>\n<p><strong>Te a\u0219tept\u0103m \u00een echipa noastr\u0103!<\/strong><\/p><\/div>\n\t\t\t\t<\/div>\n\t\t\t\t\t\t\t\t<\/div>\n\t\t\t\t\t\t<\/div>\n\t\t\t\t<\/div>\n\t\t\t\t\t<\/div>\n\t\t<\/div>\n\t\t\t\t\t<\/div>\n\t\t<\/section>\n\t\t\t\t<section class=\"elementor-section elementor-top-section elementor-element elementor-element-fd895b7 elementor-section-boxed elementor-section-height-default elementor-section-height-default\" data-id=\"fd895b7\" data-element_type=\"section\" data-e-type=\"section\">\n\t\t\t\t\t\t<div class=\"elementor-container elementor-column-gap-default\">\n\t\t\t\t\t<div class=\"elementor-column elementor-col-100 elementor-top-column elementor-element elementor-element-05b3fa5\" data-id=\"05b3fa5\" data-element_type=\"column\" data-e-type=\"column\">\n\t\t\t<div class=\"elementor-widget-wrap elementor-element-populated\">\n\t\t\t\t\t\t<div class=\"elementor-element elementor-element-d854764 elementor-widget elementor-widget-spacer\" data-id=\"d854764\" data-element_type=\"widget\" data-e-type=\"widget\" data-widget_type=\"spacer.default\">\n\t\t\t\t<div class=\"elementor-widget-container\">\n\t\t\t\t\t\t\t<div class=\"elementor-spacer\">\n\t\t\t<div class=\"elementor-spacer-inner\"><\/div>\n\t\t<\/div>\n\t\t\t\t\t\t<\/div>\n\t\t\t\t<\/div>\n\t\t\t\t\t<\/div>\n\t\t<\/div>\n\t\t\t\t\t<\/div>\n\t\t<\/section>\n\t\t\t\t<\/div>","protected":false},"excerpt":{"rendered":"<p>Centrul de Consiliere \u0219i Orientare \u00een Carier\u0103 Oferte de job \u0219i internship OPORTUNITATE PRACTIC\u0102 PL\u0102TIT\u0102 pentru POZI\u021aIA DE OPERATOR DATE LA BOOKLAND OPORTUNIT\u0102\u021aI PROFESIONALE \u00ceN IRLANDA PENTRU ABSOLVEN\u021aII DE LA MEDICIN\u0102 OPORTUNIT\u0102\u021aI DE INTERNSHIP \u00ceN MARKETING \u0218I V\u00c2NZ\u0102RI LA BARCELONA OPORTUNIT\u0102\u021aI DE INTERNSHIP, TRAINEESHIP, ENTRY-LEVEL LA PROCTER&amp;GAMBLE! GRAD JOB HUNT 2023: OPORTUNIT\u0102\u021aI DE ANGAJARE \u00ceN&#8230;<\/p>","protected":false},"author":1,"featured_media":0,"parent":28399,"menu_order":0,"comment_status":"closed","ping_status":"closed","template":"","meta":{"footnotes":""},"class_list":["post-28507","page","type-page","status-publish","hentry"],"_links":{"self":[{"href":"https:\/\/site.utm.ro\/en\/wp-json\/wp\/v2\/pages\/28507","targetHints":{"allow":["GET"]}}],"collection":[{"href":"https:\/\/site.utm.ro\/en\/wp-json\/wp\/v2\/pages"}],"about":[{"href":"https:\/\/site.utm.ro\/en\/wp-json\/wp\/v2\/types\/page"}],"author":[{"embeddable":true,"href":"https:\/\/site.utm.ro\/en\/wp-json\/wp\/v2\/users\/1"}],"replies":[{"embeddable":true,"href":"https:\/\/site.utm.ro\/en\/wp-json\/wp\/v2\/comments?post=28507"}],"version-history":[{"count":0,"href":"https:\/\/site.utm.ro\/en\/wp-json\/wp\/v2\/pages\/28507\/revisions"}],"up":[{"embeddable":true,"href":"https:\/\/site.utm.ro\/en\/wp-json\/wp\/v2\/pages\/28399"}],"wp:attachment":[{"href":"https:\/\/site.utm.ro\/en\/wp-json\/wp\/v2\/media?parent=28507"}],"curies":[{"name":"wp","href":"https:\/\/api.w.org\/{rel}","templated":true}]}}