{"id":28429,"date":"2026-03-03T11:02:23","date_gmt":"2026-03-03T11:02:23","guid":{"rendered":"https:\/\/site.utm.ro\/?page_id=28429"},"modified":"2026-03-03T11:10:25","modified_gmt":"2026-03-03T11:10:25","slug":"programari","status":"publish","type":"page","link":"https:\/\/site.utm.ro\/en\/studenti\/centrul-de-consiliere-si-orientare-in-cariera\/programari\/","title":{"rendered":"Program\u0103ri"},"content":{"rendered":"<div data-elementor-type=\"wp-page\" data-elementor-id=\"28429\" class=\"elementor elementor-28429\" data-elementor-post-type=\"page\">\n\t\t\t\t\t\t<section class=\"elementor-section elementor-top-section elementor-element elementor-element-b37bfb6 elementor-section-height-min-height elementor-section-full_width elementor-section-height-default elementor-section-items-middle\" data-id=\"b37bfb6\" data-element_type=\"section\" data-e-type=\"section\" data-settings=\"{&quot;background_background&quot;:&quot;classic&quot;}\">\n\t\t\t\t\t\t\t<div class=\"elementor-background-overlay\"><\/div>\n\t\t\t\t\t\t\t<div class=\"elementor-container elementor-column-gap-default\">\n\t\t\t\t\t<div class=\"elementor-column elementor-col-100 elementor-top-column elementor-element elementor-element-ff3fcd2\" data-id=\"ff3fcd2\" data-element_type=\"column\" data-e-type=\"column\" data-settings=\"{&quot;background_background&quot;:&quot;classic&quot;}\">\n\t\t\t<div class=\"elementor-widget-wrap\">\n\t\t\t\t\t\t\t<\/div>\n\t\t<\/div>\n\t\t\t\t\t<\/div>\n\t\t<\/section>\n\t\t\t\t<section class=\"elementor-section elementor-top-section elementor-element elementor-element-e644bcc elementor-section-boxed elementor-section-height-default elementor-section-height-default\" data-id=\"e644bcc\" data-element_type=\"section\" data-e-type=\"section\">\n\t\t\t\t\t\t<div class=\"elementor-container elementor-column-gap-no\">\n\t\t\t\t\t<div class=\"elementor-column elementor-col-50 elementor-top-column elementor-element elementor-element-364b315 animated-fast elementor-invisible\" data-id=\"364b315\" data-element_type=\"column\" data-e-type=\"column\" data-settings=\"{&quot;background_background&quot;:&quot;classic&quot;,&quot;animation&quot;:&quot;fadeIn&quot;,&quot;animation_tablet&quot;:&quot;none&quot;,&quot;animation_mobile&quot;:&quot;none&quot;,&quot;animation_delay&quot;:100}\">\n\t\t\t<div class=\"elementor-widget-wrap elementor-element-populated\">\n\t\t\t\t\t\t<div class=\"elementor-element elementor-element-6ae1957 elementor-widget elementor-widget-heading\" data-id=\"6ae1957\" data-element_type=\"widget\" data-e-type=\"widget\" data-widget_type=\"heading.default\">\n\t\t\t\t<div class=\"elementor-widget-container\">\n\t\t\t\t\t<h1 class=\"elementor-heading-title elementor-size-default\">Career Counseling and Guidance Center<\/h1>\t\t\t\t<\/div>\n\t\t\t\t<\/div>\n\t\t\t\t\t<\/div>\n\t\t<\/div>\n\t\t\t\t<div class=\"elementor-column elementor-col-50 elementor-top-column elementor-element elementor-element-e8319ff elementor-hidden-desktop elementor-hidden-tablet elementor-hidden-phone\" data-id=\"e8319ff\" data-element_type=\"column\" data-e-type=\"column\">\n\t\t\t<div class=\"elementor-widget-wrap\">\n\t\t\t\t\t\t\t<\/div>\n\t\t<\/div>\n\t\t\t\t\t<\/div>\n\t\t<\/section>\n\t\t\t\t<section class=\"elementor-section elementor-top-section elementor-element elementor-element-2111918 elementor-section-boxed elementor-section-height-default elementor-section-height-default\" data-id=\"2111918\" data-element_type=\"section\" data-e-type=\"section\">\n\t\t\t\t\t\t<div class=\"elementor-container elementor-column-gap-default\">\n\t\t\t\t\t<div class=\"elementor-column elementor-col-100 elementor-top-column elementor-element elementor-element-943ac48\" data-id=\"943ac48\" data-element_type=\"column\" data-e-type=\"column\" data-settings=\"{&quot;background_background&quot;:&quot;classic&quot;}\">\n\t\t\t<div class=\"elementor-widget-wrap elementor-element-populated\">\n\t\t\t\t\t\t<div class=\"elementor-element elementor-element-4932e17  custom-inpage-menu elementor-nav-menu__align-start elementor-nav-menu--dropdown-none vamtam-has-mobile-disable-scroll elementor-widget elementor-widget-nav-menu\" data-id=\"4932e17\" data-element_type=\"widget\" data-e-type=\"widget\" data-settings=\"{&quot;layout&quot;:&quot;horizontal&quot;,&quot;submenu_icon&quot;:{&quot;value&quot;:&quot;&lt;i class=\\&quot;fas fa-caret-down\\&quot; aria-hidden=\\&quot;true\\&quot;&gt;&lt;\\\/i&gt;&quot;,&quot;library&quot;:&quot;fa-solid&quot;},&quot;toggle_icon_active&quot;:{&quot;value&quot;:&quot;&quot;,&quot;library&quot;:&quot;&quot;}}\" data-widget_type=\"nav-menu.default\">\n\t\t\t\t<div class=\"elementor-widget-container\">\n\t\t\t\t\t\t\t\t<nav aria-label=\"Menu\" class=\"elementor-nav-menu--main elementor-nav-menu__container elementor-nav-menu--layout-horizontal e--pointer-underline e--animation-fade\">\n\t\t\t\t<ul id=\"menu-1-4932e17\" class=\"elementor-nav-menu\"><li class=\"menu-item menu-item-type-post_type menu-item-object-page menu-item-28404\"><a href=\"https:\/\/site.utm.ro\/en\/studenti\/centrul-de-consiliere-si-orientare-in-cariera\/\" class=\"elementor-item\">Career counseling<\/a><\/li>\n<li class=\"menu-item menu-item-type-post_type menu-item-object-page menu-item-28431\"><a href=\"https:\/\/site.utm.ro\/en\/studenti\/centrul-de-consiliere-si-orientare-in-cariera\/programari\/\" class=\"elementor-item\">Program\u0103ri<\/a><\/li>\n<li class=\"menu-item menu-item-type-post_type menu-item-object-page menu-item-28486\"><a href=\"https:\/\/site.utm.ro\/en\/studenti\/centrul-de-consiliere-si-orientare-in-cariera\/evenimente\/\" class=\"elementor-item\">Events<\/a><\/li>\n<li class=\"menu-item menu-item-type-post_type menu-item-object-page menu-item-28509\"><a href=\"https:\/\/site.utm.ro\/en\/studenti\/centrul-de-consiliere-si-orientare-in-cariera\/jobs-internships\/\" class=\"elementor-item\">Job-uri \u0219i internship<\/a><\/li>\n<li class=\"menu-item menu-item-type-post_type menu-item-object-page menu-item-28451\"><a href=\"https:\/\/site.utm.ro\/en\/studenti\/centrul-de-consiliere-si-orientare-in-cariera\/resurse\/\" class=\"elementor-item\">Resurse<\/a><\/li>\n<li class=\"menu-item menu-item-type-post_type menu-item-object-page menu-item-28528\"><a href=\"https:\/\/site.utm.ro\/en\/studenti\/centrul-de-consiliere-si-orientare-in-cariera\/cercetare\/\" class=\"elementor-item\">Research<\/a><\/li>\n<\/ul>\t\t\t<\/nav>\n\t\t\t\t\t\t<nav class=\"elementor-nav-menu--dropdown elementor-nav-menu__container\" aria-hidden=\"true\">\n\t\t\t\t<ul id=\"menu-2-4932e17\" class=\"elementor-nav-menu\"><li class=\"menu-item menu-item-type-post_type menu-item-object-page menu-item-28404\"><a href=\"https:\/\/site.utm.ro\/en\/studenti\/centrul-de-consiliere-si-orientare-in-cariera\/\" class=\"elementor-item\" tabindex=\"-1\">Career counseling<\/a><\/li>\n<li class=\"menu-item menu-item-type-post_type menu-item-object-page menu-item-28431\"><a href=\"https:\/\/site.utm.ro\/en\/studenti\/centrul-de-consiliere-si-orientare-in-cariera\/programari\/\" class=\"elementor-item\" tabindex=\"-1\">Program\u0103ri<\/a><\/li>\n<li class=\"menu-item menu-item-type-post_type menu-item-object-page menu-item-28486\"><a href=\"https:\/\/site.utm.ro\/en\/studenti\/centrul-de-consiliere-si-orientare-in-cariera\/evenimente\/\" class=\"elementor-item\" tabindex=\"-1\">Events<\/a><\/li>\n<li class=\"menu-item menu-item-type-post_type menu-item-object-page menu-item-28509\"><a href=\"https:\/\/site.utm.ro\/en\/studenti\/centrul-de-consiliere-si-orientare-in-cariera\/jobs-internships\/\" class=\"elementor-item\" tabindex=\"-1\">Job-uri \u0219i internship<\/a><\/li>\n<li class=\"menu-item menu-item-type-post_type menu-item-object-page menu-item-28451\"><a href=\"https:\/\/site.utm.ro\/en\/studenti\/centrul-de-consiliere-si-orientare-in-cariera\/resurse\/\" class=\"elementor-item\" tabindex=\"-1\">Resurse<\/a><\/li>\n<li class=\"menu-item menu-item-type-post_type menu-item-object-page menu-item-28528\"><a href=\"https:\/\/site.utm.ro\/en\/studenti\/centrul-de-consiliere-si-orientare-in-cariera\/cercetare\/\" class=\"elementor-item\" tabindex=\"-1\">Research<\/a><\/li>\n<\/ul>\t\t\t<\/nav>\n\t\t\t\t\t\t<\/div>\n\t\t\t\t<\/div>\n\t\t\t\t\t<\/div>\n\t\t<\/div>\n\t\t\t\t\t<\/div>\n\t\t<\/section>\n\t\t\t\t<section class=\"elementor-section elementor-top-section elementor-element elementor-element-27b04bf elementor-section-boxed elementor-section-height-default elementor-section-height-default\" data-id=\"27b04bf\" data-element_type=\"section\" data-e-type=\"section\">\n\t\t\t\t\t\t<div class=\"elementor-container elementor-column-gap-default\">\n\t\t\t\t\t<div class=\"elementor-column elementor-col-100 elementor-top-column elementor-element elementor-element-78487f9\" data-id=\"78487f9\" data-element_type=\"column\" data-e-type=\"column\">\n\t\t\t<div class=\"elementor-widget-wrap elementor-element-populated\">\n\t\t\t\t\t\t<div class=\"elementor-element elementor-element-841880c elementor-widget elementor-widget-text-editor\" data-id=\"841880c\" data-element_type=\"widget\" data-e-type=\"widget\" data-widget_type=\"text-editor.default\">\n\t\t\t\t<div class=\"elementor-widget-container\">\n\t\t\t\t\t\t\t\t\t<p><iframe title=\"5 motive pentru a programa o sesiune de consiliere \u00een carier\u0103 (CCOC UTM)\" src=\"https:\/\/www.youtube.com\/embed\/x72rl0pND3g?feature=oembed\" width=\"900\" height=\"506\" frameborder=\"0\" allowfullscreen=\"allowfullscreen\" data-mce-fragment=\"1\"><\/iframe><\/p>\n<p>Sesiunile individuale de consiliere se desf\u0103\u0219oar\u0103 sub forma unor \u00eent\u00e2lniri fa\u021b\u0103 \u00een fa\u021b\u0103 cu un consilier de carier\u0103 \u0219i au rolul de a-l ajuta pe student\/masterand\/doctorand, sa \u00ee\u0219i clarifice obiectivele si sa ini\u021bieze un plan de ac\u021biune pentru ceea ce i\u0219i dore\u0219te din punct de vedere profesional.<\/p>\n<p>O \u00eent\u00e2lnire dureaz\u0103 50 de minute. \u00cen func\u021bie de problematica abordat\u0103, un proces de consiliere se poate extinde p\u00e2n\u0103 la 7-10 sesiuni. Interac\u021biunea este una relaxat\u0103 \u0219i non-formal\u0103, consilierul concentr\u00e2ndu-se pe a pune la dispozi\u021bia studen\u021bilor metodele \u0219i resursele adecvate care s\u0103 \u00eei ajute pe ace\u0219tia s\u0103 ia decizii con\u0219tiente \u0219i asumate privind cariera lor,&nbsp;s\u0103 \u00ee\u0219i creasc\u0103 rezilien\u021ba&nbsp;sau&nbsp;s\u0103 \u00ee\u0219i \u00eembun\u0103t\u0103\u021beasc\u0103 starea de bine.<\/p>\n<p><b>Pentru o programare, studentul trebuie s\u0103 aleag\u0103 serviciul de consiliere dorit (consiliere \u00een carier\u0103 \u0219i\/sau consiliere psihologic\u0103), apoi s\u0103 selecteze din calendar o dat\u0103 \u0219i o or\u0103 disponibile. Dup\u0103 completarea informa\u021biilor solicitate \u00een formular, \u00eent\u00e2lnirea va fi programat\u0103 automat iar studentul va primi un e-mail de confirmare. Sesiunile \u00een format fizic se vor desf\u0103\u0219ura \u00een corpul M sala 114, etajul 1 la Centrul de Consiliere \u0219i Orientare \u00een Carier\u0103 (CCOC)<\/b><\/p>\n<p><b>&nbsp;<\/b><\/p>\n<ul type=\"disc\">\n<li><b>Career counseling&nbsp;<\/b>(<a href=\"https:\/\/www.linkedin.com\/in\/-alinaciobanu-\/\" target=\"_blank\" rel=\"noopener\">Dr. Alina Ciobanu<\/a>, Consilier \u00een carier\u0103 CCOC &#8211; <a href=\"https:\/\/outlook.office365.com\/owa\/calendar\/DRALINACIOBANUCONSILIERORIENTAREPRIVINDCARIERA@titumaiorescu.onmicrosoft.com\/bookings\/s\/zpfIP59T_EW3D8EI7Jhf-Q2\" target=\"_blank\" rel=\"noopener\">Programeaz\u0103 \u00eent\u00e2lnire<\/a>):<b>&nbsp;<\/b><\/li>\n<p><a href=\"https:\/\/outlook.office365.com\/owa\/calendar\/DRALINACIOBANUCONSILIERORIENTAREPRIVINDCARIERA@titumaiorescu.onmicrosoft.com\/bookings\/s\/zpfIP59T_EW3D8EI7Jhf-Q2\" style=\"display: inline-block; background-color: #8224e3; color: #ffffff; padding: 12px 24px; text-decoration: none; border-radius: 5px; font-size: 15px;\" target=\"_blank\" rel=\"noopener\">PROGRAMEAZ\u0102 \u00ceNT\u00c2LNIRE<\/a><\/p>\n<\/ul>\n<div>&nbsp;<\/div>\n<ul type=\"disc\">\n<li><b>Consiliere psihologic\u0103&nbsp;<\/b>(<a href=\"https:\/\/www.linkedin.com\/in\/diana-paula-dud%C4%83u\/\" target=\"_blank\" rel=\"noopener\">Asist. Univ. Dr. Diana Paula Dudau<\/a>, Psiholog CCOC &#8211; <a href=\"https:\/\/outlook.office365.com\/owa\/calendar\/x@titumaiorescu.onmicrosoft.com\/bookings\/\" target=\"_blank\" rel=\"noopener\">Programeaz\u0103 \u00eent\u00e2lnire<\/a>):<\/li>\n<p><a href=\"https:\/\/outlook.office365.com\/owa\/calendar\/x@titumaiorescu.onmicrosoft.com\/bookings\/\" style=\"display: inline-block; background-color: #8224e3; color: #ffffff; padding: 12px 24px; text-decoration: none; border-radius: 5px; font-size: 15px;\" target=\"_blank\" rel=\"noopener\">PROGRAMEAZ\u0102 \u00ceNT\u00c2LNIRE<\/a><\/p>\n<\/ul>\n<p aria-hidden=\"true\">\n<\/p><div>&nbsp;<\/div>\n<p>\u00cen ce situa\u021bii un student poate beneficia o sesiune individual\u0103?<\/p>\n<ul>\n<li>C\u00e2nd dore\u0219te<strong>&nbsp;feedback pentru CV-ul si profilul de LinkedIn<\/strong>. Vor fi analizate \u00een detaliu si consilierul va oferi recomand\u0103ri punctuale de \u00eembunat\u0103\u021bire.<\/li>\n<li>C\u00e2nd vrea sa se pregateasca pentru un<strong>&nbsp;interviu de angajare.<\/strong>&nbsp;Studentul va putea experimenta o simulare de interviu in care va r\u0103spunde la cateva \u00eentrebari specifice unui interviu de recrutare. La final va primi feedback punctual, cu recomandari ulterioare de \u00eembunat\u0103\u021bire.<\/li>\n<li>Cand isi propune sa exploreze&nbsp;<strong>optiunile de cariera<\/strong>&nbsp;disponibile pe piata, afland unde sa le caute si cum sa le acceseze.<\/li>\n<li>Cand isi doreste o schimbare si vrea sa isi&nbsp;<strong>reconfigureze traseul de cariera<\/strong>, prin clarificarea obiectivelor si setarea unui plan coerent de ac\u021biune.<\/li>\n<li>Cand vrea s\u0103 se cunosc\u0103 mai bine \u00eenainte de a lua o decizie de carier\u0103<strong>&nbsp;(Autocunoa\u0219tere)<\/strong>. Aceast\u0103 parte implic\u0103 un proces de introspec\u021bie \u0219i auto-analiza \u00een vederea con\u0219tientiz\u0103rii resurselor personale \u0219i a valorific\u0103rii acestora \u00een alegerea carierei. Data fiind complexitatea procesului, \u00een func\u021bie de nevoile studentului, sunt recomandate mai multe \u0219edin\u021be pentru a ob\u021bine rezultate optime. Se adreseaz\u0103 in special celor care sunt indeci\u0219i cu privire la ce ar putea s\u0103 fac\u0103 pe viitor din punct de vedere profesional sau au nevoie s\u0103 \u00ee\u0219i valideze o alegere pentru a fi siguri ca se \u00eendreapt\u0103 \u00een direc\u021bia potrivit\u0103 pentru ei.<\/li>\n<\/ul><div><br><\/div>\n<p><img fetchpriority=\"high\" decoding=\"async\" src=\"\/wp-content\/uploads\/2026\/03\/1.jpg\" alt=\"\" width=\"900\" height=\"506\"><\/p>\n<p><img decoding=\"async\" src=\"\/wp-content\/uploads\/2026\/03\/2.jpg\" alt=\"\" width=\"900\" height=\"506\"><\/p>\n<p>&nbsp;<\/p>\n<p><img decoding=\"async\" src=\"\/wp-content\/uploads\/2026\/03\/3.jpg\" alt=\"\" width=\"900\" height=\"506\"><\/p>\n<p><a href=\"https:\/\/outlook.office365.com\/owa\/calendar\/DRALINACIOBANUCONSILIERORIENTAREPRIVINDCARIERA@titumaiorescu.onmicrosoft.com\/bookings\/s\/zpfIP59T_EW3D8EI7Jhf-Q2\" target=\"_blank\" rel=\"noopener\"><img loading=\"lazy\" decoding=\"async\" src=\"\/wp-content\/uploads\/2026\/03\/4.jpg\" alt=\"\" width=\"900\" height=\"506\"><\/a><\/p>\t\t\t\t\t\t\t\t<\/div>\n\t\t\t\t<\/div>\n\t\t\t\t\t<\/div>\n\t\t<\/div>\n\t\t\t\t\t<\/div>\n\t\t<\/section>\n\t\t\t\t<section class=\"elementor-section elementor-top-section elementor-element elementor-element-fd895b7 elementor-section-boxed elementor-section-height-default elementor-section-height-default\" data-id=\"fd895b7\" data-element_type=\"section\" data-e-type=\"section\">\n\t\t\t\t\t\t<div class=\"elementor-container elementor-column-gap-default\">\n\t\t\t\t\t<div class=\"elementor-column elementor-col-100 elementor-top-column elementor-element elementor-element-05b3fa5\" data-id=\"05b3fa5\" data-element_type=\"column\" data-e-type=\"column\">\n\t\t\t<div class=\"elementor-widget-wrap elementor-element-populated\">\n\t\t\t\t\t\t<div class=\"elementor-element elementor-element-d854764 elementor-widget elementor-widget-spacer\" data-id=\"d854764\" data-element_type=\"widget\" data-e-type=\"widget\" data-widget_type=\"spacer.default\">\n\t\t\t\t<div class=\"elementor-widget-container\">\n\t\t\t\t\t\t\t<div class=\"elementor-spacer\">\n\t\t\t<div class=\"elementor-spacer-inner\"><\/div>\n\t\t<\/div>\n\t\t\t\t\t\t<\/div>\n\t\t\t\t<\/div>\n\t\t\t\t\t<\/div>\n\t\t<\/div>\n\t\t\t\t\t<\/div>\n\t\t<\/section>\n\t\t\t\t<\/div>","protected":false},"excerpt":{"rendered":"<p>Centrul de Consiliere \u0219i Orientare \u00een Carier\u0103 Sesiunile individuale de consiliere se desf\u0103\u0219oar\u0103 sub forma unor \u00eent\u00e2lniri fa\u021b\u0103 \u00een fa\u021b\u0103 cu un consilier de carier\u0103 \u0219i au rolul de a-l ajuta pe student\/masterand\/doctorand, sa \u00ee\u0219i clarifice obiectivele si sa ini\u021bieze un plan de ac\u021biune pentru ceea ce i\u0219i dore\u0219te din punct de vedere profesional. O&#8230;<\/p>","protected":false},"author":1,"featured_media":0,"parent":28399,"menu_order":0,"comment_status":"closed","ping_status":"closed","template":"","meta":{"footnotes":""},"class_list":["post-28429","page","type-page","status-publish","hentry"],"_links":{"self":[{"href":"https:\/\/site.utm.ro\/en\/wp-json\/wp\/v2\/pages\/28429","targetHints":{"allow":["GET"]}}],"collection":[{"href":"https:\/\/site.utm.ro\/en\/wp-json\/wp\/v2\/pages"}],"about":[{"href":"https:\/\/site.utm.ro\/en\/wp-json\/wp\/v2\/types\/page"}],"author":[{"embeddable":true,"href":"https:\/\/site.utm.ro\/en\/wp-json\/wp\/v2\/users\/1"}],"replies":[{"embeddable":true,"href":"https:\/\/site.utm.ro\/en\/wp-json\/wp\/v2\/comments?post=28429"}],"version-history":[{"count":0,"href":"https:\/\/site.utm.ro\/en\/wp-json\/wp\/v2\/pages\/28429\/revisions"}],"up":[{"embeddable":true,"href":"https:\/\/site.utm.ro\/en\/wp-json\/wp\/v2\/pages\/28399"}],"wp:attachment":[{"href":"https:\/\/site.utm.ro\/en\/wp-json\/wp\/v2\/media?parent=28429"}],"curies":[{"name":"wp","href":"https:\/\/api.w.org\/{rel}","templated":true}]}}