{"id":28174,"date":"2026-03-02T14:28:07","date_gmt":"2026-03-02T14:28:07","guid":{"rendered":"https:\/\/site.utm.ro\/?page_id=28174"},"modified":"2026-03-04T14:21:32","modified_gmt":"2026-03-04T14:21:32","slug":"erasmus","status":"publish","type":"page","link":"https:\/\/site.utm.ro\/en\/studenti\/erasmus\/","title":{"rendered":"Erasmus+"},"content":{"rendered":"<div data-elementor-type=\"wp-page\" data-elementor-id=\"28174\" class=\"elementor elementor-28174\" data-elementor-post-type=\"page\">\n\t\t\t\t\t\t<section class=\"elementor-section elementor-top-section elementor-element elementor-element-b37bfb6 elementor-section-height-min-height elementor-section-full_width elementor-section-height-default elementor-section-items-middle\" data-id=\"b37bfb6\" data-element_type=\"section\" data-e-type=\"section\" data-settings=\"{&quot;background_background&quot;:&quot;classic&quot;}\">\n\t\t\t\t\t\t\t<div class=\"elementor-background-overlay\"><\/div>\n\t\t\t\t\t\t\t<div class=\"elementor-container elementor-column-gap-default\">\n\t\t\t\t\t<div class=\"elementor-column elementor-col-100 elementor-top-column elementor-element elementor-element-ff3fcd2\" data-id=\"ff3fcd2\" data-element_type=\"column\" data-e-type=\"column\" data-settings=\"{&quot;background_background&quot;:&quot;classic&quot;}\">\n\t\t\t<div class=\"elementor-widget-wrap\">\n\t\t\t\t\t\t\t<\/div>\n\t\t<\/div>\n\t\t\t\t\t<\/div>\n\t\t<\/section>\n\t\t\t\t<section class=\"elementor-section elementor-top-section elementor-element elementor-element-e644bcc elementor-section-boxed elementor-section-height-default elementor-section-height-default\" data-id=\"e644bcc\" data-element_type=\"section\" data-e-type=\"section\">\n\t\t\t\t\t\t<div class=\"elementor-container elementor-column-gap-no\">\n\t\t\t\t\t<div class=\"elementor-column elementor-col-50 elementor-top-column elementor-element elementor-element-364b315 animated-fast elementor-invisible\" data-id=\"364b315\" data-element_type=\"column\" data-e-type=\"column\" data-settings=\"{&quot;background_background&quot;:&quot;classic&quot;,&quot;animation&quot;:&quot;fadeIn&quot;,&quot;animation_tablet&quot;:&quot;none&quot;,&quot;animation_mobile&quot;:&quot;none&quot;,&quot;animation_delay&quot;:100}\">\n\t\t\t<div class=\"elementor-widget-wrap elementor-element-populated\">\n\t\t\t\t\t\t<div class=\"elementor-element elementor-element-6ae1957 elementor-widget elementor-widget-heading\" data-id=\"6ae1957\" data-element_type=\"widget\" data-e-type=\"widget\" data-widget_type=\"heading.default\">\n\t\t\t\t<div class=\"elementor-widget-container\">\n\t\t\t\t\t<h1 class=\"elementor-heading-title elementor-size-default\">Erasmus+<\/h1>\t\t\t\t<\/div>\n\t\t\t\t<\/div>\n\t\t\t\t\t<\/div>\n\t\t<\/div>\n\t\t\t\t<div class=\"elementor-column elementor-col-50 elementor-top-column elementor-element elementor-element-e8319ff elementor-hidden-desktop elementor-hidden-tablet elementor-hidden-phone\" data-id=\"e8319ff\" data-element_type=\"column\" data-e-type=\"column\">\n\t\t\t<div class=\"elementor-widget-wrap\">\n\t\t\t\t\t\t\t<\/div>\n\t\t<\/div>\n\t\t\t\t\t<\/div>\n\t\t<\/section>\n\t\t\t\t<section class=\"elementor-section elementor-top-section elementor-element elementor-element-2111918 elementor-section-boxed elementor-section-height-default elementor-section-height-default\" data-id=\"2111918\" data-element_type=\"section\" data-e-type=\"section\">\n\t\t\t\t\t\t<div class=\"elementor-container elementor-column-gap-default\">\n\t\t\t\t\t<div class=\"elementor-column elementor-col-100 elementor-top-column elementor-element elementor-element-943ac48\" data-id=\"943ac48\" data-element_type=\"column\" data-e-type=\"column\" data-settings=\"{&quot;background_background&quot;:&quot;classic&quot;}\">\n\t\t\t<div class=\"elementor-widget-wrap elementor-element-populated\">\n\t\t\t\t\t\t<div class=\"elementor-element elementor-element-4932e17  custom-inpage-menu elementor-nav-menu__align-start elementor-nav-menu--dropdown-none vamtam-has-mobile-disable-scroll elementor-widget elementor-widget-nav-menu\" data-id=\"4932e17\" data-element_type=\"widget\" data-e-type=\"widget\" data-settings=\"{&quot;layout&quot;:&quot;horizontal&quot;,&quot;submenu_icon&quot;:{&quot;value&quot;:&quot;&lt;i class=\\&quot;fas fa-caret-down\\&quot; aria-hidden=\\&quot;true\\&quot;&gt;&lt;\\\/i&gt;&quot;,&quot;library&quot;:&quot;fa-solid&quot;},&quot;toggle_icon_active&quot;:{&quot;value&quot;:&quot;&quot;,&quot;library&quot;:&quot;&quot;}}\" data-widget_type=\"nav-menu.default\">\n\t\t\t\t<div class=\"elementor-widget-container\">\n\t\t\t\t\t\t\t\t<nav aria-label=\"Menu\" class=\"elementor-nav-menu--main elementor-nav-menu__container elementor-nav-menu--layout-horizontal e--pointer-underline e--animation-fade\">\n\t\t\t\t<ul id=\"menu-1-4932e17\" class=\"elementor-nav-menu\"><li class=\"menu-item menu-item-type-post_type menu-item-object-page menu-item-28217\"><a href=\"https:\/\/site.utm.ro\/en\/studenti\/erasmus\/\" class=\"elementor-item\">About<\/a><\/li>\n<li class=\"menu-item menu-item-type-post_type menu-item-object-page menu-item-28235\"><a href=\"https:\/\/site.utm.ro\/en\/studenti\/erasmus\/carta-erasmus\/\" class=\"elementor-item\">Erasmus+ Charter<\/a><\/li>\n<li class=\"menu-item menu-item-type-post_type menu-item-object-page menu-item-28241\"><a href=\"https:\/\/site.utm.ro\/en\/studenti\/erasmus\/declaratia-de-politica-erasmus\/\" class=\"elementor-item\">Declara\u021bia de politic\u0103 Erasmus<\/a><\/li>\n<li class=\"menu-item menu-item-type-post_type menu-item-object-page menu-item-28270\"><a href=\"https:\/\/site.utm.ro\/en\/studenti\/erasmus\/students-2\/\" class=\"elementor-item\">Students<\/a><\/li>\n<li class=\"menu-item menu-item-type-post_type menu-item-object-page menu-item-28315\"><a href=\"https:\/\/site.utm.ro\/en\/studenti\/erasmus\/staff\/\" class=\"elementor-item\">Staff<\/a><\/li>\n<li class=\"menu-item menu-item-type-post_type menu-item-object-page menu-item-28359\"><a href=\"https:\/\/site.utm.ro\/en\/studenti\/erasmus\/courses\/\" class=\"elementor-item\">Courses<\/a><\/li>\n<li class=\"menu-item menu-item-type-custom menu-item-object-custom menu-item-28360\"><a href=\"#\" class=\"elementor-item elementor-item-anchor\">News<\/a><\/li>\n<\/ul>\t\t\t<\/nav>\n\t\t\t\t\t\t<nav class=\"elementor-nav-menu--dropdown elementor-nav-menu__container\" aria-hidden=\"true\">\n\t\t\t\t<ul id=\"menu-2-4932e17\" class=\"elementor-nav-menu\"><li class=\"menu-item menu-item-type-post_type menu-item-object-page menu-item-28217\"><a href=\"https:\/\/site.utm.ro\/en\/studenti\/erasmus\/\" class=\"elementor-item\" tabindex=\"-1\">About<\/a><\/li>\n<li class=\"menu-item menu-item-type-post_type menu-item-object-page menu-item-28235\"><a href=\"https:\/\/site.utm.ro\/en\/studenti\/erasmus\/carta-erasmus\/\" class=\"elementor-item\" tabindex=\"-1\">Erasmus+ Charter<\/a><\/li>\n<li class=\"menu-item menu-item-type-post_type menu-item-object-page menu-item-28241\"><a href=\"https:\/\/site.utm.ro\/en\/studenti\/erasmus\/declaratia-de-politica-erasmus\/\" class=\"elementor-item\" tabindex=\"-1\">Declara\u021bia de politic\u0103 Erasmus<\/a><\/li>\n<li class=\"menu-item menu-item-type-post_type menu-item-object-page menu-item-28270\"><a href=\"https:\/\/site.utm.ro\/en\/studenti\/erasmus\/students-2\/\" class=\"elementor-item\" tabindex=\"-1\">Students<\/a><\/li>\n<li class=\"menu-item menu-item-type-post_type menu-item-object-page menu-item-28315\"><a href=\"https:\/\/site.utm.ro\/en\/studenti\/erasmus\/staff\/\" class=\"elementor-item\" tabindex=\"-1\">Staff<\/a><\/li>\n<li class=\"menu-item menu-item-type-post_type menu-item-object-page menu-item-28359\"><a href=\"https:\/\/site.utm.ro\/en\/studenti\/erasmus\/courses\/\" class=\"elementor-item\" tabindex=\"-1\">Courses<\/a><\/li>\n<li class=\"menu-item menu-item-type-custom menu-item-object-custom menu-item-28360\"><a href=\"#\" class=\"elementor-item elementor-item-anchor\" tabindex=\"-1\">News<\/a><\/li>\n<\/ul>\t\t\t<\/nav>\n\t\t\t\t\t\t<\/div>\n\t\t\t\t<\/div>\n\t\t\t\t\t<\/div>\n\t\t<\/div>\n\t\t\t\t\t<\/div>\n\t\t<\/section>\n\t\t\t\t<section class=\"elementor-section elementor-top-section elementor-element elementor-element-27b04bf elementor-section-boxed elementor-section-height-default elementor-section-height-default\" data-id=\"27b04bf\" data-element_type=\"section\" data-e-type=\"section\">\n\t\t\t\t\t\t<div class=\"elementor-container elementor-column-gap-default\">\n\t\t\t\t\t<div class=\"elementor-column elementor-col-100 elementor-top-column elementor-element elementor-element-78487f9\" data-id=\"78487f9\" data-element_type=\"column\" data-e-type=\"column\">\n\t\t\t<div class=\"elementor-widget-wrap elementor-element-populated\">\n\t\t\t\t\t\t<div class=\"elementor-element elementor-element-841880c elementor-widget elementor-widget-text-editor\" data-id=\"841880c\" data-element_type=\"widget\" data-e-type=\"widget\" data-widget_type=\"text-editor.default\">\n\t\t\t\t<div class=\"elementor-widget-container\">\n\t\t\t\t\t\t\t\t\t<a class=\"broken_link\" href=\"https:\/\/ec.europa.eu\/programmes\/erasmus-plus\/about_ro\" target=\"_blank\" rel=\"noopener\">Erasmus+<\/a>\u00a0este programul Uniunii Europene \u00een domeniile educa\u021biei, form\u0103rii, tineretului \u0219i sportului pentru perioada 2021-2027.\n\nErasmus+ ofer\u0103 oportunit\u0103\u021bi de studiu, formare, voluntariat sau dob\u00e2ndire a experien\u021bei profesionale \u00een str\u0103in\u0103tate pentru milioane de europeni.\n\nBaz\u00e2ndu-se pe succesul de care s-a bucurat \u00een cei 35 de ani de activitate, programul Erasmus+ \u00ee\u0219i consolideaz\u0103 eforturile \u00een vederea multiplic\u0103rii oportunit\u0103\u021bilor oferite unui num\u0103r mai mare de participan\u021bi \u0219i unei variet\u0103\u021bi mai mari de organiza\u021bii, ax\u00e2ndu-se pe impactul s\u0103u calitativ \u0219i contribuind la crearea unor societ\u0103\u021bi mai favorabile incluziunii \u0219i cu un nivel mai mare de coeziune, mai ecologice \u0219i mai preg\u0103tite din punct de vedere digital.\n\nUniversitatea Titu Maiorescu (UTM) are o experien\u021b\u0103 \u00eendelungat\u0103 \u00een implementarea programului Erasmus+, ob\u021bin\u00e2nd prima Cart\u0103 Erasmus \u00een anul 2004 \u015fi organiz\u00e2nd mobilit\u0103\u021bi \u00eencep\u00e2nd cu anul 2005. Datorit\u0103 activit\u0103\u021bii de interna\u021bionalizare, num\u0103rul de studen\u021bi interna\u021bionali s-a dublat, iar mobilit\u0103\u021biile Erasmus+ au crescut anual cu 10%.\n\nDe-a lungul istoriei sale, Universitatea Titu Maiorescu s-a dezvoltat ca o universitate comprehensiv\u0103, fiind singura universitate privat\u0103 din Rom\u00e2nia care ofer\u0103 o educa\u021bie medical\u0103 integrat\u0103 \u00een cadrul Facult\u0103\u021bilor de Medicin\u0103, Medicin\u0103 Dentar\u0103 \u0219i Farmacie. Prin intermediul programelor cu predare \u00een limba englez\u0103, UTM a devenit o universitate atractiv\u0103 pentru studen\u021bii interna\u021bionali, dar \u0219i pentru cadrele didactice din str\u0103in\u0103tate, care pot desf\u0103\u0219ura activit\u0103\u0163i de cercetare, predare sau formare \u00eentr-o limb\u0103 de circula\u021bie interna\u021bional\u0103.\n\nUniversitatea Titu Maiorescu \u00ee\u0219i desf\u0103\u0219oar\u0103 activitatea \u00een cadrul\u00a0<strong>Ac\u021biunii-cheie 1<\/strong>\u2013 mobilit\u0103\u021bi de studiu \u0219i practic\u0103 \u00een alt\u0103 \u021bar\u0103 pentru studen\u021bi, precum \u0219i mobilit\u0103\u021bi de predare sau formare pentru cadrele didactice \u0219i personalul administrativ.\n\nPentru mai multe informa\u021bii despre beneficiile programului Erasmus+, pute\u021bi s\u0103 ne vizita\u021bi la Departamentul Rela\u021bii Interna\u021bionale sau s\u0103 ne contacta\u021bi la adresa de email\u00a0<a href=\"mailto:erasmus@univ.utm.ro\"><strong>erasmus@univ.utm.ro<\/strong><\/a>.\n\n&nbsp;\n\n&nbsp;\n\n<hr \/>\n\n<h3><img fetchpriority=\"high\" decoding=\"async\" class=\"aligncenter wp-image-2695 size-medium\" src=\"\/wp-content\/uploads\/2026\/03\/Erasmus-1.webp\" alt=\"\" width=\"1191\" height=\"592\" \/><\/h3>\t\t\t\t\t\t\t\t<\/div>\n\t\t\t\t<\/div>\n\t\t\t\t\t<\/div>\n\t\t<\/div>\n\t\t\t\t\t<\/div>\n\t\t<\/section>\n\t\t\t\t<section class=\"elementor-section elementor-top-section elementor-element elementor-element-fd895b7 elementor-section-boxed elementor-section-height-default elementor-section-height-default\" data-id=\"fd895b7\" data-element_type=\"section\" data-e-type=\"section\">\n\t\t\t\t\t\t<div class=\"elementor-container elementor-column-gap-default\">\n\t\t\t\t\t<div class=\"elementor-column elementor-col-100 elementor-top-column elementor-element elementor-element-05b3fa5\" data-id=\"05b3fa5\" data-element_type=\"column\" data-e-type=\"column\">\n\t\t\t<div class=\"elementor-widget-wrap elementor-element-populated\">\n\t\t\t\t\t\t<div class=\"elementor-element elementor-element-d854764 elementor-widget elementor-widget-spacer\" data-id=\"d854764\" data-element_type=\"widget\" data-e-type=\"widget\" data-widget_type=\"spacer.default\">\n\t\t\t\t<div class=\"elementor-widget-container\">\n\t\t\t\t\t\t\t<div class=\"elementor-spacer\">\n\t\t\t<div class=\"elementor-spacer-inner\"><\/div>\n\t\t<\/div>\n\t\t\t\t\t\t<\/div>\n\t\t\t\t<\/div>\n\t\t\t\t\t<\/div>\n\t\t<\/div>\n\t\t\t\t\t<\/div>\n\t\t<\/section>\n\t\t\t\t<\/div>","protected":false},"excerpt":{"rendered":"<p>Erasmus+ Erasmus+\u00a0este programul Uniunii Europene \u00een domeniile educa\u021biei, form\u0103rii, tineretului \u0219i sportului pentru perioada 2021-2027. Erasmus+ ofer\u0103 oportunit\u0103\u021bi de studiu, formare, voluntariat sau dob\u00e2ndire a experien\u021bei profesionale \u00een str\u0103in\u0103tate pentru milioane de europeni. Baz\u00e2ndu-se pe succesul de care s-a bucurat \u00een cei 35 de ani de activitate, programul Erasmus+ \u00ee\u0219i consolideaz\u0103 eforturile \u00een vederea multiplic\u0103rii&#8230;<\/p>","protected":false},"author":1,"featured_media":0,"parent":24376,"menu_order":0,"comment_status":"closed","ping_status":"closed","template":"","meta":{"footnotes":""},"class_list":["post-28174","page","type-page","status-publish","hentry"],"_links":{"self":[{"href":"https:\/\/site.utm.ro\/en\/wp-json\/wp\/v2\/pages\/28174","targetHints":{"allow":["GET"]}}],"collection":[{"href":"https:\/\/site.utm.ro\/en\/wp-json\/wp\/v2\/pages"}],"about":[{"href":"https:\/\/site.utm.ro\/en\/wp-json\/wp\/v2\/types\/page"}],"author":[{"embeddable":true,"href":"https:\/\/site.utm.ro\/en\/wp-json\/wp\/v2\/users\/1"}],"replies":[{"embeddable":true,"href":"https:\/\/site.utm.ro\/en\/wp-json\/wp\/v2\/comments?post=28174"}],"version-history":[{"count":0,"href":"https:\/\/site.utm.ro\/en\/wp-json\/wp\/v2\/pages\/28174\/revisions"}],"up":[{"embeddable":true,"href":"https:\/\/site.utm.ro\/en\/wp-json\/wp\/v2\/pages\/24376"}],"wp:attachment":[{"href":"https:\/\/site.utm.ro\/en\/wp-json\/wp\/v2\/media?parent=28174"}],"curies":[{"name":"wp","href":"https:\/\/api.w.org\/{rel}","templated":true}]}}