{"id":28139,"date":"2026-03-02T14:13:44","date_gmt":"2026-03-02T14:13:44","guid":{"rendered":"https:\/\/site.utm.ro\/?page_id=28139"},"modified":"2026-03-02T14:23:38","modified_gmt":"2026-03-02T14:23:38","slug":"itc","status":"publish","type":"page","link":"https:\/\/site.utm.ro\/en\/studenti\/itc\/","title":{"rendered":"IT&amp;C"},"content":{"rendered":"<div data-elementor-type=\"wp-page\" data-elementor-id=\"28139\" class=\"elementor elementor-28139\" data-elementor-post-type=\"page\">\n\t\t\t\t\t\t<section class=\"elementor-section elementor-top-section elementor-element elementor-element-b37bfb6 elementor-section-height-min-height elementor-section-full_width elementor-section-height-default elementor-section-items-middle\" data-id=\"b37bfb6\" data-element_type=\"section\" data-e-type=\"section\" data-settings=\"{&quot;background_background&quot;:&quot;classic&quot;}\">\n\t\t\t\t\t\t\t<div class=\"elementor-background-overlay\"><\/div>\n\t\t\t\t\t\t\t<div class=\"elementor-container elementor-column-gap-default\">\n\t\t\t\t\t<div class=\"elementor-column elementor-col-100 elementor-top-column elementor-element elementor-element-ff3fcd2\" data-id=\"ff3fcd2\" data-element_type=\"column\" data-e-type=\"column\" data-settings=\"{&quot;background_background&quot;:&quot;classic&quot;}\">\n\t\t\t<div class=\"elementor-widget-wrap\">\n\t\t\t\t\t\t\t<\/div>\n\t\t<\/div>\n\t\t\t\t\t<\/div>\n\t\t<\/section>\n\t\t\t\t<section class=\"elementor-section elementor-top-section elementor-element elementor-element-e644bcc elementor-section-boxed elementor-section-height-default elementor-section-height-default\" data-id=\"e644bcc\" data-element_type=\"section\" data-e-type=\"section\">\n\t\t\t\t\t\t<div class=\"elementor-container elementor-column-gap-no\">\n\t\t\t\t\t<div class=\"elementor-column elementor-col-50 elementor-top-column elementor-element elementor-element-364b315 animated-fast elementor-invisible\" data-id=\"364b315\" data-element_type=\"column\" data-e-type=\"column\" data-settings=\"{&quot;background_background&quot;:&quot;classic&quot;,&quot;animation&quot;:&quot;fadeIn&quot;,&quot;animation_tablet&quot;:&quot;none&quot;,&quot;animation_mobile&quot;:&quot;none&quot;,&quot;animation_delay&quot;:100}\">\n\t\t\t<div class=\"elementor-widget-wrap elementor-element-populated\">\n\t\t\t\t\t\t<div class=\"elementor-element elementor-element-6ae1957 elementor-widget elementor-widget-heading\" data-id=\"6ae1957\" data-element_type=\"widget\" data-e-type=\"widget\" data-widget_type=\"heading.default\">\n\t\t\t\t<div class=\"elementor-widget-container\">\n\t\t\t\t\t<h1 class=\"elementor-heading-title elementor-size-default\">IT&amp;C<\/h1>\t\t\t\t<\/div>\n\t\t\t\t<\/div>\n\t\t\t\t\t<\/div>\n\t\t<\/div>\n\t\t\t\t<div class=\"elementor-column elementor-col-50 elementor-top-column elementor-element elementor-element-e8319ff elementor-hidden-desktop elementor-hidden-tablet elementor-hidden-phone\" data-id=\"e8319ff\" data-element_type=\"column\" data-e-type=\"column\">\n\t\t\t<div class=\"elementor-widget-wrap\">\n\t\t\t\t\t\t\t<\/div>\n\t\t<\/div>\n\t\t\t\t\t<\/div>\n\t\t<\/section>\n\t\t\t\t<section class=\"elementor-section elementor-top-section elementor-element elementor-element-df14f1a elementor-section-boxed elementor-section-height-default elementor-section-height-default\" data-id=\"df14f1a\" data-element_type=\"section\" data-e-type=\"section\">\n\t\t\t\t\t\t<div class=\"elementor-container elementor-column-gap-default\">\n\t\t\t\t\t<div class=\"elementor-column elementor-col-100 elementor-top-column elementor-element elementor-element-5abae09\" data-id=\"5abae09\" data-element_type=\"column\" data-e-type=\"column\">\n\t\t\t<div class=\"elementor-widget-wrap elementor-element-populated\">\n\t\t\t\t\t\t<div class=\"elementor-element elementor-element-385bdca elementor-widget elementor-widget-heading\" data-id=\"385bdca\" data-element_type=\"widget\" data-e-type=\"widget\" data-widget_type=\"heading.default\">\n\t\t\t\t<div class=\"elementor-widget-container\">\n\t\t\t\t\t<h2 class=\"elementor-heading-title elementor-size-default\">Pachet Microsoft<\/h2>\t\t\t\t<\/div>\n\t\t\t\t<\/div>\n\t\t\t\t\t<\/div>\n\t\t<\/div>\n\t\t\t\t\t<\/div>\n\t\t<\/section>\n\t\t\t\t<section class=\"elementor-section elementor-top-section elementor-element elementor-element-0ebbeeb elementor-section-boxed elementor-section-height-default elementor-section-height-default\" data-id=\"0ebbeeb\" data-element_type=\"section\" data-e-type=\"section\" data-settings=\"{&quot;animation&quot;:&quot;none&quot;,&quot;animation_tablet&quot;:&quot;none&quot;,&quot;animation_mobile&quot;:&quot;none&quot;,&quot;animation_delay&quot;:300}\">\n\t\t\t\t\t\t<div class=\"elementor-container elementor-column-gap-no\">\n\t\t\t\t\t<div class=\"elementor-column elementor-col-100 elementor-top-column elementor-element elementor-element-a9da4e8\" data-id=\"a9da4e8\" data-element_type=\"column\" data-e-type=\"column\">\n\t\t\t<div class=\"elementor-widget-wrap elementor-element-populated\">\n\t\t\t\t\t\t<div class=\"elementor-element elementor-element-4486c9c vamtam-theme-table-styles elementor-widget elementor-widget-toggle\" data-id=\"4486c9c\" data-element_type=\"widget\" data-e-type=\"widget\" data-widget_type=\"toggle.default\">\n\t\t\t\t<div class=\"elementor-widget-container\">\n\t\t\t\t\t\t\t<div class=\"elementor-toggle\">\n\t\t\t\t\t\t\t<div class=\"elementor-toggle-item\">\n\t\t\t\t\t<h3 id=\"elementor-tab-title-7181\" class=\"elementor-tab-title\" data-tab=\"1\" role=\"button\" aria-controls=\"elementor-tab-content-7181\" aria-expanded=\"false\">\n\t\t\t\t\t\t\t\t\t\t\t\t<span class=\"elementor-toggle-icon elementor-toggle-icon-right\" aria-hidden=\"true\">\n\t\t\t\t\t\t\t\t\t\t\t\t\t\t\t<span class=\"elementor-toggle-icon-closed\"><i class=\"vamtamtheme- vamtam-theme-arrow-down\"><\/i><\/span>\n\t\t\t\t\t\t\t\t<span class=\"elementor-toggle-icon-opened\"><i class=\"elementor-toggle-icon-opened vamtamtheme- vamtam-theme-arrow-up\"><\/i><\/span>\n\t\t\t\t\t\t\t\t\t\t\t\t\t<\/span>\n\t\t\t\t\t\t\t\t\t\t\t\t<a class=\"elementor-toggle-title\" tabindex=\"0\">Instalare \u0219i conectare<\/a>\n\t\t\t\t\t<\/h3>\n\n\t\t\t\t\t<div id=\"elementor-tab-content-7181\" class=\"elementor-tab-content elementor-clearfix\" data-tab=\"1\" role=\"region\" aria-labelledby=\"elementor-tab-title-7181\"><ul>\n<li><a href=\"https:\/\/www.youtube.com\/watch?v=I0lDau83Cbc\" target=\"_blank\" rel=\"noopener noreferrer\"><strong>Descarcarea aplicatiilor Office 365<\/strong><\/a><\/li>\n<li><a href=\"https:\/\/www.microsoft.com\/ro-ro\/microsoft-365\/microsoft-teams\/download-app\" target=\"_blank\" rel=\"noopener noreferrer\"><strong>Descarcare Microsoft Teams<\/strong><\/a><\/li>\n<li><a href=\"https:\/\/www.office.com\/?ref=login\" target=\"_blank\" rel=\"noopener noreferrer\"><strong>Conectare Microsoft Office 365<\/strong><\/a><\/li>\n<li><a href=\"https:\/\/www.youtube.com\/watch?v=jugBQqE_2sM&amp;list=PLXPr7gfUMmKxiPKpMocZRkA-AUDI9N1RB\" target=\"_blank\" rel=\"noopener noreferrer\"><strong>Videoclip de prezentare<\/strong><\/a><\/li>\n<li><a href=\"https:\/\/docs.microsoft.com\/en-us\/microsoftteams\/\" target=\"_blank\" rel=\"noopener noreferrer\"><strong>Documentatie Microsoft Teams<\/strong><\/a><\/li>\n<\/ul>\n<p>\u00a0<\/p>\n<p><u>Specifica\u021bii tehnice ale platformei Microsoft Teams<\/u><\/p>\n<ol>\n<li><strong>Sisteme de operare:<\/strong><\/li>\n<\/ol>\n<p>Aplica\u021bia Microsoft Teams este disponibil\u0103 \u00een versiuni de 32-bit si 64-bit pentru urm\u0103toarele sisteme de operare:<\/p>\n<ul>\n<li>Windows 8.1 sau mai nou<\/li>\n<li>ARM64 pentru Windows 10 pe ARM<\/li>\n<li>Windows Server (2012 R2 sau mai nou)<\/li>\n<li>macOS<\/li>\n<li>Linux (in format .deb sau .rpm)<\/li>\n<\/ul>\n<p>Pe Windows aplica\u021bia Teams necesit\u0103 .NET Framework (4.5 sau mai nou).<\/p>\n<p><strong>! Atentie ! Sistemul de operare Windows 7 nu mai prime\u0219te suport din partea Microsoft din 14 ianuarie 2020\u00a0<\/strong><strong>(mai multe informa\u021bii\u00a0<a href=\"https:\/\/support.microsoft.com\/en-us\/windows\/windows-7-support-ended-on-january-14-2020-b75d4580-2cc7-895a-2c9c-1466d9a53962\" target=\"_blank\" rel=\"noopener\">here<\/a>).<\/strong><\/p>\n<p>\u00a0<\/p>\n<ol start=\"2\">\n<li><strong>Browsere:<\/strong><\/li>\n<\/ol>\n<p>Versiunea web a aplica\u021biei Microsoft Teams functioneaz\u0103 doar pe urm\u0103toarele browsere:<\/p>\n<ul>\n<li>Microsoft Edge (RS2 sau mai nou)<\/li>\n<li>Google Chrome<\/li>\n<li>Safari (13.1 sau mai nou)<\/li>\n<\/ul>\n<p>Pentru mai multe informa\u021bii legate de compatibilitatea Teams cu diferite sisteme de operare \u0219i browsere accesa\u021bi linkul:\u00a0<a href=\"https:\/\/docs.microsoft.com\/en-us\/MicrosoftTeams\/get-clients\" target=\"_blank\" rel=\"noopener\" data-auth=\"NotApplicable\">https:\/\/docs.microsoft.com\/en-us\/MicrosoftTeams\/get-clients<\/a><\/p>\n<p>\u00a0<\/p>\n<ol start=\"3\">\n<li><strong>Cerin\u021be minime de hardware:<\/strong><\/li>\n<\/ol>\n<p>Cerin\u021bele hardware pentru Microsoft Teams sunt:<\/p>\n<ul>\n<li>\n<ul>\n<li>\n<ul>\n<li>Procesor: 1.6 Ghz, 2 core<\/li>\n<li>RAM: 4GB<\/li>\n<li>Stocare: 3GB liberi<\/li>\n<li>Ecran: 1024 x 768<\/li>\n<\/ul>\n<\/li>\n<\/ul>\n<\/li>\n<\/ul>\n<p>\u00a0<\/p>\n<p>Pentru mai multe detalii despre cerin\u021bele Teams accesa\u021bi linkul:\u00a0<a href=\"https:\/\/docs.microsoft.com\/en-us\/microsoftteams\/hardware-requirements-for-the-teams-app\" target=\"_blank\" rel=\"noopener\" data-auth=\"NotApplicable\">https:\/\/docs.microsoft.com\/en-us\/microsoftteams\/hardware-requirements-for-the-teams-app<\/a><\/p><\/div>\n\t\t\t\t<\/div>\n\t\t\t\t\t\t\t<div class=\"elementor-toggle-item\">\n\t\t\t\t\t<h3 id=\"elementor-tab-title-7182\" class=\"elementor-tab-title\" data-tab=\"2\" role=\"button\" aria-controls=\"elementor-tab-content-7182\" aria-expanded=\"false\">\n\t\t\t\t\t\t\t\t\t\t\t\t<span class=\"elementor-toggle-icon elementor-toggle-icon-right\" aria-hidden=\"true\">\n\t\t\t\t\t\t\t\t\t\t\t\t\t\t\t<span class=\"elementor-toggle-icon-closed\"><i class=\"vamtamtheme- vamtam-theme-arrow-down\"><\/i><\/span>\n\t\t\t\t\t\t\t\t<span class=\"elementor-toggle-icon-opened\"><i class=\"elementor-toggle-icon-opened vamtamtheme- vamtam-theme-arrow-up\"><\/i><\/span>\n\t\t\t\t\t\t\t\t\t\t\t\t\t<\/span>\n\t\t\t\t\t\t\t\t\t\t\t\t<a class=\"elementor-toggle-title\" tabindex=\"0\">Ghiduri<\/a>\n\t\t\t\t\t<\/h3>\n\n\t\t\t\t\t<div id=\"elementor-tab-content-7182\" class=\"elementor-tab-content elementor-clearfix\" data-tab=\"2\" role=\"region\" aria-labelledby=\"elementor-tab-title-7182\"><ul>\n<li><a href=\"\/wp-content\/uploads\/2026\/03\/1.-Accesare-cont-Office-365-student.pdf\" target=\"_blank\" rel=\"noopener noreferrer\"><strong><span lang=\"EN-GB\">Accesare cont<\/span><\/strong><\/a><\/li>\n<li><a href=\"\/wp-content\/uploads\/2026\/03\/2.-Resetare-parola-cont-Office-365-student.pdf\" target=\"_blank\" rel=\"noopener noreferrer\"><strong><span lang=\"EN-GB\">Resetare parola<\/span><\/strong><\/a><\/li>\n<li><a href=\"\/wp-content\/uploads\/2026\/03\/3.-Instalare-Office-365-student.pdf\" target=\"_blank\" rel=\"noopener noreferrer\"><strong><span lang=\"EN-GB\">Instalare Office 365<\/span><\/strong><\/a><\/li>\n<li><a href=\"\/wp-content\/uploads\/2026\/03\/4.-Instalare-Microsoft-Outlook-student.pdf\" target=\"_blank\" rel=\"noopener noreferrer\"><strong><span lang=\"EN-GB\">Instalare Microsoft Outlook<\/span><\/strong><\/a><\/li>\n<li><a href=\"\/wp-content\/uploads\/2026\/03\/5.-Instalare-Microsoft-Teams-student.pdf\" target=\"_blank\" rel=\"noopener noreferrer\"><strong><span lang=\"EN-GB\">Instalare Microsoft Teams<\/span><\/strong><\/a><\/li>\n<li><a href=\"\/wp-content\/uploads\/2026\/03\/6.-Prezentare-generala-Microsoft-Teams-student.pdf\" target=\"_blank\" rel=\"noopener noreferrer\"><strong><span lang=\"EN-GB\">Prezentare generala Microsoft Teams<\/span><\/strong><\/a><\/li>\n<li><a href=\"\/wp-content\/uploads\/2026\/03\/7.-Prezentare-clasei-Microsoft-Teams-student.pdf\" target=\"_blank\" rel=\"noopener noreferrer\"><strong><span lang=\"EN-GB\">Prezentare generala clasa Microsoft Teams<\/span><\/strong><\/a><\/li>\n<li><a href=\"\/wp-content\/uploads\/2026\/03\/8.-Accesarea-cursurilor-online-student.pdf\" target=\"_blank\" rel=\"noopener noreferrer\"><strong><span lang=\"EN-GB\">Accesarea cursuri online<\/span><\/strong><\/a><\/li>\n<li><a href=\"\/wp-content\/uploads\/2026\/03\/9.-Functionalitatile-cursului-online-student.pdf\" target=\"_blank\" rel=\"noopener noreferrer\"><strong><span lang=\"EN-GB\">Functionalitatile cursului online<\/span><\/strong><\/a><\/li>\n<li><a href=\"\/wp-content\/uploads\/2026\/03\/10.-Descarcare-fisier-student.pdf\" target=\"_blank\" rel=\"noopener noreferrer\"><strong><span lang=\"EN-GB\">Descarcare fisiere<\/span><\/strong><\/a><\/li>\n<li><a href=\"\/wp-content\/uploads\/2026\/03\/11.-Incarcare-fisiere-student.pdf\" target=\"_blank\" rel=\"noopener noreferrer\"><strong><span lang=\"EN-GB\">Incarcare fisiere<\/span><\/strong><\/a><\/li>\n<li><a href=\"\/wp-content\/uploads\/2026\/03\/12.-Chat-student.pdf\" target=\"_blank\" rel=\"noopener noreferrer\"><strong><span lang=\"EN-GB\">Chat<\/span><\/strong><\/a><\/li>\n<li><a href=\"\/wp-content\/uploads\/2026\/03\/13.-Tema-Assignment-student.pdf\" target=\"_blank\" rel=\"noopener noreferrer\"><strong><span lang=\"EN-GB\">Teme<\/span><\/strong><\/a><\/li>\n<li><a href=\"\/wp-content\/uploads\/2026\/03\/14.-Microsoft-Forms-student.pdf\" target=\"_blank\" rel=\"noopener noreferrer\"><strong><span lang=\"EN-GB\">Microsoft Forms<\/span><\/strong><\/a><\/li>\n<\/ul>\n<p><a href=\"\/wp-content\/uploads\/2026\/03\/UTM_DITC_GHID_010.pdf\"><strong>Ghid de norme etice privind utilizarea platformei e-learning Microsoft Teams<\/strong><\/a><\/p><\/div>\n\t\t\t\t<\/div>\n\t\t\t\t\t\t\t<div class=\"elementor-toggle-item\">\n\t\t\t\t\t<h3 id=\"elementor-tab-title-7183\" class=\"elementor-tab-title\" data-tab=\"3\" role=\"button\" aria-controls=\"elementor-tab-content-7183\" aria-expanded=\"false\">\n\t\t\t\t\t\t\t\t\t\t\t\t<span class=\"elementor-toggle-icon elementor-toggle-icon-right\" aria-hidden=\"true\">\n\t\t\t\t\t\t\t\t\t\t\t\t\t\t\t<span class=\"elementor-toggle-icon-closed\"><i class=\"vamtamtheme- vamtam-theme-arrow-down\"><\/i><\/span>\n\t\t\t\t\t\t\t\t<span class=\"elementor-toggle-icon-opened\"><i class=\"elementor-toggle-icon-opened vamtamtheme- vamtam-theme-arrow-up\"><\/i><\/span>\n\t\t\t\t\t\t\t\t\t\t\t\t\t<\/span>\n\t\t\t\t\t\t\t\t\t\t\t\t<a class=\"elementor-toggle-title\" tabindex=\"0\">Technical support<\/a>\n\t\t\t\t\t<\/h3>\n\n\t\t\t\t\t<div id=\"elementor-tab-content-7183\" class=\"elementor-tab-content elementor-clearfix\" data-tab=\"3\" role=\"region\" aria-labelledby=\"elementor-tab-title-7183\"><p><strong><span lang=\"en-GB\">Pentru suport tehnic, va rog sa ne contactati la adresa de mail: <\/span><a href=\"mailto:it@univ.utm.ro\" target=\"_blank\" rel=\"noopener noreferrer\" data-auth=\"NotApplicable\"><span lang=\"en-GB\">it@univ.utm.ro<\/span><\/a><span lang=\"en-GB\">\u00a0sau la numarul de telefon: 0724 244 171, in zilele lucratoare, in intervalul orar 08:00-16:00.<\/span><\/strong><\/p><\/div>\n\t\t\t\t<\/div>\n\t\t\t\t\t\t\t\t<\/div>\n\t\t\t\t\t\t<\/div>\n\t\t\t\t<\/div>\n\t\t\t\t\t<\/div>\n\t\t<\/div>\n\t\t\t\t\t<\/div>\n\t\t<\/section>\n\t\t\t\t<section class=\"elementor-section elementor-top-section elementor-element elementor-element-bbe3c4c elementor-section-boxed elementor-section-height-default elementor-section-height-default\" data-id=\"bbe3c4c\" data-element_type=\"section\" data-e-type=\"section\" data-settings=\"{&quot;background_background&quot;:&quot;classic&quot;}\">\n\t\t\t\t\t\t<div class=\"elementor-container elementor-column-gap-default\">\n\t\t\t\t\t<div class=\"elementor-column elementor-col-33 elementor-top-column elementor-element elementor-element-2f0c09d\" data-id=\"2f0c09d\" data-element_type=\"column\" data-e-type=\"column\">\n\t\t\t<div class=\"elementor-widget-wrap elementor-element-populated\">\n\t\t\t\t\t\t<div class=\"elementor-element elementor-element-6b073d7 elementor-widget__width-initial elementor-widget elementor-widget-heading\" data-id=\"6b073d7\" data-element_type=\"widget\" data-e-type=\"widget\" data-widget_type=\"heading.default\">\n\t\t\t\t<div class=\"elementor-widget-container\">\n\t\t\t\t\t<h3 class=\"elementor-heading-title elementor-size-default\">Go to<br>Student Portal<\/h3>\t\t\t\t<\/div>\n\t\t\t\t<\/div>\n\t\t\t\t\t<\/div>\n\t\t<\/div>\n\t\t\t\t<div class=\"elementor-column elementor-col-33 elementor-top-column elementor-element elementor-element-40bc3e3\" data-id=\"40bc3e3\" data-element_type=\"column\" data-e-type=\"column\">\n\t\t\t<div class=\"elementor-widget-wrap\">\n\t\t\t\t\t\t\t<\/div>\n\t\t<\/div>\n\t\t\t\t<div class=\"elementor-column elementor-col-33 elementor-top-column elementor-element elementor-element-714b2bb\" data-id=\"714b2bb\" data-element_type=\"column\" data-e-type=\"column\" data-settings=\"{&quot;background_background&quot;:&quot;classic&quot;}\">\n\t\t\t<div class=\"elementor-widget-wrap elementor-element-populated\">\n\t\t\t\t\t\t<div class=\"elementor-element elementor-element-f730a8d elementor-align-justify elementor-mobile-align-left elementor-widget elementor-widget-button\" data-id=\"f730a8d\" data-element_type=\"widget\" data-e-type=\"widget\" data-widget_type=\"button.default\">\n\t\t\t\t<div class=\"elementor-widget-container\">\n\t\t\t\t\t\t\t\t\t<div class=\"elementor-button-wrapper\">\n\t\t\t\t\t<a class=\"elementor-button elementor-button-link elementor-size-sm\" href=\"https:\/\/portal.utm.ro\/\" target=\"_blank\" rel=\"noopener\">\n\t\t\t\t\t\t<span class=\"elementor-button-content-wrapper\">\n\t\t\t\t\t\t<span class=\"elementor-button-icon\">\n\t\t\t\t<i aria-hidden=\"true\" class=\"vamtamtheme- vamtam-theme-arrow-right\"><\/i>\t\t\t<\/span>\n\t\t\t\t\t\t\t\t\t<span class=\"elementor-button-text\">To page<\/span>\n\t\t\t\t\t<\/span>\n\t\t\t\t\t<\/a>\n\t\t\t\t<\/div>\n\t\t\t\t\t\t\t\t<\/div>\n\t\t\t\t<\/div>\n\t\t\t\t\t<\/div>\n\t\t<\/div>\n\t\t\t\t\t<\/div>\n\t\t<\/section>\n\t\t\t\t<section class=\"elementor-section elementor-top-section elementor-element elementor-element-fd895b7 elementor-section-boxed elementor-section-height-default elementor-section-height-default\" data-id=\"fd895b7\" data-element_type=\"section\" data-e-type=\"section\">\n\t\t\t\t\t\t<div class=\"elementor-container elementor-column-gap-default\">\n\t\t\t\t\t<div class=\"elementor-column elementor-col-100 elementor-top-column elementor-element elementor-element-05b3fa5\" data-id=\"05b3fa5\" data-element_type=\"column\" data-e-type=\"column\">\n\t\t\t<div class=\"elementor-widget-wrap elementor-element-populated\">\n\t\t\t\t\t\t<div class=\"elementor-element elementor-element-d854764 elementor-widget elementor-widget-spacer\" data-id=\"d854764\" data-element_type=\"widget\" data-e-type=\"widget\" data-widget_type=\"spacer.default\">\n\t\t\t\t<div class=\"elementor-widget-container\">\n\t\t\t\t\t\t\t<div class=\"elementor-spacer\">\n\t\t\t<div class=\"elementor-spacer-inner\"><\/div>\n\t\t<\/div>\n\t\t\t\t\t\t<\/div>\n\t\t\t\t<\/div>\n\t\t\t\t\t<\/div>\n\t\t<\/div>\n\t\t\t\t\t<\/div>\n\t\t<\/section>\n\t\t\t\t<\/div>","protected":false},"excerpt":{"rendered":"<p>IT&amp;C Pachet Microsoft Instalare \u0219i conectare Descarcarea aplicatiilor Office 365 Descarcare Microsoft Teams Conectare Microsoft Office 365 Videoclip de prezentare Documentatie Microsoft Teams \u00a0 Specifica\u021bii tehnice ale platformei Microsoft Teams Sisteme de operare: Aplica\u021bia Microsoft Teams este disponibil\u0103 \u00een versiuni de 32-bit si 64-bit pentru urm\u0103toarele sisteme de operare: Windows 8.1 sau mai nou ARM64&#8230;<\/p>","protected":false},"author":1,"featured_media":0,"parent":24376,"menu_order":0,"comment_status":"closed","ping_status":"closed","template":"","meta":{"footnotes":""},"class_list":["post-28139","page","type-page","status-publish","hentry"],"_links":{"self":[{"href":"https:\/\/site.utm.ro\/en\/wp-json\/wp\/v2\/pages\/28139","targetHints":{"allow":["GET"]}}],"collection":[{"href":"https:\/\/site.utm.ro\/en\/wp-json\/wp\/v2\/pages"}],"about":[{"href":"https:\/\/site.utm.ro\/en\/wp-json\/wp\/v2\/types\/page"}],"author":[{"embeddable":true,"href":"https:\/\/site.utm.ro\/en\/wp-json\/wp\/v2\/users\/1"}],"replies":[{"embeddable":true,"href":"https:\/\/site.utm.ro\/en\/wp-json\/wp\/v2\/comments?post=28139"}],"version-history":[{"count":0,"href":"https:\/\/site.utm.ro\/en\/wp-json\/wp\/v2\/pages\/28139\/revisions"}],"up":[{"embeddable":true,"href":"https:\/\/site.utm.ro\/en\/wp-json\/wp\/v2\/pages\/24376"}],"wp:attachment":[{"href":"https:\/\/site.utm.ro\/en\/wp-json\/wp\/v2\/media?parent=28139"}],"curies":[{"name":"wp","href":"https:\/\/api.w.org\/{rel}","templated":true}]}}