{"id":28073,"date":"2026-03-02T12:21:17","date_gmt":"2026-03-02T12:21:17","guid":{"rendered":"https:\/\/site.utm.ro\/?page_id=28073"},"modified":"2026-03-02T12:22:41","modified_gmt":"2026-03-02T12:22:41","slug":"sala-sport","status":"publish","type":"page","link":"https:\/\/site.utm.ro\/en\/studenti\/sala-sport\/","title":{"rendered":"Gym"},"content":{"rendered":"<div data-elementor-type=\"wp-page\" data-elementor-id=\"28073\" class=\"elementor elementor-28073\" data-elementor-post-type=\"page\">\n\t\t\t\t\t\t<section class=\"elementor-section elementor-top-section elementor-element elementor-element-9bfbf41 elementor-section-height-min-height elementor-section-full_width elementor-section-height-default elementor-section-items-middle\" data-id=\"9bfbf41\" data-element_type=\"section\" data-e-type=\"section\" data-settings=\"{&quot;background_background&quot;:&quot;classic&quot;}\">\n\t\t\t\t\t\t\t<div class=\"elementor-background-overlay\"><\/div>\n\t\t\t\t\t\t\t<div class=\"elementor-container elementor-column-gap-default\">\n\t\t\t\t\t<div class=\"elementor-column elementor-col-100 elementor-top-column elementor-element elementor-element-8de35de\" data-id=\"8de35de\" data-element_type=\"column\" data-e-type=\"column\" data-settings=\"{&quot;background_background&quot;:&quot;classic&quot;}\">\n\t\t\t<div class=\"elementor-widget-wrap\">\n\t\t\t\t\t\t\t<\/div>\n\t\t<\/div>\n\t\t\t\t\t<\/div>\n\t\t<\/section>\n\t\t\t\t<section class=\"elementor-section elementor-top-section elementor-element elementor-element-b0d679f elementor-section-boxed elementor-section-height-default elementor-section-height-default\" data-id=\"b0d679f\" data-element_type=\"section\" data-e-type=\"section\">\n\t\t\t\t\t\t<div class=\"elementor-container elementor-column-gap-no\">\n\t\t\t\t\t<div class=\"elementor-column elementor-col-50 elementor-top-column elementor-element elementor-element-7d37ee1 animated-fast elementor-invisible\" data-id=\"7d37ee1\" data-element_type=\"column\" data-e-type=\"column\" data-settings=\"{&quot;background_background&quot;:&quot;classic&quot;,&quot;animation&quot;:&quot;fadeIn&quot;,&quot;animation_tablet&quot;:&quot;none&quot;,&quot;animation_mobile&quot;:&quot;none&quot;,&quot;animation_delay&quot;:100}\">\n\t\t\t<div class=\"elementor-widget-wrap elementor-element-populated\">\n\t\t\t\t\t\t<div class=\"elementor-element elementor-element-d7e6623 elementor-widget elementor-widget-heading\" data-id=\"d7e6623\" data-element_type=\"widget\" data-e-type=\"widget\" data-widget_type=\"heading.default\">\n\t\t\t\t<div class=\"elementor-widget-container\">\n\t\t\t\t\t<h1 class=\"elementor-heading-title elementor-size-default\">Gym<\/h1>\t\t\t\t<\/div>\n\t\t\t\t<\/div>\n\t\t\t\t\t<\/div>\n\t\t<\/div>\n\t\t\t\t<div class=\"elementor-column elementor-col-50 elementor-top-column elementor-element elementor-element-6f23bc9 elementor-hidden-desktop elementor-hidden-tablet elementor-hidden-phone\" data-id=\"6f23bc9\" data-element_type=\"column\" data-e-type=\"column\">\n\t\t\t<div class=\"elementor-widget-wrap\">\n\t\t\t\t\t\t\t<\/div>\n\t\t<\/div>\n\t\t\t\t\t<\/div>\n\t\t<\/section>\n\t\t\t\t<section class=\"elementor-section elementor-top-section elementor-element elementor-element-a3e15c4 elementor-section-boxed elementor-section-height-default elementor-section-height-default\" data-id=\"a3e15c4\" data-element_type=\"section\" data-e-type=\"section\">\n\t\t\t\t\t\t<div class=\"elementor-container elementor-column-gap-default\">\n\t\t\t\t\t<div class=\"elementor-column elementor-col-100 elementor-top-column elementor-element elementor-element-1dc49ae\" data-id=\"1dc49ae\" data-element_type=\"column\" data-e-type=\"column\">\n\t\t\t<div class=\"elementor-widget-wrap elementor-element-populated\">\n\t\t\t\t\t\t<div class=\"elementor-element elementor-element-6b7568a elementor-widget elementor-widget-text-editor\" data-id=\"6b7568a\" data-element_type=\"widget\" data-e-type=\"widget\" data-widget_type=\"text-editor.default\">\n\t\t\t\t<div class=\"elementor-widget-container\">\n\t\t\t\t\t\t\t\t\t<p><strong><em>Nothing exhausts and ruins man more than physical inactivity.<\/em><\/strong><\/p>\n<p><strong>Aristotle<\/strong><\/p>\n<p>\u00a0<\/p>\n<p>Titu Maiorescu University offers you the Student Sports Hall for students who want to practice physical activities in their free time after study hours.\u00a0<strong>\u00a0It is located in student dormitory C3, located on Bd. Gheorghe \u0218incai no. 16.<\/strong><\/p>\n<p>The gym has fitness equipment such as treadmills, dumbbells of different weights, as well as other sports equipment for relaxing activities such as ping pong or boxing. There is also a space here for those who want to exercise like pilates or aerobics.<\/p>\t\t\t\t\t\t\t\t<\/div>\n\t\t\t\t<\/div>\n\t\t\t\t\t<\/div>\n\t\t<\/div>\n\t\t\t\t\t<\/div>\n\t\t<\/section>\n\t\t\t\t<section class=\"elementor-section elementor-top-section elementor-element elementor-element-aca2ce5 elementor-section-boxed elementor-section-height-default elementor-section-height-default\" data-id=\"aca2ce5\" data-element_type=\"section\" data-e-type=\"section\">\n\t\t\t\t\t\t<div class=\"elementor-container elementor-column-gap-default\">\n\t\t\t\t\t<div class=\"elementor-column elementor-col-100 elementor-top-column elementor-element elementor-element-d82367c\" data-id=\"d82367c\" data-element_type=\"column\" data-e-type=\"column\">\n\t\t\t<div class=\"elementor-widget-wrap elementor-element-populated\">\n\t\t\t\t\t\t<div class=\"elementor-element elementor-element-3092711 gallery-spacing-custom elementor-widget elementor-widget-image-gallery\" data-id=\"3092711\" data-element_type=\"widget\" data-e-type=\"widget\" data-widget_type=\"image-gallery.default\">\n\t\t\t\t<div class=\"elementor-widget-container\">\n\t\t\t\t\t\t\t<div class=\"elementor-image-gallery\">\n\t\t\t<div id='gallery-1' class='gallery galleryid-28073 gallery-columns-4 gallery-size-thumbnail'><figure class='gallery-item'>\n\t\t\t<div class='gallery-icon landscape'>\n\t\t\t\t<a data-elementor-open-lightbox=\"yes\" data-elementor-lightbox-slideshow=\"3092711\" data-elementor-lightbox-title=\"DSCN1364\" data-e-action-hash=\"#elementor-action%3Aaction%3Dlightbox%26settings%3DeyJpZCI6MjgwNzUsInVybCI6Imh0dHBzOlwvXC9zaXRlLnV0bS5yb1wvd3AtY29udGVudFwvdXBsb2Fkc1wvMjAyNlwvMDNcL0RTQ04xMzY0LndlYnAiLCJzbGlkZXNob3ciOiIzMDkyNzExIn0%3D\" href='https:\/\/site.utm.ro\/wp-content\/uploads\/2026\/03\/DSCN1364.webp'><img decoding=\"async\" width=\"150\" height=\"150\" src=\"https:\/\/site.utm.ro\/wp-content\/uploads\/2026\/03\/DSCN1364-150x150.webp\" class=\"attachment-thumbnail size-thumbnail\" alt=\"\" srcset=\"https:\/\/site.utm.ro\/wp-content\/uploads\/2026\/03\/DSCN1364-150x150.webp 150w, https:\/\/site.utm.ro\/wp-content\/uploads\/2026\/03\/DSCN1364-315x315.webp 315w\" sizes=\"(max-width: 150px) 100vw, 150px\" \/><\/a>\n\t\t\t<\/div><\/figure><figure class='gallery-item'>\n\t\t\t<div class='gallery-icon landscape'>\n\t\t\t\t<a data-elementor-open-lightbox=\"yes\" data-elementor-lightbox-slideshow=\"3092711\" data-elementor-lightbox-title=\"DSCN1341\" data-e-action-hash=\"#elementor-action%3Aaction%3Dlightbox%26settings%3DeyJpZCI6MjgwNzYsInVybCI6Imh0dHBzOlwvXC9zaXRlLnV0bS5yb1wvd3AtY29udGVudFwvdXBsb2Fkc1wvMjAyNlwvMDNcL0RTQ04xMzQxLndlYnAiLCJzbGlkZXNob3ciOiIzMDkyNzExIn0%3D\" href='https:\/\/site.utm.ro\/wp-content\/uploads\/2026\/03\/DSCN1341.webp'><img decoding=\"async\" width=\"150\" height=\"150\" src=\"https:\/\/site.utm.ro\/wp-content\/uploads\/2026\/03\/DSCN1341-150x150.webp\" class=\"attachment-thumbnail size-thumbnail\" alt=\"\" srcset=\"https:\/\/site.utm.ro\/wp-content\/uploads\/2026\/03\/DSCN1341-150x150.webp 150w, https:\/\/site.utm.ro\/wp-content\/uploads\/2026\/03\/DSCN1341-315x315.webp 315w\" sizes=\"(max-width: 150px) 100vw, 150px\" \/><\/a>\n\t\t\t<\/div><\/figure><figure class='gallery-item'>\n\t\t\t<div class='gallery-icon landscape'>\n\t\t\t\t<a data-elementor-open-lightbox=\"yes\" data-elementor-lightbox-slideshow=\"3092711\" data-elementor-lightbox-title=\"DSCN1352\" data-e-action-hash=\"#elementor-action%3Aaction%3Dlightbox%26settings%3DeyJpZCI6MjgwNzcsInVybCI6Imh0dHBzOlwvXC9zaXRlLnV0bS5yb1wvd3AtY29udGVudFwvdXBsb2Fkc1wvMjAyNlwvMDNcL0RTQ04xMzUyLndlYnAiLCJzbGlkZXNob3ciOiIzMDkyNzExIn0%3D\" href='https:\/\/site.utm.ro\/wp-content\/uploads\/2026\/03\/DSCN1352.webp'><img decoding=\"async\" width=\"150\" height=\"150\" src=\"https:\/\/site.utm.ro\/wp-content\/uploads\/2026\/03\/DSCN1352-150x150.webp\" class=\"attachment-thumbnail size-thumbnail\" alt=\"\" srcset=\"https:\/\/site.utm.ro\/wp-content\/uploads\/2026\/03\/DSCN1352-150x150.webp 150w, https:\/\/site.utm.ro\/wp-content\/uploads\/2026\/03\/DSCN1352-315x315.webp 315w\" sizes=\"(max-width: 150px) 100vw, 150px\" \/><\/a>\n\t\t\t<\/div><\/figure><figure class='gallery-item'>\n\t\t\t<div class='gallery-icon landscape'>\n\t\t\t\t<a data-elementor-open-lightbox=\"yes\" data-elementor-lightbox-slideshow=\"3092711\" data-elementor-lightbox-title=\"DSCN1347\" data-e-action-hash=\"#elementor-action%3Aaction%3Dlightbox%26settings%3DeyJpZCI6MjgwNzgsInVybCI6Imh0dHBzOlwvXC9zaXRlLnV0bS5yb1wvd3AtY29udGVudFwvdXBsb2Fkc1wvMjAyNlwvMDNcL0RTQ04xMzQ3LndlYnAiLCJzbGlkZXNob3ciOiIzMDkyNzExIn0%3D\" href='https:\/\/site.utm.ro\/wp-content\/uploads\/2026\/03\/DSCN1347.webp'><img loading=\"lazy\" decoding=\"async\" width=\"150\" height=\"150\" src=\"https:\/\/site.utm.ro\/wp-content\/uploads\/2026\/03\/DSCN1347-150x150.webp\" class=\"attachment-thumbnail size-thumbnail\" alt=\"\" srcset=\"https:\/\/site.utm.ro\/wp-content\/uploads\/2026\/03\/DSCN1347-150x150.webp 150w, https:\/\/site.utm.ro\/wp-content\/uploads\/2026\/03\/DSCN1347-315x315.webp 315w\" sizes=\"(max-width: 150px) 100vw, 150px\" \/><\/a>\n\t\t\t<\/div><\/figure><figure class='gallery-item'>\n\t\t\t<div class='gallery-icon landscape'>\n\t\t\t\t<a data-elementor-open-lightbox=\"yes\" data-elementor-lightbox-slideshow=\"3092711\" data-elementor-lightbox-title=\"DSCN1377\" data-e-action-hash=\"#elementor-action%3Aaction%3Dlightbox%26settings%3DeyJpZCI6MjgwNzksInVybCI6Imh0dHBzOlwvXC9zaXRlLnV0bS5yb1wvd3AtY29udGVudFwvdXBsb2Fkc1wvMjAyNlwvMDNcL0RTQ04xMzc3LndlYnAiLCJzbGlkZXNob3ciOiIzMDkyNzExIn0%3D\" href='https:\/\/site.utm.ro\/wp-content\/uploads\/2026\/03\/DSCN1377.webp'><img loading=\"lazy\" decoding=\"async\" width=\"150\" height=\"150\" src=\"https:\/\/site.utm.ro\/wp-content\/uploads\/2026\/03\/DSCN1377-150x150.webp\" class=\"attachment-thumbnail size-thumbnail\" alt=\"\" srcset=\"https:\/\/site.utm.ro\/wp-content\/uploads\/2026\/03\/DSCN1377-150x150.webp 150w, https:\/\/site.utm.ro\/wp-content\/uploads\/2026\/03\/DSCN1377-315x315.webp 315w\" sizes=\"(max-width: 150px) 100vw, 150px\" \/><\/a>\n\t\t\t<\/div><\/figure><figure class='gallery-item'>\n\t\t\t<div class='gallery-icon landscape'>\n\t\t\t\t<a data-elementor-open-lightbox=\"yes\" data-elementor-lightbox-slideshow=\"3092711\" data-elementor-lightbox-title=\"DSCN1334\" data-e-action-hash=\"#elementor-action%3Aaction%3Dlightbox%26settings%3DeyJpZCI6MjgwODAsInVybCI6Imh0dHBzOlwvXC9zaXRlLnV0bS5yb1wvd3AtY29udGVudFwvdXBsb2Fkc1wvMjAyNlwvMDNcL0RTQ04xMzM0LndlYnAiLCJzbGlkZXNob3ciOiIzMDkyNzExIn0%3D\" href='https:\/\/site.utm.ro\/wp-content\/uploads\/2026\/03\/DSCN1334.webp'><img loading=\"lazy\" decoding=\"async\" width=\"150\" height=\"150\" src=\"https:\/\/site.utm.ro\/wp-content\/uploads\/2026\/03\/DSCN1334-150x150.webp\" class=\"attachment-thumbnail size-thumbnail\" alt=\"\" srcset=\"https:\/\/site.utm.ro\/wp-content\/uploads\/2026\/03\/DSCN1334-150x150.webp 150w, https:\/\/site.utm.ro\/wp-content\/uploads\/2026\/03\/DSCN1334-315x315.webp 315w\" sizes=\"(max-width: 150px) 100vw, 150px\" \/><\/a>\n\t\t\t<\/div><\/figure><figure class='gallery-item'>\n\t\t\t<div class='gallery-icon landscape'>\n\t\t\t\t<a data-elementor-open-lightbox=\"yes\" data-elementor-lightbox-slideshow=\"3092711\" data-elementor-lightbox-title=\"DSCN1331\" data-e-action-hash=\"#elementor-action%3Aaction%3Dlightbox%26settings%3DeyJpZCI6MjgwODEsInVybCI6Imh0dHBzOlwvXC9zaXRlLnV0bS5yb1wvd3AtY29udGVudFwvdXBsb2Fkc1wvMjAyNlwvMDNcL0RTQ04xMzMxLndlYnAiLCJzbGlkZXNob3ciOiIzMDkyNzExIn0%3D\" href='https:\/\/site.utm.ro\/wp-content\/uploads\/2026\/03\/DSCN1331.webp'><img loading=\"lazy\" decoding=\"async\" width=\"150\" height=\"150\" src=\"https:\/\/site.utm.ro\/wp-content\/uploads\/2026\/03\/DSCN1331-150x150.webp\" class=\"attachment-thumbnail size-thumbnail\" alt=\"\" srcset=\"https:\/\/site.utm.ro\/wp-content\/uploads\/2026\/03\/DSCN1331-150x150.webp 150w, https:\/\/site.utm.ro\/wp-content\/uploads\/2026\/03\/DSCN1331-315x315.webp 315w\" sizes=\"(max-width: 150px) 100vw, 150px\" \/><\/a>\n\t\t\t<\/div><\/figure><figure class='gallery-item'>\n\t\t\t<div class='gallery-icon landscape'>\n\t\t\t\t<a data-elementor-open-lightbox=\"yes\" data-elementor-lightbox-slideshow=\"3092711\" data-elementor-lightbox-title=\"DSCN1322\" data-e-action-hash=\"#elementor-action%3Aaction%3Dlightbox%26settings%3DeyJpZCI6MjgwODIsInVybCI6Imh0dHBzOlwvXC9zaXRlLnV0bS5yb1wvd3AtY29udGVudFwvdXBsb2Fkc1wvMjAyNlwvMDNcL0RTQ04xMzIyLndlYnAiLCJzbGlkZXNob3ciOiIzMDkyNzExIn0%3D\" href='https:\/\/site.utm.ro\/wp-content\/uploads\/2026\/03\/DSCN1322.webp'><img loading=\"lazy\" decoding=\"async\" width=\"150\" height=\"150\" src=\"https:\/\/site.utm.ro\/wp-content\/uploads\/2026\/03\/DSCN1322-150x150.webp\" class=\"attachment-thumbnail size-thumbnail\" alt=\"\" srcset=\"https:\/\/site.utm.ro\/wp-content\/uploads\/2026\/03\/DSCN1322-150x150.webp 150w, https:\/\/site.utm.ro\/wp-content\/uploads\/2026\/03\/DSCN1322-315x315.webp 315w\" sizes=\"(max-width: 150px) 100vw, 150px\" \/><\/a>\n\t\t\t<\/div><\/figure>\n\t\t<\/div>\n\t\t<\/div>\n\t\t\t\t\t\t<\/div>\n\t\t\t\t<\/div>\n\t\t\t\t\t<\/div>\n\t\t<\/div>\n\t\t\t\t\t<\/div>\n\t\t<\/section>\n\t\t\t\t<section class=\"elementor-section elementor-top-section elementor-element elementor-element-57bdfdf elementor-section-boxed elementor-section-height-default elementor-section-height-default\" data-id=\"57bdfdf\" data-element_type=\"section\" data-e-type=\"section\">\n\t\t\t\t\t\t<div class=\"elementor-container elementor-column-gap-default\">\n\t\t\t\t\t<div class=\"elementor-column elementor-col-100 elementor-top-column elementor-element elementor-element-ddc33fa\" data-id=\"ddc33fa\" data-element_type=\"column\" data-e-type=\"column\">\n\t\t\t<div class=\"elementor-widget-wrap elementor-element-populated\">\n\t\t\t\t\t\t<div class=\"elementor-element elementor-element-2e0dc6a elementor-widget elementor-widget-spacer\" data-id=\"2e0dc6a\" data-element_type=\"widget\" data-e-type=\"widget\" data-widget_type=\"spacer.default\">\n\t\t\t\t<div class=\"elementor-widget-container\">\n\t\t\t\t\t\t\t<div class=\"elementor-spacer\">\n\t\t\t<div class=\"elementor-spacer-inner\"><\/div>\n\t\t<\/div>\n\t\t\t\t\t\t<\/div>\n\t\t\t\t<\/div>\n\t\t\t\t\t<\/div>\n\t\t<\/div>\n\t\t\t\t\t<\/div>\n\t\t<\/section>\n\t\t\t\t<\/div>","protected":false},"excerpt":{"rendered":"<p>Sal\u0103 sport Nimic nu-l epuizeaz\u0103 \u0219i nu-l ruineaz\u0103 mai mult pe om dec\u00e2t inactivitatea fizic\u0103. Aristotel \u00a0 Universitatea Titu Maiorescu v\u0103 pune la dispozi\u021bie Sala de Sport Studen\u021beasc\u0103 pentru studen\u021bii care \u00ee\u0219i doresc s\u0103 practice activit\u0103\u021bi fizice \u00een timpul liber dup\u0103 orele de studiu.\u00a0\u00a0Aceasta\u00a0se afl\u0103 \u00een c\u0103minul studen\u021besc C3, situat pe Bd. Gheorghe \u0218incai nr&#8230;.<\/p>","protected":false},"author":1,"featured_media":0,"parent":24376,"menu_order":0,"comment_status":"closed","ping_status":"closed","template":"","meta":{"footnotes":""},"class_list":["post-28073","page","type-page","status-publish","hentry"],"_links":{"self":[{"href":"https:\/\/site.utm.ro\/en\/wp-json\/wp\/v2\/pages\/28073","targetHints":{"allow":["GET"]}}],"collection":[{"href":"https:\/\/site.utm.ro\/en\/wp-json\/wp\/v2\/pages"}],"about":[{"href":"https:\/\/site.utm.ro\/en\/wp-json\/wp\/v2\/types\/page"}],"author":[{"embeddable":true,"href":"https:\/\/site.utm.ro\/en\/wp-json\/wp\/v2\/users\/1"}],"replies":[{"embeddable":true,"href":"https:\/\/site.utm.ro\/en\/wp-json\/wp\/v2\/comments?post=28073"}],"version-history":[{"count":0,"href":"https:\/\/site.utm.ro\/en\/wp-json\/wp\/v2\/pages\/28073\/revisions"}],"up":[{"embeddable":true,"href":"https:\/\/site.utm.ro\/en\/wp-json\/wp\/v2\/pages\/24376"}],"wp:attachment":[{"href":"https:\/\/site.utm.ro\/en\/wp-json\/wp\/v2\/media?parent=28073"}],"curies":[{"name":"wp","href":"https:\/\/api.w.org\/{rel}","templated":true}]}}