{"id":28063,"date":"2026-03-02T12:18:48","date_gmt":"2026-03-02T12:18:48","guid":{"rendered":"https:\/\/site.utm.ro\/?page_id=28063"},"modified":"2026-03-02T12:19:54","modified_gmt":"2026-03-02T12:19:54","slug":"cafenea","status":"publish","type":"page","link":"https:\/\/site.utm.ro\/en\/studenti\/cafenea\/","title":{"rendered":"Caf\u00e9"},"content":{"rendered":"<div data-elementor-type=\"wp-page\" data-elementor-id=\"28063\" class=\"elementor elementor-28063\" data-elementor-post-type=\"page\">\n\t\t\t\t\t\t<section class=\"elementor-section elementor-top-section elementor-element elementor-element-9bfbf41 elementor-section-height-min-height elementor-section-full_width elementor-section-height-default elementor-section-items-middle\" data-id=\"9bfbf41\" data-element_type=\"section\" data-e-type=\"section\" data-settings=\"{&quot;background_background&quot;:&quot;classic&quot;}\">\n\t\t\t\t\t\t\t<div class=\"elementor-background-overlay\"><\/div>\n\t\t\t\t\t\t\t<div class=\"elementor-container elementor-column-gap-default\">\n\t\t\t\t\t<div class=\"elementor-column elementor-col-100 elementor-top-column elementor-element elementor-element-8de35de\" data-id=\"8de35de\" data-element_type=\"column\" data-e-type=\"column\" data-settings=\"{&quot;background_background&quot;:&quot;classic&quot;}\">\n\t\t\t<div class=\"elementor-widget-wrap\">\n\t\t\t\t\t\t\t<\/div>\n\t\t<\/div>\n\t\t\t\t\t<\/div>\n\t\t<\/section>\n\t\t\t\t<section class=\"elementor-section elementor-top-section elementor-element elementor-element-b0d679f elementor-section-boxed elementor-section-height-default elementor-section-height-default\" data-id=\"b0d679f\" data-element_type=\"section\" data-e-type=\"section\">\n\t\t\t\t\t\t<div class=\"elementor-container elementor-column-gap-no\">\n\t\t\t\t\t<div class=\"elementor-column elementor-col-50 elementor-top-column elementor-element elementor-element-7d37ee1 animated-fast elementor-invisible\" data-id=\"7d37ee1\" data-element_type=\"column\" data-e-type=\"column\" data-settings=\"{&quot;background_background&quot;:&quot;classic&quot;,&quot;animation&quot;:&quot;fadeIn&quot;,&quot;animation_tablet&quot;:&quot;none&quot;,&quot;animation_mobile&quot;:&quot;none&quot;,&quot;animation_delay&quot;:100}\">\n\t\t\t<div class=\"elementor-widget-wrap elementor-element-populated\">\n\t\t\t\t\t\t<div class=\"elementor-element elementor-element-d7e6623 elementor-widget elementor-widget-heading\" data-id=\"d7e6623\" data-element_type=\"widget\" data-e-type=\"widget\" data-widget_type=\"heading.default\">\n\t\t\t\t<div class=\"elementor-widget-container\">\n\t\t\t\t\t<h1 class=\"elementor-heading-title elementor-size-default\">Caf\u00e9<\/h1>\t\t\t\t<\/div>\n\t\t\t\t<\/div>\n\t\t\t\t\t<\/div>\n\t\t<\/div>\n\t\t\t\t<div class=\"elementor-column elementor-col-50 elementor-top-column elementor-element elementor-element-6f23bc9 elementor-hidden-desktop elementor-hidden-tablet elementor-hidden-phone\" data-id=\"6f23bc9\" data-element_type=\"column\" data-e-type=\"column\">\n\t\t\t<div class=\"elementor-widget-wrap\">\n\t\t\t\t\t\t\t<\/div>\n\t\t<\/div>\n\t\t\t\t\t<\/div>\n\t\t<\/section>\n\t\t\t\t<section class=\"elementor-section elementor-top-section elementor-element elementor-element-a3e15c4 elementor-section-boxed elementor-section-height-default elementor-section-height-default\" data-id=\"a3e15c4\" data-element_type=\"section\" data-e-type=\"section\">\n\t\t\t\t\t\t<div class=\"elementor-container elementor-column-gap-default\">\n\t\t\t\t\t<div class=\"elementor-column elementor-col-100 elementor-top-column elementor-element elementor-element-1dc49ae\" data-id=\"1dc49ae\" data-element_type=\"column\" data-e-type=\"column\">\n\t\t\t<div class=\"elementor-widget-wrap elementor-element-populated\">\n\t\t\t\t\t\t<div class=\"elementor-element elementor-element-6b7568a elementor-widget elementor-widget-text-editor\" data-id=\"6b7568a\" data-element_type=\"widget\" data-e-type=\"widget\" data-widget_type=\"text-editor.default\">\n\t\t\t\t<div class=\"elementor-widget-container\">\n\t\t\t\t\t\t\t\t\t<p>\u00centr-un ambient pl\u0103cut, \u00eenc\u0103rcat de elegan\u0163\u0103 \u015fi rafinament, ce dispune de wi-fi gratuit,\u00a0<strong><em>Cafeneaua studen\u021beasc\u0103<\/em><\/strong>\u00a0a Universit\u0103\u0163ii reprezint\u0103 un loc de petrecere a timpului liber \u015fi deopotriv\u0103, rolul de gazd\u0103 a dezbaterilor \u015ftiin\u0163ifice \u015fi conferin\u0163elor pe temele studen\u0163e\u0219ti. Se pot servi urm\u0103toarele: ceai, cafea, b\u0103uturi r\u0103coritoare, produse de patiserie, \u00eenghe\u0163at\u0103 etc.<\/p><p><strong>Program de func\u0163ionare:<\/strong>\u00a0luni-vineri, orele 8:00-16:00.<\/p><div><strong>Administrator: Costin Miron<\/strong><\/div><div><div>Telefon: 021 3161646<\/div><div>E-mail:\u00a0<a href=\"mailto:costin.miron@univ.utm.ro\">costin.miron@univ.utm.ro<\/a><\/div><div>\u00a0<\/div><\/div><div><strong>Loca\u021bie:<\/strong><\/div><div>Str. Calea V\u0103c\u0103re\u015fti nr.189, sector 4, Bucure\u015fti, cod po\u0219tal: 040051<\/div>\t\t\t\t\t\t\t\t<\/div>\n\t\t\t\t<\/div>\n\t\t\t\t\t<\/div>\n\t\t<\/div>\n\t\t\t\t\t<\/div>\n\t\t<\/section>\n\t\t\t\t<section class=\"elementor-section elementor-top-section elementor-element elementor-element-aca2ce5 elementor-section-boxed elementor-section-height-default elementor-section-height-default\" data-id=\"aca2ce5\" data-element_type=\"section\" data-e-type=\"section\">\n\t\t\t\t\t\t<div class=\"elementor-container elementor-column-gap-default\">\n\t\t\t\t\t<div class=\"elementor-column elementor-col-100 elementor-top-column elementor-element elementor-element-d82367c\" data-id=\"d82367c\" data-element_type=\"column\" data-e-type=\"column\">\n\t\t\t<div class=\"elementor-widget-wrap elementor-element-populated\">\n\t\t\t\t\t\t<div class=\"elementor-element elementor-element-3092711 gallery-spacing-custom elementor-widget elementor-widget-image-gallery\" data-id=\"3092711\" data-element_type=\"widget\" data-e-type=\"widget\" data-widget_type=\"image-gallery.default\">\n\t\t\t\t<div class=\"elementor-widget-container\">\n\t\t\t\t\t\t\t<div class=\"elementor-image-gallery\">\n\t\t\t<div id='gallery-1' class='gallery galleryid-28063 gallery-columns-4 gallery-size-thumbnail'><figure class='gallery-item'>\n\t\t\t<div class='gallery-icon landscape'>\n\t\t\t\t<a data-elementor-open-lightbox=\"yes\" data-elementor-lightbox-slideshow=\"3092711\" data-elementor-lightbox-title=\"1354058157_IMG_6637-1024x683\" data-e-action-hash=\"#elementor-action%3Aaction%3Dlightbox%26settings%3DeyJpZCI6MjgwNjUsInVybCI6Imh0dHBzOlwvXC9zaXRlLnV0bS5yb1wvd3AtY29udGVudFwvdXBsb2Fkc1wvMjAyNlwvMDNcLzEzNTQwNTgxNTdfSU1HXzY2MzctMTAyNHg2ODMtMS53ZWJwIiwic2xpZGVzaG93IjoiMzA5MjcxMSJ9\" href='https:\/\/site.utm.ro\/wp-content\/uploads\/2026\/03\/1354058157_IMG_6637-1024x683-1.webp'><img decoding=\"async\" width=\"150\" height=\"150\" src=\"https:\/\/site.utm.ro\/wp-content\/uploads\/2026\/03\/1354058157_IMG_6637-1024x683-1-150x150.webp\" class=\"attachment-thumbnail size-thumbnail\" alt=\"\" srcset=\"https:\/\/site.utm.ro\/wp-content\/uploads\/2026\/03\/1354058157_IMG_6637-1024x683-1-150x150.webp 150w, https:\/\/site.utm.ro\/wp-content\/uploads\/2026\/03\/1354058157_IMG_6637-1024x683-1-315x315.webp 315w\" sizes=\"(max-width: 150px) 100vw, 150px\" \/><\/a>\n\t\t\t<\/div><\/figure><figure class='gallery-item'>\n\t\t\t<div class='gallery-icon landscape'>\n\t\t\t\t<a data-elementor-open-lightbox=\"yes\" data-elementor-lightbox-slideshow=\"3092711\" data-elementor-lightbox-title=\"1354058155_IMG_6632-1024x683 (1)\" data-e-action-hash=\"#elementor-action%3Aaction%3Dlightbox%26settings%3DeyJpZCI6MjgwNjYsInVybCI6Imh0dHBzOlwvXC9zaXRlLnV0bS5yb1wvd3AtY29udGVudFwvdXBsb2Fkc1wvMjAyNlwvMDNcLzEzNTQwNTgxNTVfSU1HXzY2MzItMTAyNHg2ODMtMS53ZWJwIiwic2xpZGVzaG93IjoiMzA5MjcxMSJ9\" href='https:\/\/site.utm.ro\/wp-content\/uploads\/2026\/03\/1354058155_IMG_6632-1024x683-1.webp'><img decoding=\"async\" width=\"150\" height=\"150\" src=\"https:\/\/site.utm.ro\/wp-content\/uploads\/2026\/03\/1354058155_IMG_6632-1024x683-1-150x150.webp\" class=\"attachment-thumbnail size-thumbnail\" alt=\"\" srcset=\"https:\/\/site.utm.ro\/wp-content\/uploads\/2026\/03\/1354058155_IMG_6632-1024x683-1-150x150.webp 150w, https:\/\/site.utm.ro\/wp-content\/uploads\/2026\/03\/1354058155_IMG_6632-1024x683-1-315x315.webp 315w\" sizes=\"(max-width: 150px) 100vw, 150px\" \/><\/a>\n\t\t\t<\/div><\/figure><figure class='gallery-item'>\n\t\t\t<div class='gallery-icon landscape'>\n\t\t\t\t<a data-elementor-open-lightbox=\"yes\" data-elementor-lightbox-slideshow=\"3092711\" data-elementor-lightbox-title=\"1354058153_IMG_6629-1024x683\" data-e-action-hash=\"#elementor-action%3Aaction%3Dlightbox%26settings%3DeyJpZCI6MjgwNjcsInVybCI6Imh0dHBzOlwvXC9zaXRlLnV0bS5yb1wvd3AtY29udGVudFwvdXBsb2Fkc1wvMjAyNlwvMDNcLzEzNTQwNTgxNTNfSU1HXzY2MjktMTAyNHg2ODMtMS53ZWJwIiwic2xpZGVzaG93IjoiMzA5MjcxMSJ9\" href='https:\/\/site.utm.ro\/wp-content\/uploads\/2026\/03\/1354058153_IMG_6629-1024x683-1.webp'><img decoding=\"async\" width=\"150\" height=\"150\" src=\"https:\/\/site.utm.ro\/wp-content\/uploads\/2026\/03\/1354058153_IMG_6629-1024x683-1-150x150.webp\" class=\"attachment-thumbnail size-thumbnail\" alt=\"\" srcset=\"https:\/\/site.utm.ro\/wp-content\/uploads\/2026\/03\/1354058153_IMG_6629-1024x683-1-150x150.webp 150w, https:\/\/site.utm.ro\/wp-content\/uploads\/2026\/03\/1354058153_IMG_6629-1024x683-1-315x315.webp 315w\" sizes=\"(max-width: 150px) 100vw, 150px\" \/><\/a>\n\t\t\t<\/div><\/figure><figure class='gallery-item'>\n\t\t\t<div class='gallery-icon landscape'>\n\t\t\t\t<a data-elementor-open-lightbox=\"yes\" data-elementor-lightbox-slideshow=\"3092711\" data-elementor-lightbox-title=\"1354058155_IMG_6632-1024x683\" data-e-action-hash=\"#elementor-action%3Aaction%3Dlightbox%26settings%3DeyJpZCI6MjgwNjgsInVybCI6Imh0dHBzOlwvXC9zaXRlLnV0bS5yb1wvd3AtY29udGVudFwvdXBsb2Fkc1wvMjAyNlwvMDNcLzEzNTQwNTgxNTVfSU1HXzY2MzItMTAyNHg2ODMtMi53ZWJwIiwic2xpZGVzaG93IjoiMzA5MjcxMSJ9\" href='https:\/\/site.utm.ro\/wp-content\/uploads\/2026\/03\/1354058155_IMG_6632-1024x683-2.webp'><img loading=\"lazy\" decoding=\"async\" width=\"150\" height=\"150\" src=\"https:\/\/site.utm.ro\/wp-content\/uploads\/2026\/03\/1354058155_IMG_6632-1024x683-2-150x150.webp\" class=\"attachment-thumbnail size-thumbnail\" alt=\"\" srcset=\"https:\/\/site.utm.ro\/wp-content\/uploads\/2026\/03\/1354058155_IMG_6632-1024x683-2-150x150.webp 150w, https:\/\/site.utm.ro\/wp-content\/uploads\/2026\/03\/1354058155_IMG_6632-1024x683-2-315x315.webp 315w\" sizes=\"(max-width: 150px) 100vw, 150px\" \/><\/a>\n\t\t\t<\/div><\/figure>\n\t\t<\/div>\n\t\t<\/div>\n\t\t\t\t\t\t<\/div>\n\t\t\t\t<\/div>\n\t\t\t\t\t<\/div>\n\t\t<\/div>\n\t\t\t\t\t<\/div>\n\t\t<\/section>\n\t\t\t\t<section class=\"elementor-section elementor-top-section elementor-element elementor-element-57bdfdf elementor-section-boxed elementor-section-height-default elementor-section-height-default\" data-id=\"57bdfdf\" data-element_type=\"section\" data-e-type=\"section\">\n\t\t\t\t\t\t<div class=\"elementor-container elementor-column-gap-default\">\n\t\t\t\t\t<div class=\"elementor-column elementor-col-100 elementor-top-column elementor-element elementor-element-ddc33fa\" data-id=\"ddc33fa\" data-element_type=\"column\" data-e-type=\"column\">\n\t\t\t<div class=\"elementor-widget-wrap elementor-element-populated\">\n\t\t\t\t\t\t<div class=\"elementor-element elementor-element-2e0dc6a elementor-widget elementor-widget-spacer\" data-id=\"2e0dc6a\" data-element_type=\"widget\" data-e-type=\"widget\" data-widget_type=\"spacer.default\">\n\t\t\t\t<div class=\"elementor-widget-container\">\n\t\t\t\t\t\t\t<div class=\"elementor-spacer\">\n\t\t\t<div class=\"elementor-spacer-inner\"><\/div>\n\t\t<\/div>\n\t\t\t\t\t\t<\/div>\n\t\t\t\t<\/div>\n\t\t\t\t\t<\/div>\n\t\t<\/div>\n\t\t\t\t\t<\/div>\n\t\t<\/section>\n\t\t\t\t<\/div>","protected":false},"excerpt":{"rendered":"<p>Cafenea \u00centr-un ambient pl\u0103cut, \u00eenc\u0103rcat de elegan\u0163\u0103 \u015fi rafinament, ce dispune de wi-fi gratuit,\u00a0Cafeneaua studen\u021beasc\u0103\u00a0a Universit\u0103\u0163ii reprezint\u0103 un loc de petrecere a timpului liber \u015fi deopotriv\u0103, rolul de gazd\u0103 a dezbaterilor \u015ftiin\u0163ifice \u015fi conferin\u0163elor pe temele studen\u0163e\u0219ti. Se pot servi urm\u0103toarele: ceai, cafea, b\u0103uturi r\u0103coritoare, produse de patiserie, \u00eenghe\u0163at\u0103 etc. Program de func\u0163ionare:\u00a0luni-vineri, orele 8:00-16:00&#8230;.<\/p>","protected":false},"author":1,"featured_media":0,"parent":24376,"menu_order":0,"comment_status":"closed","ping_status":"closed","template":"","meta":{"footnotes":""},"class_list":["post-28063","page","type-page","status-publish","hentry"],"_links":{"self":[{"href":"https:\/\/site.utm.ro\/en\/wp-json\/wp\/v2\/pages\/28063","targetHints":{"allow":["GET"]}}],"collection":[{"href":"https:\/\/site.utm.ro\/en\/wp-json\/wp\/v2\/pages"}],"about":[{"href":"https:\/\/site.utm.ro\/en\/wp-json\/wp\/v2\/types\/page"}],"author":[{"embeddable":true,"href":"https:\/\/site.utm.ro\/en\/wp-json\/wp\/v2\/users\/1"}],"replies":[{"embeddable":true,"href":"https:\/\/site.utm.ro\/en\/wp-json\/wp\/v2\/comments?post=28063"}],"version-history":[{"count":0,"href":"https:\/\/site.utm.ro\/en\/wp-json\/wp\/v2\/pages\/28063\/revisions"}],"up":[{"embeddable":true,"href":"https:\/\/site.utm.ro\/en\/wp-json\/wp\/v2\/pages\/24376"}],"wp:attachment":[{"href":"https:\/\/site.utm.ro\/en\/wp-json\/wp\/v2\/media?parent=28063"}],"curies":[{"name":"wp","href":"https:\/\/api.w.org\/{rel}","templated":true}]}}