{"id":28042,"date":"2026-03-02T12:14:17","date_gmt":"2026-03-02T12:14:17","guid":{"rendered":"https:\/\/site.utm.ro\/?page_id=28042"},"modified":"2026-03-02T12:17:43","modified_gmt":"2026-03-02T12:17:43","slug":"cantina","status":"publish","type":"page","link":"https:\/\/site.utm.ro\/en\/studenti\/cantina\/","title":{"rendered":"Cafeteria"},"content":{"rendered":"<div data-elementor-type=\"wp-page\" data-elementor-id=\"28042\" class=\"elementor elementor-28042\" data-elementor-post-type=\"page\">\n\t\t\t\t\t\t<section class=\"elementor-section elementor-top-section elementor-element elementor-element-9bfbf41 elementor-section-height-min-height elementor-section-full_width elementor-section-height-default elementor-section-items-middle\" data-id=\"9bfbf41\" data-element_type=\"section\" data-e-type=\"section\" data-settings=\"{&quot;background_background&quot;:&quot;classic&quot;}\">\n\t\t\t\t\t\t\t<div class=\"elementor-background-overlay\"><\/div>\n\t\t\t\t\t\t\t<div class=\"elementor-container elementor-column-gap-default\">\n\t\t\t\t\t<div class=\"elementor-column elementor-col-100 elementor-top-column elementor-element elementor-element-8de35de\" data-id=\"8de35de\" data-element_type=\"column\" data-e-type=\"column\" data-settings=\"{&quot;background_background&quot;:&quot;classic&quot;}\">\n\t\t\t<div class=\"elementor-widget-wrap\">\n\t\t\t\t\t\t\t<\/div>\n\t\t<\/div>\n\t\t\t\t\t<\/div>\n\t\t<\/section>\n\t\t\t\t<section class=\"elementor-section elementor-top-section elementor-element elementor-element-b0d679f elementor-section-boxed elementor-section-height-default elementor-section-height-default\" data-id=\"b0d679f\" data-element_type=\"section\" data-e-type=\"section\">\n\t\t\t\t\t\t<div class=\"elementor-container elementor-column-gap-no\">\n\t\t\t\t\t<div class=\"elementor-column elementor-col-50 elementor-top-column elementor-element elementor-element-7d37ee1 animated-fast elementor-invisible\" data-id=\"7d37ee1\" data-element_type=\"column\" data-e-type=\"column\" data-settings=\"{&quot;background_background&quot;:&quot;classic&quot;,&quot;animation&quot;:&quot;fadeIn&quot;,&quot;animation_tablet&quot;:&quot;none&quot;,&quot;animation_mobile&quot;:&quot;none&quot;,&quot;animation_delay&quot;:100}\">\n\t\t\t<div class=\"elementor-widget-wrap elementor-element-populated\">\n\t\t\t\t\t\t<div class=\"elementor-element elementor-element-d7e6623 elementor-widget elementor-widget-heading\" data-id=\"d7e6623\" data-element_type=\"widget\" data-e-type=\"widget\" data-widget_type=\"heading.default\">\n\t\t\t\t<div class=\"elementor-widget-container\">\n\t\t\t\t\t<h1 class=\"elementor-heading-title elementor-size-default\">Cafeteria<\/h1>\t\t\t\t<\/div>\n\t\t\t\t<\/div>\n\t\t\t\t\t<\/div>\n\t\t<\/div>\n\t\t\t\t<div class=\"elementor-column elementor-col-50 elementor-top-column elementor-element elementor-element-6f23bc9 elementor-hidden-desktop elementor-hidden-tablet elementor-hidden-phone\" data-id=\"6f23bc9\" data-element_type=\"column\" data-e-type=\"column\">\n\t\t\t<div class=\"elementor-widget-wrap\">\n\t\t\t\t\t\t\t<\/div>\n\t\t<\/div>\n\t\t\t\t\t<\/div>\n\t\t<\/section>\n\t\t\t\t<section class=\"elementor-section elementor-top-section elementor-element elementor-element-a3e15c4 elementor-section-boxed elementor-section-height-default elementor-section-height-default\" data-id=\"a3e15c4\" data-element_type=\"section\" data-e-type=\"section\">\n\t\t\t\t\t\t<div class=\"elementor-container elementor-column-gap-default\">\n\t\t\t\t\t<div class=\"elementor-column elementor-col-100 elementor-top-column elementor-element elementor-element-1dc49ae\" data-id=\"1dc49ae\" data-element_type=\"column\" data-e-type=\"column\">\n\t\t\t<div class=\"elementor-widget-wrap elementor-element-populated\">\n\t\t\t\t\t\t<div class=\"elementor-element elementor-element-6b7568a elementor-widget elementor-widget-text-editor\" data-id=\"6b7568a\" data-element_type=\"widget\" data-e-type=\"widget\" data-widget_type=\"text-editor.default\">\n\t\t\t\t<div class=\"elementor-widget-container\">\n\t\t\t\t\t\t\t\t\t<p>Dori\u021bi s\u0103 servi\u021bi pr\u00e2nzul \u00eentr-un loc primitor \u0219i cu op\u021biuni de m\u00e2ncare s\u0103n\u0103toas\u0103\u00a0?<br \/>V\u0103 a\u0219tept\u0103m la cantina studen\u021beasc\u0103 a Universit\u0103\u021bii Titu Maiorescu\u00a0!<\/p><p>\u00a0<\/p><p>\u00cencep\u00e2nd cu luna ianuarie a anului 2012,\u00a0<strong>Titu Maiorescu University<\/strong>\u00a0a \u00eenfiin\u021bat cantina \u2013 restaurant pentru studen\u021bii maiorescieni. Cantina dispune\u00a0 de o capacitate de 200 locuri.<\/p><p>Fiecare student \u00ee\u0219i poate personaliza meniul \u00een func\u021bie de preferin\u021be \u0219i budget. Pre\u0163urile sunt convenabile, iar m\u00e2ncarea este gustoas\u0103.<\/p><p>Avantajul de a servi pr\u00e2nzul la cantina universit\u0103\u021bii este c\u0103 pute\u021bi face alegeri s\u0103n\u0103toase benefici\u00e2nd de m\u00e2ncare proasp\u0103t\u0103 g\u0103tit\u0103 zilnic. De asemenea, cantina UTM este un loc unde pute\u021bi socializa cu colegii vo\u0219tri.<\/p><p>Cantina UTM se afl\u0103\u00a0<strong>\u00een corpul M<\/strong>\u00a0din campusul Timpuri Noi, la parterul cl\u0103dirii.<\/p><p>\u00a0<\/p><p>Program\u00a0: luni \u2013 vineri orele\u00a0<strong>11:00 \u2013 16:00 \u00a0<\/strong><\/p><p>\u00a0<\/p><p>\u00cen cadrul cantinei, pe l\u00e2ng\u0103 servirea studen\u0163ilor, se pot organiza diverse mese festive.<\/p><p>\u00a0<\/p><p><strong>Administrator: Costin Miron<\/strong><\/p><p><strong>Contact dates:<\/strong><\/p><p>Str. Calea V\u0103c\u0103re\u015fti nr.189, sector 4, Bucure\u015fti, cod po\u0219tal: 040051<\/p><p>Telefon: 021 3161646<\/p><p>E-mail:\u00a0<a href=\"mailto:costin.miron@univ.utm.ro\">costin.miron@univ.utm.ro<\/a><\/p>\t\t\t\t\t\t\t\t<\/div>\n\t\t\t\t<\/div>\n\t\t\t\t\t<\/div>\n\t\t<\/div>\n\t\t\t\t\t<\/div>\n\t\t<\/section>\n\t\t\t\t<section class=\"elementor-section elementor-top-section elementor-element elementor-element-aca2ce5 elementor-section-boxed elementor-section-height-default elementor-section-height-default\" data-id=\"aca2ce5\" data-element_type=\"section\" data-e-type=\"section\">\n\t\t\t\t\t\t<div class=\"elementor-container elementor-column-gap-default\">\n\t\t\t\t\t<div class=\"elementor-column elementor-col-100 elementor-top-column elementor-element elementor-element-d82367c\" data-id=\"d82367c\" data-element_type=\"column\" data-e-type=\"column\">\n\t\t\t<div class=\"elementor-widget-wrap elementor-element-populated\">\n\t\t\t\t\t\t<div class=\"elementor-element elementor-element-3092711 gallery-spacing-custom elementor-widget elementor-widget-image-gallery\" data-id=\"3092711\" data-element_type=\"widget\" data-e-type=\"widget\" data-widget_type=\"image-gallery.default\">\n\t\t\t\t<div class=\"elementor-widget-container\">\n\t\t\t\t\t\t\t<div class=\"elementor-image-gallery\">\n\t\t\t<div id='gallery-1' class='gallery galleryid-28042 gallery-columns-4 gallery-size-thumbnail'><figure class='gallery-item'>\n\t\t\t<div class='gallery-icon landscape'>\n\t\t\t\t<a data-elementor-open-lightbox=\"yes\" data-elementor-lightbox-slideshow=\"3092711\" data-elementor-lightbox-title=\"1354057042_DSC_0719-1024x685\" data-e-action-hash=\"#elementor-action%3Aaction%3Dlightbox%26settings%3DeyJpZCI6MjgwNTIsInVybCI6Imh0dHBzOlwvXC9zaXRlLnV0bS5yb1wvd3AtY29udGVudFwvdXBsb2Fkc1wvMjAyNlwvMDNcLzEzNTQwNTcwNDJfRFNDXzA3MTktMTAyNHg2ODUtMS53ZWJwIiwic2xpZGVzaG93IjoiMzA5MjcxMSJ9\" href='https:\/\/site.utm.ro\/wp-content\/uploads\/2026\/03\/1354057042_DSC_0719-1024x685-1.webp'><img decoding=\"async\" width=\"150\" height=\"150\" src=\"https:\/\/site.utm.ro\/wp-content\/uploads\/2026\/03\/1354057042_DSC_0719-1024x685-1-150x150.webp\" class=\"attachment-thumbnail size-thumbnail\" alt=\"\" srcset=\"https:\/\/site.utm.ro\/wp-content\/uploads\/2026\/03\/1354057042_DSC_0719-1024x685-1-150x150.webp 150w, https:\/\/site.utm.ro\/wp-content\/uploads\/2026\/03\/1354057042_DSC_0719-1024x685-1-315x315.webp 315w\" sizes=\"(max-width: 150px) 100vw, 150px\" \/><\/a>\n\t\t\t<\/div><\/figure><figure class='gallery-item'>\n\t\t\t<div class='gallery-icon landscape'>\n\t\t\t\t<a data-elementor-open-lightbox=\"yes\" data-elementor-lightbox-slideshow=\"3092711\" data-elementor-lightbox-title=\"1354056551_IMG_6661-1024x683\" data-e-action-hash=\"#elementor-action%3Aaction%3Dlightbox%26settings%3DeyJpZCI6MjgwNTMsInVybCI6Imh0dHBzOlwvXC9zaXRlLnV0bS5yb1wvd3AtY29udGVudFwvdXBsb2Fkc1wvMjAyNlwvMDNcLzEzNTQwNTY1NTFfSU1HXzY2NjEtMTAyNHg2ODMtMS53ZWJwIiwic2xpZGVzaG93IjoiMzA5MjcxMSJ9\" href='https:\/\/site.utm.ro\/wp-content\/uploads\/2026\/03\/1354056551_IMG_6661-1024x683-1.webp'><img decoding=\"async\" width=\"150\" height=\"150\" src=\"https:\/\/site.utm.ro\/wp-content\/uploads\/2026\/03\/1354056551_IMG_6661-1024x683-1-150x150.webp\" class=\"attachment-thumbnail size-thumbnail\" alt=\"\" srcset=\"https:\/\/site.utm.ro\/wp-content\/uploads\/2026\/03\/1354056551_IMG_6661-1024x683-1-150x150.webp 150w, https:\/\/site.utm.ro\/wp-content\/uploads\/2026\/03\/1354056551_IMG_6661-1024x683-1-315x315.webp 315w\" sizes=\"(max-width: 150px) 100vw, 150px\" \/><\/a>\n\t\t\t<\/div><\/figure><figure class='gallery-item'>\n\t\t\t<div class='gallery-icon landscape'>\n\t\t\t\t<a data-elementor-open-lightbox=\"yes\" data-elementor-lightbox-slideshow=\"3092711\" data-elementor-lightbox-title=\"1354056542_IMG_6653-1024x683\" data-e-action-hash=\"#elementor-action%3Aaction%3Dlightbox%26settings%3DeyJpZCI6MjgwNTQsInVybCI6Imh0dHBzOlwvXC9zaXRlLnV0bS5yb1wvd3AtY29udGVudFwvdXBsb2Fkc1wvMjAyNlwvMDNcLzEzNTQwNTY1NDJfSU1HXzY2NTMtMTAyNHg2ODMtMS53ZWJwIiwic2xpZGVzaG93IjoiMzA5MjcxMSJ9\" href='https:\/\/site.utm.ro\/wp-content\/uploads\/2026\/03\/1354056542_IMG_6653-1024x683-1.webp'><img decoding=\"async\" width=\"150\" height=\"150\" src=\"https:\/\/site.utm.ro\/wp-content\/uploads\/2026\/03\/1354056542_IMG_6653-1024x683-1-150x150.webp\" class=\"attachment-thumbnail size-thumbnail\" alt=\"\" srcset=\"https:\/\/site.utm.ro\/wp-content\/uploads\/2026\/03\/1354056542_IMG_6653-1024x683-1-150x150.webp 150w, https:\/\/site.utm.ro\/wp-content\/uploads\/2026\/03\/1354056542_IMG_6653-1024x683-1-315x315.webp 315w\" sizes=\"(max-width: 150px) 100vw, 150px\" \/><\/a>\n\t\t\t<\/div><\/figure><figure class='gallery-item'>\n\t\t\t<div class='gallery-icon landscape'>\n\t\t\t\t<a data-elementor-open-lightbox=\"yes\" data-elementor-lightbox-slideshow=\"3092711\" data-elementor-lightbox-title=\"1354056549_IMG_6660-1024x683\" data-e-action-hash=\"#elementor-action%3Aaction%3Dlightbox%26settings%3DeyJpZCI6MjgwNTUsInVybCI6Imh0dHBzOlwvXC9zaXRlLnV0bS5yb1wvd3AtY29udGVudFwvdXBsb2Fkc1wvMjAyNlwvMDNcLzEzNTQwNTY1NDlfSU1HXzY2NjAtMTAyNHg2ODMtMS53ZWJwIiwic2xpZGVzaG93IjoiMzA5MjcxMSJ9\" href='https:\/\/site.utm.ro\/wp-content\/uploads\/2026\/03\/1354056549_IMG_6660-1024x683-1.webp'><img loading=\"lazy\" decoding=\"async\" width=\"150\" height=\"150\" src=\"https:\/\/site.utm.ro\/wp-content\/uploads\/2026\/03\/1354056549_IMG_6660-1024x683-1-150x150.webp\" class=\"attachment-thumbnail size-thumbnail\" alt=\"\" srcset=\"https:\/\/site.utm.ro\/wp-content\/uploads\/2026\/03\/1354056549_IMG_6660-1024x683-1-150x150.webp 150w, https:\/\/site.utm.ro\/wp-content\/uploads\/2026\/03\/1354056549_IMG_6660-1024x683-1-315x315.webp 315w\" sizes=\"(max-width: 150px) 100vw, 150px\" \/><\/a>\n\t\t\t<\/div><\/figure><figure class='gallery-item'>\n\t\t\t<div class='gallery-icon landscape'>\n\t\t\t\t<a data-elementor-open-lightbox=\"yes\" data-elementor-lightbox-slideshow=\"3092711\" data-elementor-lightbox-title=\"1354057036_DSC_0705-1024x685\" data-e-action-hash=\"#elementor-action%3Aaction%3Dlightbox%26settings%3DeyJpZCI6MjgwNTYsInVybCI6Imh0dHBzOlwvXC9zaXRlLnV0bS5yb1wvd3AtY29udGVudFwvdXBsb2Fkc1wvMjAyNlwvMDNcLzEzNTQwNTcwMzZfRFNDXzA3MDUtMTAyNHg2ODUtMS53ZWJwIiwic2xpZGVzaG93IjoiMzA5MjcxMSJ9\" href='https:\/\/site.utm.ro\/wp-content\/uploads\/2026\/03\/1354057036_DSC_0705-1024x685-1.webp'><img loading=\"lazy\" decoding=\"async\" width=\"150\" height=\"150\" src=\"https:\/\/site.utm.ro\/wp-content\/uploads\/2026\/03\/1354057036_DSC_0705-1024x685-1-150x150.webp\" class=\"attachment-thumbnail size-thumbnail\" alt=\"\" srcset=\"https:\/\/site.utm.ro\/wp-content\/uploads\/2026\/03\/1354057036_DSC_0705-1024x685-1-150x150.webp 150w, https:\/\/site.utm.ro\/wp-content\/uploads\/2026\/03\/1354057036_DSC_0705-1024x685-1-315x315.webp 315w\" sizes=\"(max-width: 150px) 100vw, 150px\" \/><\/a>\n\t\t\t<\/div><\/figure><figure class='gallery-item'>\n\t\t\t<div class='gallery-icon landscape'>\n\t\t\t\t<a data-elementor-open-lightbox=\"yes\" data-elementor-lightbox-slideshow=\"3092711\" data-elementor-lightbox-title=\"1354057038_DSC_0710-1024x685\" data-e-action-hash=\"#elementor-action%3Aaction%3Dlightbox%26settings%3DeyJpZCI6MjgwNTcsInVybCI6Imh0dHBzOlwvXC9zaXRlLnV0bS5yb1wvd3AtY29udGVudFwvdXBsb2Fkc1wvMjAyNlwvMDNcLzEzNTQwNTcwMzhfRFNDXzA3MTAtMTAyNHg2ODUtMS53ZWJwIiwic2xpZGVzaG93IjoiMzA5MjcxMSJ9\" href='https:\/\/site.utm.ro\/wp-content\/uploads\/2026\/03\/1354057038_DSC_0710-1024x685-1.webp'><img loading=\"lazy\" decoding=\"async\" width=\"150\" height=\"150\" src=\"https:\/\/site.utm.ro\/wp-content\/uploads\/2026\/03\/1354057038_DSC_0710-1024x685-1-150x150.webp\" class=\"attachment-thumbnail size-thumbnail\" alt=\"\" srcset=\"https:\/\/site.utm.ro\/wp-content\/uploads\/2026\/03\/1354057038_DSC_0710-1024x685-1-150x150.webp 150w, https:\/\/site.utm.ro\/wp-content\/uploads\/2026\/03\/1354057038_DSC_0710-1024x685-1-315x315.webp 315w\" sizes=\"(max-width: 150px) 100vw, 150px\" \/><\/a>\n\t\t\t<\/div><\/figure><figure class='gallery-item'>\n\t\t\t<div class='gallery-icon landscape'>\n\t\t\t\t<a data-elementor-open-lightbox=\"yes\" data-elementor-lightbox-slideshow=\"3092711\" data-elementor-lightbox-title=\"1354056553_IMG_6665-1024x683\" data-e-action-hash=\"#elementor-action%3Aaction%3Dlightbox%26settings%3DeyJpZCI6MjgwNTgsInVybCI6Imh0dHBzOlwvXC9zaXRlLnV0bS5yb1wvd3AtY29udGVudFwvdXBsb2Fkc1wvMjAyNlwvMDNcLzEzNTQwNTY1NTNfSU1HXzY2NjUtMTAyNHg2ODMtMS53ZWJwIiwic2xpZGVzaG93IjoiMzA5MjcxMSJ9\" href='https:\/\/site.utm.ro\/wp-content\/uploads\/2026\/03\/1354056553_IMG_6665-1024x683-1.webp'><img loading=\"lazy\" decoding=\"async\" width=\"150\" height=\"150\" src=\"https:\/\/site.utm.ro\/wp-content\/uploads\/2026\/03\/1354056553_IMG_6665-1024x683-1-150x150.webp\" class=\"attachment-thumbnail size-thumbnail\" alt=\"\" srcset=\"https:\/\/site.utm.ro\/wp-content\/uploads\/2026\/03\/1354056553_IMG_6665-1024x683-1-150x150.webp 150w, https:\/\/site.utm.ro\/wp-content\/uploads\/2026\/03\/1354056553_IMG_6665-1024x683-1-315x315.webp 315w\" sizes=\"(max-width: 150px) 100vw, 150px\" \/><\/a>\n\t\t\t<\/div><\/figure>\n\t\t<\/div>\n\t\t<\/div>\n\t\t\t\t\t\t<\/div>\n\t\t\t\t<\/div>\n\t\t\t\t\t<\/div>\n\t\t<\/div>\n\t\t\t\t\t<\/div>\n\t\t<\/section>\n\t\t\t\t<section class=\"elementor-section elementor-top-section elementor-element elementor-element-57bdfdf elementor-section-boxed elementor-section-height-default elementor-section-height-default\" data-id=\"57bdfdf\" data-element_type=\"section\" data-e-type=\"section\">\n\t\t\t\t\t\t<div class=\"elementor-container elementor-column-gap-default\">\n\t\t\t\t\t<div class=\"elementor-column elementor-col-100 elementor-top-column elementor-element elementor-element-ddc33fa\" data-id=\"ddc33fa\" data-element_type=\"column\" data-e-type=\"column\">\n\t\t\t<div class=\"elementor-widget-wrap elementor-element-populated\">\n\t\t\t\t\t\t<div class=\"elementor-element elementor-element-2e0dc6a elementor-widget elementor-widget-spacer\" data-id=\"2e0dc6a\" data-element_type=\"widget\" data-e-type=\"widget\" data-widget_type=\"spacer.default\">\n\t\t\t\t<div class=\"elementor-widget-container\">\n\t\t\t\t\t\t\t<div class=\"elementor-spacer\">\n\t\t\t<div class=\"elementor-spacer-inner\"><\/div>\n\t\t<\/div>\n\t\t\t\t\t\t<\/div>\n\t\t\t\t<\/div>\n\t\t\t\t\t<\/div>\n\t\t<\/div>\n\t\t\t\t\t<\/div>\n\t\t<\/section>\n\t\t\t\t<\/div>","protected":false},"excerpt":{"rendered":"<p>Cantin\u0103 Dori\u021bi s\u0103 servi\u021bi pr\u00e2nzul \u00eentr-un loc primitor \u0219i cu op\u021biuni de m\u00e2ncare s\u0103n\u0103toas\u0103\u00a0?V\u0103 a\u0219tept\u0103m la cantina studen\u021beasc\u0103 a Universit\u0103\u021bii Titu Maiorescu\u00a0! \u00a0 \u00cencep\u00e2nd cu luna ianuarie a anului 2012,\u00a0Universitatea Titu Maiorescu\u00a0a \u00eenfiin\u021bat cantina \u2013 restaurant pentru studen\u021bii maiorescieni. Cantina dispune\u00a0 de o capacitate de 200 locuri. Fiecare student \u00ee\u0219i poate personaliza meniul \u00een func\u021bie&#8230;<\/p>","protected":false},"author":1,"featured_media":0,"parent":24376,"menu_order":0,"comment_status":"closed","ping_status":"closed","template":"","meta":{"footnotes":""},"class_list":["post-28042","page","type-page","status-publish","hentry"],"_links":{"self":[{"href":"https:\/\/site.utm.ro\/en\/wp-json\/wp\/v2\/pages\/28042","targetHints":{"allow":["GET"]}}],"collection":[{"href":"https:\/\/site.utm.ro\/en\/wp-json\/wp\/v2\/pages"}],"about":[{"href":"https:\/\/site.utm.ro\/en\/wp-json\/wp\/v2\/types\/page"}],"author":[{"embeddable":true,"href":"https:\/\/site.utm.ro\/en\/wp-json\/wp\/v2\/users\/1"}],"replies":[{"embeddable":true,"href":"https:\/\/site.utm.ro\/en\/wp-json\/wp\/v2\/comments?post=28042"}],"version-history":[{"count":0,"href":"https:\/\/site.utm.ro\/en\/wp-json\/wp\/v2\/pages\/28042\/revisions"}],"up":[{"embeddable":true,"href":"https:\/\/site.utm.ro\/en\/wp-json\/wp\/v2\/pages\/24376"}],"wp:attachment":[{"href":"https:\/\/site.utm.ro\/en\/wp-json\/wp\/v2\/media?parent=28042"}],"curies":[{"name":"wp","href":"https:\/\/api.w.org\/{rel}","templated":true}]}}