{"id":27997,"date":"2026-03-02T11:18:40","date_gmt":"2026-03-02T11:18:40","guid":{"rendered":"https:\/\/site.utm.ro\/?page_id=27997"},"modified":"2026-03-02T11:25:49","modified_gmt":"2026-03-02T11:25:49","slug":"tax","status":"publish","type":"page","link":"https:\/\/site.utm.ro\/en\/studenti\/taxe\/","title":{"rendered":"Tax"},"content":{"rendered":"<div data-elementor-type=\"wp-page\" data-elementor-id=\"27997\" class=\"elementor elementor-27997\" data-elementor-post-type=\"page\">\n\t\t\t\t\t\t<section class=\"elementor-section elementor-top-section elementor-element elementor-element-9bfbf41 elementor-section-height-min-height elementor-section-full_width elementor-section-height-default elementor-section-items-middle\" data-id=\"9bfbf41\" data-element_type=\"section\" data-e-type=\"section\" data-settings=\"{&quot;background_background&quot;:&quot;classic&quot;}\">\n\t\t\t\t\t\t\t<div class=\"elementor-background-overlay\"><\/div>\n\t\t\t\t\t\t\t<div class=\"elementor-container elementor-column-gap-default\">\n\t\t\t\t\t<div class=\"elementor-column elementor-col-100 elementor-top-column elementor-element elementor-element-8de35de\" data-id=\"8de35de\" data-element_type=\"column\" data-e-type=\"column\" data-settings=\"{&quot;background_background&quot;:&quot;classic&quot;}\">\n\t\t\t<div class=\"elementor-widget-wrap\">\n\t\t\t\t\t\t\t<\/div>\n\t\t<\/div>\n\t\t\t\t\t<\/div>\n\t\t<\/section>\n\t\t\t\t<section class=\"elementor-section elementor-top-section elementor-element elementor-element-b0d679f elementor-section-boxed elementor-section-height-default elementor-section-height-default\" data-id=\"b0d679f\" data-element_type=\"section\" data-e-type=\"section\">\n\t\t\t\t\t\t<div class=\"elementor-container elementor-column-gap-no\">\n\t\t\t\t\t<div class=\"elementor-column elementor-col-50 elementor-top-column elementor-element elementor-element-7d37ee1 animated-fast elementor-invisible\" data-id=\"7d37ee1\" data-element_type=\"column\" data-e-type=\"column\" data-settings=\"{&quot;background_background&quot;:&quot;classic&quot;,&quot;animation&quot;:&quot;fadeIn&quot;,&quot;animation_tablet&quot;:&quot;none&quot;,&quot;animation_mobile&quot;:&quot;none&quot;,&quot;animation_delay&quot;:100}\">\n\t\t\t<div class=\"elementor-widget-wrap elementor-element-populated\">\n\t\t\t\t\t\t<div class=\"elementor-element elementor-element-d7e6623 elementor-widget elementor-widget-heading\" data-id=\"d7e6623\" data-element_type=\"widget\" data-e-type=\"widget\" data-widget_type=\"heading.default\">\n\t\t\t\t<div class=\"elementor-widget-container\">\n\t\t\t\t\t<h1 class=\"elementor-heading-title elementor-size-default\">Tax<\/h1>\t\t\t\t<\/div>\n\t\t\t\t<\/div>\n\t\t\t\t\t<\/div>\n\t\t<\/div>\n\t\t\t\t<div class=\"elementor-column elementor-col-50 elementor-top-column elementor-element elementor-element-6f23bc9 elementor-hidden-desktop elementor-hidden-tablet elementor-hidden-phone\" data-id=\"6f23bc9\" data-element_type=\"column\" data-e-type=\"column\">\n\t\t\t<div class=\"elementor-widget-wrap\">\n\t\t\t\t\t\t\t<\/div>\n\t\t<\/div>\n\t\t\t\t\t<\/div>\n\t\t<\/section>\n\t\t\t\t<section class=\"elementor-section elementor-top-section elementor-element elementor-element-be5a81c elementor-section-boxed elementor-section-height-default elementor-section-height-default\" data-id=\"be5a81c\" data-element_type=\"section\" data-e-type=\"section\" data-settings=\"{&quot;animation&quot;:&quot;none&quot;,&quot;animation_tablet&quot;:&quot;none&quot;,&quot;animation_mobile&quot;:&quot;none&quot;,&quot;animation_delay&quot;:300}\">\n\t\t\t\t\t\t<div class=\"elementor-container elementor-column-gap-no\">\n\t\t\t\t\t<div class=\"elementor-column elementor-col-100 elementor-top-column elementor-element elementor-element-6cb28f3\" data-id=\"6cb28f3\" data-element_type=\"column\" data-e-type=\"column\">\n\t\t\t<div class=\"elementor-widget-wrap elementor-element-populated\">\n\t\t\t\t\t\t<div class=\"elementor-element elementor-element-e447746 vamtam-theme-table-styles elementor-widget elementor-widget-toggle\" data-id=\"e447746\" data-element_type=\"widget\" data-e-type=\"widget\" data-widget_type=\"toggle.default\">\n\t\t\t\t<div class=\"elementor-widget-container\">\n\t\t\t\t\t\t\t<div class=\"elementor-toggle\">\n\t\t\t\t\t\t\t<div class=\"elementor-toggle-item\">\n\t\t\t\t\t<h3 id=\"elementor-tab-title-2391\" class=\"elementor-tab-title\" data-tab=\"1\" role=\"button\" aria-controls=\"elementor-tab-content-2391\" aria-expanded=\"false\">\n\t\t\t\t\t\t\t\t\t\t\t\t<span class=\"elementor-toggle-icon elementor-toggle-icon-right\" aria-hidden=\"true\">\n\t\t\t\t\t\t\t\t\t\t\t\t\t\t\t<span class=\"elementor-toggle-icon-closed\"><i class=\"vamtamtheme- vamtam-theme-arrow-down\"><\/i><\/span>\n\t\t\t\t\t\t\t\t<span class=\"elementor-toggle-icon-opened\"><i class=\"elementor-toggle-icon-opened vamtamtheme- vamtam-theme-arrow-up\"><\/i><\/span>\n\t\t\t\t\t\t\t\t\t\t\t\t\t<\/span>\n\t\t\t\t\t\t\t\t\t\t\t\t<a class=\"elementor-toggle-title\" tabindex=\"0\">Termene limit\u0103<\/a>\n\t\t\t\t\t<\/h3>\n\n\t\t\t\t\t<div id=\"elementor-tab-content-2391\" class=\"elementor-tab-content elementor-clearfix\" data-tab=\"1\" role=\"region\" aria-labelledby=\"elementor-tab-title-2391\"><ul>\n<li><strong>Plata taxelor de studii universitare de licen\u021b\u0103 se\u00a0<\/strong><strong>poat<\/strong><strong>e face \u00een patru rate egale, dup\u0103 cum urmeaz\u0103:<\/strong><\/li>\n<\/ul>\n<p><strong>Rata I<\/strong>\u00a0pentru studen\u021bii admi\u0219i \u00een sesiunea I de admitere(la toate facult\u0103\u021bile \u0219i programele de studii): 7 august 2025<\/p>\n<p><strong>Rata I<\/strong>\u00a0pentru studen\u021bii admi\u0219i \u00een sesiunea a II-a de admitere: 22 septembrie 2025<\/p>\n<p><strong>Rata I<\/strong>\u00a0pentru studen\u021bii anilor II \u2013 VI : 25 septembrie 2025<\/p>\n<p><strong>Rata II<\/strong>: 11 decembrie 2025<\/p>\n<p><strong>Rata III<\/strong>: 9 martie 2026<\/p>\n<p><strong>Rata IV<\/strong>: 7 mai 2026<\/p>\n<p>\u00a0<\/p>\n<ul>\n<li><strong>Plata taxelor de studii universitare de master se poate face \u00een trei rate egale, dupa cum urmeaza<\/strong>:<\/li>\n<\/ul>\n<p><strong>Rata I<\/strong>\u00a0pentru studen\u021bii admi\u0219i \u00een sesiunea I de admitere(la toate facult\u0103\u021bile \u0219i programele de studii): 7 august 2025<\/p>\n<p><strong>Rata I<\/strong>\u00a0pentru studen\u021bii admi\u0219i \u00een sesiunea a II-a de admitere: 22 septembrie 2025<\/p>\n<p><strong>Rata I<\/strong>\u00a0: 25 septembrie 2025<\/p>\n<p><strong>Rata II:<\/strong>\u00a011 decembrie 2025<\/p>\n<p><strong>Rata III<\/strong>: 9 martie 2026<\/p>\n<p>\u00a0<\/p>\n<ul>\n<li><strong>Plata taxelor de studii universitare de doctorat se poate face \u00een doua rate egale, dupa cum urmeaza<\/strong>:<\/li>\n<\/ul>\n<p><strong>Rata I<\/strong>\u00a0: 01 octombrie 2025<\/p>\n<p><strong>Rata II<\/strong>: 09 martie 2026<\/p>\n<p>\u00a0<\/p>\n<ul>\n<li><strong>Plata taxelor de studii DSPP se poate face dupa cum urmeaza<\/strong>:<\/li>\n<\/ul>\n<p><strong>Semestrul I<\/strong>\u00a0\u2013 pentru nivel I \u0219i II \u0219i program compact nivel I: 27 octombrie 2025<\/p>\n<p><strong>Semestrul II<\/strong>\u00a0\u2013 pentru nivel I \u0219i II: 9 martie 2026<\/p>\n<p><strong>Semestrul II<\/strong>\u00a0\u2013 pentru program compact nivel II: 26 februarie 2026<\/p>\n<p>\u00a0<\/p>\n<ul>\n<li><strong>Plata taxelor de studii pentru programe postuniversitare se poate face \u00eentr-o singur\u0103 tran\u0219\u0103 p\u00e2n\u0103 la data de:<br \/>01 octombrie 2025<\/strong><\/li>\n<\/ul>\n<p>\u00a0<\/p>\n<ul>\n<li><strong>Plata taxelor pentru programe de preg\u0103tire reziden\u021biat<\/strong>\u00a0se poate face \u00eentr-o singur\u0103 tran\u0219\u0103, la \u00eenceputul anului de preg\u0103tire.Pentru anii urm\u0103tori, taxele se pot achita \u00een 2 tran\u0219e egale, respectiv:<br \/><strong>28 februarie \u0219i<\/strong><br \/><strong>30 septembrie.<\/strong><\/li>\n<\/ul><\/div>\n\t\t\t\t<\/div>\n\t\t\t\t\t\t\t<div class=\"elementor-toggle-item\">\n\t\t\t\t\t<h3 id=\"elementor-tab-title-2392\" class=\"elementor-tab-title\" data-tab=\"2\" role=\"button\" aria-controls=\"elementor-tab-content-2392\" aria-expanded=\"false\">\n\t\t\t\t\t\t\t\t\t\t\t\t<span class=\"elementor-toggle-icon elementor-toggle-icon-right\" aria-hidden=\"true\">\n\t\t\t\t\t\t\t\t\t\t\t\t\t\t\t<span class=\"elementor-toggle-icon-closed\"><i class=\"vamtamtheme- vamtam-theme-arrow-down\"><\/i><\/span>\n\t\t\t\t\t\t\t\t<span class=\"elementor-toggle-icon-opened\"><i class=\"elementor-toggle-icon-opened vamtamtheme- vamtam-theme-arrow-up\"><\/i><\/span>\n\t\t\t\t\t\t\t\t\t\t\t\t\t<\/span>\n\t\t\t\t\t\t\t\t\t\t\t\t<a class=\"elementor-toggle-title\" tabindex=\"0\">Modalit\u0103\u021bi de plat\u0103<\/a>\n\t\t\t\t\t<\/h3>\n\n\t\t\t\t\t<div id=\"elementor-tab-content-2392\" class=\"elementor-tab-content elementor-clearfix\" data-tab=\"2\" role=\"region\" aria-labelledby=\"elementor-tab-title-2392\"><p>Plata taxelor se poate realiza astfel:<\/p>\n<p>1. Prin\u00a0<a href=\"https:\/\/www.utm.ro\/portal-taxe\/\" target=\"_blank\" rel=\"noopener\"><strong><u>portal taxe<\/u><\/strong><\/a><\/p>\n<p>2. Prin\u00a0<strong>POS<\/strong>\u00a0la casieria Universit\u0103\u021bii \u2013 cl\u0103direa Rectorat din Strada D\u00e2mbovnicului, num\u0103rul 22, sector 4, Bucure\u0219ti<br \/><i>Pl\u0103\u021bile realizate prin POS se vor actualiza pe portalul de taxe \u00een urm\u0103toarea zi lucr\u0103toare.<\/i><\/p>\n<p>3. \u00cen\u00a0<strong>numerar<\/strong>\u00a0la casieria Universit\u0103\u021bii \u2013 cl\u0103direa Rectorat din Strada D\u00e2mbovnicului, num\u0103rul 22, sector 4, Bucure\u0219ti<br \/><i>Pl\u0103\u021bile realizate \u00een numerar la casieria Universit\u0103\u021bii se vor actualiza pe portalul de taxe \u00een urm\u0103toarea zi lucr\u0103toare.<\/i><\/p>\n<p>4. \u00cen\u00a0<strong>numerar<\/strong>\u00a0la casieria oric\u0103rei sucursale a B\u0103ncii Transilvania, pe \u00eentreg teritoriul Rom\u00e2niei,\u00a0<strong><a href=\"https:\/\/www.utm.ro\/wp-content\/uploads\/2021\/01\/formular-BT.pdf\" target=\"_blank\" rel=\"noopener\">folosind formularul pretip\u0103rit (click aici)\u00a0<\/a><\/strong>\u00a0and\u00a0<a href=\"https:\/\/www.utm.ro\/portal-taxe\/coduri-de-plata\/\" target=\"_blank\" rel=\"noopener\"><strong>codurile de plat\u0103\u00a0(click aici)<\/strong><\/a><br \/><em>Pl\u0103\u021bile realizate \u00een numerar la casieria B\u0103ncii Transilvania se vor actualiza pe portalul de taxe \u00een 2 zile lucr\u0103toare.<\/em><\/p>\n<p><strong>5. Transfer bancar<\/strong>\u00a0pentru taxe care se achit\u0103\u00a0\u00een RON, folosind\u00a0<a href=\"https:\/\/www.utm.ro\/portal-taxe\/coduri-de-plata\/\" target=\"_blank\" rel=\"noopener noreferrer\" data-auth=\"NotApplicable\" data-linkindex=\"2\"><strong>codurile de plata (click aici)<\/strong><\/a>\u00a0\u00a0\u00een conturile:<br aria-hidden=\"true\" \/>a. RO90-BTRL-0430-1202-N018-16XX deschis la Banca Transilvania<br aria-hidden=\"true\" \/>b. RO49-RNCB-0546-0292-2835-0001 deschis la BCR<br aria-hidden=\"true\" \/><em>Pl<\/em><em>\u0103\u021b<\/em><em>ile realizate prin transfer bancar se vor actualiza pe portalul de taxe\u00a0<\/em><em>\u00ee<\/em><em>n 2 zile lucr<\/em><em>\u0103<\/em><em>toare de la data realiz<\/em><em>\u0103<\/em><em>rii transferului bancar.<\/em><\/p>\n<p><strong>6.Transfer bancar\u00a0\u00een EUR<\/strong>,\u00a0doar pentru\u00a0<b>cet<\/b><b>\u0103\u021b<\/b><b>eni ai statelor ter<\/b><b>\u021b<\/b><b>e<\/b>\u00a0care achit\u0103\u00a0taxele\u00a0\u00een EUR, folosind\u00a0<strong><a href=\"https:\/\/www.utm.ro\/portal-taxe\/coduri-de-plata\/\" target=\"_blank\" rel=\"noopener noreferrer\" data-auth=\"NotApplicable\" data-linkindex=\"3\">codurile de plata (click aici)<\/a><\/strong>\u00a0\u00een conturile:<br aria-hidden=\"true\" \/>a. RO65-BTRL-0430-4202-N018-16XX deschis la Banca Transilvania, SWIFT: BTRLRO22<br aria-hidden=\"true\" \/>b. RO03-RNCB-0074-0292-2835-0276 deschis la BCR, SWIFT: RNCB RO BU<br aria-hidden=\"true\" \/><em>Pl\u0103\u021bile realizate prin transfer bancar se vor actualiza pe portalul de taxe\u00a0\u00een 2 zile lucr\u0103toare de la data realiz\u0103rii transferului bancar.<\/em><\/p><\/div>\n\t\t\t\t<\/div>\n\t\t\t\t\t\t\t<div class=\"elementor-toggle-item\">\n\t\t\t\t\t<h3 id=\"elementor-tab-title-2393\" class=\"elementor-tab-title\" data-tab=\"3\" role=\"button\" aria-controls=\"elementor-tab-content-2393\" aria-expanded=\"false\">\n\t\t\t\t\t\t\t\t\t\t\t\t<span class=\"elementor-toggle-icon elementor-toggle-icon-right\" aria-hidden=\"true\">\n\t\t\t\t\t\t\t\t\t\t\t\t\t\t\t<span class=\"elementor-toggle-icon-closed\"><i class=\"vamtamtheme- vamtam-theme-arrow-down\"><\/i><\/span>\n\t\t\t\t\t\t\t\t<span class=\"elementor-toggle-icon-opened\"><i class=\"elementor-toggle-icon-opened vamtamtheme- vamtam-theme-arrow-up\"><\/i><\/span>\n\t\t\t\t\t\t\t\t\t\t\t\t\t<\/span>\n\t\t\t\t\t\t\t\t\t\t\t\t<a class=\"elementor-toggle-title\" tabindex=\"0\">Nomenclator\/regulament<\/a>\n\t\t\t\t\t<\/h3>\n\n\t\t\t\t\t<div id=\"elementor-tab-content-2393\" class=\"elementor-tab-content elementor-clearfix\" data-tab=\"3\" role=\"region\" aria-labelledby=\"elementor-tab-title-2393\"><!-- horizontal file -->\n<p><embed src=\"\/wp-content\/uploads\/2026\/03\/Nomenclator-2025-2026-modificat.pdf#navpanes=0\" type=\"application\/pdf\" width=\"100%\" height=\"950px\"><\/embed><\/p><\/div>\n\t\t\t\t<\/div>\n\t\t\t\t\t\t\t<div class=\"elementor-toggle-item\">\n\t\t\t\t\t<h3 id=\"elementor-tab-title-2394\" class=\"elementor-tab-title\" data-tab=\"4\" role=\"button\" aria-controls=\"elementor-tab-content-2394\" aria-expanded=\"false\">\n\t\t\t\t\t\t\t\t\t\t\t\t<span class=\"elementor-toggle-icon elementor-toggle-icon-right\" aria-hidden=\"true\">\n\t\t\t\t\t\t\t\t\t\t\t\t\t\t\t<span class=\"elementor-toggle-icon-closed\"><i class=\"vamtamtheme- vamtam-theme-arrow-down\"><\/i><\/span>\n\t\t\t\t\t\t\t\t<span class=\"elementor-toggle-icon-opened\"><i class=\"elementor-toggle-icon-opened vamtamtheme- vamtam-theme-arrow-up\"><\/i><\/span>\n\t\t\t\t\t\t\t\t\t\t\t\t\t<\/span>\n\t\t\t\t\t\t\t\t\t\t\t\t<a class=\"elementor-toggle-title\" tabindex=\"0\">Technical support<\/a>\n\t\t\t\t\t<\/h3>\n\n\t\t\t\t\t<div id=\"elementor-tab-content-2394\" class=\"elementor-tab-content elementor-clearfix\" data-tab=\"4\" role=\"region\" aria-labelledby=\"elementor-tab-title-2394\"><div class=\"wpb_text_column wpb_content_element\">\n<div class=\"wpb_wrapper\">\n<p>\u00cen cazul \u00een care nu v\u0103 pute\u021bi conecta la portal, v\u0103 rug\u0103m s\u0103 lua\u021bi leg\u0103tura cu Departamentul IT: email\u00a0<a href=\"mailto:it@univ.utm.ro\" target=\"_blank\" rel=\"noopener noreferrer\" data-auth=\"NotApplicable\">it@univ.utm.ro<\/a>, phone 021 3161646.<\/p>\n<p>For any questions regarding outstanding tuition fees, please contact the Fees Office: email\u00a0<a href=\"mailto:taxe@univ.utm.ro\" target=\"_blank\" rel=\"noopener noreferrer\" data-auth=\"NotApplicable\">taxe@univ.utm.ro<\/a>, phone 021 3161646.<\/p>\n<p>For any questions regarding the grades displayed in the portal, please contact the secretariat of the faculty where you are enrolled.<\/p>\n<\/div>\n<\/div><\/div>\n\t\t\t\t<\/div>\n\t\t\t\t\t\t\t\t<\/div>\n\t\t\t\t\t\t<\/div>\n\t\t\t\t<\/div>\n\t\t\t\t\t<\/div>\n\t\t<\/div>\n\t\t\t\t\t<\/div>\n\t\t<\/section>\n\t\t\t\t<section class=\"elementor-section elementor-top-section elementor-element elementor-element-260a558 elementor-section-boxed elementor-section-height-default elementor-section-height-default\" data-id=\"260a558\" data-element_type=\"section\" data-e-type=\"section\" data-settings=\"{&quot;background_background&quot;:&quot;classic&quot;}\">\n\t\t\t\t\t\t<div class=\"elementor-container elementor-column-gap-default\">\n\t\t\t\t\t<div class=\"elementor-column elementor-col-33 elementor-top-column elementor-element elementor-element-25832eb\" data-id=\"25832eb\" data-element_type=\"column\" data-e-type=\"column\">\n\t\t\t<div class=\"elementor-widget-wrap elementor-element-populated\">\n\t\t\t\t\t\t<div class=\"elementor-element elementor-element-d46cf9a elementor-widget__width-initial elementor-widget elementor-widget-heading\" data-id=\"d46cf9a\" data-element_type=\"widget\" data-e-type=\"widget\" data-widget_type=\"heading.default\">\n\t\t\t\t<div class=\"elementor-widget-container\">\n\t\t\t\t\t<h3 class=\"elementor-heading-title elementor-size-default\">Go to <br>Portal Taxe<\/h3>\t\t\t\t<\/div>\n\t\t\t\t<\/div>\n\t\t\t\t\t<\/div>\n\t\t<\/div>\n\t\t\t\t<div class=\"elementor-column elementor-col-33 elementor-top-column elementor-element elementor-element-4c0e497\" data-id=\"4c0e497\" data-element_type=\"column\" data-e-type=\"column\">\n\t\t\t<div class=\"elementor-widget-wrap\">\n\t\t\t\t\t\t\t<\/div>\n\t\t<\/div>\n\t\t\t\t<div class=\"elementor-column elementor-col-33 elementor-top-column elementor-element elementor-element-472aadb\" data-id=\"472aadb\" data-element_type=\"column\" data-e-type=\"column\" data-settings=\"{&quot;background_background&quot;:&quot;classic&quot;}\">\n\t\t\t<div class=\"elementor-widget-wrap elementor-element-populated\">\n\t\t\t\t\t\t<div class=\"elementor-element elementor-element-5bc212a elementor-align-justify elementor-mobile-align-left elementor-widget elementor-widget-button\" data-id=\"5bc212a\" data-element_type=\"widget\" data-e-type=\"widget\" data-widget_type=\"button.default\">\n\t\t\t\t<div class=\"elementor-widget-container\">\n\t\t\t\t\t\t\t\t\t<div class=\"elementor-button-wrapper\">\n\t\t\t\t\t<a class=\"elementor-button elementor-button-link elementor-size-sm\" href=\"https:\/\/portal.utm.ro\/\" target=\"_blank\" rel=\"noopener\">\n\t\t\t\t\t\t<span class=\"elementor-button-content-wrapper\">\n\t\t\t\t\t\t<span class=\"elementor-button-icon\">\n\t\t\t\t<i aria-hidden=\"true\" class=\"vamtamtheme- vamtam-theme-arrow-right\"><\/i>\t\t\t<\/span>\n\t\t\t\t\t\t\t\t\t<span class=\"elementor-button-text\">To portal<\/span>\n\t\t\t\t\t<\/span>\n\t\t\t\t\t<\/a>\n\t\t\t\t<\/div>\n\t\t\t\t\t\t\t\t<\/div>\n\t\t\t\t<\/div>\n\t\t\t\t\t<\/div>\n\t\t<\/div>\n\t\t\t\t\t<\/div>\n\t\t<\/section>\n\t\t\t\t<section class=\"elementor-section elementor-top-section elementor-element elementor-element-57bdfdf elementor-section-boxed elementor-section-height-default elementor-section-height-default\" data-id=\"57bdfdf\" data-element_type=\"section\" data-e-type=\"section\">\n\t\t\t\t\t\t<div class=\"elementor-container elementor-column-gap-default\">\n\t\t\t\t\t<div class=\"elementor-column elementor-col-100 elementor-top-column elementor-element elementor-element-ddc33fa\" data-id=\"ddc33fa\" data-element_type=\"column\" data-e-type=\"column\">\n\t\t\t<div class=\"elementor-widget-wrap elementor-element-populated\">\n\t\t\t\t\t\t<div class=\"elementor-element elementor-element-2e0dc6a elementor-widget elementor-widget-spacer\" data-id=\"2e0dc6a\" data-element_type=\"widget\" data-e-type=\"widget\" data-widget_type=\"spacer.default\">\n\t\t\t\t<div class=\"elementor-widget-container\">\n\t\t\t\t\t\t\t<div class=\"elementor-spacer\">\n\t\t\t<div class=\"elementor-spacer-inner\"><\/div>\n\t\t<\/div>\n\t\t\t\t\t\t<\/div>\n\t\t\t\t<\/div>\n\t\t\t\t\t<\/div>\n\t\t<\/div>\n\t\t\t\t\t<\/div>\n\t\t<\/section>\n\t\t\t\t<\/div>","protected":false},"excerpt":{"rendered":"<p>Taxe Termene limit\u0103 Plata taxelor de studii universitare de licen\u021b\u0103 se\u00a0poate face \u00een patru rate egale, dup\u0103 cum urmeaz\u0103: Rata I\u00a0pentru studen\u021bii admi\u0219i \u00een sesiunea I de admitere(la toate facult\u0103\u021bile \u0219i programele de studii): 7 august 2025 Rata I\u00a0pentru studen\u021bii admi\u0219i \u00een sesiunea a II-a de admitere: 22 septembrie 2025 Rata I\u00a0pentru studen\u021bii anilor II&#8230;<\/p>","protected":false},"author":1,"featured_media":0,"parent":24376,"menu_order":0,"comment_status":"closed","ping_status":"closed","template":"","meta":{"footnotes":""},"class_list":["post-27997","page","type-page","status-publish","hentry"],"_links":{"self":[{"href":"https:\/\/site.utm.ro\/en\/wp-json\/wp\/v2\/pages\/27997","targetHints":{"allow":["GET"]}}],"collection":[{"href":"https:\/\/site.utm.ro\/en\/wp-json\/wp\/v2\/pages"}],"about":[{"href":"https:\/\/site.utm.ro\/en\/wp-json\/wp\/v2\/types\/page"}],"author":[{"embeddable":true,"href":"https:\/\/site.utm.ro\/en\/wp-json\/wp\/v2\/users\/1"}],"replies":[{"embeddable":true,"href":"https:\/\/site.utm.ro\/en\/wp-json\/wp\/v2\/comments?post=27997"}],"version-history":[{"count":0,"href":"https:\/\/site.utm.ro\/en\/wp-json\/wp\/v2\/pages\/27997\/revisions"}],"up":[{"embeddable":true,"href":"https:\/\/site.utm.ro\/en\/wp-json\/wp\/v2\/pages\/24376"}],"wp:attachment":[{"href":"https:\/\/site.utm.ro\/en\/wp-json\/wp\/v2\/media?parent=27997"}],"curies":[{"name":"wp","href":"https:\/\/api.w.org\/{rel}","templated":true}]}}