{"id":27919,"date":"2026-03-02T10:14:49","date_gmt":"2026-03-02T10:14:49","guid":{"rendered":"https:\/\/site.utm.ro\/?page_id=27919"},"modified":"2026-03-02T11:04:18","modified_gmt":"2026-03-02T11:04:18","slug":"study-abroad","status":"publish","type":"page","link":"https:\/\/site.utm.ro\/en\/studenti\/acte-studii\/","title":{"rendered":"Studies"},"content":{"rendered":"<div data-elementor-type=\"wp-page\" data-elementor-id=\"27919\" class=\"elementor elementor-27919\" data-elementor-post-type=\"page\">\n\t\t\t\t\t\t<section class=\"elementor-section elementor-top-section elementor-element elementor-element-9bfbf41 elementor-section-height-min-height elementor-section-full_width elementor-section-height-default elementor-section-items-middle\" data-id=\"9bfbf41\" data-element_type=\"section\" data-e-type=\"section\" data-settings=\"{&quot;background_background&quot;:&quot;classic&quot;}\">\n\t\t\t\t\t\t\t<div class=\"elementor-background-overlay\"><\/div>\n\t\t\t\t\t\t\t<div class=\"elementor-container elementor-column-gap-default\">\n\t\t\t\t\t<div class=\"elementor-column elementor-col-100 elementor-top-column elementor-element elementor-element-8de35de\" data-id=\"8de35de\" data-element_type=\"column\" data-e-type=\"column\" data-settings=\"{&quot;background_background&quot;:&quot;classic&quot;}\">\n\t\t\t<div class=\"elementor-widget-wrap\">\n\t\t\t\t\t\t\t<\/div>\n\t\t<\/div>\n\t\t\t\t\t<\/div>\n\t\t<\/section>\n\t\t\t\t<section class=\"elementor-section elementor-top-section elementor-element elementor-element-b0d679f elementor-section-boxed elementor-section-height-default elementor-section-height-default\" data-id=\"b0d679f\" data-element_type=\"section\" data-e-type=\"section\">\n\t\t\t\t\t\t<div class=\"elementor-container elementor-column-gap-no\">\n\t\t\t\t\t<div class=\"elementor-column elementor-col-50 elementor-top-column elementor-element elementor-element-7d37ee1 animated-fast elementor-invisible\" data-id=\"7d37ee1\" data-element_type=\"column\" data-e-type=\"column\" data-settings=\"{&quot;background_background&quot;:&quot;classic&quot;,&quot;animation&quot;:&quot;fadeIn&quot;,&quot;animation_tablet&quot;:&quot;none&quot;,&quot;animation_mobile&quot;:&quot;none&quot;,&quot;animation_delay&quot;:100}\">\n\t\t\t<div class=\"elementor-widget-wrap elementor-element-populated\">\n\t\t\t\t\t\t<div class=\"elementor-element elementor-element-d7e6623 elementor-widget elementor-widget-heading\" data-id=\"d7e6623\" data-element_type=\"widget\" data-e-type=\"widget\" data-widget_type=\"heading.default\">\n\t\t\t\t<div class=\"elementor-widget-container\">\n\t\t\t\t\t<h1 class=\"elementor-heading-title elementor-size-default\">Studies<\/h1>\t\t\t\t<\/div>\n\t\t\t\t<\/div>\n\t\t\t\t\t<\/div>\n\t\t<\/div>\n\t\t\t\t<div class=\"elementor-column elementor-col-50 elementor-top-column elementor-element elementor-element-6f23bc9 elementor-hidden-desktop elementor-hidden-tablet elementor-hidden-phone\" data-id=\"6f23bc9\" data-element_type=\"column\" data-e-type=\"column\">\n\t\t\t<div class=\"elementor-widget-wrap\">\n\t\t\t\t\t\t\t<\/div>\n\t\t<\/div>\n\t\t\t\t\t<\/div>\n\t\t<\/section>\n\t\t\t\t<section class=\"elementor-section elementor-top-section elementor-element elementor-element-be5a81c elementor-section-boxed elementor-section-height-default elementor-section-height-default\" data-id=\"be5a81c\" data-element_type=\"section\" data-e-type=\"section\" data-settings=\"{&quot;animation&quot;:&quot;none&quot;,&quot;animation_tablet&quot;:&quot;none&quot;,&quot;animation_mobile&quot;:&quot;none&quot;,&quot;animation_delay&quot;:300}\">\n\t\t\t\t\t\t<div class=\"elementor-container elementor-column-gap-no\">\n\t\t\t\t\t<div class=\"elementor-column elementor-col-100 elementor-top-column elementor-element elementor-element-6cb28f3\" data-id=\"6cb28f3\" data-element_type=\"column\" data-e-type=\"column\">\n\t\t\t<div class=\"elementor-widget-wrap elementor-element-populated\">\n\t\t\t\t\t\t<div class=\"elementor-element elementor-element-7ce6787 elementor-widget elementor-widget-text-editor\" data-id=\"7ce6787\" data-element_type=\"widget\" data-e-type=\"widget\" data-widget_type=\"text-editor.default\">\n\t\t\t\t<div class=\"elementor-widget-container\">\n\t\t\t\t\t\t\t\t\t<div><strong>Office Manager<\/strong>\u00a0Mariana Toader<\/div>\n<div><strong>E-mail:<\/strong>\u00a0<a href=\"mailto:actestudii@univ.utm.ro\">actestudii@univ.utm.ro<\/a><br \/><strong>Phone:<\/strong>\u00a0021 3161646<\/div>\n<hr \/>\n<div>\u00a0<\/div>\n<p>\u00a0<\/p>\n<p><strong><span lang=\"en-US\">Appointments \u2013 Issuance of study documents<\/span><\/strong><\/p>\n<ul type=\"disc\">\n<li>\n<ul type=\"circle\">\n<li>\n<ul type=\"circle\">\n<li class=\"x_MsoNormal\"><span lang=\"EN-US\">Diploma issuance program: Monday\u00a0<\/span>\u2013\u00a0<span lang=\"EN-US\">Friday, 11:00 AM \u2013 3:00 PM and Wednesday 9:00 AM - 1:00 PM;<\/span><\/li>\n<li class=\"x_MsoNormal\"><span lang=\"EN-US\">Appointments for the release of study documents are made exclusively through the dedicated portal, 12 months after passing the bachelor's\/master's thesis exam; individually for each person and each diploma;<\/span><\/li>\n<li><span lang=\"en-US\">Appointments for the issuance of study documents are made through the dedicated portal.;<\/span><\/li>\n<li><span lang=\"en-US\">Respecting the scheduled time is mandatory to avoid rescheduling the graduate.;<\/span><\/li>\n<li><span lang=\"en-US\">For the preparation and issuance of a certificate of conformity, the following are required: a photocopy of the diploma supplement (or transcript), a photocopy of the bachelor's (or master's) degree, and a\u00a0<a href=\"https:\/\/www.utm.ro\/wp-content\/uploads\/2021\/01\/cerere-adev.-confirmare-2021.pdf\" target=\"_blank\" rel=\"noopener noreferrer\" data-auth=\"NotApplicable\" data-linkindex=\"5\">Certificate Request<\/a>\u00a0or\u00a0<a href=\"https:\/\/www.utm.ro\/wp-content\/uploads\/2021\/01\/cerere-diverse-2021.pdf\" target=\"_blank\" rel=\"noopener noreferrer\" data-auth=\"NotApplicable\" data-linkindex=\"6\">Various types of requests<\/a>.<\/span><\/li>\n<li><span lang=\"en-US\">For additional information, the Admissions Office can be contacted at the following email address\u00a0<a href=\"mailto:actestudii@univ.utm.ro\" target=\"_blank\" rel=\"noopener noreferrer\" data-auth=\"NotApplicable\" data-linkindex=\"7\">actestudii@univ.utm.ro<\/a>\u00a0and phone 021 3161646.<\/span><\/li>\n<\/ul>\n<\/li>\n<\/ul>\n<\/li>\n<\/ul>\t\t\t\t\t\t\t\t<\/div>\n\t\t\t\t<\/div>\n\t\t\t\t\t<\/div>\n\t\t<\/div>\n\t\t\t\t\t<\/div>\n\t\t<\/section>\n\t\t\t\t<section class=\"elementor-section elementor-top-section elementor-element elementor-element-260a558 elementor-section-boxed elementor-section-height-default elementor-section-height-default\" data-id=\"260a558\" data-element_type=\"section\" data-e-type=\"section\" data-settings=\"{&quot;background_background&quot;:&quot;classic&quot;}\">\n\t\t\t\t\t\t<div class=\"elementor-container elementor-column-gap-default\">\n\t\t\t\t\t<div class=\"elementor-column elementor-col-33 elementor-top-column elementor-element elementor-element-25832eb\" data-id=\"25832eb\" data-element_type=\"column\" data-e-type=\"column\">\n\t\t\t<div class=\"elementor-widget-wrap elementor-element-populated\">\n\t\t\t\t\t\t<div class=\"elementor-element elementor-element-d46cf9a elementor-widget__width-initial elementor-widget elementor-widget-heading\" data-id=\"d46cf9a\" data-element_type=\"widget\" data-e-type=\"widget\" data-widget_type=\"heading.default\">\n\t\t\t\t<div class=\"elementor-widget-container\">\n\t\t\t\t\t<h3 class=\"elementor-heading-title elementor-size-default\">Go to <br>Studies Portal<\/h3>\t\t\t\t<\/div>\n\t\t\t\t<\/div>\n\t\t\t\t\t<\/div>\n\t\t<\/div>\n\t\t\t\t<div class=\"elementor-column elementor-col-33 elementor-top-column elementor-element elementor-element-4c0e497\" data-id=\"4c0e497\" data-element_type=\"column\" data-e-type=\"column\">\n\t\t\t<div class=\"elementor-widget-wrap\">\n\t\t\t\t\t\t\t<\/div>\n\t\t<\/div>\n\t\t\t\t<div class=\"elementor-column elementor-col-33 elementor-top-column elementor-element elementor-element-472aadb\" data-id=\"472aadb\" data-element_type=\"column\" data-e-type=\"column\" data-settings=\"{&quot;background_background&quot;:&quot;classic&quot;}\">\n\t\t\t<div class=\"elementor-widget-wrap elementor-element-populated\">\n\t\t\t\t\t\t<div class=\"elementor-element elementor-element-5bc212a elementor-align-justify elementor-mobile-align-left elementor-widget elementor-widget-button\" data-id=\"5bc212a\" data-element_type=\"widget\" data-e-type=\"widget\" data-widget_type=\"button.default\">\n\t\t\t\t<div class=\"elementor-widget-container\">\n\t\t\t\t\t\t\t\t\t<div class=\"elementor-button-wrapper\">\n\t\t\t\t\t<a class=\"elementor-button elementor-button-link elementor-size-sm\" href=\"https:\/\/outlook.office365.com\/book\/UNIVERSITATEATITUMAIORESCUBiroulActeStudii@titumaiorescu.onmicrosoft.com\/?ismsaljsauthenabled=true\" target=\"_blank\" rel=\"noopener\">\n\t\t\t\t\t\t<span class=\"elementor-button-content-wrapper\">\n\t\t\t\t\t\t<span class=\"elementor-button-icon\">\n\t\t\t\t<i aria-hidden=\"true\" class=\"vamtamtheme- vamtam-theme-arrow-right\"><\/i>\t\t\t<\/span>\n\t\t\t\t\t\t\t\t\t<span class=\"elementor-button-text\">To portal<\/span>\n\t\t\t\t\t<\/span>\n\t\t\t\t\t<\/a>\n\t\t\t\t<\/div>\n\t\t\t\t\t\t\t\t<\/div>\n\t\t\t\t<\/div>\n\t\t\t\t\t<\/div>\n\t\t<\/div>\n\t\t\t\t\t<\/div>\n\t\t<\/section>\n\t\t\t\t<section class=\"elementor-section elementor-top-section elementor-element elementor-element-57bdfdf elementor-section-boxed elementor-section-height-default elementor-section-height-default\" data-id=\"57bdfdf\" data-element_type=\"section\" data-e-type=\"section\">\n\t\t\t\t\t\t<div class=\"elementor-container elementor-column-gap-default\">\n\t\t\t\t\t<div class=\"elementor-column elementor-col-100 elementor-top-column elementor-element elementor-element-ddc33fa\" data-id=\"ddc33fa\" data-element_type=\"column\" data-e-type=\"column\">\n\t\t\t<div class=\"elementor-widget-wrap elementor-element-populated\">\n\t\t\t\t\t\t<div class=\"elementor-element elementor-element-2e0dc6a elementor-widget elementor-widget-spacer\" data-id=\"2e0dc6a\" data-element_type=\"widget\" data-e-type=\"widget\" data-widget_type=\"spacer.default\">\n\t\t\t\t<div class=\"elementor-widget-container\">\n\t\t\t\t\t\t\t<div class=\"elementor-spacer\">\n\t\t\t<div class=\"elementor-spacer-inner\"><\/div>\n\t\t<\/div>\n\t\t\t\t\t\t<\/div>\n\t\t\t\t<\/div>\n\t\t\t\t\t<\/div>\n\t\t<\/div>\n\t\t\t\t\t<\/div>\n\t\t<\/section>\n\t\t\t\t<\/div>","protected":false},"excerpt":{"rendered":"<p>Acte studii \u015eef birou:\u00a0Mariana Toader E-mail:\u00a0actestudii@univ.utm.roTelefon:\u00a0021 3161646 \u00a0 \u00a0 Program\u0103ri \u00a0\u2013 eliberare acte de studii\u00a0: Program eliber\u0103ri diplome:\u00a0luni\u00a0\u2013\u00a0joi, orele 11:00 \u2013 15:00 \u0219i miercuri 9:00 -13:00; Program\u0103rile pentru eliberarea actelor de studii se realizeaz\u0103 exclusiv prin portalul dedicat,dup\u0103 12 luni de la sus\u021binerea examenului de licen\u021b\u0103\/diserta\u021bie; individual pentru fiecare persoan\u0103 \u0219i fiecare diplom\u0103; Program\u0103rile pentru&#8230;<\/p>","protected":false},"author":1,"featured_media":0,"parent":24376,"menu_order":0,"comment_status":"closed","ping_status":"closed","template":"","meta":{"footnotes":""},"class_list":["post-27919","page","type-page","status-publish","hentry"],"_links":{"self":[{"href":"https:\/\/site.utm.ro\/en\/wp-json\/wp\/v2\/pages\/27919","targetHints":{"allow":["GET"]}}],"collection":[{"href":"https:\/\/site.utm.ro\/en\/wp-json\/wp\/v2\/pages"}],"about":[{"href":"https:\/\/site.utm.ro\/en\/wp-json\/wp\/v2\/types\/page"}],"author":[{"embeddable":true,"href":"https:\/\/site.utm.ro\/en\/wp-json\/wp\/v2\/users\/1"}],"replies":[{"embeddable":true,"href":"https:\/\/site.utm.ro\/en\/wp-json\/wp\/v2\/comments?post=27919"}],"version-history":[{"count":0,"href":"https:\/\/site.utm.ro\/en\/wp-json\/wp\/v2\/pages\/27919\/revisions"}],"up":[{"embeddable":true,"href":"https:\/\/site.utm.ro\/en\/wp-json\/wp\/v2\/pages\/24376"}],"wp:attachment":[{"href":"https:\/\/site.utm.ro\/en\/wp-json\/wp\/v2\/media?parent=27919"}],"curies":[{"name":"wp","href":"https:\/\/api.w.org\/{rel}","templated":true}]}}