{"id":27735,"date":"2026-02-27T15:01:37","date_gmt":"2026-02-27T15:01:37","guid":{"rendered":"https:\/\/site.utm.ro\/?page_id=27735"},"modified":"2026-03-02T17:28:51","modified_gmt":"2026-03-02T17:28:51","slug":"competitie-interna","status":"publish","type":"page","link":"https:\/\/site.utm.ro\/en\/cercetare\/competitie-interna\/","title":{"rendered":"Internal competition"},"content":{"rendered":"<div data-elementor-type=\"wp-page\" data-elementor-id=\"27735\" class=\"elementor elementor-27735\" data-elementor-post-type=\"page\">\n\t\t\t\t\t\t<section class=\"elementor-section elementor-top-section elementor-element elementor-element-14e1586 elementor-section-height-min-height elementor-section-full_width elementor-section-height-default elementor-section-items-middle\" data-id=\"14e1586\" data-element_type=\"section\" data-e-type=\"section\" data-settings=\"{&quot;background_background&quot;:&quot;classic&quot;}\">\n\t\t\t\t\t\t\t<div class=\"elementor-background-overlay\"><\/div>\n\t\t\t\t\t\t\t<div class=\"elementor-container elementor-column-gap-default\">\n\t\t\t\t\t<div class=\"elementor-column elementor-col-100 elementor-top-column elementor-element elementor-element-72f97eb\" data-id=\"72f97eb\" data-element_type=\"column\" data-e-type=\"column\" data-settings=\"{&quot;background_background&quot;:&quot;classic&quot;}\">\n\t\t\t<div class=\"elementor-widget-wrap\">\n\t\t\t\t\t\t\t<\/div>\n\t\t<\/div>\n\t\t\t\t\t<\/div>\n\t\t<\/section>\n\t\t\t\t<section class=\"elementor-section elementor-top-section elementor-element elementor-element-10c6040 elementor-section-boxed elementor-section-height-default elementor-section-height-default\" data-id=\"10c6040\" data-element_type=\"section\" data-e-type=\"section\">\n\t\t\t\t\t\t<div class=\"elementor-container elementor-column-gap-no\">\n\t\t\t\t\t<div class=\"elementor-column elementor-col-50 elementor-top-column elementor-element elementor-element-4c4e147 animated-fast elementor-invisible\" data-id=\"4c4e147\" data-element_type=\"column\" data-e-type=\"column\" data-settings=\"{&quot;background_background&quot;:&quot;classic&quot;,&quot;animation&quot;:&quot;fadeIn&quot;,&quot;animation_tablet&quot;:&quot;none&quot;,&quot;animation_mobile&quot;:&quot;none&quot;,&quot;animation_delay&quot;:100}\">\n\t\t\t<div class=\"elementor-widget-wrap elementor-element-populated\">\n\t\t\t\t\t\t<div class=\"elementor-element elementor-element-a2e76df elementor-widget elementor-widget-heading\" data-id=\"a2e76df\" data-element_type=\"widget\" data-e-type=\"widget\" data-widget_type=\"heading.default\">\n\t\t\t\t<div class=\"elementor-widget-container\">\n\t\t\t\t\t<h1 class=\"elementor-heading-title elementor-size-default\">Internal competition <\/h1>\t\t\t\t<\/div>\n\t\t\t\t<\/div>\n\t\t\t\t\t<\/div>\n\t\t<\/div>\n\t\t\t\t<div class=\"elementor-column elementor-col-50 elementor-top-column elementor-element elementor-element-e7a007a elementor-hidden-desktop elementor-hidden-tablet elementor-hidden-phone\" data-id=\"e7a007a\" data-element_type=\"column\" data-e-type=\"column\">\n\t\t\t<div class=\"elementor-widget-wrap\">\n\t\t\t\t\t\t\t<\/div>\n\t\t<\/div>\n\t\t\t\t\t<\/div>\n\t\t<\/section>\n\t\t\t\t<section class=\"elementor-section elementor-top-section elementor-element elementor-element-dde9aa3 elementor-section-boxed elementor-section-height-default elementor-section-height-default\" data-id=\"dde9aa3\" data-element_type=\"section\" data-e-type=\"section\">\n\t\t\t\t\t\t<div class=\"elementor-container elementor-column-gap-default\">\n\t\t\t\t\t<div class=\"elementor-column elementor-col-100 elementor-top-column elementor-element elementor-element-3d7141d\" data-id=\"3d7141d\" data-element_type=\"column\" data-e-type=\"column\">\n\t\t\t<div class=\"elementor-widget-wrap elementor-element-populated\">\n\t\t\t\t\t\t<div class=\"elementor-element elementor-element-faca1b8 elementor-widget elementor-widget-heading\" data-id=\"faca1b8\" data-element_type=\"widget\" data-e-type=\"widget\" data-widget_type=\"heading.default\">\n\t\t\t\t<div class=\"elementor-widget-container\">\n\t\t\t\t\t<h3 class=\"elementor-heading-title elementor-size-default\">Organization<\/h3>\t\t\t\t<\/div>\n\t\t\t\t<\/div>\n\t\t\t\t\t<\/div>\n\t\t<\/div>\n\t\t\t\t\t<\/div>\n\t\t<\/section>\n\t\t\t\t<section class=\"elementor-section elementor-top-section elementor-element elementor-element-0508b46 elementor-section-boxed elementor-section-height-default elementor-section-height-default\" data-id=\"0508b46\" data-element_type=\"section\" data-e-type=\"section\">\n\t\t\t\t\t\t<div class=\"elementor-container elementor-column-gap-no\">\n\t\t\t\t\t<div class=\"elementor-column elementor-col-100 elementor-top-column elementor-element elementor-element-df36d00\" data-id=\"df36d00\" data-element_type=\"column\" data-e-type=\"column\">\n\t\t\t<div class=\"elementor-widget-wrap elementor-element-populated\">\n\t\t\t\t\t\t<div class=\"elementor-element elementor-element-afe630f elementor-widget elementor-widget-text-editor\" data-id=\"afe630f\" data-element_type=\"widget\" data-e-type=\"widget\" data-widget_type=\"text-editor.default\">\n\t\t\t\t<div class=\"elementor-widget-container\">\n\t\t\t\t\t\t\t\t\t<ul>\n \t<li><strong><a href=\"\/wp-content\/uploads\/2026\/03\/Procedura-de-desfasurare-a-competitiei-interne-de-proiecte-de-cercetare-2025-2027.pdf\">Procedura de desfasurare a competitiei interne de proiecte de cercetare (2025-2027)<\/a><\/strong><\/li>\n \t<li><strong><a href=\"\/wp-content\/uploads\/2026\/03\/Calendar-Competitie-Interna-Proiecte-de-Cercetare-2025-2027.pdf\">Calendarul competi\u021biei interne de proiecte de cercetare (2025-2027)<\/a><\/strong><\/li>\n \t<li><a href=\"\/wp-content\/uploads\/2026\/03\/Bugetul-Competitiei-Interne-de-Proiecte-de-Cercetare-2025-2027.pdf\"><strong>Bugetul Competitiei Interne de \u00a0Proiecte de Cercetare (2025-2027)<\/strong><\/a><\/li>\n \t<li><strong><a href=\"\/wp-content\/uploads\/2026\/03\/Proiecte-de-cercetare-interna-2025-2027-Eligibile.pdf\">Proiecte de cercetare intern\u0103 2025-2027 eligibile<\/a><\/strong><\/li>\n \t<li><strong><a href=\"\/wp-content\/uploads\/2026\/03\/Proiecte-de-cercetare-interna-2025-2027-castigate-prin-competitie.pdf\">Proiecte de cercetare intern\u0103 2025-2027 c\u00e2\u0219tigate prin competi\u021bie<\/a><\/strong><\/li>\n<\/ul>\n<ul>\n \t<li><a href=\"\/wp-content\/uploads\/2026\/03\/Manualul-Calitatii-UTM-2.pdf\"><strong>Proiecte de cercetare intern\u0103 2022-2024 aprobate<\/strong><\/a><\/li>\n<\/ul>\n<ul>\n \t<li><a href=\"\/wp-content\/uploads\/2026\/03\/PROIECTE-DE-CERCETARE-INTERNA-2022-2024-ELIGIBILE-1.pdf\"><strong>Proiecte de cercetare intern\u0103 2022-2024 eligibile<\/strong><\/a><\/li>\n<\/ul>\n<ul>\n \t<li><a href=\"\/wp-content\/uploads\/2026\/03\/Bugetul-Competitiei-Interne-de-Proiecte-de-Cercetare-2022-2024.pdf\"><strong>Bugetul Competitiei Interne de Proiecte de Cercetare 2022-2024<\/strong><\/a><\/li>\n<\/ul>\n<ul>\n \t<li><a href=\"\/wp-content\/uploads\/2026\/03\/Calendar-Competitie-Interna-Proiecte-de-Cercetare-2022-2024.pdf\"><strong>Calendarul competi\u021biei interne de proiecte de cercetare (2022 \u2013 2024)<\/strong><\/a><\/li>\n<\/ul>\n<ul>\n \t<li><a href=\"\/wp-content\/uploads\/2026\/03\/Cerere-de-finantare-Proiecte-de-cercetare-interna-2022.pdf\"><strong>Cerere de finan\u0163are Proiecte de cercetare intern\u0103 \u2013 2022<\/strong><\/a><\/li>\n<\/ul>\n<ul>\n \t<li><a href=\"\/wp-content\/uploads\/2026\/03\/procedura-de-desfasurare-a-competitiei-interne-de-proiecte-de-cercetare-1.pdf\"><strong>Procedura de desf\u0103\u0219urare a competi\u021biei interne de proiecte de cercetare<\/strong><\/a><\/li>\n<\/ul>\n<ul>\n \t<li><a href=\"\/wp-content\/uploads\/2026\/03\/Rezultate-Competitie-Cercetare-Interna-2018.pdf\"><strong>Rezultatele competi\u021biei proiectelor de cercetare intern\u0103 2018 \u2013 2020<\/strong><\/a><\/li>\n<\/ul>\n<ul>\n \t<li><a href=\"\/wp-content\/uploads\/2026\/03\/REGULAMENT-Proiecte-Cercetare-Interna-2018-Rev-4-1.pdf\"><strong>Regulament proiecte cercetare intern\u0103 2018<\/strong><\/a><\/li>\n<\/ul>\n<ul>\n \t<li><a href=\"\/wp-content\/uploads\/2026\/03\/UTM-Consiliul-Stiintific-Fisa-Depunere-Proiect-Cercetare-2018-2020.docx\"><strong>Formular pentru propunerea unui proiect de cercetare intern\u0103 2018<\/strong><\/a><\/li>\n<\/ul>\n<ul>\n \t<li><a href=\"\/wp-content\/uploads\/2026\/03\/CERCETARE-Competitie-UTM-Competitie-Proiecte-Interne-Criterii-de-Evaluare-Rev-2-0.pdf\"><strong>Fi\u0219a de evaluare a proiectelor de cercetare intern\u0103 2018<\/strong><\/a><\/li>\n<\/ul>\n<ul>\n \t<li><a href=\"\/wp-content\/uploads\/2026\/03\/CERCETARE-Competitie-CALENDAR-Proiecte-Cercetare-Interna-2018-Rev-1-0.pdf\"><strong>Calendarul competi\u021biei proiectelor de cercetare intern\u0103\u00a0 2018<\/strong><\/a><\/li>\n<\/ul>\t\t\t\t\t\t\t\t<\/div>\n\t\t\t\t<\/div>\n\t\t\t\t\t<\/div>\n\t\t<\/div>\n\t\t\t\t\t<\/div>\n\t\t<\/section>\n\t\t\t\t<section class=\"elementor-section elementor-top-section elementor-element elementor-element-ade1910 elementor-section-boxed elementor-section-height-default elementor-section-height-default\" data-id=\"ade1910\" data-element_type=\"section\" data-e-type=\"section\" data-settings=\"{&quot;animation&quot;:&quot;none&quot;,&quot;animation_tablet&quot;:&quot;none&quot;,&quot;animation_mobile&quot;:&quot;none&quot;,&quot;animation_delay&quot;:300}\">\n\t\t\t\t\t\t<div class=\"elementor-container elementor-column-gap-no\">\n\t\t\t\t\t<div class=\"elementor-column elementor-col-100 elementor-top-column elementor-element elementor-element-e591f92\" data-id=\"e591f92\" data-element_type=\"column\" data-e-type=\"column\">\n\t\t\t<div class=\"elementor-widget-wrap elementor-element-populated\">\n\t\t\t\t\t\t<div class=\"elementor-element elementor-element-b11925f vamtam-theme-table-styles elementor-widget elementor-widget-toggle\" data-id=\"b11925f\" data-element_type=\"widget\" data-e-type=\"widget\" data-widget_type=\"toggle.default\">\n\t\t\t\t<div class=\"elementor-widget-container\">\n\t\t\t\t\t\t\t<div class=\"elementor-toggle\">\n\t\t\t\t\t\t\t<div class=\"elementor-toggle-item\">\n\t\t\t\t\t<h3 id=\"elementor-tab-title-1851\" class=\"elementor-tab-title\" data-tab=\"1\" role=\"button\" aria-controls=\"elementor-tab-content-1851\" aria-expanded=\"false\">\n\t\t\t\t\t\t\t\t\t\t\t\t<span class=\"elementor-toggle-icon elementor-toggle-icon-right\" aria-hidden=\"true\">\n\t\t\t\t\t\t\t\t\t\t\t\t\t\t\t<span class=\"elementor-toggle-icon-closed\"><i class=\"vamtamtheme- vamtam-theme-arrow-down\"><\/i><\/span>\n\t\t\t\t\t\t\t\t<span class=\"elementor-toggle-icon-opened\"><i class=\"elementor-toggle-icon-opened vamtamtheme- vamtam-theme-arrow-up\"><\/i><\/span>\n\t\t\t\t\t\t\t\t\t\t\t\t\t<\/span>\n\t\t\t\t\t\t\t\t\t\t\t\t<a class=\"elementor-toggle-title\" tabindex=\"0\">Evaluarea \u0219i premierea rezultatelor cercet\u0103rii<\/a>\n\t\t\t\t\t<\/h3>\n\n\t\t\t\t\t<div id=\"elementor-tab-content-1851\" class=\"elementor-tab-content elementor-clearfix\" data-tab=\"1\" role=\"region\" aria-labelledby=\"elementor-tab-title-1851\">2022-2024\n<ul>\n \t<li><a href=\"\/wp-content\/uploads\/2026\/03\/Proiecte-de-cercetare-interna-2022-2024-aprobate.pdf\" target=\"_blank\" rel=\"noopener\"><strong>Proiecte de cercetare intern\u0103 2022-2024 aprobate<\/strong><\/a><\/li>\n \t<li><a href=\"\/wp-content\/uploads\/2026\/03\/PROIECTE-DE-CERCETARE-INTERNA-2022-2024-ELIGIBILE.pdf\" target=\"_blank\" rel=\"noopener\"><strong>Proiecte de cercetare intern\u0103 2022-2024 eligibile<\/strong><\/a><\/li>\n<\/ul>\n\n<hr \/>\n\n2018-2019\n<ul>\n \t<li><a href=\"\/wp-content\/uploads\/2026\/03\/UTM_Premiere-Rezultate-Cercetare-Ed-2-oct-2018-oct-2019-Lista-Finala_110220.pdf\" target=\"_blank\" rel=\"noopener noreferrer\"><strong>Premierea rezultatelor cercet\u0103rii \u0219tiin\u021bifice \u2013 2019<\/strong><\/a><\/li>\n<\/ul>\n<ul>\n \t<li><strong><a href=\"\/wp-content\/uploads\/2026\/03\/Decizie-BEO-Prelungire-Calendar-Premierea-Cercetarii.pdf\" target=\"_blank\" rel=\"noopener noreferrer\">Anunt de modificare a calendarului competitiei de premiere a rezultatelor cercetarii<\/a><\/strong><\/li>\n<\/ul>\n<ul>\n \t<li class=\"first-child last-child\"><a href=\"\/wp-content\/uploads\/2026\/03\/Premiere-Anunt-2018-2019-Ver-2-Rev-4-1.pdf\" target=\"_blank\" rel=\"noopener noreferrer\"><strong>Anunt competitie de premiere rezultate cercetare 2018-2019<\/strong><\/a><\/li>\n<\/ul>\n<ul>\n \t<li class=\"first-child last-child\"><a href=\"\/wp-content\/uploads\/2026\/03\/Premiere-2018-2019-Calendar-Rev-3-0-1.pdf\" target=\"_blank\" rel=\"noopener noreferrer\"><strong>Calendarul competitiei de premiere a rezultatelor cercetarii<\/strong><\/a><\/li>\n<\/ul>\n<ul>\n \t<li class=\"first-child last-child\"><a href=\"\/wp-content\/uploads\/2026\/03\/Premiere-Articole-Cerere-Tip-2018-2019-Cadru-Didactic-pt-Presedinte-Consiliu-Cercetare-Rev-1-1.docx\" target=\"_blank\" rel=\"noopener noreferrer\"><strong>Cerere de premiere (format WORD)<\/strong><\/a><\/li>\n<\/ul>\n<ul>\n \t<li class=\"first-child last-child\"><a href=\"\/wp-content\/uploads\/2026\/03\/Model-de-Export-Date-Articol-si-Revista-ISI-1.pdf\" target=\"_blank\" rel=\"noopener noreferrer\"><strong>Model de realizare a dovezii publicarii cu cotatie ISI aferenta Web of Science sau BDI<\/strong><\/a><\/li>\n<\/ul>\n\n<hr \/>\n\n2017-2018\n<ul>\n \t<li class=\"first-child last-child\"><a href=\"\/wp-content\/uploads\/2026\/03\/Tabel-Premiere-CERCETARE-2017-2018.pdf\" target=\"_blank\" rel=\"noopener noreferrer\"><strong>Premierea rezultatelor cercet\u0103rii \u0219tiin\u021bifice \u2013 2018<\/strong><\/a><\/li>\n<\/ul>\n<ul>\n \t<li class=\"first-child last-child\"><a href=\"\/wp-content\/uploads\/2026\/03\/CERCETARE-Premiere-Anunt-Rev-1-0.pdf\" target=\"_blank\" rel=\"noopener noreferrer\"><strong>Anun\u021b deschidere competi\u021bie de premiere<\/strong><\/a><\/li>\n<\/ul>\n<ul>\n \t<li class=\"first-child last-child\"><a href=\"https:\/\/drive.google.com\/file\/d\/1Tv48rcMkprYhECUEfYuws5oydxyaimFh\/view?usp=sharing\" target=\"_blank\" rel=\"noopener noreferrer\"><strong>Model de cerere \u00een vederea premierii<\/strong><\/a><\/li>\n<\/ul>\n<ul>\n \t<li class=\"first-child last-child\"><a href=\"\/wp-content\/uploads\/2026\/03\/CERCETARE-Premiere-Model-de-Export-Date-Articol-si-Revista-ISI.pdf\" target=\"_blank\" rel=\"noopener noreferrer\"><strong>Model de realizare a dovezii public\u0103rii cu cota\u021bia ISI aferent\u0103 \u00een Web of Science<\/strong><\/a><\/li>\n<\/ul>\n<ul>\n \t<li class=\"first-child last-child\"><a href=\"\/wp-content\/uploads\/2026\/03\/CERCETARE-Premiere-Calendar-Rev-1-0.pdf\" target=\"_blank\" rel=\"noopener noreferrer\"><strong>Calendarul competi\u021biei de premiere a rezultatelor cercet\u0103rii<\/strong><\/a><\/li>\n<\/ul><\/div>\n\t\t\t\t<\/div>\n\t\t\t\t\t\t\t\t<\/div>\n\t\t\t\t\t\t<\/div>\n\t\t\t\t<\/div>\n\t\t\t\t\t<\/div>\n\t\t<\/div>\n\t\t\t\t\t<\/div>\n\t\t<\/section>\n\t\t\t\t<\/div>","protected":false},"excerpt":{"rendered":"<p>Competi\u021bie intern\u0103 Organizare Procedura de desfasurare a competitiei interne de proiecte de cercetare (2025-2027) Calendarul competi\u021biei interne de proiecte de cercetare (2025-2027) Bugetul Competitiei Interne de \u00a0Proiecte de Cercetare (2025-2027) Proiecte de cercetare intern\u0103 2025-2027 eligibile Proiecte de cercetare intern\u0103 2025-2027 c\u00e2\u0219tigate prin competi\u021bie Proiecte de cercetare intern\u0103 2022-2024 aprobate Proiecte de cercetare intern\u0103 2022-2024&#8230;<\/p>","protected":false},"author":1,"featured_media":0,"parent":24374,"menu_order":0,"comment_status":"closed","ping_status":"closed","template":"","meta":{"footnotes":""},"class_list":["post-27735","page","type-page","status-publish","hentry"],"_links":{"self":[{"href":"https:\/\/site.utm.ro\/en\/wp-json\/wp\/v2\/pages\/27735","targetHints":{"allow":["GET"]}}],"collection":[{"href":"https:\/\/site.utm.ro\/en\/wp-json\/wp\/v2\/pages"}],"about":[{"href":"https:\/\/site.utm.ro\/en\/wp-json\/wp\/v2\/types\/page"}],"author":[{"embeddable":true,"href":"https:\/\/site.utm.ro\/en\/wp-json\/wp\/v2\/users\/1"}],"replies":[{"embeddable":true,"href":"https:\/\/site.utm.ro\/en\/wp-json\/wp\/v2\/comments?post=27735"}],"version-history":[{"count":0,"href":"https:\/\/site.utm.ro\/en\/wp-json\/wp\/v2\/pages\/27735\/revisions"}],"up":[{"embeddable":true,"href":"https:\/\/site.utm.ro\/en\/wp-json\/wp\/v2\/pages\/24374"}],"wp:attachment":[{"href":"https:\/\/site.utm.ro\/en\/wp-json\/wp\/v2\/media?parent=27735"}],"curies":[{"name":"wp","href":"https:\/\/api.w.org\/{rel}","templated":true}]}}