{"id":27722,"date":"2026-02-27T14:50:31","date_gmt":"2026-02-27T14:50:31","guid":{"rendered":"https:\/\/site.utm.ro\/?page_id=27722"},"modified":"2026-03-19T11:24:18","modified_gmt":"2026-03-19T11:24:18","slug":"posdru-141699-2","status":"publish","type":"page","link":"https:\/\/site.utm.ro\/en\/cercetare\/posdru-141699-2\/","title":{"rendered":"Partnership projects"},"content":{"rendered":"<div data-elementor-type=\"wp-page\" data-elementor-id=\"27722\" class=\"elementor elementor-27722\" data-elementor-post-type=\"page\">\n\t\t\t\t\t\t<section class=\"elementor-section elementor-top-section elementor-element elementor-element-14e1586 elementor-section-height-min-height elementor-section-full_width elementor-section-height-default elementor-section-items-middle\" data-id=\"14e1586\" data-element_type=\"section\" data-e-type=\"section\" data-settings=\"{&quot;background_background&quot;:&quot;classic&quot;}\">\n\t\t\t\t\t\t\t<div class=\"elementor-background-overlay\"><\/div>\n\t\t\t\t\t\t\t<div class=\"elementor-container elementor-column-gap-default\">\n\t\t\t\t\t<div class=\"elementor-column elementor-col-100 elementor-top-column elementor-element elementor-element-72f97eb\" data-id=\"72f97eb\" data-element_type=\"column\" data-e-type=\"column\" data-settings=\"{&quot;background_background&quot;:&quot;classic&quot;}\">\n\t\t\t<div class=\"elementor-widget-wrap\">\n\t\t\t\t\t\t\t<\/div>\n\t\t<\/div>\n\t\t\t\t\t<\/div>\n\t\t<\/section>\n\t\t\t\t<section class=\"elementor-section elementor-top-section elementor-element elementor-element-10c6040 elementor-section-boxed elementor-section-height-default elementor-section-height-default\" data-id=\"10c6040\" data-element_type=\"section\" data-e-type=\"section\">\n\t\t\t\t\t\t<div class=\"elementor-container elementor-column-gap-no\">\n\t\t\t\t\t<div class=\"elementor-column elementor-col-50 elementor-top-column elementor-element elementor-element-4c4e147 animated-fast elementor-invisible\" data-id=\"4c4e147\" data-element_type=\"column\" data-e-type=\"column\" data-settings=\"{&quot;background_background&quot;:&quot;classic&quot;,&quot;animation&quot;:&quot;fadeIn&quot;,&quot;animation_tablet&quot;:&quot;none&quot;,&quot;animation_mobile&quot;:&quot;none&quot;,&quot;animation_delay&quot;:100}\">\n\t\t\t<div class=\"elementor-widget-wrap elementor-element-populated\">\n\t\t\t\t\t\t<div class=\"elementor-element elementor-element-a2e76df elementor-widget elementor-widget-heading\" data-id=\"a2e76df\" data-element_type=\"widget\" data-e-type=\"widget\" data-widget_type=\"heading.default\">\n\t\t\t\t<div class=\"elementor-widget-container\">\n\t\t\t\t\t<h1 class=\"elementor-heading-title elementor-size-default\">Partnership projects<\/h1>\t\t\t\t<\/div>\n\t\t\t\t<\/div>\n\t\t\t\t\t<\/div>\n\t\t<\/div>\n\t\t\t\t<div class=\"elementor-column elementor-col-50 elementor-top-column elementor-element elementor-element-e7a007a elementor-hidden-desktop elementor-hidden-tablet elementor-hidden-phone\" data-id=\"e7a007a\" data-element_type=\"column\" data-e-type=\"column\">\n\t\t\t<div class=\"elementor-widget-wrap\">\n\t\t\t\t\t\t\t<\/div>\n\t\t<\/div>\n\t\t\t\t\t<\/div>\n\t\t<\/section>\n\t\t\t\t<section class=\"elementor-section elementor-top-section elementor-element elementor-element-2d69001 elementor-section-boxed elementor-section-height-default elementor-section-height-default\" data-id=\"2d69001\" data-element_type=\"section\" data-e-type=\"section\">\n\t\t\t\t\t\t<div class=\"elementor-container elementor-column-gap-no\">\n\t\t\t\t\t<div class=\"elementor-column elementor-col-100 elementor-top-column elementor-element elementor-element-3295cf9\" data-id=\"3295cf9\" data-element_type=\"column\" data-e-type=\"column\">\n\t\t\t<div class=\"elementor-widget-wrap elementor-element-populated\">\n\t\t\t\t\t\t<div class=\"elementor-element elementor-element-2c28986 elementor-widget elementor-widget-text-editor\" data-id=\"2c28986\" data-element_type=\"widget\" data-e-type=\"widget\" data-widget_type=\"text-editor.default\">\n\t\t\t\t<div class=\"elementor-widget-container\">\n\t\t\t\t\t\t\t\t\t<div class=\"wpb_text_column wpb_content_element\"><div class=\"wpb_wrapper\"><h2 style=\"text-align: left;\"><a href=\"https:\/\/partnet.ro\/provitech\/\" target=\"_blank\" rel=\"noopener\"><span data-olk-copy-source=\"MessageBody\"><strong>PROVITECH<\/strong><\/span><\/a>\u00a0<strong style=\"font-family: 'Libre Baskerville', sans-serif; font-size: 50px; font-style: normal; font-variant-ligatures: normal; font-variant-caps: normal;\">promovarea inov\u0103rii \u0219i progresului tehnologic pentru studen\u021bi<\/strong><\/h2><p><em><strong>Obiectivul general<\/strong><\/em><\/p><p>Obiectivul general al proiectului const\u0103 \u00een cre\u0219terea ratei de participare a 251 de studen\u021bi din institu\u021bii de \u00eenv\u0103\u021b\u0103m\u00e2nt superior (publice sau private), \u00eenmatricula\u021bi \u00eentr-un program de nivel ISCED 6 \u2013 8, cu v\u00e2rsta cuprins\u0103 \u00eentre 18 \u0219i 35 ani, din regiunile Sud-Vest, Sud-Muntenia, Sud-Est, la programe de \u00eenv\u0103\u021bare la locul de munc\u0103 (stagii de practic\u0103) \u00een cadrul parteneriatelor dezvoltate, \u00een vederea facilit\u0103rii accesului pe pia\u021ba muncii.<\/p><p><em><strong>Obiective specifice<\/strong><\/em><\/p><p><strong data-start=\"72\" data-end=\"80\">OS1:<\/strong>\u00a0Dezvoltarea competen\u021belor antreprenoriale pentru 100 de studen\u021bi din grupul \u021bint\u0103, prin organizarea \u0219i derularea cursului\u00a0<strong data-start=\"203\" data-end=\"292\">FutureAntrep \u2013 Navigarea c\u0103tre viitorul antreprenoriatului \u00een era economiei circulare.<\/strong><br data-start=\"292\" data-end=\"295\" \/><strong data-start=\"295\" data-end=\"303\" data-is-only-node=\"\">OS2:<\/strong>\u00a0Dezvoltarea competen\u021belor digitale pentru 80 de studen\u021bi din grupul \u021bint\u0103, prin organizarea \u0219i derularea cursului\u00a0<strong data-start=\"418\" data-end=\"506\">ProviTech \u2013 Promovarea inova\u0306rii \u0219i progresului tehnologic digital \u00een antreprenoriat.<\/strong><br data-start=\"506\" data-end=\"509\" \/><strong data-start=\"509\" data-end=\"517\">OS3:<\/strong>\u00a0\u00cembun\u0103t\u0103\u021birea competen\u021belor transversale a 251 studen\u021bi din grupul \u021bint\u0103, prin organizarea de workshopuri privind dezvoltarea durabil\u0103, egalitatea de \u0219anse \u0219i de tratament \u00eentre femei \u0219i b\u0103rba\u021bi \u0219i integrarea perspectivei de gen.<br data-start=\"746\" data-end=\"749\" \/><strong data-start=\"749\" data-end=\"757\">OS4:<\/strong>\u00a0Cre\u0219terea gradului de participare a 251 studen\u021bi la programe de \u00eenv\u0103\u021bare la locul de munc\u0103 (stagii de practic\u0103) prin crearea de parteneriate \u00eentre institu\u021biile de \u00eenv\u0103\u021b\u0103m\u00e2nt superior \u0219i angajatori de profil.<br data-start=\"964\" data-end=\"967\" \/><strong data-start=\"967\" data-end=\"975\">OS5:<\/strong>\u00a0Dezvoltarea competen\u021belor socio-emo\u021bionale a 251 de studen\u021bi \u00een vederea cre\u0219terii rezilien\u021bei \u0219i adaptabilit\u0103\u021bii acestora \u00een fa\u021ba provoc\u0103rilor socio-profesionale.<br data-start=\"1137\" data-end=\"1140\" \/><strong data-start=\"1140\" data-end=\"1148\">OS6:<\/strong>\u00a0Realizarea unei analize detaliate \u00een vederea anticip\u0103rii nevoilor orizontale de dezvoltare a ofertei educa\u021bionale \u00een vederea sus\u021binerii angajabilit\u0103\u021bii absolven\u021bilor de \u00eenv\u0103\u021b\u0103m\u00e2nt ter\u021biar.<\/p><p><em><strong>Grupul \u021bint\u0103<\/strong><\/em><\/p><p>250 studen\u021bi<\/p><p><em><strong>Principalele rezultate propuse<\/strong><\/em><\/p><ul><li data-start=\"83\" data-end=\"205\"><p data-start=\"85\" data-end=\"205\">100 studen\u021bi \u00eenmatricula\u021bi \u00eentr-un program de nivel ISCED 6\u20138 sprijini\u021bi, prin participarea la cursul\u00a0<strong data-start=\"187\" data-end=\"203\">FutureAntrep<\/strong><\/p><\/li><li data-start=\"206\" data-end=\"324\"><p data-start=\"208\" data-end=\"324\">80 studen\u021bi \u00eenmatricula\u021bi \u00eentr-un program de nivel ISCED 6\u20138 sprijini\u021bi, prin participarea la cursul\u00a0<strong data-start=\"309\" data-end=\"322\">ProviTech<\/strong><\/p><\/li><li data-start=\"325\" data-end=\"409\"><p data-start=\"327\" data-end=\"409\">251 studen\u021bi participan\u021bi la workshopuri de egalitate de \u0219anse \u0219i nediscriminare<\/p><\/li><li data-start=\"410\" data-end=\"477\"><p data-start=\"412\" data-end=\"477\">251 studen\u021bi participan\u021bi la workshopuri de dezvoltare durabil\u0103<\/p><\/li><li data-start=\"478\" data-end=\"614\"><p data-start=\"480\" data-end=\"614\">Minimum 10 parteneriate create \u00eentre Solicitant\/Partener \u0219i angajatori de profil pentru plasarea \u00een stagii de practic\u0103 a studen\u021bilor<\/p><\/li><li data-start=\"615\" data-end=\"719\"><p data-start=\"617\" data-end=\"719\">251 participan\u021bi care beneficiaz\u0103 de sprijin prin participarea la stagii de practic\u0103 de specialitate<\/p><\/li><li data-start=\"720\" data-end=\"759\"><p data-start=\"722\" data-end=\"759\">251 subven\u021bii\/indemniza\u021bii acordate<\/p><\/li><li data-start=\"760\" data-end=\"833\"><p data-start=\"762\" data-end=\"833\">251 studen\u021bi participan\u021bi la sesiunile de competen\u021be socio-emo\u021bionale<\/p><\/li><li data-start=\"834\" data-end=\"885\"><p data-start=\"836\" data-end=\"885\">1 analiz\u0103 pentru dezvoltarea ofertei educa\u021bionale<\/p><\/li><\/ul><p><em><strong>Ini\u021biatorul proiectului<\/strong><\/em><\/p><p><strong>PartNet<\/strong>\u00a0\u2013 asocia\u021bia pentru dezvoltare dezvoltare durabil\u0103<\/p><p><em><strong>Parteneri<\/strong><\/em><\/p><p><strong>Titu Maiorescu University<\/strong><\/p><p>Mai multe detalii<a href=\"https:\/\/partnet.ro\/provitech\/\" target=\"_blank\" rel=\"noopener\">\u00a0click here<\/a>!<\/p><\/div><\/div><div class=\"wpb_text_column wpb_content_element\"><div class=\"wpb_wrapper\"><h2>Proiect\u00a0<em>ESauSS<\/em><\/h2><h2><strong>Antreprenoriatul social \u00een serviciul societ\u0103\u021bii<\/strong><\/h2><p><em>Context<\/em><\/p><p>Evolu\u021bia economiei sociale \u00een Europa Central\u0103 \u0219i Oriental\u0103 (ECO) \u0219i percep\u021bia acesteia au avut o traiectorie particular\u0103 ca obiect al \u0219tiin\u021bei, cercet\u0103rii \u0219tiin\u021bifice \u0219i practicii economice, datorit\u0103 istoriei \u021b\u0103rilor din regiune, marcat\u0103 de importante rupturi ideologice, politice \u0219i economice. Aprofundarea unei reflec\u021bii contextualizate privind economia \u0219i antreprenoriatul social pentru a contribui la schimbarea percep\u021biei sectorului, la o mai bun\u0103 con\u0219tientizare a contribu\u021biei sale poten\u021biale la dezvoltarea na\u021bional\u0103 \u0219i regional\u0103 \u0219i la realizarea Obiectivelor Dezvolt\u0103rii Durabile, (ODD),este de mare utilitate \u0219i\u00een consens cu eforturile europene \u0219i na\u021bionale \u00een acest domeniu.<\/p><p><em>Obiectivele<\/em><\/p><p>Proiectul\u00a0<em>ESauSS<\/em>\u00a0\u00ee\u0219i propune s\u0103 consolideze competen\u021bele pedagogice \u0219i opera\u021bionale \u00een antreprenoriatul social \u00eentr-o viziune integrativ\u0103, prin mobilizarea profesorilor-cercet\u0103tori din regiunea Europei Centrale \u0219i Orientale \u00een reflec\u021bia \u0219tiin\u021bific\u0103, producerea de cuno\u0219tin\u021be \u0219i diseminarea acestora. Av\u00e2nd ambi\u021bia de a ie\u0219i din conformismul ambiant, proiectul propune o problematic\u0103 de actualitate \u0219i o abordare academic\u0103, capabile s\u0103 mobilizeze teorii \u0219tiin\u021bifice de referin\u021b\u0103, cuno\u0219tin\u021be \u0219i instrumente practice valabile, contextualizate \u0219i opera\u021bionale, \u00een aten\u021bia comunit\u0103\u021bii academice, precum \u0219i a profesioni\u0219tilor din sector.<\/p><p><em>\u00a0<\/em><\/p><p><em>Activit\u0103\u021bi\u015fi rezultate :<\/em><\/p><p>Proiectul include o serie de activit\u0103\u021bi decercetare, de formare,de comunic\u0103ri \u015fi schimburi \u0219tiin\u021bifice, care trebuie v\u0103zute \u00een sinergia \u0219i \u00eenl\u0103n\u021buirea lor iterativ\u0103. Rezultatele anvizajate sunt :<\/p><ul><li>un studiu \u0219tiin\u021bific privind percep\u021bia economiei sociale \u0219i a antreprenoriatului social \u00een mediul academic al regiunii, interesului pentru acest domeniu ca obiect al \u0219tiin\u021bei;<\/li><li>o cercetare documentar\u0103 privind starea antreprenoriatului social \u00een Rom\u00e2nia \u0219i Bulgaria \u0219i cadrul de reglementare a acestuia. Rezultatele acestor studii vor servidrept baz\u0103 pentru definirea con\u021binutului celorlalte activit\u0103\u021bi ale proiectului;<\/li><li>dou\u0103 conferin\u021be interna\u021bionale;<\/li><li>o sesiune de formare de formatori \u00een domeniul economiei sociale \u0219ial antreprenoriatului social (\u00een limba francez\u0103);<\/li><li>dou\u0103 sesiuni de formare pentru studen\u021bii, \u00een domeniul economiei sociale \u0219ial antreprenoriatului social (\u00een limba rom\u00e2na \u015fibugar\u0103);<\/li><li>unarticol \u0219tiin\u021bific \u0219i o carte av\u00e2nd ca titlu\u00a0<em>\u201eAntreprenoriatul social: perspectiv\u0103 multidisciplinar\u0103. De la teorie la ac\u021biune\u201d<\/em><\/li><\/ul><p><em>\u00a0<\/em><\/p><p><em>Abordare<\/em><\/p><p>Toate activit\u0103\u021bile proiectului se vor concentra pe \u00een\u021belegerea modului de func\u021bionare \u015fi de guvernan\u021b\u0103 sectorial\u0103, pe interpretarea obiectiv\u0103 \u0219i contextualizat\u0103 a avantajelor, riscurilor \u0219i a posibilelor devieriale sectorului economiei sociale,pe opera\u021bionalizarea conceptual\u0103 \u0219i, mai ales, pe transferul de cuno\u0219tin\u021be \u00een practica economic\u0103 \u015fi social\u0103.<\/p><p><em>Impact<\/em><\/p><p>Acest proiect va conduce la \u00eembog\u0103\u021birea epistemic\u0103 a unui domeniu al \u0219tiin\u021bei economice \u0219imanageriale, cel al economiei sociale,considerat de speciali\u0219ti \u015fi de institu\u021biile europene ca un al \u201etreilea\u201d sector de activitate (pe l\u00e2ng\u0103 sectorul public \u015fi privat) \u0219i, dup\u0103 caz, la perenizarea unui cursuniversitar \u00een acest domeniu. Aceast\u0103 abordare este menit\u0103 s\u0103 deschid\u0103 noi c\u0103i de integrarea tinerilor absolven\u021bi pe pia\u021ba muncii, conjugate cu o mai bun\u0103 satisfacere a interesul public.<\/p><p><em>Ini\u021biatorul proiectului:<\/em><\/p><p>Titu Maiorescu University of Bucharest<\/p><p><em>Parteneri\u00a0<\/em>:<\/p><p>Agen\u021bia Universitar\u0103 a Francofoniei \u00een Europa Central\u0103 \u015fi Oriental\u0103<\/p><p>Noua Universitate Bulgar\u0103, Sofia, Bulgaria<\/p><p>Universitatea Valahia, T\u00e2rgovi\u0219te, Rom\u00e2nia<\/p><p>Asocia\u021bia Valahia pentru Educa\u021bie \u0219i \u0218tiin\u021b\u0103 (AVES), Rom\u00e2nia<\/p><p>Africa vision commun chalenges, Burkina Faso, Africa de Vest<\/p><hr \/><ul class=\"page-list subpages-page-list\"><li class=\"page_item page-item-2071 first-child\"><a href=\"https:\/\/www.utm.ro\/proiect-erasmus-no-2018-3-pl01-ka205-061203-education-and-experience-exchange\/\" target=\"_blank\" rel=\"noopener noreferrer\">Proiect Erasmus+ No: 2018-3-PL01-KA205-061203 \u2013 \u201cEducation and Experience Exchange\u201d (Educa\u021bie \u0219i schimb de experien\u021b\u0103)<\/a><br \/><ul class=\"children\"><li class=\"page_item page-item-2075 first-child\"><strong><a href=\"https:\/\/www.utm.ro\/intalnire-de-proiect-si-workshop-la-universitatea-titu-maiorescu-romania\/\" target=\"_blank\" rel=\"noopener\">\u00cent\u00e2lnire de proiect \u0219i workshop la Universitatea Titu Maiorescu, Rom\u00e2nia<\/a><\/strong><\/li><li class=\"page_item page-item-2075 first-child\"><strong><a href=\"https:\/\/www.utm.ro\/vizita-la-universitatea-alanya-hamd-emin-pasa-turcia\/\" target=\"_blank\" rel=\"noopener\">Vizit\u0103 la Universitatea Alanya Hamd Emin Pa\u0219a (Turcia)<\/a><\/strong><\/li><li><a href=\"https:\/\/www.utm.ro\/finalizarea-proiectului-education-and-experience-exchange-erasmus-ka205\/\" target=\"_blank\" rel=\"noopener\"><strong>Rezultatele proiectului<\/strong><\/a><\/li><\/ul><\/li><li>O<a href=\"https:\/\/www.utm.ro\/jcoere-cooperarea-judiciara-in-vederea-sprijinirii-redresarii-economice-in-europa\/\" target=\"_blank\" rel=\"noopener noreferrer\">rizont 2020 \u2013 Cooperarea Judiciar\u0103 \u00een vederea sprijinirii Redres\u0103rii Economice \u00een Europa (JCOERE)<\/a><\/li><li>Proiectul P_37_794 \u2013\u00a0\u201dTerapia pacientilor cu diabet zaharat cu celule autologe obtinute prin transdiferentierea celulelor hepatice Dia-Cure\u201d<\/li><li class=\"page_item page-item-2071 first-child\">Proiect Erasmus+ No: 2016-1-BG01-KA203-023754 \u2013 Open Mind<\/li><li class=\"page_item page-item-2071 first-child\">Proiect POSDRU\/161\/2.1\/G\/139724\u00a0\u2013 \u201cPractic\u0103 competitiv\u0103 pentru viitor \u00een domeniul \u0218tiin\u021belor Juridice\u201d<\/li><li class=\"page_item page-item-2071 first-child\"><a href=\"https:\/\/www.utm.ro\/despre-pos-dru-proiecte-in-parteneriat\/\" target=\"_blank\" rel=\"noopener noreferrer\">Proiect POSDRU\/32\/3.1.\/G\/37316 \u2013 \u201cTineri antreprenori \u00een spa\u0163iul european. Promovarea culturii \u015fi dezvoltarea competen\u0163elor antreprenoriale la studen\u0163ii universit\u0103\u0163ilor private \u015fi publice din Bucure\u015fti prin parteneriat transna\u0163ional \u2013 TASE\u201d<\/a><\/li><li class=\"page_item page-item-2071 first-child\"><a href=\"https:\/\/www.utm.ro\/proiect-posdru-160-2-1-s-137360-start-in-cariera-bune-practici-europene-in-consilierea-profesionala-a-studentilor-romani\/\" target=\"_blank\" rel=\"noopener noreferrer\">Proiect POSDRU\/160\/2.1\/S\/137360 \u2013 \u201cStart \u00een carier\u0103 \u2013 Bune practici europene \u00een consilierea profesional\u0103 a studen\u0163ilor rom\u00e2ni\u201d<\/a><\/li><li class=\"page_item page-item-2071 first-child\">Proiect POSDRU\/160\/2.1\/S\/142018 \u2013 \u201cTineri mai preg\u0103ti\u021bi pentru provoc\u0103rile pie\u021bei muncii \u2013 Consiliere profesional\u0103 \u0219i stagii de practic\u0103 pentru studen\u021bi\u201d<\/li><li class=\"page_item page-item-2071 first-child\"><a href=\"https:\/\/www.utm.ro\/proiect-posdru-161-2-1-g-138653-invata-sa-ti-construiesti-singur-viitorul-incisiv\/\" target=\"_blank\" rel=\"noopener noreferrer\">Proiect POSDRU\/161\/2.1\/G\/138653 \u2013 \u201cINva\u021b\u0103 s\u0103-\u021bi Construie\u0219tI SIngur Viitorul! (INCISIV)\u201d<\/a><\/li><li class=\"page_item page-item-2071 first-child\">Absolven\u0163ii \u015fi Pia\u0163a Muncii<\/li><li class=\"page_item page-item-2065\">Proiect POSDRU ID 61289<\/li><li class=\"page_item page-item-2067\">Proiect POSDRU ID 77082<\/li><li class=\"page_item page-item-2069\">Proiect POSDRU ID 79073<\/li><li class=\"page_item page-item-2073 last-child\">PO DCA SMIS: 30342<br \/><ul class=\"children\"><li class=\"page_item page-item-2075 first-child\">Prevenirea corup\u0163iei \u00een educa\u0163ie prin informare, formare \u015fi responsabilizare<\/li><li class=\"page_item page-item-2079\">Programul de formare \u201dPrevenirea corup\u021biei \u00een educa\u021bie prin informare, formare \u0219i responsabilizare\u201d<\/li><li class=\"page_item page-item-2077\">Seminarul na\u0163ional \u201cDezvoltarea strategiei anticorup\u0163ie \u00een educa\u0163ie\u201d<\/li><li class=\"page_item page-item-4649 last-child\">Achizi\u021bii publice<\/li><li class=\"page_item page-item-4650 last-child\">Pagina web a proiectului<\/li><li class=\"page_item page-item-4651 last-child\"><strong>Newsletters:<\/strong>\u00a0Num\u0103rul 1\u00a0\u00a0\u00a0Num\u0103rul 2\u00a0\u00a0\u00a0Num\u0103rul 3<\/li><li class=\"page_item page-item-4652 last-child\">Campania \u201c\u00cenv\u0103\u021b\u0103m\u00e2ntul rom\u00e2nesc nu este de v\u00e2nzare\u201d<\/li><li class=\"page_item page-item-4653 last-child\">Materiale de studiu<\/li><li class=\"page_item page-item-4654 last-child\">Politici publice anticorup\u021bie<\/li><li class=\"page_item page-item-4655 last-child\">Dezbateri regionale<\/li><li class=\"page_item page-item-4656 last-child\">Galerie foto de la activit\u0103\u021bi \u0219i evenimente<\/li><\/ul><\/li><\/ul><\/div><\/div>\t\t\t\t\t\t\t\t<\/div>\n\t\t\t\t<\/div>\n\t\t\t\t\t<\/div>\n\t\t<\/div>\n\t\t\t\t\t<\/div>\n\t\t<\/section>\n\t\t\t\t<\/div>","protected":false},"excerpt":{"rendered":"<p>Proiecte \u00een parteneriat PROVITECH\u00a0promovarea inov\u0103rii \u0219i progresului tehnologic pentru studen\u021bi Obiectivul general Obiectivul general al proiectului const\u0103 \u00een cre\u0219terea ratei de participare a 251 de studen\u021bi din institu\u021bii de \u00eenv\u0103\u021b\u0103m\u00e2nt superior (publice sau private), \u00eenmatricula\u021bi \u00eentr-un program de nivel ISCED 6 \u2013 8, cu v\u00e2rsta cuprins\u0103 \u00eentre 18 \u0219i 35 ani, din regiunile Sud-Vest, Sud-Muntenia,&#8230;<\/p>","protected":false},"author":1,"featured_media":0,"parent":24374,"menu_order":0,"comment_status":"closed","ping_status":"closed","template":"","meta":{"footnotes":""},"class_list":["post-27722","page","type-page","status-publish","hentry"],"_links":{"self":[{"href":"https:\/\/site.utm.ro\/en\/wp-json\/wp\/v2\/pages\/27722","targetHints":{"allow":["GET"]}}],"collection":[{"href":"https:\/\/site.utm.ro\/en\/wp-json\/wp\/v2\/pages"}],"about":[{"href":"https:\/\/site.utm.ro\/en\/wp-json\/wp\/v2\/types\/page"}],"author":[{"embeddable":true,"href":"https:\/\/site.utm.ro\/en\/wp-json\/wp\/v2\/users\/1"}],"replies":[{"embeddable":true,"href":"https:\/\/site.utm.ro\/en\/wp-json\/wp\/v2\/comments?post=27722"}],"version-history":[{"count":0,"href":"https:\/\/site.utm.ro\/en\/wp-json\/wp\/v2\/pages\/27722\/revisions"}],"up":[{"embeddable":true,"href":"https:\/\/site.utm.ro\/en\/wp-json\/wp\/v2\/pages\/24374"}],"wp:attachment":[{"href":"https:\/\/site.utm.ro\/en\/wp-json\/wp\/v2\/media?parent=27722"}],"curies":[{"name":"wp","href":"https:\/\/api.w.org\/{rel}","templated":true}]}}