{"id":27707,"date":"2026-02-27T14:22:12","date_gmt":"2026-02-27T14:22:12","guid":{"rendered":"https:\/\/site.utm.ro\/?page_id=27707"},"modified":"2026-02-27T14:28:08","modified_gmt":"2026-02-27T14:28:08","slug":"aiconnect","status":"publish","type":"page","link":"https:\/\/site.utm.ro\/en\/cercetare\/proiecte-europene\/aiconnect\/","title":{"rendered":"AI#connect"},"content":{"rendered":"<div data-elementor-type=\"wp-page\" data-elementor-id=\"27707\" class=\"elementor elementor-27707\" data-elementor-post-type=\"page\">\n\t\t\t\t\t\t<section class=\"elementor-section elementor-top-section elementor-element elementor-element-14e1586 elementor-section-height-min-height elementor-section-full_width elementor-section-height-default elementor-section-items-middle\" data-id=\"14e1586\" data-element_type=\"section\" data-e-type=\"section\" data-settings=\"{&quot;background_background&quot;:&quot;classic&quot;}\">\n\t\t\t\t\t\t\t<div class=\"elementor-background-overlay\"><\/div>\n\t\t\t\t\t\t\t<div class=\"elementor-container elementor-column-gap-default\">\n\t\t\t\t\t<div class=\"elementor-column elementor-col-100 elementor-top-column elementor-element elementor-element-72f97eb\" data-id=\"72f97eb\" data-element_type=\"column\" data-e-type=\"column\" data-settings=\"{&quot;background_background&quot;:&quot;classic&quot;}\">\n\t\t\t<div class=\"elementor-widget-wrap\">\n\t\t\t\t\t\t\t<\/div>\n\t\t<\/div>\n\t\t\t\t\t<\/div>\n\t\t<\/section>\n\t\t\t\t<section class=\"elementor-section elementor-top-section elementor-element elementor-element-10c6040 elementor-section-boxed elementor-section-height-default elementor-section-height-default\" data-id=\"10c6040\" data-element_type=\"section\" data-e-type=\"section\">\n\t\t\t\t\t\t<div class=\"elementor-container elementor-column-gap-no\">\n\t\t\t\t\t<div class=\"elementor-column elementor-col-50 elementor-top-column elementor-element elementor-element-4c4e147 animated-fast elementor-invisible\" data-id=\"4c4e147\" data-element_type=\"column\" data-e-type=\"column\" data-settings=\"{&quot;background_background&quot;:&quot;classic&quot;,&quot;animation&quot;:&quot;fadeIn&quot;,&quot;animation_tablet&quot;:&quot;none&quot;,&quot;animation_mobile&quot;:&quot;none&quot;,&quot;animation_delay&quot;:100}\">\n\t\t\t<div class=\"elementor-widget-wrap elementor-element-populated\">\n\t\t\t\t\t\t<div class=\"elementor-element elementor-element-a2e76df elementor-widget elementor-widget-heading\" data-id=\"a2e76df\" data-element_type=\"widget\" data-e-type=\"widget\" data-widget_type=\"heading.default\">\n\t\t\t\t<div class=\"elementor-widget-container\">\n\t\t\t\t\t<h1 class=\"elementor-heading-title elementor-size-default\">Proiect <br>AI#connect<\/h1>\t\t\t\t<\/div>\n\t\t\t\t<\/div>\n\t\t\t\t\t<\/div>\n\t\t<\/div>\n\t\t\t\t<div class=\"elementor-column elementor-col-50 elementor-top-column elementor-element elementor-element-e7a007a elementor-hidden-desktop elementor-hidden-tablet elementor-hidden-phone\" data-id=\"e7a007a\" data-element_type=\"column\" data-e-type=\"column\">\n\t\t\t<div class=\"elementor-widget-wrap\">\n\t\t\t\t\t\t\t<\/div>\n\t\t<\/div>\n\t\t\t\t\t<\/div>\n\t\t<\/section>\n\t\t\t\t<section class=\"elementor-section elementor-top-section elementor-element elementor-element-0508b46 elementor-section-boxed elementor-section-height-default elementor-section-height-default\" data-id=\"0508b46\" data-element_type=\"section\" data-e-type=\"section\">\n\t\t\t\t\t\t<div class=\"elementor-container elementor-column-gap-no\">\n\t\t\t\t\t<div class=\"elementor-column elementor-col-100 elementor-top-column elementor-element elementor-element-df36d00\" data-id=\"df36d00\" data-element_type=\"column\" data-e-type=\"column\">\n\t\t\t<div class=\"elementor-widget-wrap elementor-element-populated\">\n\t\t\t\t\t\t<div class=\"elementor-element elementor-element-abd78ee animated-fast elementor-invisible elementor-widget elementor-widget-heading\" data-id=\"abd78ee\" data-element_type=\"widget\" data-e-type=\"widget\" data-settings=\"{&quot;_animation&quot;:&quot;fadeIn&quot;,&quot;_animation_tablet&quot;:&quot;none&quot;,&quot;_animation_mobile&quot;:&quot;none&quot;,&quot;_animation_delay&quot;:100}\" data-widget_type=\"heading.default\">\n\t\t\t\t<div class=\"elementor-widget-container\">\n\t\t\t\t\t<h2 class=\"elementor-heading-title elementor-size-default\">Presentation<\/h2>\t\t\t\t<\/div>\n\t\t\t\t<\/div>\n\t\t\t\t\t<\/div>\n\t\t<\/div>\n\t\t\t\t\t<\/div>\n\t\t<\/section>\n\t\t\t\t<section class=\"elementor-section elementor-top-section elementor-element elementor-element-2d69001 elementor-section-boxed elementor-section-height-default elementor-section-height-default\" data-id=\"2d69001\" data-element_type=\"section\" data-e-type=\"section\">\n\t\t\t\t\t\t<div class=\"elementor-container elementor-column-gap-no\">\n\t\t\t\t\t<div class=\"elementor-column elementor-col-100 elementor-top-column elementor-element elementor-element-3295cf9\" data-id=\"3295cf9\" data-element_type=\"column\" data-e-type=\"column\">\n\t\t\t<div class=\"elementor-widget-wrap elementor-element-populated\">\n\t\t\t\t\t\t<div class=\"elementor-element elementor-element-2c28986 elementor-widget elementor-widget-text-editor\" data-id=\"2c28986\" data-element_type=\"widget\" data-e-type=\"widget\" data-widget_type=\"text-editor.default\">\n\t\t\t\t<div class=\"elementor-widget-container\">\n\t\t\t\t\t\t\t\t\t<p><img decoding=\"async\" class=\"aligncenter size-full wp-image-27710\" src=\"https:\/\/site.utm.ro\/wp-content\/uploads\/2026\/02\/logo-aiconnect.webp\" alt=\"\" width=\"878\" srcset=\"https:\/\/site.utm.ro\/wp-content\/uploads\/2026\/02\/logo-aiconnect.webp 977w, https:\/\/site.utm.ro\/wp-content\/uploads\/2026\/02\/logo-aiconnect-300x38.webp 300w, https:\/\/site.utm.ro\/wp-content\/uploads\/2026\/02\/logo-aiconnect-768x98.webp 768w, https:\/\/site.utm.ro\/wp-content\/uploads\/2026\/02\/logo-aiconnect-840x107.webp 840w, https:\/\/site.utm.ro\/wp-content\/uploads\/2026\/02\/logo-aiconnect-420x54.webp 420w, https:\/\/site.utm.ro\/wp-content\/uploads\/2026\/02\/logo-aiconnect-630x81.webp 630w\" sizes=\"(max-width: 977px) 100vw, 977px\" \/> <img fetchpriority=\"high\" decoding=\"async\" class=\"size-large wp-image-27711 aligncenter\" src=\"https:\/\/site.utm.ro\/wp-content\/uploads\/2026\/02\/aiconnectutm.webp\" alt=\"\" width=\"878\" height=\"470\" srcset=\"https:\/\/site.utm.ro\/wp-content\/uploads\/2026\/02\/aiconnectutm.webp 878w, https:\/\/site.utm.ro\/wp-content\/uploads\/2026\/02\/aiconnectutm-300x161.webp 300w, https:\/\/site.utm.ro\/wp-content\/uploads\/2026\/02\/aiconnectutm-768x411.webp 768w, https:\/\/site.utm.ro\/wp-content\/uploads\/2026\/02\/aiconnectutm-840x450.webp 840w, https:\/\/site.utm.ro\/wp-content\/uploads\/2026\/02\/aiconnectutm-420x225.webp 420w, https:\/\/site.utm.ro\/wp-content\/uploads\/2026\/02\/aiconnectutm-630x337.webp 630w\" sizes=\"(max-width: 878px) 100vw, 878px\" \/> <img decoding=\"async\" class=\"size-large wp-image-27712 aligncenter\" src=\"https:\/\/site.utm.ro\/wp-content\/uploads\/2026\/02\/aiconnect2-1024x1024.png\" alt=\"\" width=\"878\" srcset=\"https:\/\/site.utm.ro\/wp-content\/uploads\/2026\/02\/aiconnect2-1024x1024.png 1024w, https:\/\/site.utm.ro\/wp-content\/uploads\/2026\/02\/aiconnect2-300x300.png 300w, https:\/\/site.utm.ro\/wp-content\/uploads\/2026\/02\/aiconnect2-150x150.png 150w, https:\/\/site.utm.ro\/wp-content\/uploads\/2026\/02\/aiconnect2-768x769.png 768w, https:\/\/site.utm.ro\/wp-content\/uploads\/2026\/02\/aiconnect2-1534x1536.png 1534w, https:\/\/site.utm.ro\/wp-content\/uploads\/2026\/02\/aiconnect2-scaled.png 2046w, https:\/\/site.utm.ro\/wp-content\/uploads\/2026\/02\/aiconnect2-840x841.png 840w, https:\/\/site.utm.ro\/wp-content\/uploads\/2026\/02\/aiconnect2-1260x1261.png 1260w, https:\/\/site.utm.ro\/wp-content\/uploads\/2026\/02\/aiconnect2-420x420.png 420w, https:\/\/site.utm.ro\/wp-content\/uploads\/2026\/02\/aiconnect2-630x631.png 630w, https:\/\/site.utm.ro\/wp-content\/uploads\/2026\/02\/aiconnect2-315x315.png 315w\" sizes=\"(max-width: 1024px) 100vw, 1024px\" \/><\/p>\n<p>Cod SMIS: 312737<\/p>\n<p>Apel: PEO\/71\/PEO_P7\/OP4\/ESO4.5\/PEO_A49 \u2013 Promovarea dezvolt\u0103rii programelor de studii ter\u021biare de \u00eenalt\u0103 calitate, flexibile \u0219i corelate cu cerin\u021bele pie\u021bei muncii \u2013 STAGII STUDEN\u021aI- Regiuni mai pu\u021bin dezvoltate<\/p>\n<p>Program: Program Educa\u021bie \u0219i Ocupare<\/p>\t\t\t\t\t\t\t\t<\/div>\n\t\t\t\t<\/div>\n\t\t\t\t\t<\/div>\n\t\t<\/div>\n\t\t\t\t\t<\/div>\n\t\t<\/section>\n\t\t\t\t<section class=\"elementor-section elementor-top-section elementor-element elementor-element-ade1910 elementor-section-boxed elementor-section-height-default elementor-section-height-default\" data-id=\"ade1910\" data-element_type=\"section\" data-e-type=\"section\" data-settings=\"{&quot;animation&quot;:&quot;none&quot;,&quot;animation_tablet&quot;:&quot;none&quot;,&quot;animation_mobile&quot;:&quot;none&quot;,&quot;animation_delay&quot;:300}\">\n\t\t\t\t\t\t<div class=\"elementor-container elementor-column-gap-no\">\n\t\t\t\t\t<div class=\"elementor-column elementor-col-100 elementor-top-column elementor-element elementor-element-e591f92\" data-id=\"e591f92\" data-element_type=\"column\" data-e-type=\"column\">\n\t\t\t<div class=\"elementor-widget-wrap elementor-element-populated\">\n\t\t\t\t\t\t<div class=\"elementor-element elementor-element-b11925f vamtam-theme-table-styles elementor-widget elementor-widget-toggle\" data-id=\"b11925f\" data-element_type=\"widget\" data-e-type=\"widget\" data-widget_type=\"toggle.default\">\n\t\t\t\t<div class=\"elementor-widget-container\">\n\t\t\t\t\t\t\t<div class=\"elementor-toggle\">\n\t\t\t\t\t\t\t<div class=\"elementor-toggle-item\">\n\t\t\t\t\t<h2 id=\"elementor-tab-title-1851\" class=\"elementor-tab-title\" data-tab=\"1\" role=\"button\" aria-controls=\"elementor-tab-content-1851\" aria-expanded=\"false\">\n\t\t\t\t\t\t\t\t\t\t\t\t<span class=\"elementor-toggle-icon elementor-toggle-icon-right\" aria-hidden=\"true\">\n\t\t\t\t\t\t\t\t\t\t\t\t\t\t\t<span class=\"elementor-toggle-icon-closed\"><i class=\"vamtamtheme- vamtam-theme-arrow-down\"><\/i><\/span>\n\t\t\t\t\t\t\t\t<span class=\"elementor-toggle-icon-opened\"><i class=\"elementor-toggle-icon-opened vamtamtheme- vamtam-theme-arrow-up\"><\/i><\/span>\n\t\t\t\t\t\t\t\t\t\t\t\t\t<\/span>\n\t\t\t\t\t\t\t\t\t\t\t\t<a class=\"elementor-toggle-title\" tabindex=\"0\">Achizi\u021bii<\/a>\n\t\t\t\t\t<\/h2>\n\n\t\t\t\t\t<div id=\"elementor-tab-content-1851\" class=\"elementor-tab-content elementor-clearfix\" data-tab=\"1\" role=\"region\" aria-labelledby=\"elementor-tab-title-1851\"><div class=\"wpb_text_column wpb_content_element\">\n<div class=\"wpb_wrapper\">\n<p><strong>Anun\u021b c\u00e2\u0219tig\u0103tor Achizi\u021bie 3: Furnizare echipamente IT (laptop, hard disk extern, videoproiector, multifunc\u021bional\u0103)<\/strong><\/p>\n<p>Rezultatul Procedurii competitive de achizi\u021bie\u00a0<strong><em>Furnizare echipamente IT (laptop, hard disk extern, videoproiector, multifunc\u021bional\u0103)<\/em><\/strong>, derulat\u0103 \u00een cadrul proiectului\u00a0<strong>\u201dSTAGII DE PRACTICA IN CENTRUL ACADEMIC DE INTELIGENTA ARTIFICIALA IN CLOUD SI LA PARTENERI\u201d \u2013 AI#CONNECT\u201d \u2013 SMIS 312737<\/strong><\/p>\n<p><strong>Oferta declarat\u0103 c<\/strong><strong>\u00e2\u0219<\/strong><strong>tig\u0103toare \u00een urma evalu\u0103rii ofertelor depuse:<\/strong><\/p>\n<p><strong>Furnizare echipamente IT (laptop, hard disk extern, videoproiector, multifunc\u021bional\u0103):\u00a0<\/strong>Num\u0103r contract: 44818\/ Data semn\u0103rii contractului: 23.06.2025\/ Valoare integral\u0103 contract: 106.979,00 lei, f\u0103r\u0103 TVA\/ 20.326,01 Valoarea TVA\/ Furnizor\u00a0 INTER COMMUNICATIONS SRL \/ \u00a0Criteriul de atribuire: cel mai bun raport calitate-pre\u0163 competitiv.<\/p>\n<p>\u00a0<\/p>\n<p><strong>\u00a0\u00a0\u00a0\u00a0\u00a0\u00a0\u00a0\u00a0\u00a0\u00a0\u00a0\u00a0\u00a0\u00a0\u00a0\u00a0\u00a0\u00a0\u00a0\u00a0\u00a0\u00a0\u00a0\u00a0\u00a0\u00a0\u00a0\u00a0\u00a0\u00a0\u00a0\u00a0\u00a0\u00a0\u00a0\u00a0\u00a0\u00a0\u00a0\u00a0\u00a0\u00a0\u00a0\u00a0\u00a0\u00a0\u00a0\u00a0\u00a0\u00a0\u00a0\u00a0\u00a0\u00a0\u00a0\u00a0\u00a0\u00a0\u00a0\u00a0\u00a0\u00a0\u00a0\u00a0\u00a0\u00a0\u00a0\u00a0\u00a0\u00a0\u00a0\u00a0\u00a0\u00a0\u00a0\u00a0\u00a0\u00a0\u00a0\u00a0\u00a0\u00a0\u00a0\u00a0\u00a0\u00a0\u00a0\u00a0\u00a0\u00a0\u00a0\u00a0\u00a0\u00a0\u00a0 \u00a0\u00a0\u00a0\u00a0\u00a0\u00a0\u00a0\u00a0\u00a0\u00a0\u00a0 Data public\u0103rii: 24.06.2025<\/strong><\/p>\n<p>\u00a0<\/p>\n<p><strong>Anun\u021b c\u00e2\u0219tig\u0103tor Achizi\u021bie 2: Furnizare pachet software \u00een domeniul \u0219tiin\u021bei datelor \u0219i inteligen\u021bei artificiale<\/strong><\/p>\n<p>Rezultatul Procedurii competitive de achizi\u021bie\u00a0<strong><em>Furnizare pachet software \u00een domeniul \u0219tiin\u021bei datelor \u0219i inteligen\u021bei artificiale<\/em><\/strong>, derulat\u0103 \u00een cadrul proiectului\u00a0<strong>\u201dSTAGII DE PRACTICA IN CENTRUL ACADEMIC DE INTELIGENTA ARTIFICIALA IN CLOUD SI LA PARTENERI\u201d \u2013 AI#CONNECT\u201d \u2013 SMIS 312737<\/strong><\/p>\n<p><strong>Oferta declarat\u0103 c<\/strong><strong>\u00e2\u0219<\/strong><strong>tig\u0103toare \u00een urma evalu\u0103rii ofertelor depuse:<\/strong><\/p>\n<p><strong>Furnizare pachet software \u00een domeniul \u0219tiin\u021bei datelor \u0219i inteligen\u021bei artificiale:\u00a0<\/strong>Num\u0103r contract: 44790\/ Data semn\u0103rii contractului: 10.06.2025\/ Valoare integral\u0103 contract: 190.000,00 lei, f\u0103r\u0103 TVA\/ 36.100,00 Valoarea TVA\/ Furnizor\u00a0 ACCURATE BUSINESS SRL \/ \u00a0Criteriul de atribuire: cel mai bun raport calitate-pre\u0163 competitiv.<\/p>\n<p><strong>\u00a0\u00a0\u00a0\u00a0\u00a0\u00a0\u00a0\u00a0\u00a0\u00a0\u00a0\u00a0\u00a0\u00a0\u00a0\u00a0\u00a0\u00a0\u00a0\u00a0\u00a0\u00a0\u00a0\u00a0\u00a0\u00a0\u00a0\u00a0\u00a0\u00a0\u00a0\u00a0\u00a0\u00a0\u00a0\u00a0\u00a0\u00a0\u00a0\u00a0\u00a0\u00a0\u00a0\u00a0\u00a0\u00a0\u00a0\u00a0\u00a0\u00a0\u00a0\u00a0\u00a0\u00a0\u00a0\u00a0\u00a0\u00a0\u00a0\u00a0\u00a0\u00a0\u00a0\u00a0\u00a0\u00a0\u00a0\u00a0\u00a0\u00a0\u00a0\u00a0\u00a0\u00a0\u00a0\u00a0\u00a0\u00a0\u00a0\u00a0\u00a0\u00a0\u00a0\u00a0\u00a0\u00a0\u00a0\u00a0\u00a0\u00a0\u00a0\u00a0\u00a0\u00a0\u00a0 \u00a0\u00a0\u00a0\u00a0\u00a0\u00a0\u00a0\u00a0\u00a0\u00a0\u00a0 Data public\u0103rii: 10.06.2025<\/strong><\/p>\n<p>\u00a0<\/p>\n<p><strong>Anun\u021b c\u00e2\u0219tig\u0103tor Achizi\u021bie 1: Furnizare teste psihologice pentru\u00a0 formarea de competen\u021be socio-emo\u021bionale<\/strong><\/p>\n<p>Rezultatul achizitiei directe\u00a0<strong><em>Furnizare teste psihologice pentru\u00a0 formarea de competen\u021be socio-emo\u021bionale<\/em><\/strong>, derulat\u0103 \u00een cadrul proiectului\u00a0<strong>\u201dSTAGII DE PRACTICA IN CENTRUL ACADEMIC DE INTELIGENTA ARTIFICIALA IN CLOUD SI LA PARTENERI\u201d \u2013 AI#CONNECT\u201d \u2013 SMIS 312737<\/strong><\/p>\n<p><strong>Oferta declarat\u0103 c<\/strong><strong>\u00e2\u0219<\/strong><strong>tig\u0103toare \u00een urma evalu\u0103rii ofertelor depuse:<\/strong><\/p>\n<p><strong>Furnizare teste psihologice pentru\u00a0 formarea de competen\u021be socio-emo\u021bionale:\u00a0<\/strong>Num\u0103r contract: 44681\/ Data semn\u0103rii contractului: 14.02.2025\/ Valoare integral\u0103 contract: 24.932,96 lei, f\u0103r\u0103 TVA\/ 4.610,59 Valoarea TVA\/ Furnizor\u00a0\u00a0<strong>D&amp;D Consultants Grup SRL\u00a0<\/strong>\/ \u00a0Criteriul de atribuire: Pre\u021bul cel mai sc\u0103zut.<\/p>\n<p><strong>\u00a0\u00a0\u00a0\u00a0\u00a0\u00a0\u00a0\u00a0\u00a0\u00a0\u00a0\u00a0\u00a0\u00a0\u00a0\u00a0\u00a0\u00a0\u00a0\u00a0\u00a0\u00a0\u00a0\u00a0\u00a0\u00a0\u00a0\u00a0\u00a0\u00a0\u00a0\u00a0\u00a0\u00a0\u00a0\u00a0\u00a0\u00a0\u00a0\u00a0\u00a0\u00a0\u00a0\u00a0\u00a0\u00a0\u00a0\u00a0\u00a0\u00a0\u00a0\u00a0\u00a0\u00a0\u00a0\u00a0\u00a0\u00a0\u00a0\u00a0\u00a0\u00a0\u00a0\u00a0\u00a0\u00a0\u00a0\u00a0\u00a0\u00a0\u00a0\u00a0\u00a0\u00a0\u00a0\u00a0\u00a0\u00a0\u00a0\u00a0\u00a0\u00a0\u00a0\u00a0\u00a0\u00a0\u00a0\u00a0\u00a0\u00a0\u00a0\u00a0\u00a0\u00a0\u00a0 \u00a0\u00a0\u00a0\u00a0\u00a0\u00a0\u00a0\u00a0\u00a0\u00a0\u00a0 Data public\u0103rii: 17.02.2025<\/strong><\/p>\n<p><strong>\u00a0<\/strong><\/p>\n<\/div>\n<\/div>\n<div class=\"wpb_text_column wpb_content_element\">\n<div class=\"wpb_wrapper\">\n<p><strong>Achizi\u021bie 1: Furnizare teste psihologice pentru\u00a0 formarea de competen\u021be socio-emo\u021bionale<\/strong><\/p>\n<p><strong>Informa\u021bii generale privind beneficiarul privat<\/strong>: Universitatea Titu Maiorescu (UTM), sediul \u00een Calea V\u0103c\u0103re\u0219ti nr.187, sec.4, Bucure\u0219ti, cu adresa de coresponden\u021b\u0103: RECTORAT UTM, Str. D\u00e2mbovnicului nr. 22, Bucure\u0219ti, sec. 4, CP040441, tel. 0213252164, Email\u00a0<a href=\"mailto:rectorat@univ.utm.ro\">rectorat@univ.utm.ro<\/a>,\u00a0<a href=\"https:\/\/www.utm.ro\/\" target=\"_blank\" rel=\"noopener\">www.utm.ro<\/a><\/p>\n<p><strong>Obiectul procedurii de achizi\u021bie\/Descriere<\/strong>: Furnizare teste psihologice pentru\u00a0 formarea de competen\u021be socio-emo\u021bionale<strong>.<\/strong><\/p>\n<p><strong>Tip procedur\u0103<\/strong>: Achizi\u021bie direct\u0103<strong>.<\/strong><\/p>\n<p><strong>Criteriu atribuire<\/strong>: Pre\u021bul cel mai sc\u0103zut.<\/p>\n<p><strong>Tipul contractului<\/strong>: Contract de furnizare.<\/p>\n<p><strong>Valoarea estimat\u0103 total\u0103 achizi\u021bie: teste psihologice pentru\u00a0 formarea de competen\u021be socio-emo\u021bionale, 25.246,72 lei f\u0103r\u0103 TVA (valoare unitar\u0103 tip de test pentru evaluarea intereselor voca\u021bionale maxim 49,31 lei f\u0103r\u0103 TVA, valoare unitar\u0103 tip de test pentru evaluarea personalit\u0103\u021bii maxim 49,31 lei f\u0103r\u0103 TVA), 4.796,88 lei TVA, 30.043,60 lei cu TVA.<\/strong><\/p>\n<p><strong>Specificatii tehnice pentru cele 2 tipuri de teste:<\/strong><\/p>\n<p><strong>A.<\/strong>\u00a0Pentru evaluarea intereselor vocationale, se va utiliza un test construit pe tipologia vocationala a lui John Holland. Testul trebuie sa permita identificarea codului Holland, scorurile brute si scorurile standard pentru a identifica gradul de diferentiere si consistenta a profilului de personalitate vocationala.<\/p>\n<p>Raportul trebuie sa contina recomandari cu privire la tipuri de activitati, medii de munca si ocupatii compatibile codului Holland al persoanei evaluate, prin conectarea codurilor sumative cu informa\u021bie ocupa\u021bional\u0103 \u0219i educa\u021bional\u0103 util\u0103 \u0219i relevant\u0103, oferind, de asemenea, repere cu privire la activit\u0103\u021bile recreative \u0219i oportunit\u0103\u021bile educa\u021bionale adaptate contextului cultural rom\u00e2nesc.<\/p>\n<p><strong>B.\u00a0<\/strong>Pentru evaluarea personalitatii se va utiliza un test construit pe modelul de personalitate BigFive. Raportul interpretativ trebuie sa includ\u0103 scale principale pentru cei 5 factori de personalitate si cel pu\u021bin dou\u0103 fa\u021bete secundare, cu profile liniare si radiale, preferinte comportamentale derivate din trasaturi de personalitate, exemple de ocupatii, recomandari generale. De\u0219i nu exist\u0103 o limit\u0103 de timp, durata de completare recomandat\u0103 trebuie s\u0103 fie de aproximativ 20 minute.<\/p>\n<p>Testele vor fi aplicate si scorate online. Fiecare categorie de teste trebuie sa ofere posibilitatea de scorare si de generare a rapoartelor interpretative pentru fiecare individ. Rapoartele vor fi transmise atat catre persoana care a completat, cat si catre un reprezentant desemnat al achizitorului (Beneficiarului privat). Rapoartele individuale vor fi discutate in sesiunile individuale.<\/p>\n<p>De asemenea, pe parcursul proiectului, furnizorul de teste va oferi achizitorului baza de date cu toate scorurile brute obtinute de toti participantii la toate testele<strong>.<\/strong><\/p>\n<p><strong>Numarul minim de aplicari este: 256 de aplic\u0103ri\/unit\u0103\u021bi pentru fiecare tip\/categorie de test (respectiv pentru teste psihologice pentru evaluarea intereselor voca\u021bionale \u0219i pentru teste psihologice pentru evaluarea personalit\u0103\u021bii, din prezenta cerere de ofert\u0103, total minim 512 aplic\u0103ri). \u00a0<\/strong><\/p>\n<p><strong>Data \u0219i modul de depunere a ofertelor<\/strong>: Oferta de pre\u021b va fi adresata Universitatii Titu Maiorescu din Bucuresti \u2013\u00a0<strong>Proiect \u201dSTAGII DE PRACTICA IN CENTRUL ACADEMIC DE INTELIGENTA ARTIFICIALA IN CLOUD SI LA PARTENERI\u201d \u2013 AI#CONNECT\u201d \u2013 SMIS 312737<\/strong>, si va cuprinde preturi unitare si totale pentru categorii de teste si total general, conditii de livrare si va fi transmisa semnata, pana in data de 04.02.2025 (inclusiv), printr-una dintre urm\u0103toarele modalit\u0103\u021bi:<\/p>\n<p>\u2013\u00a0 \u00a0 \u00a0 \u00a0 \u00a0 \u00a0\u00een format electronic cu semnatura electronic\u0103 autorizat\u0103 (certificat digital) la adresa de e-mail aiconnect@univ.utm.ro<\/p>\n<p>SAU<\/p>\n<p>\u2013\u00a0\u00a0\u00a0\u00a0\u00a0\u00a0\u00a0\u00a0\u00a0\u00a0 in original la adresa str. Dambovnicului nr.22, sector 4 , Bucuresti \u2013 Cladirea Rectorat, Universitatea Titu Maiorescu\u00a0 in atentia managerului de proiect, Conf. Univ. Dr. Ing. Iustin Priescu<\/p>\n<p>\u00a0<\/p>\n<p>\u00a0<\/p>\n<p>Data public\u0103rii anun\u021bului privind demararea achizitiei directe:\u00a0<strong>28.01.2025<\/strong><\/p>\n<\/div>\n<\/div><\/div>\n\t\t\t\t<\/div>\n\t\t\t\t\t\t\t\t<\/div>\n\t\t\t\t\t\t<\/div>\n\t\t\t\t<\/div>\n\t\t\t\t\t<\/div>\n\t\t<\/div>\n\t\t\t\t\t<\/div>\n\t\t<\/section>\n\t\t\t\t<\/div>","protected":false},"excerpt":{"rendered":"<p>Proiect AI#connect Prezentare Cod SMIS: 312737 Apel: PEO\/71\/PEO_P7\/OP4\/ESO4.5\/PEO_A49 \u2013 Promovarea dezvolt\u0103rii programelor de studii ter\u021biare de \u00eenalt\u0103 calitate, flexibile \u0219i corelate cu cerin\u021bele pie\u021bei muncii \u2013 STAGII STUDEN\u021aI- Regiuni mai pu\u021bin dezvoltate Program: Program Educa\u021bie \u0219i Ocupare Achizi\u021bii Anun\u021b c\u00e2\u0219tig\u0103tor Achizi\u021bie 3: Furnizare echipamente IT (laptop, hard disk extern, videoproiector, multifunc\u021bional\u0103) Rezultatul Procedurii competitive de&#8230;<\/p>","protected":false},"author":1,"featured_media":0,"parent":27234,"menu_order":0,"comment_status":"closed","ping_status":"closed","template":"","meta":{"footnotes":""},"class_list":["post-27707","page","type-page","status-publish","hentry"],"_links":{"self":[{"href":"https:\/\/site.utm.ro\/en\/wp-json\/wp\/v2\/pages\/27707","targetHints":{"allow":["GET"]}}],"collection":[{"href":"https:\/\/site.utm.ro\/en\/wp-json\/wp\/v2\/pages"}],"about":[{"href":"https:\/\/site.utm.ro\/en\/wp-json\/wp\/v2\/types\/page"}],"author":[{"embeddable":true,"href":"https:\/\/site.utm.ro\/en\/wp-json\/wp\/v2\/users\/1"}],"replies":[{"embeddable":true,"href":"https:\/\/site.utm.ro\/en\/wp-json\/wp\/v2\/comments?post=27707"}],"version-history":[{"count":0,"href":"https:\/\/site.utm.ro\/en\/wp-json\/wp\/v2\/pages\/27707\/revisions"}],"up":[{"embeddable":true,"href":"https:\/\/site.utm.ro\/en\/wp-json\/wp\/v2\/pages\/27234"}],"wp:attachment":[{"href":"https:\/\/site.utm.ro\/en\/wp-json\/wp\/v2\/media?parent=27707"}],"curies":[{"name":"wp","href":"https:\/\/api.w.org\/{rel}","templated":true}]}}