{"id":27066,"date":"2026-02-25T14:40:36","date_gmt":"2026-02-25T14:40:36","guid":{"rendered":"https:\/\/site.utm.ro\/?page_id=27066"},"modified":"2026-02-25T15:02:51","modified_gmt":"2026-02-25T15:02:51","slug":"regulamente-si-metodologii","status":"publish","type":"page","link":"https:\/\/site.utm.ro\/en\/cercetare\/regulamente-si-metodologii\/","title":{"rendered":"Regulations and methodologies"},"content":{"rendered":"<div data-elementor-type=\"wp-page\" data-elementor-id=\"27066\" class=\"elementor elementor-27066\" data-elementor-post-type=\"page\">\n\t\t\t\t\t\t<section class=\"elementor-section elementor-top-section elementor-element elementor-element-5c89a61 elementor-section-height-min-height elementor-section-boxed elementor-section-height-default elementor-section-items-middle\" data-id=\"5c89a61\" data-element_type=\"section\" data-e-type=\"section\" data-settings=\"{&quot;background_background&quot;:&quot;classic&quot;}\">\n\t\t\t\t\t\t\t<div class=\"elementor-background-overlay\"><\/div>\n\t\t\t\t\t\t\t<div class=\"elementor-container elementor-column-gap-default\">\n\t\t\t\t\t<div class=\"elementor-column elementor-col-100 elementor-top-column elementor-element elementor-element-522c884\" data-id=\"522c884\" data-element_type=\"column\" data-e-type=\"column\" data-settings=\"{&quot;background_background&quot;:&quot;classic&quot;}\">\n\t\t\t<div class=\"elementor-widget-wrap\">\n\t\t\t\t\t\t\t<\/div>\n\t\t<\/div>\n\t\t\t\t\t<\/div>\n\t\t<\/section>\n\t\t\t\t<section class=\"elementor-section elementor-top-section elementor-element elementor-element-8e0ef8d elementor-section-boxed elementor-section-height-default elementor-section-height-default\" data-id=\"8e0ef8d\" data-element_type=\"section\" data-e-type=\"section\">\n\t\t\t\t\t\t<div class=\"elementor-container elementor-column-gap-no\">\n\t\t\t\t\t<div class=\"elementor-column elementor-col-50 elementor-top-column elementor-element elementor-element-5ef4cac animated-fast elementor-invisible\" data-id=\"5ef4cac\" data-element_type=\"column\" data-e-type=\"column\" data-settings=\"{&quot;background_background&quot;:&quot;classic&quot;,&quot;animation&quot;:&quot;fadeIn&quot;,&quot;animation_tablet&quot;:&quot;none&quot;,&quot;animation_mobile&quot;:&quot;none&quot;,&quot;animation_delay&quot;:100}\">\n\t\t\t<div class=\"elementor-widget-wrap elementor-element-populated\">\n\t\t\t\t\t\t<div class=\"elementor-element elementor-element-6804737 elementor-widget elementor-widget-heading\" data-id=\"6804737\" data-element_type=\"widget\" data-e-type=\"widget\" data-widget_type=\"heading.default\">\n\t\t\t\t<div class=\"elementor-widget-container\">\n\t\t\t\t\t<h3 class=\"elementor-heading-title elementor-size-default\">Regulations and methodologies<\/h3>\t\t\t\t<\/div>\n\t\t\t\t<\/div>\n\t\t\t\t\t<\/div>\n\t\t<\/div>\n\t\t\t\t<div class=\"elementor-column elementor-col-50 elementor-top-column elementor-element elementor-element-9d50f4e elementor-hidden-desktop elementor-hidden-tablet elementor-hidden-phone\" data-id=\"9d50f4e\" data-element_type=\"column\" data-e-type=\"column\">\n\t\t\t<div class=\"elementor-widget-wrap\">\n\t\t\t\t\t\t\t<\/div>\n\t\t<\/div>\n\t\t\t\t\t<\/div>\n\t\t<\/section>\n\t\t\t\t<section class=\"elementor-section elementor-top-section elementor-element elementor-element-cd3b5bf elementor-section-boxed elementor-section-height-default elementor-section-height-default\" data-id=\"cd3b5bf\" data-element_type=\"section\" data-e-type=\"section\">\n\t\t\t\t\t\t<div class=\"elementor-container elementor-column-gap-default\">\n\t\t\t\t\t<div class=\"elementor-column elementor-col-100 elementor-top-column elementor-element elementor-element-606a157\" data-id=\"606a157\" data-element_type=\"column\" data-e-type=\"column\">\n\t\t\t<div class=\"elementor-widget-wrap elementor-element-populated\">\n\t\t\t\t\t\t<div class=\"elementor-element elementor-element-6266206 elementor-widget elementor-widget-text-editor\" data-id=\"6266206\" data-element_type=\"widget\" data-e-type=\"widget\" data-widget_type=\"text-editor.default\">\n\t\t\t\t<div class=\"elementor-widget-container\">\n\t\t\t\t\t\t\t\t\t<ul>\n    <li><a\n            href=\"\/wp-content\/uploads\/2026\/02\/1.-REGULAMENT-PRIVIND-DESFASURAREA-SI-ORGANIZAREA-ACTIVITATII-DE-CERCETARE-STIINTIFICA.pdf\"\n            target=\"_blank\" rel=\"noopener\">Regulament\n                privind desf\u0103\u0219urarea \u0219i organizarea activit\u0103\u021bii de cercetare \u0219tiin\u021bific\u0103<\/a><\/li>\n    <li><a\n                href=\"\/wp-content\/uploads\/2026\/02\/regulament-de-organizare-si-functionare-a-centrului-de-management-tehnologic-1.pdf\"\n                target=\"_blank\" rel=\"noopener\">Regulament de organizare a Centrului de Management si Transfer\n                Tehnologic<\/a><\/li>\n<\/ul>\n<ul>\n    <li class=\"first-child last-child\"><a href=\"\/wp-content\/uploads\/2026\/02\/Statut_ISCDI.pdf\"\n                target=\"_blank\" rel=\"noopener noreferrer\">Statutul Institutului de Studii, Cercetare, Dezvoltare \u0219i\n                Inovare<\/a><\/li>\n<\/ul>\n<ul>\n    <li class=\"first-child last-child\"><a\n                href=\"\/wp-content\/uploads\/2026\/02\/Statut_ICSM_Cajal.pdf\" target=\"_blank\"\n                rel=\"noopener noreferrer\">Statutul Institutului de Cercet\u0103ri \u0218tiin\u021bifice Medicale &#8222;Academician Nicolae\n                Cajal&#8221;<\/a><\/li>\n<\/ul>\n<ul>\n    <li class=\"first-child last-child\"><a\n                href=\"\/wp-content\/uploads\/2026\/02\/Metodologie_centre_cercetare.pdf\" target=\"_blank\"\n                rel=\"noopener noreferrer\">Metodologia de \u00eenfiin\u0163are \u015fi evaluare periodic\u0103 a Centrelor de cercetare \u00een\n                Universitatea &#8222;Titu Maiorescu&#8221;<\/a><\/li>\n    <li><a href=\"\/wp-content\/uploads\/2026\/02\/codul_asigurarii_calitatii.pdf\" target=\"_blank\"\n            rel=\"noopener noreferrer\">Codul asigur\u0103rii calit\u0103\u0163ii \u00een activitatea didactic\u0103 \u015fi de cercetare\n                \u015ftiin\u0163ific\u0103<\/a><\/li>\n    <li><a href=\"\/wp-content\/uploads\/2026\/02\/Metodologie_evaluare_cercetare_stiintifica.pdf\"\n            target=\"_blank\" rel=\"noopener noreferrer\">Metodologie privind evaluarea excelen\u021bei \u0219i acordarea unor\n                forme de sprijin \u015fi sustinere \u00een activitatea de cercetare \u015ftiin\u0163ific\u0103<\/a><\/li>\n    <li><a href=\"\/wp-content\/uploads\/2026\/02\/regulament-de-organizare-si-functionare-a-editurii-UTM-1-1.pdf\"\n            target=\"_blank\" rel=\"noopener noreferrer\">Regulament de organizare \u015fi func\u0163ionare a Editurii\n                Universit\u0103\u0163ii Titu Maiorescu<\/a><\/li>\n<\/ul>\n\t\t\t\t\t\t\t\t<\/div>\n\t\t\t\t<\/div>\n\t\t\t\t<div class=\"elementor-element elementor-element-dafef6a elementor-widget elementor-widget-spacer\" data-id=\"dafef6a\" data-element_type=\"widget\" data-e-type=\"widget\" data-widget_type=\"spacer.default\">\n\t\t\t\t<div class=\"elementor-widget-container\">\n\t\t\t\t\t\t\t<div class=\"elementor-spacer\">\n\t\t\t<div class=\"elementor-spacer-inner\"><\/div>\n\t\t<\/div>\n\t\t\t\t\t\t<\/div>\n\t\t\t\t<\/div>\n\t\t\t\t\t<\/div>\n\t\t<\/div>\n\t\t\t\t\t<\/div>\n\t\t<\/section>\n\t\t\t\t<\/div>","protected":false},"excerpt":{"rendered":"<p>Regulamente \u0219i metodologii Regulament privind desf\u0103\u0219urarea \u0219i organizarea activit\u0103\u021bii de cercetare \u0219tiin\u021bific\u0103 Regulament de organizare a Centrului de Management si Transfer Tehnologic Statutul Institutului de Studii, Cercetare, Dezvoltare \u0219i Inovare Statutul Institutului de Cercet\u0103ri \u0218tiin\u021bifice Medicale &#8222;Academician Nicolae Cajal&#8221; Metodologia de \u00eenfiin\u0163are \u015fi evaluare periodic\u0103 a Centrelor de cercetare \u00een Universitatea &#8222;Titu Maiorescu&#8221; Codul asigur\u0103rii&#8230;<\/p>","protected":false},"author":1,"featured_media":0,"parent":24374,"menu_order":0,"comment_status":"closed","ping_status":"closed","template":"","meta":{"footnotes":""},"class_list":["post-27066","page","type-page","status-publish","hentry"],"_links":{"self":[{"href":"https:\/\/site.utm.ro\/en\/wp-json\/wp\/v2\/pages\/27066","targetHints":{"allow":["GET"]}}],"collection":[{"href":"https:\/\/site.utm.ro\/en\/wp-json\/wp\/v2\/pages"}],"about":[{"href":"https:\/\/site.utm.ro\/en\/wp-json\/wp\/v2\/types\/page"}],"author":[{"embeddable":true,"href":"https:\/\/site.utm.ro\/en\/wp-json\/wp\/v2\/users\/1"}],"replies":[{"embeddable":true,"href":"https:\/\/site.utm.ro\/en\/wp-json\/wp\/v2\/comments?post=27066"}],"version-history":[{"count":0,"href":"https:\/\/site.utm.ro\/en\/wp-json\/wp\/v2\/pages\/27066\/revisions"}],"up":[{"embeddable":true,"href":"https:\/\/site.utm.ro\/en\/wp-json\/wp\/v2\/pages\/24374"}],"wp:attachment":[{"href":"https:\/\/site.utm.ro\/en\/wp-json\/wp\/v2\/media?parent=27066"}],"curies":[{"name":"wp","href":"https:\/\/api.w.org\/{rel}","templated":true}]}}