{"id":26991,"date":"2026-02-25T13:29:46","date_gmt":"2026-02-25T13:29:46","guid":{"rendered":"https:\/\/site.utm.ro\/?page_id=26991"},"modified":"2026-03-13T13:28:19","modified_gmt":"2026-03-13T13:28:19","slug":"titu-maiorescu-private-clinical-dental-health-care-center","status":"publish","type":"page","link":"https:\/\/site.utm.ro\/en\/studenti\/centrul-clinic-privat-de-asistenta-medicala-dentara-titu-maiorescu\/","title":{"rendered":"Centrul Clinic Privat de Asisten\u0163\u0103 Medical\u0103 Dentar\u0103 Titu Maiorescu"},"content":{"rendered":"<div data-elementor-type=\"wp-page\" data-elementor-id=\"26991\" class=\"elementor elementor-26991\" data-elementor-post-type=\"page\">\n\t\t\t\t\t\t<section class=\"elementor-section elementor-top-section elementor-element elementor-element-ea67f1b elementor-section-height-min-height elementor-section-full_width elementor-section-height-default elementor-section-items-middle\" data-id=\"ea67f1b\" data-element_type=\"section\" data-e-type=\"section\" data-settings=\"{&quot;background_background&quot;:&quot;classic&quot;}\">\n\t\t\t\t\t\t\t<div class=\"elementor-background-overlay\"><\/div>\n\t\t\t\t\t\t\t<div class=\"elementor-container elementor-column-gap-default\">\n\t\t\t\t\t<div class=\"elementor-column elementor-col-100 elementor-top-column elementor-element elementor-element-17e361d\" data-id=\"17e361d\" data-element_type=\"column\" data-e-type=\"column\" data-settings=\"{&quot;background_background&quot;:&quot;classic&quot;}\">\n\t\t\t<div class=\"elementor-widget-wrap\">\n\t\t\t\t\t\t\t<\/div>\n\t\t<\/div>\n\t\t\t\t\t<\/div>\n\t\t<\/section>\n\t\t\t\t<section class=\"elementor-section elementor-top-section elementor-element elementor-element-1f3a218 elementor-section-boxed elementor-section-height-default elementor-section-height-default\" data-id=\"1f3a218\" data-element_type=\"section\" data-e-type=\"section\">\n\t\t\t\t\t\t<div class=\"elementor-container elementor-column-gap-no\">\n\t\t\t\t\t<div class=\"elementor-column elementor-col-50 elementor-top-column elementor-element elementor-element-ced6aa3 animated-fast elementor-invisible\" data-id=\"ced6aa3\" data-element_type=\"column\" data-e-type=\"column\" data-settings=\"{&quot;background_background&quot;:&quot;classic&quot;,&quot;animation&quot;:&quot;fadeIn&quot;,&quot;animation_tablet&quot;:&quot;none&quot;,&quot;animation_mobile&quot;:&quot;none&quot;,&quot;animation_delay&quot;:100}\">\n\t\t\t<div class=\"elementor-widget-wrap elementor-element-populated\">\n\t\t\t\t\t\t<div class=\"elementor-element elementor-element-e018646 elementor-widget elementor-widget-heading\" data-id=\"e018646\" data-element_type=\"widget\" data-e-type=\"widget\" data-widget_type=\"heading.default\">\n\t\t\t\t<div class=\"elementor-widget-container\">\n\t\t\t\t\t<h1 class=\"elementor-heading-title elementor-size-default\">Private Clinical Center of Dental Medical Assistance<\/h1>\t\t\t\t<\/div>\n\t\t\t\t<\/div>\n\t\t\t\t\t<\/div>\n\t\t<\/div>\n\t\t\t\t<div class=\"elementor-column elementor-col-50 elementor-top-column elementor-element elementor-element-a9bbebc elementor-hidden-desktop elementor-hidden-tablet elementor-hidden-phone\" data-id=\"a9bbebc\" data-element_type=\"column\" data-e-type=\"column\">\n\t\t\t<div class=\"elementor-widget-wrap\">\n\t\t\t\t\t\t\t<\/div>\n\t\t<\/div>\n\t\t\t\t\t<\/div>\n\t\t<\/section>\n\t\t\t\t<section class=\"elementor-section elementor-top-section elementor-element elementor-element-9944759 elementor-section-boxed elementor-section-height-default elementor-section-height-default\" data-id=\"9944759\" data-element_type=\"section\" data-e-type=\"section\">\n\t\t\t\t\t\t<div class=\"elementor-container elementor-column-gap-default\">\n\t\t\t\t\t<div class=\"elementor-column elementor-col-66 elementor-top-column elementor-element elementor-element-c31e8ce\" data-id=\"c31e8ce\" data-element_type=\"column\" data-e-type=\"column\">\n\t\t\t<div class=\"elementor-widget-wrap elementor-element-populated\">\n\t\t\t\t\t\t<div class=\"elementor-element elementor-element-2cfe70c elementor-widget elementor-widget-text-editor\" data-id=\"2cfe70c\" data-element_type=\"widget\" data-e-type=\"widget\" data-widget_type=\"text-editor.default\">\n\t\t\t\t<div class=\"elementor-widget-container\">\n\t\t\t\t\t\t\t\t\t<p>\u201eTitu Maiorescu\u201d Private Clinical Center of Dental Medical Assistance, provider of medical services, operates within the Faculty of Dentistry located at 67A Gheorghe Petra\u0219cu Street, ensuring the necessary conditions for the practical training of trainees, regardless of their level of training (students, master's, doctoral, post-graduate students), under the coordination and guidance of the teaching staff of the Faculty of Dentistry of Titu Maiorescu University.<\/p><p><strong>Program:\u00a0<\/strong>Monday-Friday 08:00 - 20:00<\/p><p><strong>Contact:<\/strong>\u00a0021. 330. 50. 10<\/p><p><strong>E-mail:<\/strong>\u00a0<a href=\"mailto:centrulclinic@univ.utm.ro\">centrulclinic@univ.utm.ro<\/a><\/p>\t\t\t\t\t\t\t\t<\/div>\n\t\t\t\t<\/div>\n\t\t\t\t\t<\/div>\n\t\t<\/div>\n\t\t\t\t<div class=\"elementor-column elementor-col-33 elementor-top-column elementor-element elementor-element-a52cc88\" data-id=\"a52cc88\" data-element_type=\"column\" data-e-type=\"column\">\n\t\t\t<div class=\"elementor-widget-wrap elementor-element-populated\">\n\t\t\t\t\t\t<div class=\"elementor-element elementor-element-f381b11 elementor-widget elementor-widget-image\" data-id=\"f381b11\" data-element_type=\"widget\" data-e-type=\"widget\" data-widget_type=\"image.default\">\n\t\t\t\t<div class=\"elementor-widget-container\">\n\t\t\t\t\t\t\t\t\t<div class=\"elementor-image\">\n\t\t\t\t\t\t\t\t\t\t\t\t\t\t\t\t\t\t\t\t\t<img decoding=\"async\" width=\"300\" height=\"119\" src=\"https:\/\/site.utm.ro\/wp-content\/uploads\/2026\/03\/Centrul-Stomatologic-PNG-scaled-e1773408484955-300x119.png\" class=\"attachment-medium size-medium wp-image-35666\" alt=\"\" srcset=\"https:\/\/site.utm.ro\/wp-content\/uploads\/2026\/03\/Centrul-Stomatologic-PNG-scaled-e1773408484955-300x119.png 300w, https:\/\/site.utm.ro\/wp-content\/uploads\/2026\/03\/Centrul-Stomatologic-PNG-scaled-e1773408484955-1024x405.png 1024w, https:\/\/site.utm.ro\/wp-content\/uploads\/2026\/03\/Centrul-Stomatologic-PNG-scaled-e1773408484955-768x304.png 768w, https:\/\/site.utm.ro\/wp-content\/uploads\/2026\/03\/Centrul-Stomatologic-PNG-scaled-e1773408484955-1536x608.png 1536w, https:\/\/site.utm.ro\/wp-content\/uploads\/2026\/03\/Centrul-Stomatologic-PNG-scaled-e1773408484955.png 2048w, https:\/\/site.utm.ro\/wp-content\/uploads\/2026\/03\/Centrul-Stomatologic-PNG-scaled-e1773408484955-840x333.png 840w, https:\/\/site.utm.ro\/wp-content\/uploads\/2026\/03\/Centrul-Stomatologic-PNG-scaled-e1773408484955-1260x499.png 1260w, https:\/\/site.utm.ro\/wp-content\/uploads\/2026\/03\/Centrul-Stomatologic-PNG-scaled-e1773408484955-420x166.png 420w, https:\/\/site.utm.ro\/wp-content\/uploads\/2026\/03\/Centrul-Stomatologic-PNG-scaled-e1773408484955-630x249.png 630w\" sizes=\"(max-width: 300px) 100vw, 300px\" \/>\t\t\t\t\t\t\t\t\t\t\t\t\t\t\t\t\t\t\t\t\t\t\t\t<\/div>\n\t\t\t\t\t\t\t\t<\/div>\n\t\t\t\t<\/div>\n\t\t\t\t\t<\/div>\n\t\t<\/div>\n\t\t\t\t\t<\/div>\n\t\t<\/section>\n\t\t\t\t<section class=\"elementor-section elementor-top-section elementor-element elementor-element-9710d5e elementor-section-boxed elementor-section-height-default elementor-section-height-default\" data-id=\"9710d5e\" data-element_type=\"section\" data-e-type=\"section\">\n\t\t\t\t\t\t<div class=\"elementor-container elementor-column-gap-default\">\n\t\t\t\t\t<div class=\"elementor-column elementor-col-100 elementor-top-column elementor-element elementor-element-cddab5d\" data-id=\"cddab5d\" data-element_type=\"column\" data-e-type=\"column\">\n\t\t\t<div class=\"elementor-widget-wrap elementor-element-populated\">\n\t\t\t\t\t\t<div class=\"elementor-element elementor-element-ef3790d gallery-spacing-custom elementor-widget elementor-widget-image-gallery\" data-id=\"ef3790d\" data-element_type=\"widget\" data-e-type=\"widget\" data-widget_type=\"image-gallery.default\">\n\t\t\t\t<div class=\"elementor-widget-container\">\n\t\t\t\t\t\t\t<div class=\"elementor-image-gallery\">\n\t\t\t<div id='gallery-1' class='gallery galleryid-26991 gallery-columns-4 gallery-size-thumbnail'><figure class='gallery-item'>\n\t\t\t<div class='gallery-icon landscape'>\n\t\t\t\t<a data-elementor-open-lightbox=\"yes\" data-elementor-lightbox-slideshow=\"ef3790d\" data-elementor-lightbox-title=\"CAMD_UTM_1-530x420\" data-e-action-hash=\"#elementor-action%3Aaction%3Dlightbox%26settings%3DeyJpZCI6MjcwMDksInVybCI6Imh0dHBzOlwvXC9zaXRlLnV0bS5yb1wvd3AtY29udGVudFwvdXBsb2Fkc1wvMjAyNlwvMDJcL0NBTURfVVRNXzEtNTMweDQyMC0xLndlYnAiLCJzbGlkZXNob3ciOiJlZjM3OTBkIn0%3D\" href='https:\/\/site.utm.ro\/wp-content\/uploads\/2026\/02\/CAMD_UTM_1-530x420-1.webp'><img decoding=\"async\" width=\"150\" height=\"150\" src=\"https:\/\/site.utm.ro\/wp-content\/uploads\/2026\/02\/CAMD_UTM_1-530x420-1-150x150.webp\" class=\"attachment-thumbnail size-thumbnail\" alt=\"\" srcset=\"https:\/\/site.utm.ro\/wp-content\/uploads\/2026\/02\/CAMD_UTM_1-530x420-1-150x150.webp 150w, https:\/\/site.utm.ro\/wp-content\/uploads\/2026\/02\/CAMD_UTM_1-530x420-1-315x315.webp 315w\" sizes=\"(max-width: 150px) 100vw, 150px\" \/><\/a>\n\t\t\t<\/div><\/figure><figure class='gallery-item'>\n\t\t\t<div class='gallery-icon landscape'>\n\t\t\t\t<a data-elementor-open-lightbox=\"yes\" data-elementor-lightbox-slideshow=\"ef3790d\" data-elementor-lightbox-title=\"CAMD_UTM_5-530x420\" data-e-action-hash=\"#elementor-action%3Aaction%3Dlightbox%26settings%3DeyJpZCI6MjcwMDgsInVybCI6Imh0dHBzOlwvXC9zaXRlLnV0bS5yb1wvd3AtY29udGVudFwvdXBsb2Fkc1wvMjAyNlwvMDJcL0NBTURfVVRNXzUtNTMweDQyMC0xLndlYnAiLCJzbGlkZXNob3ciOiJlZjM3OTBkIn0%3D\" href='https:\/\/site.utm.ro\/wp-content\/uploads\/2026\/02\/CAMD_UTM_5-530x420-1.webp'><img decoding=\"async\" width=\"150\" height=\"150\" src=\"https:\/\/site.utm.ro\/wp-content\/uploads\/2026\/02\/CAMD_UTM_5-530x420-1-150x150.webp\" class=\"attachment-thumbnail size-thumbnail\" alt=\"\" srcset=\"https:\/\/site.utm.ro\/wp-content\/uploads\/2026\/02\/CAMD_UTM_5-530x420-1-150x150.webp 150w, https:\/\/site.utm.ro\/wp-content\/uploads\/2026\/02\/CAMD_UTM_5-530x420-1-315x315.webp 315w\" sizes=\"(max-width: 150px) 100vw, 150px\" \/><\/a>\n\t\t\t<\/div><\/figure><figure class='gallery-item'>\n\t\t\t<div class='gallery-icon landscape'>\n\t\t\t\t<a data-elementor-open-lightbox=\"yes\" data-elementor-lightbox-slideshow=\"ef3790d\" data-elementor-lightbox-title=\"CAMD_UTM_3-530x420\" data-e-action-hash=\"#elementor-action%3Aaction%3Dlightbox%26settings%3DeyJpZCI6MjcwMDcsInVybCI6Imh0dHBzOlwvXC9zaXRlLnV0bS5yb1wvd3AtY29udGVudFwvdXBsb2Fkc1wvMjAyNlwvMDJcL0NBTURfVVRNXzMtNTMweDQyMC0xLndlYnAiLCJzbGlkZXNob3ciOiJlZjM3OTBkIn0%3D\" href='https:\/\/site.utm.ro\/wp-content\/uploads\/2026\/02\/CAMD_UTM_3-530x420-1.webp'><img loading=\"lazy\" decoding=\"async\" width=\"150\" height=\"150\" src=\"https:\/\/site.utm.ro\/wp-content\/uploads\/2026\/02\/CAMD_UTM_3-530x420-1-150x150.webp\" class=\"attachment-thumbnail size-thumbnail\" alt=\"\" srcset=\"https:\/\/site.utm.ro\/wp-content\/uploads\/2026\/02\/CAMD_UTM_3-530x420-1-150x150.webp 150w, https:\/\/site.utm.ro\/wp-content\/uploads\/2026\/02\/CAMD_UTM_3-530x420-1-315x315.webp 315w\" sizes=\"(max-width: 150px) 100vw, 150px\" \/><\/a>\n\t\t\t<\/div><\/figure><figure class='gallery-item'>\n\t\t\t<div class='gallery-icon landscape'>\n\t\t\t\t<a data-elementor-open-lightbox=\"yes\" data-elementor-lightbox-slideshow=\"ef3790d\" data-elementor-lightbox-title=\"CAMD_UTM_4-530x420\" data-e-action-hash=\"#elementor-action%3Aaction%3Dlightbox%26settings%3DeyJpZCI6MjcwMDYsInVybCI6Imh0dHBzOlwvXC9zaXRlLnV0bS5yb1wvd3AtY29udGVudFwvdXBsb2Fkc1wvMjAyNlwvMDJcL0NBTURfVVRNXzQtNTMweDQyMC0xLndlYnAiLCJzbGlkZXNob3ciOiJlZjM3OTBkIn0%3D\" href='https:\/\/site.utm.ro\/wp-content\/uploads\/2026\/02\/CAMD_UTM_4-530x420-1.webp'><img loading=\"lazy\" decoding=\"async\" width=\"150\" height=\"150\" src=\"https:\/\/site.utm.ro\/wp-content\/uploads\/2026\/02\/CAMD_UTM_4-530x420-1-150x150.webp\" class=\"attachment-thumbnail size-thumbnail\" alt=\"\" srcset=\"https:\/\/site.utm.ro\/wp-content\/uploads\/2026\/02\/CAMD_UTM_4-530x420-1-150x150.webp 150w, https:\/\/site.utm.ro\/wp-content\/uploads\/2026\/02\/CAMD_UTM_4-530x420-1-315x315.webp 315w\" sizes=\"(max-width: 150px) 100vw, 150px\" \/><\/a>\n\t\t\t<\/div><\/figure>\n\t\t<\/div>\n\t\t<\/div>\n\t\t\t\t\t\t<\/div>\n\t\t\t\t<\/div>\n\t\t\t\t\t<\/div>\n\t\t<\/div>\n\t\t\t\t\t<\/div>\n\t\t<\/section>\n\t\t\t\t<\/div>","protected":false},"excerpt":{"rendered":"<p>Centrul Clinic Privat de Asisten\u0163\u0103 Medical\u0103 Dentar\u0103 Centrul Clinic Privat de Asistenta Medicala Dentara \u201eTitu Maiorescu\u201d furnizor de servicii medicale, func\u021bioneaz\u0103 \u00een incinta Facult\u0103\u021bii de Medicin\u0103 Dentar\u0103 situat\u0103 pe Strada Gheorghe Petra\u0219cu nr. 67A, asigur\u00e2nd \u0219i condi\u021biile necesare \u00een vederea form\u0103rii profesionale practice a cursan\u021bilor, indiferent de nivelul lor de preg\u0103tire (studen\u021bi, masteranzi, doctoranzi, cursan\u021bi&#8230;<\/p>","protected":false},"author":1,"featured_media":0,"parent":24376,"menu_order":0,"comment_status":"closed","ping_status":"closed","template":"","meta":{"footnotes":""},"class_list":["post-26991","page","type-page","status-publish","hentry"],"_links":{"self":[{"href":"https:\/\/site.utm.ro\/en\/wp-json\/wp\/v2\/pages\/26991","targetHints":{"allow":["GET"]}}],"collection":[{"href":"https:\/\/site.utm.ro\/en\/wp-json\/wp\/v2\/pages"}],"about":[{"href":"https:\/\/site.utm.ro\/en\/wp-json\/wp\/v2\/types\/page"}],"author":[{"embeddable":true,"href":"https:\/\/site.utm.ro\/en\/wp-json\/wp\/v2\/users\/1"}],"replies":[{"embeddable":true,"href":"https:\/\/site.utm.ro\/en\/wp-json\/wp\/v2\/comments?post=26991"}],"version-history":[{"count":0,"href":"https:\/\/site.utm.ro\/en\/wp-json\/wp\/v2\/pages\/26991\/revisions"}],"up":[{"embeddable":true,"href":"https:\/\/site.utm.ro\/en\/wp-json\/wp\/v2\/pages\/24376"}],"wp:attachment":[{"href":"https:\/\/site.utm.ro\/en\/wp-json\/wp\/v2\/media?parent=26991"}],"curies":[{"name":"wp","href":"https:\/\/api.w.org\/{rel}","templated":true}]}}