{"id":26558,"date":"2026-02-24T14:10:00","date_gmt":"2026-02-24T14:10:00","guid":{"rendered":"https:\/\/site.utm.ro\/?page_id=26558"},"modified":"2026-03-27T08:19:16","modified_gmt":"2026-03-27T08:19:16","slug":"alte-structuri","status":"publish","type":"page","link":"https:\/\/site.utm.ro\/en\/despre-utm\/alte-structuri\/","title":{"rendered":"Other structures"},"content":{"rendered":"<div data-elementor-type=\"wp-page\" data-elementor-id=\"26558\" class=\"elementor elementor-26558\" data-elementor-post-type=\"page\">\n\t\t\t\t\t\t<section class=\"elementor-section elementor-top-section elementor-element elementor-element-05aad03 elementor-section-height-min-height elementor-section-boxed elementor-section-height-default elementor-section-items-middle\" data-id=\"05aad03\" data-element_type=\"section\" data-e-type=\"section\" data-settings=\"{&quot;background_background&quot;:&quot;classic&quot;}\">\n\t\t\t\t\t\t\t<div class=\"elementor-background-overlay\"><\/div>\n\t\t\t\t\t\t\t<div class=\"elementor-container elementor-column-gap-default\">\n\t\t\t\t\t<div class=\"elementor-column elementor-col-100 elementor-top-column elementor-element elementor-element-5af42b0\" data-id=\"5af42b0\" data-element_type=\"column\" data-e-type=\"column\" data-settings=\"{&quot;background_background&quot;:&quot;classic&quot;}\">\n\t\t\t<div class=\"elementor-widget-wrap\">\n\t\t\t\t\t\t\t<\/div>\n\t\t<\/div>\n\t\t\t\t\t<\/div>\n\t\t<\/section>\n\t\t\t\t<section class=\"elementor-section elementor-top-section elementor-element elementor-element-dc5a753 elementor-section-boxed elementor-section-height-default elementor-section-height-default\" data-id=\"dc5a753\" data-element_type=\"section\" data-e-type=\"section\">\n\t\t\t\t\t\t<div class=\"elementor-container elementor-column-gap-no\">\n\t\t\t\t\t<div class=\"elementor-column elementor-col-50 elementor-top-column elementor-element elementor-element-2f6fcdd animated-fast elementor-invisible\" data-id=\"2f6fcdd\" data-element_type=\"column\" data-e-type=\"column\" data-settings=\"{&quot;background_background&quot;:&quot;classic&quot;,&quot;animation&quot;:&quot;fadeIn&quot;,&quot;animation_tablet&quot;:&quot;none&quot;,&quot;animation_mobile&quot;:&quot;none&quot;,&quot;animation_delay&quot;:100}\">\n\t\t\t<div class=\"elementor-widget-wrap elementor-element-populated\">\n\t\t\t\t\t\t<div class=\"elementor-element elementor-element-93a42f6 elementor-widget elementor-widget-heading\" data-id=\"93a42f6\" data-element_type=\"widget\" data-e-type=\"widget\" data-widget_type=\"heading.default\">\n\t\t\t\t<div class=\"elementor-widget-container\">\n\t\t\t\t\t<h1 class=\"elementor-heading-title elementor-size-default\">Other structures<\/h1>\t\t\t\t<\/div>\n\t\t\t\t<\/div>\n\t\t\t\t\t<\/div>\n\t\t<\/div>\n\t\t\t\t<div class=\"elementor-column elementor-col-50 elementor-top-column elementor-element elementor-element-1fb00f9 elementor-hidden-desktop elementor-hidden-tablet elementor-hidden-phone\" data-id=\"1fb00f9\" data-element_type=\"column\" data-e-type=\"column\">\n\t\t\t<div class=\"elementor-widget-wrap\">\n\t\t\t\t\t\t\t<\/div>\n\t\t<\/div>\n\t\t\t\t\t<\/div>\n\t\t<\/section>\n\t\t\t\t<section class=\"elementor-section elementor-top-section elementor-element elementor-element-f466afa elementor-section-boxed elementor-section-height-default elementor-section-height-default\" data-id=\"f466afa\" data-element_type=\"section\" data-e-type=\"section\" data-settings=\"{&quot;animation&quot;:&quot;none&quot;,&quot;animation_tablet&quot;:&quot;none&quot;,&quot;animation_mobile&quot;:&quot;none&quot;,&quot;animation_delay&quot;:300}\">\n\t\t\t\t\t\t<div class=\"elementor-container elementor-column-gap-no\">\n\t\t\t\t\t<div class=\"elementor-column elementor-col-100 elementor-top-column elementor-element elementor-element-2a2c804\" data-id=\"2a2c804\" data-element_type=\"column\" data-e-type=\"column\">\n\t\t\t<div class=\"elementor-widget-wrap elementor-element-populated\">\n\t\t\t\t\t\t<div class=\"elementor-element elementor-element-62c82d7 vamtam-theme-table-styles elementor-widget elementor-widget-toggle\" data-id=\"62c82d7\" data-element_type=\"widget\" data-e-type=\"widget\" data-widget_type=\"toggle.default\">\n\t\t\t\t<div class=\"elementor-widget-container\">\n\t\t\t\t\t\t\t<div class=\"elementor-toggle\">\n\t\t\t\t\t\t\t<div class=\"elementor-toggle-item\">\n\t\t\t\t\t<h3 id=\"elementor-tab-title-1031\" class=\"elementor-tab-title\" data-tab=\"1\" role=\"button\" aria-controls=\"elementor-tab-content-1031\" aria-expanded=\"false\">\n\t\t\t\t\t\t\t\t\t\t\t\t<span class=\"elementor-toggle-icon elementor-toggle-icon-right\" aria-hidden=\"true\">\n\t\t\t\t\t\t\t\t\t\t\t\t\t\t\t<span class=\"elementor-toggle-icon-closed\"><i class=\"vamtamtheme- vamtam-theme-arrow-down\"><\/i><\/span>\n\t\t\t\t\t\t\t\t<span class=\"elementor-toggle-icon-opened\"><i class=\"elementor-toggle-icon-opened vamtamtheme- vamtam-theme-arrow-up\"><\/i><\/span>\n\t\t\t\t\t\t\t\t\t\t\t\t\t<\/span>\n\t\t\t\t\t\t\t\t\t\t\t\t<a class=\"elementor-toggle-title\" tabindex=\"0\">Servicii Administrative<\/a>\n\t\t\t\t\t<\/h3>\n\n\t\t\t\t\t<div id=\"elementor-tab-content-1031\" class=\"elementor-tab-content elementor-clearfix\" data-tab=\"1\" role=\"region\" aria-labelledby=\"elementor-tab-title-1031\"><p><strong><em>Telefon: 021 316.16.46<\/em><\/strong><\/p><p><em>Program de lucru: de luni p\u00e2n\u0103 vineri, \u00een zilele lucr\u0103toare, intervalul orar <span style=\"color: #0000ff;\">08 \u2013 16<\/span>.<\/em><\/p><table><tbody><tr class=\"odd\"><td><strong><em>Registratur\u0103<\/em><\/strong><br \/><em>Simona Bogdea<\/em><br \/><em>Email: <span style=\"color: #0000ff;\"><a style=\"color: #0000ff;\" href=\"mailto:contact@univ.utm.ro\">contact@univ.utm.ro<\/a><\/span><\/em><\/td><\/tr><tr class=\"even\"><td><strong><em>Secretary General<\/em><\/strong><br \/><em>Lect.univ.dr. M\u0103d\u0103lina Voiculescu<\/em><br \/><em>E-mail: <span style=\"color: #0000ff;\"><a style=\"color: #0000ff;\" href=\"mailto:secretariatgeneral@univ.utm.ro\">secretariatgeneral@univ.utm.ro<\/a><\/span><\/em><\/td><\/tr><tr class=\"odd\"><td><strong><em>Biroul Acte de Studii<\/em><\/strong><br \/><em>\u015eef birou: Mariana Toader<\/em><br \/><em>E-mail: <span style=\"color: #0000ff;\"><a style=\"color: #0000ff;\" href=\"mailto:actestudii@univ.utm.ro\">actestudii@univ.utm.ro<\/a><\/span><\/em><\/td><\/tr><tr class=\"even\"><td><strong><em>Oficiul Juridic<\/em><\/strong><br \/><em>Consilier juridic: Maria Meri\u0219an<\/em><br \/><em>E-mail: <span style=\"color: #0000ff;\"><a style=\"color: #0000ff;\" href=\"mailto:juridic@univ.utm.ro\">juridic@univ.utm.ro<\/a><\/span><\/em><\/td><\/tr><tr class=\"odd\"><td><strong><em>Direc\u021bia Tehnologia Informa\u021biei \u0219i Comunca\u021bii (Direc\u021bia IT&amp;C)<\/em><\/strong><br \/><em>Director IT&amp;C : Inf. Ec. Drd. Ana-Maria Perpelea<\/em><br \/><em>E-mail:<span style=\"color: #0000ff;\"> <a style=\"color: #0000ff;\" href=\"mailto:it@univ.utm.ro\">it@univ.utm.ro<\/a><\/span><\/em><br \/><em>Mobil: 0724.244.171<\/em><\/td><\/tr><tr class=\"even\"><td><strong><em>Direc\u021bia Resurse Umane \u2013 Salarizare<\/em><\/strong><br \/><em>Director Resurse Umane: Miruna-Mihaela M\u0103rg\u0103rit<\/em><br \/><em>E-mail: <span style=\"color: #0000ff;\"><a style=\"color: #0000ff;\" href=\"mailto:resurseumane@univ.utm.ro\">resurseumane@univ.utm.ro<\/a><\/span><\/em><br \/><em>Mobil: 0730.606.476<\/em><\/td><\/tr><tr class=\"odd\"><td><strong><em>Biroul de Comunicare, Rela\u021bii Publice \u0219i Marketing<\/em><\/strong><br \/><em>E-mail: <span style=\"color: #0000ff;\"><a style=\"color: #0000ff;\" href=\"mailto:marketing@univ.utm.ro\">marketing@univ.utm.ro<\/a> <\/span><\/em><\/td><\/tr><tr class=\"even\"><td><strong><em>Direc\u021bia Economic\u0103<\/em><\/strong><br \/><em>Director Economic: ec. Elena Neagu<\/em><br \/><em>E-mail: <span style=\"color: #0000ff;\"><a style=\"color: #0000ff;\" href=\"mailto:contabilitate@univ.utm.ro\">contabilitate@univ.utm.ro<\/a><\/span><\/em><br \/><em>Mobil: 0730.606.479<\/em><\/td><\/tr><tr class=\"odd\"><td><strong><em>Biroul Taxe<\/em><\/strong><br \/><em>\u015eef birou: Alexandrina Ganciu<\/em><br \/><em>E-mail:<span style=\"color: #0000ff;\"> <a style=\"color: #0000ff;\" href=\"mailto:taxe@univ.utm.ro\">taxe@univ.utm.ro<\/a><\/span><\/em><\/td><\/tr><tr class=\"even\"><td><strong><em>Direc\u021bia Tehnic-Administrativ\u0103, Social <\/em><\/strong><br \/><em>Director administrativ: ing. Crinu Rus\u0103nescu<\/em><br \/><em>E-mail: <span style=\"color: #0000ff;\"><a style=\"color: #0000ff;\" href=\"mailto:administrativ@univ.utm.ro\">administrativ@univ.utm.ro<\/a><\/span><\/em><\/td><\/tr><tr class=\"odd\"><td><strong><em>Cantina-restaurant<\/em><\/strong><br \/><em>Manager: Costin Miron<\/em><br \/><em>E-mail: <span style=\"color: #0000ff;\"><a style=\"color: #0000ff;\" href=\"mailto:costin.miron@univ.utm.ro\">costin.miron@univ.utm.ro<\/a><\/span><\/em><br \/>Telefon: 021.316.1646<\/td><\/tr><tr class=\"even\"><td><strong><em>C\u0103mine studen\u0163e\u0219ti<\/em><\/strong><br \/><em>Administrator: Lauren\u021biu Coman<\/em><br \/><em>E-mail: <span style=\"color: #0000ff;\"><a style=\"color: #0000ff;\" href=\"mailto:caminestudentesti@univ.utm.ro\">caminestudentesti@univ.utm.ro<\/a><\/span><\/em><br \/><em>Mobil: 0733.106.730<\/em><\/td><\/tr><tr class=\"odd\"><td><strong><em>Arhiv\u0103 <\/em><\/strong><br \/><em>Arhivar: Iulian Gheorghe<\/em><br \/><em>E-mail: <span style=\"color: #0000ff;\"><a style=\"color: #0000ff;\" href=\"mailto:arhiva@univ.utm.ro\">arhiva@univ.utm.ro<\/a><\/span><\/em><\/td><\/tr><tr class=\"even\"><td><strong><em>Library<\/em><\/strong><br \/><em>\u0218ef Bibliotec\u0103: Adelina Mihai<\/em><br \/><em>E-mail: <span style=\"color: #0000ff;\"><a style=\"color: #0000ff;\" href=\"mailto:adelina.mihai@univ.utm.ro\">adelina.mihai@univ.utm.ro<\/a><\/span><\/em><\/td><\/tr><\/tbody><\/table><\/div>\n\t\t\t\t<\/div>\n\t\t\t\t\t\t\t<div class=\"elementor-toggle-item\">\n\t\t\t\t\t<h3 id=\"elementor-tab-title-1032\" class=\"elementor-tab-title\" data-tab=\"2\" role=\"button\" aria-controls=\"elementor-tab-content-1032\" aria-expanded=\"false\">\n\t\t\t\t\t\t\t\t\t\t\t\t<span class=\"elementor-toggle-icon elementor-toggle-icon-right\" aria-hidden=\"true\">\n\t\t\t\t\t\t\t\t\t\t\t\t\t\t\t<span class=\"elementor-toggle-icon-closed\"><i class=\"vamtamtheme- vamtam-theme-arrow-down\"><\/i><\/span>\n\t\t\t\t\t\t\t\t<span class=\"elementor-toggle-icon-opened\"><i class=\"elementor-toggle-icon-opened vamtamtheme- vamtam-theme-arrow-up\"><\/i><\/span>\n\t\t\t\t\t\t\t\t\t\t\t\t\t<\/span>\n\t\t\t\t\t\t\t\t\t\t\t\t<a class=\"elementor-toggle-title\" tabindex=\"0\">Comisia de Etic\u0103<\/a>\n\t\t\t\t\t<\/h3>\n\n\t\t\t\t\t<div id=\"elementor-tab-content-1032\" class=\"elementor-tab-content elementor-clearfix\" data-tab=\"2\" role=\"region\" aria-labelledby=\"elementor-tab-title-1032\"><p><strong>Comisia de etic\u0103 este organul consultativ al Universit\u0103\u021bii care:<\/strong><\/p><ul><li>analizeaz\u0103 abaterile de la etica universitar\u0103 \u0219i cercetare \u0219tiin\u021bific\u0103 pe baza sesiz\u0103rilor reclama\u021biilor primite;<\/li><li>propune sanc\u021biuni, \u00een urma analiz\u0103rii sesiz\u0103rilor\/reclama\u021biilor primite;<\/li><li>verific\u0103 \u0219i constat\u0103 eventuale incompatibilit\u0103\u021bi \u0219i conflicte de interese \u00een mandatele structurilor de conducere universitar\u0103.<\/li><\/ul><p>Activitatea Comisiei de etic\u0103 se desf\u0103\u0219oar\u0103 \u00een conformitate cu Regulamentul de organizare \u0219i func\u021bionare a Comisiei de etic\u0103 universitar\u0103 \u0219i se bazeaz\u0103 pe Carta Universit\u0103\u021bii \u0219i Codul de etic\u0103 \u0219i deontologie profesional\u0103 universitar\u0103.<\/p><p><strong>Comisia de Etic\u0103 Universiar\u0103, pentru mandatul 2024-2028, are urm\u0103toarea componen\u021b\u0103:<\/strong><\/p><table><tbody><tr class=\"odd\"><td>Lect. Univ. Dr. Gheorghe MUSCALU \u2013 Pre\u0219edinte<\/td><\/tr><tr class=\"even\"><td>Prof. Univ. Dr. Mihai PUIU \u2013 Membru<\/td><\/tr><tr class=\"odd\"><td>Prof. Univ. Dr. Lucian Florin DOROBAN\u021aU \u2013 Membru<\/td><\/tr><tr class=\"even\"><td>Prof. Univ. Dr. Adrian ONU \u2013 Membru<\/td><\/tr><tr class=\"odd\"><td>Conf. Univ. Dr. Anca Iuliana POPESCU \u2013 Membru<\/td><\/tr><tr class=\"even\"><td>Conf. Univ. Dr. Habil. Mihaela ANDREESCU \u2013 Membru<\/td><\/tr><tr class=\"odd\"><td>Lect. Univ. Dr. Eftihi\u021ba CR\u0102CIUN \u2013 Membru<\/td><\/tr><tr class=\"even\"><td>Lect. Univ. Dr. \u0218erban Traian VOICULESCU \u2013 Membru<\/td><\/tr><tr class=\"odd\"><td>Student Doctorand Andrei ALBU \u2013 Membru<\/td><\/tr><tr class=\"even\"><td>Student Andreea Beatrice LASCU \u2013 Membru<\/td><\/tr><tr class=\"odd\"><td>Student Alexandra Maria DUMITRACHE &#8211; Membru<\/td><\/tr><\/tbody><\/table><p><a href=\"\/wp-content\/uploads\/2026\/02\/Hot-Senat-numire-comisie-etica.pdf\" target=\"_blank\" rel=\"noopener\"><span style=\"color: #0000ff;\"><strong>Hot\u0103r\u00e2rea Senatului privind componen\u021ba Comisiei de Etic\u0103 pentru mandatul 2024 &#8211; 2028<\/strong><\/span><\/a><\/p><p>Comisia de etic\u0103 \u00eentocme\u0219te rapoarte anuale privind respectarea eticii universitare \u0219i de cercetare \u0219tiin\u021bific\u0103<\/p><ul><li><a href=\"https:\/\/site.utm.ro\/wp-content\/uploads\/2026\/03\/Regulament-de-organizare-si-functionare-a-Comisiei-de-Etica.pdf\" target=\"_blank\" rel=\"noopener\"><span style=\"color: #0000ff;\"><strong>Regulament de organizare \u0219i func\u021bionare a Comisiei de Etic\u0103 Universitar\u0103<\/strong><\/span><\/a><\/li><\/ul><p><strong>Hot\u0103r\u00e2ri ale Comisiei de Etic\u0103:<\/strong><\/p><ul><li><span style=\"color: #0000ff;\"><a style=\"color: #0000ff;\" href=\"\/wp-content\/uploads\/2026\/02\/Raport.pdf\" target=\"_blank\" rel=\"noopener\"><strong>Raport privind acordarea avizului \u0219tiin\u021bific din data de 18.04.2022<\/strong><\/a><\/span><\/li><li><span style=\"color: #0000ff;\"><a style=\"color: #0000ff;\" href=\"\/wp-content\/uploads\/2026\/02\/Raport-privind-acordarea-avizului-stiintific-din-data-de-06.07.2021.pdf\" target=\"_blank\" rel=\"noopener\"><strong>Raport privind acordarea avizului \u0219tiin\u021bific din data de 06.07.2021<\/strong><\/a><\/span><\/li><li><span style=\"color: #0000ff;\"><a style=\"color: #0000ff;\" href=\"\/wp-content\/uploads\/2026\/02\/Raport-aviz-stiintific.pdf\" target=\"_blank\" rel=\"noopener\"><strong>Raport privind acordarea avizului \u0219tiin\u021bific din data de 16.06.2021<\/strong><\/a><\/span><\/li><li><strong><span style=\"color: #0000ff;\"><a style=\"color: #0000ff;\" href=\"\/wp-content\/uploads\/2026\/02\/Raport-de-activitate-pentru-anul-2024.pdf\" target=\"_blank\" rel=\"noopener\">Decisions<\/a><\/span><\/strong><\/li><\/ul><p><strong>Rapoartele de activiate ale Comisiei de etic\u0103 universitar\u0103 a Univerist\u0103\u021bii Titu Maiorescu:<\/strong><\/p><ul><li><a href=\"\/wp-content\/uploads\/2026\/02\/Raport-de-activitate-pentru-anul-2024.pdf\" target=\"_blank\" rel=\"noopener\"><span style=\"color: #0000ff;\"><strong>Raport de activitate pentru anul 2024<\/strong><\/span><\/a><\/li><li><a href=\"\/wp-content\/uploads\/2026\/02\/Raport-de-activitate-2023.pdf\" target=\"_blank\" rel=\"noopener\"><span style=\"color: #0000ff;\"><strong>Raport de activitate pentru anul 2023<\/strong><\/span><\/a><\/li><li><span style=\"color: #0000ff;\"><a href=\"\/wp-content\/uploads\/2026\/02\/Raport-activ-CE_2022.pdf\" target=\"_blank\" rel=\"noopener\"><span style=\"color: #0000ff;\"><strong>Raport de activitate pentru anul 2022<\/strong><\/span><\/a><\/span><\/li><li><span style=\"color: #0000ff;\"><a style=\"color: #0000ff;\" href=\"\/wp-content\/uploads\/2026\/02\/Raport-de-activitate-al-Comisiei-de-etica.pdf\" target=\"_blank\" rel=\"noopener\"><strong>Raport de activitate al Comisiei de etica universitara a Universit\u0103\u021bii &#8222;Titu Maiorescu&#8221; din Bucure\u0219ti pentru perioada 01.11.2020 &#8211; 31.12.2021<\/strong><\/a><\/span><\/li><li><span style=\"color: #0000ff;\"><a style=\"color: #0000ff;\" href=\"\/wp-content\/uploads\/2026\/02\/Raport-activitate-Comisie-Etica-2019-2020.pdf\" target=\"_blank\" rel=\"noopener noreferrer\"><strong>Raportul pentru anul universitar 2019-2020<\/strong><\/a><\/span><\/li><li><a href=\"\/wp-content\/uploads\/2026\/02\/Raport-2018-2019.pdf\" target=\"_blank\" rel=\"noopener\"><span style=\"color: #0000ff;\"><strong>Raportul pentru anul universitar 2018-2019<\/strong><\/span><\/a><\/li><li><a href=\"\/wp-content\/uploads\/2026\/02\/Raport-2017-2018_Redacted.pdf\" target=\"_blank\" rel=\"noopener\"><span style=\"color: #0000ff;\"><strong>Raportul pentru anul universitar 2017-2018<\/strong><\/span><\/a><\/li><\/ul><div>\u00a0<\/div><p><strong>Arhiv\u0103<\/strong><\/p><ul><li><a href=\"https:\/\/site.utm.ro\/wp-content\/uploads\/2026\/02\/Regulament-Comisie-Etica_Redacted.pdf\" target=\"_blank\" rel=\"noopener\"><span style=\"color: #0000ff;\"><strong>Regulament de organizare \u0219i func\u021bionare a Comisiei de Etic\u0103 Universitar\u0103<\/strong><\/span><\/a><\/li><\/ul><\/div>\n\t\t\t\t<\/div>\n\t\t\t\t\t\t\t\t<\/div>\n\t\t\t\t\t\t<\/div>\n\t\t\t\t<\/div>\n\t\t\t\t\t<\/div>\n\t\t<\/div>\n\t\t\t\t\t<\/div>\n\t\t<\/section>\n\t\t\t\t<\/div>","protected":false},"excerpt":{"rendered":"<p>Alte structuri Servicii Administrative Telefon: 021 316.16.46 Program de lucru: de luni p\u00e2n\u0103 vineri, \u00een zilele lucr\u0103toare, intervalul orar 08 \u2013 16. Registratur\u0103Simona BogdeaEmail: contact@univ.utm.ro Secretar GeneralLect.univ.dr. M\u0103d\u0103lina VoiculescuE-mail: secretariatgeneral@univ.utm.ro Biroul Acte de Studii\u015eef birou: Mariana ToaderE-mail: actestudii@univ.utm.ro Oficiul JuridicConsilier juridic: Maria Meri\u0219anE-mail: juridic@univ.utm.ro Direc\u021bia Tehnologia Informa\u021biei \u0219i Comunca\u021bii (Direc\u021bia IT&amp;C)Director IT&amp;C : Inf. Ec&#8230;.<\/p>","protected":false},"author":1,"featured_media":0,"parent":24370,"menu_order":0,"comment_status":"closed","ping_status":"closed","template":"","meta":{"footnotes":""},"class_list":["post-26558","page","type-page","status-publish","hentry"],"_links":{"self":[{"href":"https:\/\/site.utm.ro\/en\/wp-json\/wp\/v2\/pages\/26558","targetHints":{"allow":["GET"]}}],"collection":[{"href":"https:\/\/site.utm.ro\/en\/wp-json\/wp\/v2\/pages"}],"about":[{"href":"https:\/\/site.utm.ro\/en\/wp-json\/wp\/v2\/types\/page"}],"author":[{"embeddable":true,"href":"https:\/\/site.utm.ro\/en\/wp-json\/wp\/v2\/users\/1"}],"replies":[{"embeddable":true,"href":"https:\/\/site.utm.ro\/en\/wp-json\/wp\/v2\/comments?post=26558"}],"version-history":[{"count":0,"href":"https:\/\/site.utm.ro\/en\/wp-json\/wp\/v2\/pages\/26558\/revisions"}],"up":[{"embeddable":true,"href":"https:\/\/site.utm.ro\/en\/wp-json\/wp\/v2\/pages\/24370"}],"wp:attachment":[{"href":"https:\/\/site.utm.ro\/en\/wp-json\/wp\/v2\/media?parent=26558"}],"curies":[{"name":"wp","href":"https:\/\/api.w.org\/{rel}","templated":true}]}}