{"id":25356,"date":"2026-02-20T12:36:42","date_gmt":"2026-02-20T12:36:42","guid":{"rendered":"https:\/\/site.utm.ro\/?page_id=25356"},"modified":"2026-02-25T09:43:15","modified_gmt":"2026-02-25T09:43:15","slug":"establishment-and-accreditation","status":"publish","type":"page","link":"https:\/\/site.utm.ro\/en\/despre-utm\/infiintare-si-acreditare\/","title":{"rendered":"Establishment and accreditation"},"content":{"rendered":"<div data-elementor-type=\"wp-page\" data-elementor-id=\"25356\" class=\"elementor elementor-25356\" data-elementor-post-type=\"page\">\n\t\t\t\t\t\t<section class=\"elementor-section elementor-top-section elementor-element elementor-element-e181551 elementor-section-boxed elementor-section-height-default elementor-section-height-default\" data-id=\"e181551\" data-element_type=\"section\" data-e-type=\"section\">\n\t\t\t\t\t\t<div class=\"elementor-container elementor-column-gap-default\">\n\t\t\t\t\t<div class=\"elementor-column elementor-col-100 elementor-top-column elementor-element elementor-element-9d58481\" data-id=\"9d58481\" data-element_type=\"column\" data-e-type=\"column\">\n\t\t\t<div class=\"elementor-widget-wrap\">\n\t\t\t\t\t\t\t<\/div>\n\t\t<\/div>\n\t\t\t\t\t<\/div>\n\t\t<\/section>\n\t\t\t\t<section class=\"elementor-section elementor-top-section elementor-element elementor-element-70dbb5c elementor-section-height-min-height elementor-section-boxed elementor-section-height-default elementor-section-items-middle\" data-id=\"70dbb5c\" data-element_type=\"section\" data-e-type=\"section\" data-settings=\"{&quot;background_background&quot;:&quot;classic&quot;}\">\n\t\t\t\t\t\t\t<div class=\"elementor-background-overlay\"><\/div>\n\t\t\t\t\t\t\t<div class=\"elementor-container elementor-column-gap-default\">\n\t\t\t\t\t<div class=\"elementor-column elementor-col-100 elementor-top-column elementor-element elementor-element-e8fa6c7\" data-id=\"e8fa6c7\" data-element_type=\"column\" data-e-type=\"column\">\n\t\t\t<div class=\"elementor-widget-wrap\">\n\t\t\t\t\t\t\t<\/div>\n\t\t<\/div>\n\t\t\t\t\t<\/div>\n\t\t<\/section>\n\t\t\t\t<section class=\"elementor-section elementor-top-section elementor-element elementor-element-0302e68 elementor-section-boxed elementor-section-height-default elementor-section-height-default\" data-id=\"0302e68\" data-element_type=\"section\" data-e-type=\"section\">\n\t\t\t\t\t\t<div class=\"elementor-container elementor-column-gap-no\">\n\t\t\t\t\t<div class=\"elementor-column elementor-col-50 elementor-top-column elementor-element elementor-element-ceca64c animated-fast elementor-invisible\" data-id=\"ceca64c\" data-element_type=\"column\" data-e-type=\"column\" data-settings=\"{&quot;background_background&quot;:&quot;classic&quot;,&quot;animation&quot;:&quot;fadeIn&quot;,&quot;animation_tablet&quot;:&quot;none&quot;,&quot;animation_mobile&quot;:&quot;none&quot;,&quot;animation_delay&quot;:100}\">\n\t\t\t<div class=\"elementor-widget-wrap elementor-element-populated\">\n\t\t\t\t\t\t<div class=\"elementor-element elementor-element-0ca8f38 elementor-widget elementor-widget-heading\" data-id=\"0ca8f38\" data-element_type=\"widget\" data-e-type=\"widget\" data-widget_type=\"heading.default\">\n\t\t\t\t<div class=\"elementor-widget-container\">\n\t\t\t\t\t<h2 class=\"elementor-heading-title elementor-size-default\">Establishment and accreditation<\/h2>\t\t\t\t<\/div>\n\t\t\t\t<\/div>\n\t\t\t\t\t<\/div>\n\t\t<\/div>\n\t\t\t\t<div class=\"elementor-column elementor-col-50 elementor-top-column elementor-element elementor-element-2c6b49b elementor-hidden-desktop elementor-hidden-tablet elementor-hidden-phone\" data-id=\"2c6b49b\" data-element_type=\"column\" data-e-type=\"column\">\n\t\t\t<div class=\"elementor-widget-wrap\">\n\t\t\t\t\t\t\t<\/div>\n\t\t<\/div>\n\t\t\t\t\t<\/div>\n\t\t<\/section>\n\t\t\t\t<section class=\"elementor-section elementor-top-section elementor-element elementor-element-f7fb1e7 elementor-section-content-middle elementor-section-boxed elementor-section-height-default elementor-section-height-default\" data-id=\"f7fb1e7\" data-element_type=\"section\" data-e-type=\"section\" data-settings=\"{&quot;animation&quot;:&quot;none&quot;,&quot;animation_tablet&quot;:&quot;none&quot;,&quot;animation_mobile&quot;:&quot;none&quot;,&quot;animation_delay&quot;:200}\">\n\t\t\t\t\t\t<div class=\"elementor-container elementor-column-gap-no\">\n\t\t\t\t\t<div class=\"elementor-column elementor-col-33 elementor-top-column elementor-element elementor-element-2037ee6\" data-id=\"2037ee6\" data-element_type=\"column\" data-e-type=\"column\">\n\t\t\t<div class=\"elementor-widget-wrap elementor-element-populated\">\n\t\t\t\t\t\t<div class=\"elementor-element elementor-element-197b519 elementor-widget__width-auto elementor-widget elementor-widget-heading\" data-id=\"197b519\" data-element_type=\"widget\" data-e-type=\"widget\" data-widget_type=\"heading.default\">\n\t\t\t\t<div class=\"elementor-widget-container\">\n\t\t\t\t\t<h1 class=\"elementor-heading-title elementor-size-default\">35+<\/h1>\t\t\t\t<\/div>\n\t\t\t\t<\/div>\n\t\t\t\t\t<\/div>\n\t\t<\/div>\n\t\t\t\t<div class=\"elementor-column elementor-col-66 elementor-top-column elementor-element elementor-element-3eb0580\" data-id=\"3eb0580\" data-element_type=\"column\" data-e-type=\"column\">\n\t\t\t<div class=\"elementor-widget-wrap elementor-element-populated\">\n\t\t\t\t\t\t<div class=\"elementor-element elementor-element-16803e6 elementor-widget__width-initial elementor-widget-tablet__width-inherit elementor-widget elementor-widget-heading\" data-id=\"16803e6\" data-element_type=\"widget\" data-e-type=\"widget\" data-widget_type=\"heading.default\">\n\t\t\t\t<div class=\"elementor-widget-container\">\n\t\t\t\t\t<h2 class=\"elementor-heading-title elementor-size-default\">Ani de istorie \u0219i educa\u021bie<\/h2>\t\t\t\t<\/div>\n\t\t\t\t<\/div>\n\t\t\t\t\t<\/div>\n\t\t<\/div>\n\t\t\t\t\t<\/div>\n\t\t<\/section>\n\t\t\t\t<section class=\"elementor-section elementor-top-section elementor-element elementor-element-770a085 elementor-section-boxed elementor-section-height-default elementor-section-height-default\" data-id=\"770a085\" data-element_type=\"section\" data-e-type=\"section\">\n\t\t\t\t\t\t<div class=\"elementor-container elementor-column-gap-default\">\n\t\t\t\t\t<div class=\"elementor-column elementor-col-100 elementor-top-column elementor-element elementor-element-2e9aa42\" data-id=\"2e9aa42\" data-element_type=\"column\" data-e-type=\"column\">\n\t\t\t<div class=\"elementor-widget-wrap elementor-element-populated\">\n\t\t\t\t\t\t<div class=\"elementor-element elementor-element-7eea524 elementor-widget elementor-widget-text-editor\" data-id=\"7eea524\" data-element_type=\"widget\" data-e-type=\"widget\" data-settings=\"{&quot;_animation&quot;:&quot;none&quot;,&quot;_animation_tablet&quot;:&quot;none&quot;,&quot;_animation_delay&quot;:300}\" data-widget_type=\"text-editor.default\">\n\t\t\t\t<div class=\"elementor-widget-container\">\n\t\t\t\t\t\t\t\t\t<ul><li><a href=\"\/wp-content\/uploads\/2026\/02\/sentinta_infiintare.pdf\">Sentin\u021ba de \u00eenfiin\u021bare nr. 59\/25.01.1991<\/a><\/li><li><a href=\"\/wp-content\/uploads\/2026\/02\/legea_239.pdf\">Legea nr. 239\/23.04.2002 privind \u00eenfiin\u0163area Universit\u0103\u0163ii \u201cTitu Maiorescu\u201d din Bucure\u015fti<\/a><\/li><li><a href=\"\/wp-content\/uploads\/2026\/02\/hg_707.pdf\">Hot\u0103r\u00e2rea Guvernului nr. 707 \/2012 pentru aprobarea Nomenclatorului domeniilor \u0219i al specializ\u0103rilor\/programelor de studii universitare acreditate sau autorizate s\u0103 func\u021bioneze provizoriu, a loca\u021biilor geografice de desf\u0103\u0219urare, a num\u0103rului de credite de studii transferabile pentru fiecare program de studii universitare, form\u0103 de \u00eenv\u0103\u021b\u0103m\u00e2nt \u0219i limb\u0103 de predare, precum \u0219i a num\u0103rului maxim de studen\u021bi care pot fi \u0219colariza\u021bi \u00een anul universitar 2012 \u2013 2013<\/a><\/li><li><a href=\"\/wp-content\/uploads\/2026\/02\/om_4945.pdf\">Ordinul MECTS\u00a0nr. 4945\/31.07.2012 privind domeniile \u015fi programele de studii universitare de masterat evaluate de Agen\u0163ia Rom\u00e2n\u0103 de Asigurare a Calit\u0103\u0163ii \u00een \u00cenv\u0103\u0163\u0103m\u00e2ntul Superior organizate \u00een cadrul institu\u0163iilor de \u00eenv\u0103\u0163\u0103m\u00e2nt superior<\/a><\/li><li><a href=\"https:\/\/www.utm.ro\/wp-content\/uploads\/2017\/03\/om_5823.pdf\" target=\"_blank\" rel=\"noopener\">Ordinul MECTS\u00a0nr. 5823\/26.09.2012 pentru modificarea \u015fi completarea Ordinului ministrului educa\u0163iei, cercet\u0103rii, tineretului \u015fi sportului nr. 4.945\/2012 privind domeniile \u015fi programele de studii universitare de masterat evaluate de Agen\u0163ia Rom\u00e2n\u0103 de Asigurare a Calit\u0103\u0163ii \u00een \u00cenv\u0103\u0163\u0103m\u00e2ntul Superior organizate \u00een cadrul institu\u0163iilor de \u00eenv\u0103\u0163\u0103m\u00e2nt superior<\/a><\/li><li><a href=\"\/wp-content\/uploads\/2026\/02\/om_4632.pdf\">Ordinul\u00a0MEC nr. 4632\/07.09.2004 privind acordarea calit\u0103\u0163ii de Institu\u0163ie Organizatoare de Doctorat Universit\u0103\u0163ii Titu Maiorescu din Bucure\u015fti \u00een domeniul Medicin\u0103 Dentar\u0103<\/a><\/li><li><a href=\"\/wp-content\/uploads\/2026\/02\/om_5199.pdf\">Ordinul MECI nr. 5199\/21.09.2009 privind acordarea calit\u0103\u0163ii de Institu\u0163ie Organizatoare de Studii Universitare de Doctorat (IOSUD) Universitatii Titu Maiorescu din Bucure\u015fti \u00een domeniul Drept\u00a0<\/a><\/li><\/ul>\t\t\t\t\t\t\t\t<\/div>\n\t\t\t\t<\/div>\n\t\t\t\t\t<\/div>\n\t\t<\/div>\n\t\t\t\t\t<\/div>\n\t\t<\/section>\n\t\t\t\t<\/div>","protected":false},"excerpt":{"rendered":"<p>\u00cenfiin\u021bare \u0219i acreditare 35+ Ani de istorie \u0219i educa\u021bie Sentin\u021ba de \u00eenfiin\u021bare nr. 59\/25.01.1991 Legea nr. 239\/23.04.2002 privind \u00eenfiin\u0163area Universit\u0103\u0163ii \u201cTitu Maiorescu\u201d din Bucure\u015fti Hot\u0103r\u00e2rea Guvernului nr. 707 \/2012 pentru aprobarea Nomenclatorului domeniilor \u0219i al specializ\u0103rilor\/programelor de studii universitare acreditate sau autorizate s\u0103 func\u021bioneze provizoriu, a loca\u021biilor geografice de desf\u0103\u0219urare, a num\u0103rului de credite de&#8230;<\/p>","protected":false},"author":1,"featured_media":0,"parent":24370,"menu_order":0,"comment_status":"closed","ping_status":"closed","template":"","meta":{"footnotes":""},"class_list":["post-25356","page","type-page","status-publish","hentry"],"_links":{"self":[{"href":"https:\/\/site.utm.ro\/en\/wp-json\/wp\/v2\/pages\/25356","targetHints":{"allow":["GET"]}}],"collection":[{"href":"https:\/\/site.utm.ro\/en\/wp-json\/wp\/v2\/pages"}],"about":[{"href":"https:\/\/site.utm.ro\/en\/wp-json\/wp\/v2\/types\/page"}],"author":[{"embeddable":true,"href":"https:\/\/site.utm.ro\/en\/wp-json\/wp\/v2\/users\/1"}],"replies":[{"embeddable":true,"href":"https:\/\/site.utm.ro\/en\/wp-json\/wp\/v2\/comments?post=25356"}],"version-history":[{"count":0,"href":"https:\/\/site.utm.ro\/en\/wp-json\/wp\/v2\/pages\/25356\/revisions"}],"up":[{"embeddable":true,"href":"https:\/\/site.utm.ro\/en\/wp-json\/wp\/v2\/pages\/24370"}],"wp:attachment":[{"href":"https:\/\/site.utm.ro\/en\/wp-json\/wp\/v2\/media?parent=25356"}],"curies":[{"name":"wp","href":"https:\/\/api.w.org\/{rel}","templated":true}]}}