{"id":25355,"date":"2026-02-20T12:39:10","date_gmt":"2026-02-20T12:39:10","guid":{"rendered":"https:\/\/site.utm.ro\/?page_id=25355"},"modified":"2026-03-23T12:00:57","modified_gmt":"2026-03-23T12:00:57","slug":"cuvantul-rectorului","status":"publish","type":"page","link":"https:\/\/site.utm.ro\/en\/despre-utm\/cuvantul-rectorului\/","title":{"rendered":"Cuv\u00e2ntul Rectorului"},"content":{"rendered":"<div data-elementor-type=\"wp-page\" data-elementor-id=\"25355\" class=\"elementor elementor-25355\" data-elementor-post-type=\"page\">\n\t\t\t\t\t\t<section class=\"elementor-section elementor-top-section elementor-element elementor-element-4c39463 elementor-section-boxed elementor-section-height-default elementor-section-height-default\" data-id=\"4c39463\" data-element_type=\"section\" data-e-type=\"section\">\n\t\t\t\t\t\t<div class=\"elementor-container elementor-column-gap-default\">\n\t\t\t\t\t<div class=\"elementor-column elementor-col-100 elementor-top-column elementor-element elementor-element-e6066f3\" data-id=\"e6066f3\" data-element_type=\"column\" data-e-type=\"column\">\n\t\t\t<div class=\"elementor-widget-wrap\">\n\t\t\t\t\t\t\t<\/div>\n\t\t<\/div>\n\t\t\t\t\t<\/div>\n\t\t<\/section>\n\t\t\t\t<section class=\"elementor-section elementor-top-section elementor-element elementor-element-9d81ae5 elementor-section-height-min-height elementor-section-boxed elementor-section-height-default elementor-section-items-middle\" data-id=\"9d81ae5\" data-element_type=\"section\" data-e-type=\"section\" data-settings=\"{&quot;background_background&quot;:&quot;classic&quot;}\">\n\t\t\t\t\t\t\t<div class=\"elementor-background-overlay\"><\/div>\n\t\t\t\t\t\t\t<div class=\"elementor-container elementor-column-gap-default\">\n\t\t\t\t\t<div class=\"elementor-column elementor-col-100 elementor-top-column elementor-element elementor-element-9352157\" data-id=\"9352157\" data-element_type=\"column\" data-e-type=\"column\">\n\t\t\t<div class=\"elementor-widget-wrap\">\n\t\t\t\t\t\t\t<\/div>\n\t\t<\/div>\n\t\t\t\t\t<\/div>\n\t\t<\/section>\n\t\t\t\t<section class=\"elementor-section elementor-top-section elementor-element elementor-element-db0e564 elementor-section-boxed elementor-section-height-default elementor-section-height-default\" data-id=\"db0e564\" data-element_type=\"section\" data-e-type=\"section\">\n\t\t\t\t\t\t<div class=\"elementor-container elementor-column-gap-no\">\n\t\t\t\t\t<div class=\"elementor-column elementor-col-50 elementor-top-column elementor-element elementor-element-6c80b7b animated-fast elementor-invisible\" data-id=\"6c80b7b\" data-element_type=\"column\" data-e-type=\"column\" data-settings=\"{&quot;background_background&quot;:&quot;classic&quot;,&quot;animation&quot;:&quot;fadeIn&quot;,&quot;animation_tablet&quot;:&quot;none&quot;,&quot;animation_mobile&quot;:&quot;none&quot;,&quot;animation_delay&quot;:100}\">\n\t\t\t<div class=\"elementor-widget-wrap elementor-element-populated\">\n\t\t\t\t\t\t<div class=\"elementor-element elementor-element-c68ae2e elementor-widget elementor-widget-heading\" data-id=\"c68ae2e\" data-element_type=\"widget\" data-e-type=\"widget\" data-widget_type=\"heading.default\">\n\t\t\t\t<div class=\"elementor-widget-container\">\n\t\t\t\t\t<h2 class=\"elementor-heading-title elementor-size-default\">Rector's word<\/h2>\t\t\t\t<\/div>\n\t\t\t\t<\/div>\n\t\t\t\t\t<\/div>\n\t\t<\/div>\n\t\t\t\t<div class=\"elementor-column elementor-col-50 elementor-top-column elementor-element elementor-element-983ef7f elementor-hidden-desktop elementor-hidden-tablet elementor-hidden-phone\" data-id=\"983ef7f\" data-element_type=\"column\" data-e-type=\"column\">\n\t\t\t<div class=\"elementor-widget-wrap\">\n\t\t\t\t\t\t\t<\/div>\n\t\t<\/div>\n\t\t\t\t\t<\/div>\n\t\t<\/section>\n\t\t\t\t<section class=\"elementor-section elementor-top-section elementor-element elementor-element-e910c1d elementor-section-content-middle elementor-section-boxed elementor-section-height-default elementor-section-height-default\" data-id=\"e910c1d\" data-element_type=\"section\" data-e-type=\"section\" data-settings=\"{&quot;animation&quot;:&quot;none&quot;,&quot;animation_tablet&quot;:&quot;none&quot;,&quot;animation_mobile&quot;:&quot;none&quot;,&quot;animation_delay&quot;:200}\">\n\t\t\t\t\t\t<div class=\"elementor-container elementor-column-gap-no\">\n\t\t\t\t\t<div class=\"elementor-column elementor-col-100 elementor-top-column elementor-element elementor-element-a95201b\" data-id=\"a95201b\" data-element_type=\"column\" data-e-type=\"column\">\n\t\t\t<div class=\"elementor-widget-wrap elementor-element-populated\">\n\t\t\t\t\t\t<div class=\"elementor-element elementor-element-33d6f4e elementor-widget__width-initial elementor-widget-tablet__width-inherit elementor-widget elementor-widget-heading\" data-id=\"33d6f4e\" data-element_type=\"widget\" data-e-type=\"widget\" data-widget_type=\"heading.default\">\n\t\t\t\t<div class=\"elementor-widget-container\">\n\t\t\t\t\t<h2 class=\"elementor-heading-title elementor-size-default\">Universitatea TITU MAIORESCU, un nume al succesului<\/h2>\t\t\t\t<\/div>\n\t\t\t\t<\/div>\n\t\t\t\t\t<\/div>\n\t\t<\/div>\n\t\t\t\t\t<\/div>\n\t\t<\/section>\n\t\t\t\t<section class=\"elementor-section elementor-top-section elementor-element elementor-element-5895ca3 elementor-section-boxed elementor-section-height-default elementor-section-height-default\" data-id=\"5895ca3\" data-element_type=\"section\" data-e-type=\"section\">\n\t\t\t\t\t\t<div class=\"elementor-container elementor-column-gap-default\">\n\t\t\t\t\t<div class=\"elementor-column elementor-col-50 elementor-top-column elementor-element elementor-element-c9062fc\" data-id=\"c9062fc\" data-element_type=\"column\" data-e-type=\"column\">\n\t\t\t<div class=\"elementor-widget-wrap elementor-element-populated\">\n\t\t\t\t\t\t<div class=\"elementor-element elementor-element-6b79c5f elementor-widget elementor-widget-text-editor\" data-id=\"6b79c5f\" data-element_type=\"widget\" data-e-type=\"widget\" data-settings=\"{&quot;_animation&quot;:&quot;none&quot;,&quot;_animation_tablet&quot;:&quot;none&quot;,&quot;_animation_delay&quot;:300}\" data-widget_type=\"text-editor.default\">\n\t\t\t\t<div class=\"elementor-widget-container\">\n\t\t\t\t\t\t\t\t\t<p>Apar\u021binem unei Universit\u0103\u021bi al c\u0103rei mesaj academic, profesional \u0219i social se vrea unul sonor. Universitatea noastr\u0103, prin denumire, este plasat\u0103 sub autoritatea spiritual\u0103 a lui Titu Maiorescu, p\u0103rintele culturii \u0219i civiliza\u021biei rom\u00e2ne\u0219ti moderne.<\/p><p>\u00cen cei 30 de ani de existen\u021b\u0103,\u00a0<strong>Titu Maiorescu University<\/strong>\u00a0a devenit una dintre universit\u0103\u021bile cu cele mai diversificate domenii \u015fi specializ\u0103ri cu programe de studii de licen\u0163\u0103, de masterat \u015fi de doctorat. Pe b\u0103ncile ei s-au format genera\u0163ii de studen\u0163i care \u0219i-au dezvoltat ulterior cariera profesional\u0103 \u00een domeniile: drept, medicin\u0103, medicin\u0103 dentar\u0103, farmacie, informatic\u0103, \u015ftiin\u0163e economice, psihologie, \u0219tiin\u021be ale comunic\u0103rii \u015fi rela\u0163ii interna\u0163ionale.<\/p><p>Viziunea Universit\u0103\u021bii Titu Maiorescu reprezint\u0103 capacitatea ei intrinsec\u0103 de a-\u0219i proiecta direc\u021bia dorit\u0103 de dezvoltare peste timp. Responsabilitatea major\u0103 a membrilor comunit\u0103\u021bii academice maioresciene este acea de a contura modul \u00een care Universitatea va ar\u0103ta \u0219i va func\u021biona, felul \u00een care va performa \u00een fa\u021ba provoc\u0103rilor educa\u021bionale \u0219i \u0219tiin\u021bifice.<\/p><p>\u00cencrederea \u00een viabilitatea proiectului pe care l-am propus \u00een programul managerial 2020-2024 provine din determinarea de a construi \u00eempreun\u0103 o Universitate pentru viitor. P\u0103str\u00e2nd tradi\u021bia, valorific\u00e2nd diversitatea \u0219i baz\u00e2ndu-ne pe efortul comun, cred c\u0103 este posibil ca aceast\u0103 construc\u021bie s\u0103 fie de mare succes.<\/p><p>Trebuie s\u0103 fim con\u0219tien\u021bi cu to\u021bii c\u0103 rolul nostru, al cadrelor didactice, \u00een via\u021ba studen\u021bilor \u0219i \u00een via\u021ba comunit\u0103\u021bii nu se suspend\u0103 \u0219i c\u0103 datoria noastr\u0103 fundamental\u0103 este aceea de a garanta dreptul la \u00eenv\u0103\u021b\u0103tur\u0103 \u0219i la educa\u021bie \u0219i \u00een acest\u0103 perioad\u0103 de excep\u021bionalitate, generat\u0103 de pandemia cu SARS-CoV-2. Cadrele didactice \u0219i studen\u021bii universit\u0103\u021bii noastre trebuie s\u0103 transforme aceast\u0103 perioad\u0103 \u00eentr-o experien\u021b\u0103 la finalul c\u0103reia s\u0103 ne reg\u0103sim cu to\u021bii mai \u00een\u021belep\u021bi \u0219i mai puternici.<\/p><p>Obiectivul nostru prioritar a fost \u0219i va r\u0103m\u00e2ne asigurarea excelen\u021bei \u00een educa\u021bie, cercetare \u0219i inovare. \u00cen acest mod putem accede la pozi\u021bia de lider na\u021bional recunoscut \u00een \u00eenv\u0103\u021b\u0103m\u00e2nt \u0219i \u00een cercetarea universitar\u0103.<\/p><h4 style=\"font-family: 'Libre Baskerville', sans-serif; font-weight: 400; line-height: 1.25; color: #343434; margin-top: 0px; margin-bottom: 0px; font-size: 18px; letter-spacing: normal; font-style: normal; font-variant-ligatures: normal; font-variant-caps: normal; text-transform: none; text-decoration-thickness: initial; text-decoration-style: initial; text-decoration-color: initial;\" align=\"right\"><span style=\"color: #0000ff;\"><strong><em>Cu pre\u021buire \u0219i aleas\u0103 considera\u021bie,<\/em><\/strong><\/span><\/h4><h4 style=\"font-family: 'Libre Baskerville', sans-serif; font-weight: 400; line-height: 1.25; color: #343434; margin-top: 0px; margin-bottom: 0px; font-size: 18px; letter-spacing: normal; font-style: normal; font-variant-ligatures: normal; font-variant-caps: normal; text-transform: none; text-decoration-thickness: initial; text-decoration-style: initial; text-decoration-color: initial;\" align=\"right\"><span style=\"color: #0000ff;\"><strong> <em>Prof. Univ. Dr. Daniel Cochior<\/em><\/strong><\/span><\/h4>\t\t\t\t\t\t\t\t<\/div>\n\t\t\t\t<\/div>\n\t\t\t\t\t<\/div>\n\t\t<\/div>\n\t\t\t\t<div class=\"elementor-column elementor-col-50 elementor-top-column elementor-element elementor-element-490387d\" data-id=\"490387d\" data-element_type=\"column\" data-e-type=\"column\">\n\t\t\t<div class=\"elementor-widget-wrap elementor-element-populated\">\n\t\t\t\t\t\t<div class=\"elementor-element elementor-element-4e3574d elementor-widget__width-initial elementor-widget elementor-widget-image\" data-id=\"4e3574d\" data-element_type=\"widget\" data-e-type=\"widget\" data-widget_type=\"image.default\">\n\t\t\t\t<div class=\"elementor-widget-container\">\n\t\t\t\t\t\t\t\t\t<div class=\"elementor-image\">\n\t\t\t\t\t\t\t\t\t\t\t\t\t\t\t\t\t\t\t\t\t<img decoding=\"async\" width=\"137\" height=\"200\" src=\"https:\/\/site.utm.ro\/wp-content\/uploads\/2026\/02\/Poza-Rector_3-1.webp\" class=\"attachment-large size-large wp-image-25447\" alt=\"\" \/>\t\t\t\t\t\t\t\t\t\t\t\t\t\t\t\t\t\t\t\t\t\t\t\t<\/div>\n\t\t\t\t\t\t\t\t<\/div>\n\t\t\t\t<\/div>\n\t\t\t\t<div class=\"elementor-element elementor-element-53b4e4a elementor-widget elementor-widget-text-editor\" data-id=\"53b4e4a\" data-element_type=\"widget\" data-e-type=\"widget\" data-settings=\"{&quot;_animation&quot;:&quot;none&quot;,&quot;_animation_tablet&quot;:&quot;none&quot;,&quot;_animation_delay&quot;:300}\" data-widget_type=\"text-editor.default\">\n\t\t\t\t<div class=\"elementor-widget-container\">\n\t\t\t\t\t\t\t\t\t<p style=\"text-align: center;\"><em>University Professor Dr. <\/em><em>Daniel Cochior<\/em><\/p>\t\t\t\t\t\t\t\t<\/div>\n\t\t\t\t<\/div>\n\t\t\t\t\t<\/div>\n\t\t<\/div>\n\t\t\t\t\t<\/div>\n\t\t<\/section>\n\t\t\t\t<\/div>","protected":false},"excerpt":{"rendered":"<p>Cuv\u00e2ntul rectorului Universitatea TITU MAIORESCU, un nume al succesului Apar\u021binem unei Universit\u0103\u021bi al c\u0103rei mesaj academic, profesional \u0219i social se vrea unul sonor. Universitatea noastr\u0103, prin denumire, este plasat\u0103 sub autoritatea spiritual\u0103 a lui Titu Maiorescu, p\u0103rintele culturii \u0219i civiliza\u021biei rom\u00e2ne\u0219ti moderne. \u00cen cei 30 de ani de existen\u021b\u0103,\u00a0Universitatea Titu Maiorescu\u00a0a devenit una dintre universit\u0103\u021bile&#8230;<\/p>","protected":false},"author":1,"featured_media":0,"parent":24370,"menu_order":0,"comment_status":"closed","ping_status":"closed","template":"","meta":{"footnotes":""},"class_list":["post-25355","page","type-page","status-publish","hentry"],"_links":{"self":[{"href":"https:\/\/site.utm.ro\/en\/wp-json\/wp\/v2\/pages\/25355","targetHints":{"allow":["GET"]}}],"collection":[{"href":"https:\/\/site.utm.ro\/en\/wp-json\/wp\/v2\/pages"}],"about":[{"href":"https:\/\/site.utm.ro\/en\/wp-json\/wp\/v2\/types\/page"}],"author":[{"embeddable":true,"href":"https:\/\/site.utm.ro\/en\/wp-json\/wp\/v2\/users\/1"}],"replies":[{"embeddable":true,"href":"https:\/\/site.utm.ro\/en\/wp-json\/wp\/v2\/comments?post=25355"}],"version-history":[{"count":0,"href":"https:\/\/site.utm.ro\/en\/wp-json\/wp\/v2\/pages\/25355\/revisions"}],"up":[{"embeddable":true,"href":"https:\/\/site.utm.ro\/en\/wp-json\/wp\/v2\/pages\/24370"}],"wp:attachment":[{"href":"https:\/\/site.utm.ro\/en\/wp-json\/wp\/v2\/media?parent=25355"}],"curies":[{"name":"wp","href":"https:\/\/api.w.org\/{rel}","templated":true}]}}