{"id":25354,"date":"2026-02-20T12:37:01","date_gmt":"2026-02-20T12:37:01","guid":{"rendered":"https:\/\/site.utm.ro\/?page_id=25354"},"modified":"2026-02-25T09:43:52","modified_gmt":"2026-02-25T09:43:52","slug":"cuvantul-presedintelui","status":"publish","type":"page","link":"https:\/\/site.utm.ro\/en\/despre-utm\/cuvantul-presedintelui\/","title":{"rendered":"Cuv\u00e2ntul Pre\u0219edintelui"},"content":{"rendered":"<div data-elementor-type=\"wp-page\" data-elementor-id=\"25354\" class=\"elementor elementor-25354\" data-elementor-post-type=\"page\">\n\t\t\t\t\t\t<section class=\"elementor-section elementor-top-section elementor-element elementor-element-ddbdb68 elementor-section-height-min-height elementor-section-boxed elementor-section-height-default elementor-section-items-middle\" data-id=\"ddbdb68\" data-element_type=\"section\" data-e-type=\"section\" data-settings=\"{&quot;background_background&quot;:&quot;classic&quot;}\">\n\t\t\t\t\t\t\t<div class=\"elementor-background-overlay\"><\/div>\n\t\t\t\t\t\t\t<div class=\"elementor-container elementor-column-gap-default\">\n\t\t\t\t\t<div class=\"elementor-column elementor-col-100 elementor-top-column elementor-element elementor-element-f9befec\" data-id=\"f9befec\" data-element_type=\"column\" data-e-type=\"column\">\n\t\t\t<div class=\"elementor-widget-wrap\">\n\t\t\t\t\t\t\t<\/div>\n\t\t<\/div>\n\t\t\t\t\t<\/div>\n\t\t<\/section>\n\t\t\t\t<section class=\"elementor-section elementor-top-section elementor-element elementor-element-594ed58 elementor-section-boxed elementor-section-height-default elementor-section-height-default\" data-id=\"594ed58\" data-element_type=\"section\" data-e-type=\"section\">\n\t\t\t\t\t\t<div class=\"elementor-container elementor-column-gap-no\">\n\t\t\t\t\t<div class=\"elementor-column elementor-col-50 elementor-top-column elementor-element elementor-element-cfd803e animated-fast elementor-invisible\" data-id=\"cfd803e\" data-element_type=\"column\" data-e-type=\"column\" data-settings=\"{&quot;background_background&quot;:&quot;classic&quot;,&quot;animation&quot;:&quot;fadeIn&quot;,&quot;animation_tablet&quot;:&quot;none&quot;,&quot;animation_mobile&quot;:&quot;none&quot;,&quot;animation_delay&quot;:100}\">\n\t\t\t<div class=\"elementor-widget-wrap elementor-element-populated\">\n\t\t\t\t\t\t<div class=\"elementor-element elementor-element-0654752 elementor-widget elementor-widget-heading\" data-id=\"0654752\" data-element_type=\"widget\" data-e-type=\"widget\" data-widget_type=\"heading.default\">\n\t\t\t\t<div class=\"elementor-widget-container\">\n\t\t\t\t\t<h2 class=\"elementor-heading-title elementor-size-default\">Word from the President<\/h2>\t\t\t\t<\/div>\n\t\t\t\t<\/div>\n\t\t\t\t\t<\/div>\n\t\t<\/div>\n\t\t\t\t<div class=\"elementor-column elementor-col-50 elementor-top-column elementor-element elementor-element-8e0ad68 elementor-hidden-desktop elementor-hidden-tablet elementor-hidden-phone\" data-id=\"8e0ad68\" data-element_type=\"column\" data-e-type=\"column\">\n\t\t\t<div class=\"elementor-widget-wrap\">\n\t\t\t\t\t\t\t<\/div>\n\t\t<\/div>\n\t\t\t\t\t<\/div>\n\t\t<\/section>\n\t\t\t\t<section class=\"elementor-section elementor-top-section elementor-element elementor-element-a3fbfa2 elementor-section-content-middle elementor-section-boxed elementor-section-height-default elementor-section-height-default\" data-id=\"a3fbfa2\" data-element_type=\"section\" data-e-type=\"section\" data-settings=\"{&quot;animation&quot;:&quot;none&quot;,&quot;animation_tablet&quot;:&quot;none&quot;,&quot;animation_mobile&quot;:&quot;none&quot;,&quot;animation_delay&quot;:200}\">\n\t\t\t\t\t\t<div class=\"elementor-container elementor-column-gap-no\">\n\t\t\t\t\t<div class=\"elementor-column elementor-col-100 elementor-top-column elementor-element elementor-element-145ffa5\" data-id=\"145ffa5\" data-element_type=\"column\" data-e-type=\"column\">\n\t\t\t<div class=\"elementor-widget-wrap elementor-element-populated\">\n\t\t\t\t\t\t<div class=\"elementor-element elementor-element-44b26c3 elementor-widget__width-initial elementor-widget-tablet__width-inherit elementor-widget elementor-widget-heading\" data-id=\"44b26c3\" data-element_type=\"widget\" data-e-type=\"widget\" data-widget_type=\"heading.default\">\n\t\t\t\t<div class=\"elementor-widget-container\">\n\t\t\t\t\t<h2 class=\"elementor-heading-title elementor-size-default\">Universitatea TITU MAIORESCU, un nume al succesului<\/h2>\t\t\t\t<\/div>\n\t\t\t\t<\/div>\n\t\t\t\t\t<\/div>\n\t\t<\/div>\n\t\t\t\t\t<\/div>\n\t\t<\/section>\n\t\t\t\t<section class=\"elementor-section elementor-top-section elementor-element elementor-element-230ab59 elementor-section-boxed elementor-section-height-default elementor-section-height-default\" data-id=\"230ab59\" data-element_type=\"section\" data-e-type=\"section\">\n\t\t\t\t\t\t<div class=\"elementor-container elementor-column-gap-default\">\n\t\t\t\t\t<div class=\"elementor-column elementor-col-50 elementor-top-column elementor-element elementor-element-51fd8bb\" data-id=\"51fd8bb\" data-element_type=\"column\" data-e-type=\"column\">\n\t\t\t<div class=\"elementor-widget-wrap elementor-element-populated\">\n\t\t\t\t\t\t<div class=\"elementor-element elementor-element-f8dd331 elementor-widget elementor-widget-text-editor\" data-id=\"f8dd331\" data-element_type=\"widget\" data-e-type=\"widget\" data-settings=\"{&quot;_animation&quot;:&quot;none&quot;,&quot;_animation_tablet&quot;:&quot;none&quot;,&quot;_animation_delay&quot;:300}\" data-widget_type=\"text-editor.default\">\n\t\t\t\t<div class=\"elementor-widget-container\">\n\t\t\t\t\t\t\t\t\t<p>Construit\u0103 dup\u0103 modelul bolognez al universit\u0103\u0163ii clasice, prin cultivarea calit\u0103\u0163ii \u015fi a performan\u0163ei \u00een educa\u0163ie, prin exigen\u0163\u0103 \u015fi rigoare academic\u0103, Universitatea este ast\u0103zi o institu\u0163ie de voca\u0163ie \u015fi anvergur\u0103 european\u0103, recunoscut\u0103 ca atare \u00een spa\u0163iul \u00eenv\u0103\u0163\u0103m\u00e2ntului superior rom\u00e2nesc \u015fi \u00een Europa.<\/p>\n<p><\/p><p>Universitatea desf\u0103\u015foar\u0103 \u00eenv\u0103\u0163\u0103m\u00e2nt modern, de calitate, performant, competitiv \u015fi pragmatic, rela\u0163ionat direct cu mediul economic \u015fi pia\u0163a for\u0163ei de munc\u0103, urm\u0103rind atingerea excelen\u0163ei \u00een cercetare \u015ftiin\u0163ific\u0103, proces cu miz\u0103 uria\u015f\u0103 \u00een condi\u0163iile concuren\u0163ei globale.<\/p>\n<p>O prioritate de \u00eensemn\u0103tate cardinal\u0103 a viziunii noastre manageriale o reprezint\u0103 devenirea Universit\u0103\u0163ii ca institu\u0163ie a creativit\u0103\u0163ii \u015fi inova\u0163iei pentru Europa Cunoa\u015fterii.<\/p><p><br><\/p>\n<div style=\"font-style: normal; font-variant-ligatures: normal; font-variant-caps: normal; font-weight: 400; font-size: 18px; font-family: Inter, sans-serif; align-self: auto; flex: 0 1 auto; order: 0; --widgets-spacing: 20px 20px; --widgets-spacing-row: 20px; --widgets-spacing-column: 20px; width: 797.992px;\" data-id=\"c9062fc\" data-element_type=\"column\" data-e-type=\"column\">\n<div style=\"padding: 10px; width: 797.992px; padding-block: 0px; padding-inline: 0px;\">\n<div style=\"align-self: auto; flex: 0 1 auto; order: 0; place-content: normal; align-items: normal; flex-flow: row; gap: normal; --widgets-spacing: 20px 20px; --widgets-spacing-row: 20px; --widgets-spacing-column: 20px; width: 797.992px;\" data-id=\"6b79c5f\" data-element_type=\"widget\" data-e-type=\"widget\" data-settings=\"{&quot;_animation&quot;:&quot;none&quot;,&quot;_animation_tablet&quot;:&quot;none&quot;,&quot;_animation_delay&quot;:300}\" data-widget_type=\"text-editor.default\">\n<div style=\"transition: background 0.3s, border 0.3s, border-radius 0.3s, box-shadow 0.3s, transform 0.4s;\">\n<h4 style=\"margin-top: 0px; margin-bottom: 0px; font: 400 18px \/ 1.25 'Libre Baskerville', sans-serif; letter-spacing: normal; text-transform: none; text-decoration: none; color: #343434;\" align=\"right\"><span style=\"color: #0000ff;\"><span style=\"font-weight: bold;\"><em>Cu pre\u021buire \u0219i aleas\u0103 considera\u021bie,<\/em><\/span><\/span><\/h4>\n<h4 style=\"margin-top: 0px; margin-bottom: 0px; font: 400 18px \/ 1.25 'Libre Baskerville', sans-serif; letter-spacing: normal; text-transform: none; text-decoration: none; color: #343434;\" align=\"right\"><span style=\"color: #0000ff;\"><span style=\"font-weight: bold;\"><em>Prof. Univ. Dr. Iosif R. URS<\/em><\/span><\/span><\/h4>\n<\/div>\n<\/div>\n<\/div>\n<\/div>\t\t\t\t\t\t\t\t<\/div>\n\t\t\t\t<\/div>\n\t\t\t\t\t<\/div>\n\t\t<\/div>\n\t\t\t\t<div class=\"elementor-column elementor-col-50 elementor-top-column elementor-element elementor-element-6306999\" data-id=\"6306999\" data-element_type=\"column\" data-e-type=\"column\">\n\t\t\t<div class=\"elementor-widget-wrap elementor-element-populated\">\n\t\t\t\t\t\t<div class=\"elementor-element elementor-element-fec668c elementor-widget__width-initial elementor-widget elementor-widget-image\" data-id=\"fec668c\" data-element_type=\"widget\" data-e-type=\"widget\" data-widget_type=\"image.default\">\n\t\t\t\t<div class=\"elementor-widget-container\">\n\t\t\t\t\t\t\t\t\t<div class=\"elementor-image\">\n\t\t\t\t\t\t\t\t\t\t\t\t\t\t\t\t\t\t\t\t\t<img decoding=\"async\" width=\"134\" height=\"200\" src=\"https:\/\/site.utm.ro\/wp-content\/uploads\/2026\/02\/iosif_urs.webp\" class=\"attachment-large size-large wp-image-25431\" alt=\"\" \/>\t\t\t\t\t\t\t\t\t\t\t\t\t\t\t\t\t\t\t\t\t\t\t\t<\/div>\n\t\t\t\t\t\t\t\t<\/div>\n\t\t\t\t<\/div>\n\t\t\t\t<div class=\"elementor-element elementor-element-f616a8d elementor-widget elementor-widget-text-editor\" data-id=\"f616a8d\" data-element_type=\"widget\" data-e-type=\"widget\" data-settings=\"{&quot;_animation&quot;:&quot;none&quot;,&quot;_animation_tablet&quot;:&quot;none&quot;,&quot;_animation_delay&quot;:300}\" data-widget_type=\"text-editor.default\">\n\t\t\t\t<div class=\"elementor-widget-container\">\n\t\t\t\t\t\t\t\t\t<p><em>Prof.univ.dr. Iosif R. URS<\/em><\/p>\t\t\t\t\t\t\t\t<\/div>\n\t\t\t\t<\/div>\n\t\t\t\t\t<\/div>\n\t\t<\/div>\n\t\t\t\t\t<\/div>\n\t\t<\/section>\n\t\t\t\t<\/div>","protected":false},"excerpt":{"rendered":"<p>Cuv\u00e2ntul pre\u0219edintelui Universitatea TITU MAIORESCU, un nume al succesului Construit\u0103 dup\u0103 modelul bolognez al universit\u0103\u0163ii clasice, prin cultivarea calit\u0103\u0163ii \u015fi a performan\u0163ei \u00een educa\u0163ie, prin exigen\u0163\u0103 \u015fi rigoare academic\u0103, Universitatea este ast\u0103zi o institu\u0163ie de voca\u0163ie \u015fi anvergur\u0103 european\u0103, recunoscut\u0103 ca atare \u00een spa\u0163iul \u00eenv\u0103\u0163\u0103m\u00e2ntului superior rom\u00e2nesc \u015fi \u00een Europa. Universitatea desf\u0103\u015foar\u0103 \u00eenv\u0103\u0163\u0103m\u00e2nt modern, de&#8230;<\/p>","protected":false},"author":1,"featured_media":0,"parent":24370,"menu_order":0,"comment_status":"closed","ping_status":"closed","template":"","meta":{"footnotes":""},"class_list":["post-25354","page","type-page","status-publish","hentry"],"_links":{"self":[{"href":"https:\/\/site.utm.ro\/en\/wp-json\/wp\/v2\/pages\/25354","targetHints":{"allow":["GET"]}}],"collection":[{"href":"https:\/\/site.utm.ro\/en\/wp-json\/wp\/v2\/pages"}],"about":[{"href":"https:\/\/site.utm.ro\/en\/wp-json\/wp\/v2\/types\/page"}],"author":[{"embeddable":true,"href":"https:\/\/site.utm.ro\/en\/wp-json\/wp\/v2\/users\/1"}],"replies":[{"embeddable":true,"href":"https:\/\/site.utm.ro\/en\/wp-json\/wp\/v2\/comments?post=25354"}],"version-history":[{"count":0,"href":"https:\/\/site.utm.ro\/en\/wp-json\/wp\/v2\/pages\/25354\/revisions"}],"up":[{"embeddable":true,"href":"https:\/\/site.utm.ro\/en\/wp-json\/wp\/v2\/pages\/24370"}],"wp:attachment":[{"href":"https:\/\/site.utm.ro\/en\/wp-json\/wp\/v2\/media?parent=25354"}],"curies":[{"name":"wp","href":"https:\/\/api.w.org\/{rel}","templated":true}]}}