{"id":25004,"date":"2026-02-17T10:35:27","date_gmt":"2026-02-17T10:35:27","guid":{"rendered":"https:\/\/site.utm.ro\/?page_id=25004"},"modified":"2026-03-17T13:08:56","modified_gmt":"2026-03-17T13:08:56","slug":"facultatea-de-asistenta-medicala-tg-jiu","status":"publish","type":"page","link":"https:\/\/site.utm.ro\/en\/facultatea-de-asistenta-medicala-tg-jiu\/","title":{"rendered":"Facultatea de Asistenta Medicala Tg Jiu"},"content":{"rendered":"<div data-elementor-type=\"wp-page\" data-elementor-id=\"25004\" class=\"elementor elementor-25004\" data-elementor-post-type=\"page\">\n\t\t\t\t\t\t<section class=\"elementor-section elementor-top-section elementor-element elementor-element-c3cec2f elementor-section-full_width elementor-section-height-default elementor-section-height-default\" data-id=\"c3cec2f\" data-element_type=\"section\" data-e-type=\"section\">\n\t\t\t\t\t\t<div class=\"elementor-container elementor-column-gap-default\">\n\t\t\t\t\t<div class=\"elementor-column elementor-col-100 elementor-top-column elementor-element elementor-element-31e9079\" data-id=\"31e9079\" data-element_type=\"column\" data-e-type=\"column\">\n\t\t\t<div class=\"elementor-widget-wrap elementor-element-populated\">\n\t\t\t\t\t\t<div class=\"elementor-element elementor-element-ead7223 elementor-widget elementor-widget-template\" data-id=\"ead7223\" data-element_type=\"widget\" data-e-type=\"widget\" data-widget_type=\"template.default\">\n\t\t\t\t<div class=\"elementor-widget-container\">\n\t\t\t\t\t\t\t<div class=\"elementor-template\">\n\t\t\t\t\t<div data-elementor-type=\"section\" data-elementor-id=\"37278\" class=\"elementor elementor-37278\" data-elementor-post-type=\"elementor_library\">\n\t\t\t\t\t<section class=\"elementor-section elementor-top-section elementor-element elementor-element-30b361f4 elementor-section-full_width elementor-section-height-default elementor-section-height-default\" data-id=\"30b361f4\" data-element_type=\"section\" data-e-type=\"section\">\n\t\t\t\t\t\t<div class=\"elementor-container elementor-column-gap-default\">\n\t\t\t\t\t<div class=\"elementor-column elementor-col-100 elementor-top-column elementor-element elementor-element-170f6fff\" data-id=\"170f6fff\" data-element_type=\"column\" data-e-type=\"column\">\n\t\t\t<div class=\"elementor-widget-wrap elementor-element-populated\">\n\t\t\t\t\t\t<div class=\"elementor-element elementor-element-224e85d9 elementor--h-position-center elementor--v-position-middle elementor-pagination-position-inside elementor-widget elementor-widget-slides\" data-id=\"224e85d9\" data-element_type=\"widget\" data-e-type=\"widget\" data-settings=\"{&quot;navigation&quot;:&quot;dots&quot;,&quot;autoplay&quot;:&quot;yes&quot;,&quot;pause_on_hover&quot;:&quot;yes&quot;,&quot;pause_on_interaction&quot;:&quot;yes&quot;,&quot;autoplay_speed&quot;:5000,&quot;infinite&quot;:&quot;yes&quot;,&quot;transition&quot;:&quot;slide&quot;,&quot;transition_speed&quot;:500}\" data-widget_type=\"slides.default\">\n\t\t\t\t<div class=\"elementor-widget-container\">\n\t\t\t\t\t\t\t\t<div class=\"elementor-swiper\">\n\t\t\t\t<div class=\"elementor-slides-wrapper elementor-main-swiper swiper-container\" dir=\"ltr\" data-animation=\"fadeInUp\">\n\t\t\t\t\t<div class=\"swiper-wrapper elementor-slides\">\n\t\t\t\t\t\t\t\t\t\t\t\t<div class=\"elementor-repeater-item-301adab swiper-slide\"><div class=\"swiper-slide-bg\" role=\"img\"><\/div><div class=\"swiper-slide-inner\" ><div class=\"swiper-slide-contents\"><\/div><\/div><\/div>\t\t\t\t\t<\/div>\n\t\t\t\t\t\t\t\t\t<\/div>\n\t\t\t<\/div>\n\t\t\t\t\t\t\t<\/div>\n\t\t\t\t<\/div>\n\t\t\t\t\t<\/div>\n\t\t<\/div>\n\t\t\t\t\t<\/div>\n\t\t<\/section>\n\t\t\t\t<\/div>\n\t\t\t\t<\/div>\n\t\t\t\t\t\t<\/div>\n\t\t\t\t<\/div>\n\t\t\t\t\t<\/div>\n\t\t<\/div>\n\t\t\t\t\t<\/div>\n\t\t<\/section>\n\t\t\t\t<section class=\"elementor-section elementor-top-section elementor-element elementor-element-6fd4297 elementor-section-boxed elementor-section-height-default elementor-section-height-default\" data-id=\"6fd4297\" data-element_type=\"section\" data-e-type=\"section\">\n\t\t\t\t\t\t<div class=\"elementor-container elementor-column-gap-no\">\n\t\t\t\t\t<div class=\"elementor-column elementor-col-50 elementor-top-column elementor-element elementor-element-4a4cd63 animated-fast elementor-invisible\" data-id=\"4a4cd63\" data-element_type=\"column\" data-e-type=\"column\" data-settings=\"{&quot;background_background&quot;:&quot;classic&quot;,&quot;animation&quot;:&quot;fadeIn&quot;,&quot;animation_tablet&quot;:&quot;none&quot;,&quot;animation_mobile&quot;:&quot;none&quot;,&quot;animation_delay&quot;:100}\">\n\t\t\t<div class=\"elementor-widget-wrap elementor-element-populated\">\n\t\t\t\t\t\t<div class=\"elementor-element elementor-element-38f8663 elementor-widget elementor-widget-heading\" data-id=\"38f8663\" data-element_type=\"widget\" data-e-type=\"widget\" data-widget_type=\"heading.default\">\n\t\t\t\t<div class=\"elementor-widget-container\">\n\t\t\t\t\t<h1 class=\"elementor-heading-title elementor-size-default\">Presentation<\/h1>\t\t\t\t<\/div>\n\t\t\t\t<\/div>\n\t\t\t\t\t<\/div>\n\t\t<\/div>\n\t\t\t\t<div class=\"elementor-column elementor-col-50 elementor-top-column elementor-element elementor-element-eb3a6b6 elementor-hidden-desktop elementor-hidden-tablet elementor-hidden-phone\" data-id=\"eb3a6b6\" data-element_type=\"column\" data-e-type=\"column\">\n\t\t\t<div class=\"elementor-widget-wrap\">\n\t\t\t\t\t\t\t<\/div>\n\t\t<\/div>\n\t\t\t\t\t<\/div>\n\t\t<\/section>\n\t\t\t\t<section class=\"elementor-section elementor-top-section elementor-element elementor-element-17545f1 elementor-section-boxed elementor-section-height-default elementor-section-height-default\" data-id=\"17545f1\" data-element_type=\"section\" data-e-type=\"section\">\n\t\t\t\t\t\t<div class=\"elementor-container elementor-column-gap-default\">\n\t\t\t\t\t<div class=\"elementor-column elementor-col-50 elementor-top-column elementor-element elementor-element-1929def\" data-id=\"1929def\" data-element_type=\"column\" data-e-type=\"column\" data-settings=\"{&quot;animation&quot;:&quot;none&quot;,&quot;animation_delay&quot;:0}\">\n\t\t\t<div class=\"elementor-widget-wrap elementor-element-populated\">\n\t\t\t\t\t\t<div class=\"elementor-element elementor-element-c291019 elementor-invisible elementor-widget elementor-widget-heading\" data-id=\"c291019\" data-element_type=\"widget\" data-e-type=\"widget\" data-settings=\"{&quot;_animation&quot;:&quot;fadeIn&quot;,&quot;_animation_delay&quot;:100,&quot;_animation_tablet&quot;:&quot;none&quot;,&quot;_animation_mobile&quot;:&quot;none&quot;}\" data-widget_type=\"heading.default\">\n\t\t\t\t<div class=\"elementor-widget-container\">\n\t\t\t\t\t<h2 class=\"elementor-heading-title elementor-size-default\">Useful links<\/h2>\t\t\t\t<\/div>\n\t\t\t\t<\/div>\n\t\t\t\t\t<\/div>\n\t\t<\/div>\n\t\t\t\t<div class=\"elementor-column elementor-col-50 elementor-top-column elementor-element elementor-element-c20e7c3\" data-id=\"c20e7c3\" data-element_type=\"column\" data-e-type=\"column\" data-settings=\"{&quot;animation&quot;:&quot;none&quot;,&quot;animation_delay&quot;:200}\">\n\t\t\t<div class=\"elementor-widget-wrap elementor-element-populated\">\n\t\t\t\t\t\t<div class=\"elementor-element elementor-element-669b8ec elementor-align-left elementor-mobile-align-left elementor-widget elementor-widget-button\" data-id=\"669b8ec\" data-element_type=\"widget\" data-e-type=\"widget\" data-settings=\"{&quot;_animation&quot;:&quot;none&quot;,&quot;_animation_delay&quot;:200,&quot;_animation_tablet&quot;:&quot;none&quot;,&quot;_animation_mobile&quot;:&quot;none&quot;}\" data-widget_type=\"button.default\">\n\t\t\t\t<div class=\"elementor-widget-container\">\n\t\t\t\t\t\t\t\t\t<div class=\"elementor-button-wrapper\">\n\t\t\t\t\t<a class=\"elementor-button elementor-button-link elementor-size-sm\" href=\"https:\/\/site.utm.ro\/en\/facultatea-de-asistenta-medicala-tg-jiu\/notice\/\">\n\t\t\t\t\t\t<span class=\"elementor-button-content-wrapper\">\n\t\t\t\t\t\t<span class=\"elementor-button-icon\">\n\t\t\t\t<i aria-hidden=\"true\" class=\"vamtamtheme- vamtam-theme-arrow-right\"><\/i>\t\t\t<\/span>\n\t\t\t\t\t\t\t\t\t<span class=\"elementor-button-text\">Board IF<\/span>\n\t\t\t\t\t<\/span>\n\t\t\t\t\t<\/a>\n\t\t\t\t<\/div>\n\t\t\t\t\t\t\t\t<\/div>\n\t\t\t\t<\/div>\n\t\t\t\t\t<\/div>\n\t\t<\/div>\n\t\t\t\t\t<\/div>\n\t\t<\/section>\n\t\t\t\t<section class=\"elementor-section elementor-top-section elementor-element elementor-element-8de4e3d elementor-section-boxed elementor-section-height-default elementor-section-height-default\" data-id=\"8de4e3d\" data-element_type=\"section\" data-e-type=\"section\">\n\t\t\t\t\t\t<div class=\"elementor-container elementor-column-gap-default\">\n\t\t\t\t\t<div class=\"elementor-column elementor-col-100 elementor-top-column elementor-element elementor-element-f291b46\" data-id=\"f291b46\" data-element_type=\"column\" data-e-type=\"column\">\n\t\t\t<div class=\"elementor-widget-wrap elementor-element-populated\">\n\t\t\t\t\t\t<div class=\"elementor-element elementor-element-05c1ecf elementor-widget elementor-widget-heading\" data-id=\"05c1ecf\" data-element_type=\"widget\" data-e-type=\"widget\" data-widget_type=\"heading.default\">\n\t\t\t\t<div class=\"elementor-widget-container\">\n\t\t\t\t\t<h2 class=\"elementor-heading-title elementor-size-default\">About us <\/h2>\t\t\t\t<\/div>\n\t\t\t\t<\/div>\n\t\t\t\t<div class=\"elementor-element elementor-element-42ee6b6 elementor-widget elementor-widget-text-editor\" data-id=\"42ee6b6\" data-element_type=\"widget\" data-e-type=\"widget\" data-widget_type=\"text-editor.default\">\n\t\t\t\t<div class=\"elementor-widget-container\">\n\t\t\t\t\t\t\t\t\t<p>Facultatea de Asisten\u021b\u0103 Medical\u0103 \u2013 Tg Jiu este cea mai nou\u0103 facultate a Universit\u0103\u021bii Titu Maiorescu, fiind autorizat\u0103 \u00een luna iulie a anului 2015. Facultatea func\u021bioneaz\u0103 la nivelul extensiei de la T\u00e2rgu Jiu a Universit\u0103\u021bii Titu Maiorescu, \u00een zona Olteniei exist\u00e2nd necesitatea \u00eenfiin\u021b\u0103rii unei facult\u0103\u021bi de profil, cerut\u0103 de pia\u021ba muncii.<\/p><p>Programul de studii se desf\u0103\u0219oar\u0103 pe o perioad\u0103 de 4 ani, 240 credite ECTS, forma de \u00eenv\u0103\u021b\u0103m\u00e2nt cu frecven\u021b\u0103, fiind \u00een conformitate cu cerin\u021bele Uniunii Europene.<\/p><p>Planurile de \u00eenv\u0103\u0163\u0103m\u00e2nt \u015fi programele disciplinelor au fost elaborate \u00eentr-o perspectiv\u0103 interdisciplinar\u0103, \u00een concordan\u0163\u0103 cu standardele na\u0163ionale \u015fi interna\u0163ionale ale \u00eenv\u0103\u0163\u0103m\u00e2ntului superior medical.<\/p><p>Misiunea didactic\u0103 \u015fi de cercetare \u015ftiin\u0163ific\u0103 a Facult\u0103\u0163ii de Asisten\u0163\u0103 Medical\u0103 General\u0103 \u2013T\u00e2rgu Jiu este de a promova educa\u0163ia \u015fi performan\u0163a academic\u0103 \u00een formarea de absolven\u0163i competitivi pe pia\u021ba muncii at\u00e2t in spa\u021biul Uniunii Europene c\u00e2t \u0219i \u00een afara acestuia.<\/p><p>Ne propunem ca viitorii no\u0219tri absolven\u021bi s\u0103 cunoasc\u0103 \u0219i s\u0103 \u00ee\u0219i \u00eensu\u0219easc\u0103 pe deplin rolul profesional al asistentului medical, s\u0103 prezinte abilit\u0103\u021bi de comunicare eficient\u0103 cu pacien\u021bii \u0219i cu familiile acestora, s\u0103 fie un bun educator, furnizor de \u00eengrijire, manager al \u00eengrijirilor dar \u0219i mediator, g\u0103sind modul cel mai corespunz\u0103tor de \u00eengrijire de care fiecare pacient are nevoie.<\/p><p>De\u0219i este o facultate recent \u00eenfiin\u021bat\u0103, Universitatea Titu Maiorescu depune eforturi pentru constituirea unui corp didactic performant cu larg\u0103 recunoa\u0219tere profesional\u0103, dedicat acestei facult\u0103\u021bi.<\/p><p>Motiva\u021bi de dorin\u0163a de a avea studen\u0163i foarte bine preg\u0103ti\u0163i pentru meseria de asistent medical, dot\u0103rile facult\u0103\u021bii cuprind s\u0103li moderne \u0219i laboratoare de specialitate cu aparatur\u0103 de ultim\u0103 genera\u021bie, demonstr\u00e2nd astfel \u0219i dorin\u0163a noastr\u0103 de a oferi\u00a0 studen\u021bilor un spa\u0163iu de educare \u015fi formare practic\u0103 de \u00eenalt nivel.<\/p><p>Cu pa\u0219i siguri, vom consolida ce am cl\u0103dit \u00een prezent, vom evolua constant prin actul educa\u021bional de calitate.<\/p>\t\t\t\t\t\t\t\t<\/div>\n\t\t\t\t<\/div>\n\t\t\t\t\t<\/div>\n\t\t<\/div>\n\t\t\t\t\t<\/div>\n\t\t<\/section>\n\t\t\t\t<section class=\"elementor-section elementor-top-section elementor-element elementor-element-4cfb78a elementor-section-boxed elementor-section-height-default elementor-section-height-default\" data-id=\"4cfb78a\" data-element_type=\"section\" data-e-type=\"section\">\n\t\t\t\t\t\t<div class=\"elementor-container elementor-column-gap-default\">\n\t\t\t\t\t<div class=\"elementor-column elementor-col-100 elementor-top-column elementor-element elementor-element-6987dde\" data-id=\"6987dde\" data-element_type=\"column\" data-e-type=\"column\">\n\t\t\t<div class=\"elementor-widget-wrap elementor-element-populated\">\n\t\t\t\t\t\t<div class=\"elementor-element elementor-element-a73fe70 elementor-widget elementor-widget-heading\" data-id=\"a73fe70\" data-element_type=\"widget\" data-e-type=\"widget\" data-widget_type=\"heading.default\">\n\t\t\t\t<div class=\"elementor-widget-container\">\n\t\t\t\t\t<h2 class=\"elementor-heading-title elementor-size-default\">Spaces and facilities<\/h2>\t\t\t\t<\/div>\n\t\t\t\t<\/div>\n\t\t\t\t<div class=\"elementor-element elementor-element-b02b90f elementor-widget elementor-widget-text-editor\" data-id=\"b02b90f\" data-element_type=\"widget\" data-e-type=\"widget\" data-widget_type=\"text-editor.default\">\n\t\t\t\t<div class=\"elementor-widget-container\">\n\t\t\t\t\t\t\t\t\t<p><strong>Facultatea de Asisten\u021b\u0103 Medical\u0103 T\u00e2rgu Jiu<\/strong>\u00a0\u00a0organizeaz\u0103 cursurile \u015fi seminariile pentru\u00a0\u00eenv\u0103\u021b\u0103m\u00e2ntul\u00a0de zi \u00een\u00a0<strong>loca\u021bia\u00a0proprie din<\/strong>\u00a0<strong>T\u00e2rgu Jiu,\u00a0<\/strong>B-dul Ecaterina Teodoroiu nr. 100, jud. Gorj \u0219i \u00een loca\u021bia de\u021binut\u0103 de\u00a0<strong>\u0218coala Postliceal\u0103 Omenia din\u00a0<\/strong>Str. 1 Decembrie 1918, nr. 46, jud. Gorj.<\/p><p><strong>Loca\u021bia din\u00a0<\/strong>\u00a0<strong>T\u00e2rgu Jiu,\u00a0<\/strong>B-dul Ecaterina Teodoroiu nr. 100, jud. Gorj\u00a0 dispune de\u00a0s\u0103li de curs \u015fi seminar, laboratoare de informatic\u0103, bibliotec\u0103 \u0219i sal\u0103 de lectur\u0103:<\/p><ul><li class=\"first-child\">3 S\u0103li de curs\u00a0\u2013\u00a0120 locuri<\/li><li>4 S\u0103li de seminar \u2013 40 locuri<\/li><li>2 Laboratoare de informatic\u0103 \u2013 25 locuri<\/li><li>1 Bibliotec\u0103<\/li><li class=\"last-child\">1 Sal\u0103 de lectur\u0103<\/li><\/ul><p>\u00a0<\/p><p><strong>Loca\u021bia \u0218colii Postliceale Omenia<\/strong>\u00a0din Str. 1 Decembrie 1918, nr. 46, jud. Gorj, dispune de:<\/p><ul><li class=\"first-child\">2 S\u0103li de curs\u00a0\u2013 60 locuri<\/li><li>5 Laboratoare de specialitate (Nursing, Anatomie \u0219i biologie celular\u0103, Fiziologie \u0219i Fiziopatologie, Biochimie, Biofizic\u0103)<\/li><li>2 Laboratoare de informatic\u0103 \u2013 25 locuri<\/li><li>1 Bibliotec\u0103<\/li><li class=\"last-child\">1 Sal\u0103 de lectur\u0103<\/li><\/ul><p>\u00a0<\/p><p>Activitatea practic\u0103 la celelalte discipline din curricula universitar\u0103 se va desf\u0103\u0219ura la Spitalul Jude\u021bean.<\/p>\t\t\t\t\t\t\t\t<\/div>\n\t\t\t\t<\/div>\n\t\t\t\t\t<\/div>\n\t\t<\/div>\n\t\t\t\t\t<\/div>\n\t\t<\/section>\n\t\t\t\t<section class=\"elementor-section elementor-top-section elementor-element elementor-element-eda82d3 elementor-section-boxed elementor-section-height-default elementor-section-height-default\" data-id=\"eda82d3\" data-element_type=\"section\" data-e-type=\"section\">\n\t\t\t\t\t\t<div class=\"elementor-container elementor-column-gap-default\">\n\t\t\t\t\t<div class=\"elementor-column elementor-col-100 elementor-top-column elementor-element elementor-element-876d3c3\" data-id=\"876d3c3\" data-element_type=\"column\" data-e-type=\"column\">\n\t\t\t<div class=\"elementor-widget-wrap elementor-element-populated\">\n\t\t\t\t\t\t<div class=\"elementor-element elementor-element-49015e4 elementor-widget elementor-widget-spacer\" data-id=\"49015e4\" data-element_type=\"widget\" data-e-type=\"widget\" data-widget_type=\"spacer.default\">\n\t\t\t\t<div class=\"elementor-widget-container\">\n\t\t\t\t\t\t\t<div class=\"elementor-spacer\">\n\t\t\t<div class=\"elementor-spacer-inner\"><\/div>\n\t\t<\/div>\n\t\t\t\t\t\t<\/div>\n\t\t\t\t<\/div>\n\t\t\t\t\t<\/div>\n\t\t<\/div>\n\t\t\t\t\t<\/div>\n\t\t<\/section>\n\t\t\t\t<section class=\"elementor-section elementor-top-section elementor-element elementor-element-e19845a elementor-section-boxed elementor-section-height-default elementor-section-height-default\" data-id=\"e19845a\" data-element_type=\"section\" data-e-type=\"section\">\n\t\t\t\t\t\t<div class=\"elementor-container elementor-column-gap-default\">\n\t\t\t\t\t<div class=\"elementor-column elementor-col-100 elementor-top-column elementor-element elementor-element-3549475\" data-id=\"3549475\" data-element_type=\"column\" data-e-type=\"column\">\n\t\t\t<div class=\"elementor-widget-wrap\">\n\t\t\t\t\t\t\t<\/div>\n\t\t<\/div>\n\t\t\t\t\t<\/div>\n\t\t<\/section>\n\t\t\t\t<\/div>","protected":false},"excerpt":{"rendered":"<p>Prezentare Link-uri utile Avizier IF Despre noi Facultatea de Asisten\u021b\u0103 Medical\u0103 \u2013 Tg Jiu este cea mai nou\u0103 facultate a Universit\u0103\u021bii Titu Maiorescu, fiind autorizat\u0103 \u00een luna iulie a anului 2015. Facultatea func\u021bioneaz\u0103 la nivelul extensiei de la T\u00e2rgu Jiu a Universit\u0103\u021bii Titu Maiorescu, \u00een zona Olteniei exist\u00e2nd necesitatea \u00eenfiin\u021b\u0103rii unei facult\u0103\u021bi de profil, cerut\u0103&#8230;<\/p>","protected":false},"author":1,"featured_media":0,"parent":0,"menu_order":0,"comment_status":"closed","ping_status":"closed","template":"","meta":{"footnotes":""},"class_list":["post-25004","page","type-page","status-publish","hentry"],"_links":{"self":[{"href":"https:\/\/site.utm.ro\/en\/wp-json\/wp\/v2\/pages\/25004","targetHints":{"allow":["GET"]}}],"collection":[{"href":"https:\/\/site.utm.ro\/en\/wp-json\/wp\/v2\/pages"}],"about":[{"href":"https:\/\/site.utm.ro\/en\/wp-json\/wp\/v2\/types\/page"}],"author":[{"embeddable":true,"href":"https:\/\/site.utm.ro\/en\/wp-json\/wp\/v2\/users\/1"}],"replies":[{"embeddable":true,"href":"https:\/\/site.utm.ro\/en\/wp-json\/wp\/v2\/comments?post=25004"}],"version-history":[{"count":0,"href":"https:\/\/site.utm.ro\/en\/wp-json\/wp\/v2\/pages\/25004\/revisions"}],"wp:attachment":[{"href":"https:\/\/site.utm.ro\/en\/wp-json\/wp\/v2\/media?parent=25004"}],"curies":[{"name":"wp","href":"https:\/\/api.w.org\/{rel}","templated":true}]}}