{"id":25002,"date":"2026-02-17T10:35:08","date_gmt":"2026-02-17T10:35:08","guid":{"rendered":"https:\/\/site.utm.ro\/?page_id=25002"},"modified":"2026-03-17T11:53:54","modified_gmt":"2026-03-17T11:53:54","slug":"faculty-of-law-and-economic-sciences-targu-jiu","status":"publish","type":"page","link":"https:\/\/site.utm.ro\/en\/facultatea-de-drept-si-stiinte-economice-tg-jiu\/","title":{"rendered":"Facultatea de Drept si Stiinte Economice Tg Jiu"},"content":{"rendered":"<div data-elementor-type=\"wp-page\" data-elementor-id=\"25002\" class=\"elementor elementor-25002\" data-elementor-post-type=\"page\">\n\t\t\t\t\t\t<section class=\"elementor-section elementor-top-section elementor-element elementor-element-498057e elementor-section-full_width elementor-section-height-default elementor-section-height-default\" data-id=\"498057e\" data-element_type=\"section\" data-e-type=\"section\">\n\t\t\t\t\t\t<div class=\"elementor-container elementor-column-gap-default\">\n\t\t\t\t\t<div class=\"elementor-column elementor-col-100 elementor-top-column elementor-element elementor-element-b95d938\" data-id=\"b95d938\" data-element_type=\"column\" data-e-type=\"column\">\n\t\t\t<div class=\"elementor-widget-wrap elementor-element-populated\">\n\t\t\t\t\t\t<div class=\"elementor-element elementor-element-b41c4a8 elementor-widget elementor-widget-template\" data-id=\"b41c4a8\" data-element_type=\"widget\" data-e-type=\"widget\" data-widget_type=\"template.default\">\n\t\t\t\t<div class=\"elementor-widget-container\">\n\t\t\t\t\t\t\t<div class=\"elementor-template\">\n\t\t\t\t\t<div data-elementor-type=\"section\" data-elementor-id=\"36917\" class=\"elementor elementor-36917\" data-elementor-post-type=\"elementor_library\">\n\t\t\t\t\t<section class=\"elementor-section elementor-top-section elementor-element elementor-element-30b361f4 elementor-section-full_width elementor-section-height-default elementor-section-height-default\" data-id=\"30b361f4\" data-element_type=\"section\" data-e-type=\"section\">\n\t\t\t\t\t\t<div class=\"elementor-container elementor-column-gap-default\">\n\t\t\t\t\t<div class=\"elementor-column elementor-col-100 elementor-top-column elementor-element elementor-element-170f6fff\" data-id=\"170f6fff\" data-element_type=\"column\" data-e-type=\"column\">\n\t\t\t<div class=\"elementor-widget-wrap elementor-element-populated\">\n\t\t\t\t\t\t<div class=\"elementor-element elementor-element-224e85d9 elementor--h-position-center elementor--v-position-middle elementor-pagination-position-inside elementor-widget elementor-widget-slides\" data-id=\"224e85d9\" data-element_type=\"widget\" data-e-type=\"widget\" data-settings=\"{&quot;navigation&quot;:&quot;dots&quot;,&quot;autoplay&quot;:&quot;yes&quot;,&quot;pause_on_hover&quot;:&quot;yes&quot;,&quot;pause_on_interaction&quot;:&quot;yes&quot;,&quot;autoplay_speed&quot;:5000,&quot;infinite&quot;:&quot;yes&quot;,&quot;transition&quot;:&quot;slide&quot;,&quot;transition_speed&quot;:500}\" data-widget_type=\"slides.default\">\n\t\t\t\t<div class=\"elementor-widget-container\">\n\t\t\t\t\t\t\t\t<div class=\"elementor-swiper\">\n\t\t\t\t<div class=\"elementor-slides-wrapper elementor-main-swiper swiper-container\" dir=\"ltr\" data-animation=\"fadeInUp\">\n\t\t\t\t\t<div class=\"swiper-wrapper elementor-slides\">\n\t\t\t\t\t\t\t\t\t\t\t\t<div class=\"elementor-repeater-item-301adab swiper-slide\"><div class=\"swiper-slide-bg\" role=\"img\"><\/div><div class=\"swiper-slide-inner\" ><div class=\"swiper-slide-contents\"><\/div><\/div><\/div>\t\t\t\t\t<\/div>\n\t\t\t\t\t\t\t\t\t<\/div>\n\t\t\t<\/div>\n\t\t\t\t\t\t\t<\/div>\n\t\t\t\t<\/div>\n\t\t\t\t\t<\/div>\n\t\t<\/div>\n\t\t\t\t\t<\/div>\n\t\t<\/section>\n\t\t\t\t<\/div>\n\t\t\t\t<\/div>\n\t\t\t\t\t\t<\/div>\n\t\t\t\t<\/div>\n\t\t\t\t\t<\/div>\n\t\t<\/div>\n\t\t\t\t\t<\/div>\n\t\t<\/section>\n\t\t\t\t<section class=\"elementor-section elementor-top-section elementor-element elementor-element-f32fdb1 elementor-section-boxed elementor-section-height-default elementor-section-height-default\" data-id=\"f32fdb1\" data-element_type=\"section\" data-e-type=\"section\">\n\t\t\t\t\t\t<div class=\"elementor-container elementor-column-gap-no\">\n\t\t\t\t\t<div class=\"elementor-column elementor-col-50 elementor-top-column elementor-element elementor-element-4f17cce animated-fast elementor-invisible\" data-id=\"4f17cce\" data-element_type=\"column\" data-e-type=\"column\" data-settings=\"{&quot;background_background&quot;:&quot;classic&quot;,&quot;animation&quot;:&quot;fadeIn&quot;,&quot;animation_tablet&quot;:&quot;none&quot;,&quot;animation_mobile&quot;:&quot;none&quot;,&quot;animation_delay&quot;:100}\">\n\t\t\t<div class=\"elementor-widget-wrap elementor-element-populated\">\n\t\t\t\t\t\t<div class=\"elementor-element elementor-element-4e976be elementor-widget elementor-widget-heading\" data-id=\"4e976be\" data-element_type=\"widget\" data-e-type=\"widget\" data-widget_type=\"heading.default\">\n\t\t\t\t<div class=\"elementor-widget-container\">\n\t\t\t\t\t<h1 class=\"elementor-heading-title elementor-size-default\">Presentation<\/h1>\t\t\t\t<\/div>\n\t\t\t\t<\/div>\n\t\t\t\t\t<\/div>\n\t\t<\/div>\n\t\t\t\t<div class=\"elementor-column elementor-col-50 elementor-top-column elementor-element elementor-element-c9774dd elementor-hidden-desktop elementor-hidden-tablet elementor-hidden-phone\" data-id=\"c9774dd\" data-element_type=\"column\" data-e-type=\"column\">\n\t\t\t<div class=\"elementor-widget-wrap\">\n\t\t\t\t\t\t\t<\/div>\n\t\t<\/div>\n\t\t\t\t\t<\/div>\n\t\t<\/section>\n\t\t\t\t<section class=\"elementor-section elementor-top-section elementor-element elementor-element-eec4a52 elementor-section-boxed elementor-section-height-default elementor-section-height-default\" data-id=\"eec4a52\" data-element_type=\"section\" data-e-type=\"section\">\n\t\t\t\t\t\t<div class=\"elementor-container elementor-column-gap-default\">\n\t\t\t\t\t<div class=\"elementor-column elementor-col-50 elementor-top-column elementor-element elementor-element-63fcd27\" data-id=\"63fcd27\" data-element_type=\"column\" data-e-type=\"column\" data-settings=\"{&quot;animation&quot;:&quot;none&quot;,&quot;animation_delay&quot;:0}\">\n\t\t\t<div class=\"elementor-widget-wrap elementor-element-populated\">\n\t\t\t\t\t\t<div class=\"elementor-element elementor-element-4b3d138 elementor-invisible elementor-widget elementor-widget-heading\" data-id=\"4b3d138\" data-element_type=\"widget\" data-e-type=\"widget\" data-settings=\"{&quot;_animation&quot;:&quot;fadeIn&quot;,&quot;_animation_delay&quot;:100,&quot;_animation_tablet&quot;:&quot;none&quot;,&quot;_animation_mobile&quot;:&quot;none&quot;}\" data-widget_type=\"heading.default\">\n\t\t\t\t<div class=\"elementor-widget-container\">\n\t\t\t\t\t<h2 class=\"elementor-heading-title elementor-size-default\">Useful links<\/h2>\t\t\t\t<\/div>\n\t\t\t\t<\/div>\n\t\t\t\t\t<\/div>\n\t\t<\/div>\n\t\t\t\t<div class=\"elementor-column elementor-col-50 elementor-top-column elementor-element elementor-element-66049a9\" data-id=\"66049a9\" data-element_type=\"column\" data-e-type=\"column\" data-settings=\"{&quot;animation&quot;:&quot;none&quot;,&quot;animation_delay&quot;:200}\">\n\t\t\t<div class=\"elementor-widget-wrap elementor-element-populated\">\n\t\t\t\t\t\t<div class=\"elementor-element elementor-element-71d4c4b elementor-align-left elementor-mobile-align-left elementor-widget elementor-widget-button\" data-id=\"71d4c4b\" data-element_type=\"widget\" data-e-type=\"widget\" data-settings=\"{&quot;_animation&quot;:&quot;none&quot;,&quot;_animation_delay&quot;:200,&quot;_animation_tablet&quot;:&quot;none&quot;,&quot;_animation_mobile&quot;:&quot;none&quot;}\" data-widget_type=\"button.default\">\n\t\t\t\t<div class=\"elementor-widget-container\">\n\t\t\t\t\t\t\t\t\t<div class=\"elementor-button-wrapper\">\n\t\t\t\t\t<a class=\"elementor-button elementor-button-link elementor-size-sm\" href=\"https:\/\/site.utm.ro\/en\/faculty-of-law-and-economic-sciences-targu-jiu\/if-notice-board\/\">\n\t\t\t\t\t\t<span class=\"elementor-button-content-wrapper\">\n\t\t\t\t\t\t<span class=\"elementor-button-icon\">\n\t\t\t\t<i aria-hidden=\"true\" class=\"vamtamtheme- vamtam-theme-arrow-right\"><\/i>\t\t\t<\/span>\n\t\t\t\t\t\t\t\t\t<span class=\"elementor-button-text\">Board IF<\/span>\n\t\t\t\t\t<\/span>\n\t\t\t\t\t<\/a>\n\t\t\t\t<\/div>\n\t\t\t\t\t\t\t\t<\/div>\n\t\t\t\t<\/div>\n\t\t\t\t<div class=\"elementor-element elementor-element-ab572d7 elementor-align-left elementor-mobile-align-left elementor-widget elementor-widget-button\" data-id=\"ab572d7\" data-element_type=\"widget\" data-e-type=\"widget\" data-settings=\"{&quot;_animation&quot;:&quot;none&quot;,&quot;_animation_delay&quot;:200,&quot;_animation_tablet&quot;:&quot;none&quot;,&quot;_animation_mobile&quot;:&quot;none&quot;}\" data-widget_type=\"button.default\">\n\t\t\t\t<div class=\"elementor-widget-container\">\n\t\t\t\t\t\t\t\t\t<div class=\"elementor-button-wrapper\">\n\t\t\t\t\t<a class=\"elementor-button elementor-button-link elementor-size-sm\" href=\"https:\/\/site.utm.ro\/en\/faculty-of-law-and-economic-sciences-targu-jiu\/id-notice-board\/\">\n\t\t\t\t\t\t<span class=\"elementor-button-content-wrapper\">\n\t\t\t\t\t\t<span class=\"elementor-button-icon\">\n\t\t\t\t<i aria-hidden=\"true\" class=\"vamtamtheme- vamtam-theme-arrow-right\"><\/i>\t\t\t<\/span>\n\t\t\t\t\t\t\t\t\t<span class=\"elementor-button-text\">Board ID<\/span>\n\t\t\t\t\t<\/span>\n\t\t\t\t\t<\/a>\n\t\t\t\t<\/div>\n\t\t\t\t\t\t\t\t<\/div>\n\t\t\t\t<\/div>\n\t\t\t\t<div class=\"elementor-element elementor-element-e283687 elementor-align-left elementor-mobile-align-left elementor-widget elementor-widget-button\" data-id=\"e283687\" data-element_type=\"widget\" data-e-type=\"widget\" data-settings=\"{&quot;_animation&quot;:&quot;none&quot;,&quot;_animation_delay&quot;:200,&quot;_animation_tablet&quot;:&quot;none&quot;,&quot;_animation_mobile&quot;:&quot;none&quot;}\" data-widget_type=\"button.default\">\n\t\t\t\t<div class=\"elementor-widget-container\">\n\t\t\t\t\t\t\t\t\t<div class=\"elementor-button-wrapper\">\n\t\t\t\t\t<a class=\"elementor-button elementor-button-link elementor-size-sm\" href=\"https:\/\/site.utm.ro\/en\/faculty-of-law-and-economic-sciences-targu-jiu\/avizier-master\/\">\n\t\t\t\t\t\t<span class=\"elementor-button-content-wrapper\">\n\t\t\t\t\t\t<span class=\"elementor-button-icon\">\n\t\t\t\t<i aria-hidden=\"true\" class=\"vamtamtheme- vamtam-theme-arrow-right\"><\/i>\t\t\t<\/span>\n\t\t\t\t\t\t\t\t\t<span class=\"elementor-button-text\">Board Master<\/span>\n\t\t\t\t\t<\/span>\n\t\t\t\t\t<\/a>\n\t\t\t\t<\/div>\n\t\t\t\t\t\t\t\t<\/div>\n\t\t\t\t<\/div>\n\t\t\t\t\t<\/div>\n\t\t<\/div>\n\t\t\t\t\t<\/div>\n\t\t<\/section>\n\t\t\t\t<section class=\"elementor-section elementor-top-section elementor-element elementor-element-2137817 elementor-section-boxed elementor-section-height-default elementor-section-height-default\" data-id=\"2137817\" data-element_type=\"section\" data-e-type=\"section\">\n\t\t\t\t\t\t<div class=\"elementor-container elementor-column-gap-default\">\n\t\t\t\t\t<div class=\"elementor-column elementor-col-100 elementor-top-column elementor-element elementor-element-4591ede\" data-id=\"4591ede\" data-element_type=\"column\" data-e-type=\"column\">\n\t\t\t<div class=\"elementor-widget-wrap elementor-element-populated\">\n\t\t\t\t\t\t<div class=\"elementor-element elementor-element-da7edf7 elementor-widget elementor-widget-heading\" data-id=\"da7edf7\" data-element_type=\"widget\" data-e-type=\"widget\" data-widget_type=\"heading.default\">\n\t\t\t\t<div class=\"elementor-widget-container\">\n\t\t\t\t\t<h2 class=\"elementor-heading-title elementor-size-default\">About us <\/h2>\t\t\t\t<\/div>\n\t\t\t\t<\/div>\n\t\t\t\t<div class=\"elementor-element elementor-element-db8ec28 elementor-widget elementor-widget-text-editor\" data-id=\"db8ec28\" data-element_type=\"widget\" data-e-type=\"widget\" data-widget_type=\"text-editor.default\">\n\t\t\t\t<div class=\"elementor-widget-container\">\n\t\t\t\t\t\t\t\t\t<p><strong>Facultatea de Drept \u0219i \u0218tiin\u021be Economice din Tg-Jiu (FDSE)<\/strong>\u00a0preg\u0103te\u015fte speciali\u015fti \u00een drept \u015fi \u0219tiin\u021be economice, care pot ocupa o gam\u0103 larg\u0103 de locuri de munca: avoca\u0163i, notari, consilieri de \u00eentreprinderi, func\u0163ionari publici, magistra\u021bi, economi\u0219ti, cadre didactice \u0219i cercet\u0103tori \u015ftiin\u0163ifici. Studiile se finalizeaz\u0103 cu diploma de licen\u0163\u0103, recunoscut\u0103 at\u00e2t de Ministerul Educa\u0163iei, c\u00e2t \u015fi \u00een str\u0103inatate. Diploma le permite absolven\u0163ilor accesul la cursurile postuniversitare (masterat) si doctorat at\u00e2t \u00een cadrul Universit\u0103\u0163ii noastre, c\u00e2t \u015fi \u00een cadrul altor universit\u0103\u0163i din \u0163ar\u0103 \u015fi din str\u0103inatate.<\/p><p><strong>FDSE<\/strong>\u00a0\u00ee\u015fi asum\u0103 misiunea de a promova la nivel de excelen\u0163\u0103, dezvoltarea de competen\u0163e culturale, educa\u0163ionale \u015fi de specialitate, bazate pe cunoa\u015ftere inovatoare, \u00eenv\u0103\u0163are permanent\u0103 \u015fi interculturalitate. Realitatea a dovedit c\u0103 specializ\u0103rile Facult\u0103\u0163ii de Drept \u0219i \u015etiin\u0163e Economice sunt imperios necesare \u0163in\u00e2nd cont de faptul c\u0103 relansarea economic\u00e3 rom\u00e2neasc\u0103 \u015fi integrarea Rom\u00e2niei \u00een Uniunea European\u0103 necesit\u0103 speciali\u0219ti \u00een drept \u0219i \u0219tiin\u021be economice preg\u0103ti\u0163i la cerin\u0163ele actuale ale pie\u0163ei muncii, capabili s\u0103 presteze lucr\u0103ri de calitate \u00een domeniile amintite.<\/p><p><strong>Facultatea de Drept \u0219i \u015etiin\u0163e Economice<\/strong>\u00a0<strong>din Tg-Jiu\u00a0<\/strong>ofer\u0103 programe academice de \u00eenalt\u0103 calitate la nivel de licen\u0163\u0103 \u0219i master pentru urm\u0103toarele specializ\u0103ri:<\/p><ul><li><strong><em>Law\u00a0<\/em><\/strong><em>(studii de licen\u021b\u0103 \u2013 IF, durata studiilor 4 ani);\u00a0<\/em><em>DE ADAUGAT: ID durata studiilor 4 ani<\/em><\/li><li><strong><em>Contabilitate \u015fi informatic\u0103 de gestiune\u00a0<\/em><\/strong><em>(studii de licen\u021b\u0103-\u00a0 IF, durata studiilor 3 ani);<\/em><\/li><li><strong><em>Master \u2013 Contabilitatea afacerilor\u00a0<\/em><\/strong><strong><em>\u2013 2 ANI<\/em><\/strong><\/li><\/ul><p><strong><em>\u00a0<\/em><\/strong><\/p><p><strong><em>\u00a0<\/em><\/strong><\/p><p><strong>Facultatea de Drept \u0219i \u0218tiin\u021be Economice<\/strong>\u00a0<strong>din Tg-Jiu\u00a0<\/strong>urm\u0103re\u015fte \u00een concret formarea de speciali\u0219ti \u00een drept \u0219i \u0219tiin\u021be economice\u00a0cu urm\u0103toarele calit\u0103\u0163i:<\/p><ul><li>st\u0103p\u00e2nirea de cuno\u015ftin\u0163e fundamentale din domeniul economic si juridic (doctrin\u0103, legisla\u0163ie, jurispruden\u0163\u0103);<\/li><li>capacitatea de a enun\u0163a \u015fi exprima opinii cu privire la diferitele probleme economice si de drept pe care le ridic\u0103 institu\u0163iile juridice, oferind solu\u0163ii litigiilor ivite in cazuistica judiciar\u0103;<\/li><li>capacitatea de a gestiona eficient resursele financiare si de a concepe ac\u0163iuni in justi\u0163ie, precum si de a pronun\u0163a \u015fi redacta hot\u0103r\u00e2ri judec\u0103tore\u015fti;<\/li><li>aptitudinea de a lucra in echip\u0103;<\/li><li>abilitatea de a contribui la abordarea pluridisciplinar\u0103 a diferitelor organizatii economice si institu\u0163ii de drept;<\/li><li>specializarea \u00een domeniul \u201eContabilitate si Informatica de gestiune \u201d sau \u00een domeniul dreptului public ori privat;<\/li><li>con\u015ftiin\u0163a responsabilit\u0103\u0163ii sociale a profesiei economist, respectiv de jurist (magistrat, avocat, notar, consilier juridic) etc.<\/li><li>formarea de speciali\u015fti \u00een spiritul concep\u0163iei moderne, specifice economiei de pia\u0163\u0103, \u00een inten\u0163ia integr\u0103rii unei viziuni europene \u00een firmele din Rom\u00e2nia;<\/li><li>construirea \u015fi men\u0163inerea reputa\u0163iei la nivel na\u0163ional prin calitatea programelor academice \u015fi de cercetare la care particip\u0103 corpul profesoral, prin calitatea absolven\u0163ilor \u015fi prin carierele pe care le vor ob\u0163ine ace\u015ftia \u00een urm\u0103torii ani;<\/li><li>crearea unor leg\u0103turi mai str\u00e2nse cu mediul economic \u015fi juridic, prin construirea de programe academice sau a altor programe de activitate, \u00een func\u0163ie de necesit\u0103\u0163ile comunit\u0103\u0163ii;<\/li><li>adaptarea permanent\u0103 a ofertei educa\u0163ionale la cerin\u0163ele unei economii de pia\u0163\u0103 func\u0163ionale, \u00een vederea dezvolt\u0103rii unei societ\u0103\u0163i bazate pe cunoa\u015ftere;<\/li><li>dezvoltarea unei culturi organiza\u0163ionale, care s\u0103 confere identitate \u015fi recunoa\u015ftere facult\u0103\u0163ii noastre, \u00een spa\u0163iul universitar rom\u00e2nesc \u015fi european;<\/li><li>intensificarea activit\u0103\u0163ilor de cercetare \u015ftiin\u0163ific\u0103 \u015fi integrarea rezultatelor acesteia \u00een procesul de \u00eenv\u0103\u0163\u0103m\u00e2nt.<\/li><\/ul><p>\u00a0<\/p><p>\u00cen prezent,\u00a0<strong>Facultatea de Drept \u0219i \u0218tiin\u021be Economice<\/strong>\u00a0dispune de toate mijloacele necesare organiz\u0103rii \u015fi desf\u0103\u015fur\u0103rii activit\u0103\u0163ilor didactice, de cercetare \u015ftiin\u0163ific\u0103 \u015fi practic\u0103-aplicativ\u0103, precum \u015fi de cadre didactice specializate, r\u0103spunz\u00e2nd exigen\u0163elor impuse de reglement\u0103rile \u00een vigoare privind managementul calit\u0103\u0163ii \u00een \u00eenv\u0103\u0163\u0103m\u00e2ntul superior.<\/p><p><strong>Sediul Facult\u0103\u0163ii de Drept \u0219i \u0218tiin\u021be Economice<\/strong>\u00a0este situat \u00een\u00a0<strong>T\u00e2rgu Jiu, Str. Ecaterina Teodoroiu nr. 100, jude\u0163ul Gorj<\/strong>,\u00a0<strong>telefon\/fax:\u00a0<span data-olk-copy-source=\"MessageBody\">021.316.1646\u00a0<\/span><\/strong><\/p>\t\t\t\t\t\t\t\t<\/div>\n\t\t\t\t<\/div>\n\t\t\t\t\t<\/div>\n\t\t<\/div>\n\t\t\t\t\t<\/div>\n\t\t<\/section>\n\t\t\t\t<section class=\"elementor-section elementor-top-section elementor-element elementor-element-391bc98 elementor-section-boxed elementor-section-height-default elementor-section-height-default\" data-id=\"391bc98\" data-element_type=\"section\" data-e-type=\"section\">\n\t\t\t\t\t\t<div class=\"elementor-container elementor-column-gap-default\">\n\t\t\t\t\t<div class=\"elementor-column elementor-col-100 elementor-top-column elementor-element elementor-element-54e1f35\" data-id=\"54e1f35\" data-element_type=\"column\" data-e-type=\"column\">\n\t\t\t<div class=\"elementor-widget-wrap elementor-element-populated\">\n\t\t\t\t\t\t<div class=\"elementor-element elementor-element-39fecca elementor-widget elementor-widget-heading\" data-id=\"39fecca\" data-element_type=\"widget\" data-e-type=\"widget\" data-widget_type=\"heading.default\">\n\t\t\t\t<div class=\"elementor-widget-container\">\n\t\t\t\t\t<h2 class=\"elementor-heading-title elementor-size-default\">Spaces and facilities<\/h2>\t\t\t\t<\/div>\n\t\t\t\t<\/div>\n\t\t\t\t<div class=\"elementor-element elementor-element-e8aaf30 elementor-widget elementor-widget-text-editor\" data-id=\"e8aaf30\" data-element_type=\"widget\" data-e-type=\"widget\" data-widget_type=\"text-editor.default\">\n\t\t\t\t<div class=\"elementor-widget-container\">\n\t\t\t\t\t\t\t\t\t<div id=\"sidebar\" class=\"col-md-3 normal-sidebar\"><div class=\"row\"><div id=\"ubermenu_navigation_widget-12\" class=\"col-md-12  widget ubermenu_navigation_widget-class\"><div class=\"widget-inner\"><nav id=\"ubermenu-main-14\" class=\"ubermenu ubermenu-main ubermenu-menu-14 ubermenu-responsive ubermenu-responsive-default ubermenu-responsive-collapse ubermenu-vertical ubermenu-transition-slide ubermenu-trigger-click ubermenu-skin-eggplant ubermenu-has-border ubermenu-bar-align-full ubermenu-items-align-center ubermenu-bound ubermenu-retractors-responsive ubermenu-submenu-indicator-closes ubermenu-notouch ubermenu-desktop-view\"><p><strong>Facultatea de Drept \u0219i \u0218tiin\u021be Economice din T\u00e2rgu Jiu<\/strong>\u00a0\u00a0organizeaz\u0103 cursurile \u015fi seminariile pentru \u00eenv\u0103\u0163\u0103m\u00e2ntul de zi \u00een loca\u0163ia din\u00a0<strong>T\u00e2rgu Jiu, B-dul Ecaterina Teodoroiu nr. 100, jud. Gorj<\/strong>.<\/p><\/nav><\/div><\/div><\/div><\/div><p>\u00a0<\/p><p>Facultatea de Drept \u0219i \u0218tiin\u021be Economice Targu Jiu\u00a0dispune de\u00a0s\u0103li de curs \u015fi seminar, laboratoare de informatic\u0103, laborator de criminalistic\u0103, bibliotec\u0103 \u0219i sal\u0103 de lectur\u0103, toate fiind dotate cu echipamente audiovizuale:<\/p><ul type=\"disc\"><li class=\"first-child last-child\"><strong>3 S\u0103li de curs\u00a0\u2013\u00a0360 locuri<\/strong><\/li><li class=\"first-child last-child\"><strong>4 S\u0103li de seminar \u2013 160 locuri<\/strong><\/li><li class=\"first-child last-child\"><strong>2 Laboratoare de informatic\u0103 \u2013 50 locuri\u00a0cu acces la INTERNET \u0219i la re\u021beaua informatic\u0103 a Universit\u0103\u021bii<\/strong><\/li><li class=\"first-child last-child\"><strong>2 Biblioteci +\u00a01 Sal\u0103 de lectur\u0103<\/strong><\/li><\/ul><p>\u00a0<\/p><div><p><strong>Biblioteca Facult\u0103\u0163ii de Drept \u0219i \u015etiin\u0163e Economice T\u00e2rgu Jiu\u00a0<\/strong>dispune de\u00a0 abonamente la urm\u0103toarele publica\u0163ii:<\/p><ul><li>Revista Dreptul si Revista Finante publice si contabilitate<\/li><\/ul><\/div><ul type=\"disc\"><li class=\"first-child\">Dreptul<\/li><li>Revista de Drept Public<\/li><li>Revista de Drept Comunitar<\/li><li>Revista de Drept Penal<\/li><li>Revista Rom\u00e2n\u0103 de Dreptul Muncii<\/li><li>Raporturi de munc\u0103<\/li><li>Tribuna economic\u0103<\/li><li>Finan\u0163e, b\u0103nci, asigur\u0103ri<\/li><li>Economie \u015fi administra\u0163ie local\u0103<\/li><li>Gestiunea \u015fi contabilitatea firme<\/li><li>Gazeta de informatic\u0103<\/li><li class=\"last-child\">Monitorul Oficial al Rom\u00e2niei \u2013 Partea I<\/li><\/ul>\t\t\t\t\t\t\t\t<\/div>\n\t\t\t\t<\/div>\n\t\t\t\t\t<\/div>\n\t\t<\/div>\n\t\t\t\t\t<\/div>\n\t\t<\/section>\n\t\t\t\t<section class=\"elementor-section elementor-top-section elementor-element elementor-element-7888682 elementor-section-boxed elementor-section-height-default elementor-section-height-default\" data-id=\"7888682\" data-element_type=\"section\" data-e-type=\"section\">\n\t\t\t\t\t\t<div class=\"elementor-container elementor-column-gap-default\">\n\t\t\t\t\t<div class=\"elementor-column elementor-col-100 elementor-top-column elementor-element elementor-element-ea57c13\" data-id=\"ea57c13\" data-element_type=\"column\" data-e-type=\"column\">\n\t\t\t<div class=\"elementor-widget-wrap elementor-element-populated\">\n\t\t\t\t\t\t<div class=\"elementor-element elementor-element-9f7eba1 elementor-widget elementor-widget-spacer\" data-id=\"9f7eba1\" data-element_type=\"widget\" data-e-type=\"widget\" data-widget_type=\"spacer.default\">\n\t\t\t\t<div class=\"elementor-widget-container\">\n\t\t\t\t\t\t\t<div class=\"elementor-spacer\">\n\t\t\t<div class=\"elementor-spacer-inner\"><\/div>\n\t\t<\/div>\n\t\t\t\t\t\t<\/div>\n\t\t\t\t<\/div>\n\t\t\t\t\t<\/div>\n\t\t<\/div>\n\t\t\t\t\t<\/div>\n\t\t<\/section>\n\t\t\t\t<section class=\"elementor-section elementor-top-section elementor-element elementor-element-44c31ef elementor-section-boxed elementor-section-height-default elementor-section-height-default\" data-id=\"44c31ef\" data-element_type=\"section\" data-e-type=\"section\">\n\t\t\t\t\t\t<div class=\"elementor-container elementor-column-gap-default\">\n\t\t\t\t\t<div class=\"elementor-column elementor-col-100 elementor-top-column elementor-element elementor-element-7f9e173\" data-id=\"7f9e173\" data-element_type=\"column\" data-e-type=\"column\">\n\t\t\t<div class=\"elementor-widget-wrap\">\n\t\t\t\t\t\t\t<\/div>\n\t\t<\/div>\n\t\t\t\t\t<\/div>\n\t\t<\/section>\n\t\t\t\t<\/div>","protected":false},"excerpt":{"rendered":"<p>Prezentare Link-uri utile Avizier IF Avizier ID Avizier Master Despre noi Facultatea de Drept \u0219i \u0218tiin\u021be Economice din Tg-Jiu (FDSE)\u00a0preg\u0103te\u015fte speciali\u015fti \u00een drept \u015fi \u0219tiin\u021be economice, care pot ocupa o gam\u0103 larg\u0103 de locuri de munca: avoca\u0163i, notari, consilieri de \u00eentreprinderi, func\u0163ionari publici, magistra\u021bi, economi\u0219ti, cadre didactice \u0219i cercet\u0103tori \u015ftiin\u0163ifici. Studiile se finalizeaz\u0103 cu diploma&#8230;<\/p>","protected":false},"author":1,"featured_media":0,"parent":0,"menu_order":0,"comment_status":"closed","ping_status":"closed","template":"","meta":{"footnotes":""},"class_list":["post-25002","page","type-page","status-publish","hentry"],"_links":{"self":[{"href":"https:\/\/site.utm.ro\/en\/wp-json\/wp\/v2\/pages\/25002","targetHints":{"allow":["GET"]}}],"collection":[{"href":"https:\/\/site.utm.ro\/en\/wp-json\/wp\/v2\/pages"}],"about":[{"href":"https:\/\/site.utm.ro\/en\/wp-json\/wp\/v2\/types\/page"}],"author":[{"embeddable":true,"href":"https:\/\/site.utm.ro\/en\/wp-json\/wp\/v2\/users\/1"}],"replies":[{"embeddable":true,"href":"https:\/\/site.utm.ro\/en\/wp-json\/wp\/v2\/comments?post=25002"}],"version-history":[{"count":0,"href":"https:\/\/site.utm.ro\/en\/wp-json\/wp\/v2\/pages\/25002\/revisions"}],"wp:attachment":[{"href":"https:\/\/site.utm.ro\/en\/wp-json\/wp\/v2\/media?parent=25002"}],"curies":[{"name":"wp","href":"https:\/\/api.w.org\/{rel}","templated":true}]}}