{"id":24998,"date":"2026-02-17T10:34:20","date_gmt":"2026-02-17T10:34:20","guid":{"rendered":"https:\/\/site.utm.ro\/?page_id=24998"},"modified":"2026-03-16T11:49:03","modified_gmt":"2026-03-16T11:49:03","slug":"faculty-of-education-communication-and-international-relations","status":"publish","type":"page","link":"https:\/\/site.utm.ro\/en\/facultatea-de-stiintele-educatiei-comunicare-si-relatii-internationale\/","title":{"rendered":"Facultatea de Stiintele Educatiei, Comunicare si Relatii Internationale"},"content":{"rendered":"<div data-elementor-type=\"wp-page\" data-elementor-id=\"24998\" class=\"elementor elementor-24998\" data-elementor-post-type=\"page\">\n\t\t\t\t\t\t<section class=\"elementor-section elementor-top-section elementor-element elementor-element-e2eb3ad elementor-section-full_width elementor-section-height-default elementor-section-height-default\" data-id=\"e2eb3ad\" data-element_type=\"section\" data-e-type=\"section\">\n\t\t\t\t\t\t<div class=\"elementor-container elementor-column-gap-default\">\n\t\t\t\t\t<div class=\"elementor-column elementor-col-100 elementor-top-column elementor-element elementor-element-3f0ba06\" data-id=\"3f0ba06\" data-element_type=\"column\" data-e-type=\"column\">\n\t\t\t<div class=\"elementor-widget-wrap elementor-element-populated\">\n\t\t\t\t\t\t<div class=\"elementor-element elementor-element-affba2e elementor-widget elementor-widget-template\" data-id=\"affba2e\" data-element_type=\"widget\" data-e-type=\"widget\" data-widget_type=\"template.default\">\n\t\t\t\t<div class=\"elementor-widget-container\">\n\t\t\t\t\t\t\t<div class=\"elementor-template\">\n\t\t\t\t\t<div data-elementor-type=\"section\" data-elementor-id=\"35684\" class=\"elementor elementor-35684\" data-elementor-post-type=\"elementor_library\">\n\t\t\t\t\t<section class=\"elementor-section elementor-top-section elementor-element elementor-element-30b361f4 elementor-section-full_width elementor-section-height-default elementor-section-height-default\" data-id=\"30b361f4\" data-element_type=\"section\" data-e-type=\"section\">\n\t\t\t\t\t\t<div class=\"elementor-container elementor-column-gap-default\">\n\t\t\t\t\t<div class=\"elementor-column elementor-col-100 elementor-top-column elementor-element elementor-element-170f6fff\" data-id=\"170f6fff\" data-element_type=\"column\" data-e-type=\"column\">\n\t\t\t<div class=\"elementor-widget-wrap elementor-element-populated\">\n\t\t\t\t\t\t<div class=\"elementor-element elementor-element-224e85d9 elementor--h-position-center elementor--v-position-middle elementor-pagination-position-inside elementor-widget elementor-widget-slides\" data-id=\"224e85d9\" data-element_type=\"widget\" data-e-type=\"widget\" data-settings=\"{&quot;navigation&quot;:&quot;dots&quot;,&quot;autoplay&quot;:&quot;yes&quot;,&quot;pause_on_hover&quot;:&quot;yes&quot;,&quot;pause_on_interaction&quot;:&quot;yes&quot;,&quot;autoplay_speed&quot;:5000,&quot;infinite&quot;:&quot;yes&quot;,&quot;transition&quot;:&quot;slide&quot;,&quot;transition_speed&quot;:500}\" data-widget_type=\"slides.default\">\n\t\t\t\t<div class=\"elementor-widget-container\">\n\t\t\t\t\t\t\t\t<div class=\"elementor-swiper\">\n\t\t\t\t<div class=\"elementor-slides-wrapper elementor-main-swiper swiper-container\" dir=\"ltr\" data-animation=\"fadeInUp\">\n\t\t\t\t\t<div class=\"swiper-wrapper elementor-slides\">\n\t\t\t\t\t\t\t\t\t\t\t\t<div class=\"elementor-repeater-item-301adab swiper-slide\"><div class=\"swiper-slide-bg\" role=\"img\"><\/div><div class=\"swiper-slide-inner\" ><div class=\"swiper-slide-contents\"><\/div><\/div><\/div>\t\t\t\t\t<\/div>\n\t\t\t\t\t\t\t\t\t<\/div>\n\t\t\t<\/div>\n\t\t\t\t\t\t\t<\/div>\n\t\t\t\t<\/div>\n\t\t\t\t\t<\/div>\n\t\t<\/div>\n\t\t\t\t\t<\/div>\n\t\t<\/section>\n\t\t\t\t<\/div>\n\t\t\t\t<\/div>\n\t\t\t\t\t\t<\/div>\n\t\t\t\t<\/div>\n\t\t\t\t\t<\/div>\n\t\t<\/div>\n\t\t\t\t\t<\/div>\n\t\t<\/section>\n\t\t\t\t<section class=\"elementor-section elementor-top-section elementor-element elementor-element-68de11e elementor-section-boxed elementor-section-height-default elementor-section-height-default\" data-id=\"68de11e\" data-element_type=\"section\" data-e-type=\"section\">\n\t\t\t\t\t\t<div class=\"elementor-container elementor-column-gap-no\">\n\t\t\t\t\t<div class=\"elementor-column elementor-col-50 elementor-top-column elementor-element elementor-element-63b3387 animated-fast elementor-invisible\" data-id=\"63b3387\" data-element_type=\"column\" data-e-type=\"column\" data-settings=\"{&quot;background_background&quot;:&quot;classic&quot;,&quot;animation&quot;:&quot;fadeIn&quot;,&quot;animation_tablet&quot;:&quot;none&quot;,&quot;animation_mobile&quot;:&quot;none&quot;,&quot;animation_delay&quot;:100}\">\n\t\t\t<div class=\"elementor-widget-wrap elementor-element-populated\">\n\t\t\t\t\t\t<div class=\"elementor-element elementor-element-c648bf9 elementor-widget elementor-widget-heading\" data-id=\"c648bf9\" data-element_type=\"widget\" data-e-type=\"widget\" data-widget_type=\"heading.default\">\n\t\t\t\t<div class=\"elementor-widget-container\">\n\t\t\t\t\t<h1 class=\"elementor-heading-title elementor-size-default\">Presentation<\/h1>\t\t\t\t<\/div>\n\t\t\t\t<\/div>\n\t\t\t\t\t<\/div>\n\t\t<\/div>\n\t\t\t\t<div class=\"elementor-column elementor-col-50 elementor-top-column elementor-element elementor-element-dd29289 elementor-hidden-desktop elementor-hidden-tablet elementor-hidden-phone\" data-id=\"dd29289\" data-element_type=\"column\" data-e-type=\"column\">\n\t\t\t<div class=\"elementor-widget-wrap\">\n\t\t\t\t\t\t\t<\/div>\n\t\t<\/div>\n\t\t\t\t\t<\/div>\n\t\t<\/section>\n\t\t\t\t<section class=\"elementor-section elementor-top-section elementor-element elementor-element-d4785fc elementor-section-boxed elementor-section-height-default elementor-section-height-default\" data-id=\"d4785fc\" data-element_type=\"section\" data-e-type=\"section\">\n\t\t\t\t\t\t<div class=\"elementor-container elementor-column-gap-default\">\n\t\t\t\t\t<div class=\"elementor-column elementor-col-50 elementor-top-column elementor-element elementor-element-7ddc1e8\" data-id=\"7ddc1e8\" data-element_type=\"column\" data-e-type=\"column\" data-settings=\"{&quot;animation&quot;:&quot;none&quot;,&quot;animation_delay&quot;:0}\">\n\t\t\t<div class=\"elementor-widget-wrap elementor-element-populated\">\n\t\t\t\t\t\t<div class=\"elementor-element elementor-element-4d2dc7c elementor-invisible elementor-widget elementor-widget-heading\" data-id=\"4d2dc7c\" data-element_type=\"widget\" data-e-type=\"widget\" data-settings=\"{&quot;_animation&quot;:&quot;fadeIn&quot;,&quot;_animation_delay&quot;:100,&quot;_animation_tablet&quot;:&quot;none&quot;,&quot;_animation_mobile&quot;:&quot;none&quot;}\" data-widget_type=\"heading.default\">\n\t\t\t\t<div class=\"elementor-widget-container\">\n\t\t\t\t\t<h2 class=\"elementor-heading-title elementor-size-default\">Useful links<\/h2>\t\t\t\t<\/div>\n\t\t\t\t<\/div>\n\t\t\t\t\t<\/div>\n\t\t<\/div>\n\t\t\t\t<div class=\"elementor-column elementor-col-50 elementor-top-column elementor-element elementor-element-0063d66\" data-id=\"0063d66\" data-element_type=\"column\" data-e-type=\"column\" data-settings=\"{&quot;animation&quot;:&quot;none&quot;,&quot;animation_delay&quot;:200}\">\n\t\t\t<div class=\"elementor-widget-wrap elementor-element-populated\">\n\t\t\t\t\t\t<div class=\"elementor-element elementor-element-c8800b0 elementor-align-left elementor-mobile-align-left elementor-widget elementor-widget-button\" data-id=\"c8800b0\" data-element_type=\"widget\" data-e-type=\"widget\" data-settings=\"{&quot;_animation&quot;:&quot;none&quot;,&quot;_animation_delay&quot;:200,&quot;_animation_tablet&quot;:&quot;none&quot;,&quot;_animation_mobile&quot;:&quot;none&quot;}\" data-widget_type=\"button.default\">\n\t\t\t\t<div class=\"elementor-widget-container\">\n\t\t\t\t\t\t\t\t\t<div class=\"elementor-button-wrapper\">\n\t\t\t\t\t<a class=\"elementor-button elementor-button-link elementor-size-sm\" href=\"https:\/\/site.utm.ro\/en\/faculty-of-education-communication-and-international-relations\/notice\/\">\n\t\t\t\t\t\t<span class=\"elementor-button-content-wrapper\">\n\t\t\t\t\t\t<span class=\"elementor-button-icon\">\n\t\t\t\t<i aria-hidden=\"true\" class=\"vamtamtheme- vamtam-theme-arrow-right\"><\/i>\t\t\t<\/span>\n\t\t\t\t\t\t\t\t\t<span class=\"elementor-button-text\">Board IF<\/span>\n\t\t\t\t\t<\/span>\n\t\t\t\t\t<\/a>\n\t\t\t\t<\/div>\n\t\t\t\t\t\t\t\t<\/div>\n\t\t\t\t<\/div>\n\t\t\t\t<div class=\"elementor-element elementor-element-8ed6744 elementor-align-left elementor-mobile-align-left elementor-widget elementor-widget-button\" data-id=\"8ed6744\" data-element_type=\"widget\" data-e-type=\"widget\" data-settings=\"{&quot;_animation&quot;:&quot;none&quot;,&quot;_animation_delay&quot;:200,&quot;_animation_tablet&quot;:&quot;none&quot;,&quot;_animation_mobile&quot;:&quot;none&quot;}\" data-widget_type=\"button.default\">\n\t\t\t\t<div class=\"elementor-widget-container\">\n\t\t\t\t\t\t\t\t\t<div class=\"elementor-button-wrapper\">\n\t\t\t\t\t<a class=\"elementor-button elementor-button-link elementor-size-sm\" href=\"https:\/\/site.utm.ro\/en\/faculty-of-education-communication-and-international-relations\/avizier-master\/\">\n\t\t\t\t\t\t<span class=\"elementor-button-content-wrapper\">\n\t\t\t\t\t\t<span class=\"elementor-button-icon\">\n\t\t\t\t<i aria-hidden=\"true\" class=\"vamtamtheme- vamtam-theme-arrow-right\"><\/i>\t\t\t<\/span>\n\t\t\t\t\t\t\t\t\t<span class=\"elementor-button-text\">Board Master<\/span>\n\t\t\t\t\t<\/span>\n\t\t\t\t\t<\/a>\n\t\t\t\t<\/div>\n\t\t\t\t\t\t\t\t<\/div>\n\t\t\t\t<\/div>\n\t\t\t\t\t<\/div>\n\t\t<\/div>\n\t\t\t\t\t<\/div>\n\t\t<\/section>\n\t\t\t\t<section class=\"elementor-section elementor-top-section elementor-element elementor-element-7773d3d elementor-section-boxed elementor-section-height-default elementor-section-height-default\" data-id=\"7773d3d\" data-element_type=\"section\" data-e-type=\"section\">\n\t\t\t\t\t\t<div class=\"elementor-container elementor-column-gap-default\">\n\t\t\t\t\t<div class=\"elementor-column elementor-col-100 elementor-top-column elementor-element elementor-element-c6375fb\" data-id=\"c6375fb\" data-element_type=\"column\" data-e-type=\"column\">\n\t\t\t<div class=\"elementor-widget-wrap elementor-element-populated\">\n\t\t\t\t\t\t<div class=\"elementor-element elementor-element-61e79ba elementor-widget elementor-widget-heading\" data-id=\"61e79ba\" data-element_type=\"widget\" data-e-type=\"widget\" data-widget_type=\"heading.default\">\n\t\t\t\t<div class=\"elementor-widget-container\">\n\t\t\t\t\t<h2 class=\"elementor-heading-title elementor-size-default\">About us <\/h2>\t\t\t\t<\/div>\n\t\t\t\t<\/div>\n\t\t\t\t<div class=\"elementor-element elementor-element-c5b3ecc elementor-widget elementor-widget-text-editor\" data-id=\"c5b3ecc\" data-element_type=\"widget\" data-e-type=\"widget\" data-widget_type=\"text-editor.default\">\n\t\t\t\t<div class=\"elementor-widget-container\">\n\t\t\t\t\t\t\t\t\t<p><strong>FACULTY OF EDUCATION, COMMUNICATION AND INTERNATIONAL RELATIONS\u00a0\u00a0<\/strong>\u00a0is a modern faculty with a complex structure, covering scientific fields of fundamental importance for the Knowledge Society and the contemporary world.<\/p><p>\u00a0<\/p><p><strong>The Faculty organizes the following study programs:<\/strong><\/p><p>\u00a0<\/p><p><strong>UNDERGRADUATE PROGRAMS:<\/strong><\/p><ul><li><strong>COMMUNICATION AND PUBLIC RELATIONS<\/strong>\u00a0(ACCREDITED, full-time, day, 3 years)<\/li><li><strong>INTERNATIONAL RELATIONS AND EUROPEAN STUDIES<\/strong>\u00a0(ACCREDITED, full-time, day, 3 years)<\/li><li><strong>PRIMARY AND PRE-SCHOOL EDUCATION\u00a0<\/strong>(LICENSED, full-time, day, 3 years)<\/li><\/ul><p>\u00a0<\/p><p><strong>MASTER PROGRAMS:<\/strong><\/p><ul><li><strong>INSTITUTIONAL COMMUNICATION AND ORGANIZATIONAL MANAGEMENT\u00a0<\/strong>(ACCREDITED, 2 years)<\/li><li><strong>INTERNATIONAL RELATIONS AND STRATEGIC COOPERATION\u00a0<\/strong>(ACCREDITED, 2 YEARS)<\/li><\/ul><p><strong>\u00a0<\/strong><\/p><p><strong>SPECIALIZED DEPARTMENT WITH PSYCHO-PEDAGOGICAL PROFILE (DSPP):<\/strong><\/p><ul><li><strong>PSYCHO-PEDAGOGICAL TRAINING PROGRAM FOR THE CERTIFICATION OF COMPETENCES FOR THE TEACHING PROFESSION<\/strong><\/li><\/ul><ul><li><strong>Level I (initial)<\/strong>\u2013<strong>\u00a0<\/strong>during undergraduate studies (3 years, 30 credits)<\/li><li><strong>Level II (in-depth)<\/strong>- Master's degree (2 years, 30 credits)<\/li><li><strong>Compact Program\u00a0<\/strong>post-graduate psycho-pedagogical studies:\u00a0<strong>a)<\/strong><strong>Level I<\/strong>,\u00a0<strong>first semester, 30 credits,<\/strong>\u00a0for bachelor graduates;<strong>\u00a0b) Level II, second semester, 30 credits<\/strong>, for Bachelor and Master graduates<\/li><\/ul><p>\u00a0<\/p><p><strong>POSTGRADUATE COURSES FOR CONTINUOUS TRAINING AND DEVELOPMENT<\/strong><\/p><ul><li><strong>INTEGRATION AND INCLUSION OF CHILDREN WITH SPECIAL EDUCATIONAL NEEDS IN THE EDUCATION SYSTEM<\/strong>\u00a0(1 year, 60 credits)<\/li><li><strong>CHILDCARE - A DIMENSION OF PRE-SCHOOL EDUCATION<\/strong>\u00a0(1 year, 60 credits)<\/li><\/ul><p>\u00a0<\/p><p><strong>ROMANIAN LANGUAGE PREPARATORY PROGRAM FOR FOREIGNERS<\/strong>\u00a0(1 year)<\/p><p><strong>FACULTY OF EDUCATION, COMMUNICATION AND INTERNATIONAL RELATIONS\u00a0<\/strong>\u00a0offers to its students: quality studies, exceptional study conditions, specialized internships in flagship institutions for each field, mobility in foreign universities, prospects for developing a successful career in Romania or internationally.<\/p>\t\t\t\t\t\t\t\t<\/div>\n\t\t\t\t<\/div>\n\t\t\t\t\t<\/div>\n\t\t<\/div>\n\t\t\t\t\t<\/div>\n\t\t<\/section>\n\t\t\t\t<section class=\"elementor-section elementor-top-section elementor-element elementor-element-72bd5d5 elementor-section-boxed elementor-section-height-default elementor-section-height-default\" data-id=\"72bd5d5\" data-element_type=\"section\" data-e-type=\"section\">\n\t\t\t\t\t\t<div class=\"elementor-container elementor-column-gap-default\">\n\t\t\t\t\t<div class=\"elementor-column elementor-col-100 elementor-top-column elementor-element elementor-element-e6b57d8\" data-id=\"e6b57d8\" data-element_type=\"column\" data-e-type=\"column\">\n\t\t\t<div class=\"elementor-widget-wrap elementor-element-populated\">\n\t\t\t\t\t\t<div class=\"elementor-element elementor-element-00918d2 elementor-widget elementor-widget-spacer\" data-id=\"00918d2\" data-element_type=\"widget\" data-e-type=\"widget\" data-widget_type=\"spacer.default\">\n\t\t\t\t<div class=\"elementor-widget-container\">\n\t\t\t\t\t\t\t<div class=\"elementor-spacer\">\n\t\t\t<div class=\"elementor-spacer-inner\"><\/div>\n\t\t<\/div>\n\t\t\t\t\t\t<\/div>\n\t\t\t\t<\/div>\n\t\t\t\t\t<\/div>\n\t\t<\/div>\n\t\t\t\t\t<\/div>\n\t\t<\/section>\n\t\t\t\t<\/div>","protected":false},"excerpt":{"rendered":"<p>Prezentare Link-uri utile Avizier IF Avizier Master Despre noi FACULTATEA DE \u015eTIIN\u0162ELE EDUCA\u021aIEI, COMUNICARE \u0218I RELA\u021aII INTERNA\u021aIONALE\u00a0\u00a0\u00a0este o facultate modern\u0103, cu o structur\u0103 complex\u0103, care cuprinde domenii \u0219tiin\u021bifice de importan\u021b\u0103 fundamental\u0103 pentru Societatea Cunoa\u0219terii \u0219i pentru lumea contemporan\u0103. \u00a0 Facultatea organizeaz\u0103 urm\u0103toarele programe de studiu\u00a0: \u00a0 PROGRAME DE LICEN\u021a\u0102: COMUNICARE \u0218I RELA\u021aII PUBLICE\u00a0(ACREDITAT, \u00eenv\u0103\u021b\u0103m\u00e2nt cu&#8230;<\/p>","protected":false},"author":1,"featured_media":0,"parent":0,"menu_order":0,"comment_status":"closed","ping_status":"closed","template":"","meta":{"footnotes":""},"class_list":["post-24998","page","type-page","status-publish","hentry"],"_links":{"self":[{"href":"https:\/\/site.utm.ro\/en\/wp-json\/wp\/v2\/pages\/24998","targetHints":{"allow":["GET"]}}],"collection":[{"href":"https:\/\/site.utm.ro\/en\/wp-json\/wp\/v2\/pages"}],"about":[{"href":"https:\/\/site.utm.ro\/en\/wp-json\/wp\/v2\/types\/page"}],"author":[{"embeddable":true,"href":"https:\/\/site.utm.ro\/en\/wp-json\/wp\/v2\/users\/1"}],"replies":[{"embeddable":true,"href":"https:\/\/site.utm.ro\/en\/wp-json\/wp\/v2\/comments?post=24998"}],"version-history":[{"count":0,"href":"https:\/\/site.utm.ro\/en\/wp-json\/wp\/v2\/pages\/24998\/revisions"}],"wp:attachment":[{"href":"https:\/\/site.utm.ro\/en\/wp-json\/wp\/v2\/media?parent=24998"}],"curies":[{"name":"wp","href":"https:\/\/api.w.org\/{rel}","templated":true}]}}